{"id":15427,"date":"2017-11-09T13:51:16","date_gmt":"2017-11-09T12:51:16","guid":{"rendered":"http:\/\/tourtravelandmore.com\/es\/tours\/uncategorized\/half-day-private-4-hour-city-tour-porto\/"},"modified":"2023-11-27T10:43:22","modified_gmt":"2023-11-27T09:43:22","slug":"tour-privado-oporto-4-horas","status":"publish","type":"product","link":"https:\/\/tourtravelandmore.com\/es\/tours\/portugal-es\/oporto-es\/tour-privado-oporto-4-horas\/","title":{"rendered":"Visita privada de medio d\u00eda a Oporto"},"content":{"rendered":"<h2><b>Descripci\u00f3n de la Visita Privada de Medio D\u00eda a Oporto<\/b><\/h2>\n<p><span style=\"font-weight: 400;\">Sum\u00e9rjase en el esplendor de Oporto, una ciudad donde la historia fluye tan v\u00edvidamente como el r\u00edo Duero que la abraza. Nuestro Tour Privado de Medio D\u00eda de Oporto est\u00e1 meticulosamente dise\u00f1ado para ofrecerle un encuentro \u00edntimo con el alma de la ciudad, combinando la experiencia de un gu\u00eda local con la comodidad de un veh\u00edculo privado de lujo.<\/span><\/p>\n<p><span style=\"font-weight: 400;\">Desde el momento en que nuestro gu\u00eda y conductor le reciben en el lugar elegido, ya sea su hotel o un punto c\u00e9ntrico de Oporto, comienza su viaje al coraz\u00f3n de esta ciudad declarada Patrimonio de la Humanidad por la UNESCO. Este tour de 4 horas se adapta a sus intereses, garantizando una experiencia a medida que desvela tanto las joyas ocultas de Oporto como sus famosos monumentos.<\/span><\/p>\n<p><span style=\"font-weight: 400;\">Con Tour Travel and More, todos los aspectos de su visita son ajustables, desde el itinerario hasta la duraci\u00f3n, garantizando que su estancia en Oporto sea tan enriquecedora como agradable. Si usted es un aficionado a la historia, un amante del arte, o simplemente en busca de absorber la cultura local, nuestro equipo de expertos se dedica a la elaboraci\u00f3n de la experiencia perfecta de Oporto para usted.<\/span><\/p>\n<p><span style=\"font-weight: 400;\">Al recorrer las encantadoras calles de Oporto, cada paso es un paseo por el tiempo. La hist\u00f3rica arquitectura de la ciudad, desde el Barroco hasta la modernidad, se despliega a su alrededor, revelando capas de historia y cultura. Junto a su experto gu\u00eda, profundizar\u00e1 en las historias que se esconden tras los famosos azulejos de la ciudad, que decoran muchos de los edificios, creando un vibrante tapiz de arte e historia. Las explicaciones de su gu\u00eda le har\u00e1n revivir las historias de personajes ilustres que dieron forma a Oporto, desde el pr\u00edncipe Enrique el Navegante hasta artistas locales contempor\u00e1neos. Este tour no es s\u00f3lo una experiencia tur\u00edstica; es una inmersi\u00f3n en el coraz\u00f3n mismo de Oporto, donde cada rinc\u00f3n ofrece un nuevo descubrimiento, y cada momento es una oportunidad para conectar m\u00e1s profundamente con esta extraordinaria ciudad.<\/span><\/p>\n<h2><b>Lo m\u00e1s destacado de la visita privada de medio d\u00eda a Oporto<\/b><\/h2>\n<ul>\n<li style=\"font-weight: 400;\" aria-level=\"1\"><b>Caf\u00e9 Majestic:<\/b><span style=\"font-weight: 400;\"> Ad\u00e9ntrese en un mundo de elegancia en uno de los caf\u00e9s m\u00e1s hist\u00f3ricos de Oporto, donde se conserva el ambiente de principios del siglo XX. Es m\u00e1s que una parada para tomar caf\u00e9; es donde convergen la historia y la cultura.<\/span><\/li>\n<li style=\"font-weight: 400;\" aria-level=\"1\"><b>Mercado de Bolhao:<\/b><span style=\"font-weight: 400;\"> Explore los vibrantes colores y el animado ambiente de este mercado tradicional, fiel reflejo de la vida local de Oporto. Aqu\u00ed podr\u00e1 interactuar con amables vendedores y quiz\u00e1s degustar algunas de las delicias culinarias de Oporto.<\/span><\/li>\n<li style=\"font-weight: 400;\" aria-level=\"1\"><b>Iglesias hist\u00f3ricas:<\/b><span style=\"font-weight: 400;\"> Visite la majestuosa Capela das Almas, la Igreja do Carmo y la Igreja dos Carmelitas, cada una de ellas adornada con intrincados azulejos y cada una contando una historia diferente del patrimonio religioso de Oporto.<\/span><\/li>\n<li style=\"font-weight: 400;\" aria-level=\"1\"><b>Miradouro da Vit\u00f3ria:<\/b><span style=\"font-weight: 400;\"> Con una de las mejores vistas de Oporto, este lugar es perfecto para hacer fotos panor\u00e1micas de la ciudad, la Ribeira y el emblem\u00e1tico puente Dom Luis I.<\/span><\/li>\n<li style=\"font-weight: 400;\" aria-level=\"1\"><b>Librer\u00eda Lello &amp; Irmao: <\/b><span style=\"font-weight: 400;\">Reconocida como una de las librer\u00edas m\u00e1s bonitas del mundo, Lello &amp; Irmao es una maravilla del dise\u00f1o art nouveau. Es un para\u00edso para los amantes de los libros y una fuente de inspiraci\u00f3n para artistas y escritores de todo el mundo.<\/span><\/li>\n<li style=\"font-weight: 400;\" aria-level=\"1\"><b>Barrio de Ribeira y r\u00edo Duero: <\/b><span style=\"font-weight: 400;\">Concluya su visita con un paseo por la Ribeira, absorbiendo el animado ambiente junto al r\u00edo Duero. Esta zona es perfecta para conocer el famoso vino de Oporto y la exquisita gastronom\u00eda local.<\/span><\/li>\n<li style=\"font-weight: 400;\" aria-level=\"1\"><b>Torre de los Cl\u00e9rigos:<\/b><span style=\"font-weight: 400;\"> La Torre de los Cl\u00e9rigos, uno de los monumentos m\u00e1s emblem\u00e1ticos de Oporto, ofrece una vista incomparable de la ciudad. Subir sus estrechos escalones conduce a una vista impresionante, por lo que es una visita obligada para aquellos que buscan capturar la esencia de Oporto desde arriba.<\/span><\/li>\n<li style=\"font-weight: 400;\" aria-level=\"1\"><b>Palacio da Bolsa:<\/b><span style=\"font-weight: 400;\"> El Palacio de la Bolsa, una maravilla neocl\u00e1sica, se erige como s\u00edmbolo de la historia econ\u00f3mica de Oporto. Sus interiores ornamentados, especialmente la Sala \u00c1rabe, son un testimonio del rico patrimonio arquitect\u00f3nico y cultural de la ciudad.<\/span><\/li>\n<li style=\"font-weight: 400;\" aria-level=\"1\"><b>Estaci\u00f3n de Sao Bento:<\/b><span style=\"font-weight: 400;\"> Conocida por sus impresionantes paneles de azulejo que representan escenas hist\u00f3ricas y culturales de Portugal, Sao Bento es m\u00e1s que un centro de transporte: es una galer\u00eda de arte e historia portuguesas que invita a los viajeros a detenerse y admirar.<\/span><\/li>\n<\/ul>\n<h3><b>Personalice su experiencia en Oporto<\/b><\/h3>\n<p><span style=\"font-weight: 400;\">En Tour Travel and More, nos especializamos en crear experiencias de viaje \u00fanicas y personalizadas.<\/span><a href=\"https:\/\/tourtravelandmore.com\/es\/ciudad\/portugal-es\/oporto-es\/\"><span style=\"font-weight: 400;\"> Si est\u00e1 interesado en explorar la escena culinaria de Oporto, <\/span><\/a><span style=\"font-weight: 400;\">profundizar en su arte y arquitectura, o simplemente empaparse del ambiente local, estamos aqu\u00ed para hacerlo realidad. Visite nuestro sitio web en Tour Travel and More para explorar nuestra amplia gama de tours privados y empezar a planear su inolvidable viaje a Oporto.<\/span><\/p>\n","protected":false},"excerpt":{"rendered":"<p><span style=\"font-weight: 400;\">Emb\u00e1rquese en una excursi\u00f3n privada de medio d\u00eda de 4 horas por Oporto y descubra la rica historia y la vibrante cultura de la ciudad. Con un gu\u00eda privado y un veh\u00edculo de lujo, explore lugares emblem\u00e1ticos como el Caf\u00e9 Majestic, el mercado de Bolhao, la librer\u00eda Lello &amp; Irmao y el pintoresco barrio de Ribeira. Adapte su viaje a sus intereses para vivir una experiencia inolvidable en Oporto.<\/span><\/p>\n","protected":false},"featured_media":15419,"comment_status":"open","ping_status":"closed","template":"","meta":{"_acf_changed":false},"product_brand":[],"product_cat":[624,633,635],"product_tag":[],"class_list":{"0":"post-15427","1":"product","2":"type-product","3":"status-publish","4":"has-post-thumbnail","6":"product_cat-oporto-es","7":"product_cat-oporto-actividades-es","8":"product_cat-oporto-rutas-turisticas-privadas-es","10":"first","11":"instock","12":"shipping-taxable","13":"purchasable","14":"product-type-simple"},"acf":[],"yoast_head":"<!-- This site is optimized with the Yoast SEO Premium plugin v25.3.1 (Yoast SEO v25.3.1) - https:\/\/yoast.com\/wordpress\/plugins\/seo\/ -->\n<title>\u27a1\ufe0f Descubra la rica cultura de Oporto con nuestro tour privado de medio d\u00eda \u2705<\/title>\n<meta name=\"description\" content=\"Sum\u00e9rjase en el encanto hist\u00f3rico de Oporto con una excursi\u00f3n privada de medio d\u00eda. Explore lugares emblem\u00e1ticos, disfrute de los sabores locales y obtenga informaci\u00f3n de un gu\u00eda experto. \u00a1Reserve ahora! \u2705\" \/>\n<meta name=\"robots\" content=\"index, follow, max-snippet:-1, max-image-preview:large, max-video-preview:-1\" \/>\n<link rel=\"canonical\" href=\"https:\/\/tourtravelandmore.com\/es\/tours\/portugal-es\/oporto-es\/tour-privado-oporto-4-horas\/\" \/>\n<meta property=\"og:locale\" content=\"es_ES\" \/>\n<meta property=\"og:type\" content=\"article\" \/>\n<meta property=\"og:title\" content=\"Visita privada de medio d\u00eda a Oporto\" \/>\n<meta property=\"og:description\" content=\"Sum\u00e9rjase en el encanto hist\u00f3rico de Oporto con una excursi\u00f3n privada de medio d\u00eda. Explore lugares emblem\u00e1ticos, disfrute de los sabores locales y obtenga informaci\u00f3n de un gu\u00eda experto. \u00a1Reserve ahora! \u2705\" \/>\n<meta property=\"og:url\" content=\"https:\/\/tourtravelandmore.com\/es\/tours\/portugal-es\/oporto-es\/tour-privado-oporto-4-horas\/\" \/>\n<meta property=\"og:site_name\" content=\"Tour Travel And More\" \/>\n<meta property=\"article:publisher\" content=\"https:\/\/www.facebook.com\/tourtravelandmore\/\" \/>\n<meta property=\"article:modified_time\" content=\"2023-11-27T09:43:22+00:00\" \/>\n<meta property=\"og:image\" content=\"https:\/\/tourtravelandmore.com\/wp-content\/uploads\/2017\/11\/porto-1.jpg\" \/>\n\t<meta property=\"og:image:width\" content=\"1314\" \/>\n\t<meta property=\"og:image:height\" content=\"600\" \/>\n\t<meta property=\"og:image:type\" content=\"image\/jpeg\" \/>\n<meta name=\"twitter:card\" content=\"summary_large_image\" \/>\n<meta name=\"twitter:site\" content=\"@TourTravel_More\" \/>\n<meta name=\"twitter:label1\" content=\"Tiempo de lectura\" \/>\n\t<meta name=\"twitter:data1\" content=\"4 minutos\" \/>\n<script type=\"application\/ld+json\" class=\"yoast-schema-graph\">{\"@context\":\"https:\/\/schema.org\",\"@graph\":[{\"@type\":\"WebPage\",\"@id\":\"https:\/\/tourtravelandmore.com\/es\/tours\/portugal-es\/oporto-es\/tour-privado-oporto-4-horas\/\",\"url\":\"https:\/\/tourtravelandmore.com\/es\/tours\/portugal-es\/oporto-es\/tour-privado-oporto-4-horas\/\",\"name\":\"\u27a1\ufe0f Descubra la rica cultura de Oporto con nuestro tour privado de medio d\u00eda \u2705\",\"isPartOf\":{\"@id\":\"https:\/\/tourtravelandmore.com\/es\/#website\"},\"primaryImageOfPage\":{\"@id\":\"https:\/\/tourtravelandmore.com\/es\/tours\/portugal-es\/oporto-es\/tour-privado-oporto-4-horas\/#primaryimage\"},\"image\":{\"@id\":\"https:\/\/tourtravelandmore.com\/es\/tours\/portugal-es\/oporto-es\/tour-privado-oporto-4-horas\/#primaryimage\"},\"thumbnailUrl\":\"https:\/\/tourtravelandmore.com\/wp-content\/uploads\/2017\/11\/porto-1.jpg\",\"datePublished\":\"2017-11-09T12:51:16+00:00\",\"dateModified\":\"2023-11-27T09:43:22+00:00\",\"description\":\"Sum\u00e9rjase en el encanto hist\u00f3rico de Oporto con una excursi\u00f3n privada de medio d\u00eda. Explore lugares emblem\u00e1ticos, disfrute de los sabores locales y obtenga informaci\u00f3n de un gu\u00eda experto. \u00a1Reserve ahora! \u2705\",\"breadcrumb\":{\"@id\":\"https:\/\/tourtravelandmore.com\/es\/tours\/portugal-es\/oporto-es\/tour-privado-oporto-4-horas\/#breadcrumb\"},\"inLanguage\":\"es\",\"potentialAction\":[{\"@type\":\"ReadAction\",\"target\":[\"https:\/\/tourtravelandmore.com\/es\/tours\/portugal-es\/oporto-es\/tour-privado-oporto-4-horas\/\"]}]},{\"@type\":\"ImageObject\",\"inLanguage\":\"es\",\"@id\":\"https:\/\/tourtravelandmore.com\/es\/tours\/portugal-es\/oporto-es\/tour-privado-oporto-4-horas\/#primaryimage\",\"url\":\"https:\/\/tourtravelandmore.com\/wp-content\/uploads\/2017\/11\/porto-1.jpg\",\"contentUrl\":\"https:\/\/tourtravelandmore.com\/wp-content\/uploads\/2017\/11\/porto-1.jpg\",\"width\":1314,\"height\":600},{\"@type\":\"BreadcrumbList\",\"@id\":\"https:\/\/tourtravelandmore.com\/es\/tours\/portugal-es\/oporto-es\/tour-privado-oporto-4-horas\/#breadcrumb\",\"itemListElement\":[{\"@type\":\"ListItem\",\"position\":1,\"name\":\"Home\",\"item\":\"https:\/\/tourtravelandmore.com\/es\/\"},{\"@type\":\"ListItem\",\"position\":2,\"name\":\"Tours\",\"item\":\"https:\/\/tourtravelandmore.com\/es\/tours\/\"},{\"@type\":\"ListItem\",\"position\":3,\"name\":\"Visita privada de medio d\u00eda a Oporto\"}]},{\"@type\":\"WebSite\",\"@id\":\"https:\/\/tourtravelandmore.com\/es\/#website\",\"url\":\"https:\/\/tourtravelandmore.com\/es\/\",\"name\":\"Tour Travel And More\",\"description\":\"Private sightseeing tours and luxury transfers in Spain\",\"publisher\":{\"@id\":\"https:\/\/tourtravelandmore.com\/es\/#organization\"},\"potentialAction\":[{\"@type\":\"SearchAction\",\"target\":{\"@type\":\"EntryPoint\",\"urlTemplate\":\"https:\/\/tourtravelandmore.com\/es\/?s={search_term_string}\"},\"query-input\":{\"@type\":\"PropertyValueSpecification\",\"valueRequired\":true,\"valueName\":\"search_term_string\"}}],\"inLanguage\":\"es\"},{\"@type\":\"Organization\",\"@id\":\"https:\/\/tourtravelandmore.com\/es\/#organization\",\"name\":\"Tour Travel And More\",\"url\":\"https:\/\/tourtravelandmore.com\/es\/\",\"logo\":{\"@type\":\"ImageObject\",\"inLanguage\":\"es\",\"@id\":\"https:\/\/tourtravelandmore.com\/es\/#\/schema\/logo\/image\/\",\"url\":\"https:\/\/tourtravelandmore.com\/wp-content\/uploads\/2022\/12\/cropped-logo-cabecera-new.png\",\"contentUrl\":\"https:\/\/tourtravelandmore.com\/wp-content\/uploads\/2022\/12\/cropped-logo-cabecera-new.png\",\"width\":430,\"height\":61,\"caption\":\"Tour Travel And More\"},\"image\":{\"@id\":\"https:\/\/tourtravelandmore.com\/es\/#\/schema\/logo\/image\/\"},\"sameAs\":[\"https:\/\/www.facebook.com\/tourtravelandmore\/\",\"https:\/\/x.com\/TourTravel_More\"]}]}<\/script>\n<!-- \/ Yoast SEO Premium plugin. -->","yoast_head_json":{"title":"\u27a1\ufe0f Descubra la rica cultura de Oporto con nuestro tour privado de medio d\u00eda \u2705","description":"Sum\u00e9rjase en el encanto hist\u00f3rico de Oporto con una excursi\u00f3n privada de medio d\u00eda. Explore lugares emblem\u00e1ticos, disfrute de los sabores locales y obtenga informaci\u00f3n de un gu\u00eda experto. \u00a1Reserve ahora! \u2705","robots":{"index":"index","follow":"follow","max-snippet":"max-snippet:-1","max-image-preview":"max-image-preview:large","max-video-preview":"max-video-preview:-1"},"canonical":"https:\/\/tourtravelandmore.com\/es\/tours\/portugal-es\/oporto-es\/tour-privado-oporto-4-horas\/","og_locale":"es_ES","og_type":"article","og_title":"Visita privada de medio d\u00eda a Oporto","og_description":"Sum\u00e9rjase en el encanto hist\u00f3rico de Oporto con una excursi\u00f3n privada de medio d\u00eda. Explore lugares emblem\u00e1ticos, disfrute de los sabores locales y obtenga informaci\u00f3n de un gu\u00eda experto. \u00a1Reserve ahora! \u2705","og_url":"https:\/\/tourtravelandmore.com\/es\/tours\/portugal-es\/oporto-es\/tour-privado-oporto-4-horas\/","og_site_name":"Tour Travel And More","article_publisher":"https:\/\/www.facebook.com\/tourtravelandmore\/","article_modified_time":"2023-11-27T09:43:22+00:00","og_image":[{"width":1314,"height":600,"url":"https:\/\/tourtravelandmore.com\/wp-content\/uploads\/2017\/11\/porto-1.jpg","type":"image\/jpeg"}],"twitter_card":"summary_large_image","twitter_site":"@TourTravel_More","twitter_misc":{"Tiempo de lectura":"4 minutos"},"schema":{"@context":"https:\/\/schema.org","@graph":[{"@type":"WebPage","@id":"https:\/\/tourtravelandmore.com\/es\/tours\/portugal-es\/oporto-es\/tour-privado-oporto-4-horas\/","url":"https:\/\/tourtravelandmore.com\/es\/tours\/portugal-es\/oporto-es\/tour-privado-oporto-4-horas\/","name":"\u27a1\ufe0f Descubra la rica cultura de Oporto con nuestro tour privado de medio d\u00eda \u2705","isPartOf":{"@id":"https:\/\/tourtravelandmore.com\/es\/#website"},"primaryImageOfPage":{"@id":"https:\/\/tourtravelandmore.com\/es\/tours\/portugal-es\/oporto-es\/tour-privado-oporto-4-horas\/#primaryimage"},"image":{"@id":"https:\/\/tourtravelandmore.com\/es\/tours\/portugal-es\/oporto-es\/tour-privado-oporto-4-horas\/#primaryimage"},"thumbnailUrl":"https:\/\/tourtravelandmore.com\/wp-content\/uploads\/2017\/11\/porto-1.jpg","datePublished":"2017-11-09T12:51:16+00:00","dateModified":"2023-11-27T09:43:22+00:00","description":"Sum\u00e9rjase en el encanto hist\u00f3rico de Oporto con una excursi\u00f3n privada de medio d\u00eda. Explore lugares emblem\u00e1ticos, disfrute de los sabores locales y obtenga informaci\u00f3n de un gu\u00eda experto. \u00a1Reserve ahora! \u2705","breadcrumb":{"@id":"https:\/\/tourtravelandmore.com\/es\/tours\/portugal-es\/oporto-es\/tour-privado-oporto-4-horas\/#breadcrumb"},"inLanguage":"es","potentialAction":[{"@type":"ReadAction","target":["https:\/\/tourtravelandmore.com\/es\/tours\/portugal-es\/oporto-es\/tour-privado-oporto-4-horas\/"]}]},{"@type":"ImageObject","inLanguage":"es","@id":"https:\/\/tourtravelandmore.com\/es\/tours\/portugal-es\/oporto-es\/tour-privado-oporto-4-horas\/#primaryimage","url":"https:\/\/tourtravelandmore.com\/wp-content\/uploads\/2017\/11\/porto-1.jpg","contentUrl":"https:\/\/tourtravelandmore.com\/wp-content\/uploads\/2017\/11\/porto-1.jpg","width":1314,"height":600},{"@type":"BreadcrumbList","@id":"https:\/\/tourtravelandmore.com\/es\/tours\/portugal-es\/oporto-es\/tour-privado-oporto-4-horas\/#breadcrumb","itemListElement":[{"@type":"ListItem","position":1,"name":"Home","item":"https:\/\/tourtravelandmore.com\/es\/"},{"@type":"ListItem","position":2,"name":"Tours","item":"https:\/\/tourtravelandmore.com\/es\/tours\/"},{"@type":"ListItem","position":3,"name":"Visita privada de medio d\u00eda a Oporto"}]},{"@type":"WebSite","@id":"https:\/\/tourtravelandmore.com\/es\/#website","url":"https:\/\/tourtravelandmore.com\/es\/","name":"Tour Travel And More","description":"Private sightseeing tours and luxury transfers in Spain","publisher":{"@id":"https:\/\/tourtravelandmore.com\/es\/#organization"},"potentialAction":[{"@type":"SearchAction","target":{"@type":"EntryPoint","urlTemplate":"https:\/\/tourtravelandmore.com\/es\/?s={search_term_string}"},"query-input":{"@type":"PropertyValueSpecification","valueRequired":true,"valueName":"search_term_string"}}],"inLanguage":"es"},{"@type":"Organization","@id":"https:\/\/tourtravelandmore.com\/es\/#organization","name":"Tour Travel And More","url":"https:\/\/tourtravelandmore.com\/es\/","logo":{"@type":"ImageObject","inLanguage":"es","@id":"https:\/\/tourtravelandmore.com\/es\/#\/schema\/logo\/image\/","url":"https:\/\/tourtravelandmore.com\/wp-content\/uploads\/2022\/12\/cropped-logo-cabecera-new.png","contentUrl":"https:\/\/tourtravelandmore.com\/wp-content\/uploads\/2022\/12\/cropped-logo-cabecera-new.png","width":430,"height":61,"caption":"Tour Travel And More"},"image":{"@id":"https:\/\/tourtravelandmore.com\/es\/#\/schema\/logo\/image\/"},"sameAs":["https:\/\/www.facebook.com\/tourtravelandmore\/","https:\/\/x.com\/TourTravel_More"]}]}},"_links":{"self":[{"href":"https:\/\/tourtravelandmore.com\/es\/wp-json\/wp\/v2\/product\/15427","targetHints":{"allow":["GET"]}}],"collection":[{"href":"https:\/\/tourtravelandmore.com\/es\/wp-json\/wp\/v2\/product"}],"about":[{"href":"https:\/\/tourtravelandmore.com\/es\/wp-json\/wp\/v2\/types\/product"}],"replies":[{"embeddable":true,"href":"https:\/\/tourtravelandmore.com\/es\/wp-json\/wp\/v2\/comments?post=15427"}],"wp:featuredmedia":[{"embeddable":true,"href":"https:\/\/tourtravelandmore.com\/es\/wp-json\/wp\/v2\/media\/15419"}],"wp:attachment":[{"href":"https:\/\/tourtravelandmore.com\/es\/wp-json\/wp\/v2\/media?parent=15427"}],"wp:term":[{"taxonomy":"product_brand","embeddable":true,"href":"https:\/\/tourtravelandmore.com\/es\/wp-json\/wp\/v2\/product_brand?post=15427"},{"taxonomy":"product_cat","embeddable":true,"href":"https:\/\/tourtravelandmore.com\/es\/wp-json\/wp\/v2\/product_cat?post=15427"},{"taxonomy":"product_tag","embeddable":true,"href":"https:\/\/tourtravelandmore.com\/es\/wp-json\/wp\/v2\/product_tag?post=15427"}],"curies":[{"name":"wp","href":"https:\/\/api.w.org\/{rel}","templated":true}]}}