{"id":154120,"date":"2023-02-22T17:30:20","date_gmt":"2023-02-22T16:30:24","guid":{"rendered":"https:\/\/tourtravelandmore.com\/?post_type=product&#038;p=154120"},"modified":"2024-08-06T17:03:36","modified_gmt":"2024-08-06T15:03:36","slug":"tour-privado-a-versailles-desde-paris-en-tren","status":"publish","type":"product","link":"https:\/\/tourtravelandmore.com\/es\/tours\/francia\/paris-es\/tour-privado-a-versailles-desde-paris-en-tren\/","title":{"rendered":"Tour privado a Versailles desde Par\u00eds en tren"},"content":{"rendered":"<h2><strong>Descripci\u00f3n del Tour privado a Versailles desde Par\u00eds en tren<\/strong><\/h2>\n<p>La visita al <strong>Palacio<\/strong> de <strong>Versailles<\/strong> es una de las m\u00e1s populares desde Par\u00eds. Este sitio hist\u00f3rico fue la residencia real francesa desde 1682 hasta <strong>1789.<\/strong> A partir del <strong>Siglo 19<\/strong> es utilizado como museo. Incluyendo los <strong>jardines<\/strong> y los <strong>Palacios<\/strong> de <strong>Trianon<\/strong> el parque se extiende por m\u00e1s de <strong>800<\/strong> hect\u00e1reas. Visita y descubre este magn\u00edfico sitio hist\u00f3rico con nuestro tour privado a Versalles en espa\u00f1ol.<\/p>\n<p><span style=\"font-weight: 400;\">Su gu\u00eda oficial privado le recoger\u00e1n en su sitio deseado en Par\u00eds. A continuaci\u00f3n ir\u00e1n hacia la estaci\u00f3n de trenes para luego ir a <strong>Versalles.<\/strong> Podemos coordinar la visita a Versalles con un city tour de la ciudad si lo desea.<\/span><\/p>\n<p><span style=\"font-weight: 400;\">Todos nuestros tours son privados y organizados a medida. Cont\u00e1ctenos y uno de nuestros expertos se pondr\u00e1 en contacto con usted para organizar una experiencia privada a medida.<\/span><\/p>\n<h2><strong>Puntos de inter\u00e9s en el Tour privado a Versailles desde Par\u00eds<\/strong><\/h2>\n<p>El <a href=\"http:\/\/en.chateauversailles.fr\/\"><em><strong>Palacio y Jardines de Versalles<\/strong><\/em><\/a> es uno de los Patrimonios de la Humanidad m\u00e1s famosos del mundo. Su arquitectura detalla el estilo de los Siglos XVII y XVIII. El Parque est\u00e1 decorado con estatuas, fuentes y edificaciones espectaculares como el Grand Trianon y el Petit Trianon, el Templo del Amor. Durante su tour explorar\u00e1 este sitio hist\u00f3rico junto a su <strong>gu\u00eda oficial privado<\/strong>. Nuestros gu\u00edas son expertos en la historia y arte del Palacio de Versalles.<\/p>\n<p>Descubrir\u00e1n la historia de este magn\u00edfico sitio hist\u00f3rico junto a su gu\u00eda privado.<\/p>\n<ul>\n<li style=\"font-weight: 400;\"><em><strong>Capilla del Palacio de Versalles: Considerada como una de las joyas del Palacio, esta fue la \u00faltima edificaci\u00f3n de Lu\u00eds XIV y su legado espiritual.<\/strong><\/em><\/li>\n<li style=\"font-weight: 400;\"><em><strong>Grandes Apartamentos del Rey: Compuesto por paneles de m\u00e1rmol y techos pintados, este grupo de 7 habitaciones era utilizado para recepci\u00f3n en actos p\u00fablicos.<\/strong><\/em>\n<ul>\n<li style=\"font-weight: 400;\"><em><strong>El sal\u00f3n de la abundancia<\/strong><\/em><\/li>\n<li style=\"font-weight: 400;\"><em><strong>El Sal\u00f3n de Venus<\/strong><\/em><\/li>\n<li style=\"font-weight: 400;\"><em><strong>El Sal\u00f3n de Diane<\/strong><\/em><\/li>\n<li style=\"font-weight: 400;\"><em><strong>El Sal\u00f3n de Marte<\/strong><\/em><\/li>\n<li style=\"font-weight: 400;\"><em><strong>El Sal\u00f3n de Mercurio<\/strong><\/em><\/li>\n<li style=\"font-weight: 400;\"><em><strong>El Sal\u00f3n de Apolo<\/strong><\/em><\/li>\n<li style=\"font-weight: 400;\"><em><strong>La demostraci\u00f3n de la guerra<\/strong><\/em><\/li>\n<\/ul>\n<\/li>\n<li style=\"font-weight: 400;\"><em><strong>La Galer\u00eda de los espejos (La Grande Galerie des Glaces): El sitio m\u00e1s famoso del Palacio, su edificaci\u00f3n comenz\u00f3 en 1678 y fue culminada en 1684.<\/strong><\/em><\/li>\n<li style=\"font-weight: 400;\"><em><strong>Sal\u00f3n de la guerra: Este sal\u00f3n refleja las victorias de Francia durante la guerra de los Pa\u00edses Bajos.<\/strong><\/em><\/li>\n<li style=\"font-weight: 400;\"><em><strong>Grandes Apartamentos de la Reina: Conjunto de habitaciones reservado para exclusiva utilizaci\u00f3n de la reina.<\/strong><\/em>\n<ul>\n<li style=\"font-weight: 400;\"><em><strong>Habitaci\u00f3n del gu\u00eda<\/strong><\/em><\/li>\n<li style=\"font-weight: 400;\"><em><strong>Sal\u00f3n de los Nobles<\/strong><\/em><\/li>\n<li style=\"font-weight: 400;\"><em><strong>Habitaci\u00f3n de la Reina<\/strong><\/em><\/li>\n<\/ul>\n<\/li>\n<li style=\"font-weight: 400;\"><em><strong>Sal\u00f3n de la paz: Al igual que el sal\u00f3n de la guerra, est\u00e1 decorado con m\u00e1rmol. Fue edificado para rememorar la paz tra\u00edda por Francia en Europa.<\/strong><\/em><\/li>\n<li style=\"font-weight: 400;\"><em><strong>Sal\u00f3n de la historia francesa<\/strong><\/em><\/li>\n<li style=\"font-weight: 400;\"><em><strong>Sal\u00f3n de las batallas<\/strong><\/em><\/li>\n<li><em><strong>Jardines de Versalles: Dise\u00f1ados por Le N\u00f4tre entre 1661 y 1700, los jardines de Versalles son toda una referencia internacional.<\/strong><\/em><\/li>\n<\/ul>\n<p><span style=\"font-weight: 400;\">Las entradas sin fila a Versalles est\u00e1n incluidas en el precio del tour. Al finalizar el tour su chofer y gu\u00eda le llevar\u00e1n a su sitio deseado en Par\u00eds.<\/span><\/p>\n<p><span style=\"font-weight: 400;\">Nuestro tour a Versalles desde Par\u00eds en tren es privado y organizado a medida. Cont\u00e1ctenos para m\u00e1s informaci\u00f3n, nuestro equipo de expertos le responder\u00e1 a la brevedad.<\/span><\/p>\n<p>Itinerario, duraci\u00f3n y horario de comienzo son adaptables a su deseo. No dude en contactarnos para coordinar su experiencia a medida desde Par\u00eds.<\/p>\n","protected":false},"excerpt":{"rendered":"<p>Visita Versalles, uno de los palacios y jardines m\u00e1s emblem\u00e1ticos de Europa, junto a un gu\u00eda oficial privado en espa\u00f1ol. Su chofer privado le recoger\u00e1 en su sitio deseado en Par\u00eds para dar comienzo a su tour privado. Entradas sin fila al monumentos incluidas en su tour!<\/p>\n","protected":false},"featured_media":154140,"comment_status":"open","ping_status":"closed","template":"","meta":{"_acf_changed":false},"product_brand":[],"product_cat":[834,848,849,850,851],"product_tag":[],"class_list":{"0":"post-154120","1":"product","2":"type-product","3":"status-publish","4":"has-post-thumbnail","6":"product_cat-paris-es","7":"product_cat-paris-top-ventas-es","8":"product_cat-paris-actividades-es","9":"product_cat-paris-rutas-turisticas-privadas-es","10":"product_cat-paris-excursiones-es","12":"first","13":"instock","14":"shipping-taxable","15":"purchasable","16":"product-type-simple"},"acf":[],"yoast_head":"<!-- This site is optimized with the Yoast SEO Premium plugin v25.3.1 (Yoast SEO v25.3.1) - https:\/\/yoast.com\/wordpress\/plugins\/seo\/ -->\n<title>\u27a1\ufe0f Tour Privado 5 horas a Versalles desde Par\u00eds en tren | Tour Travel &amp; More<\/title>\n<meta name=\"description\" content=\"Visita Versalles, uno de los palacios y jardines m\u00e1s emblem\u00e1ticos de Europa, junto a un gu\u00eda oficial privado en espa\u00f1ol. Recogida desde su hotel en Par\u00eds \u2705\" \/>\n<meta name=\"robots\" content=\"index, follow, max-snippet:-1, max-image-preview:large, max-video-preview:-1\" \/>\n<link rel=\"canonical\" href=\"https:\/\/tourtravelandmore.com\/es\/tours\/francia\/paris-es\/tour-privado-a-versailles-desde-paris-en-tren\/\" \/>\n<meta property=\"og:locale\" content=\"es_ES\" \/>\n<meta property=\"og:type\" content=\"article\" \/>\n<meta property=\"og:title\" content=\"Tour privado a Versailles desde Par\u00eds en tren\" \/>\n<meta property=\"og:description\" content=\"Visita Versalles, uno de los palacios y jardines m\u00e1s emblem\u00e1ticos de Europa, junto a un gu\u00eda oficial privado en espa\u00f1ol. Recogida desde su hotel en Par\u00eds \u2705\" \/>\n<meta property=\"og:url\" content=\"https:\/\/tourtravelandmore.com\/es\/tours\/francia\/paris-es\/tour-privado-a-versailles-desde-paris-en-tren\/\" \/>\n<meta property=\"og:site_name\" content=\"Tour Travel And More\" \/>\n<meta property=\"article:publisher\" content=\"https:\/\/www.facebook.com\/tourtravelandmore\/\" \/>\n<meta property=\"article:modified_time\" content=\"2024-08-06T15:03:36+00:00\" \/>\n<meta property=\"og:image\" content=\"https:\/\/tourtravelandmore.com\/wp-content\/uploads\/2023\/02\/pexels-carloscruz-artegrafia-11097891-scaled.jpg\" \/>\n\t<meta property=\"og:image:width\" content=\"2560\" \/>\n\t<meta property=\"og:image:height\" content=\"1702\" \/>\n\t<meta property=\"og:image:type\" content=\"image\/jpeg\" \/>\n<meta name=\"twitter:card\" content=\"summary_large_image\" \/>\n<meta name=\"twitter:site\" content=\"@TourTravel_More\" \/>\n<meta name=\"twitter:label1\" content=\"Tiempo de lectura\" \/>\n\t<meta name=\"twitter:data1\" content=\"3 minutos\" \/>\n<script type=\"application\/ld+json\" class=\"yoast-schema-graph\">{\"@context\":\"https:\/\/schema.org\",\"@graph\":[{\"@type\":\"WebPage\",\"@id\":\"https:\/\/tourtravelandmore.com\/es\/tours\/francia\/paris-es\/tour-privado-a-versailles-desde-paris-en-tren\/\",\"url\":\"https:\/\/tourtravelandmore.com\/es\/tours\/francia\/paris-es\/tour-privado-a-versailles-desde-paris-en-tren\/\",\"name\":\"\u27a1\ufe0f Tour Privado 5 horas a Versalles desde Par\u00eds en tren | Tour Travel & More\",\"isPartOf\":{\"@id\":\"https:\/\/tourtravelandmore.com\/es\/#website\"},\"primaryImageOfPage\":{\"@id\":\"https:\/\/tourtravelandmore.com\/es\/tours\/francia\/paris-es\/tour-privado-a-versailles-desde-paris-en-tren\/#primaryimage\"},\"image\":{\"@id\":\"https:\/\/tourtravelandmore.com\/es\/tours\/francia\/paris-es\/tour-privado-a-versailles-desde-paris-en-tren\/#primaryimage\"},\"thumbnailUrl\":\"https:\/\/tourtravelandmore.com\/wp-content\/uploads\/2023\/02\/pexels-carloscruz-artegrafia-11097891-scaled.jpg\",\"datePublished\":\"2023-02-22T16:30:24+00:00\",\"dateModified\":\"2024-08-06T15:03:36+00:00\",\"description\":\"Visita Versalles, uno de los palacios y jardines m\u00e1s emblem\u00e1ticos de Europa, junto a un gu\u00eda oficial privado en espa\u00f1ol. Recogida desde su hotel en Par\u00eds \u2705\",\"breadcrumb\":{\"@id\":\"https:\/\/tourtravelandmore.com\/es\/tours\/francia\/paris-es\/tour-privado-a-versailles-desde-paris-en-tren\/#breadcrumb\"},\"inLanguage\":\"es\",\"potentialAction\":[{\"@type\":\"ReadAction\",\"target\":[\"https:\/\/tourtravelandmore.com\/es\/tours\/francia\/paris-es\/tour-privado-a-versailles-desde-paris-en-tren\/\"]}]},{\"@type\":\"ImageObject\",\"inLanguage\":\"es\",\"@id\":\"https:\/\/tourtravelandmore.com\/es\/tours\/francia\/paris-es\/tour-privado-a-versailles-desde-paris-en-tren\/#primaryimage\",\"url\":\"https:\/\/tourtravelandmore.com\/wp-content\/uploads\/2023\/02\/pexels-carloscruz-artegrafia-11097891-scaled.jpg\",\"contentUrl\":\"https:\/\/tourtravelandmore.com\/wp-content\/uploads\/2023\/02\/pexels-carloscruz-artegrafia-11097891-scaled.jpg\",\"width\":2560,\"height\":1702},{\"@type\":\"BreadcrumbList\",\"@id\":\"https:\/\/tourtravelandmore.com\/es\/tours\/francia\/paris-es\/tour-privado-a-versailles-desde-paris-en-tren\/#breadcrumb\",\"itemListElement\":[{\"@type\":\"ListItem\",\"position\":1,\"name\":\"Home\",\"item\":\"https:\/\/tourtravelandmore.com\/es\/\"},{\"@type\":\"ListItem\",\"position\":2,\"name\":\"Tours\",\"item\":\"https:\/\/tourtravelandmore.com\/es\/tours\/\"},{\"@type\":\"ListItem\",\"position\":3,\"name\":\"Tour privado a Versailles desde Par\u00eds en tren\"}]},{\"@type\":\"WebSite\",\"@id\":\"https:\/\/tourtravelandmore.com\/es\/#website\",\"url\":\"https:\/\/tourtravelandmore.com\/es\/\",\"name\":\"Tour Travel And More\",\"description\":\"Private sightseeing tours and luxury transfers in Spain\",\"publisher\":{\"@id\":\"https:\/\/tourtravelandmore.com\/es\/#organization\"},\"potentialAction\":[{\"@type\":\"SearchAction\",\"target\":{\"@type\":\"EntryPoint\",\"urlTemplate\":\"https:\/\/tourtravelandmore.com\/es\/?s={search_term_string}\"},\"query-input\":{\"@type\":\"PropertyValueSpecification\",\"valueRequired\":true,\"valueName\":\"search_term_string\"}}],\"inLanguage\":\"es\"},{\"@type\":\"Organization\",\"@id\":\"https:\/\/tourtravelandmore.com\/es\/#organization\",\"name\":\"Tour Travel And More\",\"url\":\"https:\/\/tourtravelandmore.com\/es\/\",\"logo\":{\"@type\":\"ImageObject\",\"inLanguage\":\"es\",\"@id\":\"https:\/\/tourtravelandmore.com\/es\/#\/schema\/logo\/image\/\",\"url\":\"https:\/\/tourtravelandmore.com\/wp-content\/uploads\/2022\/12\/cropped-logo-cabecera-new.png\",\"contentUrl\":\"https:\/\/tourtravelandmore.com\/wp-content\/uploads\/2022\/12\/cropped-logo-cabecera-new.png\",\"width\":430,\"height\":61,\"caption\":\"Tour Travel And More\"},\"image\":{\"@id\":\"https:\/\/tourtravelandmore.com\/es\/#\/schema\/logo\/image\/\"},\"sameAs\":[\"https:\/\/www.facebook.com\/tourtravelandmore\/\",\"https:\/\/x.com\/TourTravel_More\"]}]}<\/script>\n<!-- \/ Yoast SEO Premium plugin. -->","yoast_head_json":{"title":"\u27a1\ufe0f Tour Privado 5 horas a Versalles desde Par\u00eds en tren | Tour Travel & More","description":"Visita Versalles, uno de los palacios y jardines m\u00e1s emblem\u00e1ticos de Europa, junto a un gu\u00eda oficial privado en espa\u00f1ol. Recogida desde su hotel en Par\u00eds \u2705","robots":{"index":"index","follow":"follow","max-snippet":"max-snippet:-1","max-image-preview":"max-image-preview:large","max-video-preview":"max-video-preview:-1"},"canonical":"https:\/\/tourtravelandmore.com\/es\/tours\/francia\/paris-es\/tour-privado-a-versailles-desde-paris-en-tren\/","og_locale":"es_ES","og_type":"article","og_title":"Tour privado a Versailles desde Par\u00eds en tren","og_description":"Visita Versalles, uno de los palacios y jardines m\u00e1s emblem\u00e1ticos de Europa, junto a un gu\u00eda oficial privado en espa\u00f1ol. Recogida desde su hotel en Par\u00eds \u2705","og_url":"https:\/\/tourtravelandmore.com\/es\/tours\/francia\/paris-es\/tour-privado-a-versailles-desde-paris-en-tren\/","og_site_name":"Tour Travel And More","article_publisher":"https:\/\/www.facebook.com\/tourtravelandmore\/","article_modified_time":"2024-08-06T15:03:36+00:00","og_image":[{"width":2560,"height":1702,"url":"https:\/\/tourtravelandmore.com\/wp-content\/uploads\/2023\/02\/pexels-carloscruz-artegrafia-11097891-scaled.jpg","type":"image\/jpeg"}],"twitter_card":"summary_large_image","twitter_site":"@TourTravel_More","twitter_misc":{"Tiempo de lectura":"3 minutos"},"schema":{"@context":"https:\/\/schema.org","@graph":[{"@type":"WebPage","@id":"https:\/\/tourtravelandmore.com\/es\/tours\/francia\/paris-es\/tour-privado-a-versailles-desde-paris-en-tren\/","url":"https:\/\/tourtravelandmore.com\/es\/tours\/francia\/paris-es\/tour-privado-a-versailles-desde-paris-en-tren\/","name":"\u27a1\ufe0f Tour Privado 5 horas a Versalles desde Par\u00eds en tren | Tour Travel & More","isPartOf":{"@id":"https:\/\/tourtravelandmore.com\/es\/#website"},"primaryImageOfPage":{"@id":"https:\/\/tourtravelandmore.com\/es\/tours\/francia\/paris-es\/tour-privado-a-versailles-desde-paris-en-tren\/#primaryimage"},"image":{"@id":"https:\/\/tourtravelandmore.com\/es\/tours\/francia\/paris-es\/tour-privado-a-versailles-desde-paris-en-tren\/#primaryimage"},"thumbnailUrl":"https:\/\/tourtravelandmore.com\/wp-content\/uploads\/2023\/02\/pexels-carloscruz-artegrafia-11097891-scaled.jpg","datePublished":"2023-02-22T16:30:24+00:00","dateModified":"2024-08-06T15:03:36+00:00","description":"Visita Versalles, uno de los palacios y jardines m\u00e1s emblem\u00e1ticos de Europa, junto a un gu\u00eda oficial privado en espa\u00f1ol. Recogida desde su hotel en Par\u00eds \u2705","breadcrumb":{"@id":"https:\/\/tourtravelandmore.com\/es\/tours\/francia\/paris-es\/tour-privado-a-versailles-desde-paris-en-tren\/#breadcrumb"},"inLanguage":"es","potentialAction":[{"@type":"ReadAction","target":["https:\/\/tourtravelandmore.com\/es\/tours\/francia\/paris-es\/tour-privado-a-versailles-desde-paris-en-tren\/"]}]},{"@type":"ImageObject","inLanguage":"es","@id":"https:\/\/tourtravelandmore.com\/es\/tours\/francia\/paris-es\/tour-privado-a-versailles-desde-paris-en-tren\/#primaryimage","url":"https:\/\/tourtravelandmore.com\/wp-content\/uploads\/2023\/02\/pexels-carloscruz-artegrafia-11097891-scaled.jpg","contentUrl":"https:\/\/tourtravelandmore.com\/wp-content\/uploads\/2023\/02\/pexels-carloscruz-artegrafia-11097891-scaled.jpg","width":2560,"height":1702},{"@type":"BreadcrumbList","@id":"https:\/\/tourtravelandmore.com\/es\/tours\/francia\/paris-es\/tour-privado-a-versailles-desde-paris-en-tren\/#breadcrumb","itemListElement":[{"@type":"ListItem","position":1,"name":"Home","item":"https:\/\/tourtravelandmore.com\/es\/"},{"@type":"ListItem","position":2,"name":"Tours","item":"https:\/\/tourtravelandmore.com\/es\/tours\/"},{"@type":"ListItem","position":3,"name":"Tour privado a Versailles desde Par\u00eds en tren"}]},{"@type":"WebSite","@id":"https:\/\/tourtravelandmore.com\/es\/#website","url":"https:\/\/tourtravelandmore.com\/es\/","name":"Tour Travel And More","description":"Private sightseeing tours and luxury transfers in Spain","publisher":{"@id":"https:\/\/tourtravelandmore.com\/es\/#organization"},"potentialAction":[{"@type":"SearchAction","target":{"@type":"EntryPoint","urlTemplate":"https:\/\/tourtravelandmore.com\/es\/?s={search_term_string}"},"query-input":{"@type":"PropertyValueSpecification","valueRequired":true,"valueName":"search_term_string"}}],"inLanguage":"es"},{"@type":"Organization","@id":"https:\/\/tourtravelandmore.com\/es\/#organization","name":"Tour Travel And More","url":"https:\/\/tourtravelandmore.com\/es\/","logo":{"@type":"ImageObject","inLanguage":"es","@id":"https:\/\/tourtravelandmore.com\/es\/#\/schema\/logo\/image\/","url":"https:\/\/tourtravelandmore.com\/wp-content\/uploads\/2022\/12\/cropped-logo-cabecera-new.png","contentUrl":"https:\/\/tourtravelandmore.com\/wp-content\/uploads\/2022\/12\/cropped-logo-cabecera-new.png","width":430,"height":61,"caption":"Tour Travel And More"},"image":{"@id":"https:\/\/tourtravelandmore.com\/es\/#\/schema\/logo\/image\/"},"sameAs":["https:\/\/www.facebook.com\/tourtravelandmore\/","https:\/\/x.com\/TourTravel_More"]}]}},"_links":{"self":[{"href":"https:\/\/tourtravelandmore.com\/es\/wp-json\/wp\/v2\/product\/154120","targetHints":{"allow":["GET"]}}],"collection":[{"href":"https:\/\/tourtravelandmore.com\/es\/wp-json\/wp\/v2\/product"}],"about":[{"href":"https:\/\/tourtravelandmore.com\/es\/wp-json\/wp\/v2\/types\/product"}],"replies":[{"embeddable":true,"href":"https:\/\/tourtravelandmore.com\/es\/wp-json\/wp\/v2\/comments?post=154120"}],"wp:featuredmedia":[{"embeddable":true,"href":"https:\/\/tourtravelandmore.com\/es\/wp-json\/wp\/v2\/media\/154140"}],"wp:attachment":[{"href":"https:\/\/tourtravelandmore.com\/es\/wp-json\/wp\/v2\/media?parent=154120"}],"wp:term":[{"taxonomy":"product_brand","embeddable":true,"href":"https:\/\/tourtravelandmore.com\/es\/wp-json\/wp\/v2\/product_brand?post=154120"},{"taxonomy":"product_cat","embeddable":true,"href":"https:\/\/tourtravelandmore.com\/es\/wp-json\/wp\/v2\/product_cat?post=154120"},{"taxonomy":"product_tag","embeddable":true,"href":"https:\/\/tourtravelandmore.com\/es\/wp-json\/wp\/v2\/product_tag?post=154120"}],"curies":[{"name":"wp","href":"https:\/\/api.w.org\/{rel}","templated":true}]}}