{"id":15356,"date":"2017-11-08T17:39:24","date_gmt":"2017-11-08T16:36:46","guid":{"rendered":"http:\/\/tourtravelandmore.com\/es\/?post_type=product&#038;p=15356"},"modified":"2022-11-26T00:51:44","modified_gmt":"2022-11-25T23:51:44","slug":"tour-privado-pie-en-el-born-con-visita-al-museo-picasso-4-horas","status":"publish","type":"product","link":"https:\/\/tourtravelandmore.com\/es\/tours\/espana-es\/barcelona-es\/tour-privado-pie-en-el-born-con-visita-al-museo-picasso-4-horas\/","title":{"rendered":"Tour Museo Picasso y Borne &#8211; Tour Privado"},"content":{"rendered":"<h2><strong>Descripci\u00f3n del Tour Museo Picasso y Borne &#8211; Tour Privado<\/strong><\/h2>\n<p>El Punto de encuentro en el Tour privado del Museo Picasso y Borne es en las Taquillas del Museo Picasso (Incluida la entrada). Si su Hotel est\u00e1 cerca de la zona nuestro gu\u00eda puede pasar a recogerle y empezar desde ah\u00ed el Tour. Las entradas al museo est\u00e1n incluidas, y son entradas sin colas, entramos junto a nuestro gu\u00eda por una cola de acceso preferente.<\/p>\n<p>La duraci\u00f3n total del tour del Museo Picasso y Borne, es de 4 horas, d\u00f3nde pasaremos unas 1,30 Horas en el museo Picasso y 2,30 Horas recorriendo el barrio del borne y descubriendo todos sus secretos junto a nuestro gu\u00eda oficial.<\/p>\n<h2>Puntos de inter\u00e9s en el Tour Museo Picasso y Borne &#8211; Tour Privado<\/h2>\n<ul>\n<li><strong>El Museo Picasso: <\/strong>Es el centro de referencia para el conocimiento de los a\u00f1os de formaci\u00f3n de<a href=\"https:\/\/es.wikipedia.org\/wiki\/Pablo_Picasso\"><em><strong> Pablo Picasso<\/strong><\/em><\/a>. El genio del joven artista se revela a trav\u00e9s de las 4.251 obras que componen la colecci\u00f3n permanente. Inaugurado en 1963, el Museo Picasso revela asimismo su v\u00ednculo con Barcelona. Un v\u00ednculo estrecho e inseparable, forjado en su adolescencia y juventud, y que se prolong\u00f3 hasta su muerte. El Museo se edific\u00f3 a ra\u00edz de que Jaime Sabat\u00e9s, un antiguo amigo y secretario de Pablo Picasso, don\u00f3 al ayuntamiento de Barcelona. Debido a ello, el antiguo Palacio de Berenguer D\u00b4Aguilar, edificado en el Siglo 15, se adapt\u00f3 para ser utilizado como Museo<\/li>\n<li><strong>El Borne: <\/strong>Es una de las zonas m\u00e1s antiguas de Barcelona y uno de los cuatro barrios que conforman el distrito de Ciutat Vella. Es uno de los barrios m\u00e1s de moda de la ciudad de Barcelona, con muchos bares, restaurantes, tienda y vida n\u00f3cturna. A lo largo del recorrido de este Tour privado del Borne y Museo Picasso conoceremos los principales atracciones: <strong>Palacios de la Calle Montcada, Santa Maria del Mar<\/strong> (Uno de los edificiones m\u00e1s importantes del Borne). <strong>Mercado del Born, Arco de Triunfo, Parque de la Ciutadella, Palau de la M\u00fasica, Mercado de Santa Caterina.<\/strong><\/li>\n<li><strong>Santa Maria del Mar: <\/strong>Es una bas\u00edlica y uno de los edificios m\u00e1s importantes g\u00f3ticos de la ciudad de Barcelona.<\/li>\n<li><strong>Palau de la M\u00fasica:<\/strong> Es el auditorio de m\u00fasica m\u00e1s importante de la ciudad, dise\u00f1ado por el arquitecto Llu\u00eds Domenech.<\/li>\n<li><strong>Mercado del borne: <\/strong>Primer gran edificio de la arquitectura del hierro que se proyect\u00f3 en Barcelona.<\/li>\n<li><strong>Parque de la Ciutadella: <\/strong>Primer parque dise\u00f1ado espec\u00edficamente como parque p\u00fablico y se construy\u00f3 a finales del siglo XIX.<\/li>\n<\/ul>\n<p>Todos nuestros servicios son adaptables al inter\u00e9s de cada cliente, de manera que no dud\u00e9is en consultar si quer\u00e9is una duraci\u00f3n mayor o menor del tour.<\/p>\n<p>No dudes en escribirnos un contacto en el formulario del tour del Museo Picasso y Borne y nuestro equipo os pasar\u00e1 la informaci\u00f3n detalla del tour. Si desea realizar otro recorrido a pie de la ciudad, puede ver nuestro tour <a href=\"https:\/\/tourtravelandmore.com\/es\/tours\/espana-es\/barcelona-es\/tour-privado-pie-barcelona\/\">privado a pie de Barcelona<\/a>, y nos contacta por el formulario y nos dice que zonas le interesan y le pasaremos una propuesta adaptada.<\/p>\n","protected":false},"excerpt":{"rendered":"<p>Disfrute de este <strong>tour privado a pie por Barcelona<\/strong> y conozca lo mejor del <strong>Borne<\/strong> y el <strong>Museo Picasso<\/strong> con su gu\u00eda tur\u00edstico oficial privado. Podr\u00e1s pasear por el barrio del Borne, uno de los iconos de la ciudad de Barcelona y luego visitar uno de los museos de arte m\u00e1s importantes de Europa. La entrada al museo est\u00e1 incluida en el precio.<\/p>\n","protected":false},"featured_media":15343,"comment_status":"open","ping_status":"closed","template":"","meta":{"_acf_changed":false},"product_brand":[],"product_cat":[69,266,271],"product_tag":[],"class_list":{"0":"post-15356","1":"product","2":"type-product","3":"status-publish","4":"has-post-thumbnail","6":"product_cat-barcelona-es","7":"product_cat-barcelona-actividades-es","8":"product_cat-barcelona-tours-privados-pie-es","10":"first","11":"instock","12":"shipping-taxable","13":"purchasable","14":"product-type-simple"},"acf":[],"yoast_head":"<!-- This site is optimized with the Yoast SEO Premium plugin v25.3.1 (Yoast SEO v25.3.1) - https:\/\/yoast.com\/wordpress\/plugins\/seo\/ -->\n<title>\u27a1\ufe0f Tour Museo Picasso y Borne | Tour Travel &amp; More<\/title>\n<meta name=\"description\" content=\"Descubre a trav\u00e9s de este Tour del Museo Picasso y Borne una de los barrios m\u00e1s importantes y de moda de la ciudad de Barcelona, junto a su gu\u00eda oficial \u2705\" \/>\n<meta name=\"robots\" content=\"index, follow, max-snippet:-1, max-image-preview:large, max-video-preview:-1\" \/>\n<link rel=\"canonical\" href=\"https:\/\/tourtravelandmore.com\/es\/tours\/espana-es\/barcelona-es\/tour-privado-pie-en-el-born-con-visita-al-museo-picasso-4-horas\/\" \/>\n<meta property=\"og:locale\" content=\"es_ES\" \/>\n<meta property=\"og:type\" content=\"article\" \/>\n<meta property=\"og:title\" content=\"Tour Museo Picasso y Borne - Tour Privado\" \/>\n<meta property=\"og:description\" content=\"Descubre a trav\u00e9s de este Tour del Museo Picasso y Borne una de los barrios m\u00e1s importantes y de moda de la ciudad de Barcelona, junto a su gu\u00eda oficial \u2705\" \/>\n<meta property=\"og:url\" content=\"https:\/\/tourtravelandmore.com\/es\/tours\/espana-es\/barcelona-es\/tour-privado-pie-en-el-born-con-visita-al-museo-picasso-4-horas\/\" \/>\n<meta property=\"og:site_name\" content=\"Tour Travel And More\" \/>\n<meta property=\"article:publisher\" content=\"https:\/\/www.facebook.com\/tourtravelandmore\/\" \/>\n<meta property=\"article:modified_time\" content=\"2022-11-25T23:51:44+00:00\" \/>\n<meta property=\"og:image\" content=\"https:\/\/tourtravelandmore.com\/wp-content\/uploads\/2017\/11\/guernica-picasso.jpg\" \/>\n\t<meta property=\"og:image:width\" content=\"640\" \/>\n\t<meta property=\"og:image:height\" content=\"480\" \/>\n\t<meta property=\"og:image:type\" content=\"image\/jpeg\" \/>\n<meta name=\"twitter:card\" content=\"summary_large_image\" \/>\n<meta name=\"twitter:site\" content=\"@TourTravel_More\" \/>\n<meta name=\"twitter:label1\" content=\"Tiempo de lectura\" \/>\n\t<meta name=\"twitter:data1\" content=\"3 minutos\" \/>\n<script type=\"application\/ld+json\" class=\"yoast-schema-graph\">{\"@context\":\"https:\/\/schema.org\",\"@graph\":[{\"@type\":\"WebPage\",\"@id\":\"https:\/\/tourtravelandmore.com\/es\/tours\/espana-es\/barcelona-es\/tour-privado-pie-en-el-born-con-visita-al-museo-picasso-4-horas\/\",\"url\":\"https:\/\/tourtravelandmore.com\/es\/tours\/espana-es\/barcelona-es\/tour-privado-pie-en-el-born-con-visita-al-museo-picasso-4-horas\/\",\"name\":\"\u27a1\ufe0f Tour Museo Picasso y Borne | Tour Travel & More\",\"isPartOf\":{\"@id\":\"https:\/\/tourtravelandmore.com\/es\/#website\"},\"primaryImageOfPage\":{\"@id\":\"https:\/\/tourtravelandmore.com\/es\/tours\/espana-es\/barcelona-es\/tour-privado-pie-en-el-born-con-visita-al-museo-picasso-4-horas\/#primaryimage\"},\"image\":{\"@id\":\"https:\/\/tourtravelandmore.com\/es\/tours\/espana-es\/barcelona-es\/tour-privado-pie-en-el-born-con-visita-al-museo-picasso-4-horas\/#primaryimage\"},\"thumbnailUrl\":\"https:\/\/tourtravelandmore.com\/wp-content\/uploads\/2017\/11\/guernica-picasso.jpg\",\"datePublished\":\"2017-11-08T16:36:46+00:00\",\"dateModified\":\"2022-11-25T23:51:44+00:00\",\"description\":\"Descubre a trav\u00e9s de este Tour del Museo Picasso y Borne una de los barrios m\u00e1s importantes y de moda de la ciudad de Barcelona, junto a su gu\u00eda oficial \u2705\",\"breadcrumb\":{\"@id\":\"https:\/\/tourtravelandmore.com\/es\/tours\/espana-es\/barcelona-es\/tour-privado-pie-en-el-born-con-visita-al-museo-picasso-4-horas\/#breadcrumb\"},\"inLanguage\":\"es\",\"potentialAction\":[{\"@type\":\"ReadAction\",\"target\":[\"https:\/\/tourtravelandmore.com\/es\/tours\/espana-es\/barcelona-es\/tour-privado-pie-en-el-born-con-visita-al-museo-picasso-4-horas\/\"]}]},{\"@type\":\"ImageObject\",\"inLanguage\":\"es\",\"@id\":\"https:\/\/tourtravelandmore.com\/es\/tours\/espana-es\/barcelona-es\/tour-privado-pie-en-el-born-con-visita-al-museo-picasso-4-horas\/#primaryimage\",\"url\":\"https:\/\/tourtravelandmore.com\/wp-content\/uploads\/2017\/11\/guernica-picasso.jpg\",\"contentUrl\":\"https:\/\/tourtravelandmore.com\/wp-content\/uploads\/2017\/11\/guernica-picasso.jpg\",\"width\":640,\"height\":480},{\"@type\":\"BreadcrumbList\",\"@id\":\"https:\/\/tourtravelandmore.com\/es\/tours\/espana-es\/barcelona-es\/tour-privado-pie-en-el-born-con-visita-al-museo-picasso-4-horas\/#breadcrumb\",\"itemListElement\":[{\"@type\":\"ListItem\",\"position\":1,\"name\":\"Home\",\"item\":\"https:\/\/tourtravelandmore.com\/es\/\"},{\"@type\":\"ListItem\",\"position\":2,\"name\":\"Tours\",\"item\":\"https:\/\/tourtravelandmore.com\/es\/tours\/\"},{\"@type\":\"ListItem\",\"position\":3,\"name\":\"Tour Museo Picasso y Borne &#8211; Tour Privado\"}]},{\"@type\":\"WebSite\",\"@id\":\"https:\/\/tourtravelandmore.com\/es\/#website\",\"url\":\"https:\/\/tourtravelandmore.com\/es\/\",\"name\":\"Tour Travel And More\",\"description\":\"Private sightseeing tours and luxury transfers in Spain\",\"publisher\":{\"@id\":\"https:\/\/tourtravelandmore.com\/es\/#organization\"},\"potentialAction\":[{\"@type\":\"SearchAction\",\"target\":{\"@type\":\"EntryPoint\",\"urlTemplate\":\"https:\/\/tourtravelandmore.com\/es\/?s={search_term_string}\"},\"query-input\":{\"@type\":\"PropertyValueSpecification\",\"valueRequired\":true,\"valueName\":\"search_term_string\"}}],\"inLanguage\":\"es\"},{\"@type\":\"Organization\",\"@id\":\"https:\/\/tourtravelandmore.com\/es\/#organization\",\"name\":\"Tour Travel And More\",\"url\":\"https:\/\/tourtravelandmore.com\/es\/\",\"logo\":{\"@type\":\"ImageObject\",\"inLanguage\":\"es\",\"@id\":\"https:\/\/tourtravelandmore.com\/es\/#\/schema\/logo\/image\/\",\"url\":\"https:\/\/tourtravelandmore.com\/wp-content\/uploads\/2022\/12\/cropped-logo-cabecera-new.png\",\"contentUrl\":\"https:\/\/tourtravelandmore.com\/wp-content\/uploads\/2022\/12\/cropped-logo-cabecera-new.png\",\"width\":430,\"height\":61,\"caption\":\"Tour Travel And More\"},\"image\":{\"@id\":\"https:\/\/tourtravelandmore.com\/es\/#\/schema\/logo\/image\/\"},\"sameAs\":[\"https:\/\/www.facebook.com\/tourtravelandmore\/\",\"https:\/\/x.com\/TourTravel_More\"]}]}<\/script>\n<!-- \/ Yoast SEO Premium plugin. -->","yoast_head_json":{"title":"\u27a1\ufe0f Tour Museo Picasso y Borne | Tour Travel & More","description":"Descubre a trav\u00e9s de este Tour del Museo Picasso y Borne una de los barrios m\u00e1s importantes y de moda de la ciudad de Barcelona, junto a su gu\u00eda oficial \u2705","robots":{"index":"index","follow":"follow","max-snippet":"max-snippet:-1","max-image-preview":"max-image-preview:large","max-video-preview":"max-video-preview:-1"},"canonical":"https:\/\/tourtravelandmore.com\/es\/tours\/espana-es\/barcelona-es\/tour-privado-pie-en-el-born-con-visita-al-museo-picasso-4-horas\/","og_locale":"es_ES","og_type":"article","og_title":"Tour Museo Picasso y Borne - Tour Privado","og_description":"Descubre a trav\u00e9s de este Tour del Museo Picasso y Borne una de los barrios m\u00e1s importantes y de moda de la ciudad de Barcelona, junto a su gu\u00eda oficial \u2705","og_url":"https:\/\/tourtravelandmore.com\/es\/tours\/espana-es\/barcelona-es\/tour-privado-pie-en-el-born-con-visita-al-museo-picasso-4-horas\/","og_site_name":"Tour Travel And More","article_publisher":"https:\/\/www.facebook.com\/tourtravelandmore\/","article_modified_time":"2022-11-25T23:51:44+00:00","og_image":[{"width":640,"height":480,"url":"https:\/\/tourtravelandmore.com\/wp-content\/uploads\/2017\/11\/guernica-picasso.jpg","type":"image\/jpeg"}],"twitter_card":"summary_large_image","twitter_site":"@TourTravel_More","twitter_misc":{"Tiempo de lectura":"3 minutos"},"schema":{"@context":"https:\/\/schema.org","@graph":[{"@type":"WebPage","@id":"https:\/\/tourtravelandmore.com\/es\/tours\/espana-es\/barcelona-es\/tour-privado-pie-en-el-born-con-visita-al-museo-picasso-4-horas\/","url":"https:\/\/tourtravelandmore.com\/es\/tours\/espana-es\/barcelona-es\/tour-privado-pie-en-el-born-con-visita-al-museo-picasso-4-horas\/","name":"\u27a1\ufe0f Tour Museo Picasso y Borne | Tour Travel & More","isPartOf":{"@id":"https:\/\/tourtravelandmore.com\/es\/#website"},"primaryImageOfPage":{"@id":"https:\/\/tourtravelandmore.com\/es\/tours\/espana-es\/barcelona-es\/tour-privado-pie-en-el-born-con-visita-al-museo-picasso-4-horas\/#primaryimage"},"image":{"@id":"https:\/\/tourtravelandmore.com\/es\/tours\/espana-es\/barcelona-es\/tour-privado-pie-en-el-born-con-visita-al-museo-picasso-4-horas\/#primaryimage"},"thumbnailUrl":"https:\/\/tourtravelandmore.com\/wp-content\/uploads\/2017\/11\/guernica-picasso.jpg","datePublished":"2017-11-08T16:36:46+00:00","dateModified":"2022-11-25T23:51:44+00:00","description":"Descubre a trav\u00e9s de este Tour del Museo Picasso y Borne una de los barrios m\u00e1s importantes y de moda de la ciudad de Barcelona, junto a su gu\u00eda oficial \u2705","breadcrumb":{"@id":"https:\/\/tourtravelandmore.com\/es\/tours\/espana-es\/barcelona-es\/tour-privado-pie-en-el-born-con-visita-al-museo-picasso-4-horas\/#breadcrumb"},"inLanguage":"es","potentialAction":[{"@type":"ReadAction","target":["https:\/\/tourtravelandmore.com\/es\/tours\/espana-es\/barcelona-es\/tour-privado-pie-en-el-born-con-visita-al-museo-picasso-4-horas\/"]}]},{"@type":"ImageObject","inLanguage":"es","@id":"https:\/\/tourtravelandmore.com\/es\/tours\/espana-es\/barcelona-es\/tour-privado-pie-en-el-born-con-visita-al-museo-picasso-4-horas\/#primaryimage","url":"https:\/\/tourtravelandmore.com\/wp-content\/uploads\/2017\/11\/guernica-picasso.jpg","contentUrl":"https:\/\/tourtravelandmore.com\/wp-content\/uploads\/2017\/11\/guernica-picasso.jpg","width":640,"height":480},{"@type":"BreadcrumbList","@id":"https:\/\/tourtravelandmore.com\/es\/tours\/espana-es\/barcelona-es\/tour-privado-pie-en-el-born-con-visita-al-museo-picasso-4-horas\/#breadcrumb","itemListElement":[{"@type":"ListItem","position":1,"name":"Home","item":"https:\/\/tourtravelandmore.com\/es\/"},{"@type":"ListItem","position":2,"name":"Tours","item":"https:\/\/tourtravelandmore.com\/es\/tours\/"},{"@type":"ListItem","position":3,"name":"Tour Museo Picasso y Borne &#8211; Tour Privado"}]},{"@type":"WebSite","@id":"https:\/\/tourtravelandmore.com\/es\/#website","url":"https:\/\/tourtravelandmore.com\/es\/","name":"Tour Travel And More","description":"Private sightseeing tours and luxury transfers in Spain","publisher":{"@id":"https:\/\/tourtravelandmore.com\/es\/#organization"},"potentialAction":[{"@type":"SearchAction","target":{"@type":"EntryPoint","urlTemplate":"https:\/\/tourtravelandmore.com\/es\/?s={search_term_string}"},"query-input":{"@type":"PropertyValueSpecification","valueRequired":true,"valueName":"search_term_string"}}],"inLanguage":"es"},{"@type":"Organization","@id":"https:\/\/tourtravelandmore.com\/es\/#organization","name":"Tour Travel And More","url":"https:\/\/tourtravelandmore.com\/es\/","logo":{"@type":"ImageObject","inLanguage":"es","@id":"https:\/\/tourtravelandmore.com\/es\/#\/schema\/logo\/image\/","url":"https:\/\/tourtravelandmore.com\/wp-content\/uploads\/2022\/12\/cropped-logo-cabecera-new.png","contentUrl":"https:\/\/tourtravelandmore.com\/wp-content\/uploads\/2022\/12\/cropped-logo-cabecera-new.png","width":430,"height":61,"caption":"Tour Travel And More"},"image":{"@id":"https:\/\/tourtravelandmore.com\/es\/#\/schema\/logo\/image\/"},"sameAs":["https:\/\/www.facebook.com\/tourtravelandmore\/","https:\/\/x.com\/TourTravel_More"]}]}},"_links":{"self":[{"href":"https:\/\/tourtravelandmore.com\/es\/wp-json\/wp\/v2\/product\/15356","targetHints":{"allow":["GET"]}}],"collection":[{"href":"https:\/\/tourtravelandmore.com\/es\/wp-json\/wp\/v2\/product"}],"about":[{"href":"https:\/\/tourtravelandmore.com\/es\/wp-json\/wp\/v2\/types\/product"}],"replies":[{"embeddable":true,"href":"https:\/\/tourtravelandmore.com\/es\/wp-json\/wp\/v2\/comments?post=15356"}],"wp:featuredmedia":[{"embeddable":true,"href":"https:\/\/tourtravelandmore.com\/es\/wp-json\/wp\/v2\/media\/15343"}],"wp:attachment":[{"href":"https:\/\/tourtravelandmore.com\/es\/wp-json\/wp\/v2\/media?parent=15356"}],"wp:term":[{"taxonomy":"product_brand","embeddable":true,"href":"https:\/\/tourtravelandmore.com\/es\/wp-json\/wp\/v2\/product_brand?post=15356"},{"taxonomy":"product_cat","embeddable":true,"href":"https:\/\/tourtravelandmore.com\/es\/wp-json\/wp\/v2\/product_cat?post=15356"},{"taxonomy":"product_tag","embeddable":true,"href":"https:\/\/tourtravelandmore.com\/es\/wp-json\/wp\/v2\/product_tag?post=15356"}],"curies":[{"name":"wp","href":"https:\/\/api.w.org\/{rel}","templated":true}]}}