{"id":153467,"date":"2023-02-17T08:32:08","date_gmt":"2023-02-17T07:32:08","guid":{"rendered":"https:\/\/tourtravelandmore.com\/tours\/sin%20categor\u00eda\/excursion-privada-a-bannockburn-y-el-castillo-de-stirling-desde-glasgow\/"},"modified":"2023-03-25T01:53:10","modified_gmt":"2023-03-25T00:53:10","slug":"excursion-privada-a-bannockburn-y-el-castillo-de-stirling-desde-glasgow","status":"publish","type":"product","link":"https:\/\/tourtravelandmore.com\/es\/tours\/escocia-es\/glasgow-es\/excursion-privada-a-bannockburn-y-el-castillo-de-stirling-desde-glasgow\/","title":{"rendered":"Excursi\u00f3n privada a Bannockburn y el castillo de Stirling desde Glasgow"},"content":{"rendered":"<h2><b>Descripci\u00f3n de la Excursi\u00f3n privada a Bannockburn y el castillo de Stirling desde Glasgow<\/b><\/h2>\n<p><span style=\"font-weight: 400;\">\u00bfEst\u00e1 buscando una forma \u00fanica y personalizada de explorar la hist\u00f3rica Bannockburn y el impresionante castillo de Stirling? Entonces, la excursi\u00f3n privada a Bannockburn y el castillo de Stirling desde Glasgow es la opci\u00f3n perfecta para usted. Con una duraci\u00f3n de 6 horas y un gu\u00eda privado altamente capacitado, esta excursi\u00f3n le brinda la oportunidad de descubrir estos dos puntos tur\u00edsticos de manera detallada y a su propio ritmo. La excursi\u00f3n est\u00e1 dise\u00f1ada para adaptarse a sus intereses y necesidades, y le brinda la flexibilidad de visitar los lugares a su propio ritmo. Adem\u00e1s, su gu\u00eda privado estar\u00e1 a su disposici\u00f3n para responder a cualquier pregunta que tenga y brindarle informaci\u00f3n adicional sobre la historia y la cultura de la regi\u00f3n.<\/span><\/p>\n<h2><b>Puntos de inter\u00e9s en la Excursi\u00f3n privada a Bannockburn y el castillo de Stirling desde Glasgow<\/b><\/h2>\n<p><span style=\"font-weight: 400;\">La excursi\u00f3n comienza en Glasgow y luego se dirige a Bannockburn, donde tendr\u00e1 la oportunidad de aprender sobre uno de los momentos m\u00e1s importantes en la historia de Escocia: la Batalla de Bannockburn. Este sitio es conocido como el lugar donde el rey Robert the Bruce lider\u00f3 a su ej\u00e9rcito escoc\u00e9s a la victoria contra los ingleses en 1314. Adem\u00e1s, visitar\u00e1 el castillo de Stirling, uno de los castillos m\u00e1s impresionantes de Escocia, que ofrece vistas impresionantes y una rica historia. Durante la excursi\u00f3n, su gu\u00eda privado le brindar\u00e1 informaci\u00f3n detallada sobre la historia y la importancia de cada lugar, y le ayudar\u00e1 a conectar con la cultura y la historia de la regi\u00f3n. Tambi\u00e9n tendr\u00e1 la oportunidad de visitar otros puntos de inter\u00e9s en la zona, como el Monumento Nacional de la Batalla de Bannockburn y la Torre de los H\u00e9roes.<\/span><\/p>\n<h3><b>Bannockburn<\/b><\/h3>\n<p><span style=\"font-weight: 400;\">Bannockburn es un lugar de importancia nacional para los escoceses y es considerado como un s\u00edmbolo de su independencia y libertad. Aqu\u00ed, podr\u00e1 ver la estatua del rey Robert the Bruce y el monumento conmemorativo que rinde homenaje a los h\u00e9roes escoceses que lucharon en la Batalla de Bannockburn. La excursi\u00f3n a Bannockburn es una oportunidad \u00fanica de explorar una parte importante de la historia escocesa y aprender sobre su lucha por la independencia.<\/span><\/p>\n<p><span style=\"font-weight: 400;\">Adem\u00e1s, en Bannockburn, podr\u00e1 visitar el Centro de Visitantes Bannockburn, que cuenta con exhibiciones interactivas y multimedia que ofrecen una experiencia inmersiva en la historia de la batalla. El centro tambi\u00e9n cuenta con un caf\u00e9 y una tienda de regalos donde podr\u00e1 adquirir recuerdos y material relacionado con la Batalla de Bannockburn y su significado para los escoceses. Por \u00faltimo, no perder\u00e1 la oportunidad de caminar por el campo de batalla y sentir la atm\u00f3sfera de la \u00e9poca.<\/span><\/p>\n<h3><b>Castillo de Stirling<\/b><\/h3>\n<p><span style=\"font-weight: 400;\">El castillo de Stirling es un monumento impresionante que ha sido testigo de muchos acontecimientos importantes en la historia escocesa. Desde su posici\u00f3n dominante sobre la ciudad, el castillo ofrece vistas espectaculares de la regi\u00f3n circundante y es un lugar ideal para explorar la rica historia de Escocia. Durante su visita, podr\u00e1 ver la espl\u00e9ndida arquitectura del castillo, as\u00ed como tambi\u00e9n ver los restos de sus murallas y fortificaciones, que han resistido los desaf\u00edos del tiempo. Adem\u00e1s, el castillo de Stirling es conocido por su papel en la historia militar escocesa, habiendo sido el escenario de muchas batallas importantes, incluidas la Batalla de Stirling Bridge y la Batalla de Bannockburn. La excursi\u00f3n al castillo de Stirling tambi\u00e9n le brinda la oportunidad de explorar los jardines y los terrenos circundantes, que incluyen un hermoso lago y un parque, perfectos para relajarse y disfrutar de la naturaleza. En el interior del castillo, podr\u00e1 visitar el Museo de Armas y los antiguos alojamientos reales, que ofrecen una visi\u00f3n \u00fanica de la vida en el castillo durante la Edad Media.<\/span><\/p>\n<p><span style=\"font-weight: 400;\">Tour Travel and More ofrece una amplia variedad de<\/span><a href=\"https:\/\/tourtravelandmore.com\/es\/ciudad\/escocia-es\/glasgow-es\/\"><span style=\"font-weight: 400;\"> tours privados en Glasgow<\/span><\/a> <span style=\"font-weight: 400;\">y sus alrededores. Descubra los lugares m\u00e1s emblem\u00e1ticos de la ciudad y sus alrededores mientras disfruta de una experiencia \u00fanica y personalizada. No espere m\u00e1s y reserve su excursi\u00f3n privada al castillo de Stirling hoy mismo.<\/span><\/p>\n<p><span style=\"font-weight: 400;\">\u00bfQuieres explorar m\u00e1s lugares emblem\u00e1ticos en Glasgow? Descubre <\/span><a href=\"https:\/\/tourtravelandmore.com\/\"><span style=\"font-weight: 400;\">todos los tours privados que Tour Travel and More<\/span><\/a><span style=\"font-weight: 400;\"> tiene para ofrecer en su sitio web. \u00a1No esperes m\u00e1s y reserva tu aventura hoy mismo!<\/span><\/p>\n","protected":false},"excerpt":{"rendered":"<p><b>\u00a0<\/b><span style=\"font-weight: 400;\">\u00a1Explora el castillo de Stirling y la Batalla de Bannockburn con un gu\u00eda privado! Descubre la historia y la arquitectura de uno de los castillos m\u00e1s emblem\u00e1ticos de Escocia en una excursi\u00f3n \u00fanica y personalizada.<\/span><\/p>\n","protected":false},"featured_media":153458,"comment_status":"open","ping_status":"closed","template":"","meta":{"_acf_changed":false},"product_brand":[],"product_cat":[4286],"product_tag":[],"class_list":{"0":"post-153467","1":"product","2":"type-product","3":"status-publish","4":"has-post-thumbnail","6":"product_cat-glasgow-es","8":"first","9":"instock","10":"shipping-taxable","11":"purchasable","12":"product-type-simple"},"acf":[],"yoast_head":"<!-- This site is optimized with the Yoast SEO Premium plugin v25.3.1 (Yoast SEO v25.3.1) - https:\/\/yoast.com\/wordpress\/plugins\/seo\/ -->\n<title>\u27a1\ufe0f Excursi\u00f3n privada al castillo de Stirling desde Glasgow - Tour Travel and More<\/title>\n<meta name=\"description\" content=\"Vive una experiencia inolvidable en la excursi\u00f3n privada al castillo de Stirling! Con un gu\u00eda privado, descubre la historia y la arquitectura de este castillo emblem\u00e1tico de Escocia \u2705\" \/>\n<meta name=\"robots\" content=\"index, follow, max-snippet:-1, max-image-preview:large, max-video-preview:-1\" \/>\n<link rel=\"canonical\" href=\"https:\/\/tourtravelandmore.com\/es\/tours\/escocia-es\/glasgow-es\/excursion-privada-a-bannockburn-y-el-castillo-de-stirling-desde-glasgow\/\" \/>\n<meta property=\"og:locale\" content=\"es_ES\" \/>\n<meta property=\"og:type\" content=\"article\" \/>\n<meta property=\"og:title\" content=\"Excursi\u00f3n privada a Bannockburn y el castillo de Stirling desde Glasgow\" \/>\n<meta property=\"og:description\" content=\"Vive una experiencia inolvidable en la excursi\u00f3n privada al castillo de Stirling! Con un gu\u00eda privado, descubre la historia y la arquitectura de este castillo emblem\u00e1tico de Escocia \u2705\" \/>\n<meta property=\"og:url\" content=\"https:\/\/tourtravelandmore.com\/es\/tours\/escocia-es\/glasgow-es\/excursion-privada-a-bannockburn-y-el-castillo-de-stirling-desde-glasgow\/\" \/>\n<meta property=\"og:site_name\" content=\"Tour Travel And More\" \/>\n<meta property=\"article:publisher\" content=\"https:\/\/www.facebook.com\/tourtravelandmore\/\" \/>\n<meta property=\"article:modified_time\" content=\"2023-03-25T00:53:10+00:00\" \/>\n<meta property=\"og:image\" content=\"https:\/\/tourtravelandmore.com\/wp-content\/uploads\/2023\/02\/image4-4.jpg\" \/>\n\t<meta property=\"og:image:width\" content=\"950\" \/>\n\t<meta property=\"og:image:height\" content=\"750\" \/>\n\t<meta property=\"og:image:type\" content=\"image\/jpeg\" \/>\n<meta name=\"twitter:card\" content=\"summary_large_image\" \/>\n<meta name=\"twitter:site\" content=\"@TourTravel_More\" \/>\n<meta name=\"twitter:label1\" content=\"Tiempo de lectura\" \/>\n\t<meta name=\"twitter:data1\" content=\"4 minutos\" \/>\n<script type=\"application\/ld+json\" class=\"yoast-schema-graph\">{\"@context\":\"https:\/\/schema.org\",\"@graph\":[{\"@type\":\"WebPage\",\"@id\":\"https:\/\/tourtravelandmore.com\/es\/tours\/escocia-es\/glasgow-es\/excursion-privada-a-bannockburn-y-el-castillo-de-stirling-desde-glasgow\/\",\"url\":\"https:\/\/tourtravelandmore.com\/es\/tours\/escocia-es\/glasgow-es\/excursion-privada-a-bannockburn-y-el-castillo-de-stirling-desde-glasgow\/\",\"name\":\"\u27a1\ufe0f Excursi\u00f3n privada al castillo de Stirling desde Glasgow - Tour Travel and More\",\"isPartOf\":{\"@id\":\"https:\/\/tourtravelandmore.com\/es\/#website\"},\"primaryImageOfPage\":{\"@id\":\"https:\/\/tourtravelandmore.com\/es\/tours\/escocia-es\/glasgow-es\/excursion-privada-a-bannockburn-y-el-castillo-de-stirling-desde-glasgow\/#primaryimage\"},\"image\":{\"@id\":\"https:\/\/tourtravelandmore.com\/es\/tours\/escocia-es\/glasgow-es\/excursion-privada-a-bannockburn-y-el-castillo-de-stirling-desde-glasgow\/#primaryimage\"},\"thumbnailUrl\":\"https:\/\/tourtravelandmore.com\/wp-content\/uploads\/2023\/02\/image4-4.jpg\",\"datePublished\":\"2023-02-17T07:32:08+00:00\",\"dateModified\":\"2023-03-25T00:53:10+00:00\",\"description\":\"Vive una experiencia inolvidable en la excursi\u00f3n privada al castillo de Stirling! Con un gu\u00eda privado, descubre la historia y la arquitectura de este castillo emblem\u00e1tico de Escocia \u2705\",\"breadcrumb\":{\"@id\":\"https:\/\/tourtravelandmore.com\/es\/tours\/escocia-es\/glasgow-es\/excursion-privada-a-bannockburn-y-el-castillo-de-stirling-desde-glasgow\/#breadcrumb\"},\"inLanguage\":\"es\",\"potentialAction\":[{\"@type\":\"ReadAction\",\"target\":[\"https:\/\/tourtravelandmore.com\/es\/tours\/escocia-es\/glasgow-es\/excursion-privada-a-bannockburn-y-el-castillo-de-stirling-desde-glasgow\/\"]}]},{\"@type\":\"ImageObject\",\"inLanguage\":\"es\",\"@id\":\"https:\/\/tourtravelandmore.com\/es\/tours\/escocia-es\/glasgow-es\/excursion-privada-a-bannockburn-y-el-castillo-de-stirling-desde-glasgow\/#primaryimage\",\"url\":\"https:\/\/tourtravelandmore.com\/wp-content\/uploads\/2023\/02\/image4-4.jpg\",\"contentUrl\":\"https:\/\/tourtravelandmore.com\/wp-content\/uploads\/2023\/02\/image4-4.jpg\",\"width\":950,\"height\":750},{\"@type\":\"BreadcrumbList\",\"@id\":\"https:\/\/tourtravelandmore.com\/es\/tours\/escocia-es\/glasgow-es\/excursion-privada-a-bannockburn-y-el-castillo-de-stirling-desde-glasgow\/#breadcrumb\",\"itemListElement\":[{\"@type\":\"ListItem\",\"position\":1,\"name\":\"Home\",\"item\":\"https:\/\/tourtravelandmore.com\/es\/\"},{\"@type\":\"ListItem\",\"position\":2,\"name\":\"Tours\",\"item\":\"https:\/\/tourtravelandmore.com\/es\/tours\/\"},{\"@type\":\"ListItem\",\"position\":3,\"name\":\"Excursi\u00f3n privada a Bannockburn y el castillo de Stirling desde Glasgow\"}]},{\"@type\":\"WebSite\",\"@id\":\"https:\/\/tourtravelandmore.com\/es\/#website\",\"url\":\"https:\/\/tourtravelandmore.com\/es\/\",\"name\":\"Tour Travel And More\",\"description\":\"Private sightseeing tours and luxury transfers in Spain\",\"publisher\":{\"@id\":\"https:\/\/tourtravelandmore.com\/es\/#organization\"},\"potentialAction\":[{\"@type\":\"SearchAction\",\"target\":{\"@type\":\"EntryPoint\",\"urlTemplate\":\"https:\/\/tourtravelandmore.com\/es\/?s={search_term_string}\"},\"query-input\":{\"@type\":\"PropertyValueSpecification\",\"valueRequired\":true,\"valueName\":\"search_term_string\"}}],\"inLanguage\":\"es\"},{\"@type\":\"Organization\",\"@id\":\"https:\/\/tourtravelandmore.com\/es\/#organization\",\"name\":\"Tour Travel And More\",\"url\":\"https:\/\/tourtravelandmore.com\/es\/\",\"logo\":{\"@type\":\"ImageObject\",\"inLanguage\":\"es\",\"@id\":\"https:\/\/tourtravelandmore.com\/es\/#\/schema\/logo\/image\/\",\"url\":\"https:\/\/tourtravelandmore.com\/wp-content\/uploads\/2022\/12\/cropped-logo-cabecera-new.png\",\"contentUrl\":\"https:\/\/tourtravelandmore.com\/wp-content\/uploads\/2022\/12\/cropped-logo-cabecera-new.png\",\"width\":430,\"height\":61,\"caption\":\"Tour Travel And More\"},\"image\":{\"@id\":\"https:\/\/tourtravelandmore.com\/es\/#\/schema\/logo\/image\/\"},\"sameAs\":[\"https:\/\/www.facebook.com\/tourtravelandmore\/\",\"https:\/\/x.com\/TourTravel_More\"]}]}<\/script>\n<!-- \/ Yoast SEO Premium plugin. -->","yoast_head_json":{"title":"\u27a1\ufe0f Excursi\u00f3n privada al castillo de Stirling desde Glasgow - Tour Travel and More","description":"Vive una experiencia inolvidable en la excursi\u00f3n privada al castillo de Stirling! Con un gu\u00eda privado, descubre la historia y la arquitectura de este castillo emblem\u00e1tico de Escocia \u2705","robots":{"index":"index","follow":"follow","max-snippet":"max-snippet:-1","max-image-preview":"max-image-preview:large","max-video-preview":"max-video-preview:-1"},"canonical":"https:\/\/tourtravelandmore.com\/es\/tours\/escocia-es\/glasgow-es\/excursion-privada-a-bannockburn-y-el-castillo-de-stirling-desde-glasgow\/","og_locale":"es_ES","og_type":"article","og_title":"Excursi\u00f3n privada a Bannockburn y el castillo de Stirling desde Glasgow","og_description":"Vive una experiencia inolvidable en la excursi\u00f3n privada al castillo de Stirling! Con un gu\u00eda privado, descubre la historia y la arquitectura de este castillo emblem\u00e1tico de Escocia \u2705","og_url":"https:\/\/tourtravelandmore.com\/es\/tours\/escocia-es\/glasgow-es\/excursion-privada-a-bannockburn-y-el-castillo-de-stirling-desde-glasgow\/","og_site_name":"Tour Travel And More","article_publisher":"https:\/\/www.facebook.com\/tourtravelandmore\/","article_modified_time":"2023-03-25T00:53:10+00:00","og_image":[{"width":950,"height":750,"url":"https:\/\/tourtravelandmore.com\/wp-content\/uploads\/2023\/02\/image4-4.jpg","type":"image\/jpeg"}],"twitter_card":"summary_large_image","twitter_site":"@TourTravel_More","twitter_misc":{"Tiempo de lectura":"4 minutos"},"schema":{"@context":"https:\/\/schema.org","@graph":[{"@type":"WebPage","@id":"https:\/\/tourtravelandmore.com\/es\/tours\/escocia-es\/glasgow-es\/excursion-privada-a-bannockburn-y-el-castillo-de-stirling-desde-glasgow\/","url":"https:\/\/tourtravelandmore.com\/es\/tours\/escocia-es\/glasgow-es\/excursion-privada-a-bannockburn-y-el-castillo-de-stirling-desde-glasgow\/","name":"\u27a1\ufe0f Excursi\u00f3n privada al castillo de Stirling desde Glasgow - Tour Travel and More","isPartOf":{"@id":"https:\/\/tourtravelandmore.com\/es\/#website"},"primaryImageOfPage":{"@id":"https:\/\/tourtravelandmore.com\/es\/tours\/escocia-es\/glasgow-es\/excursion-privada-a-bannockburn-y-el-castillo-de-stirling-desde-glasgow\/#primaryimage"},"image":{"@id":"https:\/\/tourtravelandmore.com\/es\/tours\/escocia-es\/glasgow-es\/excursion-privada-a-bannockburn-y-el-castillo-de-stirling-desde-glasgow\/#primaryimage"},"thumbnailUrl":"https:\/\/tourtravelandmore.com\/wp-content\/uploads\/2023\/02\/image4-4.jpg","datePublished":"2023-02-17T07:32:08+00:00","dateModified":"2023-03-25T00:53:10+00:00","description":"Vive una experiencia inolvidable en la excursi\u00f3n privada al castillo de Stirling! Con un gu\u00eda privado, descubre la historia y la arquitectura de este castillo emblem\u00e1tico de Escocia \u2705","breadcrumb":{"@id":"https:\/\/tourtravelandmore.com\/es\/tours\/escocia-es\/glasgow-es\/excursion-privada-a-bannockburn-y-el-castillo-de-stirling-desde-glasgow\/#breadcrumb"},"inLanguage":"es","potentialAction":[{"@type":"ReadAction","target":["https:\/\/tourtravelandmore.com\/es\/tours\/escocia-es\/glasgow-es\/excursion-privada-a-bannockburn-y-el-castillo-de-stirling-desde-glasgow\/"]}]},{"@type":"ImageObject","inLanguage":"es","@id":"https:\/\/tourtravelandmore.com\/es\/tours\/escocia-es\/glasgow-es\/excursion-privada-a-bannockburn-y-el-castillo-de-stirling-desde-glasgow\/#primaryimage","url":"https:\/\/tourtravelandmore.com\/wp-content\/uploads\/2023\/02\/image4-4.jpg","contentUrl":"https:\/\/tourtravelandmore.com\/wp-content\/uploads\/2023\/02\/image4-4.jpg","width":950,"height":750},{"@type":"BreadcrumbList","@id":"https:\/\/tourtravelandmore.com\/es\/tours\/escocia-es\/glasgow-es\/excursion-privada-a-bannockburn-y-el-castillo-de-stirling-desde-glasgow\/#breadcrumb","itemListElement":[{"@type":"ListItem","position":1,"name":"Home","item":"https:\/\/tourtravelandmore.com\/es\/"},{"@type":"ListItem","position":2,"name":"Tours","item":"https:\/\/tourtravelandmore.com\/es\/tours\/"},{"@type":"ListItem","position":3,"name":"Excursi\u00f3n privada a Bannockburn y el castillo de Stirling desde Glasgow"}]},{"@type":"WebSite","@id":"https:\/\/tourtravelandmore.com\/es\/#website","url":"https:\/\/tourtravelandmore.com\/es\/","name":"Tour Travel And More","description":"Private sightseeing tours and luxury transfers in Spain","publisher":{"@id":"https:\/\/tourtravelandmore.com\/es\/#organization"},"potentialAction":[{"@type":"SearchAction","target":{"@type":"EntryPoint","urlTemplate":"https:\/\/tourtravelandmore.com\/es\/?s={search_term_string}"},"query-input":{"@type":"PropertyValueSpecification","valueRequired":true,"valueName":"search_term_string"}}],"inLanguage":"es"},{"@type":"Organization","@id":"https:\/\/tourtravelandmore.com\/es\/#organization","name":"Tour Travel And More","url":"https:\/\/tourtravelandmore.com\/es\/","logo":{"@type":"ImageObject","inLanguage":"es","@id":"https:\/\/tourtravelandmore.com\/es\/#\/schema\/logo\/image\/","url":"https:\/\/tourtravelandmore.com\/wp-content\/uploads\/2022\/12\/cropped-logo-cabecera-new.png","contentUrl":"https:\/\/tourtravelandmore.com\/wp-content\/uploads\/2022\/12\/cropped-logo-cabecera-new.png","width":430,"height":61,"caption":"Tour Travel And More"},"image":{"@id":"https:\/\/tourtravelandmore.com\/es\/#\/schema\/logo\/image\/"},"sameAs":["https:\/\/www.facebook.com\/tourtravelandmore\/","https:\/\/x.com\/TourTravel_More"]}]}},"_links":{"self":[{"href":"https:\/\/tourtravelandmore.com\/es\/wp-json\/wp\/v2\/product\/153467","targetHints":{"allow":["GET"]}}],"collection":[{"href":"https:\/\/tourtravelandmore.com\/es\/wp-json\/wp\/v2\/product"}],"about":[{"href":"https:\/\/tourtravelandmore.com\/es\/wp-json\/wp\/v2\/types\/product"}],"replies":[{"embeddable":true,"href":"https:\/\/tourtravelandmore.com\/es\/wp-json\/wp\/v2\/comments?post=153467"}],"wp:featuredmedia":[{"embeddable":true,"href":"https:\/\/tourtravelandmore.com\/es\/wp-json\/wp\/v2\/media\/153458"}],"wp:attachment":[{"href":"https:\/\/tourtravelandmore.com\/es\/wp-json\/wp\/v2\/media?parent=153467"}],"wp:term":[{"taxonomy":"product_brand","embeddable":true,"href":"https:\/\/tourtravelandmore.com\/es\/wp-json\/wp\/v2\/product_brand?post=153467"},{"taxonomy":"product_cat","embeddable":true,"href":"https:\/\/tourtravelandmore.com\/es\/wp-json\/wp\/v2\/product_cat?post=153467"},{"taxonomy":"product_tag","embeddable":true,"href":"https:\/\/tourtravelandmore.com\/es\/wp-json\/wp\/v2\/product_tag?post=153467"}],"curies":[{"name":"wp","href":"https:\/\/api.w.org\/{rel}","templated":true}]}}