{"id":153376,"date":"2018-08-01T14:20:30","date_gmt":"2018-08-01T12:20:30","guid":{"rendered":"https:\/\/tourtravelandmore.com\/tours\/sin%20categor\u00eda\/tour-privado-de-tanger-y-asilah-desde-malaga\/"},"modified":"2025-06-11T10:36:56","modified_gmt":"2025-06-11T08:36:56","slug":"tour-privado-de-tanger-y-asilah-desde-malaga","status":"publish","type":"product","link":"https:\/\/tourtravelandmore.com\/es\/tours\/marruecos-es\/tanger-es\/tour-privado-de-tanger-y-asilah-desde-malaga\/","title":{"rendered":"Tour Privado de T\u00e1nger y Asilah desde M\u00e1laga"},"content":{"rendered":"<h2>Tour Privado T\u00e1nger y Asilah desde M\u00e1laga Descripci\u00f3n<\/h2>\n<p>Disfrute de este <strong>Tour Privado T\u00e1nger &amp; Asilah<\/strong> con su gu\u00eda oficial y conozca T\u00e1nger y Asilah.<\/p>\n<p>Le recogeremos en su hotel o lugar de su elecci\u00f3n en <strong>M\u00e1laga.<\/strong> Tambi\u00e9n podemos organizar una recogida privada desde su hotel en <strong>M\u00e1laga.<\/strong> P\u00f3ngase en contacto con nuestros expertos en viajes para disfrutar de una experiencia personalizada.<\/p>\n<p>En primer lugar, organizaremos una recogida privada en el lugar que desee y comenzaremos el tour <strong>privado.<\/strong> Dispondr\u00e1 de un ch\u00f3fer privado y un gu\u00eda tur\u00edstico independiente durante toda la visita a <strong>T\u00e1nger<\/strong> y <strong>Asilah.<\/strong><\/p>\n<p>Le ayudaremos a organizar su experiencia totalmente personalizada y \u00fanica en <strong>T\u00e1nger y Asilah (Marruecos).<\/strong><\/p>\n<h2>Puntos de inter\u00e9s<\/h2>\n<p>Su ch\u00f3fer privado le recoger\u00e1 a usted y a su grupo en su hotel, puerto o lugar de su elecci\u00f3n en T\u00e1nger. Si el tour comienza desde Espa\u00f1a, le recogeremos en el lugar que desee y nos dirigiremos hacia <strong>Tarifa<\/strong> para tomar el <strong>Ferry<\/strong> hacia <strong>T\u00e1nger.<\/strong><\/p>\n<p>Tras la recogida, daremos un paseo por diferentes barrios y alrededores, incluyendo varias paradas en incre\u00edbles miradores, un breve descanso en el <strong>Cabo Espartel,<\/strong> donde el <strong>Oc\u00e9ano Atl\u00e1ntico<\/strong> se encuentra con el <strong>Mar Mediterr\u00e1neo,<\/strong> una visita a las m\u00edticas <strong>Cuevas<\/strong> de <strong>H\u00e9rcules<\/strong> y \u00a1tambi\u00e9n para disfrutar de un paseo en camello de 15 minutos!<\/p>\n<p>La segunda parte de la visita consiste en un extenso paseo por el <strong>laberinto<\/strong> de <strong>callejuelas<\/strong> y <strong>callejones<\/strong> de la <strong>Kasbah<\/strong> (fortaleza), para conocer un rico patrimonio arquitect\u00f3nico que incluye una muralla del <strong>siglo XV<\/strong> y numerosos edificios de estilo <strong>\u00e1rabe-andalus\u00ed,<\/strong> que han inspirado a grandes artistas y pintores como <strong>Eug\u00e8ne Delacroix, Henri Matisse&#8230;<\/strong> Tambi\u00e9n tendr\u00e1 una vista de la <strong>Medina<\/strong> (casco antiguo).<\/p>\n<p>A continuaci\u00f3n, nos dirigiremos hacia <strong>Asilah<\/strong> para conocer esta ciudad \u00fanica. Pasee por la ciudad y disfrute de su estrecho y <strong>hermoso casco antiguo.<\/strong><\/p>\n<p>La excursi\u00f3n tambi\u00e9n le brindar\u00e1 la oportunidad de degustar la genuina cocina marroqu\u00ed y el animado ambiente de los zocos, donde los artesanos y comerciantes fabrican y venden sus art\u00edculos tradicionales.<\/p>\n<p>Podr\u00e1 personalizar este recorrido y tomar impresionantes fotograf\u00edas siempre que lo desee. Se trata de un tour \u00fanico completamente personalizado para usted y su grupo.<\/p>\n","protected":false},"excerpt":{"rendered":"<p>Tour Privado Exclusivo de T\u00e1nger y Asilah. C\u00f3moda recogida en cualquier punto de M\u00e1laga. Veh\u00edculo privado con ch\u00f3fer. Gu\u00eda tur\u00edstico independiente en T\u00e1nger. Experiencia de d\u00eda completo.<\/p>\n","protected":false},"featured_media":24672,"comment_status":"open","ping_status":"closed","template":"","meta":{"_acf_changed":false},"product_brand":[],"product_cat":[898,909,910,911,94,95,96,97,91,90,107,106],"product_tag":[],"class_list":{"0":"post-153376","1":"product","2":"type-product","3":"status-publish","4":"has-post-thumbnail","6":"product_cat-tanger-es","7":"product_cat-tanger-actividades-es","8":"product_cat-tanger-rutas-turisticas-privadas-es","9":"product_cat-tanger-excursiones-es","10":"product_cat-malaga-es","11":"product_cat-malaga-actividades-es","12":"product_cat-malaga-excursiones-es","13":"product_cat-malaga-rutas-turisticas-privadas-es","14":"product_cat-marbella-puerto-banus-rutas-turisticas-es","15":"product_cat-marbella-puerto-banus-excursiones-es","16":"product_cat-sevilla-rutas-turisticas-privadas-es","17":"product_cat-sevilla-excursiones-es","19":"first","20":"instock","21":"shipping-taxable","22":"purchasable","23":"product-type-simple"},"acf":[],"yoast_head":"<!-- This site is optimized with the Yoast SEO Premium plugin v25.3.1 (Yoast SEO v25.3.1) - https:\/\/yoast.com\/wordpress\/plugins\/seo\/ -->\n<title>\u27a1\ufe0f Tour Privado T\u00e1nger &amp; Asilah desde M\u00e1laga | Tour Travel &amp; More<\/title>\n<meta name=\"description\" content=\"Tour Privado T\u00e1nger y Asilah. Recogida confortable. Veh\u00edculo privado con chofer. Gu\u00eda tur\u00edstico independiente. Experiencia de d\u00eda completo \u2705\" \/>\n<meta name=\"robots\" content=\"index, follow, max-snippet:-1, max-image-preview:large, max-video-preview:-1\" \/>\n<link rel=\"canonical\" href=\"https:\/\/tourtravelandmore.com\/es\/tours\/marruecos-es\/tanger-es\/tour-privado-de-tanger-y-asilah-desde-malaga\/\" \/>\n<meta property=\"og:locale\" content=\"es_ES\" \/>\n<meta property=\"og:type\" content=\"article\" \/>\n<meta property=\"og:title\" content=\"Tour Privado de T\u00e1nger y Asilah desde M\u00e1laga\" \/>\n<meta property=\"og:description\" content=\"Tour Privado T\u00e1nger y Asilah. Recogida confortable. Veh\u00edculo privado con chofer. Gu\u00eda tur\u00edstico independiente. Experiencia de d\u00eda completo \u2705\" \/>\n<meta property=\"og:url\" content=\"https:\/\/tourtravelandmore.com\/es\/tours\/marruecos-es\/tanger-es\/tour-privado-de-tanger-y-asilah-desde-malaga\/\" \/>\n<meta property=\"og:site_name\" content=\"Tour Travel And More\" \/>\n<meta property=\"article:publisher\" content=\"https:\/\/www.facebook.com\/tourtravelandmore\/\" \/>\n<meta property=\"article:modified_time\" content=\"2025-06-11T08:36:56+00:00\" \/>\n<meta property=\"og:image\" content=\"https:\/\/tourtravelandmore.com\/wp-content\/uploads\/2018\/08\/Assilah_06-scaled.jpg\" \/>\n\t<meta property=\"og:image:width\" content=\"3872\" \/>\n\t<meta property=\"og:image:height\" content=\"2592\" \/>\n\t<meta property=\"og:image:type\" content=\"image\/jpeg\" \/>\n<meta name=\"twitter:card\" content=\"summary_large_image\" \/>\n<meta name=\"twitter:site\" content=\"@TourTravel_More\" \/>\n<meta name=\"twitter:label1\" content=\"Tiempo de lectura\" \/>\n\t<meta name=\"twitter:data1\" content=\"2 minutos\" \/>\n<script type=\"application\/ld+json\" class=\"yoast-schema-graph\">{\"@context\":\"https:\/\/schema.org\",\"@graph\":[{\"@type\":\"WebPage\",\"@id\":\"https:\/\/tourtravelandmore.com\/es\/tours\/marruecos-es\/tanger-es\/tour-privado-de-tanger-y-asilah-desde-malaga\/\",\"url\":\"https:\/\/tourtravelandmore.com\/es\/tours\/marruecos-es\/tanger-es\/tour-privado-de-tanger-y-asilah-desde-malaga\/\",\"name\":\"\u27a1\ufe0f Tour Privado T\u00e1nger & Asilah desde M\u00e1laga | Tour Travel & More\",\"isPartOf\":{\"@id\":\"https:\/\/tourtravelandmore.com\/es\/#website\"},\"primaryImageOfPage\":{\"@id\":\"https:\/\/tourtravelandmore.com\/es\/tours\/marruecos-es\/tanger-es\/tour-privado-de-tanger-y-asilah-desde-malaga\/#primaryimage\"},\"image\":{\"@id\":\"https:\/\/tourtravelandmore.com\/es\/tours\/marruecos-es\/tanger-es\/tour-privado-de-tanger-y-asilah-desde-malaga\/#primaryimage\"},\"thumbnailUrl\":\"https:\/\/tourtravelandmore.com\/wp-content\/uploads\/2018\/08\/Assilah_06-scaled.jpg\",\"datePublished\":\"2018-08-01T12:20:30+00:00\",\"dateModified\":\"2025-06-11T08:36:56+00:00\",\"description\":\"Tour Privado T\u00e1nger y Asilah. Recogida confortable. Veh\u00edculo privado con chofer. Gu\u00eda tur\u00edstico independiente. Experiencia de d\u00eda completo \u2705\",\"breadcrumb\":{\"@id\":\"https:\/\/tourtravelandmore.com\/es\/tours\/marruecos-es\/tanger-es\/tour-privado-de-tanger-y-asilah-desde-malaga\/#breadcrumb\"},\"inLanguage\":\"es\",\"potentialAction\":[{\"@type\":\"ReadAction\",\"target\":[\"https:\/\/tourtravelandmore.com\/es\/tours\/marruecos-es\/tanger-es\/tour-privado-de-tanger-y-asilah-desde-malaga\/\"]}]},{\"@type\":\"ImageObject\",\"inLanguage\":\"es\",\"@id\":\"https:\/\/tourtravelandmore.com\/es\/tours\/marruecos-es\/tanger-es\/tour-privado-de-tanger-y-asilah-desde-malaga\/#primaryimage\",\"url\":\"https:\/\/tourtravelandmore.com\/wp-content\/uploads\/2018\/08\/Assilah_06-scaled.jpg\",\"contentUrl\":\"https:\/\/tourtravelandmore.com\/wp-content\/uploads\/2018\/08\/Assilah_06-scaled.jpg\",\"width\":3872,\"height\":2592,\"caption\":\"????????????????????????????????????\"},{\"@type\":\"BreadcrumbList\",\"@id\":\"https:\/\/tourtravelandmore.com\/es\/tours\/marruecos-es\/tanger-es\/tour-privado-de-tanger-y-asilah-desde-malaga\/#breadcrumb\",\"itemListElement\":[{\"@type\":\"ListItem\",\"position\":1,\"name\":\"Home\",\"item\":\"https:\/\/tourtravelandmore.com\/es\/\"},{\"@type\":\"ListItem\",\"position\":2,\"name\":\"Tours\",\"item\":\"https:\/\/tourtravelandmore.com\/es\/tours\/\"},{\"@type\":\"ListItem\",\"position\":3,\"name\":\"Tour Privado de T\u00e1nger y Asilah desde M\u00e1laga\"}]},{\"@type\":\"WebSite\",\"@id\":\"https:\/\/tourtravelandmore.com\/es\/#website\",\"url\":\"https:\/\/tourtravelandmore.com\/es\/\",\"name\":\"Tour Travel And More\",\"description\":\"Private sightseeing tours and luxury transfers in Spain\",\"publisher\":{\"@id\":\"https:\/\/tourtravelandmore.com\/es\/#organization\"},\"potentialAction\":[{\"@type\":\"SearchAction\",\"target\":{\"@type\":\"EntryPoint\",\"urlTemplate\":\"https:\/\/tourtravelandmore.com\/es\/?s={search_term_string}\"},\"query-input\":{\"@type\":\"PropertyValueSpecification\",\"valueRequired\":true,\"valueName\":\"search_term_string\"}}],\"inLanguage\":\"es\"},{\"@type\":\"Organization\",\"@id\":\"https:\/\/tourtravelandmore.com\/es\/#organization\",\"name\":\"Tour Travel And More\",\"url\":\"https:\/\/tourtravelandmore.com\/es\/\",\"logo\":{\"@type\":\"ImageObject\",\"inLanguage\":\"es\",\"@id\":\"https:\/\/tourtravelandmore.com\/es\/#\/schema\/logo\/image\/\",\"url\":\"https:\/\/tourtravelandmore.com\/wp-content\/uploads\/2022\/12\/cropped-logo-cabecera-new.png\",\"contentUrl\":\"https:\/\/tourtravelandmore.com\/wp-content\/uploads\/2022\/12\/cropped-logo-cabecera-new.png\",\"width\":430,\"height\":61,\"caption\":\"Tour Travel And More\"},\"image\":{\"@id\":\"https:\/\/tourtravelandmore.com\/es\/#\/schema\/logo\/image\/\"},\"sameAs\":[\"https:\/\/www.facebook.com\/tourtravelandmore\/\",\"https:\/\/x.com\/TourTravel_More\"]}]}<\/script>\n<!-- \/ Yoast SEO Premium plugin. -->","yoast_head_json":{"title":"\u27a1\ufe0f Tour Privado T\u00e1nger & Asilah desde M\u00e1laga | Tour Travel & More","description":"Tour Privado T\u00e1nger y Asilah. Recogida confortable. Veh\u00edculo privado con chofer. Gu\u00eda tur\u00edstico independiente. Experiencia de d\u00eda completo \u2705","robots":{"index":"index","follow":"follow","max-snippet":"max-snippet:-1","max-image-preview":"max-image-preview:large","max-video-preview":"max-video-preview:-1"},"canonical":"https:\/\/tourtravelandmore.com\/es\/tours\/marruecos-es\/tanger-es\/tour-privado-de-tanger-y-asilah-desde-malaga\/","og_locale":"es_ES","og_type":"article","og_title":"Tour Privado de T\u00e1nger y Asilah desde M\u00e1laga","og_description":"Tour Privado T\u00e1nger y Asilah. Recogida confortable. Veh\u00edculo privado con chofer. Gu\u00eda tur\u00edstico independiente. Experiencia de d\u00eda completo \u2705","og_url":"https:\/\/tourtravelandmore.com\/es\/tours\/marruecos-es\/tanger-es\/tour-privado-de-tanger-y-asilah-desde-malaga\/","og_site_name":"Tour Travel And More","article_publisher":"https:\/\/www.facebook.com\/tourtravelandmore\/","article_modified_time":"2025-06-11T08:36:56+00:00","og_image":[{"width":3872,"height":2592,"url":"https:\/\/tourtravelandmore.com\/wp-content\/uploads\/2018\/08\/Assilah_06-scaled.jpg","type":"image\/jpeg"}],"twitter_card":"summary_large_image","twitter_site":"@TourTravel_More","twitter_misc":{"Tiempo de lectura":"2 minutos"},"schema":{"@context":"https:\/\/schema.org","@graph":[{"@type":"WebPage","@id":"https:\/\/tourtravelandmore.com\/es\/tours\/marruecos-es\/tanger-es\/tour-privado-de-tanger-y-asilah-desde-malaga\/","url":"https:\/\/tourtravelandmore.com\/es\/tours\/marruecos-es\/tanger-es\/tour-privado-de-tanger-y-asilah-desde-malaga\/","name":"\u27a1\ufe0f Tour Privado T\u00e1nger & Asilah desde M\u00e1laga | Tour Travel & More","isPartOf":{"@id":"https:\/\/tourtravelandmore.com\/es\/#website"},"primaryImageOfPage":{"@id":"https:\/\/tourtravelandmore.com\/es\/tours\/marruecos-es\/tanger-es\/tour-privado-de-tanger-y-asilah-desde-malaga\/#primaryimage"},"image":{"@id":"https:\/\/tourtravelandmore.com\/es\/tours\/marruecos-es\/tanger-es\/tour-privado-de-tanger-y-asilah-desde-malaga\/#primaryimage"},"thumbnailUrl":"https:\/\/tourtravelandmore.com\/wp-content\/uploads\/2018\/08\/Assilah_06-scaled.jpg","datePublished":"2018-08-01T12:20:30+00:00","dateModified":"2025-06-11T08:36:56+00:00","description":"Tour Privado T\u00e1nger y Asilah. Recogida confortable. Veh\u00edculo privado con chofer. Gu\u00eda tur\u00edstico independiente. Experiencia de d\u00eda completo \u2705","breadcrumb":{"@id":"https:\/\/tourtravelandmore.com\/es\/tours\/marruecos-es\/tanger-es\/tour-privado-de-tanger-y-asilah-desde-malaga\/#breadcrumb"},"inLanguage":"es","potentialAction":[{"@type":"ReadAction","target":["https:\/\/tourtravelandmore.com\/es\/tours\/marruecos-es\/tanger-es\/tour-privado-de-tanger-y-asilah-desde-malaga\/"]}]},{"@type":"ImageObject","inLanguage":"es","@id":"https:\/\/tourtravelandmore.com\/es\/tours\/marruecos-es\/tanger-es\/tour-privado-de-tanger-y-asilah-desde-malaga\/#primaryimage","url":"https:\/\/tourtravelandmore.com\/wp-content\/uploads\/2018\/08\/Assilah_06-scaled.jpg","contentUrl":"https:\/\/tourtravelandmore.com\/wp-content\/uploads\/2018\/08\/Assilah_06-scaled.jpg","width":3872,"height":2592,"caption":"????????????????????????????????????"},{"@type":"BreadcrumbList","@id":"https:\/\/tourtravelandmore.com\/es\/tours\/marruecos-es\/tanger-es\/tour-privado-de-tanger-y-asilah-desde-malaga\/#breadcrumb","itemListElement":[{"@type":"ListItem","position":1,"name":"Home","item":"https:\/\/tourtravelandmore.com\/es\/"},{"@type":"ListItem","position":2,"name":"Tours","item":"https:\/\/tourtravelandmore.com\/es\/tours\/"},{"@type":"ListItem","position":3,"name":"Tour Privado de T\u00e1nger y Asilah desde M\u00e1laga"}]},{"@type":"WebSite","@id":"https:\/\/tourtravelandmore.com\/es\/#website","url":"https:\/\/tourtravelandmore.com\/es\/","name":"Tour Travel And More","description":"Private sightseeing tours and luxury transfers in Spain","publisher":{"@id":"https:\/\/tourtravelandmore.com\/es\/#organization"},"potentialAction":[{"@type":"SearchAction","target":{"@type":"EntryPoint","urlTemplate":"https:\/\/tourtravelandmore.com\/es\/?s={search_term_string}"},"query-input":{"@type":"PropertyValueSpecification","valueRequired":true,"valueName":"search_term_string"}}],"inLanguage":"es"},{"@type":"Organization","@id":"https:\/\/tourtravelandmore.com\/es\/#organization","name":"Tour Travel And More","url":"https:\/\/tourtravelandmore.com\/es\/","logo":{"@type":"ImageObject","inLanguage":"es","@id":"https:\/\/tourtravelandmore.com\/es\/#\/schema\/logo\/image\/","url":"https:\/\/tourtravelandmore.com\/wp-content\/uploads\/2022\/12\/cropped-logo-cabecera-new.png","contentUrl":"https:\/\/tourtravelandmore.com\/wp-content\/uploads\/2022\/12\/cropped-logo-cabecera-new.png","width":430,"height":61,"caption":"Tour Travel And More"},"image":{"@id":"https:\/\/tourtravelandmore.com\/es\/#\/schema\/logo\/image\/"},"sameAs":["https:\/\/www.facebook.com\/tourtravelandmore\/","https:\/\/x.com\/TourTravel_More"]}]}},"_links":{"self":[{"href":"https:\/\/tourtravelandmore.com\/es\/wp-json\/wp\/v2\/product\/153376","targetHints":{"allow":["GET"]}}],"collection":[{"href":"https:\/\/tourtravelandmore.com\/es\/wp-json\/wp\/v2\/product"}],"about":[{"href":"https:\/\/tourtravelandmore.com\/es\/wp-json\/wp\/v2\/types\/product"}],"replies":[{"embeddable":true,"href":"https:\/\/tourtravelandmore.com\/es\/wp-json\/wp\/v2\/comments?post=153376"}],"wp:featuredmedia":[{"embeddable":true,"href":"https:\/\/tourtravelandmore.com\/es\/wp-json\/wp\/v2\/media\/24672"}],"wp:attachment":[{"href":"https:\/\/tourtravelandmore.com\/es\/wp-json\/wp\/v2\/media?parent=153376"}],"wp:term":[{"taxonomy":"product_brand","embeddable":true,"href":"https:\/\/tourtravelandmore.com\/es\/wp-json\/wp\/v2\/product_brand?post=153376"},{"taxonomy":"product_cat","embeddable":true,"href":"https:\/\/tourtravelandmore.com\/es\/wp-json\/wp\/v2\/product_cat?post=153376"},{"taxonomy":"product_tag","embeddable":true,"href":"https:\/\/tourtravelandmore.com\/es\/wp-json\/wp\/v2\/product_tag?post=153376"}],"curies":[{"name":"wp","href":"https:\/\/api.w.org\/{rel}","templated":true}]}}