{"id":153362,"date":"2023-02-16T19:55:42","date_gmt":"2023-02-16T18:55:45","guid":{"rendered":"https:\/\/tourtravelandmore.com\/?post_type=product&#038;p=153362"},"modified":"2024-08-06T16:23:56","modified_gmt":"2024-08-06T14:23:56","slug":"tour-privado-a-pie-de-paris","status":"publish","type":"product","link":"https:\/\/tourtravelandmore.com\/es\/tours\/francia\/paris-es\/tour-privado-a-pie-de-paris\/","title":{"rendered":"Tour Privado a pie de Par\u00eds"},"content":{"rendered":"<h2><b>Descripci\u00f3n del Tour Privado a pie de Par\u00eds<\/b><\/h2>\n<p><span style=\"font-weight: 400;\">Aproveche su visita a <\/span><b>Par\u00eds<\/b><span style=\"font-weight: 400;\"> y descubra los sitios m\u00e1s emblem\u00e1ticos de la ciudad junto a un gu\u00eda <\/span><b>oficial privado.<\/b><span style=\"font-weight: 400;\"> Nuestro tour <\/span><b>privado<\/b><span style=\"font-weight: 400;\"> a p\u00ede en <\/span><b>Paris<\/b><span style=\"font-weight: 400;\"> es a medida, adaptable a sus deseos e intereses personales.<\/span><\/p>\n<p><span style=\"font-weight: 400;\">Su gu\u00eda oficial privado le recoger\u00e1 en su hotel o apartamento en Par\u00eds para dar comienzo a su tour privado. Durante este descubrir\u00e1n Par\u00eds junto a su gu\u00eda experto en la historia, cultura y arte de la ciudad. La duraci\u00f3n del tour es de <\/span><b>3 a <\/b><b>4 horas. <\/b><span style=\"font-weight: 400;\">Puede ver tambi\u00e9n nuestra propuesta para tour del<\/span> <a href=\"https:\/\/tourtravelandmore.com\/es\/tours\/francia\/paris-es\/tour-privado-en-paris-8-horas\/\"><b>d\u00eda completo<\/b><\/a><span style=\"font-weight: 400;\"> si lo desea.<\/span><\/p>\n<p><span style=\"font-weight: 400;\">Todos nuestros <\/span><b>tours<\/b><span style=\"font-weight: 400;\"> son <\/span><b>privados<\/b><span style=\"font-weight: 400;\"> y adaptados a medida para cada uno de nuestros clientes. No dude en contactarnos, nuestro equipo le ayudar\u00e1 a coordinar la mejor experiencia posible en Par\u00eds.<\/span><\/p>\n<h2><b>Puntos de inter\u00e9s en el Tour Privado a pie de Par\u00eds<\/b><\/h2>\n<p><span style=\"font-weight: 400;\">Par\u00eds es una de las <\/span><b>ciudades<\/b><span style=\"font-weight: 400;\"> m\u00e1s influyentes del <\/span><b>mundo.<\/b><span style=\"font-weight: 400;\"> No solo por su <\/span><b>arquitectura<\/b><span style=\"font-weight: 400;\"> y <\/span><b>museos,<\/b><span style=\"font-weight: 400;\"> sino por su <\/span><b>cultura, historia, arte<\/b><span style=\"font-weight: 400;\"> y <\/span><b>gastronom\u00eda.<\/b><span style=\"font-weight: 400;\"> Nuestra propuesta de<\/span><b> tour privado<\/b><span style=\"font-weight: 400;\"> es ayudarle a descubrir los secretos de esta magn\u00edfica ciudad junto a un gu\u00eda experto. Tendr\u00e1 tambi\u00e9n a un gu\u00eda privado a su disposici\u00f3n durante todo el tour.<\/span><\/p>\n<p><b>Sitios m\u00e1s emblem\u00e1ticos de Par\u00eds:<\/b><\/p>\n<ul>\n<li style=\"font-weight: 400;\" aria-level=\"1\"><b>Torre Eiffel<\/b><\/li>\n<li style=\"font-weight: 400;\" aria-level=\"1\"><a href=\"https:\/\/www.louvre.fr\/en\"><b>Museo Louvre<\/b><\/a><\/li>\n<li style=\"font-weight: 400;\" aria-level=\"1\"><b>Catedral Notre Dame<\/b><\/li>\n<li style=\"font-weight: 400;\" aria-level=\"1\"><b>Arco de Triunfo<\/b><\/li>\n<li style=\"font-weight: 400;\" aria-level=\"1\"><b>Bas\u00edlica Sagrado Coraz\u00f3n<\/b><\/li>\n<li style=\"font-weight: 400;\" aria-level=\"1\"><b>Jardines de Luxemburgo<\/b><\/li>\n<li style=\"font-weight: 400;\" aria-level=\"1\"><b>Plaza de la Concordia<\/b><\/li>\n<li style=\"font-weight: 400;\" aria-level=\"1\"><b>Champs \u00c9lys\u00e9es<\/b><\/li>\n<li style=\"font-weight: 400;\" aria-level=\"1\"><b>Grand Palais<\/b><\/li>\n<li style=\"font-weight: 400;\" aria-level=\"1\"><b>Trocadero<\/b><\/li>\n<li style=\"font-weight: 400;\" aria-level=\"1\"><b>Moulin Rouge<\/b><\/li>\n<li style=\"font-weight: 400;\" aria-level=\"1\"><b>Mucho m\u00e1s!<\/b><\/li>\n<\/ul>\n<p><span style=\"font-weight: 400;\">En caso que deseen visitar alg\u00fan monumento o museo en Par\u00eds no dude en contactarnos. Podemos gestionar entradas sin fila a cualquier sitio en Par\u00eds. Durante su tour privado tendr\u00e1 tiempo para tomar espectaculares fotos de Par\u00eds. Recuerde que el tour es absolutamente adaptable a sus deseos e intereses personales.<\/span><\/p>\n<p><span style=\"font-weight: 400;\">Como detallado anteriormente, este tour es absolutamente privado y adaptable a medida. Nuestros expertos de viaje le ayudar\u00e1n a planificar la experiencia ideal.<\/span><\/p>\n<p><span style=\"font-weight: 400;\">Itinerario, duraci\u00f3n y horario de comienzo son totalmente ajustables a su deseo personal. No dude en contactarnos para coordinar su experiencia a medida en Par\u00eds.<\/span><\/p>\n","protected":false},"excerpt":{"rendered":"<p>Descubre la magnifica ciudad de Paris junto a su gu\u00eda oficial. Itinerario a medida, gesti\u00f3n de ingreso a museos y monumentos y recogida y devoluci\u00f3n en su alojamiento!<\/p>\n","protected":false},"featured_media":154397,"comment_status":"open","ping_status":"closed","template":"","meta":{"_acf_changed":false},"product_brand":[],"product_cat":[834,848,849,851,852],"product_tag":[],"class_list":{"0":"post-153362","1":"product","2":"type-product","3":"status-publish","4":"has-post-thumbnail","6":"product_cat-paris-es","7":"product_cat-paris-top-ventas-es","8":"product_cat-paris-actividades-es","9":"product_cat-paris-excursiones-es","10":"product_cat-paris-tours-privados-pie-es","12":"first","13":"instock","14":"shipping-taxable","15":"purchasable","16":"product-type-simple"},"acf":[],"yoast_head":"<!-- This site is optimized with the Yoast SEO Premium plugin v25.3.1 (Yoast SEO v25.3.1) - https:\/\/yoast.com\/wordpress\/plugins\/seo\/ -->\n<title>\u27a1\ufe0f Tour privado de Paris a p\u00ede con gu\u00eda oficial privado | Tour Travel &amp; More<\/title>\n<meta name=\"description\" content=\"Descubra la magnifica ciudad de Paris junto a su gu\u00eda oficial privado con nuestro tour privado. Itinerario a medida, recogida desde su hotel! \u2705\" \/>\n<meta name=\"robots\" content=\"index, follow, max-snippet:-1, max-image-preview:large, max-video-preview:-1\" \/>\n<link rel=\"canonical\" href=\"https:\/\/tourtravelandmore.com\/es\/tours\/francia\/paris-es\/tour-privado-a-pie-de-paris\/\" \/>\n<meta property=\"og:locale\" content=\"es_ES\" \/>\n<meta property=\"og:type\" content=\"article\" \/>\n<meta property=\"og:title\" content=\"Tour Privado a pie de Par\u00eds\" \/>\n<meta property=\"og:description\" content=\"Descubra la magnifica ciudad de Paris junto a su gu\u00eda oficial privado con nuestro tour privado. Itinerario a medida, recogida desde su hotel! \u2705\" \/>\n<meta property=\"og:url\" content=\"https:\/\/tourtravelandmore.com\/es\/tours\/francia\/paris-es\/tour-privado-a-pie-de-paris\/\" \/>\n<meta property=\"og:site_name\" content=\"Tour Travel And More\" \/>\n<meta property=\"article:publisher\" content=\"https:\/\/www.facebook.com\/tourtravelandmore\/\" \/>\n<meta property=\"article:modified_time\" content=\"2024-08-06T14:23:56+00:00\" \/>\n<meta property=\"og:image\" content=\"https:\/\/tourtravelandmore.com\/wp-content\/uploads\/2023\/02\/pexels-pierre-blache-3105066-1-scaled.jpg\" \/>\n\t<meta property=\"og:image:width\" content=\"2560\" \/>\n\t<meta property=\"og:image:height\" content=\"1440\" \/>\n\t<meta property=\"og:image:type\" content=\"image\/jpeg\" \/>\n<meta name=\"twitter:card\" content=\"summary_large_image\" \/>\n<meta name=\"twitter:site\" content=\"@TourTravel_More\" \/>\n<meta name=\"twitter:label1\" content=\"Tiempo de lectura\" \/>\n\t<meta name=\"twitter:data1\" content=\"2 minutos\" \/>\n<script type=\"application\/ld+json\" class=\"yoast-schema-graph\">{\"@context\":\"https:\/\/schema.org\",\"@graph\":[{\"@type\":\"WebPage\",\"@id\":\"https:\/\/tourtravelandmore.com\/es\/tours\/francia\/paris-es\/tour-privado-a-pie-de-paris\/\",\"url\":\"https:\/\/tourtravelandmore.com\/es\/tours\/francia\/paris-es\/tour-privado-a-pie-de-paris\/\",\"name\":\"\u27a1\ufe0f Tour privado de Paris a p\u00ede con gu\u00eda oficial privado | Tour Travel & More\",\"isPartOf\":{\"@id\":\"https:\/\/tourtravelandmore.com\/es\/#website\"},\"primaryImageOfPage\":{\"@id\":\"https:\/\/tourtravelandmore.com\/es\/tours\/francia\/paris-es\/tour-privado-a-pie-de-paris\/#primaryimage\"},\"image\":{\"@id\":\"https:\/\/tourtravelandmore.com\/es\/tours\/francia\/paris-es\/tour-privado-a-pie-de-paris\/#primaryimage\"},\"thumbnailUrl\":\"https:\/\/tourtravelandmore.com\/wp-content\/uploads\/2023\/02\/pexels-pierre-blache-3105066-1-scaled.jpg\",\"datePublished\":\"2023-02-16T18:55:45+00:00\",\"dateModified\":\"2024-08-06T14:23:56+00:00\",\"description\":\"Descubra la magnifica ciudad de Paris junto a su gu\u00eda oficial privado con nuestro tour privado. Itinerario a medida, recogida desde su hotel! \u2705\",\"breadcrumb\":{\"@id\":\"https:\/\/tourtravelandmore.com\/es\/tours\/francia\/paris-es\/tour-privado-a-pie-de-paris\/#breadcrumb\"},\"inLanguage\":\"es\",\"potentialAction\":[{\"@type\":\"ReadAction\",\"target\":[\"https:\/\/tourtravelandmore.com\/es\/tours\/francia\/paris-es\/tour-privado-a-pie-de-paris\/\"]}]},{\"@type\":\"ImageObject\",\"inLanguage\":\"es\",\"@id\":\"https:\/\/tourtravelandmore.com\/es\/tours\/francia\/paris-es\/tour-privado-a-pie-de-paris\/#primaryimage\",\"url\":\"https:\/\/tourtravelandmore.com\/wp-content\/uploads\/2023\/02\/pexels-pierre-blache-3105066-1-scaled.jpg\",\"contentUrl\":\"https:\/\/tourtravelandmore.com\/wp-content\/uploads\/2023\/02\/pexels-pierre-blache-3105066-1-scaled.jpg\",\"width\":2560,\"height\":1440},{\"@type\":\"BreadcrumbList\",\"@id\":\"https:\/\/tourtravelandmore.com\/es\/tours\/francia\/paris-es\/tour-privado-a-pie-de-paris\/#breadcrumb\",\"itemListElement\":[{\"@type\":\"ListItem\",\"position\":1,\"name\":\"Home\",\"item\":\"https:\/\/tourtravelandmore.com\/es\/\"},{\"@type\":\"ListItem\",\"position\":2,\"name\":\"Tours\",\"item\":\"https:\/\/tourtravelandmore.com\/es\/tours\/\"},{\"@type\":\"ListItem\",\"position\":3,\"name\":\"Tour Privado a pie de Par\u00eds\"}]},{\"@type\":\"WebSite\",\"@id\":\"https:\/\/tourtravelandmore.com\/es\/#website\",\"url\":\"https:\/\/tourtravelandmore.com\/es\/\",\"name\":\"Tour Travel And More\",\"description\":\"Private sightseeing tours and luxury transfers in Spain\",\"publisher\":{\"@id\":\"https:\/\/tourtravelandmore.com\/es\/#organization\"},\"potentialAction\":[{\"@type\":\"SearchAction\",\"target\":{\"@type\":\"EntryPoint\",\"urlTemplate\":\"https:\/\/tourtravelandmore.com\/es\/?s={search_term_string}\"},\"query-input\":{\"@type\":\"PropertyValueSpecification\",\"valueRequired\":true,\"valueName\":\"search_term_string\"}}],\"inLanguage\":\"es\"},{\"@type\":\"Organization\",\"@id\":\"https:\/\/tourtravelandmore.com\/es\/#organization\",\"name\":\"Tour Travel And More\",\"url\":\"https:\/\/tourtravelandmore.com\/es\/\",\"logo\":{\"@type\":\"ImageObject\",\"inLanguage\":\"es\",\"@id\":\"https:\/\/tourtravelandmore.com\/es\/#\/schema\/logo\/image\/\",\"url\":\"https:\/\/tourtravelandmore.com\/wp-content\/uploads\/2022\/12\/cropped-logo-cabecera-new.png\",\"contentUrl\":\"https:\/\/tourtravelandmore.com\/wp-content\/uploads\/2022\/12\/cropped-logo-cabecera-new.png\",\"width\":430,\"height\":61,\"caption\":\"Tour Travel And More\"},\"image\":{\"@id\":\"https:\/\/tourtravelandmore.com\/es\/#\/schema\/logo\/image\/\"},\"sameAs\":[\"https:\/\/www.facebook.com\/tourtravelandmore\/\",\"https:\/\/x.com\/TourTravel_More\"]}]}<\/script>\n<!-- \/ Yoast SEO Premium plugin. -->","yoast_head_json":{"title":"\u27a1\ufe0f Tour privado de Paris a p\u00ede con gu\u00eda oficial privado | Tour Travel & More","description":"Descubra la magnifica ciudad de Paris junto a su gu\u00eda oficial privado con nuestro tour privado. Itinerario a medida, recogida desde su hotel! \u2705","robots":{"index":"index","follow":"follow","max-snippet":"max-snippet:-1","max-image-preview":"max-image-preview:large","max-video-preview":"max-video-preview:-1"},"canonical":"https:\/\/tourtravelandmore.com\/es\/tours\/francia\/paris-es\/tour-privado-a-pie-de-paris\/","og_locale":"es_ES","og_type":"article","og_title":"Tour Privado a pie de Par\u00eds","og_description":"Descubra la magnifica ciudad de Paris junto a su gu\u00eda oficial privado con nuestro tour privado. Itinerario a medida, recogida desde su hotel! \u2705","og_url":"https:\/\/tourtravelandmore.com\/es\/tours\/francia\/paris-es\/tour-privado-a-pie-de-paris\/","og_site_name":"Tour Travel And More","article_publisher":"https:\/\/www.facebook.com\/tourtravelandmore\/","article_modified_time":"2024-08-06T14:23:56+00:00","og_image":[{"width":2560,"height":1440,"url":"https:\/\/tourtravelandmore.com\/wp-content\/uploads\/2023\/02\/pexels-pierre-blache-3105066-1-scaled.jpg","type":"image\/jpeg"}],"twitter_card":"summary_large_image","twitter_site":"@TourTravel_More","twitter_misc":{"Tiempo de lectura":"2 minutos"},"schema":{"@context":"https:\/\/schema.org","@graph":[{"@type":"WebPage","@id":"https:\/\/tourtravelandmore.com\/es\/tours\/francia\/paris-es\/tour-privado-a-pie-de-paris\/","url":"https:\/\/tourtravelandmore.com\/es\/tours\/francia\/paris-es\/tour-privado-a-pie-de-paris\/","name":"\u27a1\ufe0f Tour privado de Paris a p\u00ede con gu\u00eda oficial privado | Tour Travel & More","isPartOf":{"@id":"https:\/\/tourtravelandmore.com\/es\/#website"},"primaryImageOfPage":{"@id":"https:\/\/tourtravelandmore.com\/es\/tours\/francia\/paris-es\/tour-privado-a-pie-de-paris\/#primaryimage"},"image":{"@id":"https:\/\/tourtravelandmore.com\/es\/tours\/francia\/paris-es\/tour-privado-a-pie-de-paris\/#primaryimage"},"thumbnailUrl":"https:\/\/tourtravelandmore.com\/wp-content\/uploads\/2023\/02\/pexels-pierre-blache-3105066-1-scaled.jpg","datePublished":"2023-02-16T18:55:45+00:00","dateModified":"2024-08-06T14:23:56+00:00","description":"Descubra la magnifica ciudad de Paris junto a su gu\u00eda oficial privado con nuestro tour privado. Itinerario a medida, recogida desde su hotel! \u2705","breadcrumb":{"@id":"https:\/\/tourtravelandmore.com\/es\/tours\/francia\/paris-es\/tour-privado-a-pie-de-paris\/#breadcrumb"},"inLanguage":"es","potentialAction":[{"@type":"ReadAction","target":["https:\/\/tourtravelandmore.com\/es\/tours\/francia\/paris-es\/tour-privado-a-pie-de-paris\/"]}]},{"@type":"ImageObject","inLanguage":"es","@id":"https:\/\/tourtravelandmore.com\/es\/tours\/francia\/paris-es\/tour-privado-a-pie-de-paris\/#primaryimage","url":"https:\/\/tourtravelandmore.com\/wp-content\/uploads\/2023\/02\/pexels-pierre-blache-3105066-1-scaled.jpg","contentUrl":"https:\/\/tourtravelandmore.com\/wp-content\/uploads\/2023\/02\/pexels-pierre-blache-3105066-1-scaled.jpg","width":2560,"height":1440},{"@type":"BreadcrumbList","@id":"https:\/\/tourtravelandmore.com\/es\/tours\/francia\/paris-es\/tour-privado-a-pie-de-paris\/#breadcrumb","itemListElement":[{"@type":"ListItem","position":1,"name":"Home","item":"https:\/\/tourtravelandmore.com\/es\/"},{"@type":"ListItem","position":2,"name":"Tours","item":"https:\/\/tourtravelandmore.com\/es\/tours\/"},{"@type":"ListItem","position":3,"name":"Tour Privado a pie de Par\u00eds"}]},{"@type":"WebSite","@id":"https:\/\/tourtravelandmore.com\/es\/#website","url":"https:\/\/tourtravelandmore.com\/es\/","name":"Tour Travel And More","description":"Private sightseeing tours and luxury transfers in Spain","publisher":{"@id":"https:\/\/tourtravelandmore.com\/es\/#organization"},"potentialAction":[{"@type":"SearchAction","target":{"@type":"EntryPoint","urlTemplate":"https:\/\/tourtravelandmore.com\/es\/?s={search_term_string}"},"query-input":{"@type":"PropertyValueSpecification","valueRequired":true,"valueName":"search_term_string"}}],"inLanguage":"es"},{"@type":"Organization","@id":"https:\/\/tourtravelandmore.com\/es\/#organization","name":"Tour Travel And More","url":"https:\/\/tourtravelandmore.com\/es\/","logo":{"@type":"ImageObject","inLanguage":"es","@id":"https:\/\/tourtravelandmore.com\/es\/#\/schema\/logo\/image\/","url":"https:\/\/tourtravelandmore.com\/wp-content\/uploads\/2022\/12\/cropped-logo-cabecera-new.png","contentUrl":"https:\/\/tourtravelandmore.com\/wp-content\/uploads\/2022\/12\/cropped-logo-cabecera-new.png","width":430,"height":61,"caption":"Tour Travel And More"},"image":{"@id":"https:\/\/tourtravelandmore.com\/es\/#\/schema\/logo\/image\/"},"sameAs":["https:\/\/www.facebook.com\/tourtravelandmore\/","https:\/\/x.com\/TourTravel_More"]}]}},"_links":{"self":[{"href":"https:\/\/tourtravelandmore.com\/es\/wp-json\/wp\/v2\/product\/153362","targetHints":{"allow":["GET"]}}],"collection":[{"href":"https:\/\/tourtravelandmore.com\/es\/wp-json\/wp\/v2\/product"}],"about":[{"href":"https:\/\/tourtravelandmore.com\/es\/wp-json\/wp\/v2\/types\/product"}],"replies":[{"embeddable":true,"href":"https:\/\/tourtravelandmore.com\/es\/wp-json\/wp\/v2\/comments?post=153362"}],"wp:featuredmedia":[{"embeddable":true,"href":"https:\/\/tourtravelandmore.com\/es\/wp-json\/wp\/v2\/media\/154397"}],"wp:attachment":[{"href":"https:\/\/tourtravelandmore.com\/es\/wp-json\/wp\/v2\/media?parent=153362"}],"wp:term":[{"taxonomy":"product_brand","embeddable":true,"href":"https:\/\/tourtravelandmore.com\/es\/wp-json\/wp\/v2\/product_brand?post=153362"},{"taxonomy":"product_cat","embeddable":true,"href":"https:\/\/tourtravelandmore.com\/es\/wp-json\/wp\/v2\/product_cat?post=153362"},{"taxonomy":"product_tag","embeddable":true,"href":"https:\/\/tourtravelandmore.com\/es\/wp-json\/wp\/v2\/product_tag?post=153362"}],"curies":[{"name":"wp","href":"https:\/\/api.w.org\/{rel}","templated":true}]}}