{"id":15327,"date":"2017-11-08T12:35:12","date_gmt":"2017-11-08T12:04:30","guid":{"rendered":"http:\/\/tourtravelandmore.com\/es\/?post_type=product&#038;p=15327"},"modified":"2022-11-26T00:44:17","modified_gmt":"2022-11-25T23:44:17","slug":"city-tour-privado-dia-completo-8-horas-en-barcelona","status":"publish","type":"product","link":"https:\/\/tourtravelandmore.com\/es\/tours\/espana-es\/barcelona-es\/city-tour-privado-dia-completo-8-horas-en-barcelona\/","title":{"rendered":"Tour de Barcelona dia completo &#8211; Tour privado"},"content":{"rendered":"<h2>Descripci\u00f3n Tour de Barcelona d\u00eda completo &#8211; Tour privado<\/h2>\n<p>El Tour de Barcelona, de d\u00eda completo, es perfecto para aquellas personas que disponen de poco tiempo para conocer la ciudad. Tendr\u00e1 a su disposici\u00f3n un gu\u00eda oficial privado y un conductor con veh\u00edculo privado.<\/p>\n<p>La duraci\u00f3n del Tour son 8 horas desde la recogida en su Hotel, Apartamento Terminal de cruceros.<\/p>\n<p>Nuestro conductor privado y gu\u00eda oficial privado os recoger\u00e1 a la hora establecida para realizar el tour de Barcelona de d\u00eda completo, a la hora de la comida podr\u00e1n parar para comer y luego seguir con su tour.<\/p>\n<p>No hay entradas incluidas, pero podemos a\u00f1adir entradas sin colas a los principales monumentos sin problemas, solo nos lo ten\u00e9is que especificar en el formulario del tour y os lo mandaremos especificado. En un Tour de 8 horas recomendamos como m\u00e1ximo 3 monumentos, para que nos d\u00e9 tiempo de conocer el resto de la ciudad. <strong>Podemos a\u00f1adir entradas sin colas para la Sagrada Familia, Camp Nou, Park Guell, Casa Batll\u00f3, La Pedrera<\/strong>, estos ser\u00edan los monumentos m\u00e1s importantes para entrar a conocerlos sin colas. Todas las entradas que compramos son sin colas, de acceso preferente.<\/p>\n<h2>Punto de inter\u00e9s Tour de Barcelona d\u00eda completo &#8211; Tour privado<\/h2>\n<p>Nos centraremos en los principales barrios de la ciudad y atracciones tur\u00edsticas, en aquellas zonas m\u00e1s relevantes nos bajaremos para realizar un recorrido a pie, o nos pararemos enfrente del monumento para realizar una explicaci\u00f3n o simplemente para realizar fotos, al ser un tour completamente privado, nos adaptamos a las necesidades de los viajeros.<\/p>\n<p>Estos son los principales atracciones y barrios que vamos a conocer a lo largo del tour:<\/p>\n<ul>\n<li><strong>Passeig de Gracia<\/strong><\/li>\n<li><strong>Casa Batll\u00f3<\/strong><\/li>\n<li><strong>La Pedrera<\/strong><\/li>\n<li><strong>Sagrada Familia<\/strong><\/li>\n<li><strong>Park Guell<\/strong><\/li>\n<li><strong>Las Ramblas<\/strong><\/li>\n<li><strong>Mercado de la Boqueria<\/strong><\/li>\n<li><strong>Barrio G\u00f3tico<\/strong><\/li>\n<li><strong>Plaza Catalunya<\/strong><\/li>\n<li><strong>El Born<\/strong><\/li>\n<li><strong>Museo Picasso<\/strong><\/li>\n<li><strong>Camp Nou<\/strong><\/li>\n<li><strong>Puerto Ol\u00edmpico<\/strong><\/li>\n<li><strong>Montjuic<\/strong><\/li>\n<li><strong>Y muchos sitios m\u00e1s!<\/strong><\/li>\n<\/ul>\n<p>Durante la total duraci\u00f3n del tour van a disfrutar de la ciudad en su coche de lujo privado, con su gu\u00eda oficial privado, el quien os ense\u00f1ara lo m\u00e1s bonito, emblem\u00e1tico y representativo de esta magn\u00edfica ciudad. Barcelona tiene una oferta cultural muy amplia, con monumentos y museos que ofrecen obras de artistas muy reconocidos a nivel mundial como<strong><a href=\"https:\/\/es.wikipedia.org\/wiki\/Antoni_Gaud%C3%AD\"> Antoni Gaud\u00ed<\/a> y <a href=\"https:\/\/es.wikipedia.org\/wiki\/Pablo_Picasso\">Pablo Picasso<\/a>.<\/strong><\/p>\n<p><strong>Antonio Gaud\u00ed <\/strong>fue el arquitecto m\u00e1s influyente de Barcelona y m\u00e1s representativo, no se puede entender la ciudad de Barcelona sin conocer la historia y obra de Antonio Gaudi. Barcelona y el famoso arquitecto van juntos de la mano. Las obras m\u00e1s importantes son: La Sagrada Familia, Park Guell, La Pedrera, Casa Batll\u00f3. Todos estos edificios pasaremos por enfrente de ellos y pararemos, pero si desean alguna entrada sin cola no dude en escribirlo en el formulario de contacto.<\/p>\n<p>Si no desea realizar un el tour de Barcelona d\u00eda completo, ya que lo considera mucho tiempo, puede escoger el t<a href=\"https:\/\/tourtravelandmore.com\/es\/tours\/espana-es\/barcelona-es\/tour-privado-barcelona-ciudad\/\">our privado de medio d\u00eda de la ciudad de Barcelona.<\/a><\/p>\n","protected":false},"excerpt":{"rendered":"<p>Disfrute de esta experiencia completamente privada y aproveche al m\u00e1ximo su visita a Barcelona con este <strong>City Tour privado de d\u00eda completo en Barcelona<\/strong> en su veh\u00edculo privado de lujo con su conductor privado y su gu\u00eda tur\u00edstico oficial. Aproveche esta oportunidad para conocer una de las ciudades m\u00e1s visitadas del mundo. Podemos incluir entradas para visitar cualquier monumento o museo que desee. Personalice su propia experiencia.<\/p>\n","protected":false},"featured_media":15312,"comment_status":"open","ping_status":"closed","template":"","meta":{"_acf_changed":false},"product_brand":[],"product_cat":[69,283,266,270,267,547],"product_tag":[],"class_list":{"0":"post-15327","1":"product","2":"type-product","3":"status-publish","4":"has-post-thumbnail","6":"product_cat-barcelona-es","7":"product_cat-barcelona-top-ventas-es","8":"product_cat-barcelona-actividades-es","9":"product_cat-barcelona-rutas-turisticas-privadas-es","10":"product_cat-barcelona-excursiones-es","11":"product_cat-barcelona-excursiones-privadas-cruceros-es","13":"first","14":"instock","15":"shipping-taxable","16":"purchasable","17":"product-type-simple"},"acf":[],"yoast_head":"<!-- This site is optimized with the Yoast SEO Premium plugin v25.3.1 (Yoast SEO v25.3.1) - https:\/\/yoast.com\/wordpress\/plugins\/seo\/ -->\n<title>\u27a1\ufe0f Tour de Barcelona dia completo | Tour Travel &amp; More<\/title>\n<meta name=\"description\" content=\"Gracias al tour de Barcelona de dia completo podr\u00e1s conocer lo m\u00e1ximo de la ciudad, en poco tiempo. Las principales barrios, monumentos y mucho mas! \u2705\" \/>\n<meta name=\"robots\" content=\"index, follow, max-snippet:-1, max-image-preview:large, max-video-preview:-1\" \/>\n<link rel=\"canonical\" href=\"https:\/\/tourtravelandmore.com\/es\/tours\/espana-es\/barcelona-es\/city-tour-privado-dia-completo-8-horas-en-barcelona\/\" \/>\n<meta property=\"og:locale\" content=\"es_ES\" \/>\n<meta property=\"og:type\" content=\"article\" \/>\n<meta property=\"og:title\" content=\"Tour de Barcelona dia completo - Tour privado\" \/>\n<meta property=\"og:description\" content=\"Gracias al tour de Barcelona de dia completo podr\u00e1s conocer lo m\u00e1ximo de la ciudad, en poco tiempo. Las principales barrios, monumentos y mucho mas! \u2705\" \/>\n<meta property=\"og:url\" content=\"https:\/\/tourtravelandmore.com\/es\/tours\/espana-es\/barcelona-es\/city-tour-privado-dia-completo-8-horas-en-barcelona\/\" \/>\n<meta property=\"og:site_name\" content=\"Tour Travel And More\" \/>\n<meta property=\"article:publisher\" content=\"https:\/\/www.facebook.com\/tourtravelandmore\/\" \/>\n<meta property=\"article:modified_time\" content=\"2022-11-25T23:44:17+00:00\" \/>\n<meta property=\"og:image\" content=\"https:\/\/tourtravelandmore.com\/wp-content\/uploads\/2017\/11\/barcelona-838716_960_720.jpg\" \/>\n\t<meta property=\"og:image:width\" content=\"960\" \/>\n\t<meta property=\"og:image:height\" content=\"640\" \/>\n\t<meta property=\"og:image:type\" content=\"image\/jpeg\" \/>\n<meta name=\"twitter:card\" content=\"summary_large_image\" \/>\n<meta name=\"twitter:site\" content=\"@TourTravel_More\" \/>\n<meta name=\"twitter:label1\" content=\"Tiempo de lectura\" \/>\n\t<meta name=\"twitter:data1\" content=\"3 minutos\" \/>\n<script type=\"application\/ld+json\" class=\"yoast-schema-graph\">{\"@context\":\"https:\/\/schema.org\",\"@graph\":[{\"@type\":\"WebPage\",\"@id\":\"https:\/\/tourtravelandmore.com\/es\/tours\/espana-es\/barcelona-es\/city-tour-privado-dia-completo-8-horas-en-barcelona\/\",\"url\":\"https:\/\/tourtravelandmore.com\/es\/tours\/espana-es\/barcelona-es\/city-tour-privado-dia-completo-8-horas-en-barcelona\/\",\"name\":\"\u27a1\ufe0f Tour de Barcelona dia completo | Tour Travel & More\",\"isPartOf\":{\"@id\":\"https:\/\/tourtravelandmore.com\/es\/#website\"},\"primaryImageOfPage\":{\"@id\":\"https:\/\/tourtravelandmore.com\/es\/tours\/espana-es\/barcelona-es\/city-tour-privado-dia-completo-8-horas-en-barcelona\/#primaryimage\"},\"image\":{\"@id\":\"https:\/\/tourtravelandmore.com\/es\/tours\/espana-es\/barcelona-es\/city-tour-privado-dia-completo-8-horas-en-barcelona\/#primaryimage\"},\"thumbnailUrl\":\"https:\/\/tourtravelandmore.com\/wp-content\/uploads\/2017\/11\/barcelona-838716_960_720.jpg\",\"datePublished\":\"2017-11-08T12:04:30+00:00\",\"dateModified\":\"2022-11-25T23:44:17+00:00\",\"description\":\"Gracias al tour de Barcelona de dia completo podr\u00e1s conocer lo m\u00e1ximo de la ciudad, en poco tiempo. Las principales barrios, monumentos y mucho mas! \u2705\",\"breadcrumb\":{\"@id\":\"https:\/\/tourtravelandmore.com\/es\/tours\/espana-es\/barcelona-es\/city-tour-privado-dia-completo-8-horas-en-barcelona\/#breadcrumb\"},\"inLanguage\":\"es\",\"potentialAction\":[{\"@type\":\"ReadAction\",\"target\":[\"https:\/\/tourtravelandmore.com\/es\/tours\/espana-es\/barcelona-es\/city-tour-privado-dia-completo-8-horas-en-barcelona\/\"]}]},{\"@type\":\"ImageObject\",\"inLanguage\":\"es\",\"@id\":\"https:\/\/tourtravelandmore.com\/es\/tours\/espana-es\/barcelona-es\/city-tour-privado-dia-completo-8-horas-en-barcelona\/#primaryimage\",\"url\":\"https:\/\/tourtravelandmore.com\/wp-content\/uploads\/2017\/11\/barcelona-838716_960_720.jpg\",\"contentUrl\":\"https:\/\/tourtravelandmore.com\/wp-content\/uploads\/2017\/11\/barcelona-838716_960_720.jpg\",\"width\":960,\"height\":640},{\"@type\":\"BreadcrumbList\",\"@id\":\"https:\/\/tourtravelandmore.com\/es\/tours\/espana-es\/barcelona-es\/city-tour-privado-dia-completo-8-horas-en-barcelona\/#breadcrumb\",\"itemListElement\":[{\"@type\":\"ListItem\",\"position\":1,\"name\":\"Home\",\"item\":\"https:\/\/tourtravelandmore.com\/es\/\"},{\"@type\":\"ListItem\",\"position\":2,\"name\":\"Tours\",\"item\":\"https:\/\/tourtravelandmore.com\/es\/tours\/\"},{\"@type\":\"ListItem\",\"position\":3,\"name\":\"Tour de Barcelona dia completo &#8211; Tour privado\"}]},{\"@type\":\"WebSite\",\"@id\":\"https:\/\/tourtravelandmore.com\/es\/#website\",\"url\":\"https:\/\/tourtravelandmore.com\/es\/\",\"name\":\"Tour Travel And More\",\"description\":\"Private sightseeing tours and luxury transfers in Spain\",\"publisher\":{\"@id\":\"https:\/\/tourtravelandmore.com\/es\/#organization\"},\"potentialAction\":[{\"@type\":\"SearchAction\",\"target\":{\"@type\":\"EntryPoint\",\"urlTemplate\":\"https:\/\/tourtravelandmore.com\/es\/?s={search_term_string}\"},\"query-input\":{\"@type\":\"PropertyValueSpecification\",\"valueRequired\":true,\"valueName\":\"search_term_string\"}}],\"inLanguage\":\"es\"},{\"@type\":\"Organization\",\"@id\":\"https:\/\/tourtravelandmore.com\/es\/#organization\",\"name\":\"Tour Travel And More\",\"url\":\"https:\/\/tourtravelandmore.com\/es\/\",\"logo\":{\"@type\":\"ImageObject\",\"inLanguage\":\"es\",\"@id\":\"https:\/\/tourtravelandmore.com\/es\/#\/schema\/logo\/image\/\",\"url\":\"https:\/\/tourtravelandmore.com\/wp-content\/uploads\/2022\/12\/cropped-logo-cabecera-new.png\",\"contentUrl\":\"https:\/\/tourtravelandmore.com\/wp-content\/uploads\/2022\/12\/cropped-logo-cabecera-new.png\",\"width\":430,\"height\":61,\"caption\":\"Tour Travel And More\"},\"image\":{\"@id\":\"https:\/\/tourtravelandmore.com\/es\/#\/schema\/logo\/image\/\"},\"sameAs\":[\"https:\/\/www.facebook.com\/tourtravelandmore\/\",\"https:\/\/x.com\/TourTravel_More\"]}]}<\/script>\n<!-- \/ Yoast SEO Premium plugin. -->","yoast_head_json":{"title":"\u27a1\ufe0f Tour de Barcelona dia completo | Tour Travel & More","description":"Gracias al tour de Barcelona de dia completo podr\u00e1s conocer lo m\u00e1ximo de la ciudad, en poco tiempo. Las principales barrios, monumentos y mucho mas! \u2705","robots":{"index":"index","follow":"follow","max-snippet":"max-snippet:-1","max-image-preview":"max-image-preview:large","max-video-preview":"max-video-preview:-1"},"canonical":"https:\/\/tourtravelandmore.com\/es\/tours\/espana-es\/barcelona-es\/city-tour-privado-dia-completo-8-horas-en-barcelona\/","og_locale":"es_ES","og_type":"article","og_title":"Tour de Barcelona dia completo - Tour privado","og_description":"Gracias al tour de Barcelona de dia completo podr\u00e1s conocer lo m\u00e1ximo de la ciudad, en poco tiempo. Las principales barrios, monumentos y mucho mas! \u2705","og_url":"https:\/\/tourtravelandmore.com\/es\/tours\/espana-es\/barcelona-es\/city-tour-privado-dia-completo-8-horas-en-barcelona\/","og_site_name":"Tour Travel And More","article_publisher":"https:\/\/www.facebook.com\/tourtravelandmore\/","article_modified_time":"2022-11-25T23:44:17+00:00","og_image":[{"width":960,"height":640,"url":"https:\/\/tourtravelandmore.com\/wp-content\/uploads\/2017\/11\/barcelona-838716_960_720.jpg","type":"image\/jpeg"}],"twitter_card":"summary_large_image","twitter_site":"@TourTravel_More","twitter_misc":{"Tiempo de lectura":"3 minutos"},"schema":{"@context":"https:\/\/schema.org","@graph":[{"@type":"WebPage","@id":"https:\/\/tourtravelandmore.com\/es\/tours\/espana-es\/barcelona-es\/city-tour-privado-dia-completo-8-horas-en-barcelona\/","url":"https:\/\/tourtravelandmore.com\/es\/tours\/espana-es\/barcelona-es\/city-tour-privado-dia-completo-8-horas-en-barcelona\/","name":"\u27a1\ufe0f Tour de Barcelona dia completo | Tour Travel & More","isPartOf":{"@id":"https:\/\/tourtravelandmore.com\/es\/#website"},"primaryImageOfPage":{"@id":"https:\/\/tourtravelandmore.com\/es\/tours\/espana-es\/barcelona-es\/city-tour-privado-dia-completo-8-horas-en-barcelona\/#primaryimage"},"image":{"@id":"https:\/\/tourtravelandmore.com\/es\/tours\/espana-es\/barcelona-es\/city-tour-privado-dia-completo-8-horas-en-barcelona\/#primaryimage"},"thumbnailUrl":"https:\/\/tourtravelandmore.com\/wp-content\/uploads\/2017\/11\/barcelona-838716_960_720.jpg","datePublished":"2017-11-08T12:04:30+00:00","dateModified":"2022-11-25T23:44:17+00:00","description":"Gracias al tour de Barcelona de dia completo podr\u00e1s conocer lo m\u00e1ximo de la ciudad, en poco tiempo. Las principales barrios, monumentos y mucho mas! \u2705","breadcrumb":{"@id":"https:\/\/tourtravelandmore.com\/es\/tours\/espana-es\/barcelona-es\/city-tour-privado-dia-completo-8-horas-en-barcelona\/#breadcrumb"},"inLanguage":"es","potentialAction":[{"@type":"ReadAction","target":["https:\/\/tourtravelandmore.com\/es\/tours\/espana-es\/barcelona-es\/city-tour-privado-dia-completo-8-horas-en-barcelona\/"]}]},{"@type":"ImageObject","inLanguage":"es","@id":"https:\/\/tourtravelandmore.com\/es\/tours\/espana-es\/barcelona-es\/city-tour-privado-dia-completo-8-horas-en-barcelona\/#primaryimage","url":"https:\/\/tourtravelandmore.com\/wp-content\/uploads\/2017\/11\/barcelona-838716_960_720.jpg","contentUrl":"https:\/\/tourtravelandmore.com\/wp-content\/uploads\/2017\/11\/barcelona-838716_960_720.jpg","width":960,"height":640},{"@type":"BreadcrumbList","@id":"https:\/\/tourtravelandmore.com\/es\/tours\/espana-es\/barcelona-es\/city-tour-privado-dia-completo-8-horas-en-barcelona\/#breadcrumb","itemListElement":[{"@type":"ListItem","position":1,"name":"Home","item":"https:\/\/tourtravelandmore.com\/es\/"},{"@type":"ListItem","position":2,"name":"Tours","item":"https:\/\/tourtravelandmore.com\/es\/tours\/"},{"@type":"ListItem","position":3,"name":"Tour de Barcelona dia completo &#8211; Tour privado"}]},{"@type":"WebSite","@id":"https:\/\/tourtravelandmore.com\/es\/#website","url":"https:\/\/tourtravelandmore.com\/es\/","name":"Tour Travel And More","description":"Private sightseeing tours and luxury transfers in Spain","publisher":{"@id":"https:\/\/tourtravelandmore.com\/es\/#organization"},"potentialAction":[{"@type":"SearchAction","target":{"@type":"EntryPoint","urlTemplate":"https:\/\/tourtravelandmore.com\/es\/?s={search_term_string}"},"query-input":{"@type":"PropertyValueSpecification","valueRequired":true,"valueName":"search_term_string"}}],"inLanguage":"es"},{"@type":"Organization","@id":"https:\/\/tourtravelandmore.com\/es\/#organization","name":"Tour Travel And More","url":"https:\/\/tourtravelandmore.com\/es\/","logo":{"@type":"ImageObject","inLanguage":"es","@id":"https:\/\/tourtravelandmore.com\/es\/#\/schema\/logo\/image\/","url":"https:\/\/tourtravelandmore.com\/wp-content\/uploads\/2022\/12\/cropped-logo-cabecera-new.png","contentUrl":"https:\/\/tourtravelandmore.com\/wp-content\/uploads\/2022\/12\/cropped-logo-cabecera-new.png","width":430,"height":61,"caption":"Tour Travel And More"},"image":{"@id":"https:\/\/tourtravelandmore.com\/es\/#\/schema\/logo\/image\/"},"sameAs":["https:\/\/www.facebook.com\/tourtravelandmore\/","https:\/\/x.com\/TourTravel_More"]}]}},"_links":{"self":[{"href":"https:\/\/tourtravelandmore.com\/es\/wp-json\/wp\/v2\/product\/15327","targetHints":{"allow":["GET"]}}],"collection":[{"href":"https:\/\/tourtravelandmore.com\/es\/wp-json\/wp\/v2\/product"}],"about":[{"href":"https:\/\/tourtravelandmore.com\/es\/wp-json\/wp\/v2\/types\/product"}],"replies":[{"embeddable":true,"href":"https:\/\/tourtravelandmore.com\/es\/wp-json\/wp\/v2\/comments?post=15327"}],"wp:featuredmedia":[{"embeddable":true,"href":"https:\/\/tourtravelandmore.com\/es\/wp-json\/wp\/v2\/media\/15312"}],"wp:attachment":[{"href":"https:\/\/tourtravelandmore.com\/es\/wp-json\/wp\/v2\/media?parent=15327"}],"wp:term":[{"taxonomy":"product_brand","embeddable":true,"href":"https:\/\/tourtravelandmore.com\/es\/wp-json\/wp\/v2\/product_brand?post=15327"},{"taxonomy":"product_cat","embeddable":true,"href":"https:\/\/tourtravelandmore.com\/es\/wp-json\/wp\/v2\/product_cat?post=15327"},{"taxonomy":"product_tag","embeddable":true,"href":"https:\/\/tourtravelandmore.com\/es\/wp-json\/wp\/v2\/product_tag?post=15327"}],"curies":[{"name":"wp","href":"https:\/\/api.w.org\/{rel}","templated":true}]}}