{"id":153041,"date":"2023-02-14T02:35:32","date_gmt":"2023-02-14T01:35:32","guid":{"rendered":"https:\/\/tourtravelandmore.com\/tours\/sin%20categor\u00eda\/traslados-privados-del-aeropuerto-de-glasgow\/"},"modified":"2023-02-22T02:10:53","modified_gmt":"2023-02-22T01:10:53","slug":"traslados-privados-del-aeropuerto-de-glasgow","status":"publish","type":"product","link":"https:\/\/tourtravelandmore.com\/es\/tours\/escocia-es\/glasgow-es\/traslados-privados-del-aeropuerto-de-glasgow\/","title":{"rendered":"Traslados Privados del Aeropuerto de Glasgow"},"content":{"rendered":"<p><span style=\"font-weight: 400;\">Disfruta de una experiencia relajante en uno de nuestros veh\u00edculos privados de lujo con nuestros traslados privados desde y o hacia el aeropuerto de Glasgow. Le ofrecemos la forma m\u00e1s r\u00e1pida y sencilla de llegar a su destino final.<\/span><\/p>\n<p><b>Tour Travel &amp; More &#8211; Una gran variedad de destinos para elegir, incluyendo: Edimburgo, Stirling, Loch Lomond y las Highlands Escocesas.<\/b><\/p>\n<p><span style=\"font-weight: 400;\">Recuerde que su traslado es completamente personalizado, no importa en qu\u00e9 punto de Glasgow est\u00e9, nosotros nos encargaremos de ir por usted en tiempo y forma.<\/span><\/p>\n<p><span style=\"font-weight: 400;\">Ofrecemos todo tipo de traslados, como por ejemplo, traslados al aeropuerto, estaci\u00f3n de tren o traslados a cualquier otra ciudad o lugar cercano.<\/span><\/p>\n<p><span style=\"font-weight: 400;\">Una vez que llegue a su parada, nuestro personal le estar\u00e1 esperando con un cartel en el vest\u00edbulo de llegadas. Durante su llegada a su destino final, tambi\u00e9n podr\u00e1 disfrutar de una vista panor\u00e1mica de la ciudad.<\/span><\/p>\n<p><span style=\"font-weight: 400;\">Tambi\u00e9n disfrute de traslados privados desde su hotel o apartamento hasta la estaci\u00f3n de tren de Glasgow. Podemos llevarle a su hotel en Glasgow o en cualquier otra ciudad cercana, como Edimburgo o Stirling.<\/span><\/p>\n<h2><b>Puntos de Inter\u00e9s en los Traslados Privados desde el Aeropuerto de Glasgow<\/b><\/h2>\n<p><span style=\"font-weight: 400;\">Ofrecemos servicios de traslado y un servicio personalizado y privado para todos los grupos. Todos nuestros veh\u00edculos son de alta gama. Todos nuestros conductores est\u00e1n capacitados profesionalmente y tienen experiencia para un viaje seguro. Brindan el mejor servicio para garantizar que disfrute de su viaje.<\/span><\/p>\n<p><span style=\"font-weight: 400;\">Todo lo que necesita hacer es contactarnos y organizaremos su traslado de la mejor manera posible. Tour Travel &amp; More es resultado de garant\u00eda y satisfacci\u00f3n.<\/span><\/p>\n<p><span style=\"font-weight: 400;\">Una vez que haya hecho la reserva, recibir\u00e1 un correo de confirmaci\u00f3n. Luego necesitaremos la informaci\u00f3n de su vuelo, la hora de llegada y la compa\u00f1\u00eda a\u00e9rea. Entre 48 y 24 horas antes de su hora de llegada, necesitaremos una confirmaci\u00f3n de todos estos detalles para que su servicio de traslado sea perfecto.<\/span><\/p>\n<p><span style=\"font-weight: 400;\">No limitamos la cantidad de equipaje que puedes traer, pero inf\u00f3rmenos con cu\u00e1nto equipaje viajar\u00e1s por razones log\u00edsticas. A veces se puede requerir un veh\u00edculo m\u00e1s grande y se pueden aplicar tarifas adicionales.<\/span><\/p>\n<p><span style=\"font-weight: 400;\">Adem\u00e1s, si necesita un traslado privado desde el aeropuerto de Glasgow, no dude en ponerse en contacto con nosotros. Le aseguramos un servicio de alta calidad con un conductor profesional y un veh\u00edculo de lujo para que llegue a su destino final con comodidad y estilo.<\/span><\/p>\n<p><span style=\"font-weight: 400;\">Le ofrecemos un servicio de traslado privado de lujo desde su alojamiento hasta el aeropuerto de Glasgow. Disfrute de un viaje relajante y sin preocupaciones mientras nuestro conductor experimentado se encarga de todo. Comun\u00edquenos su hora de partida y nos encargaremos de hacer de su viaje una experiencia memorable y sin estr\u00e9s. \u00a1Viaje con comodidad y estilo con nuestro servicio de traslado privado!<\/span><\/p>\n","protected":false},"excerpt":{"rendered":"<p><span style=\"font-weight: 400;\">\u00a1Llegue a su destino final en comodidad y estilo con nuestros traslados privados desde el aeropuerto de Glasgow! Con conductor profesional y veh\u00edculo de lujo, le aseguramos un viaje sin estr\u00e9s y relajante.<\/span><\/p>\n","protected":false},"featured_media":142990,"comment_status":"open","ping_status":"closed","template":"","meta":{"_acf_changed":false},"product_brand":[],"product_cat":[4286],"product_tag":[],"class_list":{"0":"post-153041","1":"product","2":"type-product","3":"status-publish","4":"has-post-thumbnail","6":"product_cat-glasgow-es","8":"first","9":"instock","10":"shipping-taxable","11":"purchasable","12":"product-type-simple"},"acf":[],"yoast_head":"<!-- This site is optimized with the Yoast SEO Premium plugin v25.3.1 (Yoast SEO v25.3.1) - https:\/\/yoast.com\/wordpress\/plugins\/seo\/ -->\n<title>\u27a1\ufe0f Traslados Privados desde el Aeropuerto de Glasgow<\/title>\n<meta name=\"description\" content=\"Disfrute de un servicio de traslado privado desde el aeropuerto de Glasgow con conductor profesional y veh\u00edculo de lujo. Comun\u00edquenos su hora de llegada \u2705\" \/>\n<meta name=\"robots\" content=\"index, follow, max-snippet:-1, max-image-preview:large, max-video-preview:-1\" \/>\n<link rel=\"canonical\" href=\"https:\/\/tourtravelandmore.com\/es\/tours\/escocia-es\/glasgow-es\/traslados-privados-del-aeropuerto-de-glasgow\/\" \/>\n<meta property=\"og:locale\" content=\"es_ES\" \/>\n<meta property=\"og:type\" content=\"article\" \/>\n<meta property=\"og:title\" content=\"Traslados Privados del Aeropuerto de Glasgow\" \/>\n<meta property=\"og:description\" content=\"Disfrute de un servicio de traslado privado desde el aeropuerto de Glasgow con conductor profesional y veh\u00edculo de lujo. Comun\u00edquenos su hora de llegada \u2705\" \/>\n<meta property=\"og:url\" content=\"https:\/\/tourtravelandmore.com\/es\/tours\/escocia-es\/glasgow-es\/traslados-privados-del-aeropuerto-de-glasgow\/\" \/>\n<meta property=\"og:site_name\" content=\"Tour Travel And More\" \/>\n<meta property=\"article:publisher\" content=\"https:\/\/www.facebook.com\/tourtravelandmore\/\" \/>\n<meta property=\"article:modified_time\" content=\"2023-02-22T01:10:53+00:00\" \/>\n<meta property=\"og:image\" content=\"https:\/\/tourtravelandmore.com\/wp-content\/uploads\/2019\/10\/58.jpg\" \/>\n\t<meta property=\"og:image:width\" content=\"720\" \/>\n\t<meta property=\"og:image:height\" content=\"480\" \/>\n\t<meta property=\"og:image:type\" content=\"image\/jpeg\" \/>\n<meta name=\"twitter:card\" content=\"summary_large_image\" \/>\n<meta name=\"twitter:site\" content=\"@TourTravel_More\" \/>\n<meta name=\"twitter:label1\" content=\"Tiempo de lectura\" \/>\n\t<meta name=\"twitter:data1\" content=\"2 minutos\" \/>\n<script type=\"application\/ld+json\" class=\"yoast-schema-graph\">{\"@context\":\"https:\/\/schema.org\",\"@graph\":[{\"@type\":\"WebPage\",\"@id\":\"https:\/\/tourtravelandmore.com\/es\/tours\/escocia-es\/glasgow-es\/traslados-privados-del-aeropuerto-de-glasgow\/\",\"url\":\"https:\/\/tourtravelandmore.com\/es\/tours\/escocia-es\/glasgow-es\/traslados-privados-del-aeropuerto-de-glasgow\/\",\"name\":\"\u27a1\ufe0f Traslados Privados desde el Aeropuerto de Glasgow\",\"isPartOf\":{\"@id\":\"https:\/\/tourtravelandmore.com\/es\/#website\"},\"primaryImageOfPage\":{\"@id\":\"https:\/\/tourtravelandmore.com\/es\/tours\/escocia-es\/glasgow-es\/traslados-privados-del-aeropuerto-de-glasgow\/#primaryimage\"},\"image\":{\"@id\":\"https:\/\/tourtravelandmore.com\/es\/tours\/escocia-es\/glasgow-es\/traslados-privados-del-aeropuerto-de-glasgow\/#primaryimage\"},\"thumbnailUrl\":\"https:\/\/tourtravelandmore.com\/wp-content\/uploads\/2019\/10\/58.jpg\",\"datePublished\":\"2023-02-14T01:35:32+00:00\",\"dateModified\":\"2023-02-22T01:10:53+00:00\",\"description\":\"Disfrute de un servicio de traslado privado desde el aeropuerto de Glasgow con conductor profesional y veh\u00edculo de lujo. Comun\u00edquenos su hora de llegada \u2705\",\"breadcrumb\":{\"@id\":\"https:\/\/tourtravelandmore.com\/es\/tours\/escocia-es\/glasgow-es\/traslados-privados-del-aeropuerto-de-glasgow\/#breadcrumb\"},\"inLanguage\":\"es\",\"potentialAction\":[{\"@type\":\"ReadAction\",\"target\":[\"https:\/\/tourtravelandmore.com\/es\/tours\/escocia-es\/glasgow-es\/traslados-privados-del-aeropuerto-de-glasgow\/\"]}]},{\"@type\":\"ImageObject\",\"inLanguage\":\"es\",\"@id\":\"https:\/\/tourtravelandmore.com\/es\/tours\/escocia-es\/glasgow-es\/traslados-privados-del-aeropuerto-de-glasgow\/#primaryimage\",\"url\":\"https:\/\/tourtravelandmore.com\/wp-content\/uploads\/2019\/10\/58.jpg\",\"contentUrl\":\"https:\/\/tourtravelandmore.com\/wp-content\/uploads\/2019\/10\/58.jpg\",\"width\":720,\"height\":480},{\"@type\":\"BreadcrumbList\",\"@id\":\"https:\/\/tourtravelandmore.com\/es\/tours\/escocia-es\/glasgow-es\/traslados-privados-del-aeropuerto-de-glasgow\/#breadcrumb\",\"itemListElement\":[{\"@type\":\"ListItem\",\"position\":1,\"name\":\"Home\",\"item\":\"https:\/\/tourtravelandmore.com\/es\/\"},{\"@type\":\"ListItem\",\"position\":2,\"name\":\"Tours\",\"item\":\"https:\/\/tourtravelandmore.com\/es\/tours\/\"},{\"@type\":\"ListItem\",\"position\":3,\"name\":\"Traslados Privados del Aeropuerto de Glasgow\"}]},{\"@type\":\"WebSite\",\"@id\":\"https:\/\/tourtravelandmore.com\/es\/#website\",\"url\":\"https:\/\/tourtravelandmore.com\/es\/\",\"name\":\"Tour Travel And More\",\"description\":\"Private sightseeing tours and luxury transfers in Spain\",\"publisher\":{\"@id\":\"https:\/\/tourtravelandmore.com\/es\/#organization\"},\"potentialAction\":[{\"@type\":\"SearchAction\",\"target\":{\"@type\":\"EntryPoint\",\"urlTemplate\":\"https:\/\/tourtravelandmore.com\/es\/?s={search_term_string}\"},\"query-input\":{\"@type\":\"PropertyValueSpecification\",\"valueRequired\":true,\"valueName\":\"search_term_string\"}}],\"inLanguage\":\"es\"},{\"@type\":\"Organization\",\"@id\":\"https:\/\/tourtravelandmore.com\/es\/#organization\",\"name\":\"Tour Travel And More\",\"url\":\"https:\/\/tourtravelandmore.com\/es\/\",\"logo\":{\"@type\":\"ImageObject\",\"inLanguage\":\"es\",\"@id\":\"https:\/\/tourtravelandmore.com\/es\/#\/schema\/logo\/image\/\",\"url\":\"https:\/\/tourtravelandmore.com\/wp-content\/uploads\/2022\/12\/cropped-logo-cabecera-new.png\",\"contentUrl\":\"https:\/\/tourtravelandmore.com\/wp-content\/uploads\/2022\/12\/cropped-logo-cabecera-new.png\",\"width\":430,\"height\":61,\"caption\":\"Tour Travel And More\"},\"image\":{\"@id\":\"https:\/\/tourtravelandmore.com\/es\/#\/schema\/logo\/image\/\"},\"sameAs\":[\"https:\/\/www.facebook.com\/tourtravelandmore\/\",\"https:\/\/x.com\/TourTravel_More\"]}]}<\/script>\n<!-- \/ Yoast SEO Premium plugin. -->","yoast_head_json":{"title":"\u27a1\ufe0f Traslados Privados desde el Aeropuerto de Glasgow","description":"Disfrute de un servicio de traslado privado desde el aeropuerto de Glasgow con conductor profesional y veh\u00edculo de lujo. Comun\u00edquenos su hora de llegada \u2705","robots":{"index":"index","follow":"follow","max-snippet":"max-snippet:-1","max-image-preview":"max-image-preview:large","max-video-preview":"max-video-preview:-1"},"canonical":"https:\/\/tourtravelandmore.com\/es\/tours\/escocia-es\/glasgow-es\/traslados-privados-del-aeropuerto-de-glasgow\/","og_locale":"es_ES","og_type":"article","og_title":"Traslados Privados del Aeropuerto de Glasgow","og_description":"Disfrute de un servicio de traslado privado desde el aeropuerto de Glasgow con conductor profesional y veh\u00edculo de lujo. Comun\u00edquenos su hora de llegada \u2705","og_url":"https:\/\/tourtravelandmore.com\/es\/tours\/escocia-es\/glasgow-es\/traslados-privados-del-aeropuerto-de-glasgow\/","og_site_name":"Tour Travel And More","article_publisher":"https:\/\/www.facebook.com\/tourtravelandmore\/","article_modified_time":"2023-02-22T01:10:53+00:00","og_image":[{"width":720,"height":480,"url":"https:\/\/tourtravelandmore.com\/wp-content\/uploads\/2019\/10\/58.jpg","type":"image\/jpeg"}],"twitter_card":"summary_large_image","twitter_site":"@TourTravel_More","twitter_misc":{"Tiempo de lectura":"2 minutos"},"schema":{"@context":"https:\/\/schema.org","@graph":[{"@type":"WebPage","@id":"https:\/\/tourtravelandmore.com\/es\/tours\/escocia-es\/glasgow-es\/traslados-privados-del-aeropuerto-de-glasgow\/","url":"https:\/\/tourtravelandmore.com\/es\/tours\/escocia-es\/glasgow-es\/traslados-privados-del-aeropuerto-de-glasgow\/","name":"\u27a1\ufe0f Traslados Privados desde el Aeropuerto de Glasgow","isPartOf":{"@id":"https:\/\/tourtravelandmore.com\/es\/#website"},"primaryImageOfPage":{"@id":"https:\/\/tourtravelandmore.com\/es\/tours\/escocia-es\/glasgow-es\/traslados-privados-del-aeropuerto-de-glasgow\/#primaryimage"},"image":{"@id":"https:\/\/tourtravelandmore.com\/es\/tours\/escocia-es\/glasgow-es\/traslados-privados-del-aeropuerto-de-glasgow\/#primaryimage"},"thumbnailUrl":"https:\/\/tourtravelandmore.com\/wp-content\/uploads\/2019\/10\/58.jpg","datePublished":"2023-02-14T01:35:32+00:00","dateModified":"2023-02-22T01:10:53+00:00","description":"Disfrute de un servicio de traslado privado desde el aeropuerto de Glasgow con conductor profesional y veh\u00edculo de lujo. Comun\u00edquenos su hora de llegada \u2705","breadcrumb":{"@id":"https:\/\/tourtravelandmore.com\/es\/tours\/escocia-es\/glasgow-es\/traslados-privados-del-aeropuerto-de-glasgow\/#breadcrumb"},"inLanguage":"es","potentialAction":[{"@type":"ReadAction","target":["https:\/\/tourtravelandmore.com\/es\/tours\/escocia-es\/glasgow-es\/traslados-privados-del-aeropuerto-de-glasgow\/"]}]},{"@type":"ImageObject","inLanguage":"es","@id":"https:\/\/tourtravelandmore.com\/es\/tours\/escocia-es\/glasgow-es\/traslados-privados-del-aeropuerto-de-glasgow\/#primaryimage","url":"https:\/\/tourtravelandmore.com\/wp-content\/uploads\/2019\/10\/58.jpg","contentUrl":"https:\/\/tourtravelandmore.com\/wp-content\/uploads\/2019\/10\/58.jpg","width":720,"height":480},{"@type":"BreadcrumbList","@id":"https:\/\/tourtravelandmore.com\/es\/tours\/escocia-es\/glasgow-es\/traslados-privados-del-aeropuerto-de-glasgow\/#breadcrumb","itemListElement":[{"@type":"ListItem","position":1,"name":"Home","item":"https:\/\/tourtravelandmore.com\/es\/"},{"@type":"ListItem","position":2,"name":"Tours","item":"https:\/\/tourtravelandmore.com\/es\/tours\/"},{"@type":"ListItem","position":3,"name":"Traslados Privados del Aeropuerto de Glasgow"}]},{"@type":"WebSite","@id":"https:\/\/tourtravelandmore.com\/es\/#website","url":"https:\/\/tourtravelandmore.com\/es\/","name":"Tour Travel And More","description":"Private sightseeing tours and luxury transfers in Spain","publisher":{"@id":"https:\/\/tourtravelandmore.com\/es\/#organization"},"potentialAction":[{"@type":"SearchAction","target":{"@type":"EntryPoint","urlTemplate":"https:\/\/tourtravelandmore.com\/es\/?s={search_term_string}"},"query-input":{"@type":"PropertyValueSpecification","valueRequired":true,"valueName":"search_term_string"}}],"inLanguage":"es"},{"@type":"Organization","@id":"https:\/\/tourtravelandmore.com\/es\/#organization","name":"Tour Travel And More","url":"https:\/\/tourtravelandmore.com\/es\/","logo":{"@type":"ImageObject","inLanguage":"es","@id":"https:\/\/tourtravelandmore.com\/es\/#\/schema\/logo\/image\/","url":"https:\/\/tourtravelandmore.com\/wp-content\/uploads\/2022\/12\/cropped-logo-cabecera-new.png","contentUrl":"https:\/\/tourtravelandmore.com\/wp-content\/uploads\/2022\/12\/cropped-logo-cabecera-new.png","width":430,"height":61,"caption":"Tour Travel And More"},"image":{"@id":"https:\/\/tourtravelandmore.com\/es\/#\/schema\/logo\/image\/"},"sameAs":["https:\/\/www.facebook.com\/tourtravelandmore\/","https:\/\/x.com\/TourTravel_More"]}]}},"_links":{"self":[{"href":"https:\/\/tourtravelandmore.com\/es\/wp-json\/wp\/v2\/product\/153041","targetHints":{"allow":["GET"]}}],"collection":[{"href":"https:\/\/tourtravelandmore.com\/es\/wp-json\/wp\/v2\/product"}],"about":[{"href":"https:\/\/tourtravelandmore.com\/es\/wp-json\/wp\/v2\/types\/product"}],"replies":[{"embeddable":true,"href":"https:\/\/tourtravelandmore.com\/es\/wp-json\/wp\/v2\/comments?post=153041"}],"wp:featuredmedia":[{"embeddable":true,"href":"https:\/\/tourtravelandmore.com\/es\/wp-json\/wp\/v2\/media\/142990"}],"wp:attachment":[{"href":"https:\/\/tourtravelandmore.com\/es\/wp-json\/wp\/v2\/media?parent=153041"}],"wp:term":[{"taxonomy":"product_brand","embeddable":true,"href":"https:\/\/tourtravelandmore.com\/es\/wp-json\/wp\/v2\/product_brand?post=153041"},{"taxonomy":"product_cat","embeddable":true,"href":"https:\/\/tourtravelandmore.com\/es\/wp-json\/wp\/v2\/product_cat?post=153041"},{"taxonomy":"product_tag","embeddable":true,"href":"https:\/\/tourtravelandmore.com\/es\/wp-json\/wp\/v2\/product_tag?post=153041"}],"curies":[{"name":"wp","href":"https:\/\/api.w.org\/{rel}","templated":true}]}}