{"id":153023,"date":"2023-02-14T02:13:16","date_gmt":"2023-02-14T01:13:16","guid":{"rendered":"https:\/\/tourtravelandmore.com\/tours\/sin%20categor\u00eda\/tour-privado-por-la-ciudad-de-glasgow\/"},"modified":"2023-05-20T03:16:32","modified_gmt":"2023-05-20T01:16:32","slug":"tour-privado-por-la-ciudad-de-glasgow","status":"publish","type":"product","link":"https:\/\/tourtravelandmore.com\/es\/tours\/escocia-es\/glasgow-es\/tour-privado-por-la-ciudad-de-glasgow\/","title":{"rendered":"Tour Privado por la ciudad de Glasgow"},"content":{"rendered":"<h2>Descripci\u00f3n de la Visita Privada a la Ciudad de Glasgow<\/h2>\n<p>Ad\u00e9ntrese en el vibrante patrimonio de Glasgow con nuestro recorrido privado de 4 horas por la ciudad, que comienza con una extensa exploraci\u00f3n del coraz\u00f3n hist\u00f3rico de la ciudad. Sea testigo de la magnificencia de obras maestras arquitect\u00f3nicas como la Catedral de San Mungo, un monumento g\u00f3tico construido en el siglo XIII, c\u00e9lebre por su significado espiritual y su brillantez arquitect\u00f3nica. El Ayuntamiento, otra parada esencial, se erige como s\u00edmbolo del orgullo c\u00edvico de Glasgow, reflejo de una larga tradici\u00f3n de gobierno p\u00fablico.<\/p>\n<p>A medida que el recorrido contin\u00faa, nos adentramos en la era moderna de la ciudad, visitando el Museo de Arte Moderno de Glasgow. Esta instituci\u00f3n, que alberga una amplia colecci\u00f3n de obras contempor\u00e1neas, muestra el compromiso de la ciudad por acoger nuevas expresiones art\u00edsticas y convertirse en un centro cultural. No muy lejos se alza la Torre Clyde, testimonio de la evoluci\u00f3n de Glasgow en dise\u00f1o y arquitectura. Esta impresionante torre de cristal ofrece vistas panor\u00e1micas de la ciudad y permite conocer el desarrollo urbano y la transformaci\u00f3n industrial de Glasgow.<\/p>\n<p>Profundizando en el tejido cultural de la ciudad, nos adentraremos en los caracter\u00edsticos barrios de Glasgow. En el West End, experimente el encanto de este sofisticado barrio, centro neur\u00e1lgico de boutiques, restaurantes y tiendas artesanales, perfecto para empaparse del estilo de vida de la ciudad.<\/p>\n<h2>Puntos de inter\u00e9s de la visita privada de Glasgow<\/h2>\n<p>Ampl\u00ede sus horizontes con nuestro completo recorrido que abarca una gran variedad de atracciones notables. Sum\u00e9rjase en la atm\u00f3sfera espiritual de la extraordinaria catedral de San Mungo. Esta extraordinaria maravilla g\u00f3tica del siglo XIII resuena con historia y elegancia arquitect\u00f3nica, proporcionando una visi\u00f3n del patrimonio religioso y arquitect\u00f3nico de Glasgow.<\/p>\n<p>A continuaci\u00f3n, ad\u00e9ntrese en el reino de las diversas e intrigantes exposiciones del Museo Kelvingrove. Este popular destino alberga una ecl\u00e9ctica gama de exposiciones de arte, historia e historia natural, que prometen un delicioso viaje intelectual. A continuaci\u00f3n, visite el sereno Kelvingrove Park, donde el apacible paisaje, la exuberante vegetaci\u00f3n y un tranquilo lago ofrecen un tel\u00f3n de fondo ideal para la relajaci\u00f3n y la reflexi\u00f3n.<\/p>\n<p>Contin\u00fae su exploraci\u00f3n cultural en el Museo de Arte Moderno de Glasgow. Aqu\u00ed, innovadoras obras contempor\u00e1neas desaf\u00edan las perspectivas y provocan el pensamiento, subrayando la prominencia de Glasgow en la escena art\u00edstica internacional. La Torre Clyde, una imponente estructura de cristal, ofrece otro punto de inter\u00e9s. Sus vistas panor\u00e1micas de Glasgow le dejar\u00e1n sin aliento, ofreci\u00e9ndole una nueva perspectiva del perfil de la ciudad.<\/p>\n<p>Experimente el vivaz esp\u00edritu de Glasgow en sus diversos barrios. El elegante West End rebosa de tiendas elegantes, restaurantes exclusivos y bares bulliciosos, reflejo de un estilo de vida contempor\u00e1neo y a la \u00faltima. En marcado contraste, el barrio de Merchant City desprende encanto hist\u00f3rico, con sus imponentes edificios y mercados tradicionales que narran historias del pasado de Glasgow.<\/p>\n<p>La visita no termina aqu\u00ed, ya que nos dirigiremos a la prestigiosa Universidad de Glasgow, famosa por su excelencia acad\u00e9mica y su espl\u00e9ndida presencia arquitect\u00f3nica. Por \u00faltimo, sum\u00e9rjase en el animado ambiente del bullicioso Mercado de Glasgow, centro neur\u00e1lgico de productos frescos, artesanales y delicias locales. Este recorrido est\u00e1 meticulosamente dise\u00f1ado para proporcionarle una comprensi\u00f3n exhaustiva del pasado y el presente de Glasgow, mejorando su apreciaci\u00f3n de la rica cultura e historia de esta din\u00e1mica ciudad.<\/p>\n<p><strong>Descubra Glasgow con Tour Travel and More<\/strong><\/p>\n<p>Experimente el encanto \u00fanico de Glasgow de una manera relajada y c\u00f3moda con nuestros tours privados. Tour Travel and More ofrece una gran variedad de tours privados en Glasgow, dise\u00f1ados para mostrar los mejores lugares de inter\u00e9s de la ciudad. <a href=\"https:\/\/tourtravelandmore.com\/es\/ciudad\/escocia-es\/glasgow-es\/\">Reserve su tour hoy mismo y sum\u00e9rjase en una experiencia inolvidable en Glasgow.<\/a><\/p>\n","protected":false},"excerpt":{"rendered":"<p><span style=\"font-weight: 400;\">Con nuestro tour privado por la ciudad de Glasgow, Usted tendr\u00e1 la oportunidad de explorar esta impresionante ciudad escocesa de una manera \u00fanica e inolvidable. Durante las 4 horas de duraci\u00f3n del tour, usted disfrutar\u00e1 de una experiencia guiada privada en un auto de lujo con chofer, lo que le permitir\u00e1 ver los mejores puntos de inter\u00e9s de la ciudad en un ambiente relajado y c\u00f3modo.<\/span><\/p>\n","protected":false},"featured_media":153017,"comment_status":"open","ping_status":"closed","template":"","meta":{"_acf_changed":false},"product_brand":[],"product_cat":[4286],"product_tag":[],"class_list":{"0":"post-153023","1":"product","2":"type-product","3":"status-publish","4":"has-post-thumbnail","6":"product_cat-glasgow-es","8":"first","9":"instock","10":"shipping-taxable","11":"purchasable","12":"product-type-simple"},"acf":[],"yoast_head":"<!-- This site is optimized with the Yoast SEO Premium plugin v25.3.1 (Yoast SEO v25.3.1) - https:\/\/yoast.com\/wordpress\/plugins\/seo\/ -->\n<title>\u27a1\ufe0f Tour Privado por la Ciudad de Glasgow con Tour Travel &amp; More<\/title>\n<meta name=\"description\" content=\"Descubra Glasgow de una manera \u00fanica e inolvidable con nuestros tours privados guiados en auto de lujo. Visite los mejores puntos de inter\u00e9s de la ciudad con nuestros tours exclusivos.\" \/>\n<meta name=\"robots\" content=\"index, follow, max-snippet:-1, max-image-preview:large, max-video-preview:-1\" \/>\n<link rel=\"canonical\" href=\"https:\/\/tourtravelandmore.com\/es\/tours\/escocia-es\/glasgow-es\/tour-privado-por-la-ciudad-de-glasgow\/\" \/>\n<meta property=\"og:locale\" content=\"es_ES\" \/>\n<meta property=\"og:type\" content=\"article\" \/>\n<meta property=\"og:title\" content=\"Tour Privado por la ciudad de Glasgow\" \/>\n<meta property=\"og:description\" content=\"Descubra Glasgow de una manera \u00fanica e inolvidable con nuestros tours privados guiados en auto de lujo. Visite los mejores puntos de inter\u00e9s de la ciudad con nuestros tours exclusivos.\" \/>\n<meta property=\"og:url\" content=\"https:\/\/tourtravelandmore.com\/es\/tours\/escocia-es\/glasgow-es\/tour-privado-por-la-ciudad-de-glasgow\/\" \/>\n<meta property=\"og:site_name\" content=\"Tour Travel And More\" \/>\n<meta property=\"article:publisher\" content=\"https:\/\/www.facebook.com\/tourtravelandmore\/\" \/>\n<meta property=\"article:modified_time\" content=\"2023-05-20T01:16:32+00:00\" \/>\n<meta property=\"og:image\" content=\"https:\/\/tourtravelandmore.com\/wp-content\/uploads\/2023\/02\/image5-1.jpg\" \/>\n\t<meta property=\"og:image:width\" content=\"950\" \/>\n\t<meta property=\"og:image:height\" content=\"700\" \/>\n\t<meta property=\"og:image:type\" content=\"image\/jpeg\" \/>\n<meta name=\"twitter:card\" content=\"summary_large_image\" \/>\n<meta name=\"twitter:site\" content=\"@TourTravel_More\" \/>\n<meta name=\"twitter:label1\" content=\"Tiempo de lectura\" \/>\n\t<meta name=\"twitter:data1\" content=\"3 minutos\" \/>\n<script type=\"application\/ld+json\" class=\"yoast-schema-graph\">{\"@context\":\"https:\/\/schema.org\",\"@graph\":[{\"@type\":\"WebPage\",\"@id\":\"https:\/\/tourtravelandmore.com\/es\/tours\/escocia-es\/glasgow-es\/tour-privado-por-la-ciudad-de-glasgow\/\",\"url\":\"https:\/\/tourtravelandmore.com\/es\/tours\/escocia-es\/glasgow-es\/tour-privado-por-la-ciudad-de-glasgow\/\",\"name\":\"\u27a1\ufe0f Tour Privado por la Ciudad de Glasgow con Tour Travel & More\",\"isPartOf\":{\"@id\":\"https:\/\/tourtravelandmore.com\/es\/#website\"},\"primaryImageOfPage\":{\"@id\":\"https:\/\/tourtravelandmore.com\/es\/tours\/escocia-es\/glasgow-es\/tour-privado-por-la-ciudad-de-glasgow\/#primaryimage\"},\"image\":{\"@id\":\"https:\/\/tourtravelandmore.com\/es\/tours\/escocia-es\/glasgow-es\/tour-privado-por-la-ciudad-de-glasgow\/#primaryimage\"},\"thumbnailUrl\":\"https:\/\/tourtravelandmore.com\/wp-content\/uploads\/2023\/02\/image5-1.jpg\",\"datePublished\":\"2023-02-14T01:13:16+00:00\",\"dateModified\":\"2023-05-20T01:16:32+00:00\",\"description\":\"Descubra Glasgow de una manera \u00fanica e inolvidable con nuestros tours privados guiados en auto de lujo. Visite los mejores puntos de inter\u00e9s de la ciudad con nuestros tours exclusivos.\",\"breadcrumb\":{\"@id\":\"https:\/\/tourtravelandmore.com\/es\/tours\/escocia-es\/glasgow-es\/tour-privado-por-la-ciudad-de-glasgow\/#breadcrumb\"},\"inLanguage\":\"es\",\"potentialAction\":[{\"@type\":\"ReadAction\",\"target\":[\"https:\/\/tourtravelandmore.com\/es\/tours\/escocia-es\/glasgow-es\/tour-privado-por-la-ciudad-de-glasgow\/\"]}]},{\"@type\":\"ImageObject\",\"inLanguage\":\"es\",\"@id\":\"https:\/\/tourtravelandmore.com\/es\/tours\/escocia-es\/glasgow-es\/tour-privado-por-la-ciudad-de-glasgow\/#primaryimage\",\"url\":\"https:\/\/tourtravelandmore.com\/wp-content\/uploads\/2023\/02\/image5-1.jpg\",\"contentUrl\":\"https:\/\/tourtravelandmore.com\/wp-content\/uploads\/2023\/02\/image5-1.jpg\",\"width\":950,\"height\":700},{\"@type\":\"BreadcrumbList\",\"@id\":\"https:\/\/tourtravelandmore.com\/es\/tours\/escocia-es\/glasgow-es\/tour-privado-por-la-ciudad-de-glasgow\/#breadcrumb\",\"itemListElement\":[{\"@type\":\"ListItem\",\"position\":1,\"name\":\"Home\",\"item\":\"https:\/\/tourtravelandmore.com\/es\/\"},{\"@type\":\"ListItem\",\"position\":2,\"name\":\"Tours\",\"item\":\"https:\/\/tourtravelandmore.com\/es\/tours\/\"},{\"@type\":\"ListItem\",\"position\":3,\"name\":\"Tour Privado por la ciudad de Glasgow\"}]},{\"@type\":\"WebSite\",\"@id\":\"https:\/\/tourtravelandmore.com\/es\/#website\",\"url\":\"https:\/\/tourtravelandmore.com\/es\/\",\"name\":\"Tour Travel And More\",\"description\":\"Private sightseeing tours and luxury transfers in Spain\",\"publisher\":{\"@id\":\"https:\/\/tourtravelandmore.com\/es\/#organization\"},\"potentialAction\":[{\"@type\":\"SearchAction\",\"target\":{\"@type\":\"EntryPoint\",\"urlTemplate\":\"https:\/\/tourtravelandmore.com\/es\/?s={search_term_string}\"},\"query-input\":{\"@type\":\"PropertyValueSpecification\",\"valueRequired\":true,\"valueName\":\"search_term_string\"}}],\"inLanguage\":\"es\"},{\"@type\":\"Organization\",\"@id\":\"https:\/\/tourtravelandmore.com\/es\/#organization\",\"name\":\"Tour Travel And More\",\"url\":\"https:\/\/tourtravelandmore.com\/es\/\",\"logo\":{\"@type\":\"ImageObject\",\"inLanguage\":\"es\",\"@id\":\"https:\/\/tourtravelandmore.com\/es\/#\/schema\/logo\/image\/\",\"url\":\"https:\/\/tourtravelandmore.com\/wp-content\/uploads\/2022\/12\/cropped-logo-cabecera-new.png\",\"contentUrl\":\"https:\/\/tourtravelandmore.com\/wp-content\/uploads\/2022\/12\/cropped-logo-cabecera-new.png\",\"width\":430,\"height\":61,\"caption\":\"Tour Travel And More\"},\"image\":{\"@id\":\"https:\/\/tourtravelandmore.com\/es\/#\/schema\/logo\/image\/\"},\"sameAs\":[\"https:\/\/www.facebook.com\/tourtravelandmore\/\",\"https:\/\/x.com\/TourTravel_More\"]}]}<\/script>\n<!-- \/ Yoast SEO Premium plugin. -->","yoast_head_json":{"title":"\u27a1\ufe0f Tour Privado por la Ciudad de Glasgow con Tour Travel & More","description":"Descubra Glasgow de una manera \u00fanica e inolvidable con nuestros tours privados guiados en auto de lujo. Visite los mejores puntos de inter\u00e9s de la ciudad con nuestros tours exclusivos.","robots":{"index":"index","follow":"follow","max-snippet":"max-snippet:-1","max-image-preview":"max-image-preview:large","max-video-preview":"max-video-preview:-1"},"canonical":"https:\/\/tourtravelandmore.com\/es\/tours\/escocia-es\/glasgow-es\/tour-privado-por-la-ciudad-de-glasgow\/","og_locale":"es_ES","og_type":"article","og_title":"Tour Privado por la ciudad de Glasgow","og_description":"Descubra Glasgow de una manera \u00fanica e inolvidable con nuestros tours privados guiados en auto de lujo. Visite los mejores puntos de inter\u00e9s de la ciudad con nuestros tours exclusivos.","og_url":"https:\/\/tourtravelandmore.com\/es\/tours\/escocia-es\/glasgow-es\/tour-privado-por-la-ciudad-de-glasgow\/","og_site_name":"Tour Travel And More","article_publisher":"https:\/\/www.facebook.com\/tourtravelandmore\/","article_modified_time":"2023-05-20T01:16:32+00:00","og_image":[{"width":950,"height":700,"url":"https:\/\/tourtravelandmore.com\/wp-content\/uploads\/2023\/02\/image5-1.jpg","type":"image\/jpeg"}],"twitter_card":"summary_large_image","twitter_site":"@TourTravel_More","twitter_misc":{"Tiempo de lectura":"3 minutos"},"schema":{"@context":"https:\/\/schema.org","@graph":[{"@type":"WebPage","@id":"https:\/\/tourtravelandmore.com\/es\/tours\/escocia-es\/glasgow-es\/tour-privado-por-la-ciudad-de-glasgow\/","url":"https:\/\/tourtravelandmore.com\/es\/tours\/escocia-es\/glasgow-es\/tour-privado-por-la-ciudad-de-glasgow\/","name":"\u27a1\ufe0f Tour Privado por la Ciudad de Glasgow con Tour Travel & More","isPartOf":{"@id":"https:\/\/tourtravelandmore.com\/es\/#website"},"primaryImageOfPage":{"@id":"https:\/\/tourtravelandmore.com\/es\/tours\/escocia-es\/glasgow-es\/tour-privado-por-la-ciudad-de-glasgow\/#primaryimage"},"image":{"@id":"https:\/\/tourtravelandmore.com\/es\/tours\/escocia-es\/glasgow-es\/tour-privado-por-la-ciudad-de-glasgow\/#primaryimage"},"thumbnailUrl":"https:\/\/tourtravelandmore.com\/wp-content\/uploads\/2023\/02\/image5-1.jpg","datePublished":"2023-02-14T01:13:16+00:00","dateModified":"2023-05-20T01:16:32+00:00","description":"Descubra Glasgow de una manera \u00fanica e inolvidable con nuestros tours privados guiados en auto de lujo. Visite los mejores puntos de inter\u00e9s de la ciudad con nuestros tours exclusivos.","breadcrumb":{"@id":"https:\/\/tourtravelandmore.com\/es\/tours\/escocia-es\/glasgow-es\/tour-privado-por-la-ciudad-de-glasgow\/#breadcrumb"},"inLanguage":"es","potentialAction":[{"@type":"ReadAction","target":["https:\/\/tourtravelandmore.com\/es\/tours\/escocia-es\/glasgow-es\/tour-privado-por-la-ciudad-de-glasgow\/"]}]},{"@type":"ImageObject","inLanguage":"es","@id":"https:\/\/tourtravelandmore.com\/es\/tours\/escocia-es\/glasgow-es\/tour-privado-por-la-ciudad-de-glasgow\/#primaryimage","url":"https:\/\/tourtravelandmore.com\/wp-content\/uploads\/2023\/02\/image5-1.jpg","contentUrl":"https:\/\/tourtravelandmore.com\/wp-content\/uploads\/2023\/02\/image5-1.jpg","width":950,"height":700},{"@type":"BreadcrumbList","@id":"https:\/\/tourtravelandmore.com\/es\/tours\/escocia-es\/glasgow-es\/tour-privado-por-la-ciudad-de-glasgow\/#breadcrumb","itemListElement":[{"@type":"ListItem","position":1,"name":"Home","item":"https:\/\/tourtravelandmore.com\/es\/"},{"@type":"ListItem","position":2,"name":"Tours","item":"https:\/\/tourtravelandmore.com\/es\/tours\/"},{"@type":"ListItem","position":3,"name":"Tour Privado por la ciudad de Glasgow"}]},{"@type":"WebSite","@id":"https:\/\/tourtravelandmore.com\/es\/#website","url":"https:\/\/tourtravelandmore.com\/es\/","name":"Tour Travel And More","description":"Private sightseeing tours and luxury transfers in Spain","publisher":{"@id":"https:\/\/tourtravelandmore.com\/es\/#organization"},"potentialAction":[{"@type":"SearchAction","target":{"@type":"EntryPoint","urlTemplate":"https:\/\/tourtravelandmore.com\/es\/?s={search_term_string}"},"query-input":{"@type":"PropertyValueSpecification","valueRequired":true,"valueName":"search_term_string"}}],"inLanguage":"es"},{"@type":"Organization","@id":"https:\/\/tourtravelandmore.com\/es\/#organization","name":"Tour Travel And More","url":"https:\/\/tourtravelandmore.com\/es\/","logo":{"@type":"ImageObject","inLanguage":"es","@id":"https:\/\/tourtravelandmore.com\/es\/#\/schema\/logo\/image\/","url":"https:\/\/tourtravelandmore.com\/wp-content\/uploads\/2022\/12\/cropped-logo-cabecera-new.png","contentUrl":"https:\/\/tourtravelandmore.com\/wp-content\/uploads\/2022\/12\/cropped-logo-cabecera-new.png","width":430,"height":61,"caption":"Tour Travel And More"},"image":{"@id":"https:\/\/tourtravelandmore.com\/es\/#\/schema\/logo\/image\/"},"sameAs":["https:\/\/www.facebook.com\/tourtravelandmore\/","https:\/\/x.com\/TourTravel_More"]}]}},"_links":{"self":[{"href":"https:\/\/tourtravelandmore.com\/es\/wp-json\/wp\/v2\/product\/153023","targetHints":{"allow":["GET"]}}],"collection":[{"href":"https:\/\/tourtravelandmore.com\/es\/wp-json\/wp\/v2\/product"}],"about":[{"href":"https:\/\/tourtravelandmore.com\/es\/wp-json\/wp\/v2\/types\/product"}],"replies":[{"embeddable":true,"href":"https:\/\/tourtravelandmore.com\/es\/wp-json\/wp\/v2\/comments?post=153023"}],"wp:featuredmedia":[{"embeddable":true,"href":"https:\/\/tourtravelandmore.com\/es\/wp-json\/wp\/v2\/media\/153017"}],"wp:attachment":[{"href":"https:\/\/tourtravelandmore.com\/es\/wp-json\/wp\/v2\/media?parent=153023"}],"wp:term":[{"taxonomy":"product_brand","embeddable":true,"href":"https:\/\/tourtravelandmore.com\/es\/wp-json\/wp\/v2\/product_brand?post=153023"},{"taxonomy":"product_cat","embeddable":true,"href":"https:\/\/tourtravelandmore.com\/es\/wp-json\/wp\/v2\/product_cat?post=153023"},{"taxonomy":"product_tag","embeddable":true,"href":"https:\/\/tourtravelandmore.com\/es\/wp-json\/wp\/v2\/product_tag?post=153023"}],"curies":[{"name":"wp","href":"https:\/\/api.w.org\/{rel}","templated":true}]}}