{"id":152986,"date":"2023-02-14T01:37:52","date_gmt":"2023-02-14T00:37:52","guid":{"rendered":"https:\/\/tourtravelandmore.com\/tours\/sin%20categor\u00eda\/tour-privado-a-pie-por-glasgow\/"},"modified":"2023-03-15T15:21:44","modified_gmt":"2023-03-15T14:21:44","slug":"tour-privado-a-pie-por-glasgow","status":"publish","type":"product","link":"https:\/\/tourtravelandmore.com\/es\/tours\/escocia-es\/glasgow-es\/tour-privado-a-pie-por-glasgow\/","title":{"rendered":"Tour privado a pie por Glasgow"},"content":{"rendered":"<h2><b>Descripci\u00f3n del tour privado a pie por Glasgow:<\/b><\/h2>\n<p><span style=\"font-weight: 400;\">\u00a1Bienvenido a Glasgow, una de las ciudades m\u00e1s vibrantes y llenas de cultura de Escocia! Durante este tour privado a pie, tendr\u00e1 la oportunidad \u00fanica de explorar los puntos m\u00e1s destacados de la ciudad acompa\u00f1ados de un gu\u00eda privado que lo llevar\u00e1 a trav\u00e9s de las calles m\u00e1s hist\u00f3ricas y emblem\u00e1ticas de Glasgow. Conocer\u00e1 la arquitectura impresionante, las esculturas y monumentos ic\u00f3nicos, as\u00ed como los mejores lugares para comprar, comer y tomar una copa. Adem\u00e1s, aprender\u00e1 sobre la historia y la cultura de Glasgow y c\u00f3mo ha evolucionado para convertirse en la ciudad cosmopolita y vibrante que es hoy en d\u00eda.<\/span><\/p>\n<h2><b>Puntos de inter\u00e9s en el tour privado a pie por Glasgow:<\/b><\/h2>\n<h3><b>Catedral de Glasgow:<\/b><\/h3>\n<p><span style=\"font-weight: 400;\">Comenzaremos nuestra caminata en la impresionante catedral de Glasgow, una de las construcciones g\u00f3ticas m\u00e1s antiguas de Escocia. Aqu\u00ed aprender\u00e1 sobre la historia de la catedral y c\u00f3mo ha sido testigo de los cambios en la ciudad a lo largo de los siglos. Adem\u00e1s, tendr\u00e1 la oportunidad de ver algunas de las obras de arte m\u00e1s impresionantes que se encuentran dentro de la catedral.<\/span><\/p>\n<h3><b>George Square:<\/b><\/h3>\n<p><span style=\"font-weight: 400;\">Continuaremos nuestra caminata hacia George Square, el coraz\u00f3n de la vida p\u00fablica de Glasgow. Aqu\u00ed podr\u00e1 ver algunos de los edificios m\u00e1s impresionantes de la ciudad, como el Ayuntamiento de Glasgow y la estatua de Sir Walter Scott. Tambi\u00e9n tendr\u00e1 la oportunidad de ver algunos de los eventos y manifestaciones que tienen lugar en la plaza.<\/span><\/p>\n<h3><b>La calle Buchanan:<\/b><\/h3>\n<p><span style=\"font-weight: 400;\">Luego, caminaremos por la calle Buchanan, una de las principales calles comerciales de Glasgow. Aqu\u00ed encontrar\u00e1 una gran variedad de tiendas, desde grandes cadenas hasta boutiques independientes, as\u00ed como una selecci\u00f3n de restaurantes y bares para disfrutar. Tambi\u00e9n tendr\u00e1 la oportunidad de ver algunos de los edificios hist\u00f3ricos que se encuentran en esta calle.<\/span><\/p>\n<h3><b>Galleries of Modern Art:<\/b><\/h3>\n<p><span style=\"font-weight: 400;\">Nuestra pr\u00f3xima parada ser\u00e1 en las Galer\u00edas de Arte Moderno, donde podr\u00e1 ver algunas de las mejores obras de arte contempor\u00e1neo de Glasgow. Adem\u00e1s, tendr\u00e1 la oportunidad de aprender sobre los artistas locales y los movimientos art\u00edsticos que han influenciado a la ciudad.<\/span><\/p>\n<h3><b>Clyde Walkway:<\/b><\/h3>\n<p><span style=\"font-weight: 400;\">Finalizaremos nuestro tour caminando por el Clyde Walkway, un camino peatonal que sigue el curso del r\u00edo Clyde. Aqu\u00ed podr\u00e1 disfrutar de las impresionantes vistas de la ciudad y ver algunos de los edificios m\u00e1s ic\u00f3nicos de Glasgow, como el edificio de la BBC y el Museo de Transporte.<\/span><\/p>\n<h3><b>Merchant City<\/b><\/h3>\n<p><span style=\"font-weight: 400;\">Otra parada en nuestro tour ser\u00e1 en el barrio de Merchant City, una zona que es conocida por su rica historia comercial. Aqu\u00ed podr\u00e1 ver algunos de los edificios m\u00e1s antiguos de Glasgow, incluyendo algunos de los edificios medievales que fueron utilizados como mercados y tiendas. Tambi\u00e9n podr\u00e1 aprender sobre la historia de la industria textil de Glasgow y c\u00f3mo ha evolucionado para convertirse en una de las principales ciudades comerciales de Escocia.<\/span><\/p>\n<h3><b>Parque Kelvingrove<\/b><\/h3>\n<p><span style=\"font-weight: 400;\">Adem\u00e1s de estas atracciones, tambi\u00e9n visitaremos el parque Kelvingrove, uno de los principales puntos tur\u00edsticos de Glasgow. Este parque es conocido por sus impresionantes vistas de la ciudad, as\u00ed como por sus amplias \u00e1reas verdes y jardines. Tambi\u00e9n tendremos la oportunidad de visitar el Glasgow Science Centre, una atracci\u00f3n impresionante que cuenta con una gran variedad de exposiciones interactivas y eventos educativos.<\/span><\/p>\n<p><span style=\"font-weight: 400;\">Por \u00faltimo, pero no menos importante, tendr\u00e1 la oportunidad de disfrutar de la vida nocturna de Glasgow. La ciudad es conocida por su animada escena de bares y clubes, con una gran variedad de opciones para todos los gustos. Desde bares tradicionales de cerveza escocesa hasta clubes de m\u00fasica en vivo y discotecas, Glasgow tiene algo para todos.<\/span><\/p>\n<p><span style=\"font-weight: 400;\">La duraci\u00f3n del tour es de 2 horas m\u00e1ximo y la capacidad para personas es de 1 a 15 m\u00e1ximo. El punto de encuentro con su gu\u00eda privado ser\u00e1 en alg\u00fan lugar c\u00e9ntrico de Glasgow. Si le gustar\u00eda conocer m\u00e1s de nuestros tours privados en Glasgow y por qu\u00e9 esta ciudad es un destino imperdible, por favor dele un vistazo a nuestro listado de <\/span><span style=\"font-weight: 400;\">tours privados por Glasgow.<\/span><\/p>\n","protected":false},"excerpt":{"rendered":"<p><span style=\"font-weight: 400;\">Descubra la ciudad de Glasgow de una manera exclusiva con un tour privado a pie de Tour Travel and More. Con un gu\u00eda privado, visite los puntos de inter\u00e9s m\u00e1s ic\u00f3nicos de Glasgow y aprenda sobre su rica historia y cultura. Reserva tu lugar hoy y disfruta de esta experiencia \u00fanica<\/span><\/p>\n","protected":false},"featured_media":152976,"comment_status":"open","ping_status":"closed","template":"","meta":{"_acf_changed":false},"product_brand":[],"product_cat":[4286],"product_tag":[],"class_list":{"0":"post-152986","1":"product","2":"type-product","3":"status-publish","4":"has-post-thumbnail","6":"product_cat-glasgow-es","8":"first","9":"instock","10":"shipping-taxable","11":"purchasable","12":"product-type-simple"},"acf":[],"yoast_head":"<!-- This site is optimized with the Yoast SEO Premium plugin v25.3.1 (Yoast SEO v25.3.1) - https:\/\/yoast.com\/wordpress\/plugins\/seo\/ -->\n<title>\u27a1\ufe0f Tour privado a pie por Glasgow con Tour Travel and More - Descubra la ciudad de manera exclusiva<\/title>\n<meta name=\"description\" content=\"Experimente Glasgow de una manera \u00fanica con un tour privado a pie de Tour Travel and More! Con un gu\u00eda privado, visite los puntos de inter\u00e9s m\u00e1s ic\u00f3nicos de la ciudad \u2705\" \/>\n<meta name=\"robots\" content=\"index, follow, max-snippet:-1, max-image-preview:large, max-video-preview:-1\" \/>\n<link rel=\"canonical\" href=\"https:\/\/tourtravelandmore.com\/es\/tours\/escocia-es\/glasgow-es\/tour-privado-a-pie-por-glasgow\/\" \/>\n<meta property=\"og:locale\" content=\"es_ES\" \/>\n<meta property=\"og:type\" content=\"article\" \/>\n<meta property=\"og:title\" content=\"Tour privado a pie por Glasgow\" \/>\n<meta property=\"og:description\" content=\"Experimente Glasgow de una manera \u00fanica con un tour privado a pie de Tour Travel and More! Con un gu\u00eda privado, visite los puntos de inter\u00e9s m\u00e1s ic\u00f3nicos de la ciudad \u2705\" \/>\n<meta property=\"og:url\" content=\"https:\/\/tourtravelandmore.com\/es\/tours\/escocia-es\/glasgow-es\/tour-privado-a-pie-por-glasgow\/\" \/>\n<meta property=\"og:site_name\" content=\"Tour Travel And More\" \/>\n<meta property=\"article:publisher\" content=\"https:\/\/www.facebook.com\/tourtravelandmore\/\" \/>\n<meta property=\"article:modified_time\" content=\"2023-03-15T14:21:44+00:00\" \/>\n<meta property=\"og:image\" content=\"https:\/\/tourtravelandmore.com\/wp-content\/uploads\/2023\/02\/image3.jpg\" \/>\n\t<meta property=\"og:image:width\" content=\"950\" \/>\n\t<meta property=\"og:image:height\" content=\"700\" \/>\n\t<meta property=\"og:image:type\" content=\"image\/jpeg\" \/>\n<meta name=\"twitter:card\" content=\"summary_large_image\" \/>\n<meta name=\"twitter:site\" content=\"@TourTravel_More\" \/>\n<meta name=\"twitter:label1\" content=\"Tiempo de lectura\" \/>\n\t<meta name=\"twitter:data1\" content=\"4 minutos\" \/>\n<script type=\"application\/ld+json\" class=\"yoast-schema-graph\">{\"@context\":\"https:\/\/schema.org\",\"@graph\":[{\"@type\":\"WebPage\",\"@id\":\"https:\/\/tourtravelandmore.com\/es\/tours\/escocia-es\/glasgow-es\/tour-privado-a-pie-por-glasgow\/\",\"url\":\"https:\/\/tourtravelandmore.com\/es\/tours\/escocia-es\/glasgow-es\/tour-privado-a-pie-por-glasgow\/\",\"name\":\"\u27a1\ufe0f Tour privado a pie por Glasgow con Tour Travel and More - Descubra la ciudad de manera exclusiva\",\"isPartOf\":{\"@id\":\"https:\/\/tourtravelandmore.com\/es\/#website\"},\"primaryImageOfPage\":{\"@id\":\"https:\/\/tourtravelandmore.com\/es\/tours\/escocia-es\/glasgow-es\/tour-privado-a-pie-por-glasgow\/#primaryimage\"},\"image\":{\"@id\":\"https:\/\/tourtravelandmore.com\/es\/tours\/escocia-es\/glasgow-es\/tour-privado-a-pie-por-glasgow\/#primaryimage\"},\"thumbnailUrl\":\"https:\/\/tourtravelandmore.com\/wp-content\/uploads\/2023\/02\/image3.jpg\",\"datePublished\":\"2023-02-14T00:37:52+00:00\",\"dateModified\":\"2023-03-15T14:21:44+00:00\",\"description\":\"Experimente Glasgow de una manera \u00fanica con un tour privado a pie de Tour Travel and More! Con un gu\u00eda privado, visite los puntos de inter\u00e9s m\u00e1s ic\u00f3nicos de la ciudad \u2705\",\"breadcrumb\":{\"@id\":\"https:\/\/tourtravelandmore.com\/es\/tours\/escocia-es\/glasgow-es\/tour-privado-a-pie-por-glasgow\/#breadcrumb\"},\"inLanguage\":\"es\",\"potentialAction\":[{\"@type\":\"ReadAction\",\"target\":[\"https:\/\/tourtravelandmore.com\/es\/tours\/escocia-es\/glasgow-es\/tour-privado-a-pie-por-glasgow\/\"]}]},{\"@type\":\"ImageObject\",\"inLanguage\":\"es\",\"@id\":\"https:\/\/tourtravelandmore.com\/es\/tours\/escocia-es\/glasgow-es\/tour-privado-a-pie-por-glasgow\/#primaryimage\",\"url\":\"https:\/\/tourtravelandmore.com\/wp-content\/uploads\/2023\/02\/image3.jpg\",\"contentUrl\":\"https:\/\/tourtravelandmore.com\/wp-content\/uploads\/2023\/02\/image3.jpg\",\"width\":950,\"height\":700},{\"@type\":\"BreadcrumbList\",\"@id\":\"https:\/\/tourtravelandmore.com\/es\/tours\/escocia-es\/glasgow-es\/tour-privado-a-pie-por-glasgow\/#breadcrumb\",\"itemListElement\":[{\"@type\":\"ListItem\",\"position\":1,\"name\":\"Home\",\"item\":\"https:\/\/tourtravelandmore.com\/es\/\"},{\"@type\":\"ListItem\",\"position\":2,\"name\":\"Tours\",\"item\":\"https:\/\/tourtravelandmore.com\/es\/tours\/\"},{\"@type\":\"ListItem\",\"position\":3,\"name\":\"Tour privado a pie por Glasgow\"}]},{\"@type\":\"WebSite\",\"@id\":\"https:\/\/tourtravelandmore.com\/es\/#website\",\"url\":\"https:\/\/tourtravelandmore.com\/es\/\",\"name\":\"Tour Travel And More\",\"description\":\"Private sightseeing tours and luxury transfers in Spain\",\"publisher\":{\"@id\":\"https:\/\/tourtravelandmore.com\/es\/#organization\"},\"potentialAction\":[{\"@type\":\"SearchAction\",\"target\":{\"@type\":\"EntryPoint\",\"urlTemplate\":\"https:\/\/tourtravelandmore.com\/es\/?s={search_term_string}\"},\"query-input\":{\"@type\":\"PropertyValueSpecification\",\"valueRequired\":true,\"valueName\":\"search_term_string\"}}],\"inLanguage\":\"es\"},{\"@type\":\"Organization\",\"@id\":\"https:\/\/tourtravelandmore.com\/es\/#organization\",\"name\":\"Tour Travel And More\",\"url\":\"https:\/\/tourtravelandmore.com\/es\/\",\"logo\":{\"@type\":\"ImageObject\",\"inLanguage\":\"es\",\"@id\":\"https:\/\/tourtravelandmore.com\/es\/#\/schema\/logo\/image\/\",\"url\":\"https:\/\/tourtravelandmore.com\/wp-content\/uploads\/2022\/12\/cropped-logo-cabecera-new.png\",\"contentUrl\":\"https:\/\/tourtravelandmore.com\/wp-content\/uploads\/2022\/12\/cropped-logo-cabecera-new.png\",\"width\":430,\"height\":61,\"caption\":\"Tour Travel And More\"},\"image\":{\"@id\":\"https:\/\/tourtravelandmore.com\/es\/#\/schema\/logo\/image\/\"},\"sameAs\":[\"https:\/\/www.facebook.com\/tourtravelandmore\/\",\"https:\/\/x.com\/TourTravel_More\"]}]}<\/script>\n<!-- \/ Yoast SEO Premium plugin. -->","yoast_head_json":{"title":"\u27a1\ufe0f Tour privado a pie por Glasgow con Tour Travel and More - Descubra la ciudad de manera exclusiva","description":"Experimente Glasgow de una manera \u00fanica con un tour privado a pie de Tour Travel and More! Con un gu\u00eda privado, visite los puntos de inter\u00e9s m\u00e1s ic\u00f3nicos de la ciudad \u2705","robots":{"index":"index","follow":"follow","max-snippet":"max-snippet:-1","max-image-preview":"max-image-preview:large","max-video-preview":"max-video-preview:-1"},"canonical":"https:\/\/tourtravelandmore.com\/es\/tours\/escocia-es\/glasgow-es\/tour-privado-a-pie-por-glasgow\/","og_locale":"es_ES","og_type":"article","og_title":"Tour privado a pie por Glasgow","og_description":"Experimente Glasgow de una manera \u00fanica con un tour privado a pie de Tour Travel and More! Con un gu\u00eda privado, visite los puntos de inter\u00e9s m\u00e1s ic\u00f3nicos de la ciudad \u2705","og_url":"https:\/\/tourtravelandmore.com\/es\/tours\/escocia-es\/glasgow-es\/tour-privado-a-pie-por-glasgow\/","og_site_name":"Tour Travel And More","article_publisher":"https:\/\/www.facebook.com\/tourtravelandmore\/","article_modified_time":"2023-03-15T14:21:44+00:00","og_image":[{"width":950,"height":700,"url":"https:\/\/tourtravelandmore.com\/wp-content\/uploads\/2023\/02\/image3.jpg","type":"image\/jpeg"}],"twitter_card":"summary_large_image","twitter_site":"@TourTravel_More","twitter_misc":{"Tiempo de lectura":"4 minutos"},"schema":{"@context":"https:\/\/schema.org","@graph":[{"@type":"WebPage","@id":"https:\/\/tourtravelandmore.com\/es\/tours\/escocia-es\/glasgow-es\/tour-privado-a-pie-por-glasgow\/","url":"https:\/\/tourtravelandmore.com\/es\/tours\/escocia-es\/glasgow-es\/tour-privado-a-pie-por-glasgow\/","name":"\u27a1\ufe0f Tour privado a pie por Glasgow con Tour Travel and More - Descubra la ciudad de manera exclusiva","isPartOf":{"@id":"https:\/\/tourtravelandmore.com\/es\/#website"},"primaryImageOfPage":{"@id":"https:\/\/tourtravelandmore.com\/es\/tours\/escocia-es\/glasgow-es\/tour-privado-a-pie-por-glasgow\/#primaryimage"},"image":{"@id":"https:\/\/tourtravelandmore.com\/es\/tours\/escocia-es\/glasgow-es\/tour-privado-a-pie-por-glasgow\/#primaryimage"},"thumbnailUrl":"https:\/\/tourtravelandmore.com\/wp-content\/uploads\/2023\/02\/image3.jpg","datePublished":"2023-02-14T00:37:52+00:00","dateModified":"2023-03-15T14:21:44+00:00","description":"Experimente Glasgow de una manera \u00fanica con un tour privado a pie de Tour Travel and More! Con un gu\u00eda privado, visite los puntos de inter\u00e9s m\u00e1s ic\u00f3nicos de la ciudad \u2705","breadcrumb":{"@id":"https:\/\/tourtravelandmore.com\/es\/tours\/escocia-es\/glasgow-es\/tour-privado-a-pie-por-glasgow\/#breadcrumb"},"inLanguage":"es","potentialAction":[{"@type":"ReadAction","target":["https:\/\/tourtravelandmore.com\/es\/tours\/escocia-es\/glasgow-es\/tour-privado-a-pie-por-glasgow\/"]}]},{"@type":"ImageObject","inLanguage":"es","@id":"https:\/\/tourtravelandmore.com\/es\/tours\/escocia-es\/glasgow-es\/tour-privado-a-pie-por-glasgow\/#primaryimage","url":"https:\/\/tourtravelandmore.com\/wp-content\/uploads\/2023\/02\/image3.jpg","contentUrl":"https:\/\/tourtravelandmore.com\/wp-content\/uploads\/2023\/02\/image3.jpg","width":950,"height":700},{"@type":"BreadcrumbList","@id":"https:\/\/tourtravelandmore.com\/es\/tours\/escocia-es\/glasgow-es\/tour-privado-a-pie-por-glasgow\/#breadcrumb","itemListElement":[{"@type":"ListItem","position":1,"name":"Home","item":"https:\/\/tourtravelandmore.com\/es\/"},{"@type":"ListItem","position":2,"name":"Tours","item":"https:\/\/tourtravelandmore.com\/es\/tours\/"},{"@type":"ListItem","position":3,"name":"Tour privado a pie por Glasgow"}]},{"@type":"WebSite","@id":"https:\/\/tourtravelandmore.com\/es\/#website","url":"https:\/\/tourtravelandmore.com\/es\/","name":"Tour Travel And More","description":"Private sightseeing tours and luxury transfers in Spain","publisher":{"@id":"https:\/\/tourtravelandmore.com\/es\/#organization"},"potentialAction":[{"@type":"SearchAction","target":{"@type":"EntryPoint","urlTemplate":"https:\/\/tourtravelandmore.com\/es\/?s={search_term_string}"},"query-input":{"@type":"PropertyValueSpecification","valueRequired":true,"valueName":"search_term_string"}}],"inLanguage":"es"},{"@type":"Organization","@id":"https:\/\/tourtravelandmore.com\/es\/#organization","name":"Tour Travel And More","url":"https:\/\/tourtravelandmore.com\/es\/","logo":{"@type":"ImageObject","inLanguage":"es","@id":"https:\/\/tourtravelandmore.com\/es\/#\/schema\/logo\/image\/","url":"https:\/\/tourtravelandmore.com\/wp-content\/uploads\/2022\/12\/cropped-logo-cabecera-new.png","contentUrl":"https:\/\/tourtravelandmore.com\/wp-content\/uploads\/2022\/12\/cropped-logo-cabecera-new.png","width":430,"height":61,"caption":"Tour Travel And More"},"image":{"@id":"https:\/\/tourtravelandmore.com\/es\/#\/schema\/logo\/image\/"},"sameAs":["https:\/\/www.facebook.com\/tourtravelandmore\/","https:\/\/x.com\/TourTravel_More"]}]}},"_links":{"self":[{"href":"https:\/\/tourtravelandmore.com\/es\/wp-json\/wp\/v2\/product\/152986","targetHints":{"allow":["GET"]}}],"collection":[{"href":"https:\/\/tourtravelandmore.com\/es\/wp-json\/wp\/v2\/product"}],"about":[{"href":"https:\/\/tourtravelandmore.com\/es\/wp-json\/wp\/v2\/types\/product"}],"replies":[{"embeddable":true,"href":"https:\/\/tourtravelandmore.com\/es\/wp-json\/wp\/v2\/comments?post=152986"}],"wp:featuredmedia":[{"embeddable":true,"href":"https:\/\/tourtravelandmore.com\/es\/wp-json\/wp\/v2\/media\/152976"}],"wp:attachment":[{"href":"https:\/\/tourtravelandmore.com\/es\/wp-json\/wp\/v2\/media?parent=152986"}],"wp:term":[{"taxonomy":"product_brand","embeddable":true,"href":"https:\/\/tourtravelandmore.com\/es\/wp-json\/wp\/v2\/product_brand?post=152986"},{"taxonomy":"product_cat","embeddable":true,"href":"https:\/\/tourtravelandmore.com\/es\/wp-json\/wp\/v2\/product_cat?post=152986"},{"taxonomy":"product_tag","embeddable":true,"href":"https:\/\/tourtravelandmore.com\/es\/wp-json\/wp\/v2\/product_tag?post=152986"}],"curies":[{"name":"wp","href":"https:\/\/api.w.org\/{rel}","templated":true}]}}