{"id":15243,"date":"2017-11-03T14:06:58","date_gmt":"2017-11-03T13:10:26","guid":{"rendered":"http:\/\/tourtravelandmore.com\/es\/?post_type=product&#038;p=15243"},"modified":"2024-05-20T15:05:47","modified_gmt":"2024-05-20T13:05:47","slug":"tour-tour-privado-montserrat-y-bodega-en-el-penedes-desde-barcelona-8-horass","status":"publish","type":"product","link":"https:\/\/tourtravelandmore.com\/es\/tours\/espana-es\/barcelona-es\/tour-tour-privado-montserrat-y-bodega-en-el-penedes-desde-barcelona-8-horass\/","title":{"rendered":"Tour de Montserrat y Bodegas &#8211; Tour Privado desde Barcelona"},"content":{"rendered":"<h2><strong>Descripci\u00f3n del Tour de Montserrat y Bodegas &#8211; Tour Privado desde Barcelona<\/strong><\/h2>\n<p>Disfrute de este Tour de Montserrat desde Barcelona por la ma\u00f1ana y por la tarde de un Tour de bodegas, podr\u00e1 escoger una bodega de Vino o Cava, lo que m\u00e1s le guste.<\/p>\n<p>Disfrute de esta oportunidad para visitar, en su <strong>coche privado<\/strong>, con su <strong>chofer<\/strong> y su <strong>gu\u00eda oficial privado<\/strong> durante la total duraci\u00f3n del tour.<\/p>\n<p>La duraci\u00f3n total son 8 horas desde la salida hasta la vuelta. Le recogeremos a la hora establecida desde su Hotel, Apartamento o Terminal de Cruceros.<\/p>\n<p>Empezaremos el tour de Montserrat desde Barcelona y Bodega por el Monasterio. El <strong>valle de Montserrat<\/strong>, est\u00e1 situado a tan solo 1 hora de Barcelona. Una vez lleguemos a Montserrat el conductor nos dejar\u00e1 en el Aeri de Montserrat (Los Billetes del Aeri est\u00e1n incluidos en el Tour). Utilizaremos el Aeri para subir hasta Montserrat, la duraci\u00f3n son 5 minutos y podr\u00e1 contemplar unas vistas impresionantes del valle. Una vez estemos arriba en el Monasterio de Montserrat empezaremos un recorrido y conoceremos el Monasterio, La Virgen de Montserrat (Conocida popularmente como Moreneta), El Museo de Montserrat, El Templo y el coro ( Es uno de los coros de chicos cantores m\u00e1s famosos y importantes de Europa. Una vez finalicemos el tour de Montserrat desde Barcelona, disfrutaremos de tiempo libre para comer. Cuando finalicemos la comida nos dirigiremos a la zona de los vi\u00f1edos, para empezar un tour de las bodegas, recuerde que podr\u00e1 escoger entre Vino o Cava.<\/p>\n<h2><strong>Puntos de inter\u00e9s en el Tour de Montserrat y Bodegas &#8211; Tour Privado desde Barcelona<\/strong><\/h2>\n<p>El<strong> Monasterio de Montserrat<\/strong> tiene su origen hist\u00f3rico en la ermita de Santa Mar\u00eda, que el conde Wifredo el Velloso don\u00f3 al monasterio de Ripoll en el a\u00f1o 888. Podr\u00e1n disfrutar de la <strong>escolan\u00eda de Montserrat<\/strong>, uno de los coros de ni\u00f1os cantores m\u00e1s antiguos de Europa. La escolan\u00eda se presenta de Lunes a Viernes, a las 13:00, y los Domingos, a las 12:00, \u00fanicamente en los meses de escuela en Espa\u00f1a(Septiembre a Abril).<\/p>\n<p>Durante su visita podr\u00e1n disfrutar de <strong>vistas impresionantes al monasterio de Montserrat y el telef\u00e9rico de Montserrat, el Museo y conoceremos el Templo por dentro y la <a href=\"https:\/\/es.wikipedia.org\/wiki\/Virgen_de_Montserrat\">Virgen de Montserrat <\/a><\/strong>(junto a Sant Jordi, uno de los dos patrones de Catalu\u00f1a).<\/p>\n<p>Una vez hab\u00e9is visitado Montserrat, disfrutado las espectaculares vistas desde el aire, y o\u00eddo a la escolan\u00eda, continuar\u00e1n en su coche privado, con su chofer y gu\u00eda oficial privados, hacia la <strong>regi\u00f3n del Pened\u00e9s<\/strong>, una de las regiones de vino m\u00e1s reconocidas de todo Espa\u00f1a. Una vez en la bodega, disfrutar\u00e9is de una <strong>visita guiada por el interior de una bodega<\/strong>. Aprender\u00e9is sobre el proceso de producci\u00f3n del vino con especialistas, y al finalizar la visita guiada, disfrutar\u00e1n de una cata de vinos locales, donde podr\u00e1n probar diversos vinos de la regi\u00f3n.<\/p>\n<p>Si no est\u00e1is interesado en visitar una Bodega y solo conocer Montserrat pod\u00e9is hacer el <a href=\"https:\/\/tourtravelandmore.com\/tours\/spain\/barcelona-en\/private-tour-montserrat-monastery-mountain-from-barcelona\/\">Tour Privado de Montserrat desde Barcelona<\/a> y la duraci\u00f3n son 5 horas.<\/p>\n<p>Si est\u00e1s interesado hay un formulario de contacto en el tour d\u00f3nde puedes solicitar m\u00e1s informaci\u00f3n y nuestro equipo le pasar\u00e1 la informaci\u00f3n detallada y forma de contratar el tour.<\/p>\n","protected":false},"excerpt":{"rendered":"<p>Disfrute de esta <strong>experiencia completamente privada<\/strong> para visitar las fant\u00e1sticas <strong>monta\u00f1as de Montserrat<\/strong> y visite una <strong>bodega en Catalu\u00f1<\/strong>a en su veh\u00edculo privado de lujo con su conductor privado y su gu\u00eda tur\u00edstico oficial privado. Aproveche para conocer uno de los lugares de peregrinaci\u00f3n m\u00e1s visitados de Espa\u00f1a y tambi\u00e9n para admirar su impresionante vista desde lo alto del monasterio. Tour privado personalizado solo para ti y tu grupo.<\/p>\n","protected":false},"featured_media":15226,"comment_status":"open","ping_status":"closed","template":"","meta":{"_acf_changed":false},"product_brand":[],"product_cat":[5409,69,283,266,267],"product_tag":[],"class_list":{"0":"post-15243","1":"product","2":"type-product","3":"status-publish","4":"has-post-thumbnail","6":"product_cat-winery-tours-es","7":"product_cat-barcelona-es","8":"product_cat-barcelona-top-ventas-es","9":"product_cat-barcelona-actividades-es","10":"product_cat-barcelona-excursiones-es","12":"first","13":"instock","14":"shipping-taxable","15":"purchasable","16":"product-type-simple"},"acf":[],"yoast_head":"<!-- This site is optimized with the Yoast SEO Premium plugin v25.3.1 (Yoast SEO v25.3.1) - https:\/\/yoast.com\/wordpress\/plugins\/seo\/ -->\n<title>\u27a1\ufe0f Tour de Montserrat desde Barcelona y Bodega | Tour Travel &amp; More<\/title>\n<meta name=\"description\" content=\"Disfrute junto a su gu\u00eda oficial privado de un tour Montserrat desde Barcelona y la visita a una Bodega y podr\u00e1 realizar una cata de Vinos o de Cava \u2705\" \/>\n<meta name=\"robots\" content=\"index, follow, max-snippet:-1, max-image-preview:large, max-video-preview:-1\" \/>\n<link rel=\"canonical\" href=\"https:\/\/tourtravelandmore.com\/es\/tours\/espana-es\/barcelona-es\/tour-tour-privado-montserrat-y-bodega-en-el-penedes-desde-barcelona-8-horass\/\" \/>\n<meta property=\"og:locale\" content=\"es_ES\" \/>\n<meta property=\"og:type\" content=\"article\" \/>\n<meta property=\"og:title\" content=\"Tour de Montserrat y Bodegas - Tour Privado desde Barcelona\" \/>\n<meta property=\"og:description\" content=\"Disfrute junto a su gu\u00eda oficial privado de un tour Montserrat desde Barcelona y la visita a una Bodega y podr\u00e1 realizar una cata de Vinos o de Cava \u2705\" \/>\n<meta property=\"og:url\" content=\"https:\/\/tourtravelandmore.com\/es\/tours\/espana-es\/barcelona-es\/tour-tour-privado-montserrat-y-bodega-en-el-penedes-desde-barcelona-8-horass\/\" \/>\n<meta property=\"og:site_name\" content=\"Tour Travel And More\" \/>\n<meta property=\"article:publisher\" content=\"https:\/\/www.facebook.com\/tourtravelandmore\/\" \/>\n<meta property=\"article:modified_time\" content=\"2024-05-20T13:05:47+00:00\" \/>\n<meta property=\"og:image\" content=\"https:\/\/tourtravelandmore.com\/wp-content\/uploads\/2017\/11\/montserrat.jpg\" \/>\n\t<meta property=\"og:image:width\" content=\"1024\" \/>\n\t<meta property=\"og:image:height\" content=\"768\" \/>\n\t<meta property=\"og:image:type\" content=\"image\/jpeg\" \/>\n<meta name=\"twitter:card\" content=\"summary_large_image\" \/>\n<meta name=\"twitter:site\" content=\"@TourTravel_More\" \/>\n<meta name=\"twitter:label1\" content=\"Tiempo de lectura\" \/>\n\t<meta name=\"twitter:data1\" content=\"3 minutos\" \/>\n<script type=\"application\/ld+json\" class=\"yoast-schema-graph\">{\"@context\":\"https:\/\/schema.org\",\"@graph\":[{\"@type\":\"WebPage\",\"@id\":\"https:\/\/tourtravelandmore.com\/es\/tours\/espana-es\/barcelona-es\/tour-tour-privado-montserrat-y-bodega-en-el-penedes-desde-barcelona-8-horass\/\",\"url\":\"https:\/\/tourtravelandmore.com\/es\/tours\/espana-es\/barcelona-es\/tour-tour-privado-montserrat-y-bodega-en-el-penedes-desde-barcelona-8-horass\/\",\"name\":\"\u27a1\ufe0f Tour de Montserrat desde Barcelona y Bodega | Tour Travel & More\",\"isPartOf\":{\"@id\":\"https:\/\/tourtravelandmore.com\/es\/#website\"},\"primaryImageOfPage\":{\"@id\":\"https:\/\/tourtravelandmore.com\/es\/tours\/espana-es\/barcelona-es\/tour-tour-privado-montserrat-y-bodega-en-el-penedes-desde-barcelona-8-horass\/#primaryimage\"},\"image\":{\"@id\":\"https:\/\/tourtravelandmore.com\/es\/tours\/espana-es\/barcelona-es\/tour-tour-privado-montserrat-y-bodega-en-el-penedes-desde-barcelona-8-horass\/#primaryimage\"},\"thumbnailUrl\":\"https:\/\/tourtravelandmore.com\/wp-content\/uploads\/2017\/11\/montserrat.jpg\",\"datePublished\":\"2017-11-03T13:10:26+00:00\",\"dateModified\":\"2024-05-20T13:05:47+00:00\",\"description\":\"Disfrute junto a su gu\u00eda oficial privado de un tour Montserrat desde Barcelona y la visita a una Bodega y podr\u00e1 realizar una cata de Vinos o de Cava \u2705\",\"breadcrumb\":{\"@id\":\"https:\/\/tourtravelandmore.com\/es\/tours\/espana-es\/barcelona-es\/tour-tour-privado-montserrat-y-bodega-en-el-penedes-desde-barcelona-8-horass\/#breadcrumb\"},\"inLanguage\":\"es\",\"potentialAction\":[{\"@type\":\"ReadAction\",\"target\":[\"https:\/\/tourtravelandmore.com\/es\/tours\/espana-es\/barcelona-es\/tour-tour-privado-montserrat-y-bodega-en-el-penedes-desde-barcelona-8-horass\/\"]}]},{\"@type\":\"ImageObject\",\"inLanguage\":\"es\",\"@id\":\"https:\/\/tourtravelandmore.com\/es\/tours\/espana-es\/barcelona-es\/tour-tour-privado-montserrat-y-bodega-en-el-penedes-desde-barcelona-8-horass\/#primaryimage\",\"url\":\"https:\/\/tourtravelandmore.com\/wp-content\/uploads\/2017\/11\/montserrat.jpg\",\"contentUrl\":\"https:\/\/tourtravelandmore.com\/wp-content\/uploads\/2017\/11\/montserrat.jpg\",\"width\":1024,\"height\":768},{\"@type\":\"BreadcrumbList\",\"@id\":\"https:\/\/tourtravelandmore.com\/es\/tours\/espana-es\/barcelona-es\/tour-tour-privado-montserrat-y-bodega-en-el-penedes-desde-barcelona-8-horass\/#breadcrumb\",\"itemListElement\":[{\"@type\":\"ListItem\",\"position\":1,\"name\":\"Home\",\"item\":\"https:\/\/tourtravelandmore.com\/es\/\"},{\"@type\":\"ListItem\",\"position\":2,\"name\":\"Tours\",\"item\":\"https:\/\/tourtravelandmore.com\/es\/tours\/\"},{\"@type\":\"ListItem\",\"position\":3,\"name\":\"Tour de Montserrat y Bodegas &#8211; Tour Privado desde Barcelona\"}]},{\"@type\":\"WebSite\",\"@id\":\"https:\/\/tourtravelandmore.com\/es\/#website\",\"url\":\"https:\/\/tourtravelandmore.com\/es\/\",\"name\":\"Tour Travel And More\",\"description\":\"Private sightseeing tours and luxury transfers in Spain\",\"publisher\":{\"@id\":\"https:\/\/tourtravelandmore.com\/es\/#organization\"},\"potentialAction\":[{\"@type\":\"SearchAction\",\"target\":{\"@type\":\"EntryPoint\",\"urlTemplate\":\"https:\/\/tourtravelandmore.com\/es\/?s={search_term_string}\"},\"query-input\":{\"@type\":\"PropertyValueSpecification\",\"valueRequired\":true,\"valueName\":\"search_term_string\"}}],\"inLanguage\":\"es\"},{\"@type\":\"Organization\",\"@id\":\"https:\/\/tourtravelandmore.com\/es\/#organization\",\"name\":\"Tour Travel And More\",\"url\":\"https:\/\/tourtravelandmore.com\/es\/\",\"logo\":{\"@type\":\"ImageObject\",\"inLanguage\":\"es\",\"@id\":\"https:\/\/tourtravelandmore.com\/es\/#\/schema\/logo\/image\/\",\"url\":\"https:\/\/tourtravelandmore.com\/wp-content\/uploads\/2022\/12\/cropped-logo-cabecera-new.png\",\"contentUrl\":\"https:\/\/tourtravelandmore.com\/wp-content\/uploads\/2022\/12\/cropped-logo-cabecera-new.png\",\"width\":430,\"height\":61,\"caption\":\"Tour Travel And More\"},\"image\":{\"@id\":\"https:\/\/tourtravelandmore.com\/es\/#\/schema\/logo\/image\/\"},\"sameAs\":[\"https:\/\/www.facebook.com\/tourtravelandmore\/\",\"https:\/\/x.com\/TourTravel_More\"]}]}<\/script>\n<!-- \/ Yoast SEO Premium plugin. -->","yoast_head_json":{"title":"\u27a1\ufe0f Tour de Montserrat desde Barcelona y Bodega | Tour Travel & More","description":"Disfrute junto a su gu\u00eda oficial privado de un tour Montserrat desde Barcelona y la visita a una Bodega y podr\u00e1 realizar una cata de Vinos o de Cava \u2705","robots":{"index":"index","follow":"follow","max-snippet":"max-snippet:-1","max-image-preview":"max-image-preview:large","max-video-preview":"max-video-preview:-1"},"canonical":"https:\/\/tourtravelandmore.com\/es\/tours\/espana-es\/barcelona-es\/tour-tour-privado-montserrat-y-bodega-en-el-penedes-desde-barcelona-8-horass\/","og_locale":"es_ES","og_type":"article","og_title":"Tour de Montserrat y Bodegas - Tour Privado desde Barcelona","og_description":"Disfrute junto a su gu\u00eda oficial privado de un tour Montserrat desde Barcelona y la visita a una Bodega y podr\u00e1 realizar una cata de Vinos o de Cava \u2705","og_url":"https:\/\/tourtravelandmore.com\/es\/tours\/espana-es\/barcelona-es\/tour-tour-privado-montserrat-y-bodega-en-el-penedes-desde-barcelona-8-horass\/","og_site_name":"Tour Travel And More","article_publisher":"https:\/\/www.facebook.com\/tourtravelandmore\/","article_modified_time":"2024-05-20T13:05:47+00:00","og_image":[{"width":1024,"height":768,"url":"https:\/\/tourtravelandmore.com\/wp-content\/uploads\/2017\/11\/montserrat.jpg","type":"image\/jpeg"}],"twitter_card":"summary_large_image","twitter_site":"@TourTravel_More","twitter_misc":{"Tiempo de lectura":"3 minutos"},"schema":{"@context":"https:\/\/schema.org","@graph":[{"@type":"WebPage","@id":"https:\/\/tourtravelandmore.com\/es\/tours\/espana-es\/barcelona-es\/tour-tour-privado-montserrat-y-bodega-en-el-penedes-desde-barcelona-8-horass\/","url":"https:\/\/tourtravelandmore.com\/es\/tours\/espana-es\/barcelona-es\/tour-tour-privado-montserrat-y-bodega-en-el-penedes-desde-barcelona-8-horass\/","name":"\u27a1\ufe0f Tour de Montserrat desde Barcelona y Bodega | Tour Travel & More","isPartOf":{"@id":"https:\/\/tourtravelandmore.com\/es\/#website"},"primaryImageOfPage":{"@id":"https:\/\/tourtravelandmore.com\/es\/tours\/espana-es\/barcelona-es\/tour-tour-privado-montserrat-y-bodega-en-el-penedes-desde-barcelona-8-horass\/#primaryimage"},"image":{"@id":"https:\/\/tourtravelandmore.com\/es\/tours\/espana-es\/barcelona-es\/tour-tour-privado-montserrat-y-bodega-en-el-penedes-desde-barcelona-8-horass\/#primaryimage"},"thumbnailUrl":"https:\/\/tourtravelandmore.com\/wp-content\/uploads\/2017\/11\/montserrat.jpg","datePublished":"2017-11-03T13:10:26+00:00","dateModified":"2024-05-20T13:05:47+00:00","description":"Disfrute junto a su gu\u00eda oficial privado de un tour Montserrat desde Barcelona y la visita a una Bodega y podr\u00e1 realizar una cata de Vinos o de Cava \u2705","breadcrumb":{"@id":"https:\/\/tourtravelandmore.com\/es\/tours\/espana-es\/barcelona-es\/tour-tour-privado-montserrat-y-bodega-en-el-penedes-desde-barcelona-8-horass\/#breadcrumb"},"inLanguage":"es","potentialAction":[{"@type":"ReadAction","target":["https:\/\/tourtravelandmore.com\/es\/tours\/espana-es\/barcelona-es\/tour-tour-privado-montserrat-y-bodega-en-el-penedes-desde-barcelona-8-horass\/"]}]},{"@type":"ImageObject","inLanguage":"es","@id":"https:\/\/tourtravelandmore.com\/es\/tours\/espana-es\/barcelona-es\/tour-tour-privado-montserrat-y-bodega-en-el-penedes-desde-barcelona-8-horass\/#primaryimage","url":"https:\/\/tourtravelandmore.com\/wp-content\/uploads\/2017\/11\/montserrat.jpg","contentUrl":"https:\/\/tourtravelandmore.com\/wp-content\/uploads\/2017\/11\/montserrat.jpg","width":1024,"height":768},{"@type":"BreadcrumbList","@id":"https:\/\/tourtravelandmore.com\/es\/tours\/espana-es\/barcelona-es\/tour-tour-privado-montserrat-y-bodega-en-el-penedes-desde-barcelona-8-horass\/#breadcrumb","itemListElement":[{"@type":"ListItem","position":1,"name":"Home","item":"https:\/\/tourtravelandmore.com\/es\/"},{"@type":"ListItem","position":2,"name":"Tours","item":"https:\/\/tourtravelandmore.com\/es\/tours\/"},{"@type":"ListItem","position":3,"name":"Tour de Montserrat y Bodegas &#8211; Tour Privado desde Barcelona"}]},{"@type":"WebSite","@id":"https:\/\/tourtravelandmore.com\/es\/#website","url":"https:\/\/tourtravelandmore.com\/es\/","name":"Tour Travel And More","description":"Private sightseeing tours and luxury transfers in Spain","publisher":{"@id":"https:\/\/tourtravelandmore.com\/es\/#organization"},"potentialAction":[{"@type":"SearchAction","target":{"@type":"EntryPoint","urlTemplate":"https:\/\/tourtravelandmore.com\/es\/?s={search_term_string}"},"query-input":{"@type":"PropertyValueSpecification","valueRequired":true,"valueName":"search_term_string"}}],"inLanguage":"es"},{"@type":"Organization","@id":"https:\/\/tourtravelandmore.com\/es\/#organization","name":"Tour Travel And More","url":"https:\/\/tourtravelandmore.com\/es\/","logo":{"@type":"ImageObject","inLanguage":"es","@id":"https:\/\/tourtravelandmore.com\/es\/#\/schema\/logo\/image\/","url":"https:\/\/tourtravelandmore.com\/wp-content\/uploads\/2022\/12\/cropped-logo-cabecera-new.png","contentUrl":"https:\/\/tourtravelandmore.com\/wp-content\/uploads\/2022\/12\/cropped-logo-cabecera-new.png","width":430,"height":61,"caption":"Tour Travel And More"},"image":{"@id":"https:\/\/tourtravelandmore.com\/es\/#\/schema\/logo\/image\/"},"sameAs":["https:\/\/www.facebook.com\/tourtravelandmore\/","https:\/\/x.com\/TourTravel_More"]}]}},"_links":{"self":[{"href":"https:\/\/tourtravelandmore.com\/es\/wp-json\/wp\/v2\/product\/15243","targetHints":{"allow":["GET"]}}],"collection":[{"href":"https:\/\/tourtravelandmore.com\/es\/wp-json\/wp\/v2\/product"}],"about":[{"href":"https:\/\/tourtravelandmore.com\/es\/wp-json\/wp\/v2\/types\/product"}],"replies":[{"embeddable":true,"href":"https:\/\/tourtravelandmore.com\/es\/wp-json\/wp\/v2\/comments?post=15243"}],"wp:featuredmedia":[{"embeddable":true,"href":"https:\/\/tourtravelandmore.com\/es\/wp-json\/wp\/v2\/media\/15226"}],"wp:attachment":[{"href":"https:\/\/tourtravelandmore.com\/es\/wp-json\/wp\/v2\/media?parent=15243"}],"wp:term":[{"taxonomy":"product_brand","embeddable":true,"href":"https:\/\/tourtravelandmore.com\/es\/wp-json\/wp\/v2\/product_brand?post=15243"},{"taxonomy":"product_cat","embeddable":true,"href":"https:\/\/tourtravelandmore.com\/es\/wp-json\/wp\/v2\/product_cat?post=15243"},{"taxonomy":"product_tag","embeddable":true,"href":"https:\/\/tourtravelandmore.com\/es\/wp-json\/wp\/v2\/product_tag?post=15243"}],"curies":[{"name":"wp","href":"https:\/\/api.w.org\/{rel}","templated":true}]}}