{"id":151758,"date":"2023-02-02T14:39:10","date_gmt":"2023-02-02T13:39:13","guid":{"rendered":"https:\/\/tourtravelandmore.com\/?post_type=product&#038;p=151758"},"modified":"2023-02-16T19:41:12","modified_gmt":"2023-02-16T18:41:12","slug":"tour-privado-de-la-alhambra-desde-malaga","status":"publish","type":"product","link":"https:\/\/tourtravelandmore.com\/es\/tours\/espana-es\/malaga-es\/tour-privado-de-la-alhambra-desde-malaga\/","title":{"rendered":"Tour Privado de la Alhambra desde M\u00e1laga"},"content":{"rendered":"<h2><b>Descripci\u00f3n del Tour Privado de la Alhambra desde M\u00e1laga<\/b><\/h2>\n<p><span style=\"font-weight: 400;\">Descubre y conoce uno de los monumentos m\u00e1s bonitos y espectaculares del mundo, gracias a este <strong>Tour<\/strong> a la <strong>Alhambra<\/strong> con <strong>veh\u00edculo privado<\/strong> y <strong>gu\u00eda oficial privado.<\/strong><\/span><\/p>\n<p><span style=\"font-weight: 400;\">M\u00e1laga es una de las ciudades m\u00e1s antiguas y bellas de Europa, en la que adem\u00e1s se celebra uno de los m\u00e1s populares, divertidos y llamativos carnavales de Espa\u00f1a. Los viajeros no solo llegan a esta ciudad atra\u00edda por su carnaval, sino tambi\u00e9n su ambiente y sus magn\u00edficos rincones capaces de enamorar a cualquiera.<\/span><\/p>\n<p><span style=\"font-weight: 400;\">Nosotros te asignaremos un <\/span><b>veh\u00edculo privado de lujo con chofer<\/b><span style=\"font-weight: 400;\"> y tambi\u00e9n te proporcionaremos un <\/span><b>gu\u00eda experto<\/b><span style=\"font-weight: 400;\"> que te estar\u00e1 esperando en la ciudad de <strong>M\u00e1laga<\/strong> <\/span><span style=\"font-weight: 400;\">para llevarte a trav\u00e9s de los impresionantes palacios y los hermosos jardines que componen el complejo de <\/span><b>Alhambra.<\/b><\/p>\n<p><span style=\"font-weight: 400;\">Nuestro conductor os recoger\u00e1 desde vuestro hotel y os llevar\u00e1 a la Alhambra, d\u00f3nde estar\u00e1 esperando nuestro gu\u00eda oficial para realizar un <strong>recorrido<\/strong> de 3 horas. <\/span><\/p>\n<p><span style=\"font-weight: 400;\">Una vez finalicemos, el conductor privado os llevar\u00e1 al centro de <strong>Granada,<\/strong> para que puedan disfrutar de tiempo libre, comer algo y disfrutar de su tan rica gastronom\u00eda, antes del viaje de vuelta.<\/span><\/p>\n<p><span style=\"font-weight: 400;\">La duraci\u00f3n total del tour a la Alhambra son<strong> 8 horas<\/strong>, es completamente privado. Desde <strong>Tour Travel &amp; More<\/strong> nos adaptamos a vosotros, podr\u00e9is escoger la hora de inicio y el lugar de recogida.<\/span><\/p>\n<p><span style=\"font-weight: 400;\">Las entradas siempre las compramos por adelantado, ya que hay muy poca disponibilidad, as\u00ed evitamos colas.<\/span><\/p>\n<p><span style=\"font-weight: 400;\">Si est\u00e1s planificando el viaje, reserva r\u00e1pido, las entradas a la Alhambra se agotan r\u00e1pidamente.<\/span><\/p>\n<h2><b>Puntos de inter\u00e9s\u00a0<\/b><\/h2>\n<p><span style=\"font-weight: 400;\">Una vez dentro del complejo visitar\u00e1s <\/span><b>Los Palacios Nazar\u00edes<\/b><span style=\"font-weight: 400;\">, se trata de dos palacios independientes que datan del siglo XIV, el primero de ellos es el <\/span><b>Palacio de Comares<\/b><span style=\"font-weight: 400;\">, se trata de los aposentos del monarca, un lugar precioso con una serie de inscripciones y ornamentos que logran dejar sin aliento a todo el que lo ve por vez primera, se encuentra en torno al <\/span><b>Patio de los Arrayanes<\/b><span style=\"font-weight: 400;\">, justo al norte de la <\/span><b>Sala de la Barca<\/b><span style=\"font-weight: 400;\"> y la <\/span><b>Sala de los Embajadores<\/b><span style=\"font-weight: 400;\">.<\/span><\/p>\n<p><span style=\"font-weight: 400;\">La segunda edificaci\u00f3n es el <\/span><b>Palacio de los Leones<\/b><span style=\"font-weight: 400;\"> y realmente se trata del tercer palacio m\u00e1s importante de todo el complejo y el sitio donde se encuentra el famos\u00edsimo <\/span><b>Patio de los Leones<\/b><span style=\"font-weight: 400;\">.<\/span><\/p>\n<p><span style=\"font-weight: 400;\">Continuaremos el recorrido por el<\/span><b> Alcazaba<\/b><span style=\"font-weight: 400;\">, se trata de una fortaleza militar que fue el primer punto en construirse de toda <\/span><b>Alhambra<\/b><span style=\"font-weight: 400;\"> y de hecho, antes que ella, exist\u00eda en la <\/span><b>Colina de la Sabika<\/b><span style=\"font-weight: 400;\"> un peque\u00f1o castillo tambi\u00e9n defensivo, pero fue sustituido por esta impresionante obra arquitect\u00f3nica.<\/span><\/p>\n<p><span style=\"font-weight: 400;\">Una vez abandonado el mundo militar de la dinast\u00eda Nazar\u00ed, llega el momento de visitar el famoso <\/span><b>\u201cJard\u00edn del arquitecto\u201d, mejor conocido como Generalife<\/b><span style=\"font-weight: 400;\">, se trata de una villa rural, pensada para el esparcimiento y distensi\u00f3n de los reyes musulmanes. Est\u00e1 compuesto por jardines ornamentales y huertos de frutas y verduras, un lugar para dedicarse a la labranza y degustar de lo mejor que puede brindar la naturaleza.<\/span><\/p>\n<p><span style=\"font-weight: 400;\">Avanzar\u00e1s un poco en el tiempo llegando a la \u00e9poca del Renacimiento con el <\/span><b>Palacio de Carlos V<\/b><span style=\"font-weight: 400;\">, otro maravilloso aposento que forma parte de las residencias palaciegas de este complejo, aunque se trata de una construcci\u00f3n mucho m\u00e1s moderna, fue construida por Carlos V cuando visit\u00f3 <\/span><b>Granada<\/b><span style=\"font-weight: 400;\"> durante su luna de miel y que se transformar\u00eda en \u201cLa Casa Real Nueva\u201d.<\/span><\/p>\n<p><span style=\"font-weight: 400;\">El \u00faltimo sitio de inter\u00e9s que conocer\u00e1s es <\/span><b>El Partal<\/b><span style=\"font-weight: 400;\">, el \u00faltimo palacio en pie de esta zona, aunque sus alrededores est\u00e1n llenos de viejas ruinas de residencias de la nobleza. El lugar est\u00e1 rodeado de hermosos jardines y estanques que te transportar\u00e1n al cuento de <\/span><b>\u201cLas mil y una noches\u201d<\/b><\/p>\n<p><span style=\"font-weight: 400;\">El orden de lo que visitaremos puede cambiar en funci\u00f3n de los horarios que nos den de los Palacios Nazaries.<\/span><\/p>\n<p><span style=\"font-weight: 400;\">Para pasarle una propuesta detallada, rellene el formulario de contacto e indica su ciudad de recogida.<\/span><\/p>\n<p><span style=\"font-weight: 400;\">Podemos a\u00f1adir una hora m\u00e1s al gu\u00eda si desean bajar al centro de Granada junto a nuestro gu\u00eda oficial privado. En este caso puede escoger la opci\u00f3n de <\/span><a href=\"https:\/\/tourtravelandmore.com\/es\/tours\/espana-es\/motril-es\/motril-excursiones-privadas-es\/tour-privado-de-la-alhambra-desde-cualquier-ciudad-de-andalucia-copy-2\/\"><span style=\"font-weight: 400;\">Tour privado de la Alhambra y Granada.<\/span><\/a><\/p>\n","protected":false},"excerpt":{"rendered":"<p><b> <span style=\"font-weight: 400;\">Gracias al tour privado <strong>Alhambra<\/strong> podr\u00e1s conocer uno de los monumentos m\u00e1s impresionantes y \u00fanicos del mundo junto al centro hist\u00f3rico de la ciudad de <strong>Granada<\/strong>.<\/span><\/b><span style=\"font-weight: 400;\">\u00a0Te acompa\u00f1ar\u00e1 un gu\u00eda profesional y experimentado que se asegurar\u00e1 de que tu recorrido sea inolvidable.<\/span><\/p>\n","protected":false},"featured_media":138001,"comment_status":"open","ping_status":"closed","template":"","meta":{"_acf_changed":false},"product_brand":[],"product_cat":[94,95,96],"product_tag":[],"class_list":{"0":"post-151758","1":"product","2":"type-product","3":"status-publish","4":"has-post-thumbnail","6":"product_cat-malaga-es","7":"product_cat-malaga-actividades-es","8":"product_cat-malaga-excursiones-es","10":"first","11":"instock","12":"shipping-taxable","13":"purchasable","14":"product-type-simple"},"acf":[],"yoast_head":"<!-- This site is optimized with the Yoast SEO Premium plugin v25.3.1 (Yoast SEO v25.3.1) - https:\/\/yoast.com\/wordpress\/plugins\/seo\/ -->\n<title>\u27a1\ufe0fAlhambra Tour privado desde M\u00e1laga| Tour Travel &amp; More<\/title>\n<meta name=\"description\" content=\"Reserve ahora este Tour Privado de la Alhambra desde M\u00e1laga, ser\u00e1 una experiencia de lujo y por supuesto inolvidable \u2705\" \/>\n<meta name=\"robots\" content=\"index, follow, max-snippet:-1, max-image-preview:large, max-video-preview:-1\" \/>\n<link rel=\"canonical\" href=\"https:\/\/tourtravelandmore.com\/es\/tours\/espana-es\/malaga-es\/tour-privado-de-la-alhambra-desde-malaga\/\" \/>\n<meta property=\"og:locale\" content=\"es_ES\" \/>\n<meta property=\"og:type\" content=\"article\" \/>\n<meta property=\"og:title\" content=\"Tour Privado de la Alhambra desde M\u00e1laga\" \/>\n<meta property=\"og:description\" content=\"Reserve ahora este Tour Privado de la Alhambra desde M\u00e1laga, ser\u00e1 una experiencia de lujo y por supuesto inolvidable \u2705\" \/>\n<meta property=\"og:url\" content=\"https:\/\/tourtravelandmore.com\/es\/tours\/espana-es\/malaga-es\/tour-privado-de-la-alhambra-desde-malaga\/\" \/>\n<meta property=\"og:site_name\" content=\"Tour Travel And More\" \/>\n<meta property=\"article:publisher\" content=\"https:\/\/www.facebook.com\/tourtravelandmore\/\" \/>\n<meta property=\"article:modified_time\" content=\"2023-02-16T18:41:12+00:00\" \/>\n<meta property=\"og:image\" content=\"https:\/\/tourtravelandmore.com\/wp-content\/uploads\/2022\/09\/pexels-zekai-zhu-11829151-scaled.jpg\" \/>\n\t<meta property=\"og:image:width\" content=\"2560\" \/>\n\t<meta property=\"og:image:height\" content=\"1703\" \/>\n\t<meta property=\"og:image:type\" content=\"image\/jpeg\" \/>\n<meta name=\"twitter:card\" content=\"summary_large_image\" \/>\n<meta name=\"twitter:site\" content=\"@TourTravel_More\" \/>\n<meta name=\"twitter:label1\" content=\"Tiempo de lectura\" \/>\n\t<meta name=\"twitter:data1\" content=\"4 minutos\" \/>\n<script type=\"application\/ld+json\" class=\"yoast-schema-graph\">{\"@context\":\"https:\/\/schema.org\",\"@graph\":[{\"@type\":\"WebPage\",\"@id\":\"https:\/\/tourtravelandmore.com\/es\/tours\/espana-es\/malaga-es\/tour-privado-de-la-alhambra-desde-malaga\/\",\"url\":\"https:\/\/tourtravelandmore.com\/es\/tours\/espana-es\/malaga-es\/tour-privado-de-la-alhambra-desde-malaga\/\",\"name\":\"\u27a1\ufe0fAlhambra Tour privado desde M\u00e1laga| Tour Travel & More\",\"isPartOf\":{\"@id\":\"https:\/\/tourtravelandmore.com\/es\/#website\"},\"primaryImageOfPage\":{\"@id\":\"https:\/\/tourtravelandmore.com\/es\/tours\/espana-es\/malaga-es\/tour-privado-de-la-alhambra-desde-malaga\/#primaryimage\"},\"image\":{\"@id\":\"https:\/\/tourtravelandmore.com\/es\/tours\/espana-es\/malaga-es\/tour-privado-de-la-alhambra-desde-malaga\/#primaryimage\"},\"thumbnailUrl\":\"https:\/\/tourtravelandmore.com\/wp-content\/uploads\/2022\/09\/pexels-zekai-zhu-11829151-scaled.jpg\",\"datePublished\":\"2023-02-02T13:39:13+00:00\",\"dateModified\":\"2023-02-16T18:41:12+00:00\",\"description\":\"Reserve ahora este Tour Privado de la Alhambra desde M\u00e1laga, ser\u00e1 una experiencia de lujo y por supuesto inolvidable \u2705\",\"breadcrumb\":{\"@id\":\"https:\/\/tourtravelandmore.com\/es\/tours\/espana-es\/malaga-es\/tour-privado-de-la-alhambra-desde-malaga\/#breadcrumb\"},\"inLanguage\":\"es\",\"potentialAction\":[{\"@type\":\"ReadAction\",\"target\":[\"https:\/\/tourtravelandmore.com\/es\/tours\/espana-es\/malaga-es\/tour-privado-de-la-alhambra-desde-malaga\/\"]}]},{\"@type\":\"ImageObject\",\"inLanguage\":\"es\",\"@id\":\"https:\/\/tourtravelandmore.com\/es\/tours\/espana-es\/malaga-es\/tour-privado-de-la-alhambra-desde-malaga\/#primaryimage\",\"url\":\"https:\/\/tourtravelandmore.com\/wp-content\/uploads\/2022\/09\/pexels-zekai-zhu-11829151-scaled.jpg\",\"contentUrl\":\"https:\/\/tourtravelandmore.com\/wp-content\/uploads\/2022\/09\/pexels-zekai-zhu-11829151-scaled.jpg\",\"width\":2560,\"height\":1703},{\"@type\":\"BreadcrumbList\",\"@id\":\"https:\/\/tourtravelandmore.com\/es\/tours\/espana-es\/malaga-es\/tour-privado-de-la-alhambra-desde-malaga\/#breadcrumb\",\"itemListElement\":[{\"@type\":\"ListItem\",\"position\":1,\"name\":\"Home\",\"item\":\"https:\/\/tourtravelandmore.com\/es\/\"},{\"@type\":\"ListItem\",\"position\":2,\"name\":\"Tours\",\"item\":\"https:\/\/tourtravelandmore.com\/es\/tours\/\"},{\"@type\":\"ListItem\",\"position\":3,\"name\":\"Tour Privado de la Alhambra desde M\u00e1laga\"}]},{\"@type\":\"WebSite\",\"@id\":\"https:\/\/tourtravelandmore.com\/es\/#website\",\"url\":\"https:\/\/tourtravelandmore.com\/es\/\",\"name\":\"Tour Travel And More\",\"description\":\"Private sightseeing tours and luxury transfers in Spain\",\"publisher\":{\"@id\":\"https:\/\/tourtravelandmore.com\/es\/#organization\"},\"potentialAction\":[{\"@type\":\"SearchAction\",\"target\":{\"@type\":\"EntryPoint\",\"urlTemplate\":\"https:\/\/tourtravelandmore.com\/es\/?s={search_term_string}\"},\"query-input\":{\"@type\":\"PropertyValueSpecification\",\"valueRequired\":true,\"valueName\":\"search_term_string\"}}],\"inLanguage\":\"es\"},{\"@type\":\"Organization\",\"@id\":\"https:\/\/tourtravelandmore.com\/es\/#organization\",\"name\":\"Tour Travel And More\",\"url\":\"https:\/\/tourtravelandmore.com\/es\/\",\"logo\":{\"@type\":\"ImageObject\",\"inLanguage\":\"es\",\"@id\":\"https:\/\/tourtravelandmore.com\/es\/#\/schema\/logo\/image\/\",\"url\":\"https:\/\/tourtravelandmore.com\/wp-content\/uploads\/2022\/12\/cropped-logo-cabecera-new.png\",\"contentUrl\":\"https:\/\/tourtravelandmore.com\/wp-content\/uploads\/2022\/12\/cropped-logo-cabecera-new.png\",\"width\":430,\"height\":61,\"caption\":\"Tour Travel And More\"},\"image\":{\"@id\":\"https:\/\/tourtravelandmore.com\/es\/#\/schema\/logo\/image\/\"},\"sameAs\":[\"https:\/\/www.facebook.com\/tourtravelandmore\/\",\"https:\/\/x.com\/TourTravel_More\"]}]}<\/script>\n<!-- \/ Yoast SEO Premium plugin. -->","yoast_head_json":{"title":"\u27a1\ufe0fAlhambra Tour privado desde M\u00e1laga| Tour Travel & More","description":"Reserve ahora este Tour Privado de la Alhambra desde M\u00e1laga, ser\u00e1 una experiencia de lujo y por supuesto inolvidable \u2705","robots":{"index":"index","follow":"follow","max-snippet":"max-snippet:-1","max-image-preview":"max-image-preview:large","max-video-preview":"max-video-preview:-1"},"canonical":"https:\/\/tourtravelandmore.com\/es\/tours\/espana-es\/malaga-es\/tour-privado-de-la-alhambra-desde-malaga\/","og_locale":"es_ES","og_type":"article","og_title":"Tour Privado de la Alhambra desde M\u00e1laga","og_description":"Reserve ahora este Tour Privado de la Alhambra desde M\u00e1laga, ser\u00e1 una experiencia de lujo y por supuesto inolvidable \u2705","og_url":"https:\/\/tourtravelandmore.com\/es\/tours\/espana-es\/malaga-es\/tour-privado-de-la-alhambra-desde-malaga\/","og_site_name":"Tour Travel And More","article_publisher":"https:\/\/www.facebook.com\/tourtravelandmore\/","article_modified_time":"2023-02-16T18:41:12+00:00","og_image":[{"width":2560,"height":1703,"url":"https:\/\/tourtravelandmore.com\/wp-content\/uploads\/2022\/09\/pexels-zekai-zhu-11829151-scaled.jpg","type":"image\/jpeg"}],"twitter_card":"summary_large_image","twitter_site":"@TourTravel_More","twitter_misc":{"Tiempo de lectura":"4 minutos"},"schema":{"@context":"https:\/\/schema.org","@graph":[{"@type":"WebPage","@id":"https:\/\/tourtravelandmore.com\/es\/tours\/espana-es\/malaga-es\/tour-privado-de-la-alhambra-desde-malaga\/","url":"https:\/\/tourtravelandmore.com\/es\/tours\/espana-es\/malaga-es\/tour-privado-de-la-alhambra-desde-malaga\/","name":"\u27a1\ufe0fAlhambra Tour privado desde M\u00e1laga| Tour Travel & More","isPartOf":{"@id":"https:\/\/tourtravelandmore.com\/es\/#website"},"primaryImageOfPage":{"@id":"https:\/\/tourtravelandmore.com\/es\/tours\/espana-es\/malaga-es\/tour-privado-de-la-alhambra-desde-malaga\/#primaryimage"},"image":{"@id":"https:\/\/tourtravelandmore.com\/es\/tours\/espana-es\/malaga-es\/tour-privado-de-la-alhambra-desde-malaga\/#primaryimage"},"thumbnailUrl":"https:\/\/tourtravelandmore.com\/wp-content\/uploads\/2022\/09\/pexels-zekai-zhu-11829151-scaled.jpg","datePublished":"2023-02-02T13:39:13+00:00","dateModified":"2023-02-16T18:41:12+00:00","description":"Reserve ahora este Tour Privado de la Alhambra desde M\u00e1laga, ser\u00e1 una experiencia de lujo y por supuesto inolvidable \u2705","breadcrumb":{"@id":"https:\/\/tourtravelandmore.com\/es\/tours\/espana-es\/malaga-es\/tour-privado-de-la-alhambra-desde-malaga\/#breadcrumb"},"inLanguage":"es","potentialAction":[{"@type":"ReadAction","target":["https:\/\/tourtravelandmore.com\/es\/tours\/espana-es\/malaga-es\/tour-privado-de-la-alhambra-desde-malaga\/"]}]},{"@type":"ImageObject","inLanguage":"es","@id":"https:\/\/tourtravelandmore.com\/es\/tours\/espana-es\/malaga-es\/tour-privado-de-la-alhambra-desde-malaga\/#primaryimage","url":"https:\/\/tourtravelandmore.com\/wp-content\/uploads\/2022\/09\/pexels-zekai-zhu-11829151-scaled.jpg","contentUrl":"https:\/\/tourtravelandmore.com\/wp-content\/uploads\/2022\/09\/pexels-zekai-zhu-11829151-scaled.jpg","width":2560,"height":1703},{"@type":"BreadcrumbList","@id":"https:\/\/tourtravelandmore.com\/es\/tours\/espana-es\/malaga-es\/tour-privado-de-la-alhambra-desde-malaga\/#breadcrumb","itemListElement":[{"@type":"ListItem","position":1,"name":"Home","item":"https:\/\/tourtravelandmore.com\/es\/"},{"@type":"ListItem","position":2,"name":"Tours","item":"https:\/\/tourtravelandmore.com\/es\/tours\/"},{"@type":"ListItem","position":3,"name":"Tour Privado de la Alhambra desde M\u00e1laga"}]},{"@type":"WebSite","@id":"https:\/\/tourtravelandmore.com\/es\/#website","url":"https:\/\/tourtravelandmore.com\/es\/","name":"Tour Travel And More","description":"Private sightseeing tours and luxury transfers in Spain","publisher":{"@id":"https:\/\/tourtravelandmore.com\/es\/#organization"},"potentialAction":[{"@type":"SearchAction","target":{"@type":"EntryPoint","urlTemplate":"https:\/\/tourtravelandmore.com\/es\/?s={search_term_string}"},"query-input":{"@type":"PropertyValueSpecification","valueRequired":true,"valueName":"search_term_string"}}],"inLanguage":"es"},{"@type":"Organization","@id":"https:\/\/tourtravelandmore.com\/es\/#organization","name":"Tour Travel And More","url":"https:\/\/tourtravelandmore.com\/es\/","logo":{"@type":"ImageObject","inLanguage":"es","@id":"https:\/\/tourtravelandmore.com\/es\/#\/schema\/logo\/image\/","url":"https:\/\/tourtravelandmore.com\/wp-content\/uploads\/2022\/12\/cropped-logo-cabecera-new.png","contentUrl":"https:\/\/tourtravelandmore.com\/wp-content\/uploads\/2022\/12\/cropped-logo-cabecera-new.png","width":430,"height":61,"caption":"Tour Travel And More"},"image":{"@id":"https:\/\/tourtravelandmore.com\/es\/#\/schema\/logo\/image\/"},"sameAs":["https:\/\/www.facebook.com\/tourtravelandmore\/","https:\/\/x.com\/TourTravel_More"]}]}},"_links":{"self":[{"href":"https:\/\/tourtravelandmore.com\/es\/wp-json\/wp\/v2\/product\/151758","targetHints":{"allow":["GET"]}}],"collection":[{"href":"https:\/\/tourtravelandmore.com\/es\/wp-json\/wp\/v2\/product"}],"about":[{"href":"https:\/\/tourtravelandmore.com\/es\/wp-json\/wp\/v2\/types\/product"}],"replies":[{"embeddable":true,"href":"https:\/\/tourtravelandmore.com\/es\/wp-json\/wp\/v2\/comments?post=151758"}],"wp:featuredmedia":[{"embeddable":true,"href":"https:\/\/tourtravelandmore.com\/es\/wp-json\/wp\/v2\/media\/138001"}],"wp:attachment":[{"href":"https:\/\/tourtravelandmore.com\/es\/wp-json\/wp\/v2\/media?parent=151758"}],"wp:term":[{"taxonomy":"product_brand","embeddable":true,"href":"https:\/\/tourtravelandmore.com\/es\/wp-json\/wp\/v2\/product_brand?post=151758"},{"taxonomy":"product_cat","embeddable":true,"href":"https:\/\/tourtravelandmore.com\/es\/wp-json\/wp\/v2\/product_cat?post=151758"},{"taxonomy":"product_tag","embeddable":true,"href":"https:\/\/tourtravelandmore.com\/es\/wp-json\/wp\/v2\/product_tag?post=151758"}],"curies":[{"name":"wp","href":"https:\/\/api.w.org\/{rel}","templated":true}]}}