{"id":15163,"date":"2017-10-26T13:43:47","date_gmt":"2017-10-26T11:52:20","guid":{"rendered":"http:\/\/tourtravelandmore.com\/es\/?post_type=product&#038;p=15163"},"modified":"2022-11-26T00:59:07","modified_gmt":"2022-11-25T23:59:07","slug":"tour-privado-museo-dali-y-cadaques-desde-barcelona-10-horas","status":"publish","type":"product","link":"https:\/\/tourtravelandmore.com\/es\/tours\/espana-es\/barcelona-es\/barcelona-actividades-es\/tour-privado-museo-dali-y-cadaques-desde-barcelona-10-horas\/","title":{"rendered":"Tour Museo Dali y Cadaqu\u00e9s &#8211; Tour Privado desde Barcelona"},"content":{"rendered":"<h2><strong>Descripci\u00f3n del Tour Museo Dali y Cadaqu\u00e9s &#8211; Tour Privado desde Barcelona<\/strong><\/h2>\n<p>Disfrute de esta oportunidad para visitar el <strong>Museo Dal\u00ed<\/strong> (el museo est\u00e1 cerrado los Lunes), gracias a este tour privado del Museo Dali y Cadaqu\u00e9s, en su <strong>veh\u00edculo privado con su ch\u00f3fer y gu\u00eda<\/strong>. Nuestro conductor le recoger\u00e1 desde Barcelona, en su Hotel, Apartamento o Terminal de Cruceros y nos dirijiremos a Figueres, d\u00f3nde se encuentra el Museo Dal\u00ed. En el Museo estar\u00e1 esperando nuestra gu\u00eda privado oficial para empezar un Tour de 2 horas. Las entradas del Museo Dal\u00ed est\u00e1n incluidas, y son entradas de acceso preferente, sin colas.<\/p>\n<p>La duraci\u00f3n del Tour privado del Museo Dali y Cadaqu\u00e9s son 10 horas, desde la salida hasta la llegada.<\/p>\n<p>Una vez finalicemos la visita del Museo Dal\u00ed y Cadaqu\u00e9s nos despediremos de nuestro gu\u00eda oficial y nos dirigiremos con el conductor a la Costa Brava. Conoceremos uno de los pueblos m\u00e1s importantes, <strong>Cadaqu\u00e9s.<\/strong><\/p>\n<p>Una vez lleguemos a Cadaqu\u00e9s disfrutar\u00e1n de Tiempo libre, para comer en un lugar t\u00edpico y disfrutar de su gastronom\u00eda y podr\u00e1n pasear y conocer este hermoso pueblo de la Costa Brava.<\/p>\n<p>Pueden escoger la hora de salida y vuestro lugar de recogida en Barcelona. Hotel, apartamento, puerto o aeropuerto.<\/p>\n<p>Este tour privado del Museo Dali y Cadaques es completamente personalizable y pod\u00e9is organizarlo como quer\u00e1is y lo que busc\u00e1is. Puede personalizar vuestro tour solo contactando con nosotros. Aqu\u00ed os dejamos un ejemplo de itinerario, el tour ser\u00e1 personalizado para que ve\u00e1is y conozc\u00e1is exactamente lo que quer\u00e9is ver en <strong>Figueras (museo Dal\u00ed) y la Costa Brava (Cadaqu\u00e9s)<\/strong><\/p>\n<h2>Puntos de inter\u00e9s en el Tour Museo Dali y Cadaqu\u00e9s &#8211; Tour Privado desde Barcelona<\/h2>\n<p><strong>Figueras:<\/strong> La ciudad es reconocida mundialmente por ser la cuna de <a href=\"https:\/\/es.wikipedia.org\/wiki\/Salvador_Dal%C3%AD\"><strong>Salvador Dal\u00ed<\/strong><\/a>. Su principal atractivo es el museo Dal\u00ed, el cual atrae alrededor de 1 mill\u00f3n de visitantes anuales. A su vez, la ciudad cuenta con un fundamental patrimonio monumental, en el cual se destacan sus <strong>murallas medievales y el castillo de Sant Ferran<\/strong>, as\u00ed como tambi\u00e9n se pueden ver edificaciones de tipo modernista por toda la ciudad.<\/p>\n<p><strong>Museo Dal\u00ed: <\/strong>Es un museo dedicado a la obra del pintor Salvador Dal\u00ed y el tercer Museo m\u00e1s visitado de Espa\u00f1a.<\/p>\n<p><strong>Cadaqu\u00e9s: <\/strong>Es uno de los pueblos m\u00e1s bonitos de Catalunya y unos de los pueblos costeros m\u00e1s importantes. Para conocer el pueblo te recomendamos subir a la <strong>Iglesia de Santa Mar\u00eda<\/strong>, d\u00f3nde tendr\u00e1s unas vistas \u00fanicas y podr\u00e1s ver el pueblo desde lo alto. Alrededor de esta Igl\u00e9sia se forma el casco antiguo del Pueblo, te recomendamos que vayas bajando y te pierdas por sus calles, perfectamente conservadas en blanco y tejados rojizos. Si disponen de tiempo pueden acercarse hasta la playa y aprovechar para refrescaros y haceros un ba\u00f1o antes de volver a Barcelona.<\/p>\n<p>La duraci\u00f3n del gu\u00eda est\u00e1 pensada 2 horas, para conocer \u00fanicamente el Museo Dal\u00ed, para poder explicar bien la Historia y Obra de Salvador Dal\u00ed, la parte de Cadaqu\u00e9s no es necesario, pero si lo desean nos lo pueden especificar y podemos a\u00f1adir el gu\u00eda todo el rato.<\/p>\n<p>Si disponen de poco tiempo y no quieren hacer conocer Cadaqu\u00e9s, podemos hacer solo el <a href=\"https:\/\/tourtravelandmore.com\/es\/tours\/espana-es\/barcelona-es\/tour-privado-museo-dali-figueras\/\">Tour privado del Museo Dal\u00ed desde Barcelona<\/a>. Si desean de camino a Cadaqu\u00e9s podemos a\u00f1adir la visita a la<strong> Casa de Salvador Dal\u00ed en porlligat.\u00a0<\/strong>Es una casa t\u00edpica de pescadores y ah\u00ed vivi\u00f3 y trabaj\u00f3 Salvador Dal\u00ed.<\/p>\n<p>Si desean realizar el Tour puedan solicitar la informaci\u00f3n en el formulario de contacto del tour y nuestro equipo se podr\u00e1 en contacto para enviarle la informaci\u00f3n.<\/p>\n","protected":false},"excerpt":{"rendered":"<p>Aproveche para visitar <strong>Figueras<\/strong>, donde se encuentra el <strong>Museo Dal\u00ed<\/strong> con este <strong>tour privado desde Barcelona<\/strong>. Tendr\u00e1s a tu disposici\u00f3n un gu\u00eda privado oficial en Figueras durante 2 horas. Tambi\u00e9n visitar\u00e1 <strong>Cadaqu\u00e9s<\/strong>, un hermoso pueblo costero donde naci\u00f3 Salvador Dal\u00ed con su conductor privado en un veh\u00edculo de lujo. Puede personalizar su propia experiencia.<\/p>\n","protected":false},"featured_media":15148,"comment_status":"open","ping_status":"closed","template":"","meta":{"_acf_changed":false},"product_brand":[],"product_cat":[283,266,267],"product_tag":[],"class_list":{"0":"post-15163","1":"product","2":"type-product","3":"status-publish","4":"has-post-thumbnail","6":"product_cat-barcelona-top-ventas-es","7":"product_cat-barcelona-actividades-es","8":"product_cat-barcelona-excursiones-es","10":"first","11":"instock","12":"shipping-taxable","13":"purchasable","14":"product-type-simple"},"acf":[],"yoast_head":"<!-- This site is optimized with the Yoast SEO Premium plugin v25.3.1 (Yoast SEO v25.3.1) - https:\/\/yoast.com\/wordpress\/plugins\/seo\/ -->\n<title>\u27a1\ufe0f Tour Museo Dali y Cadaques | Tour Travel &amp; More<\/title>\n<meta name=\"description\" content=\"Descubre el Museo Dali, la historia de Salvador Dali y Cadaques, gracias a este tour del Museo Dali y Cadaqu\u00e9s, junto a su gu\u00eda oficial \u2705\" \/>\n<meta name=\"robots\" content=\"index, follow, max-snippet:-1, max-image-preview:large, max-video-preview:-1\" \/>\n<link rel=\"canonical\" href=\"https:\/\/tourtravelandmore.com\/es\/tours\/espana-es\/barcelona-es\/barcelona-actividades-es\/tour-privado-museo-dali-y-cadaques-desde-barcelona-10-horas\/\" \/>\n<meta property=\"og:locale\" content=\"es_ES\" \/>\n<meta property=\"og:type\" content=\"article\" \/>\n<meta property=\"og:title\" content=\"Tour Museo Dali y Cadaqu\u00e9s - Tour Privado desde Barcelona\" \/>\n<meta property=\"og:description\" content=\"Descubre el Museo Dali, la historia de Salvador Dali y Cadaques, gracias a este tour del Museo Dali y Cadaqu\u00e9s, junto a su gu\u00eda oficial \u2705\" \/>\n<meta property=\"og:url\" content=\"https:\/\/tourtravelandmore.com\/es\/tours\/espana-es\/barcelona-es\/barcelona-actividades-es\/tour-privado-museo-dali-y-cadaques-desde-barcelona-10-horas\/\" \/>\n<meta property=\"og:site_name\" content=\"Tour Travel And More\" \/>\n<meta property=\"article:publisher\" content=\"https:\/\/www.facebook.com\/tourtravelandmore\/\" \/>\n<meta property=\"article:modified_time\" content=\"2022-11-25T23:59:07+00:00\" \/>\n<meta property=\"og:image\" content=\"https:\/\/tourtravelandmore.com\/wp-content\/uploads\/2017\/10\/dali-2.jpg\" \/>\n\t<meta property=\"og:image:width\" content=\"1024\" \/>\n\t<meta property=\"og:image:height\" content=\"710\" \/>\n\t<meta property=\"og:image:type\" content=\"image\/jpeg\" \/>\n<meta name=\"twitter:card\" content=\"summary_large_image\" \/>\n<meta name=\"twitter:site\" content=\"@TourTravel_More\" \/>\n<meta name=\"twitter:label1\" content=\"Tiempo de lectura\" \/>\n\t<meta name=\"twitter:data1\" content=\"3 minutos\" \/>\n<script type=\"application\/ld+json\" class=\"yoast-schema-graph\">{\"@context\":\"https:\/\/schema.org\",\"@graph\":[{\"@type\":\"WebPage\",\"@id\":\"https:\/\/tourtravelandmore.com\/es\/tours\/espana-es\/barcelona-es\/barcelona-actividades-es\/tour-privado-museo-dali-y-cadaques-desde-barcelona-10-horas\/\",\"url\":\"https:\/\/tourtravelandmore.com\/es\/tours\/espana-es\/barcelona-es\/barcelona-actividades-es\/tour-privado-museo-dali-y-cadaques-desde-barcelona-10-horas\/\",\"name\":\"\u27a1\ufe0f Tour Museo Dali y Cadaques | Tour Travel & More\",\"isPartOf\":{\"@id\":\"https:\/\/tourtravelandmore.com\/es\/#website\"},\"primaryImageOfPage\":{\"@id\":\"https:\/\/tourtravelandmore.com\/es\/tours\/espana-es\/barcelona-es\/barcelona-actividades-es\/tour-privado-museo-dali-y-cadaques-desde-barcelona-10-horas\/#primaryimage\"},\"image\":{\"@id\":\"https:\/\/tourtravelandmore.com\/es\/tours\/espana-es\/barcelona-es\/barcelona-actividades-es\/tour-privado-museo-dali-y-cadaques-desde-barcelona-10-horas\/#primaryimage\"},\"thumbnailUrl\":\"https:\/\/tourtravelandmore.com\/wp-content\/uploads\/2017\/10\/dali-2.jpg\",\"datePublished\":\"2017-10-26T11:52:20+00:00\",\"dateModified\":\"2022-11-25T23:59:07+00:00\",\"description\":\"Descubre el Museo Dali, la historia de Salvador Dali y Cadaques, gracias a este tour del Museo Dali y Cadaqu\u00e9s, junto a su gu\u00eda oficial \u2705\",\"breadcrumb\":{\"@id\":\"https:\/\/tourtravelandmore.com\/es\/tours\/espana-es\/barcelona-es\/barcelona-actividades-es\/tour-privado-museo-dali-y-cadaques-desde-barcelona-10-horas\/#breadcrumb\"},\"inLanguage\":\"es\",\"potentialAction\":[{\"@type\":\"ReadAction\",\"target\":[\"https:\/\/tourtravelandmore.com\/es\/tours\/espana-es\/barcelona-es\/barcelona-actividades-es\/tour-privado-museo-dali-y-cadaques-desde-barcelona-10-horas\/\"]}]},{\"@type\":\"ImageObject\",\"inLanguage\":\"es\",\"@id\":\"https:\/\/tourtravelandmore.com\/es\/tours\/espana-es\/barcelona-es\/barcelona-actividades-es\/tour-privado-museo-dali-y-cadaques-desde-barcelona-10-horas\/#primaryimage\",\"url\":\"https:\/\/tourtravelandmore.com\/wp-content\/uploads\/2017\/10\/dali-2.jpg\",\"contentUrl\":\"https:\/\/tourtravelandmore.com\/wp-content\/uploads\/2017\/10\/dali-2.jpg\",\"width\":1024,\"height\":710},{\"@type\":\"BreadcrumbList\",\"@id\":\"https:\/\/tourtravelandmore.com\/es\/tours\/espana-es\/barcelona-es\/barcelona-actividades-es\/tour-privado-museo-dali-y-cadaques-desde-barcelona-10-horas\/#breadcrumb\",\"itemListElement\":[{\"@type\":\"ListItem\",\"position\":1,\"name\":\"Home\",\"item\":\"https:\/\/tourtravelandmore.com\/es\/\"},{\"@type\":\"ListItem\",\"position\":2,\"name\":\"Tours\",\"item\":\"https:\/\/tourtravelandmore.com\/es\/tours\/\"},{\"@type\":\"ListItem\",\"position\":3,\"name\":\"Tour Museo Dali y Cadaqu\u00e9s &#8211; Tour Privado desde Barcelona\"}]},{\"@type\":\"WebSite\",\"@id\":\"https:\/\/tourtravelandmore.com\/es\/#website\",\"url\":\"https:\/\/tourtravelandmore.com\/es\/\",\"name\":\"Tour Travel And More\",\"description\":\"Private sightseeing tours and luxury transfers in Spain\",\"publisher\":{\"@id\":\"https:\/\/tourtravelandmore.com\/es\/#organization\"},\"potentialAction\":[{\"@type\":\"SearchAction\",\"target\":{\"@type\":\"EntryPoint\",\"urlTemplate\":\"https:\/\/tourtravelandmore.com\/es\/?s={search_term_string}\"},\"query-input\":{\"@type\":\"PropertyValueSpecification\",\"valueRequired\":true,\"valueName\":\"search_term_string\"}}],\"inLanguage\":\"es\"},{\"@type\":\"Organization\",\"@id\":\"https:\/\/tourtravelandmore.com\/es\/#organization\",\"name\":\"Tour Travel And More\",\"url\":\"https:\/\/tourtravelandmore.com\/es\/\",\"logo\":{\"@type\":\"ImageObject\",\"inLanguage\":\"es\",\"@id\":\"https:\/\/tourtravelandmore.com\/es\/#\/schema\/logo\/image\/\",\"url\":\"https:\/\/tourtravelandmore.com\/wp-content\/uploads\/2022\/12\/cropped-logo-cabecera-new.png\",\"contentUrl\":\"https:\/\/tourtravelandmore.com\/wp-content\/uploads\/2022\/12\/cropped-logo-cabecera-new.png\",\"width\":430,\"height\":61,\"caption\":\"Tour Travel And More\"},\"image\":{\"@id\":\"https:\/\/tourtravelandmore.com\/es\/#\/schema\/logo\/image\/\"},\"sameAs\":[\"https:\/\/www.facebook.com\/tourtravelandmore\/\",\"https:\/\/x.com\/TourTravel_More\"]}]}<\/script>\n<!-- \/ Yoast SEO Premium plugin. -->","yoast_head_json":{"title":"\u27a1\ufe0f Tour Museo Dali y Cadaques | Tour Travel & More","description":"Descubre el Museo Dali, la historia de Salvador Dali y Cadaques, gracias a este tour del Museo Dali y Cadaqu\u00e9s, junto a su gu\u00eda oficial \u2705","robots":{"index":"index","follow":"follow","max-snippet":"max-snippet:-1","max-image-preview":"max-image-preview:large","max-video-preview":"max-video-preview:-1"},"canonical":"https:\/\/tourtravelandmore.com\/es\/tours\/espana-es\/barcelona-es\/barcelona-actividades-es\/tour-privado-museo-dali-y-cadaques-desde-barcelona-10-horas\/","og_locale":"es_ES","og_type":"article","og_title":"Tour Museo Dali y Cadaqu\u00e9s - Tour Privado desde Barcelona","og_description":"Descubre el Museo Dali, la historia de Salvador Dali y Cadaques, gracias a este tour del Museo Dali y Cadaqu\u00e9s, junto a su gu\u00eda oficial \u2705","og_url":"https:\/\/tourtravelandmore.com\/es\/tours\/espana-es\/barcelona-es\/barcelona-actividades-es\/tour-privado-museo-dali-y-cadaques-desde-barcelona-10-horas\/","og_site_name":"Tour Travel And More","article_publisher":"https:\/\/www.facebook.com\/tourtravelandmore\/","article_modified_time":"2022-11-25T23:59:07+00:00","og_image":[{"width":1024,"height":710,"url":"https:\/\/tourtravelandmore.com\/wp-content\/uploads\/2017\/10\/dali-2.jpg","type":"image\/jpeg"}],"twitter_card":"summary_large_image","twitter_site":"@TourTravel_More","twitter_misc":{"Tiempo de lectura":"3 minutos"},"schema":{"@context":"https:\/\/schema.org","@graph":[{"@type":"WebPage","@id":"https:\/\/tourtravelandmore.com\/es\/tours\/espana-es\/barcelona-es\/barcelona-actividades-es\/tour-privado-museo-dali-y-cadaques-desde-barcelona-10-horas\/","url":"https:\/\/tourtravelandmore.com\/es\/tours\/espana-es\/barcelona-es\/barcelona-actividades-es\/tour-privado-museo-dali-y-cadaques-desde-barcelona-10-horas\/","name":"\u27a1\ufe0f Tour Museo Dali y Cadaques | Tour Travel & More","isPartOf":{"@id":"https:\/\/tourtravelandmore.com\/es\/#website"},"primaryImageOfPage":{"@id":"https:\/\/tourtravelandmore.com\/es\/tours\/espana-es\/barcelona-es\/barcelona-actividades-es\/tour-privado-museo-dali-y-cadaques-desde-barcelona-10-horas\/#primaryimage"},"image":{"@id":"https:\/\/tourtravelandmore.com\/es\/tours\/espana-es\/barcelona-es\/barcelona-actividades-es\/tour-privado-museo-dali-y-cadaques-desde-barcelona-10-horas\/#primaryimage"},"thumbnailUrl":"https:\/\/tourtravelandmore.com\/wp-content\/uploads\/2017\/10\/dali-2.jpg","datePublished":"2017-10-26T11:52:20+00:00","dateModified":"2022-11-25T23:59:07+00:00","description":"Descubre el Museo Dali, la historia de Salvador Dali y Cadaques, gracias a este tour del Museo Dali y Cadaqu\u00e9s, junto a su gu\u00eda oficial \u2705","breadcrumb":{"@id":"https:\/\/tourtravelandmore.com\/es\/tours\/espana-es\/barcelona-es\/barcelona-actividades-es\/tour-privado-museo-dali-y-cadaques-desde-barcelona-10-horas\/#breadcrumb"},"inLanguage":"es","potentialAction":[{"@type":"ReadAction","target":["https:\/\/tourtravelandmore.com\/es\/tours\/espana-es\/barcelona-es\/barcelona-actividades-es\/tour-privado-museo-dali-y-cadaques-desde-barcelona-10-horas\/"]}]},{"@type":"ImageObject","inLanguage":"es","@id":"https:\/\/tourtravelandmore.com\/es\/tours\/espana-es\/barcelona-es\/barcelona-actividades-es\/tour-privado-museo-dali-y-cadaques-desde-barcelona-10-horas\/#primaryimage","url":"https:\/\/tourtravelandmore.com\/wp-content\/uploads\/2017\/10\/dali-2.jpg","contentUrl":"https:\/\/tourtravelandmore.com\/wp-content\/uploads\/2017\/10\/dali-2.jpg","width":1024,"height":710},{"@type":"BreadcrumbList","@id":"https:\/\/tourtravelandmore.com\/es\/tours\/espana-es\/barcelona-es\/barcelona-actividades-es\/tour-privado-museo-dali-y-cadaques-desde-barcelona-10-horas\/#breadcrumb","itemListElement":[{"@type":"ListItem","position":1,"name":"Home","item":"https:\/\/tourtravelandmore.com\/es\/"},{"@type":"ListItem","position":2,"name":"Tours","item":"https:\/\/tourtravelandmore.com\/es\/tours\/"},{"@type":"ListItem","position":3,"name":"Tour Museo Dali y Cadaqu\u00e9s &#8211; Tour Privado desde Barcelona"}]},{"@type":"WebSite","@id":"https:\/\/tourtravelandmore.com\/es\/#website","url":"https:\/\/tourtravelandmore.com\/es\/","name":"Tour Travel And More","description":"Private sightseeing tours and luxury transfers in Spain","publisher":{"@id":"https:\/\/tourtravelandmore.com\/es\/#organization"},"potentialAction":[{"@type":"SearchAction","target":{"@type":"EntryPoint","urlTemplate":"https:\/\/tourtravelandmore.com\/es\/?s={search_term_string}"},"query-input":{"@type":"PropertyValueSpecification","valueRequired":true,"valueName":"search_term_string"}}],"inLanguage":"es"},{"@type":"Organization","@id":"https:\/\/tourtravelandmore.com\/es\/#organization","name":"Tour Travel And More","url":"https:\/\/tourtravelandmore.com\/es\/","logo":{"@type":"ImageObject","inLanguage":"es","@id":"https:\/\/tourtravelandmore.com\/es\/#\/schema\/logo\/image\/","url":"https:\/\/tourtravelandmore.com\/wp-content\/uploads\/2022\/12\/cropped-logo-cabecera-new.png","contentUrl":"https:\/\/tourtravelandmore.com\/wp-content\/uploads\/2022\/12\/cropped-logo-cabecera-new.png","width":430,"height":61,"caption":"Tour Travel And More"},"image":{"@id":"https:\/\/tourtravelandmore.com\/es\/#\/schema\/logo\/image\/"},"sameAs":["https:\/\/www.facebook.com\/tourtravelandmore\/","https:\/\/x.com\/TourTravel_More"]}]}},"_links":{"self":[{"href":"https:\/\/tourtravelandmore.com\/es\/wp-json\/wp\/v2\/product\/15163","targetHints":{"allow":["GET"]}}],"collection":[{"href":"https:\/\/tourtravelandmore.com\/es\/wp-json\/wp\/v2\/product"}],"about":[{"href":"https:\/\/tourtravelandmore.com\/es\/wp-json\/wp\/v2\/types\/product"}],"replies":[{"embeddable":true,"href":"https:\/\/tourtravelandmore.com\/es\/wp-json\/wp\/v2\/comments?post=15163"}],"wp:featuredmedia":[{"embeddable":true,"href":"https:\/\/tourtravelandmore.com\/es\/wp-json\/wp\/v2\/media\/15148"}],"wp:attachment":[{"href":"https:\/\/tourtravelandmore.com\/es\/wp-json\/wp\/v2\/media?parent=15163"}],"wp:term":[{"taxonomy":"product_brand","embeddable":true,"href":"https:\/\/tourtravelandmore.com\/es\/wp-json\/wp\/v2\/product_brand?post=15163"},{"taxonomy":"product_cat","embeddable":true,"href":"https:\/\/tourtravelandmore.com\/es\/wp-json\/wp\/v2\/product_cat?post=15163"},{"taxonomy":"product_tag","embeddable":true,"href":"https:\/\/tourtravelandmore.com\/es\/wp-json\/wp\/v2\/product_tag?post=15163"}],"curies":[{"name":"wp","href":"https:\/\/api.w.org\/{rel}","templated":true}]}}