{"id":151506,"date":"2023-01-31T17:01:47","date_gmt":"2023-01-31T16:01:47","guid":{"rendered":"https:\/\/tourtravelandmore.com\/?post_type=product&#038;p=151506"},"modified":"2025-11-07T20:08:54","modified_gmt":"2025-11-07T19:08:54","slug":"excursion-privada-a-nerja-frigiliana-y-el-acebuchal-desde-malaga","status":"publish","type":"product","link":"https:\/\/tourtravelandmore.com\/es\/tours\/espana-es\/malaga-es\/excursion-privada-a-nerja-frigiliana-y-el-acebuchal-desde-malaga\/","title":{"rendered":"Excursi\u00f3n privada a Nerja y Frigiliana desde M\u00e1laga"},"content":{"rendered":"<h2>Descripci\u00f3n | Excursi\u00f3n privada a Nerja y Frigiliana desde M\u00e1laga<\/h2>\n<p><span style=\"font-weight: 400;\">Disfrute de esta <strong>Excursi\u00f3n privada a Nerja y Frigiliana desde M\u00e1laga<\/strong><\/span><b>,<\/b><span style=\"font-weight: 400;\"> junto a su gu\u00eda tur\u00edstico oficial privado.<\/span><\/p>\n<p><span style=\"font-weight: 400;\">El conductor le recoger\u00e1 en su hotel o punto de elecci\u00f3n en M\u00e1laga. Nuestro gu\u00eda oficial privado estar\u00e1 con usted durante las<\/span><b> 8 horas de visita.<\/b><\/p>\n<p><span style=\"font-weight: 400;\">La duraci\u00f3n total del <strong>Excursi\u00f3n privada a Nerja y Frigiliana desde M\u00e1laga<\/strong><\/span><span style=\"font-weight: 400;\">\u00a0es de 8 horas.<\/span><\/p>\n<p><span style=\"font-weight: 400;\">Desde <\/span><b>Tour Travel &amp; More<\/b><span style=\"font-weight: 400;\"> le ofrecemos un servicio totalmente privado, adem\u00e1s podr\u00e1 elegir la hora y el lugar de recogida.<\/span><\/p>\n<h2>Puntos de inter\u00e9s<\/h2>\n<p><span style=\"font-weight: 400;\">La primera parada de la excursi\u00f3n es en el mirador de <\/span><b>Bendito<\/b><span style=\"font-weight: 400;\">, que ofrece una hermosa vista de la playa de <\/span><b>Carabeillo <\/b><span style=\"font-weight: 400;\">y el mar de <\/span><b>Albor\u00e1n<\/b><span style=\"font-weight: 400;\">. Despu\u00e9s visitaremos el <\/span><b>Balc\u00f3n <\/b><span style=\"font-weight: 400;\">de <\/span><b>Europa<\/b><span style=\"font-weight: 400;\">, una antigua fortaleza que se ha convertido en visita obligada en la zona.<\/span><\/p>\n<p><span style=\"font-weight: 400;\">Tambi\u00e9n visitaremos la bah\u00eda de <\/span><b>Calahonda<\/b><span style=\"font-weight: 400;\">, la iglesia de <\/span><b>El Salvador<\/b><span style=\"font-weight: 400;\"> y la playa del <\/span><b>Sal\u00f3n <\/b><span style=\"font-weight: 400;\">y tras una hora y media en <\/span><b>Nerja <\/b><span style=\"font-weight: 400;\">nos dirigiremos hacia <\/span><b>Frigiliana<\/b><span style=\"font-weight: 400;\">.\u00a0<\/span><\/p>\n<p><span style=\"font-weight: 400;\">Al llegar a este encantador pueblo veremos el <\/span><b>Palacio <\/b><span style=\"font-weight: 400;\">de los <\/span><b>Condes<\/b><span style=\"font-weight: 400;\">, tambi\u00e9n conocido como <\/span><b>El Ingenio<\/b><span style=\"font-weight: 400;\">. Tras conocer la historia de este edificio del siglo XVI, visitaremos el centro hist\u00f3rico y, por supuesto, hablaremos de uno de sus grandes manjares: <\/span><b>la miel de ca\u00f1a.\u00a0<\/b><\/p>\n<p><span style=\"font-weight: 400;\">Te dejaremos algo m\u00e1s de una hora para que almuerces por tu cuenta en Frigiliana.<\/span><\/p>\n<p><span style=\"font-weight: 400;\">Una vez finalizado el tour estaremos volviendo a <\/span><b>M\u00e1laga <\/b><span style=\"font-weight: 400;\">para dejarlos en su hotel o lugar de elecci\u00f3n en la ciudad.\u00a0<\/span><\/p>\n<p><span style=\"font-weight: 400;\">Si tienes m\u00e1s d\u00edas en M\u00e1laga puedes ver nuestros <\/span><a href=\"https:\/\/tourtravelandmore.com\/city\/spain\/malaga-en\/#shop\/\"><b>tours privados aqu\u00ed<\/b><\/a><b>.<\/b><\/p>\n","protected":false},"excerpt":{"rendered":"<p><span style=\"font-weight: 400;\">Disfrute de esta <strong>Excursi\u00f3n privada a Nerja y Frigiliana desde M\u00e1laga<\/strong><\/span><b>,<\/b><span style=\"font-weight: 400;\"> junto a su gu\u00eda tur\u00edstico oficial privado.<\/span><\/p>\n","protected":false},"featured_media":151546,"comment_status":"open","ping_status":"closed","template":"","meta":{"_acf_changed":false},"product_brand":[],"product_cat":[94,95,96],"product_tag":[],"class_list":{"0":"post-151506","1":"product","2":"type-product","3":"status-publish","4":"has-post-thumbnail","6":"product_cat-malaga-es","7":"product_cat-malaga-actividades-es","8":"product_cat-malaga-excursiones-es","10":"first","11":"instock","12":"shipping-taxable","13":"purchasable","14":"product-type-simple"},"acf":[],"yoast_head":"<!-- This site is optimized with the Yoast SEO Premium plugin v25.3.1 (Yoast SEO v25.3.1) - https:\/\/yoast.com\/wordpress\/plugins\/seo\/ -->\n<title>\u27a1\ufe0f Excursi\u00f3n privada a Nerja y Frigiliana desde M\u00e1laga | TTM<\/title>\n<meta name=\"description\" content=\"Excursi\u00f3n privada a Nerja y Frigiliana desde M\u00e1laga \u00a1Tenga la oportunidad de conocer M\u00e1laga con su Gu\u00eda Oficial Privado! \u2705\" \/>\n<meta name=\"robots\" content=\"index, follow, max-snippet:-1, max-image-preview:large, max-video-preview:-1\" \/>\n<link rel=\"canonical\" href=\"https:\/\/tourtravelandmore.com\/es\/tours\/espana-es\/malaga-es\/excursion-privada-a-nerja-frigiliana-y-el-acebuchal-desde-malaga\/\" \/>\n<meta property=\"og:locale\" content=\"es_ES\" \/>\n<meta property=\"og:type\" content=\"article\" \/>\n<meta property=\"og:title\" content=\"Excursi\u00f3n privada a Nerja y Frigiliana desde M\u00e1laga\" \/>\n<meta property=\"og:description\" content=\"Excursi\u00f3n privada a Nerja y Frigiliana desde M\u00e1laga \u00a1Tenga la oportunidad de conocer M\u00e1laga con su Gu\u00eda Oficial Privado! \u2705\" \/>\n<meta property=\"og:url\" content=\"https:\/\/tourtravelandmore.com\/es\/tours\/espana-es\/malaga-es\/excursion-privada-a-nerja-frigiliana-y-el-acebuchal-desde-malaga\/\" \/>\n<meta property=\"og:site_name\" content=\"Tour Travel And More\" \/>\n<meta property=\"article:publisher\" content=\"https:\/\/www.facebook.com\/tourtravelandmore\/\" \/>\n<meta property=\"article:modified_time\" content=\"2025-11-07T19:08:54+00:00\" \/>\n<meta property=\"og:image\" content=\"https:\/\/tourtravelandmore.com\/wp-content\/uploads\/2023\/01\/MVC120460018.jpg\" \/>\n\t<meta property=\"og:image:width\" content=\"1200\" \/>\n\t<meta property=\"og:image:height\" content=\"798\" \/>\n\t<meta property=\"og:image:type\" content=\"image\/jpeg\" \/>\n<meta name=\"twitter:card\" content=\"summary_large_image\" \/>\n<meta name=\"twitter:site\" content=\"@TourTravel_More\" \/>\n<meta name=\"twitter:label1\" content=\"Tiempo de lectura\" \/>\n\t<meta name=\"twitter:data1\" content=\"1 minuto\" \/>\n<script type=\"application\/ld+json\" class=\"yoast-schema-graph\">{\"@context\":\"https:\/\/schema.org\",\"@graph\":[{\"@type\":\"WebPage\",\"@id\":\"https:\/\/tourtravelandmore.com\/es\/tours\/espana-es\/malaga-es\/excursion-privada-a-nerja-frigiliana-y-el-acebuchal-desde-malaga\/\",\"url\":\"https:\/\/tourtravelandmore.com\/es\/tours\/espana-es\/malaga-es\/excursion-privada-a-nerja-frigiliana-y-el-acebuchal-desde-malaga\/\",\"name\":\"\u27a1\ufe0f Excursi\u00f3n privada a Nerja y Frigiliana desde M\u00e1laga | TTM\",\"isPartOf\":{\"@id\":\"https:\/\/tourtravelandmore.com\/es\/#website\"},\"primaryImageOfPage\":{\"@id\":\"https:\/\/tourtravelandmore.com\/es\/tours\/espana-es\/malaga-es\/excursion-privada-a-nerja-frigiliana-y-el-acebuchal-desde-malaga\/#primaryimage\"},\"image\":{\"@id\":\"https:\/\/tourtravelandmore.com\/es\/tours\/espana-es\/malaga-es\/excursion-privada-a-nerja-frigiliana-y-el-acebuchal-desde-malaga\/#primaryimage\"},\"thumbnailUrl\":\"https:\/\/tourtravelandmore.com\/wp-content\/uploads\/2023\/01\/MVC120460018.jpg\",\"datePublished\":\"2023-01-31T16:01:47+00:00\",\"dateModified\":\"2025-11-07T19:08:54+00:00\",\"description\":\"Excursi\u00f3n privada a Nerja y Frigiliana desde M\u00e1laga \u00a1Tenga la oportunidad de conocer M\u00e1laga con su Gu\u00eda Oficial Privado! \u2705\",\"breadcrumb\":{\"@id\":\"https:\/\/tourtravelandmore.com\/es\/tours\/espana-es\/malaga-es\/excursion-privada-a-nerja-frigiliana-y-el-acebuchal-desde-malaga\/#breadcrumb\"},\"inLanguage\":\"es\",\"potentialAction\":[{\"@type\":\"ReadAction\",\"target\":[\"https:\/\/tourtravelandmore.com\/es\/tours\/espana-es\/malaga-es\/excursion-privada-a-nerja-frigiliana-y-el-acebuchal-desde-malaga\/\"]}]},{\"@type\":\"ImageObject\",\"inLanguage\":\"es\",\"@id\":\"https:\/\/tourtravelandmore.com\/es\/tours\/espana-es\/malaga-es\/excursion-privada-a-nerja-frigiliana-y-el-acebuchal-desde-malaga\/#primaryimage\",\"url\":\"https:\/\/tourtravelandmore.com\/wp-content\/uploads\/2023\/01\/MVC120460018.jpg\",\"contentUrl\":\"https:\/\/tourtravelandmore.com\/wp-content\/uploads\/2023\/01\/MVC120460018.jpg\",\"width\":1200,\"height\":798},{\"@type\":\"BreadcrumbList\",\"@id\":\"https:\/\/tourtravelandmore.com\/es\/tours\/espana-es\/malaga-es\/excursion-privada-a-nerja-frigiliana-y-el-acebuchal-desde-malaga\/#breadcrumb\",\"itemListElement\":[{\"@type\":\"ListItem\",\"position\":1,\"name\":\"Home\",\"item\":\"https:\/\/tourtravelandmore.com\/es\/\"},{\"@type\":\"ListItem\",\"position\":2,\"name\":\"Tours\",\"item\":\"https:\/\/tourtravelandmore.com\/es\/tours\/\"},{\"@type\":\"ListItem\",\"position\":3,\"name\":\"Excursi\u00f3n privada a Nerja y Frigiliana desde M\u00e1laga\"}]},{\"@type\":\"WebSite\",\"@id\":\"https:\/\/tourtravelandmore.com\/es\/#website\",\"url\":\"https:\/\/tourtravelandmore.com\/es\/\",\"name\":\"Tour Travel And More\",\"description\":\"Private sightseeing tours and luxury transfers in Spain\",\"publisher\":{\"@id\":\"https:\/\/tourtravelandmore.com\/es\/#organization\"},\"potentialAction\":[{\"@type\":\"SearchAction\",\"target\":{\"@type\":\"EntryPoint\",\"urlTemplate\":\"https:\/\/tourtravelandmore.com\/es\/?s={search_term_string}\"},\"query-input\":{\"@type\":\"PropertyValueSpecification\",\"valueRequired\":true,\"valueName\":\"search_term_string\"}}],\"inLanguage\":\"es\"},{\"@type\":\"Organization\",\"@id\":\"https:\/\/tourtravelandmore.com\/es\/#organization\",\"name\":\"Tour Travel And More\",\"url\":\"https:\/\/tourtravelandmore.com\/es\/\",\"logo\":{\"@type\":\"ImageObject\",\"inLanguage\":\"es\",\"@id\":\"https:\/\/tourtravelandmore.com\/es\/#\/schema\/logo\/image\/\",\"url\":\"https:\/\/tourtravelandmore.com\/wp-content\/uploads\/2022\/12\/cropped-logo-cabecera-new.png\",\"contentUrl\":\"https:\/\/tourtravelandmore.com\/wp-content\/uploads\/2022\/12\/cropped-logo-cabecera-new.png\",\"width\":430,\"height\":61,\"caption\":\"Tour Travel And More\"},\"image\":{\"@id\":\"https:\/\/tourtravelandmore.com\/es\/#\/schema\/logo\/image\/\"},\"sameAs\":[\"https:\/\/www.facebook.com\/tourtravelandmore\/\",\"https:\/\/x.com\/TourTravel_More\"]}]}<\/script>\n<!-- \/ Yoast SEO Premium plugin. -->","yoast_head_json":{"title":"\u27a1\ufe0f Excursi\u00f3n privada a Nerja y Frigiliana desde M\u00e1laga | TTM","description":"Excursi\u00f3n privada a Nerja y Frigiliana desde M\u00e1laga \u00a1Tenga la oportunidad de conocer M\u00e1laga con su Gu\u00eda Oficial Privado! \u2705","robots":{"index":"index","follow":"follow","max-snippet":"max-snippet:-1","max-image-preview":"max-image-preview:large","max-video-preview":"max-video-preview:-1"},"canonical":"https:\/\/tourtravelandmore.com\/es\/tours\/espana-es\/malaga-es\/excursion-privada-a-nerja-frigiliana-y-el-acebuchal-desde-malaga\/","og_locale":"es_ES","og_type":"article","og_title":"Excursi\u00f3n privada a Nerja y Frigiliana desde M\u00e1laga","og_description":"Excursi\u00f3n privada a Nerja y Frigiliana desde M\u00e1laga \u00a1Tenga la oportunidad de conocer M\u00e1laga con su Gu\u00eda Oficial Privado! \u2705","og_url":"https:\/\/tourtravelandmore.com\/es\/tours\/espana-es\/malaga-es\/excursion-privada-a-nerja-frigiliana-y-el-acebuchal-desde-malaga\/","og_site_name":"Tour Travel And More","article_publisher":"https:\/\/www.facebook.com\/tourtravelandmore\/","article_modified_time":"2025-11-07T19:08:54+00:00","og_image":[{"width":1200,"height":798,"url":"https:\/\/tourtravelandmore.com\/wp-content\/uploads\/2023\/01\/MVC120460018.jpg","type":"image\/jpeg"}],"twitter_card":"summary_large_image","twitter_site":"@TourTravel_More","twitter_misc":{"Tiempo de lectura":"1 minuto"},"schema":{"@context":"https:\/\/schema.org","@graph":[{"@type":"WebPage","@id":"https:\/\/tourtravelandmore.com\/es\/tours\/espana-es\/malaga-es\/excursion-privada-a-nerja-frigiliana-y-el-acebuchal-desde-malaga\/","url":"https:\/\/tourtravelandmore.com\/es\/tours\/espana-es\/malaga-es\/excursion-privada-a-nerja-frigiliana-y-el-acebuchal-desde-malaga\/","name":"\u27a1\ufe0f Excursi\u00f3n privada a Nerja y Frigiliana desde M\u00e1laga | TTM","isPartOf":{"@id":"https:\/\/tourtravelandmore.com\/es\/#website"},"primaryImageOfPage":{"@id":"https:\/\/tourtravelandmore.com\/es\/tours\/espana-es\/malaga-es\/excursion-privada-a-nerja-frigiliana-y-el-acebuchal-desde-malaga\/#primaryimage"},"image":{"@id":"https:\/\/tourtravelandmore.com\/es\/tours\/espana-es\/malaga-es\/excursion-privada-a-nerja-frigiliana-y-el-acebuchal-desde-malaga\/#primaryimage"},"thumbnailUrl":"https:\/\/tourtravelandmore.com\/wp-content\/uploads\/2023\/01\/MVC120460018.jpg","datePublished":"2023-01-31T16:01:47+00:00","dateModified":"2025-11-07T19:08:54+00:00","description":"Excursi\u00f3n privada a Nerja y Frigiliana desde M\u00e1laga \u00a1Tenga la oportunidad de conocer M\u00e1laga con su Gu\u00eda Oficial Privado! \u2705","breadcrumb":{"@id":"https:\/\/tourtravelandmore.com\/es\/tours\/espana-es\/malaga-es\/excursion-privada-a-nerja-frigiliana-y-el-acebuchal-desde-malaga\/#breadcrumb"},"inLanguage":"es","potentialAction":[{"@type":"ReadAction","target":["https:\/\/tourtravelandmore.com\/es\/tours\/espana-es\/malaga-es\/excursion-privada-a-nerja-frigiliana-y-el-acebuchal-desde-malaga\/"]}]},{"@type":"ImageObject","inLanguage":"es","@id":"https:\/\/tourtravelandmore.com\/es\/tours\/espana-es\/malaga-es\/excursion-privada-a-nerja-frigiliana-y-el-acebuchal-desde-malaga\/#primaryimage","url":"https:\/\/tourtravelandmore.com\/wp-content\/uploads\/2023\/01\/MVC120460018.jpg","contentUrl":"https:\/\/tourtravelandmore.com\/wp-content\/uploads\/2023\/01\/MVC120460018.jpg","width":1200,"height":798},{"@type":"BreadcrumbList","@id":"https:\/\/tourtravelandmore.com\/es\/tours\/espana-es\/malaga-es\/excursion-privada-a-nerja-frigiliana-y-el-acebuchal-desde-malaga\/#breadcrumb","itemListElement":[{"@type":"ListItem","position":1,"name":"Home","item":"https:\/\/tourtravelandmore.com\/es\/"},{"@type":"ListItem","position":2,"name":"Tours","item":"https:\/\/tourtravelandmore.com\/es\/tours\/"},{"@type":"ListItem","position":3,"name":"Excursi\u00f3n privada a Nerja y Frigiliana desde M\u00e1laga"}]},{"@type":"WebSite","@id":"https:\/\/tourtravelandmore.com\/es\/#website","url":"https:\/\/tourtravelandmore.com\/es\/","name":"Tour Travel And More","description":"Private sightseeing tours and luxury transfers in Spain","publisher":{"@id":"https:\/\/tourtravelandmore.com\/es\/#organization"},"potentialAction":[{"@type":"SearchAction","target":{"@type":"EntryPoint","urlTemplate":"https:\/\/tourtravelandmore.com\/es\/?s={search_term_string}"},"query-input":{"@type":"PropertyValueSpecification","valueRequired":true,"valueName":"search_term_string"}}],"inLanguage":"es"},{"@type":"Organization","@id":"https:\/\/tourtravelandmore.com\/es\/#organization","name":"Tour Travel And More","url":"https:\/\/tourtravelandmore.com\/es\/","logo":{"@type":"ImageObject","inLanguage":"es","@id":"https:\/\/tourtravelandmore.com\/es\/#\/schema\/logo\/image\/","url":"https:\/\/tourtravelandmore.com\/wp-content\/uploads\/2022\/12\/cropped-logo-cabecera-new.png","contentUrl":"https:\/\/tourtravelandmore.com\/wp-content\/uploads\/2022\/12\/cropped-logo-cabecera-new.png","width":430,"height":61,"caption":"Tour Travel And More"},"image":{"@id":"https:\/\/tourtravelandmore.com\/es\/#\/schema\/logo\/image\/"},"sameAs":["https:\/\/www.facebook.com\/tourtravelandmore\/","https:\/\/x.com\/TourTravel_More"]}]}},"_links":{"self":[{"href":"https:\/\/tourtravelandmore.com\/es\/wp-json\/wp\/v2\/product\/151506","targetHints":{"allow":["GET"]}}],"collection":[{"href":"https:\/\/tourtravelandmore.com\/es\/wp-json\/wp\/v2\/product"}],"about":[{"href":"https:\/\/tourtravelandmore.com\/es\/wp-json\/wp\/v2\/types\/product"}],"replies":[{"embeddable":true,"href":"https:\/\/tourtravelandmore.com\/es\/wp-json\/wp\/v2\/comments?post=151506"}],"wp:featuredmedia":[{"embeddable":true,"href":"https:\/\/tourtravelandmore.com\/es\/wp-json\/wp\/v2\/media\/151546"}],"wp:attachment":[{"href":"https:\/\/tourtravelandmore.com\/es\/wp-json\/wp\/v2\/media?parent=151506"}],"wp:term":[{"taxonomy":"product_brand","embeddable":true,"href":"https:\/\/tourtravelandmore.com\/es\/wp-json\/wp\/v2\/product_brand?post=151506"},{"taxonomy":"product_cat","embeddable":true,"href":"https:\/\/tourtravelandmore.com\/es\/wp-json\/wp\/v2\/product_cat?post=151506"},{"taxonomy":"product_tag","embeddable":true,"href":"https:\/\/tourtravelandmore.com\/es\/wp-json\/wp\/v2\/product_tag?post=151506"}],"curies":[{"name":"wp","href":"https:\/\/api.w.org\/{rel}","templated":true}]}}