{"id":151437,"date":"2023-01-31T15:23:02","date_gmt":"2023-01-31T14:23:10","guid":{"rendered":"https:\/\/tourtravelandmore.com\/?post_type=product&#038;p=151437"},"modified":"2023-01-31T16:10:19","modified_gmt":"2023-01-31T15:10:19","slug":"tour-privado-a-pie-por-la-alcazaba-y-el-teatro-romano-de-malaga","status":"publish","type":"product","link":"https:\/\/tourtravelandmore.com\/es\/tours\/espana-es\/malaga-es\/tour-privado-a-pie-por-la-alcazaba-y-el-teatro-romano-de-malaga\/","title":{"rendered":"Tour privado a pie por la alcazaba y el teatro romano de M\u00e1laga"},"content":{"rendered":"<h2>Descripci\u00f3n del Tour privado a pie por la alcazaba y el teatro romano de M\u00e1laga<\/h2>\n<p><span style=\"font-weight: 400;\">Disfrute de este <\/span><b>Tour privado a pie por la alcazaba y el teatro romano de M\u00e1laga<\/b><span style=\"font-weight: 400;\">, junto a su gu\u00eda tur\u00edstico oficial privado.<\/span><\/p>\n<p><span style=\"font-weight: 400;\">El conductor le recoger\u00e1 en su hotel de M\u00e1laga. Nuestro <\/span><b>gu\u00eda oficial privado<\/b><span style=\"font-weight: 400;\"> estar\u00e1 con usted durante <\/span><b>2 horas de visita.<\/b><\/p>\n<p><span style=\"font-weight: 400;\">La duraci\u00f3n total del <\/span><b>Tour privado a pie por la alcazaba y el teatro romano de M\u00e1laga<\/b><span style=\"font-weight: 400;\"> es de<\/span><b> 2 horas.<\/b><\/p>\n<p><span style=\"font-weight: 400;\">Desde <\/span><b>Tour Travel &amp; More <\/b><span style=\"font-weight: 400;\">le ofrecemos un servicio totalmente privado, adem\u00e1s podr\u00e1 elegir la hora y el lugar de recogida.<\/span><\/p>\n<h2>Puntos de inter\u00e9s<\/h2>\n<p><span style=\"font-weight: 400;\">Partiendo de la <\/span><b>Pir\u00e1mide de Crista<\/b><span style=\"font-weight: 400;\">l, en el coraz\u00f3n del casco antiguo de <\/span><b>M\u00e1laga<\/b><span style=\"font-weight: 400;\">, daremos un corto paseo hasta el Centro de Interpretaci\u00f3n del <\/span><b>Teatro Romano <\/b><span style=\"font-weight: 400;\">de <\/span><b>M\u00e1laga<\/b><span style=\"font-weight: 400;\">, situado en la calle <\/span><b>Alcazabilla<\/b><span style=\"font-weight: 400;\">.<\/span><\/p>\n<p><span style=\"font-weight: 400;\">La ciudad de <\/span><b>Malaca<\/b><span style=\"font-weight: 400;\">, como se llamaba en la <\/span><b>Hispania romana<\/b><span style=\"font-weight: 400;\">, contaba con grandes edificios p\u00fablicos para el entretenimiento de la poblaci\u00f3n. Durante la visita al centro de interpretaci\u00f3n, conoceremos la historia de estas grandes infraestructuras, entre las que destaca el teatro romano de <\/span><b>M\u00e1laga<\/b><span style=\"font-weight: 400;\">.<\/span><\/p>\n<p><span style=\"font-weight: 400;\">Junto al peque\u00f1o centro de interpretaci\u00f3n, que servir\u00e1 de introducci\u00f3n a la vida y costumbres de la antigua <\/span><b>M\u00e1laga<\/b><span style=\"font-weight: 400;\">, encontraremos las ruinas del teatro. Visitando sus gradas y las diferentes partes que a\u00fan se conservan, conoceremos c\u00f3mo eran las representaciones esc\u00e9nicas romanas. Por cierto, \u00bfsabe en qu\u00e9 se diferenciaban de las representaciones de la <\/span><b>Grecia <\/b><span style=\"font-weight: 400;\">cl\u00e1sica?<\/span><\/p>\n<p><span style=\"font-weight: 400;\">Detr\u00e1s del teatro se encuentra la alcazaba de <\/span><b>M\u00e1laga<\/b><span style=\"font-weight: 400;\">, donde continuaremos nuestra visita. Esta fortaleza de origen andalus\u00ed est\u00e1 considerada como una &#8220;peque\u00f1a <\/span><b>Alhambra <\/b><span style=\"font-weight: 400;\">de <\/span><b>Granada<\/b><span style=\"font-weight: 400;\">&#8220;. La fortaleza de <\/span><b>M\u00e1laga<\/b><span style=\"font-weight: 400;\">, que tambi\u00e9n sirvi\u00f3 de residencia palaciega, conserva una fuerte huella del reino nazar\u00ed. Sus famosos patios y jardines son un ejemplo de ello. Apreciaremos el encanto de la arquitectura t\u00edpica de <\/span><b>Al<\/b><span style=\"font-weight: 400;\">&#8211;<\/span><b>Andalus<\/b><span style=\"font-weight: 400;\">.<\/span><\/p>\n<p><span style=\"font-weight: 400;\">Tambi\u00e9n visitaremos las almenas de las murallas de la <\/span><b>Alcazaba <\/b><span style=\"font-weight: 400;\">de <\/span><b>M\u00e1laga<\/b><span style=\"font-weight: 400;\">. Desde aqu\u00ed, disfrutaremos de excelentes vistas panor\u00e1micas de la ciudad, incluido el cercano Castillo de <\/span><b>Gibralfaro<\/b><span style=\"font-weight: 400;\">, otro de los vestigios de la \u00e9poca <\/span><b>musulmana<\/b><span style=\"font-weight: 400;\">.\u00a0<\/span><\/p>\n<p>Si dispone de m\u00e1s d\u00edas en la ciudad de M\u00e1laga, puede consultar <a href=\"https:\/\/tourtravelandmore.com\/es\/ciudad\/espana-es\/cadiz-es\/\"><strong>aqu\u00ed<\/strong><\/a> el resto de tours privados de la ciudad.<\/p>\n","protected":false},"excerpt":{"rendered":"<p><span style=\"font-weight: 400;\">Disfrute de este <\/span><b>Tour privado a pie por la alcazaba y el teatro romano de M\u00e1laga<\/b><span style=\"font-weight: 400;\">, junto a su gu\u00eda tur\u00edstico oficial privado.<\/span><\/p>\n<p>&nbsp;<\/p>\n","protected":false},"featured_media":151456,"comment_status":"open","ping_status":"closed","template":"","meta":{"_acf_changed":false},"product_brand":[],"product_cat":[94,95,98],"product_tag":[],"class_list":{"0":"post-151437","1":"product","2":"type-product","3":"status-publish","4":"has-post-thumbnail","6":"product_cat-malaga-es","7":"product_cat-malaga-actividades-es","8":"product_cat-malaga-tours-privados-pie-es","10":"first","11":"instock","12":"shipping-taxable","13":"purchasable","14":"product-type-simple"},"acf":[],"yoast_head":"<!-- This site is optimized with the Yoast SEO Premium plugin v25.3.1 (Yoast SEO v25.3.1) - https:\/\/yoast.com\/wordpress\/plugins\/seo\/ -->\n<title>\u27a1\ufe0f Tour privado a pie por la alcazaba y el teatro romano de M\u00e1laga | TTM<\/title>\n<meta name=\"description\" content=\"Visita privada a pie de la Alcazaba y el Teatro Romano de M\u00e1laga. \u00a1Tenga la oportunidad de conocer M\u00e1laga con su Gu\u00eda Oficial Privado! \u2705\" \/>\n<meta name=\"robots\" content=\"index, follow, max-snippet:-1, max-image-preview:large, max-video-preview:-1\" \/>\n<link rel=\"canonical\" href=\"https:\/\/tourtravelandmore.com\/es\/tours\/espana-es\/malaga-es\/tour-privado-a-pie-por-la-alcazaba-y-el-teatro-romano-de-malaga\/\" \/>\n<meta property=\"og:locale\" content=\"es_ES\" \/>\n<meta property=\"og:type\" content=\"article\" \/>\n<meta property=\"og:title\" content=\"Tour privado a pie por la alcazaba y el teatro romano de M\u00e1laga\" \/>\n<meta property=\"og:description\" content=\"Visita privada a pie de la Alcazaba y el Teatro Romano de M\u00e1laga. \u00a1Tenga la oportunidad de conocer M\u00e1laga con su Gu\u00eda Oficial Privado! \u2705\" \/>\n<meta property=\"og:url\" content=\"https:\/\/tourtravelandmore.com\/es\/tours\/espana-es\/malaga-es\/tour-privado-a-pie-por-la-alcazaba-y-el-teatro-romano-de-malaga\/\" \/>\n<meta property=\"og:site_name\" content=\"Tour Travel And More\" \/>\n<meta property=\"article:publisher\" content=\"https:\/\/www.facebook.com\/tourtravelandmore\/\" \/>\n<meta property=\"article:modified_time\" content=\"2023-01-31T15:10:19+00:00\" \/>\n<meta property=\"og:image\" content=\"https:\/\/tourtravelandmore.com\/wp-content\/uploads\/2023\/01\/pexels-ugur-ugur-165173-scaled.jpg\" \/>\n\t<meta property=\"og:image:width\" content=\"2560\" \/>\n\t<meta property=\"og:image:height\" content=\"1696\" \/>\n\t<meta property=\"og:image:type\" content=\"image\/jpeg\" \/>\n<meta name=\"twitter:card\" content=\"summary_large_image\" \/>\n<meta name=\"twitter:site\" content=\"@TourTravel_More\" \/>\n<meta name=\"twitter:label1\" content=\"Tiempo de lectura\" \/>\n\t<meta name=\"twitter:data1\" content=\"2 minutos\" \/>\n<script type=\"application\/ld+json\" class=\"yoast-schema-graph\">{\"@context\":\"https:\/\/schema.org\",\"@graph\":[{\"@type\":\"WebPage\",\"@id\":\"https:\/\/tourtravelandmore.com\/es\/tours\/espana-es\/malaga-es\/tour-privado-a-pie-por-la-alcazaba-y-el-teatro-romano-de-malaga\/\",\"url\":\"https:\/\/tourtravelandmore.com\/es\/tours\/espana-es\/malaga-es\/tour-privado-a-pie-por-la-alcazaba-y-el-teatro-romano-de-malaga\/\",\"name\":\"\u27a1\ufe0f Tour privado a pie por la alcazaba y el teatro romano de M\u00e1laga | TTM\",\"isPartOf\":{\"@id\":\"https:\/\/tourtravelandmore.com\/es\/#website\"},\"primaryImageOfPage\":{\"@id\":\"https:\/\/tourtravelandmore.com\/es\/tours\/espana-es\/malaga-es\/tour-privado-a-pie-por-la-alcazaba-y-el-teatro-romano-de-malaga\/#primaryimage\"},\"image\":{\"@id\":\"https:\/\/tourtravelandmore.com\/es\/tours\/espana-es\/malaga-es\/tour-privado-a-pie-por-la-alcazaba-y-el-teatro-romano-de-malaga\/#primaryimage\"},\"thumbnailUrl\":\"https:\/\/tourtravelandmore.com\/wp-content\/uploads\/2023\/01\/pexels-ugur-ugur-165173-scaled.jpg\",\"datePublished\":\"2023-01-31T14:23:10+00:00\",\"dateModified\":\"2023-01-31T15:10:19+00:00\",\"description\":\"Visita privada a pie de la Alcazaba y el Teatro Romano de M\u00e1laga. \u00a1Tenga la oportunidad de conocer M\u00e1laga con su Gu\u00eda Oficial Privado! \u2705\",\"breadcrumb\":{\"@id\":\"https:\/\/tourtravelandmore.com\/es\/tours\/espana-es\/malaga-es\/tour-privado-a-pie-por-la-alcazaba-y-el-teatro-romano-de-malaga\/#breadcrumb\"},\"inLanguage\":\"es\",\"potentialAction\":[{\"@type\":\"ReadAction\",\"target\":[\"https:\/\/tourtravelandmore.com\/es\/tours\/espana-es\/malaga-es\/tour-privado-a-pie-por-la-alcazaba-y-el-teatro-romano-de-malaga\/\"]}]},{\"@type\":\"ImageObject\",\"inLanguage\":\"es\",\"@id\":\"https:\/\/tourtravelandmore.com\/es\/tours\/espana-es\/malaga-es\/tour-privado-a-pie-por-la-alcazaba-y-el-teatro-romano-de-malaga\/#primaryimage\",\"url\":\"https:\/\/tourtravelandmore.com\/wp-content\/uploads\/2023\/01\/pexels-ugur-ugur-165173-scaled.jpg\",\"contentUrl\":\"https:\/\/tourtravelandmore.com\/wp-content\/uploads\/2023\/01\/pexels-ugur-ugur-165173-scaled.jpg\",\"width\":2560,\"height\":1696},{\"@type\":\"BreadcrumbList\",\"@id\":\"https:\/\/tourtravelandmore.com\/es\/tours\/espana-es\/malaga-es\/tour-privado-a-pie-por-la-alcazaba-y-el-teatro-romano-de-malaga\/#breadcrumb\",\"itemListElement\":[{\"@type\":\"ListItem\",\"position\":1,\"name\":\"Home\",\"item\":\"https:\/\/tourtravelandmore.com\/es\/\"},{\"@type\":\"ListItem\",\"position\":2,\"name\":\"Tours\",\"item\":\"https:\/\/tourtravelandmore.com\/es\/tours\/\"},{\"@type\":\"ListItem\",\"position\":3,\"name\":\"Tour privado a pie por la alcazaba y el teatro romano de M\u00e1laga\"}]},{\"@type\":\"WebSite\",\"@id\":\"https:\/\/tourtravelandmore.com\/es\/#website\",\"url\":\"https:\/\/tourtravelandmore.com\/es\/\",\"name\":\"Tour Travel And More\",\"description\":\"Private sightseeing tours and luxury transfers in Spain\",\"publisher\":{\"@id\":\"https:\/\/tourtravelandmore.com\/es\/#organization\"},\"potentialAction\":[{\"@type\":\"SearchAction\",\"target\":{\"@type\":\"EntryPoint\",\"urlTemplate\":\"https:\/\/tourtravelandmore.com\/es\/?s={search_term_string}\"},\"query-input\":{\"@type\":\"PropertyValueSpecification\",\"valueRequired\":true,\"valueName\":\"search_term_string\"}}],\"inLanguage\":\"es\"},{\"@type\":\"Organization\",\"@id\":\"https:\/\/tourtravelandmore.com\/es\/#organization\",\"name\":\"Tour Travel And More\",\"url\":\"https:\/\/tourtravelandmore.com\/es\/\",\"logo\":{\"@type\":\"ImageObject\",\"inLanguage\":\"es\",\"@id\":\"https:\/\/tourtravelandmore.com\/es\/#\/schema\/logo\/image\/\",\"url\":\"https:\/\/tourtravelandmore.com\/wp-content\/uploads\/2022\/12\/cropped-logo-cabecera-new.png\",\"contentUrl\":\"https:\/\/tourtravelandmore.com\/wp-content\/uploads\/2022\/12\/cropped-logo-cabecera-new.png\",\"width\":430,\"height\":61,\"caption\":\"Tour Travel And More\"},\"image\":{\"@id\":\"https:\/\/tourtravelandmore.com\/es\/#\/schema\/logo\/image\/\"},\"sameAs\":[\"https:\/\/www.facebook.com\/tourtravelandmore\/\",\"https:\/\/x.com\/TourTravel_More\"]}]}<\/script>\n<!-- \/ Yoast SEO Premium plugin. -->","yoast_head_json":{"title":"\u27a1\ufe0f Tour privado a pie por la alcazaba y el teatro romano de M\u00e1laga | TTM","description":"Visita privada a pie de la Alcazaba y el Teatro Romano de M\u00e1laga. \u00a1Tenga la oportunidad de conocer M\u00e1laga con su Gu\u00eda Oficial Privado! \u2705","robots":{"index":"index","follow":"follow","max-snippet":"max-snippet:-1","max-image-preview":"max-image-preview:large","max-video-preview":"max-video-preview:-1"},"canonical":"https:\/\/tourtravelandmore.com\/es\/tours\/espana-es\/malaga-es\/tour-privado-a-pie-por-la-alcazaba-y-el-teatro-romano-de-malaga\/","og_locale":"es_ES","og_type":"article","og_title":"Tour privado a pie por la alcazaba y el teatro romano de M\u00e1laga","og_description":"Visita privada a pie de la Alcazaba y el Teatro Romano de M\u00e1laga. \u00a1Tenga la oportunidad de conocer M\u00e1laga con su Gu\u00eda Oficial Privado! \u2705","og_url":"https:\/\/tourtravelandmore.com\/es\/tours\/espana-es\/malaga-es\/tour-privado-a-pie-por-la-alcazaba-y-el-teatro-romano-de-malaga\/","og_site_name":"Tour Travel And More","article_publisher":"https:\/\/www.facebook.com\/tourtravelandmore\/","article_modified_time":"2023-01-31T15:10:19+00:00","og_image":[{"width":2560,"height":1696,"url":"https:\/\/tourtravelandmore.com\/wp-content\/uploads\/2023\/01\/pexels-ugur-ugur-165173-scaled.jpg","type":"image\/jpeg"}],"twitter_card":"summary_large_image","twitter_site":"@TourTravel_More","twitter_misc":{"Tiempo de lectura":"2 minutos"},"schema":{"@context":"https:\/\/schema.org","@graph":[{"@type":"WebPage","@id":"https:\/\/tourtravelandmore.com\/es\/tours\/espana-es\/malaga-es\/tour-privado-a-pie-por-la-alcazaba-y-el-teatro-romano-de-malaga\/","url":"https:\/\/tourtravelandmore.com\/es\/tours\/espana-es\/malaga-es\/tour-privado-a-pie-por-la-alcazaba-y-el-teatro-romano-de-malaga\/","name":"\u27a1\ufe0f Tour privado a pie por la alcazaba y el teatro romano de M\u00e1laga | TTM","isPartOf":{"@id":"https:\/\/tourtravelandmore.com\/es\/#website"},"primaryImageOfPage":{"@id":"https:\/\/tourtravelandmore.com\/es\/tours\/espana-es\/malaga-es\/tour-privado-a-pie-por-la-alcazaba-y-el-teatro-romano-de-malaga\/#primaryimage"},"image":{"@id":"https:\/\/tourtravelandmore.com\/es\/tours\/espana-es\/malaga-es\/tour-privado-a-pie-por-la-alcazaba-y-el-teatro-romano-de-malaga\/#primaryimage"},"thumbnailUrl":"https:\/\/tourtravelandmore.com\/wp-content\/uploads\/2023\/01\/pexels-ugur-ugur-165173-scaled.jpg","datePublished":"2023-01-31T14:23:10+00:00","dateModified":"2023-01-31T15:10:19+00:00","description":"Visita privada a pie de la Alcazaba y el Teatro Romano de M\u00e1laga. \u00a1Tenga la oportunidad de conocer M\u00e1laga con su Gu\u00eda Oficial Privado! \u2705","breadcrumb":{"@id":"https:\/\/tourtravelandmore.com\/es\/tours\/espana-es\/malaga-es\/tour-privado-a-pie-por-la-alcazaba-y-el-teatro-romano-de-malaga\/#breadcrumb"},"inLanguage":"es","potentialAction":[{"@type":"ReadAction","target":["https:\/\/tourtravelandmore.com\/es\/tours\/espana-es\/malaga-es\/tour-privado-a-pie-por-la-alcazaba-y-el-teatro-romano-de-malaga\/"]}]},{"@type":"ImageObject","inLanguage":"es","@id":"https:\/\/tourtravelandmore.com\/es\/tours\/espana-es\/malaga-es\/tour-privado-a-pie-por-la-alcazaba-y-el-teatro-romano-de-malaga\/#primaryimage","url":"https:\/\/tourtravelandmore.com\/wp-content\/uploads\/2023\/01\/pexels-ugur-ugur-165173-scaled.jpg","contentUrl":"https:\/\/tourtravelandmore.com\/wp-content\/uploads\/2023\/01\/pexels-ugur-ugur-165173-scaled.jpg","width":2560,"height":1696},{"@type":"BreadcrumbList","@id":"https:\/\/tourtravelandmore.com\/es\/tours\/espana-es\/malaga-es\/tour-privado-a-pie-por-la-alcazaba-y-el-teatro-romano-de-malaga\/#breadcrumb","itemListElement":[{"@type":"ListItem","position":1,"name":"Home","item":"https:\/\/tourtravelandmore.com\/es\/"},{"@type":"ListItem","position":2,"name":"Tours","item":"https:\/\/tourtravelandmore.com\/es\/tours\/"},{"@type":"ListItem","position":3,"name":"Tour privado a pie por la alcazaba y el teatro romano de M\u00e1laga"}]},{"@type":"WebSite","@id":"https:\/\/tourtravelandmore.com\/es\/#website","url":"https:\/\/tourtravelandmore.com\/es\/","name":"Tour Travel And More","description":"Private sightseeing tours and luxury transfers in Spain","publisher":{"@id":"https:\/\/tourtravelandmore.com\/es\/#organization"},"potentialAction":[{"@type":"SearchAction","target":{"@type":"EntryPoint","urlTemplate":"https:\/\/tourtravelandmore.com\/es\/?s={search_term_string}"},"query-input":{"@type":"PropertyValueSpecification","valueRequired":true,"valueName":"search_term_string"}}],"inLanguage":"es"},{"@type":"Organization","@id":"https:\/\/tourtravelandmore.com\/es\/#organization","name":"Tour Travel And More","url":"https:\/\/tourtravelandmore.com\/es\/","logo":{"@type":"ImageObject","inLanguage":"es","@id":"https:\/\/tourtravelandmore.com\/es\/#\/schema\/logo\/image\/","url":"https:\/\/tourtravelandmore.com\/wp-content\/uploads\/2022\/12\/cropped-logo-cabecera-new.png","contentUrl":"https:\/\/tourtravelandmore.com\/wp-content\/uploads\/2022\/12\/cropped-logo-cabecera-new.png","width":430,"height":61,"caption":"Tour Travel And More"},"image":{"@id":"https:\/\/tourtravelandmore.com\/es\/#\/schema\/logo\/image\/"},"sameAs":["https:\/\/www.facebook.com\/tourtravelandmore\/","https:\/\/x.com\/TourTravel_More"]}]}},"_links":{"self":[{"href":"https:\/\/tourtravelandmore.com\/es\/wp-json\/wp\/v2\/product\/151437","targetHints":{"allow":["GET"]}}],"collection":[{"href":"https:\/\/tourtravelandmore.com\/es\/wp-json\/wp\/v2\/product"}],"about":[{"href":"https:\/\/tourtravelandmore.com\/es\/wp-json\/wp\/v2\/types\/product"}],"replies":[{"embeddable":true,"href":"https:\/\/tourtravelandmore.com\/es\/wp-json\/wp\/v2\/comments?post=151437"}],"wp:featuredmedia":[{"embeddable":true,"href":"https:\/\/tourtravelandmore.com\/es\/wp-json\/wp\/v2\/media\/151456"}],"wp:attachment":[{"href":"https:\/\/tourtravelandmore.com\/es\/wp-json\/wp\/v2\/media?parent=151437"}],"wp:term":[{"taxonomy":"product_brand","embeddable":true,"href":"https:\/\/tourtravelandmore.com\/es\/wp-json\/wp\/v2\/product_brand?post=151437"},{"taxonomy":"product_cat","embeddable":true,"href":"https:\/\/tourtravelandmore.com\/es\/wp-json\/wp\/v2\/product_cat?post=151437"},{"taxonomy":"product_tag","embeddable":true,"href":"https:\/\/tourtravelandmore.com\/es\/wp-json\/wp\/v2\/product_tag?post=151437"}],"curies":[{"name":"wp","href":"https:\/\/api.w.org\/{rel}","templated":true}]}}