{"id":15128,"date":"2017-10-26T12:00:29","date_gmt":"2017-10-26T11:53:06","guid":{"rendered":"http:\/\/tourtravelandmore.com\/es\/?post_type=product&#038;p=15128"},"modified":"2022-11-26T00:51:01","modified_gmt":"2022-11-25T23:51:01","slug":"tour-privado-pie-con-visita-la-pedrera-y-casa-batllo-4-horas","status":"publish","type":"product","link":"https:\/\/tourtravelandmore.com\/es\/tours\/espana-es\/barcelona-es\/tour-privado-pie-con-visita-la-pedrera-y-casa-batllo-4-horas\/","title":{"rendered":"Tour Privado a pie con visita a La Pedrera y Casa Batll\u00f3"},"content":{"rendered":"<h2>Descripci\u00f3n del Tour Privado a pie con visita a La Pedrera y Casa Batll\u00f3<\/h2>\n<p>Disfrute de este <strong>tour de Antonio Gaudi especializado en dos de sus grandes obras, <\/strong>con vuestro gu\u00eda oficial y conoce dos de los monumentos m\u00e1s importantes de su obra, <strong>la Casa Batllo y la Pedera. <\/strong>Ambos monumentos est\u00e1n situados en Paseo de Gracias, aprovecharemos para conocer una de las calles m\u00e1s importantes de la ciudad y d\u00f3nde se concentra las tiendas de lujo m\u00e1s importantes.<\/p>\n<p>La duraci\u00f3n del Tour de Antonio Gaudi son 4 horas. Si el Hotel o Apartamento est\u00e1 cerca, nuestro gu\u00eda privado estar\u00e1 esperando en el Hotel, si no os indicaremos un punto de encuentro en la ciudad.<\/p>\n<p>Las entradas a ambos monumentos est\u00e1n incluidas y son de acceso preferente, sin colas. Nuestro gu\u00eda oficial privado las tendr\u00e1 para acceder a los monumentos.<\/p>\n<p>La hora de comienzo puede ser a la hora que mejor os convenga, al ser un tour completamente privado nos podemos adaptar.<\/p>\n<h2>Puntos de Inter\u00e9s en el Tour Privado a pie con visita a La Pedrera y Casa Batll\u00f3<\/h2>\n<p>Os encontrar\u00e9is con su gu\u00eda oficial privado en un punto de encuentro, o si est\u00e1is alojado en un hotel c\u00e9ntrico, el gu\u00eda podr\u00e1 recogerlos, y comenzar\u00e9is a caminar por una de las avenidas m\u00e1s bonitas de Barcelona, Passeig de Gracia. Visitare\u00eds dos de los principales monumentos, de la obra de <a href=\"https:\/\/es.wikipedia.org\/wiki\/Antoni_Gaud%C3%AD\"><strong>Antonio Gaudi: La Pedrera y Casa Batll\u00f3.<\/strong><\/a><\/p>\n<ul>\n<li><strong>La Pedrera<\/strong> Es probablemente uno de los edificios de la \u00e9poca modernista m\u00e1s conocidos en todo el mundo y una de las obras de mayor importancia del arquitecto Antoni Gaud\u00ed. Un continente que se convierte en una obra de arte en s\u00ed mismo. Fue incluida, en 1962, en el Cat\u00e1logo del Patrimonio Art\u00edstico de la ciudad de Barcelona, y por parte de la UNESCO, como Bien Cultural del Patrimonio Mundial, en 1984, por su valor universal excepcional. Es conocida como La Pedrera por su aspecto exterior, que da una sensaci\u00f3n de movimiento y es parecido a una cantera a cielo abierto<br \/>\nLuego de haber visitado La Pedrera con su guia oficial privado, quien les contar\u00e1 los detalles y secretos de la vida y obra de Antoni Gaud\u00ed, continuar\u00e1n caminando por Passeig de Gracia, hasta llegar a la Casa Batll\u00f3.<\/li>\n<li><strong>Casa Batll\u00f3<\/strong> Es una apolog\u00eda de la alegr\u00eda. Una casa que es un universo simb\u00f3lico, un lienzo de inspiraci\u00f3n marina, que evoca la naturaleza o sugiere cosas fant\u00e1sticas. Casa Batll\u00f3 es la antigua vivienda de la familia de Josep Batll\u00f3, quien compr\u00f3 la casa con el objetivo de tirar abajo la propiedad, y construir una nueva y, en 1904, contrat\u00f3 a Antoni Gaud\u00ed para hacer este trabajo. El gran Gaud\u00ed convenci\u00f3 al se\u00f1or Batll\u00f3 de hacer una reforma de la fachada e interior de la propiedad. El trabajo hecho por el gran arquitecto en esta propiedad se destaca por sus formas org\u00e1nicas, por la innovaci\u00f3n de los conceptos empleados y por la metodolog\u00eda utilizada.<br \/>\nLa casa Batll\u00f3 es aclamada como una obra de arte, y uno de los mejores trabajos terminados del gran arquitecto. Ambas edificaciones (La Pedrera y Casa Batll\u00f3) fueron hechas por el gran Gaud\u00ed antes de que este comenzar\u00e1 a dedicarse 100 % a la construcci\u00f3n de la Sagrada Familia.<\/li>\n<li><strong>Paseo de Gracia: <\/strong>Ambos monumentos se encuentran ubicados en Paseo de Gracia, es una de las calles m\u00e1s importantes de la ciudad y d\u00f3nde estan ubicadas las tiendas de moda. Al finalizar el Tour, Paseo de Gracia est\u00e1 al lado de Rambla Catalunya, otro barrio de moda de la ciudad con muchos restaurantes especializados en Tapas.<\/li>\n<\/ul>\n<p>Una vez hab\u00e9is visitado ambos monumentos, si a\u00fan queda tiempo, su gu\u00eda os continuar\u00e1 mostrando la zona c\u00e9ntrica de Barcelona. Podr\u00e1n visitar la Plaza Catalunya, y si a\u00fan queda tiempo, podr\u00e1n tambi\u00e9n caminar por la hermosa Rambla de Barcelona.<\/p>\n<p>Si desea conocer m\u00e1s sobre la obra de Gaudi , como la Sagrada Familia y Park Guell, pueden hacer el <a href=\"https:\/\/tourtravelandmore.com\/es\/tours\/espana-es\/barcelona-es\/tour-privado-gaudi-barcelona\/\">Tour privado de Gaudi Barcelona<\/a>, ah\u00ed se incluyen las entradas a la Sagrada Familia, Park Guell y disponemos de vehiculo, al finalizar el tour vamos a Paseo de Gracia y vemos desde el Exterior la Pedrera y Casa Batll\u00f3.<\/p>\n<p>Solamente tiene que indicarlo en el formulario de contacto del tour y le pasaremos una propuesta detalla.<\/p>\n","protected":false},"excerpt":{"rendered":"<p>Disfrute de este <strong>tour a pie completamente privado<\/strong> con tu gu\u00eda tur\u00edstico oficial y conozca dos de los monumentos m\u00e1s emblem\u00e1ticos que ofrece Barcelona. Lo recogeremos de su hotel si se encuentra ubicado en el centro o en un lugar central y lo llevaremos en este tour privado para conocer <strong>Barcelona<\/strong> y visitar <strong>La Pedrera<\/strong> y la <strong>Casa Batll\u00f3<\/strong>, dos de las principales obras que hizo el gran <strong>Antonio Gaud\u00ed<\/strong> en Barcelona.<\/p>\n","protected":false},"featured_media":15114,"comment_status":"open","ping_status":"closed","template":"","meta":{"_acf_changed":false},"product_brand":[],"product_cat":[69,283,266,271],"product_tag":[],"class_list":{"0":"post-15128","1":"product","2":"type-product","3":"status-publish","4":"has-post-thumbnail","6":"product_cat-barcelona-es","7":"product_cat-barcelona-top-ventas-es","8":"product_cat-barcelona-actividades-es","9":"product_cat-barcelona-tours-privados-pie-es","11":"first","12":"instock","13":"shipping-taxable","14":"purchasable","15":"product-type-simple"},"acf":[],"yoast_head":"<!-- This site is optimized with the Yoast SEO Premium plugin v25.3.1 (Yoast SEO v25.3.1) - https:\/\/yoast.com\/wordpress\/plugins\/seo\/ -->\n<title>\u27a1\ufe0f Tour de Antonio Gaudi: La Pedrera y Casa Batllo | Tour Travel &amp; More<\/title>\n<meta name=\"description\" content=\"Realiza este Tour de Antonio Gaudi especializado en dos de sus grandes obras: La Pedrara y la Casa Batllo, conocelo junto a su gu\u00eda privado oficial \u2705\" \/>\n<meta name=\"robots\" content=\"index, follow, max-snippet:-1, max-image-preview:large, max-video-preview:-1\" \/>\n<link rel=\"canonical\" href=\"https:\/\/tourtravelandmore.com\/es\/tours\/espana-es\/barcelona-es\/tour-privado-pie-con-visita-la-pedrera-y-casa-batllo-4-horas\/\" \/>\n<meta property=\"og:locale\" content=\"es_ES\" \/>\n<meta property=\"og:type\" content=\"article\" \/>\n<meta property=\"og:title\" content=\"Tour Privado a pie con visita a La Pedrera y Casa Batll\u00f3\" \/>\n<meta property=\"og:description\" content=\"Realiza este Tour de Antonio Gaudi especializado en dos de sus grandes obras: La Pedrara y la Casa Batllo, conocelo junto a su gu\u00eda privado oficial \u2705\" \/>\n<meta property=\"og:url\" content=\"https:\/\/tourtravelandmore.com\/es\/tours\/espana-es\/barcelona-es\/tour-privado-pie-con-visita-la-pedrera-y-casa-batllo-4-horas\/\" \/>\n<meta property=\"og:site_name\" content=\"Tour Travel And More\" \/>\n<meta property=\"article:publisher\" content=\"https:\/\/www.facebook.com\/tourtravelandmore\/\" \/>\n<meta property=\"article:modified_time\" content=\"2022-11-25T23:51:01+00:00\" \/>\n<meta property=\"og:image\" content=\"https:\/\/tourtravelandmore.com\/wp-content\/uploads\/2017\/10\/Pedrera-1.jpg\" \/>\n\t<meta property=\"og:image:width\" content=\"1160\" \/>\n\t<meta property=\"og:image:height\" content=\"960\" \/>\n\t<meta property=\"og:image:type\" content=\"image\/jpeg\" \/>\n<meta name=\"twitter:card\" content=\"summary_large_image\" \/>\n<meta name=\"twitter:site\" content=\"@TourTravel_More\" \/>\n<meta name=\"twitter:label1\" content=\"Tiempo de lectura\" \/>\n\t<meta name=\"twitter:data1\" content=\"4 minutos\" \/>\n<script type=\"application\/ld+json\" class=\"yoast-schema-graph\">{\"@context\":\"https:\/\/schema.org\",\"@graph\":[{\"@type\":\"WebPage\",\"@id\":\"https:\/\/tourtravelandmore.com\/es\/tours\/espana-es\/barcelona-es\/tour-privado-pie-con-visita-la-pedrera-y-casa-batllo-4-horas\/\",\"url\":\"https:\/\/tourtravelandmore.com\/es\/tours\/espana-es\/barcelona-es\/tour-privado-pie-con-visita-la-pedrera-y-casa-batllo-4-horas\/\",\"name\":\"\u27a1\ufe0f Tour de Antonio Gaudi: La Pedrera y Casa Batllo | Tour Travel & More\",\"isPartOf\":{\"@id\":\"https:\/\/tourtravelandmore.com\/es\/#website\"},\"primaryImageOfPage\":{\"@id\":\"https:\/\/tourtravelandmore.com\/es\/tours\/espana-es\/barcelona-es\/tour-privado-pie-con-visita-la-pedrera-y-casa-batllo-4-horas\/#primaryimage\"},\"image\":{\"@id\":\"https:\/\/tourtravelandmore.com\/es\/tours\/espana-es\/barcelona-es\/tour-privado-pie-con-visita-la-pedrera-y-casa-batllo-4-horas\/#primaryimage\"},\"thumbnailUrl\":\"https:\/\/tourtravelandmore.com\/wp-content\/uploads\/2017\/10\/Pedrera-1.jpg\",\"datePublished\":\"2017-10-26T11:53:06+00:00\",\"dateModified\":\"2022-11-25T23:51:01+00:00\",\"description\":\"Realiza este Tour de Antonio Gaudi especializado en dos de sus grandes obras: La Pedrara y la Casa Batllo, conocelo junto a su gu\u00eda privado oficial \u2705\",\"breadcrumb\":{\"@id\":\"https:\/\/tourtravelandmore.com\/es\/tours\/espana-es\/barcelona-es\/tour-privado-pie-con-visita-la-pedrera-y-casa-batllo-4-horas\/#breadcrumb\"},\"inLanguage\":\"es\",\"potentialAction\":[{\"@type\":\"ReadAction\",\"target\":[\"https:\/\/tourtravelandmore.com\/es\/tours\/espana-es\/barcelona-es\/tour-privado-pie-con-visita-la-pedrera-y-casa-batllo-4-horas\/\"]}]},{\"@type\":\"ImageObject\",\"inLanguage\":\"es\",\"@id\":\"https:\/\/tourtravelandmore.com\/es\/tours\/espana-es\/barcelona-es\/tour-privado-pie-con-visita-la-pedrera-y-casa-batllo-4-horas\/#primaryimage\",\"url\":\"https:\/\/tourtravelandmore.com\/wp-content\/uploads\/2017\/10\/Pedrera-1.jpg\",\"contentUrl\":\"https:\/\/tourtravelandmore.com\/wp-content\/uploads\/2017\/10\/Pedrera-1.jpg\",\"width\":1160,\"height\":960},{\"@type\":\"BreadcrumbList\",\"@id\":\"https:\/\/tourtravelandmore.com\/es\/tours\/espana-es\/barcelona-es\/tour-privado-pie-con-visita-la-pedrera-y-casa-batllo-4-horas\/#breadcrumb\",\"itemListElement\":[{\"@type\":\"ListItem\",\"position\":1,\"name\":\"Home\",\"item\":\"https:\/\/tourtravelandmore.com\/es\/\"},{\"@type\":\"ListItem\",\"position\":2,\"name\":\"Tours\",\"item\":\"https:\/\/tourtravelandmore.com\/es\/tours\/\"},{\"@type\":\"ListItem\",\"position\":3,\"name\":\"Tour Privado a pie con visita a La Pedrera y Casa Batll\u00f3\"}]},{\"@type\":\"WebSite\",\"@id\":\"https:\/\/tourtravelandmore.com\/es\/#website\",\"url\":\"https:\/\/tourtravelandmore.com\/es\/\",\"name\":\"Tour Travel And More\",\"description\":\"Private sightseeing tours and luxury transfers in Spain\",\"publisher\":{\"@id\":\"https:\/\/tourtravelandmore.com\/es\/#organization\"},\"potentialAction\":[{\"@type\":\"SearchAction\",\"target\":{\"@type\":\"EntryPoint\",\"urlTemplate\":\"https:\/\/tourtravelandmore.com\/es\/?s={search_term_string}\"},\"query-input\":{\"@type\":\"PropertyValueSpecification\",\"valueRequired\":true,\"valueName\":\"search_term_string\"}}],\"inLanguage\":\"es\"},{\"@type\":\"Organization\",\"@id\":\"https:\/\/tourtravelandmore.com\/es\/#organization\",\"name\":\"Tour Travel And More\",\"url\":\"https:\/\/tourtravelandmore.com\/es\/\",\"logo\":{\"@type\":\"ImageObject\",\"inLanguage\":\"es\",\"@id\":\"https:\/\/tourtravelandmore.com\/es\/#\/schema\/logo\/image\/\",\"url\":\"https:\/\/tourtravelandmore.com\/wp-content\/uploads\/2022\/12\/cropped-logo-cabecera-new.png\",\"contentUrl\":\"https:\/\/tourtravelandmore.com\/wp-content\/uploads\/2022\/12\/cropped-logo-cabecera-new.png\",\"width\":430,\"height\":61,\"caption\":\"Tour Travel And More\"},\"image\":{\"@id\":\"https:\/\/tourtravelandmore.com\/es\/#\/schema\/logo\/image\/\"},\"sameAs\":[\"https:\/\/www.facebook.com\/tourtravelandmore\/\",\"https:\/\/x.com\/TourTravel_More\"]}]}<\/script>\n<!-- \/ Yoast SEO Premium plugin. -->","yoast_head_json":{"title":"\u27a1\ufe0f Tour de Antonio Gaudi: La Pedrera y Casa Batllo | Tour Travel & More","description":"Realiza este Tour de Antonio Gaudi especializado en dos de sus grandes obras: La Pedrara y la Casa Batllo, conocelo junto a su gu\u00eda privado oficial \u2705","robots":{"index":"index","follow":"follow","max-snippet":"max-snippet:-1","max-image-preview":"max-image-preview:large","max-video-preview":"max-video-preview:-1"},"canonical":"https:\/\/tourtravelandmore.com\/es\/tours\/espana-es\/barcelona-es\/tour-privado-pie-con-visita-la-pedrera-y-casa-batllo-4-horas\/","og_locale":"es_ES","og_type":"article","og_title":"Tour Privado a pie con visita a La Pedrera y Casa Batll\u00f3","og_description":"Realiza este Tour de Antonio Gaudi especializado en dos de sus grandes obras: La Pedrara y la Casa Batllo, conocelo junto a su gu\u00eda privado oficial \u2705","og_url":"https:\/\/tourtravelandmore.com\/es\/tours\/espana-es\/barcelona-es\/tour-privado-pie-con-visita-la-pedrera-y-casa-batllo-4-horas\/","og_site_name":"Tour Travel And More","article_publisher":"https:\/\/www.facebook.com\/tourtravelandmore\/","article_modified_time":"2022-11-25T23:51:01+00:00","og_image":[{"width":1160,"height":960,"url":"https:\/\/tourtravelandmore.com\/wp-content\/uploads\/2017\/10\/Pedrera-1.jpg","type":"image\/jpeg"}],"twitter_card":"summary_large_image","twitter_site":"@TourTravel_More","twitter_misc":{"Tiempo de lectura":"4 minutos"},"schema":{"@context":"https:\/\/schema.org","@graph":[{"@type":"WebPage","@id":"https:\/\/tourtravelandmore.com\/es\/tours\/espana-es\/barcelona-es\/tour-privado-pie-con-visita-la-pedrera-y-casa-batllo-4-horas\/","url":"https:\/\/tourtravelandmore.com\/es\/tours\/espana-es\/barcelona-es\/tour-privado-pie-con-visita-la-pedrera-y-casa-batllo-4-horas\/","name":"\u27a1\ufe0f Tour de Antonio Gaudi: La Pedrera y Casa Batllo | Tour Travel & More","isPartOf":{"@id":"https:\/\/tourtravelandmore.com\/es\/#website"},"primaryImageOfPage":{"@id":"https:\/\/tourtravelandmore.com\/es\/tours\/espana-es\/barcelona-es\/tour-privado-pie-con-visita-la-pedrera-y-casa-batllo-4-horas\/#primaryimage"},"image":{"@id":"https:\/\/tourtravelandmore.com\/es\/tours\/espana-es\/barcelona-es\/tour-privado-pie-con-visita-la-pedrera-y-casa-batllo-4-horas\/#primaryimage"},"thumbnailUrl":"https:\/\/tourtravelandmore.com\/wp-content\/uploads\/2017\/10\/Pedrera-1.jpg","datePublished":"2017-10-26T11:53:06+00:00","dateModified":"2022-11-25T23:51:01+00:00","description":"Realiza este Tour de Antonio Gaudi especializado en dos de sus grandes obras: La Pedrara y la Casa Batllo, conocelo junto a su gu\u00eda privado oficial \u2705","breadcrumb":{"@id":"https:\/\/tourtravelandmore.com\/es\/tours\/espana-es\/barcelona-es\/tour-privado-pie-con-visita-la-pedrera-y-casa-batllo-4-horas\/#breadcrumb"},"inLanguage":"es","potentialAction":[{"@type":"ReadAction","target":["https:\/\/tourtravelandmore.com\/es\/tours\/espana-es\/barcelona-es\/tour-privado-pie-con-visita-la-pedrera-y-casa-batllo-4-horas\/"]}]},{"@type":"ImageObject","inLanguage":"es","@id":"https:\/\/tourtravelandmore.com\/es\/tours\/espana-es\/barcelona-es\/tour-privado-pie-con-visita-la-pedrera-y-casa-batllo-4-horas\/#primaryimage","url":"https:\/\/tourtravelandmore.com\/wp-content\/uploads\/2017\/10\/Pedrera-1.jpg","contentUrl":"https:\/\/tourtravelandmore.com\/wp-content\/uploads\/2017\/10\/Pedrera-1.jpg","width":1160,"height":960},{"@type":"BreadcrumbList","@id":"https:\/\/tourtravelandmore.com\/es\/tours\/espana-es\/barcelona-es\/tour-privado-pie-con-visita-la-pedrera-y-casa-batllo-4-horas\/#breadcrumb","itemListElement":[{"@type":"ListItem","position":1,"name":"Home","item":"https:\/\/tourtravelandmore.com\/es\/"},{"@type":"ListItem","position":2,"name":"Tours","item":"https:\/\/tourtravelandmore.com\/es\/tours\/"},{"@type":"ListItem","position":3,"name":"Tour Privado a pie con visita a La Pedrera y Casa Batll\u00f3"}]},{"@type":"WebSite","@id":"https:\/\/tourtravelandmore.com\/es\/#website","url":"https:\/\/tourtravelandmore.com\/es\/","name":"Tour Travel And More","description":"Private sightseeing tours and luxury transfers in Spain","publisher":{"@id":"https:\/\/tourtravelandmore.com\/es\/#organization"},"potentialAction":[{"@type":"SearchAction","target":{"@type":"EntryPoint","urlTemplate":"https:\/\/tourtravelandmore.com\/es\/?s={search_term_string}"},"query-input":{"@type":"PropertyValueSpecification","valueRequired":true,"valueName":"search_term_string"}}],"inLanguage":"es"},{"@type":"Organization","@id":"https:\/\/tourtravelandmore.com\/es\/#organization","name":"Tour Travel And More","url":"https:\/\/tourtravelandmore.com\/es\/","logo":{"@type":"ImageObject","inLanguage":"es","@id":"https:\/\/tourtravelandmore.com\/es\/#\/schema\/logo\/image\/","url":"https:\/\/tourtravelandmore.com\/wp-content\/uploads\/2022\/12\/cropped-logo-cabecera-new.png","contentUrl":"https:\/\/tourtravelandmore.com\/wp-content\/uploads\/2022\/12\/cropped-logo-cabecera-new.png","width":430,"height":61,"caption":"Tour Travel And More"},"image":{"@id":"https:\/\/tourtravelandmore.com\/es\/#\/schema\/logo\/image\/"},"sameAs":["https:\/\/www.facebook.com\/tourtravelandmore\/","https:\/\/x.com\/TourTravel_More"]}]}},"_links":{"self":[{"href":"https:\/\/tourtravelandmore.com\/es\/wp-json\/wp\/v2\/product\/15128","targetHints":{"allow":["GET"]}}],"collection":[{"href":"https:\/\/tourtravelandmore.com\/es\/wp-json\/wp\/v2\/product"}],"about":[{"href":"https:\/\/tourtravelandmore.com\/es\/wp-json\/wp\/v2\/types\/product"}],"replies":[{"embeddable":true,"href":"https:\/\/tourtravelandmore.com\/es\/wp-json\/wp\/v2\/comments?post=15128"}],"wp:featuredmedia":[{"embeddable":true,"href":"https:\/\/tourtravelandmore.com\/es\/wp-json\/wp\/v2\/media\/15114"}],"wp:attachment":[{"href":"https:\/\/tourtravelandmore.com\/es\/wp-json\/wp\/v2\/media?parent=15128"}],"wp:term":[{"taxonomy":"product_brand","embeddable":true,"href":"https:\/\/tourtravelandmore.com\/es\/wp-json\/wp\/v2\/product_brand?post=15128"},{"taxonomy":"product_cat","embeddable":true,"href":"https:\/\/tourtravelandmore.com\/es\/wp-json\/wp\/v2\/product_cat?post=15128"},{"taxonomy":"product_tag","embeddable":true,"href":"https:\/\/tourtravelandmore.com\/es\/wp-json\/wp\/v2\/product_tag?post=15128"}],"curies":[{"name":"wp","href":"https:\/\/api.w.org\/{rel}","templated":true}]}}