{"id":150219,"date":"2023-01-19T16:25:14","date_gmt":"2023-01-19T15:25:15","guid":{"rendered":"https:\/\/tourtravelandmore.com\/?post_type=product&#038;p=150219"},"modified":"2023-04-03T15:47:19","modified_gmt":"2023-04-03T13:47:19","slug":"tour-privado-al-museo-picasso-en-malaga","status":"publish","type":"product","link":"https:\/\/tourtravelandmore.com\/es\/tours\/espana-es\/malaga-es\/tour-privado-al-museo-picasso-en-malaga\/","title":{"rendered":"Tour privado al Museo Picasso en M\u00e1laga"},"content":{"rendered":"<h2><b>Descripci\u00f3n del Tour privado al Museo Picasso en M\u00e1laga<\/b><\/h2>\n<p><span style=\"font-weight: 400;\">Disfrute de este<\/span><b> Tour privado al Museo Picasso en M\u00e1laga<\/b><span style=\"font-weight: 400;\">, junto a su gu\u00eda privado<\/span><\/p>\n<p><span style=\"font-weight: 400;\">El encuentro es en la entrada principal del museo en <strong>M\u00e1laga.<\/strong> Nuestro gu\u00eda oficial privado estar\u00e1 con usted durante <strong>2 horas de visita.<\/strong><\/span><\/p>\n<p><span style=\"font-weight: 400;\">La duraci\u00f3n total de la Visita Privada al Museo Picasso de M\u00e1laga es de 2 horas.<\/span><\/p>\n<p><span style=\"font-weight: 400;\">Desde <strong>Tour Travel &amp; More<\/strong> le ofrecemos un servicio totalmente privado, adem\u00e1s podr\u00e1 elegir la hora y el lugar de recogida.<\/span><\/p>\n<p><span style=\"font-weight: 400;\">La visita tiene una duraci\u00f3n de <strong>2<\/strong> <strong>horas<\/strong> y es totalmente privada. Desde <strong>Tour Travel &amp; More<\/strong> ofrecemos un servicio donde usted puede elegir la hora y el lugar de inicio.<\/span><\/p>\n<h2>Puntos de inter\u00e9s<\/h2>\n<p><span style=\"font-weight: 400;\">&#8220;Cuando era ni\u00f1o, mi madre me dec\u00eda: si te haces soldado, llegar\u00e1s a general; si te haces cura, llegar\u00e1s a Papa. Quer\u00eda ser artista y me convert\u00ed en Picasso\u201d. La vida y obra de Pablo Ruiz Picasso, el artista malague\u00f1o m\u00e1s polifac\u00e9tico, es un torrente de emociones y sensaciones. Para tratar de entenderlo, nos encontraremos en la entrada del museo dedicado a este artista en su ciudad natal, situado en el <strong>palacio<\/strong> de los <strong>Condes<\/strong> de <strong>Buenavista.<\/strong>\u00a0<\/span><\/p>\n<p><span style=\"font-weight: 400;\">Comenzaremos visitando el patio renacentista de este hermoso edificio hist\u00f3rico situado en el <strong>casco antiguo.<\/strong> Aqu\u00ed conoceremos los or\u00edgenes de esta pinacoteca, una de las m\u00e1s visitadas de M\u00e1laga. A continuaci\u00f3n, entraremos en el museo y comenzaremos nuestro recorrido por las salas.\u00a0<\/span><\/p>\n<p><span style=\"font-weight: 400;\">Durante nuestra visita a las diferentes salas del museo, admiraremos obras destacadas de Picasso como <strong>&#8220;Mujer con las manos levantadas&#8221;, &#8220;Jacqueline sentada&#8221;, &#8220;Las Tres Gracias&#8221;, &#8220;Mosquetero con espada&#8221;<\/strong>, entre otras.<\/span><\/p>\n<p><span style=\"font-weight: 400;\"> Mientras disfrutamos de los detalles de sus cuadros, descubriremos diferentes aspectos de la <strong>vida<\/strong> y la <strong>obra<\/strong> del artista, como su transici\u00f3n del cubismo al surrealismo y las etapas intermedias entre estas importantes fases de su carrera.<\/span><\/p>\n<p><span style=\"font-weight: 400;\">Tras la <strong>visita guiada,<\/strong> dispondr\u00e1 de tiempo libre para visitar las salas del museo que m\u00e1s le hayan gustado o comprar un bonito recuerdo en la tienda.<\/span><\/p>\n<p><span style=\"font-weight: 400;\">Pod\u00e9is consultar nuestro listado de <a href=\"https:\/\/tourtravelandmore.com\/es\/ciudad\/espana-es\/cadiz-es\/\">tours privados de M\u00e1laga<\/a> para realizar m\u00e1s tours desde M\u00e1laga si dispone de tiempo.<\/span><\/p>\n","protected":false},"excerpt":{"rendered":"<p><span style=\"font-weight: 400;\">Disfrute de este<\/span><b> Tour privado al Museo Picasso en M\u00e1laga<\/b><span style=\"font-weight: 400;\">, junto a su gu\u00eda privado. El encuentro es en la entrada principal del museo en <strong>M\u00e1laga.<\/strong> Nuestro gu\u00eda oficial privado estar\u00e1 con usted durante <strong>2 horas de visita.<\/strong><\/span><\/p>\n","protected":false},"featured_media":153355,"comment_status":"open","ping_status":"closed","template":"","meta":{"_acf_changed":false},"product_brand":[],"product_cat":[94,95,98],"product_tag":[],"class_list":{"0":"post-150219","1":"product","2":"type-product","3":"status-publish","4":"has-post-thumbnail","6":"product_cat-malaga-es","7":"product_cat-malaga-actividades-es","8":"product_cat-malaga-tours-privados-pie-es","10":"first","11":"instock","12":"shipping-taxable","13":"purchasable","14":"product-type-simple"},"acf":[],"yoast_head":"<!-- This site is optimized with the Yoast SEO Premium plugin v25.3.1 (Yoast SEO v25.3.1) - https:\/\/yoast.com\/wordpress\/plugins\/seo\/ -->\n<title>\u27a1\ufe0fTour privado al Museo Picasso en M\u00e1laga | Tour Travel &amp; More<\/title>\n<meta name=\"description\" content=\"Disfrute de este Tour privado al Museo Picasso en M\u00e1laga, junto a su gu\u00eda privado y su veh\u00edculo con conductor \u2705\" \/>\n<meta name=\"robots\" content=\"index, follow, max-snippet:-1, max-image-preview:large, max-video-preview:-1\" \/>\n<link rel=\"canonical\" href=\"https:\/\/tourtravelandmore.com\/es\/tours\/espana-es\/malaga-es\/tour-privado-al-museo-picasso-en-malaga\/\" \/>\n<meta property=\"og:locale\" content=\"es_ES\" \/>\n<meta property=\"og:type\" content=\"article\" \/>\n<meta property=\"og:title\" content=\"Tour privado al Museo Picasso en M\u00e1laga\" \/>\n<meta property=\"og:description\" content=\"Disfrute de este Tour privado al Museo Picasso en M\u00e1laga, junto a su gu\u00eda privado y su veh\u00edculo con conductor \u2705\" \/>\n<meta property=\"og:url\" content=\"https:\/\/tourtravelandmore.com\/es\/tours\/espana-es\/malaga-es\/tour-privado-al-museo-picasso-en-malaga\/\" \/>\n<meta property=\"og:site_name\" content=\"Tour Travel And More\" \/>\n<meta property=\"article:publisher\" content=\"https:\/\/www.facebook.com\/tourtravelandmore\/\" \/>\n<meta property=\"article:modified_time\" content=\"2023-04-03T13:47:19+00:00\" \/>\n<meta property=\"og:image\" content=\"https:\/\/tourtravelandmore.com\/wp-content\/uploads\/2023\/01\/patio-central-museo-picasso-2.jpg\" \/>\n\t<meta property=\"og:image:width\" content=\"1200\" \/>\n\t<meta property=\"og:image:height\" content=\"801\" \/>\n\t<meta property=\"og:image:type\" content=\"image\/jpeg\" \/>\n<meta name=\"twitter:card\" content=\"summary_large_image\" \/>\n<meta name=\"twitter:site\" content=\"@TourTravel_More\" \/>\n<meta name=\"twitter:label1\" content=\"Tiempo de lectura\" \/>\n\t<meta name=\"twitter:data1\" content=\"2 minutos\" \/>\n<script type=\"application\/ld+json\" class=\"yoast-schema-graph\">{\"@context\":\"https:\/\/schema.org\",\"@graph\":[{\"@type\":\"WebPage\",\"@id\":\"https:\/\/tourtravelandmore.com\/es\/tours\/espana-es\/malaga-es\/tour-privado-al-museo-picasso-en-malaga\/\",\"url\":\"https:\/\/tourtravelandmore.com\/es\/tours\/espana-es\/malaga-es\/tour-privado-al-museo-picasso-en-malaga\/\",\"name\":\"\u27a1\ufe0fTour privado al Museo Picasso en M\u00e1laga | Tour Travel & More\",\"isPartOf\":{\"@id\":\"https:\/\/tourtravelandmore.com\/es\/#website\"},\"primaryImageOfPage\":{\"@id\":\"https:\/\/tourtravelandmore.com\/es\/tours\/espana-es\/malaga-es\/tour-privado-al-museo-picasso-en-malaga\/#primaryimage\"},\"image\":{\"@id\":\"https:\/\/tourtravelandmore.com\/es\/tours\/espana-es\/malaga-es\/tour-privado-al-museo-picasso-en-malaga\/#primaryimage\"},\"thumbnailUrl\":\"https:\/\/tourtravelandmore.com\/wp-content\/uploads\/2023\/01\/patio-central-museo-picasso-2.jpg\",\"datePublished\":\"2023-01-19T15:25:15+00:00\",\"dateModified\":\"2023-04-03T13:47:19+00:00\",\"description\":\"Disfrute de este Tour privado al Museo Picasso en M\u00e1laga, junto a su gu\u00eda privado y su veh\u00edculo con conductor \u2705\",\"breadcrumb\":{\"@id\":\"https:\/\/tourtravelandmore.com\/es\/tours\/espana-es\/malaga-es\/tour-privado-al-museo-picasso-en-malaga\/#breadcrumb\"},\"inLanguage\":\"es\",\"potentialAction\":[{\"@type\":\"ReadAction\",\"target\":[\"https:\/\/tourtravelandmore.com\/es\/tours\/espana-es\/malaga-es\/tour-privado-al-museo-picasso-en-malaga\/\"]}]},{\"@type\":\"ImageObject\",\"inLanguage\":\"es\",\"@id\":\"https:\/\/tourtravelandmore.com\/es\/tours\/espana-es\/malaga-es\/tour-privado-al-museo-picasso-en-malaga\/#primaryimage\",\"url\":\"https:\/\/tourtravelandmore.com\/wp-content\/uploads\/2023\/01\/patio-central-museo-picasso-2.jpg\",\"contentUrl\":\"https:\/\/tourtravelandmore.com\/wp-content\/uploads\/2023\/01\/patio-central-museo-picasso-2.jpg\",\"width\":1200,\"height\":801},{\"@type\":\"BreadcrumbList\",\"@id\":\"https:\/\/tourtravelandmore.com\/es\/tours\/espana-es\/malaga-es\/tour-privado-al-museo-picasso-en-malaga\/#breadcrumb\",\"itemListElement\":[{\"@type\":\"ListItem\",\"position\":1,\"name\":\"Home\",\"item\":\"https:\/\/tourtravelandmore.com\/es\/\"},{\"@type\":\"ListItem\",\"position\":2,\"name\":\"Tours\",\"item\":\"https:\/\/tourtravelandmore.com\/es\/tours\/\"},{\"@type\":\"ListItem\",\"position\":3,\"name\":\"Tour privado al Museo Picasso en M\u00e1laga\"}]},{\"@type\":\"WebSite\",\"@id\":\"https:\/\/tourtravelandmore.com\/es\/#website\",\"url\":\"https:\/\/tourtravelandmore.com\/es\/\",\"name\":\"Tour Travel And More\",\"description\":\"Private sightseeing tours and luxury transfers in Spain\",\"publisher\":{\"@id\":\"https:\/\/tourtravelandmore.com\/es\/#organization\"},\"potentialAction\":[{\"@type\":\"SearchAction\",\"target\":{\"@type\":\"EntryPoint\",\"urlTemplate\":\"https:\/\/tourtravelandmore.com\/es\/?s={search_term_string}\"},\"query-input\":{\"@type\":\"PropertyValueSpecification\",\"valueRequired\":true,\"valueName\":\"search_term_string\"}}],\"inLanguage\":\"es\"},{\"@type\":\"Organization\",\"@id\":\"https:\/\/tourtravelandmore.com\/es\/#organization\",\"name\":\"Tour Travel And More\",\"url\":\"https:\/\/tourtravelandmore.com\/es\/\",\"logo\":{\"@type\":\"ImageObject\",\"inLanguage\":\"es\",\"@id\":\"https:\/\/tourtravelandmore.com\/es\/#\/schema\/logo\/image\/\",\"url\":\"https:\/\/tourtravelandmore.com\/wp-content\/uploads\/2022\/12\/cropped-logo-cabecera-new.png\",\"contentUrl\":\"https:\/\/tourtravelandmore.com\/wp-content\/uploads\/2022\/12\/cropped-logo-cabecera-new.png\",\"width\":430,\"height\":61,\"caption\":\"Tour Travel And More\"},\"image\":{\"@id\":\"https:\/\/tourtravelandmore.com\/es\/#\/schema\/logo\/image\/\"},\"sameAs\":[\"https:\/\/www.facebook.com\/tourtravelandmore\/\",\"https:\/\/x.com\/TourTravel_More\"]}]}<\/script>\n<!-- \/ Yoast SEO Premium plugin. -->","yoast_head_json":{"title":"\u27a1\ufe0fTour privado al Museo Picasso en M\u00e1laga | Tour Travel & More","description":"Disfrute de este Tour privado al Museo Picasso en M\u00e1laga, junto a su gu\u00eda privado y su veh\u00edculo con conductor \u2705","robots":{"index":"index","follow":"follow","max-snippet":"max-snippet:-1","max-image-preview":"max-image-preview:large","max-video-preview":"max-video-preview:-1"},"canonical":"https:\/\/tourtravelandmore.com\/es\/tours\/espana-es\/malaga-es\/tour-privado-al-museo-picasso-en-malaga\/","og_locale":"es_ES","og_type":"article","og_title":"Tour privado al Museo Picasso en M\u00e1laga","og_description":"Disfrute de este Tour privado al Museo Picasso en M\u00e1laga, junto a su gu\u00eda privado y su veh\u00edculo con conductor \u2705","og_url":"https:\/\/tourtravelandmore.com\/es\/tours\/espana-es\/malaga-es\/tour-privado-al-museo-picasso-en-malaga\/","og_site_name":"Tour Travel And More","article_publisher":"https:\/\/www.facebook.com\/tourtravelandmore\/","article_modified_time":"2023-04-03T13:47:19+00:00","og_image":[{"width":1200,"height":801,"url":"https:\/\/tourtravelandmore.com\/wp-content\/uploads\/2023\/01\/patio-central-museo-picasso-2.jpg","type":"image\/jpeg"}],"twitter_card":"summary_large_image","twitter_site":"@TourTravel_More","twitter_misc":{"Tiempo de lectura":"2 minutos"},"schema":{"@context":"https:\/\/schema.org","@graph":[{"@type":"WebPage","@id":"https:\/\/tourtravelandmore.com\/es\/tours\/espana-es\/malaga-es\/tour-privado-al-museo-picasso-en-malaga\/","url":"https:\/\/tourtravelandmore.com\/es\/tours\/espana-es\/malaga-es\/tour-privado-al-museo-picasso-en-malaga\/","name":"\u27a1\ufe0fTour privado al Museo Picasso en M\u00e1laga | Tour Travel & More","isPartOf":{"@id":"https:\/\/tourtravelandmore.com\/es\/#website"},"primaryImageOfPage":{"@id":"https:\/\/tourtravelandmore.com\/es\/tours\/espana-es\/malaga-es\/tour-privado-al-museo-picasso-en-malaga\/#primaryimage"},"image":{"@id":"https:\/\/tourtravelandmore.com\/es\/tours\/espana-es\/malaga-es\/tour-privado-al-museo-picasso-en-malaga\/#primaryimage"},"thumbnailUrl":"https:\/\/tourtravelandmore.com\/wp-content\/uploads\/2023\/01\/patio-central-museo-picasso-2.jpg","datePublished":"2023-01-19T15:25:15+00:00","dateModified":"2023-04-03T13:47:19+00:00","description":"Disfrute de este Tour privado al Museo Picasso en M\u00e1laga, junto a su gu\u00eda privado y su veh\u00edculo con conductor \u2705","breadcrumb":{"@id":"https:\/\/tourtravelandmore.com\/es\/tours\/espana-es\/malaga-es\/tour-privado-al-museo-picasso-en-malaga\/#breadcrumb"},"inLanguage":"es","potentialAction":[{"@type":"ReadAction","target":["https:\/\/tourtravelandmore.com\/es\/tours\/espana-es\/malaga-es\/tour-privado-al-museo-picasso-en-malaga\/"]}]},{"@type":"ImageObject","inLanguage":"es","@id":"https:\/\/tourtravelandmore.com\/es\/tours\/espana-es\/malaga-es\/tour-privado-al-museo-picasso-en-malaga\/#primaryimage","url":"https:\/\/tourtravelandmore.com\/wp-content\/uploads\/2023\/01\/patio-central-museo-picasso-2.jpg","contentUrl":"https:\/\/tourtravelandmore.com\/wp-content\/uploads\/2023\/01\/patio-central-museo-picasso-2.jpg","width":1200,"height":801},{"@type":"BreadcrumbList","@id":"https:\/\/tourtravelandmore.com\/es\/tours\/espana-es\/malaga-es\/tour-privado-al-museo-picasso-en-malaga\/#breadcrumb","itemListElement":[{"@type":"ListItem","position":1,"name":"Home","item":"https:\/\/tourtravelandmore.com\/es\/"},{"@type":"ListItem","position":2,"name":"Tours","item":"https:\/\/tourtravelandmore.com\/es\/tours\/"},{"@type":"ListItem","position":3,"name":"Tour privado al Museo Picasso en M\u00e1laga"}]},{"@type":"WebSite","@id":"https:\/\/tourtravelandmore.com\/es\/#website","url":"https:\/\/tourtravelandmore.com\/es\/","name":"Tour Travel And More","description":"Private sightseeing tours and luxury transfers in Spain","publisher":{"@id":"https:\/\/tourtravelandmore.com\/es\/#organization"},"potentialAction":[{"@type":"SearchAction","target":{"@type":"EntryPoint","urlTemplate":"https:\/\/tourtravelandmore.com\/es\/?s={search_term_string}"},"query-input":{"@type":"PropertyValueSpecification","valueRequired":true,"valueName":"search_term_string"}}],"inLanguage":"es"},{"@type":"Organization","@id":"https:\/\/tourtravelandmore.com\/es\/#organization","name":"Tour Travel And More","url":"https:\/\/tourtravelandmore.com\/es\/","logo":{"@type":"ImageObject","inLanguage":"es","@id":"https:\/\/tourtravelandmore.com\/es\/#\/schema\/logo\/image\/","url":"https:\/\/tourtravelandmore.com\/wp-content\/uploads\/2022\/12\/cropped-logo-cabecera-new.png","contentUrl":"https:\/\/tourtravelandmore.com\/wp-content\/uploads\/2022\/12\/cropped-logo-cabecera-new.png","width":430,"height":61,"caption":"Tour Travel And More"},"image":{"@id":"https:\/\/tourtravelandmore.com\/es\/#\/schema\/logo\/image\/"},"sameAs":["https:\/\/www.facebook.com\/tourtravelandmore\/","https:\/\/x.com\/TourTravel_More"]}]}},"_links":{"self":[{"href":"https:\/\/tourtravelandmore.com\/es\/wp-json\/wp\/v2\/product\/150219","targetHints":{"allow":["GET"]}}],"collection":[{"href":"https:\/\/tourtravelandmore.com\/es\/wp-json\/wp\/v2\/product"}],"about":[{"href":"https:\/\/tourtravelandmore.com\/es\/wp-json\/wp\/v2\/types\/product"}],"replies":[{"embeddable":true,"href":"https:\/\/tourtravelandmore.com\/es\/wp-json\/wp\/v2\/comments?post=150219"}],"wp:featuredmedia":[{"embeddable":true,"href":"https:\/\/tourtravelandmore.com\/es\/wp-json\/wp\/v2\/media\/153355"}],"wp:attachment":[{"href":"https:\/\/tourtravelandmore.com\/es\/wp-json\/wp\/v2\/media?parent=150219"}],"wp:term":[{"taxonomy":"product_brand","embeddable":true,"href":"https:\/\/tourtravelandmore.com\/es\/wp-json\/wp\/v2\/product_brand?post=150219"},{"taxonomy":"product_cat","embeddable":true,"href":"https:\/\/tourtravelandmore.com\/es\/wp-json\/wp\/v2\/product_cat?post=150219"},{"taxonomy":"product_tag","embeddable":true,"href":"https:\/\/tourtravelandmore.com\/es\/wp-json\/wp\/v2\/product_tag?post=150219"}],"curies":[{"name":"wp","href":"https:\/\/api.w.org\/{rel}","templated":true}]}}