{"id":148690,"date":"2023-01-04T17:42:13","date_gmt":"2023-01-04T16:42:19","guid":{"rendered":"https:\/\/tourtravelandmore.com\/?post_type=product&#038;p=148690"},"modified":"2023-12-04T09:51:40","modified_gmt":"2023-12-04T08:51:40","slug":"tour-privado-de-murales-en-el-centro-rivera-orozco-siqueiros-y-cauduro","status":"publish","type":"product","link":"https:\/\/tourtravelandmore.com\/es\/tours\/mexico-es\/mexico-df-es\/mexico-df-actividades-es\/tour-privado-de-murales-en-el-centro-rivera-orozco-siqueiros-y-cauduro\/","title":{"rendered":"Tour privado de Murales en el Centro: Rivera, Orozco, Siqueiros y Cauduro"},"content":{"rendered":"<h2><b>Descripci\u00f3n del Tour privado de Murales en el Centro: Rivera, Orozco, Siqueiros y Cauduro<\/b><\/h2>\n<p><span style=\"font-weight: 400;\">Perderse por las calles del <\/span><b>Centro Hist\u00f3rico de M\u00e9xico<\/b><span style=\"font-weight: 400;\"> es una de las mejores formas de conocer la ciudad. \u00danase a nosotros en este <\/span><b>Tour privado de Murales en el Centro: Rivera, Orozco, Siqueiros y Cauduro.<\/b><span style=\"font-weight: 400;\"> y tenga la oportunidad de visitar el coraz\u00f3n de la ciudad con un gu\u00eda local. Prepara unos zapatos c\u00f3modos porque durante este recorrido a pie recorrer\u00e1s todos los murales del centro hist\u00f3rico.<\/span><\/p>\n<p><span style=\"font-weight: 400;\">La recogida ser\u00e1 en su hotel o lugar de elecci\u00f3n en el centro hist\u00f3rico de M\u00e9xico. En caso de que lo necesite, podemos organizar un traslado privado desde su hotel o evento del aeropuerto al centro.<\/span><\/p>\n<p><span style=\"font-weight: 400;\">El <\/span><b>Centro Hist\u00f3rico de M\u00e9xico<\/b><span style=\"font-weight: 400;\"> alberga monumentos hist\u00f3ricos de la \u00e9poca azteca. Es una zona repleta de edificios antiguos y museos emblem\u00e1ticos. El sitio principal es la Plaza Z\u00f3calo. La Ciudad de M\u00e9xico recibe muchos turistas durante todo el a\u00f1o, es una de las ciudades m\u00e1s emblem\u00e1ticas de Am\u00e9rica.<\/span><\/p>\n<p><span style=\"font-weight: 400;\">Ya sea que visite la Ciudad de M\u00e9xico por primera vez o no, lo invitamos a este Tour privado de Murales en el Centro: Rivera, Orozco, Siqueiros y Cauduro. Nunca est\u00e1 de m\u00e1s conocer o refrescar la historia y cultura de este incre\u00edble lugar.<\/span><\/p>\n<h2><b>Puntos emblem\u00e1ticos y de inter\u00e9s en el Tour privado de Murales en el Centro: Rivera, Orozco, Siqueiros y Cauduro<\/b><\/h2>\n<p><span style=\"font-weight: 400;\">Su primer contacto con <\/span><b>Tour Travel &amp; More<\/b><span style=\"font-weight: 400;\"> ser\u00e1 en su hotel o lugar de elecci\u00f3n en Ciudad de M\u00e9xico. Esta es una visita guiada de 8 horas que puede comenzar a la hora deseada por usted.<\/span><\/p>\n<p><span style=\"font-weight: 400;\">Lo acompa\u00f1ar\u00e1 un gu\u00eda tur\u00edstico local profesional que tiene un gran conocimiento sobre la ciudad. Prep\u00e1rate para pasar un buen rato en tus vacaciones mientras aprendes sobre la historia de M\u00e9xico.<\/span><\/p>\n<p><span style=\"font-weight: 400;\">Podemos incluir entradas a cualquier museo o monumento que desee visitar. En caso de que est\u00e9 buscando un recorrido m\u00e1s espec\u00edfico, podemos ofrecer visitas guiadas dentro de los museos. Solo tienes que ponerte en contacto con nosotros y decirnos qu\u00e9 te gustar\u00eda visitar.<\/span><\/p>\n<p><span style=\"font-weight: 400;\">Finalmente, su gu\u00eda tur\u00edstico oficial privado lo dejar\u00e1 en un lugar c\u00e9ntrico del centro hist\u00f3rico.<\/span><\/p>\n<p><span style=\"font-weight: 400;\">Si buscas una experiencia m\u00e1s completa, echa un vistazo a <\/span><a href=\"https:\/\/tourtravelandmore.com\/es\/tours\/mexico-es\/mexico-df-es\/mexico-df-actividades-es\/tour-privado-por-la-ciudad-de-mexico\/\"><span style=\"font-weight: 400;\">nuestro city tour privado por M\u00e9xico<\/span><\/a><span style=\"font-weight: 400;\">.<\/span><\/p>\n","protected":false},"excerpt":{"rendered":"<p id=\"tw-target-text\" class=\"tw-data-text tw-text-large XcVN5d tw-ta\" dir=\"ltr\" data-placeholder=\"Traducci\u00f3n\"><span style=\"font-weight: 400;\">Perderse por las calles del <\/span><b>Centro Hist\u00f3rico de M\u00e9xico<\/b><span style=\"font-weight: 400;\"> es una de las mejores formas de conocer la ciudad. \u00danase a nosotros en este <\/span><b>Tour privado de Murales en el Centro: Rivera, Orozco, Siqueiros y Cauduro.<\/b><span style=\"font-weight: 400;\"> y tenga la oportunidad de visitar el coraz\u00f3n de la ciudad con un gu\u00eda local. Prepara unos zapatos c\u00f3modos porque durante este recorrido a pie recorrer\u00e1s todos los murales del centro hist\u00f3rico.<\/span><\/p>\n","protected":false},"featured_media":149618,"comment_status":"open","ping_status":"closed","template":"","meta":{"_acf_changed":false},"product_brand":[],"product_cat":[3203,3378,3385,3388],"product_tag":[],"class_list":{"0":"post-148690","1":"product","2":"type-product","3":"status-publish","4":"has-post-thumbnail","6":"product_cat-mexico-es","7":"product_cat-mexico-df-es","8":"product_cat-mexico-df-actividades-es","9":"product_cat-mexico-df-tours-privados-es","11":"first","12":"instock","13":"shipping-taxable","14":"purchasable","15":"product-type-simple"},"acf":[],"yoast_head":"<!-- This site is optimized with the Yoast SEO Premium plugin v25.3.1 (Yoast SEO v25.3.1) - https:\/\/yoast.com\/wordpress\/plugins\/seo\/ -->\n<title>\u27a1\ufe0f Tour privado de Murales en el Centro: Rivera, Orozco, Siqueiros y Cauduro | Tour Travel &amp; More<\/title>\n<meta name=\"description\" content=\"Viaja en el tiempo con nuestro Tour Privado de Murales en el Centro: Rivera, Orozco, Siqueiros y Cauduro y conoce la historia \u2705\" \/>\n<meta name=\"robots\" content=\"index, follow, max-snippet:-1, max-image-preview:large, max-video-preview:-1\" \/>\n<link rel=\"canonical\" href=\"https:\/\/tourtravelandmore.com\/es\/tours\/mexico-es\/mexico-df-es\/mexico-df-actividades-es\/tour-privado-de-murales-en-el-centro-rivera-orozco-siqueiros-y-cauduro\/\" \/>\n<meta property=\"og:locale\" content=\"es_ES\" \/>\n<meta property=\"og:type\" content=\"article\" \/>\n<meta property=\"og:title\" content=\"Tour privado de Murales en el Centro: Rivera, Orozco, Siqueiros y Cauduro\" \/>\n<meta property=\"og:description\" content=\"Viaja en el tiempo con nuestro Tour Privado de Murales en el Centro: Rivera, Orozco, Siqueiros y Cauduro y conoce la historia \u2705\" \/>\n<meta property=\"og:url\" content=\"https:\/\/tourtravelandmore.com\/es\/tours\/mexico-es\/mexico-df-es\/mexico-df-actividades-es\/tour-privado-de-murales-en-el-centro-rivera-orozco-siqueiros-y-cauduro\/\" \/>\n<meta property=\"og:site_name\" content=\"Tour Travel And More\" \/>\n<meta property=\"article:publisher\" content=\"https:\/\/www.facebook.com\/tourtravelandmore\/\" \/>\n<meta property=\"article:modified_time\" content=\"2023-12-04T08:51:40+00:00\" \/>\n<meta property=\"og:image\" content=\"https:\/\/tourtravelandmore.com\/wp-content\/uploads\/2023\/01\/descarga-1024x576.png\" \/>\n\t<meta property=\"og:image:width\" content=\"1024\" \/>\n\t<meta property=\"og:image:height\" content=\"576\" \/>\n\t<meta property=\"og:image:type\" content=\"image\/png\" \/>\n<meta name=\"twitter:card\" content=\"summary_large_image\" \/>\n<meta name=\"twitter:site\" content=\"@TourTravel_More\" \/>\n<meta name=\"twitter:label1\" content=\"Tiempo de lectura\" \/>\n\t<meta name=\"twitter:data1\" content=\"2 minutos\" \/>\n<script type=\"application\/ld+json\" class=\"yoast-schema-graph\">{\"@context\":\"https:\/\/schema.org\",\"@graph\":[{\"@type\":\"WebPage\",\"@id\":\"https:\/\/tourtravelandmore.com\/es\/tours\/mexico-es\/mexico-df-es\/mexico-df-actividades-es\/tour-privado-de-murales-en-el-centro-rivera-orozco-siqueiros-y-cauduro\/\",\"url\":\"https:\/\/tourtravelandmore.com\/es\/tours\/mexico-es\/mexico-df-es\/mexico-df-actividades-es\/tour-privado-de-murales-en-el-centro-rivera-orozco-siqueiros-y-cauduro\/\",\"name\":\"\u27a1\ufe0f Tour privado de Murales en el Centro: Rivera, Orozco, Siqueiros y Cauduro | Tour Travel & More\",\"isPartOf\":{\"@id\":\"https:\/\/tourtravelandmore.com\/es\/#website\"},\"primaryImageOfPage\":{\"@id\":\"https:\/\/tourtravelandmore.com\/es\/tours\/mexico-es\/mexico-df-es\/mexico-df-actividades-es\/tour-privado-de-murales-en-el-centro-rivera-orozco-siqueiros-y-cauduro\/#primaryimage\"},\"image\":{\"@id\":\"https:\/\/tourtravelandmore.com\/es\/tours\/mexico-es\/mexico-df-es\/mexico-df-actividades-es\/tour-privado-de-murales-en-el-centro-rivera-orozco-siqueiros-y-cauduro\/#primaryimage\"},\"thumbnailUrl\":\"https:\/\/tourtravelandmore.com\/wp-content\/uploads\/2023\/01\/descarga.png\",\"datePublished\":\"2023-01-04T16:42:19+00:00\",\"dateModified\":\"2023-12-04T08:51:40+00:00\",\"description\":\"Viaja en el tiempo con nuestro Tour Privado de Murales en el Centro: Rivera, Orozco, Siqueiros y Cauduro y conoce la historia \u2705\",\"breadcrumb\":{\"@id\":\"https:\/\/tourtravelandmore.com\/es\/tours\/mexico-es\/mexico-df-es\/mexico-df-actividades-es\/tour-privado-de-murales-en-el-centro-rivera-orozco-siqueiros-y-cauduro\/#breadcrumb\"},\"inLanguage\":\"es\",\"potentialAction\":[{\"@type\":\"ReadAction\",\"target\":[\"https:\/\/tourtravelandmore.com\/es\/tours\/mexico-es\/mexico-df-es\/mexico-df-actividades-es\/tour-privado-de-murales-en-el-centro-rivera-orozco-siqueiros-y-cauduro\/\"]}]},{\"@type\":\"ImageObject\",\"inLanguage\":\"es\",\"@id\":\"https:\/\/tourtravelandmore.com\/es\/tours\/mexico-es\/mexico-df-es\/mexico-df-actividades-es\/tour-privado-de-murales-en-el-centro-rivera-orozco-siqueiros-y-cauduro\/#primaryimage\",\"url\":\"https:\/\/tourtravelandmore.com\/wp-content\/uploads\/2023\/01\/descarga.png\",\"contentUrl\":\"https:\/\/tourtravelandmore.com\/wp-content\/uploads\/2023\/01\/descarga.png\",\"width\":1800,\"height\":1013,\"caption\":\"Tour privado de Murales en el Centro: Rivera, Orozco, Siqueiros y Cauduro\"},{\"@type\":\"BreadcrumbList\",\"@id\":\"https:\/\/tourtravelandmore.com\/es\/tours\/mexico-es\/mexico-df-es\/mexico-df-actividades-es\/tour-privado-de-murales-en-el-centro-rivera-orozco-siqueiros-y-cauduro\/#breadcrumb\",\"itemListElement\":[{\"@type\":\"ListItem\",\"position\":1,\"name\":\"Home\",\"item\":\"https:\/\/tourtravelandmore.com\/es\/\"},{\"@type\":\"ListItem\",\"position\":2,\"name\":\"Tours\",\"item\":\"https:\/\/tourtravelandmore.com\/es\/tours\/\"},{\"@type\":\"ListItem\",\"position\":3,\"name\":\"Tour privado de Murales en el Centro: Rivera, Orozco, Siqueiros y Cauduro\"}]},{\"@type\":\"WebSite\",\"@id\":\"https:\/\/tourtravelandmore.com\/es\/#website\",\"url\":\"https:\/\/tourtravelandmore.com\/es\/\",\"name\":\"Tour Travel And More\",\"description\":\"Private sightseeing tours and luxury transfers in Spain\",\"publisher\":{\"@id\":\"https:\/\/tourtravelandmore.com\/es\/#organization\"},\"potentialAction\":[{\"@type\":\"SearchAction\",\"target\":{\"@type\":\"EntryPoint\",\"urlTemplate\":\"https:\/\/tourtravelandmore.com\/es\/?s={search_term_string}\"},\"query-input\":{\"@type\":\"PropertyValueSpecification\",\"valueRequired\":true,\"valueName\":\"search_term_string\"}}],\"inLanguage\":\"es\"},{\"@type\":\"Organization\",\"@id\":\"https:\/\/tourtravelandmore.com\/es\/#organization\",\"name\":\"Tour Travel And More\",\"url\":\"https:\/\/tourtravelandmore.com\/es\/\",\"logo\":{\"@type\":\"ImageObject\",\"inLanguage\":\"es\",\"@id\":\"https:\/\/tourtravelandmore.com\/es\/#\/schema\/logo\/image\/\",\"url\":\"https:\/\/tourtravelandmore.com\/wp-content\/uploads\/2022\/12\/cropped-logo-cabecera-new.png\",\"contentUrl\":\"https:\/\/tourtravelandmore.com\/wp-content\/uploads\/2022\/12\/cropped-logo-cabecera-new.png\",\"width\":430,\"height\":61,\"caption\":\"Tour Travel And More\"},\"image\":{\"@id\":\"https:\/\/tourtravelandmore.com\/es\/#\/schema\/logo\/image\/\"},\"sameAs\":[\"https:\/\/www.facebook.com\/tourtravelandmore\/\",\"https:\/\/x.com\/TourTravel_More\"]}]}<\/script>\n<!-- \/ Yoast SEO Premium plugin. -->","yoast_head_json":{"title":"\u27a1\ufe0f Tour privado de Murales en el Centro: Rivera, Orozco, Siqueiros y Cauduro | Tour Travel & More","description":"Viaja en el tiempo con nuestro Tour Privado de Murales en el Centro: Rivera, Orozco, Siqueiros y Cauduro y conoce la historia \u2705","robots":{"index":"index","follow":"follow","max-snippet":"max-snippet:-1","max-image-preview":"max-image-preview:large","max-video-preview":"max-video-preview:-1"},"canonical":"https:\/\/tourtravelandmore.com\/es\/tours\/mexico-es\/mexico-df-es\/mexico-df-actividades-es\/tour-privado-de-murales-en-el-centro-rivera-orozco-siqueiros-y-cauduro\/","og_locale":"es_ES","og_type":"article","og_title":"Tour privado de Murales en el Centro: Rivera, Orozco, Siqueiros y Cauduro","og_description":"Viaja en el tiempo con nuestro Tour Privado de Murales en el Centro: Rivera, Orozco, Siqueiros y Cauduro y conoce la historia \u2705","og_url":"https:\/\/tourtravelandmore.com\/es\/tours\/mexico-es\/mexico-df-es\/mexico-df-actividades-es\/tour-privado-de-murales-en-el-centro-rivera-orozco-siqueiros-y-cauduro\/","og_site_name":"Tour Travel And More","article_publisher":"https:\/\/www.facebook.com\/tourtravelandmore\/","article_modified_time":"2023-12-04T08:51:40+00:00","og_image":[{"width":1024,"height":576,"url":"https:\/\/tourtravelandmore.com\/wp-content\/uploads\/2023\/01\/descarga-1024x576.png","type":"image\/png"}],"twitter_card":"summary_large_image","twitter_site":"@TourTravel_More","twitter_misc":{"Tiempo de lectura":"2 minutos"},"schema":{"@context":"https:\/\/schema.org","@graph":[{"@type":"WebPage","@id":"https:\/\/tourtravelandmore.com\/es\/tours\/mexico-es\/mexico-df-es\/mexico-df-actividades-es\/tour-privado-de-murales-en-el-centro-rivera-orozco-siqueiros-y-cauduro\/","url":"https:\/\/tourtravelandmore.com\/es\/tours\/mexico-es\/mexico-df-es\/mexico-df-actividades-es\/tour-privado-de-murales-en-el-centro-rivera-orozco-siqueiros-y-cauduro\/","name":"\u27a1\ufe0f Tour privado de Murales en el Centro: Rivera, Orozco, Siqueiros y Cauduro | Tour Travel & More","isPartOf":{"@id":"https:\/\/tourtravelandmore.com\/es\/#website"},"primaryImageOfPage":{"@id":"https:\/\/tourtravelandmore.com\/es\/tours\/mexico-es\/mexico-df-es\/mexico-df-actividades-es\/tour-privado-de-murales-en-el-centro-rivera-orozco-siqueiros-y-cauduro\/#primaryimage"},"image":{"@id":"https:\/\/tourtravelandmore.com\/es\/tours\/mexico-es\/mexico-df-es\/mexico-df-actividades-es\/tour-privado-de-murales-en-el-centro-rivera-orozco-siqueiros-y-cauduro\/#primaryimage"},"thumbnailUrl":"https:\/\/tourtravelandmore.com\/wp-content\/uploads\/2023\/01\/descarga.png","datePublished":"2023-01-04T16:42:19+00:00","dateModified":"2023-12-04T08:51:40+00:00","description":"Viaja en el tiempo con nuestro Tour Privado de Murales en el Centro: Rivera, Orozco, Siqueiros y Cauduro y conoce la historia \u2705","breadcrumb":{"@id":"https:\/\/tourtravelandmore.com\/es\/tours\/mexico-es\/mexico-df-es\/mexico-df-actividades-es\/tour-privado-de-murales-en-el-centro-rivera-orozco-siqueiros-y-cauduro\/#breadcrumb"},"inLanguage":"es","potentialAction":[{"@type":"ReadAction","target":["https:\/\/tourtravelandmore.com\/es\/tours\/mexico-es\/mexico-df-es\/mexico-df-actividades-es\/tour-privado-de-murales-en-el-centro-rivera-orozco-siqueiros-y-cauduro\/"]}]},{"@type":"ImageObject","inLanguage":"es","@id":"https:\/\/tourtravelandmore.com\/es\/tours\/mexico-es\/mexico-df-es\/mexico-df-actividades-es\/tour-privado-de-murales-en-el-centro-rivera-orozco-siqueiros-y-cauduro\/#primaryimage","url":"https:\/\/tourtravelandmore.com\/wp-content\/uploads\/2023\/01\/descarga.png","contentUrl":"https:\/\/tourtravelandmore.com\/wp-content\/uploads\/2023\/01\/descarga.png","width":1800,"height":1013,"caption":"Tour privado de Murales en el Centro: Rivera, Orozco, Siqueiros y Cauduro"},{"@type":"BreadcrumbList","@id":"https:\/\/tourtravelandmore.com\/es\/tours\/mexico-es\/mexico-df-es\/mexico-df-actividades-es\/tour-privado-de-murales-en-el-centro-rivera-orozco-siqueiros-y-cauduro\/#breadcrumb","itemListElement":[{"@type":"ListItem","position":1,"name":"Home","item":"https:\/\/tourtravelandmore.com\/es\/"},{"@type":"ListItem","position":2,"name":"Tours","item":"https:\/\/tourtravelandmore.com\/es\/tours\/"},{"@type":"ListItem","position":3,"name":"Tour privado de Murales en el Centro: Rivera, Orozco, Siqueiros y Cauduro"}]},{"@type":"WebSite","@id":"https:\/\/tourtravelandmore.com\/es\/#website","url":"https:\/\/tourtravelandmore.com\/es\/","name":"Tour Travel And More","description":"Private sightseeing tours and luxury transfers in Spain","publisher":{"@id":"https:\/\/tourtravelandmore.com\/es\/#organization"},"potentialAction":[{"@type":"SearchAction","target":{"@type":"EntryPoint","urlTemplate":"https:\/\/tourtravelandmore.com\/es\/?s={search_term_string}"},"query-input":{"@type":"PropertyValueSpecification","valueRequired":true,"valueName":"search_term_string"}}],"inLanguage":"es"},{"@type":"Organization","@id":"https:\/\/tourtravelandmore.com\/es\/#organization","name":"Tour Travel And More","url":"https:\/\/tourtravelandmore.com\/es\/","logo":{"@type":"ImageObject","inLanguage":"es","@id":"https:\/\/tourtravelandmore.com\/es\/#\/schema\/logo\/image\/","url":"https:\/\/tourtravelandmore.com\/wp-content\/uploads\/2022\/12\/cropped-logo-cabecera-new.png","contentUrl":"https:\/\/tourtravelandmore.com\/wp-content\/uploads\/2022\/12\/cropped-logo-cabecera-new.png","width":430,"height":61,"caption":"Tour Travel And More"},"image":{"@id":"https:\/\/tourtravelandmore.com\/es\/#\/schema\/logo\/image\/"},"sameAs":["https:\/\/www.facebook.com\/tourtravelandmore\/","https:\/\/x.com\/TourTravel_More"]}]}},"_links":{"self":[{"href":"https:\/\/tourtravelandmore.com\/es\/wp-json\/wp\/v2\/product\/148690","targetHints":{"allow":["GET"]}}],"collection":[{"href":"https:\/\/tourtravelandmore.com\/es\/wp-json\/wp\/v2\/product"}],"about":[{"href":"https:\/\/tourtravelandmore.com\/es\/wp-json\/wp\/v2\/types\/product"}],"replies":[{"embeddable":true,"href":"https:\/\/tourtravelandmore.com\/es\/wp-json\/wp\/v2\/comments?post=148690"}],"wp:featuredmedia":[{"embeddable":true,"href":"https:\/\/tourtravelandmore.com\/es\/wp-json\/wp\/v2\/media\/149618"}],"wp:attachment":[{"href":"https:\/\/tourtravelandmore.com\/es\/wp-json\/wp\/v2\/media?parent=148690"}],"wp:term":[{"taxonomy":"product_brand","embeddable":true,"href":"https:\/\/tourtravelandmore.com\/es\/wp-json\/wp\/v2\/product_brand?post=148690"},{"taxonomy":"product_cat","embeddable":true,"href":"https:\/\/tourtravelandmore.com\/es\/wp-json\/wp\/v2\/product_cat?post=148690"},{"taxonomy":"product_tag","embeddable":true,"href":"https:\/\/tourtravelandmore.com\/es\/wp-json\/wp\/v2\/product_tag?post=148690"}],"curies":[{"name":"wp","href":"https:\/\/api.w.org\/{rel}","templated":true}]}}