{"id":14815,"date":"2017-10-03T10:09:00","date_gmt":"2017-10-03T08:16:47","guid":{"rendered":"http:\/\/tourtravelandmore.com\/es\/?post_type=product&#038;p=14815"},"modified":"2022-11-26T00:56:57","modified_gmt":"2022-11-25T23:56:57","slug":"tour-privado-girona-desde-barcelona-6-horas","status":"publish","type":"product","link":"https:\/\/tourtravelandmore.com\/es\/tours\/espana-es\/barcelona-es\/tour-privado-girona-desde-barcelona-6-horas\/","title":{"rendered":"Tour a Girona desde Barcelona &#8211; Tour Privado"},"content":{"rendered":"<h2>Descripci\u00f3n del Tour a Girona desde Barcelona &#8211; Tour Privado<\/h2>\n<p>Nuestro conductor a la hora selecciona estar\u00e1 en su hotel en Barcelona para iniciar el tour privado a Girona desde Barcelona, el gu\u00eda os esperar\u00e1 en Girona para realizar un recorrido de la ciudad a pie de 2 horas. Girona es la segunda provincia m\u00e1s importante de Catalu\u00f1a, y est\u00e1 situada a tan solo 1 hora y 30 minutos de Barcelona. El pasado de la ciudad se remonta a la \u00e9poca del Imperio Romano (la ciudad se llamaba Gerunda) y cuenta con un casco hist\u00f3rico \u00fanico.<\/p>\n<p>La duraci\u00f3n del Tour son 6 horas, la hora de salidad que recomendamos es a las 09:00 o a las 10:00.<\/p>\n<p>Pueden escoger la hora de salida y vuestro lugar de recogida en <strong>Barcelona<\/strong>. Hotel, apartamento, puerto o aeropuerto.<\/p>\n<p>Este <strong>tour privado<\/strong> es completamente personalizable y pod\u00e9is organizarlo como quer\u00e1is, nosotros nos adaptamos a los viajeros. Pode\u00eds personalizar vuestro tour solo contactando con nosotros. Aqu\u00ed os dejamos un ejemplo de itinerario y lo m\u00e1s relevante de la ciudad.<\/p>\n<p>Una vez finalicemos la visita guiada de Girona, junto a nuestro gu\u00eda oficial privado, os dejar\u00e1 en la calle principal, para disfrutar de tiempo libre y que os pod\u00e1is sentar a comer antes de volver a Barcelona, vuestro conductor estar\u00e1 a vuestra disposici\u00f3n en todo momento.<\/p>\n<h2><strong>Puntos de Inter\u00e9s en el Tour a Girona desde Barcelona &#8211; Tour Privado<\/strong><\/h2>\n<ul>\n<li><strong>Puente de San Feli\u00fa: <\/strong>Es un puente peatonal sobre el r\u00edo Onyar en Girona, est\u00e1 situado en el antiguo barrio de la ciudad. Adem\u00e1s de este puente a lo largo de la ciudad encontraremos m\u00e1s puentes que unen la zona nueva de la ciudad con la zona antigua.<\/li>\n<li><strong>Catedral de Girona:<\/strong>Es un edificio imponente y uno de los s\u00edmbolos m\u00e1s importantes de la ciudad. S\u00fa \u00fanica nave es la segunda m\u00e1s grande del mundo, s\u00f3lo superada por San Pedro del Vaticano. Es una mezcla g\u00f3tica y barroca, construida desde el siglo XIV a XVII.<\/li>\n<li><strong>Ba\u00f1os \u00c1rabes Girona: <\/strong>Son unos ba\u00f1os p\u00fablicos muy bien conservados de la \u00e9poca romana construida en <span class=\"Yy0acb\">1194.<\/span><\/li>\n<li><strong>La Juder\u00eda:<\/strong> Sin lugar a duda una de las zonas m\u00e1s bonitas de la ciudad y con mucha historia que contar. Para llegar hasta el barrio de la juder\u00eda hay que pasar por un laberinto de callejuelas medievales, son unas de las mejores conservadas en Europa. Es un lugar \u00fanico. En la juder\u00eda pasaremos la mayor parte del tiempo del Tour a Girona desde Barcelona junto a nuestro gu\u00eda oficial. Sus principales calles son:<strong>Claveria y Sant Lloren\u00e7. N<\/strong>os perderemos por este laberinto de calles y conoceremos todos los rincones y la historia.<\/li>\n<li><strong>Bas\u00edlica de Sant Feliu<\/strong>: Fue la primera catedral de la ciudad, se caracteriza por su torre campanario.<\/li>\n<li><strong>Las casas de Onyar: <\/strong>Son casas llenas de colores que se asoman al r\u00edo Onyar.<\/li>\n<li><strong>Escaleras de Sant Mart\u00ed\/La Pujada de Sant Dom\u00e8nec:<\/strong> Uno de los lugares m\u00e1s rom\u00e1nticos y bonito en el tour. Es una escalera barroca y nos lleva hasta la iglesia de Sant Mart\u00ed y donde tambi\u00e9n se encuentra el arco de la Casa Agullana<\/li>\n<li><strong>Casa Rafael Mas\u00f3:<\/strong> Es una de las casas Onyar m\u00e1s famosas de la ciudad.<\/li>\n<li><strong>Rambla de la Llibertat:<\/strong> Es una rambla medieval con soportales, arcadas y techos bajos que se datan del siglo XIII, pero tambi\u00e9n alberga edificios modernistas como la Casa Nora.<\/li>\n<\/ul>\n<p>Este Tour lo recomendamos para aquellos viajeros que disponen de varios d\u00edas en la ciudad. Si vienes varios d\u00edas a Barcelona, el Tour privado de Girona desde Barcelona es un Tour imprescindible. Si ese d\u00eda tienes m\u00e1s tiempo puedes a\u00f1adir el<a href=\"https:\/\/tourtravelandmore.com\/es\/tours\/espana-es\/barcelona-es\/tour-privado-costa-brava-girona-desde-barcelona\/\"> Tour privado de Girona y Costa Brava<\/a>.<\/p>\n<p>No dudes en contactar con nuestro equipo desde el formulario de contacto, para que podamos enviarte una propuesta detallada del Tour privado de Girona desde Barcelona con toda la informaci\u00f3n.<\/p>\n","protected":false},"excerpt":{"rendered":"<p>Disfrute de esta <strong>experiencia completamente privada para visitar Girona<\/strong>, una de las ciudades con m\u00e1s historia de Espa\u00f1a, en tu veh\u00edculo privado con conductor y un gu\u00eda tur\u00edstico oficial por 2 horas en Girona. Aprovecha esta oportunidad para conocer la segunda ciudad catalana m\u00e1s grande y visitar sus monumentos y lugares m\u00e1s importantes. Podemos incluir la entrada a cualquier monumento o museo que desee visitar.<\/p>\n","protected":false},"featured_media":14804,"comment_status":"open","ping_status":"closed","template":"","meta":{"_acf_changed":false},"product_brand":[],"product_cat":[69,283,266,267,547],"product_tag":[],"class_list":{"0":"post-14815","1":"product","2":"type-product","3":"status-publish","4":"has-post-thumbnail","6":"product_cat-barcelona-es","7":"product_cat-barcelona-top-ventas-es","8":"product_cat-barcelona-actividades-es","9":"product_cat-barcelona-excursiones-es","10":"product_cat-barcelona-excursiones-privadas-cruceros-es","12":"first","13":"instock","14":"shipping-taxable","15":"purchasable","16":"product-type-simple"},"acf":[],"yoast_head":"<!-- This site is optimized with the Yoast SEO Premium plugin v25.3.1 (Yoast SEO v25.3.1) - https:\/\/yoast.com\/wordpress\/plugins\/seo\/ -->\n<title>\u27a1\ufe0f Tour a Girona desde Barcelona | Tour Travel &amp; More<\/title>\n<meta name=\"description\" content=\"C\u00f3noce la segunda ciudad m\u00e1s importante de Catalu\u00f1a y una de las Juderias m\u00e1s importantes de Europa, gracias a este Tour de Girona desde Barcelona \u2705\" \/>\n<meta name=\"robots\" content=\"index, follow, max-snippet:-1, max-image-preview:large, max-video-preview:-1\" \/>\n<link rel=\"canonical\" href=\"https:\/\/tourtravelandmore.com\/es\/tours\/espana-es\/barcelona-es\/tour-privado-girona-desde-barcelona-6-horas\/\" \/>\n<meta property=\"og:locale\" content=\"es_ES\" \/>\n<meta property=\"og:type\" content=\"article\" \/>\n<meta property=\"og:title\" content=\"Tour a Girona desde Barcelona - Tour Privado\" \/>\n<meta property=\"og:description\" content=\"C\u00f3noce la segunda ciudad m\u00e1s importante de Catalu\u00f1a y una de las Juderias m\u00e1s importantes de Europa, gracias a este Tour de Girona desde Barcelona \u2705\" \/>\n<meta property=\"og:url\" content=\"https:\/\/tourtravelandmore.com\/es\/tours\/espana-es\/barcelona-es\/tour-privado-girona-desde-barcelona-6-horas\/\" \/>\n<meta property=\"og:site_name\" content=\"Tour Travel And More\" \/>\n<meta property=\"article:publisher\" content=\"https:\/\/www.facebook.com\/tourtravelandmore\/\" \/>\n<meta property=\"article:modified_time\" content=\"2022-11-25T23:56:57+00:00\" \/>\n<meta property=\"og:image\" content=\"https:\/\/tourtravelandmore.com\/wp-content\/uploads\/2017\/10\/girona-2.jpg\" \/>\n\t<meta property=\"og:image:width\" content=\"1200\" \/>\n\t<meta property=\"og:image:height\" content=\"784\" \/>\n\t<meta property=\"og:image:type\" content=\"image\/jpeg\" \/>\n<meta name=\"twitter:card\" content=\"summary_large_image\" \/>\n<meta name=\"twitter:site\" content=\"@TourTravel_More\" \/>\n<meta name=\"twitter:label1\" content=\"Tiempo de lectura\" \/>\n\t<meta name=\"twitter:data1\" content=\"3 minutos\" \/>\n<script type=\"application\/ld+json\" class=\"yoast-schema-graph\">{\"@context\":\"https:\/\/schema.org\",\"@graph\":[{\"@type\":\"WebPage\",\"@id\":\"https:\/\/tourtravelandmore.com\/es\/tours\/espana-es\/barcelona-es\/tour-privado-girona-desde-barcelona-6-horas\/\",\"url\":\"https:\/\/tourtravelandmore.com\/es\/tours\/espana-es\/barcelona-es\/tour-privado-girona-desde-barcelona-6-horas\/\",\"name\":\"\u27a1\ufe0f Tour a Girona desde Barcelona | Tour Travel & More\",\"isPartOf\":{\"@id\":\"https:\/\/tourtravelandmore.com\/es\/#website\"},\"primaryImageOfPage\":{\"@id\":\"https:\/\/tourtravelandmore.com\/es\/tours\/espana-es\/barcelona-es\/tour-privado-girona-desde-barcelona-6-horas\/#primaryimage\"},\"image\":{\"@id\":\"https:\/\/tourtravelandmore.com\/es\/tours\/espana-es\/barcelona-es\/tour-privado-girona-desde-barcelona-6-horas\/#primaryimage\"},\"thumbnailUrl\":\"https:\/\/tourtravelandmore.com\/wp-content\/uploads\/2017\/10\/girona-2.jpg\",\"datePublished\":\"2017-10-03T08:16:47+00:00\",\"dateModified\":\"2022-11-25T23:56:57+00:00\",\"description\":\"C\u00f3noce la segunda ciudad m\u00e1s importante de Catalu\u00f1a y una de las Juderias m\u00e1s importantes de Europa, gracias a este Tour de Girona desde Barcelona \u2705\",\"breadcrumb\":{\"@id\":\"https:\/\/tourtravelandmore.com\/es\/tours\/espana-es\/barcelona-es\/tour-privado-girona-desde-barcelona-6-horas\/#breadcrumb\"},\"inLanguage\":\"es\",\"potentialAction\":[{\"@type\":\"ReadAction\",\"target\":[\"https:\/\/tourtravelandmore.com\/es\/tours\/espana-es\/barcelona-es\/tour-privado-girona-desde-barcelona-6-horas\/\"]}]},{\"@type\":\"ImageObject\",\"inLanguage\":\"es\",\"@id\":\"https:\/\/tourtravelandmore.com\/es\/tours\/espana-es\/barcelona-es\/tour-privado-girona-desde-barcelona-6-horas\/#primaryimage\",\"url\":\"https:\/\/tourtravelandmore.com\/wp-content\/uploads\/2017\/10\/girona-2.jpg\",\"contentUrl\":\"https:\/\/tourtravelandmore.com\/wp-content\/uploads\/2017\/10\/girona-2.jpg\",\"width\":1200,\"height\":784},{\"@type\":\"BreadcrumbList\",\"@id\":\"https:\/\/tourtravelandmore.com\/es\/tours\/espana-es\/barcelona-es\/tour-privado-girona-desde-barcelona-6-horas\/#breadcrumb\",\"itemListElement\":[{\"@type\":\"ListItem\",\"position\":1,\"name\":\"Home\",\"item\":\"https:\/\/tourtravelandmore.com\/es\/\"},{\"@type\":\"ListItem\",\"position\":2,\"name\":\"Tours\",\"item\":\"https:\/\/tourtravelandmore.com\/es\/tours\/\"},{\"@type\":\"ListItem\",\"position\":3,\"name\":\"Tour a Girona desde Barcelona &#8211; Tour Privado\"}]},{\"@type\":\"WebSite\",\"@id\":\"https:\/\/tourtravelandmore.com\/es\/#website\",\"url\":\"https:\/\/tourtravelandmore.com\/es\/\",\"name\":\"Tour Travel And More\",\"description\":\"Private sightseeing tours and luxury transfers in Spain\",\"publisher\":{\"@id\":\"https:\/\/tourtravelandmore.com\/es\/#organization\"},\"potentialAction\":[{\"@type\":\"SearchAction\",\"target\":{\"@type\":\"EntryPoint\",\"urlTemplate\":\"https:\/\/tourtravelandmore.com\/es\/?s={search_term_string}\"},\"query-input\":{\"@type\":\"PropertyValueSpecification\",\"valueRequired\":true,\"valueName\":\"search_term_string\"}}],\"inLanguage\":\"es\"},{\"@type\":\"Organization\",\"@id\":\"https:\/\/tourtravelandmore.com\/es\/#organization\",\"name\":\"Tour Travel And More\",\"url\":\"https:\/\/tourtravelandmore.com\/es\/\",\"logo\":{\"@type\":\"ImageObject\",\"inLanguage\":\"es\",\"@id\":\"https:\/\/tourtravelandmore.com\/es\/#\/schema\/logo\/image\/\",\"url\":\"https:\/\/tourtravelandmore.com\/wp-content\/uploads\/2022\/12\/cropped-logo-cabecera-new.png\",\"contentUrl\":\"https:\/\/tourtravelandmore.com\/wp-content\/uploads\/2022\/12\/cropped-logo-cabecera-new.png\",\"width\":430,\"height\":61,\"caption\":\"Tour Travel And More\"},\"image\":{\"@id\":\"https:\/\/tourtravelandmore.com\/es\/#\/schema\/logo\/image\/\"},\"sameAs\":[\"https:\/\/www.facebook.com\/tourtravelandmore\/\",\"https:\/\/x.com\/TourTravel_More\"]}]}<\/script>\n<!-- \/ Yoast SEO Premium plugin. -->","yoast_head_json":{"title":"\u27a1\ufe0f Tour a Girona desde Barcelona | Tour Travel & More","description":"C\u00f3noce la segunda ciudad m\u00e1s importante de Catalu\u00f1a y una de las Juderias m\u00e1s importantes de Europa, gracias a este Tour de Girona desde Barcelona \u2705","robots":{"index":"index","follow":"follow","max-snippet":"max-snippet:-1","max-image-preview":"max-image-preview:large","max-video-preview":"max-video-preview:-1"},"canonical":"https:\/\/tourtravelandmore.com\/es\/tours\/espana-es\/barcelona-es\/tour-privado-girona-desde-barcelona-6-horas\/","og_locale":"es_ES","og_type":"article","og_title":"Tour a Girona desde Barcelona - Tour Privado","og_description":"C\u00f3noce la segunda ciudad m\u00e1s importante de Catalu\u00f1a y una de las Juderias m\u00e1s importantes de Europa, gracias a este Tour de Girona desde Barcelona \u2705","og_url":"https:\/\/tourtravelandmore.com\/es\/tours\/espana-es\/barcelona-es\/tour-privado-girona-desde-barcelona-6-horas\/","og_site_name":"Tour Travel And More","article_publisher":"https:\/\/www.facebook.com\/tourtravelandmore\/","article_modified_time":"2022-11-25T23:56:57+00:00","og_image":[{"width":1200,"height":784,"url":"https:\/\/tourtravelandmore.com\/wp-content\/uploads\/2017\/10\/girona-2.jpg","type":"image\/jpeg"}],"twitter_card":"summary_large_image","twitter_site":"@TourTravel_More","twitter_misc":{"Tiempo de lectura":"3 minutos"},"schema":{"@context":"https:\/\/schema.org","@graph":[{"@type":"WebPage","@id":"https:\/\/tourtravelandmore.com\/es\/tours\/espana-es\/barcelona-es\/tour-privado-girona-desde-barcelona-6-horas\/","url":"https:\/\/tourtravelandmore.com\/es\/tours\/espana-es\/barcelona-es\/tour-privado-girona-desde-barcelona-6-horas\/","name":"\u27a1\ufe0f Tour a Girona desde Barcelona | Tour Travel & More","isPartOf":{"@id":"https:\/\/tourtravelandmore.com\/es\/#website"},"primaryImageOfPage":{"@id":"https:\/\/tourtravelandmore.com\/es\/tours\/espana-es\/barcelona-es\/tour-privado-girona-desde-barcelona-6-horas\/#primaryimage"},"image":{"@id":"https:\/\/tourtravelandmore.com\/es\/tours\/espana-es\/barcelona-es\/tour-privado-girona-desde-barcelona-6-horas\/#primaryimage"},"thumbnailUrl":"https:\/\/tourtravelandmore.com\/wp-content\/uploads\/2017\/10\/girona-2.jpg","datePublished":"2017-10-03T08:16:47+00:00","dateModified":"2022-11-25T23:56:57+00:00","description":"C\u00f3noce la segunda ciudad m\u00e1s importante de Catalu\u00f1a y una de las Juderias m\u00e1s importantes de Europa, gracias a este Tour de Girona desde Barcelona \u2705","breadcrumb":{"@id":"https:\/\/tourtravelandmore.com\/es\/tours\/espana-es\/barcelona-es\/tour-privado-girona-desde-barcelona-6-horas\/#breadcrumb"},"inLanguage":"es","potentialAction":[{"@type":"ReadAction","target":["https:\/\/tourtravelandmore.com\/es\/tours\/espana-es\/barcelona-es\/tour-privado-girona-desde-barcelona-6-horas\/"]}]},{"@type":"ImageObject","inLanguage":"es","@id":"https:\/\/tourtravelandmore.com\/es\/tours\/espana-es\/barcelona-es\/tour-privado-girona-desde-barcelona-6-horas\/#primaryimage","url":"https:\/\/tourtravelandmore.com\/wp-content\/uploads\/2017\/10\/girona-2.jpg","contentUrl":"https:\/\/tourtravelandmore.com\/wp-content\/uploads\/2017\/10\/girona-2.jpg","width":1200,"height":784},{"@type":"BreadcrumbList","@id":"https:\/\/tourtravelandmore.com\/es\/tours\/espana-es\/barcelona-es\/tour-privado-girona-desde-barcelona-6-horas\/#breadcrumb","itemListElement":[{"@type":"ListItem","position":1,"name":"Home","item":"https:\/\/tourtravelandmore.com\/es\/"},{"@type":"ListItem","position":2,"name":"Tours","item":"https:\/\/tourtravelandmore.com\/es\/tours\/"},{"@type":"ListItem","position":3,"name":"Tour a Girona desde Barcelona &#8211; Tour Privado"}]},{"@type":"WebSite","@id":"https:\/\/tourtravelandmore.com\/es\/#website","url":"https:\/\/tourtravelandmore.com\/es\/","name":"Tour Travel And More","description":"Private sightseeing tours and luxury transfers in Spain","publisher":{"@id":"https:\/\/tourtravelandmore.com\/es\/#organization"},"potentialAction":[{"@type":"SearchAction","target":{"@type":"EntryPoint","urlTemplate":"https:\/\/tourtravelandmore.com\/es\/?s={search_term_string}"},"query-input":{"@type":"PropertyValueSpecification","valueRequired":true,"valueName":"search_term_string"}}],"inLanguage":"es"},{"@type":"Organization","@id":"https:\/\/tourtravelandmore.com\/es\/#organization","name":"Tour Travel And More","url":"https:\/\/tourtravelandmore.com\/es\/","logo":{"@type":"ImageObject","inLanguage":"es","@id":"https:\/\/tourtravelandmore.com\/es\/#\/schema\/logo\/image\/","url":"https:\/\/tourtravelandmore.com\/wp-content\/uploads\/2022\/12\/cropped-logo-cabecera-new.png","contentUrl":"https:\/\/tourtravelandmore.com\/wp-content\/uploads\/2022\/12\/cropped-logo-cabecera-new.png","width":430,"height":61,"caption":"Tour Travel And More"},"image":{"@id":"https:\/\/tourtravelandmore.com\/es\/#\/schema\/logo\/image\/"},"sameAs":["https:\/\/www.facebook.com\/tourtravelandmore\/","https:\/\/x.com\/TourTravel_More"]}]}},"_links":{"self":[{"href":"https:\/\/tourtravelandmore.com\/es\/wp-json\/wp\/v2\/product\/14815","targetHints":{"allow":["GET"]}}],"collection":[{"href":"https:\/\/tourtravelandmore.com\/es\/wp-json\/wp\/v2\/product"}],"about":[{"href":"https:\/\/tourtravelandmore.com\/es\/wp-json\/wp\/v2\/types\/product"}],"replies":[{"embeddable":true,"href":"https:\/\/tourtravelandmore.com\/es\/wp-json\/wp\/v2\/comments?post=14815"}],"wp:featuredmedia":[{"embeddable":true,"href":"https:\/\/tourtravelandmore.com\/es\/wp-json\/wp\/v2\/media\/14804"}],"wp:attachment":[{"href":"https:\/\/tourtravelandmore.com\/es\/wp-json\/wp\/v2\/media?parent=14815"}],"wp:term":[{"taxonomy":"product_brand","embeddable":true,"href":"https:\/\/tourtravelandmore.com\/es\/wp-json\/wp\/v2\/product_brand?post=14815"},{"taxonomy":"product_cat","embeddable":true,"href":"https:\/\/tourtravelandmore.com\/es\/wp-json\/wp\/v2\/product_cat?post=14815"},{"taxonomy":"product_tag","embeddable":true,"href":"https:\/\/tourtravelandmore.com\/es\/wp-json\/wp\/v2\/product_tag?post=14815"}],"curies":[{"name":"wp","href":"https:\/\/api.w.org\/{rel}","templated":true}]}}