{"id":147648,"date":"2022-12-22T17:34:25","date_gmt":"2022-12-22T16:34:25","guid":{"rendered":"https:\/\/tourtravelandmore.com\/?post_type=product&#038;p=147648"},"modified":"2023-01-17T19:33:45","modified_gmt":"2023-01-17T18:33:45","slug":"tour-privado-a-heidelberg-y-rothenburg-desde-frankfurt","status":"publish","type":"product","link":"https:\/\/tourtravelandmore.com\/es\/tours\/alemania-es\/frankfurt-es\/frankfurt-actividades-es\/tour-privado-a-heidelberg-y-rothenburg-desde-frankfurt\/","title":{"rendered":"Tour privado a Heidelberg y Rothenburg desde Frankfurt"},"content":{"rendered":"<h2><b>Descripci\u00f3n del Tour privado a Heidelberg y Rothenburg desde Frankfurt<\/b><\/h2>\n<p><span style=\"font-weight: 400;\">Descubra la gran ciudad de <\/span><b>Frankfurt<\/b><span style=\"font-weight: 400;\"> junto con un <\/span><b>conductor privado<\/b><span style=\"font-weight: 400;\"> y un <\/span><b>gu\u00eda tur\u00edstico oficial<\/b><span style=\"font-weight: 400;\"> en este <\/span><b>Tour privado a Heidelberg y Rothenburg desde Frankfurt.<\/b><\/p>\n<p><span style=\"font-weight: 400;\">Descubra los tesoros del sur de Alemania en este <\/span><b>Tour privado a Heidelberg y Rothenburg desde Frankfurt.<\/b><span style=\"font-weight: 400;\"> Salga de <\/span><b>Frankfurt <\/b><span style=\"font-weight: 400;\">en un viaje panor\u00e1mico hasta la ribera de <\/span><b>Heidelberg<\/b><span style=\"font-weight: 400;\">, donde podr\u00e1 admirar los impresionantes lugares de la ciudad, desde las ruinas del <\/span><b>Castillo de Heidelberg<\/b><span style=\"font-weight: 400;\"> hasta la bulliciosa universidad de la ciudad.\u00a0<\/span><\/p>\n<p><span style=\"font-weight: 400;\">A continuaci\u00f3n, viaje por la <\/span><b>Ruta Alemana de los Castillos<\/b><span style=\"font-weight: 400;\"> hasta la ciudad amurallada de Rothenberg para admirar casas medievales bellamente conservadas y atracciones renacentistas como la <\/span><b>Iglesia de San Jacobo.<\/b><\/p>\n<p><span style=\"font-weight: 400;\">Su conductor privado y gu\u00eda tur\u00edstico oficial estar\u00e1n a su completa disposici\u00f3n durante el recorrido para que su experiencia sea \u00fanica. Conocen la ciudad como la palma de su mano.<\/span><\/p>\n<h2><b>Puntos de inter\u00e9s\u00a0<\/b><\/h2>\n<p><span style=\"font-weight: 400;\">Este tour privado comenzar\u00e1 en su lugar deseado en <\/span><b>Frankfurt<\/b><span style=\"font-weight: 400;\">. Su conductor y gu\u00eda privado lo recoger\u00e1n a la hora deseada para comenzar su experiencia.<\/span><\/p>\n<p><span style=\"font-weight: 400;\">Nuestro viaje comenzar\u00e1 con una maravillosa excursi\u00f3n matinal a la rom\u00e1ntica <\/span><b>Heidelberg<\/b><span style=\"font-weight: 400;\">. Conocida como una de las ciudades m\u00e1s bellas de <\/span><b>Alemania<\/b><span style=\"font-weight: 400;\">, <\/span><b>Heidelberg <\/b><span style=\"font-weight: 400;\">est\u00e1 situada a orillas del r\u00edo <\/span><b>Neckar <\/b><span style=\"font-weight: 400;\">y es una de las favoritas de los turistas internacionales. Explore el mundialmente famoso <\/span><b>castillo <\/b><span style=\"font-weight: 400;\">(parcialmente en ruinas) con sus impresionantes edificios g\u00f3ticos y renacentistas. Le mostraremos el gran patio, la imponente terraza y uno de los mayores barriles de vino del mundo: <\/span><b>el &#8220;Heidelberg Tun&#8221;.\u00a0<\/b><\/p>\n<p><span style=\"font-weight: 400;\">Pasee por el centro medieval de la ciudad y admire<\/span><b> el Puente Viejo, Karlstor, la Iglesia del Esp\u00edritu Santo, la Casa de los Caballeros <\/b><span style=\"font-weight: 400;\">con su preciosa fachada renacentista y las peque\u00f1as callejuelas con casas de entramado de madera. En la ciudad se encuentra la universidad m\u00e1s antigua de Alemania.<\/span><\/p>\n<p><span style=\"font-weight: 400;\">Contin\u00fae por la<\/span><b> Ruta Rom\u00e1ntica<\/b><span style=\"font-weight: 400;\"> hasta la ciudad medieval mejor conservada de <\/span><b>Alemania<\/b><span style=\"font-weight: 400;\">: <\/span><b>Rothenburg<\/b><span style=\"font-weight: 400;\">, situada en lo alto del valle del r\u00edo Tauber. Pasee por las pintorescas calles antiguas y el parque del castillo: vea la <strong>Iglesia de Santiago<\/strong> con el altar tallado por <strong>Tilman Riemenschneider<\/strong>. Admire las casas con entramado de madera, la puerta de la ciudad y el imponente ayuntamiento renacentista.<\/span><\/p>\n<p><span style=\"font-weight: 400;\">Puede disfrutar de la comida tradicional alemana en muchos restaurantes agradables, pero no olvide probar la &#8220;<\/span><b>Schneeball<\/b><span style=\"font-weight: 400;\">&#8220;, una bola de masa frita con diversos rellenos.<\/span><\/p>\n<p><span style=\"font-weight: 400;\">Tambi\u00e9n podemos organizar <\/span><a href=\"https:\/\/tourtravelandmore.com\/es\/tours\/alemania-es\/frankfurt-es\/frankfurt-actividades-es\/tour-privado-a-pie-por-frankfurt\/\"><span style=\"font-weight: 400;\">recorridos privados a pie<\/span><\/a><span style=\"font-weight: 400;\">, excursiones de un d\u00eda y traslados privados. P\u00f3ngase en contacto con nosotros para una experiencia privada personalizada en Frankfurt.<\/span><\/p>\n<p><span style=\"font-weight: 400;\">Esta es una experiencia hecha a medida. La hora de inicio, la duraci\u00f3n y el itinerario se adaptan completamente a sus deseos personales.<\/span><\/p>\n<p><b>Finalmente, al final del recorrido, su conductor privado y gu\u00eda tur\u00edstico oficial lo llevar\u00e1n de regreso a su hotel o punto de partida.<\/b><\/p>\n","protected":false},"excerpt":{"rendered":"<p><span style=\"font-weight: 400;\">Descubra los tesoros del sur de Alemania en este <\/span><b>Tour privado a Heidelberg y Rothenburg desde Frankfurt.<\/b><span style=\"font-weight: 400;\"> Salga de <\/span><b>Frankfurt <\/b><span style=\"font-weight: 400;\">en un viaje panor\u00e1mico hasta la ribera de <\/span><b>Heidelberg<\/b><span style=\"font-weight: 400;\">, donde podr\u00e1 admirar los impresionantes lugares de la ciudad, desde las ruinas del <\/span><b>Castillo de Heidelberg<\/b><span style=\"font-weight: 400;\"> hasta la bulliciosa universidad de la ciudad.\u00a0<\/span><\/p>\n","protected":false},"featured_media":147679,"comment_status":"open","ping_status":"closed","template":"","meta":{"_acf_changed":false},"product_brand":[],"product_cat":[2650,2651,2652],"product_tag":[],"class_list":{"0":"post-147648","1":"product","2":"type-product","3":"status-publish","4":"has-post-thumbnail","6":"product_cat-frankfurt-es","7":"product_cat-frankfurt-actividades-es","8":"product_cat-frankfurt-tours-privados-es","10":"first","11":"instock","12":"shipping-taxable","13":"purchasable","14":"product-type-simple"},"acf":[],"yoast_head":"<!-- This site is optimized with the Yoast SEO Premium plugin v25.3.1 (Yoast SEO v25.3.1) - https:\/\/yoast.com\/wordpress\/plugins\/seo\/ -->\n<title>Tour privado a Heidelberg y Rothenburg desde Frankfurt | TTM<\/title>\n<meta name=\"description\" content=\"\u2192 Descubre la maravillosa ciudad de Frankfurt durante este Tour Privado a Heidelberg y Rothenburg desde Frankfurt. Viaje con nosotros \u2705.\" \/>\n<meta name=\"robots\" content=\"index, follow, max-snippet:-1, max-image-preview:large, max-video-preview:-1\" \/>\n<link rel=\"canonical\" href=\"https:\/\/tourtravelandmore.com\/es\/tours\/alemania-es\/frankfurt-es\/frankfurt-actividades-es\/tour-privado-a-heidelberg-y-rothenburg-desde-frankfurt\/\" \/>\n<meta property=\"og:locale\" content=\"es_ES\" \/>\n<meta property=\"og:type\" content=\"article\" \/>\n<meta property=\"og:title\" content=\"Tour privado a Heidelberg y Rothenburg desde Frankfurt\" \/>\n<meta property=\"og:description\" content=\"\u2192 Descubre la maravillosa ciudad de Frankfurt durante este Tour Privado a Heidelberg y Rothenburg desde Frankfurt. Viaje con nosotros \u2705.\" \/>\n<meta property=\"og:url\" content=\"https:\/\/tourtravelandmore.com\/es\/tours\/alemania-es\/frankfurt-es\/frankfurt-actividades-es\/tour-privado-a-heidelberg-y-rothenburg-desde-frankfurt\/\" \/>\n<meta property=\"og:site_name\" content=\"Tour Travel And More\" \/>\n<meta property=\"article:publisher\" content=\"https:\/\/www.facebook.com\/tourtravelandmore\/\" \/>\n<meta property=\"article:modified_time\" content=\"2023-01-17T18:33:45+00:00\" \/>\n<meta property=\"og:image\" content=\"https:\/\/tourtravelandmore.com\/wp-content\/uploads\/2022\/12\/landscape-g65e0c280f_1280-1.jpg\" \/>\n\t<meta property=\"og:image:width\" content=\"1280\" \/>\n\t<meta property=\"og:image:height\" content=\"720\" \/>\n\t<meta property=\"og:image:type\" content=\"image\/jpeg\" \/>\n<meta name=\"twitter:card\" content=\"summary_large_image\" \/>\n<meta name=\"twitter:site\" content=\"@TourTravel_More\" \/>\n<meta name=\"twitter:label1\" content=\"Tiempo de lectura\" \/>\n\t<meta name=\"twitter:data1\" content=\"2 minutos\" \/>\n<script type=\"application\/ld+json\" class=\"yoast-schema-graph\">{\"@context\":\"https:\/\/schema.org\",\"@graph\":[{\"@type\":\"WebPage\",\"@id\":\"https:\/\/tourtravelandmore.com\/es\/tours\/alemania-es\/frankfurt-es\/frankfurt-actividades-es\/tour-privado-a-heidelberg-y-rothenburg-desde-frankfurt\/\",\"url\":\"https:\/\/tourtravelandmore.com\/es\/tours\/alemania-es\/frankfurt-es\/frankfurt-actividades-es\/tour-privado-a-heidelberg-y-rothenburg-desde-frankfurt\/\",\"name\":\"Tour privado a Heidelberg y Rothenburg desde Frankfurt | TTM\",\"isPartOf\":{\"@id\":\"https:\/\/tourtravelandmore.com\/es\/#website\"},\"primaryImageOfPage\":{\"@id\":\"https:\/\/tourtravelandmore.com\/es\/tours\/alemania-es\/frankfurt-es\/frankfurt-actividades-es\/tour-privado-a-heidelberg-y-rothenburg-desde-frankfurt\/#primaryimage\"},\"image\":{\"@id\":\"https:\/\/tourtravelandmore.com\/es\/tours\/alemania-es\/frankfurt-es\/frankfurt-actividades-es\/tour-privado-a-heidelberg-y-rothenburg-desde-frankfurt\/#primaryimage\"},\"thumbnailUrl\":\"https:\/\/tourtravelandmore.com\/wp-content\/uploads\/2022\/12\/landscape-g65e0c280f_1280-1.jpg\",\"datePublished\":\"2022-12-22T16:34:25+00:00\",\"dateModified\":\"2023-01-17T18:33:45+00:00\",\"description\":\"\u2192 Descubre la maravillosa ciudad de Frankfurt durante este Tour Privado a Heidelberg y Rothenburg desde Frankfurt. Viaje con nosotros \u2705.\",\"breadcrumb\":{\"@id\":\"https:\/\/tourtravelandmore.com\/es\/tours\/alemania-es\/frankfurt-es\/frankfurt-actividades-es\/tour-privado-a-heidelberg-y-rothenburg-desde-frankfurt\/#breadcrumb\"},\"inLanguage\":\"es\",\"potentialAction\":[{\"@type\":\"ReadAction\",\"target\":[\"https:\/\/tourtravelandmore.com\/es\/tours\/alemania-es\/frankfurt-es\/frankfurt-actividades-es\/tour-privado-a-heidelberg-y-rothenburg-desde-frankfurt\/\"]}]},{\"@type\":\"ImageObject\",\"inLanguage\":\"es\",\"@id\":\"https:\/\/tourtravelandmore.com\/es\/tours\/alemania-es\/frankfurt-es\/frankfurt-actividades-es\/tour-privado-a-heidelberg-y-rothenburg-desde-frankfurt\/#primaryimage\",\"url\":\"https:\/\/tourtravelandmore.com\/wp-content\/uploads\/2022\/12\/landscape-g65e0c280f_1280-1.jpg\",\"contentUrl\":\"https:\/\/tourtravelandmore.com\/wp-content\/uploads\/2022\/12\/landscape-g65e0c280f_1280-1.jpg\",\"width\":1280,\"height\":720,\"caption\":\"Tour privado a Heidelberg y Rothenburg desde Frankfurt\"},{\"@type\":\"BreadcrumbList\",\"@id\":\"https:\/\/tourtravelandmore.com\/es\/tours\/alemania-es\/frankfurt-es\/frankfurt-actividades-es\/tour-privado-a-heidelberg-y-rothenburg-desde-frankfurt\/#breadcrumb\",\"itemListElement\":[{\"@type\":\"ListItem\",\"position\":1,\"name\":\"Home\",\"item\":\"https:\/\/tourtravelandmore.com\/es\/\"},{\"@type\":\"ListItem\",\"position\":2,\"name\":\"Tours\",\"item\":\"https:\/\/tourtravelandmore.com\/es\/tours\/\"},{\"@type\":\"ListItem\",\"position\":3,\"name\":\"Tour privado a Heidelberg y Rothenburg desde Frankfurt\"}]},{\"@type\":\"WebSite\",\"@id\":\"https:\/\/tourtravelandmore.com\/es\/#website\",\"url\":\"https:\/\/tourtravelandmore.com\/es\/\",\"name\":\"Tour Travel And More\",\"description\":\"Private sightseeing tours and luxury transfers in Spain\",\"publisher\":{\"@id\":\"https:\/\/tourtravelandmore.com\/es\/#organization\"},\"potentialAction\":[{\"@type\":\"SearchAction\",\"target\":{\"@type\":\"EntryPoint\",\"urlTemplate\":\"https:\/\/tourtravelandmore.com\/es\/?s={search_term_string}\"},\"query-input\":{\"@type\":\"PropertyValueSpecification\",\"valueRequired\":true,\"valueName\":\"search_term_string\"}}],\"inLanguage\":\"es\"},{\"@type\":\"Organization\",\"@id\":\"https:\/\/tourtravelandmore.com\/es\/#organization\",\"name\":\"Tour Travel And More\",\"url\":\"https:\/\/tourtravelandmore.com\/es\/\",\"logo\":{\"@type\":\"ImageObject\",\"inLanguage\":\"es\",\"@id\":\"https:\/\/tourtravelandmore.com\/es\/#\/schema\/logo\/image\/\",\"url\":\"https:\/\/tourtravelandmore.com\/wp-content\/uploads\/2022\/12\/cropped-logo-cabecera-new.png\",\"contentUrl\":\"https:\/\/tourtravelandmore.com\/wp-content\/uploads\/2022\/12\/cropped-logo-cabecera-new.png\",\"width\":430,\"height\":61,\"caption\":\"Tour Travel And More\"},\"image\":{\"@id\":\"https:\/\/tourtravelandmore.com\/es\/#\/schema\/logo\/image\/\"},\"sameAs\":[\"https:\/\/www.facebook.com\/tourtravelandmore\/\",\"https:\/\/x.com\/TourTravel_More\"]}]}<\/script>\n<!-- \/ Yoast SEO Premium plugin. -->","yoast_head_json":{"title":"Tour privado a Heidelberg y Rothenburg desde Frankfurt | TTM","description":"\u2192 Descubre la maravillosa ciudad de Frankfurt durante este Tour Privado a Heidelberg y Rothenburg desde Frankfurt. Viaje con nosotros \u2705.","robots":{"index":"index","follow":"follow","max-snippet":"max-snippet:-1","max-image-preview":"max-image-preview:large","max-video-preview":"max-video-preview:-1"},"canonical":"https:\/\/tourtravelandmore.com\/es\/tours\/alemania-es\/frankfurt-es\/frankfurt-actividades-es\/tour-privado-a-heidelberg-y-rothenburg-desde-frankfurt\/","og_locale":"es_ES","og_type":"article","og_title":"Tour privado a Heidelberg y Rothenburg desde Frankfurt","og_description":"\u2192 Descubre la maravillosa ciudad de Frankfurt durante este Tour Privado a Heidelberg y Rothenburg desde Frankfurt. Viaje con nosotros \u2705.","og_url":"https:\/\/tourtravelandmore.com\/es\/tours\/alemania-es\/frankfurt-es\/frankfurt-actividades-es\/tour-privado-a-heidelberg-y-rothenburg-desde-frankfurt\/","og_site_name":"Tour Travel And More","article_publisher":"https:\/\/www.facebook.com\/tourtravelandmore\/","article_modified_time":"2023-01-17T18:33:45+00:00","og_image":[{"width":1280,"height":720,"url":"https:\/\/tourtravelandmore.com\/wp-content\/uploads\/2022\/12\/landscape-g65e0c280f_1280-1.jpg","type":"image\/jpeg"}],"twitter_card":"summary_large_image","twitter_site":"@TourTravel_More","twitter_misc":{"Tiempo de lectura":"2 minutos"},"schema":{"@context":"https:\/\/schema.org","@graph":[{"@type":"WebPage","@id":"https:\/\/tourtravelandmore.com\/es\/tours\/alemania-es\/frankfurt-es\/frankfurt-actividades-es\/tour-privado-a-heidelberg-y-rothenburg-desde-frankfurt\/","url":"https:\/\/tourtravelandmore.com\/es\/tours\/alemania-es\/frankfurt-es\/frankfurt-actividades-es\/tour-privado-a-heidelberg-y-rothenburg-desde-frankfurt\/","name":"Tour privado a Heidelberg y Rothenburg desde Frankfurt | TTM","isPartOf":{"@id":"https:\/\/tourtravelandmore.com\/es\/#website"},"primaryImageOfPage":{"@id":"https:\/\/tourtravelandmore.com\/es\/tours\/alemania-es\/frankfurt-es\/frankfurt-actividades-es\/tour-privado-a-heidelberg-y-rothenburg-desde-frankfurt\/#primaryimage"},"image":{"@id":"https:\/\/tourtravelandmore.com\/es\/tours\/alemania-es\/frankfurt-es\/frankfurt-actividades-es\/tour-privado-a-heidelberg-y-rothenburg-desde-frankfurt\/#primaryimage"},"thumbnailUrl":"https:\/\/tourtravelandmore.com\/wp-content\/uploads\/2022\/12\/landscape-g65e0c280f_1280-1.jpg","datePublished":"2022-12-22T16:34:25+00:00","dateModified":"2023-01-17T18:33:45+00:00","description":"\u2192 Descubre la maravillosa ciudad de Frankfurt durante este Tour Privado a Heidelberg y Rothenburg desde Frankfurt. Viaje con nosotros \u2705.","breadcrumb":{"@id":"https:\/\/tourtravelandmore.com\/es\/tours\/alemania-es\/frankfurt-es\/frankfurt-actividades-es\/tour-privado-a-heidelberg-y-rothenburg-desde-frankfurt\/#breadcrumb"},"inLanguage":"es","potentialAction":[{"@type":"ReadAction","target":["https:\/\/tourtravelandmore.com\/es\/tours\/alemania-es\/frankfurt-es\/frankfurt-actividades-es\/tour-privado-a-heidelberg-y-rothenburg-desde-frankfurt\/"]}]},{"@type":"ImageObject","inLanguage":"es","@id":"https:\/\/tourtravelandmore.com\/es\/tours\/alemania-es\/frankfurt-es\/frankfurt-actividades-es\/tour-privado-a-heidelberg-y-rothenburg-desde-frankfurt\/#primaryimage","url":"https:\/\/tourtravelandmore.com\/wp-content\/uploads\/2022\/12\/landscape-g65e0c280f_1280-1.jpg","contentUrl":"https:\/\/tourtravelandmore.com\/wp-content\/uploads\/2022\/12\/landscape-g65e0c280f_1280-1.jpg","width":1280,"height":720,"caption":"Tour privado a Heidelberg y Rothenburg desde Frankfurt"},{"@type":"BreadcrumbList","@id":"https:\/\/tourtravelandmore.com\/es\/tours\/alemania-es\/frankfurt-es\/frankfurt-actividades-es\/tour-privado-a-heidelberg-y-rothenburg-desde-frankfurt\/#breadcrumb","itemListElement":[{"@type":"ListItem","position":1,"name":"Home","item":"https:\/\/tourtravelandmore.com\/es\/"},{"@type":"ListItem","position":2,"name":"Tours","item":"https:\/\/tourtravelandmore.com\/es\/tours\/"},{"@type":"ListItem","position":3,"name":"Tour privado a Heidelberg y Rothenburg desde Frankfurt"}]},{"@type":"WebSite","@id":"https:\/\/tourtravelandmore.com\/es\/#website","url":"https:\/\/tourtravelandmore.com\/es\/","name":"Tour Travel And More","description":"Private sightseeing tours and luxury transfers in Spain","publisher":{"@id":"https:\/\/tourtravelandmore.com\/es\/#organization"},"potentialAction":[{"@type":"SearchAction","target":{"@type":"EntryPoint","urlTemplate":"https:\/\/tourtravelandmore.com\/es\/?s={search_term_string}"},"query-input":{"@type":"PropertyValueSpecification","valueRequired":true,"valueName":"search_term_string"}}],"inLanguage":"es"},{"@type":"Organization","@id":"https:\/\/tourtravelandmore.com\/es\/#organization","name":"Tour Travel And More","url":"https:\/\/tourtravelandmore.com\/es\/","logo":{"@type":"ImageObject","inLanguage":"es","@id":"https:\/\/tourtravelandmore.com\/es\/#\/schema\/logo\/image\/","url":"https:\/\/tourtravelandmore.com\/wp-content\/uploads\/2022\/12\/cropped-logo-cabecera-new.png","contentUrl":"https:\/\/tourtravelandmore.com\/wp-content\/uploads\/2022\/12\/cropped-logo-cabecera-new.png","width":430,"height":61,"caption":"Tour Travel And More"},"image":{"@id":"https:\/\/tourtravelandmore.com\/es\/#\/schema\/logo\/image\/"},"sameAs":["https:\/\/www.facebook.com\/tourtravelandmore\/","https:\/\/x.com\/TourTravel_More"]}]}},"_links":{"self":[{"href":"https:\/\/tourtravelandmore.com\/es\/wp-json\/wp\/v2\/product\/147648","targetHints":{"allow":["GET"]}}],"collection":[{"href":"https:\/\/tourtravelandmore.com\/es\/wp-json\/wp\/v2\/product"}],"about":[{"href":"https:\/\/tourtravelandmore.com\/es\/wp-json\/wp\/v2\/types\/product"}],"replies":[{"embeddable":true,"href":"https:\/\/tourtravelandmore.com\/es\/wp-json\/wp\/v2\/comments?post=147648"}],"wp:featuredmedia":[{"embeddable":true,"href":"https:\/\/tourtravelandmore.com\/es\/wp-json\/wp\/v2\/media\/147679"}],"wp:attachment":[{"href":"https:\/\/tourtravelandmore.com\/es\/wp-json\/wp\/v2\/media?parent=147648"}],"wp:term":[{"taxonomy":"product_brand","embeddable":true,"href":"https:\/\/tourtravelandmore.com\/es\/wp-json\/wp\/v2\/product_brand?post=147648"},{"taxonomy":"product_cat","embeddable":true,"href":"https:\/\/tourtravelandmore.com\/es\/wp-json\/wp\/v2\/product_cat?post=147648"},{"taxonomy":"product_tag","embeddable":true,"href":"https:\/\/tourtravelandmore.com\/es\/wp-json\/wp\/v2\/product_tag?post=147648"}],"curies":[{"name":"wp","href":"https:\/\/api.w.org\/{rel}","templated":true}]}}