{"id":147462,"date":"2022-12-21T19:31:10","date_gmt":"2022-12-21T18:31:11","guid":{"rendered":"https:\/\/tourtravelandmore.com\/?post_type=product&#038;p=147462"},"modified":"2023-05-19T16:51:15","modified_gmt":"2023-05-19T14:51:15","slug":"tour-privado-a-heidelberg-desde-frankfurt","status":"publish","type":"product","link":"https:\/\/tourtravelandmore.com\/es\/tours\/alemania-es\/frankfurt-es\/frankfurt-actividades-es\/tour-privado-a-heidelberg-desde-frankfurt\/","title":{"rendered":"Tour privado a Heidelberg desde Frankfurt"},"content":{"rendered":"<h2><strong>Descripci\u00f3n del Tour privado a Heidelberg desde Frankfurt<\/strong><\/h2>\n<p><span style=\"font-weight: 400;\">Descubra la gran ciudad de <\/span><b>Frankfurt<\/b><span style=\"font-weight: 400;\"> junto con un <\/span><b>conductor privado<\/b><span style=\"font-weight: 400;\"> y un <\/span><b>gu\u00eda tur\u00edstico oficial<\/b><span style=\"font-weight: 400;\"> en este <\/span><b>Tour privado a Heidelberg desde Frankfurt.<\/b><\/p>\n<p><b>Frankfurt<\/b><span style=\"font-weight: 400;\"> es la quinta ciudad m\u00e1s grande de Alemania y est\u00e1 ubicada en el r\u00edo Main. Frankfurt es la capital financiera de <\/span><b>Europa continental <\/b><span style=\"font-weight: 400;\">y el centro de transporte de <\/span><b>Alemania<\/b><span style=\"font-weight: 400;\">.<\/span><\/p>\n<p><span style=\"font-weight: 400;\">Esc\u00e1pate del bullicio de <\/span><b>Frankfurt <\/b><span style=\"font-weight: 400;\">con una excursi\u00f3n de medio d\u00eda a la bella <\/span><b>Heidelberg<\/b><span style=\"font-weight: 400;\">, a orillas del r\u00edo. Realice el corto trayecto en autob\u00fas hacia el sur y, a continuaci\u00f3n, pase horas explorando la ciudad medieval en compa\u00f1\u00eda de un gu\u00eda experto. Escuche an\u00e9cdotas hist\u00f3ricas mientras recorre el casco antiguo y visita las ruinas del <\/span><b>castillo de Heidelberg<\/b><span style=\"font-weight: 400;\">.<\/span><\/p>\n<p><span style=\"font-weight: 400;\">Su conductor privado y gu\u00eda tur\u00edstico oficial estar\u00e1n a su completa disposici\u00f3n durante el recorrido para que su experiencia sea \u00fanica. Conocen la ciudad como la palma de su mano.<\/span><\/p>\n<h2><b>Puntos de inter\u00e9s\u00a0<\/b><\/h2>\n<p><span style=\"font-weight: 400;\">Este tour privado comenzar\u00e1 en su lugar deseado en <\/span><b>Frankfurt<\/b><span style=\"font-weight: 400;\">. Su conductor y gu\u00eda privado lo recoger\u00e1n a la hora deseada para comenzar su experiencia.<\/span><\/p>\n<p><span style=\"font-weight: 400;\">A\u00f1ada un poco de elegancia pueblerina a sus vacaciones en <\/span><b>Frankfurt <\/b><span style=\"font-weight: 400;\">con una excursi\u00f3n de medio d\u00eda a <\/span><b>Heidelberg<\/b><span style=\"font-weight: 400;\">. Elija la hora de salida por la ma\u00f1ana o por la tarde, re\u00fanase con su amable gu\u00eda en el centro de <\/span><b>Frankfurt <\/b><span style=\"font-weight: 400;\">y suba al autocar para adentrarse en la regi\u00f3n de <\/span><b>Baden-Wurtemberg<\/b><span style=\"font-weight: 400;\">. Pronto llegar\u00e1 a la bella <\/span><b>Heidelberg<\/b><span style=\"font-weight: 400;\">, un mosaico de edificios renacentistas y tejados rojizos con el verde de las colinas como tel\u00f3n de fondo.\u00a0<\/span><\/p>\n<p>Tendr\u00e1s la oportunidad de ver bellos lugares en Heidelberg como:<\/p>\n<p><strong>Admirar el Castillo de Heidelberg<\/strong>: Marav\u00edllate ante el renombrado Castillo de Heidelberg, unas impresionantes ruinas encaramadas sobre la ciudad. Admire su grandeza desde el exterior y aprecie las vistas panor\u00e1micas que ofrece de Heidelberg.<\/p>\n<p><strong>Paseo de los Fil\u00f3sofos<\/strong>: Pasee tranquilamente por el Paseo de los Fil\u00f3sofos, un pintoresco sendero en la orilla norte del r\u00edo Neckar. Disfrute de hermosas vistas de la ciudad, el r\u00edo y las colinas circundantes mientras sigue los pasos de famosos fil\u00f3sofos y eruditos.<\/p>\n<p><strong>Visite el casco antiguo:<\/strong> Descubra el encantador casco antiguo de Heidelberg (Altstadt), con sus calles empedradas, pintorescas plazas y edificios hist\u00f3ricos. Explore la Hauptstrasse, una de las calles peatonales m\u00e1s largas de Europa, repleta de tiendas, caf\u00e9s y restaurantes.<\/p>\n<p><span style=\"font-weight: 400;\">Como se detalla anteriormente, esta es una experiencia privada y personalizada. Nuestros expertos en viajes lo ayudar\u00e1n a organizar su recorrido privado por Frankfurt seg\u00fan sus gustos personales.<\/span><\/p>\n<p><span style=\"font-weight: 400;\">Tambi\u00e9n podemos organizar <\/span><a href=\"https:\/\/tourtravelandmore.com\/es\/tours\/alemania-es\/frankfurt-es\/frankfurt-actividades-es\/tour-privado-a-pie-por-frankfurt\/\"><span style=\"font-weight: 400;\">recorridos privados a pie<\/span><\/a><span style=\"font-weight: 400;\">, excursiones de un d\u00eda y traslados privados. P\u00f3ngase en contacto con nosotros para una experiencia privada personalizada en Frankfurt.<\/span><\/p>\n<p><span style=\"font-weight: 400;\">Esta es una experiencia hecha a medida. La hora de inicio, la duraci\u00f3n y el itinerario se adaptan completamente a sus deseos personales.<\/span><\/p>\n<p><b>Finalmente, al final del recorrido, su conductor privado y gu\u00eda tur\u00edstico oficial lo llevar\u00e1n de regreso a su hotel o punto de partida.<\/b><\/p>\n","protected":false},"excerpt":{"rendered":"<p><span style=\"font-weight: 400;\">Esc\u00e1pate del bullicio de <\/span><b>Frankfurt <\/b><span style=\"font-weight: 400;\">con una excursi\u00f3n de medio d\u00eda a la bella <\/span><b>Heidelberg<\/b><span style=\"font-weight: 400;\">, a orillas del r\u00edo. Realice el corto trayecto en autob\u00fas hacia el sur y, a continuaci\u00f3n, pase horas explorando la ciudad medieval en compa\u00f1\u00eda de un gu\u00eda experto. Escuche an\u00e9cdotas hist\u00f3ricas mientras recorre el casco antiguo y visita las ruinas del <\/span><b>castillo de Heidelberg<\/b><span style=\"font-weight: 400;\">.<\/span><\/p>\n","protected":false},"featured_media":147490,"comment_status":"open","ping_status":"closed","template":"","meta":{"_acf_changed":false},"product_brand":[],"product_cat":[2650,2651,2652],"product_tag":[],"class_list":{"0":"post-147462","1":"product","2":"type-product","3":"status-publish","4":"has-post-thumbnail","6":"product_cat-frankfurt-es","7":"product_cat-frankfurt-actividades-es","8":"product_cat-frankfurt-tours-privados-es","10":"first","11":"instock","12":"shipping-taxable","13":"purchasable","14":"product-type-simple"},"acf":[],"yoast_head":"<!-- This site is optimized with the Yoast SEO Premium plugin v25.3.1 (Yoast SEO v25.3.1) - https:\/\/yoast.com\/wordpress\/plugins\/seo\/ -->\n<title>Tour privado a Heidelberg desde Frankfurt | Tour Travel &amp; More<\/title>\n<meta name=\"description\" content=\"\u2192Descubre la maravillosa ciudad de Frankfurt durante este Tour Privado de Heidelberg desde Frankfurtr. Conocer\u00e1 la historia de la ciudad \u2705.\" \/>\n<meta name=\"robots\" content=\"index, follow, max-snippet:-1, max-image-preview:large, max-video-preview:-1\" \/>\n<link rel=\"canonical\" href=\"https:\/\/tourtravelandmore.com\/es\/tours\/alemania-es\/frankfurt-es\/frankfurt-actividades-es\/tour-privado-a-heidelberg-desde-frankfurt\/\" \/>\n<meta property=\"og:locale\" content=\"es_ES\" \/>\n<meta property=\"og:type\" content=\"article\" \/>\n<meta property=\"og:title\" content=\"Tour privado a Heidelberg desde Frankfurt\" \/>\n<meta property=\"og:description\" content=\"\u2192Descubre la maravillosa ciudad de Frankfurt durante este Tour Privado de Heidelberg desde Frankfurtr. Conocer\u00e1 la historia de la ciudad \u2705.\" \/>\n<meta property=\"og:url\" content=\"https:\/\/tourtravelandmore.com\/es\/tours\/alemania-es\/frankfurt-es\/frankfurt-actividades-es\/tour-privado-a-heidelberg-desde-frankfurt\/\" \/>\n<meta property=\"og:site_name\" content=\"Tour Travel And More\" \/>\n<meta property=\"article:publisher\" content=\"https:\/\/www.facebook.com\/tourtravelandmore\/\" \/>\n<meta property=\"article:modified_time\" content=\"2023-05-19T14:51:15+00:00\" \/>\n<meta property=\"og:image\" content=\"https:\/\/tourtravelandmore.com\/wp-content\/uploads\/2022\/12\/castle-g899c9e937_1920.jpg\" \/>\n\t<meta property=\"og:image:width\" content=\"1920\" \/>\n\t<meta property=\"og:image:height\" content=\"1080\" \/>\n\t<meta property=\"og:image:type\" content=\"image\/jpeg\" \/>\n<meta name=\"twitter:card\" content=\"summary_large_image\" \/>\n<meta name=\"twitter:site\" content=\"@TourTravel_More\" \/>\n<meta name=\"twitter:label1\" content=\"Tiempo de lectura\" \/>\n\t<meta name=\"twitter:data1\" content=\"3 minutos\" \/>\n<script type=\"application\/ld+json\" class=\"yoast-schema-graph\">{\"@context\":\"https:\/\/schema.org\",\"@graph\":[{\"@type\":\"WebPage\",\"@id\":\"https:\/\/tourtravelandmore.com\/es\/tours\/alemania-es\/frankfurt-es\/frankfurt-actividades-es\/tour-privado-a-heidelberg-desde-frankfurt\/\",\"url\":\"https:\/\/tourtravelandmore.com\/es\/tours\/alemania-es\/frankfurt-es\/frankfurt-actividades-es\/tour-privado-a-heidelberg-desde-frankfurt\/\",\"name\":\"Tour privado a Heidelberg desde Frankfurt | Tour Travel & More\",\"isPartOf\":{\"@id\":\"https:\/\/tourtravelandmore.com\/es\/#website\"},\"primaryImageOfPage\":{\"@id\":\"https:\/\/tourtravelandmore.com\/es\/tours\/alemania-es\/frankfurt-es\/frankfurt-actividades-es\/tour-privado-a-heidelberg-desde-frankfurt\/#primaryimage\"},\"image\":{\"@id\":\"https:\/\/tourtravelandmore.com\/es\/tours\/alemania-es\/frankfurt-es\/frankfurt-actividades-es\/tour-privado-a-heidelberg-desde-frankfurt\/#primaryimage\"},\"thumbnailUrl\":\"https:\/\/tourtravelandmore.com\/wp-content\/uploads\/2022\/12\/castle-g899c9e937_1920.jpg\",\"datePublished\":\"2022-12-21T18:31:11+00:00\",\"dateModified\":\"2023-05-19T14:51:15+00:00\",\"description\":\"\u2192Descubre la maravillosa ciudad de Frankfurt durante este Tour Privado de Heidelberg desde Frankfurtr. Conocer\u00e1 la historia de la ciudad \u2705.\",\"breadcrumb\":{\"@id\":\"https:\/\/tourtravelandmore.com\/es\/tours\/alemania-es\/frankfurt-es\/frankfurt-actividades-es\/tour-privado-a-heidelberg-desde-frankfurt\/#breadcrumb\"},\"inLanguage\":\"es\",\"potentialAction\":[{\"@type\":\"ReadAction\",\"target\":[\"https:\/\/tourtravelandmore.com\/es\/tours\/alemania-es\/frankfurt-es\/frankfurt-actividades-es\/tour-privado-a-heidelberg-desde-frankfurt\/\"]}]},{\"@type\":\"ImageObject\",\"inLanguage\":\"es\",\"@id\":\"https:\/\/tourtravelandmore.com\/es\/tours\/alemania-es\/frankfurt-es\/frankfurt-actividades-es\/tour-privado-a-heidelberg-desde-frankfurt\/#primaryimage\",\"url\":\"https:\/\/tourtravelandmore.com\/wp-content\/uploads\/2022\/12\/castle-g899c9e937_1920.jpg\",\"contentUrl\":\"https:\/\/tourtravelandmore.com\/wp-content\/uploads\/2022\/12\/castle-g899c9e937_1920.jpg\",\"width\":1920,\"height\":1080},{\"@type\":\"BreadcrumbList\",\"@id\":\"https:\/\/tourtravelandmore.com\/es\/tours\/alemania-es\/frankfurt-es\/frankfurt-actividades-es\/tour-privado-a-heidelberg-desde-frankfurt\/#breadcrumb\",\"itemListElement\":[{\"@type\":\"ListItem\",\"position\":1,\"name\":\"Home\",\"item\":\"https:\/\/tourtravelandmore.com\/es\/\"},{\"@type\":\"ListItem\",\"position\":2,\"name\":\"Tours\",\"item\":\"https:\/\/tourtravelandmore.com\/es\/tours\/\"},{\"@type\":\"ListItem\",\"position\":3,\"name\":\"Tour privado a Heidelberg desde Frankfurt\"}]},{\"@type\":\"WebSite\",\"@id\":\"https:\/\/tourtravelandmore.com\/es\/#website\",\"url\":\"https:\/\/tourtravelandmore.com\/es\/\",\"name\":\"Tour Travel And More\",\"description\":\"Private sightseeing tours and luxury transfers in Spain\",\"publisher\":{\"@id\":\"https:\/\/tourtravelandmore.com\/es\/#organization\"},\"potentialAction\":[{\"@type\":\"SearchAction\",\"target\":{\"@type\":\"EntryPoint\",\"urlTemplate\":\"https:\/\/tourtravelandmore.com\/es\/?s={search_term_string}\"},\"query-input\":{\"@type\":\"PropertyValueSpecification\",\"valueRequired\":true,\"valueName\":\"search_term_string\"}}],\"inLanguage\":\"es\"},{\"@type\":\"Organization\",\"@id\":\"https:\/\/tourtravelandmore.com\/es\/#organization\",\"name\":\"Tour Travel And More\",\"url\":\"https:\/\/tourtravelandmore.com\/es\/\",\"logo\":{\"@type\":\"ImageObject\",\"inLanguage\":\"es\",\"@id\":\"https:\/\/tourtravelandmore.com\/es\/#\/schema\/logo\/image\/\",\"url\":\"https:\/\/tourtravelandmore.com\/wp-content\/uploads\/2022\/12\/cropped-logo-cabecera-new.png\",\"contentUrl\":\"https:\/\/tourtravelandmore.com\/wp-content\/uploads\/2022\/12\/cropped-logo-cabecera-new.png\",\"width\":430,\"height\":61,\"caption\":\"Tour Travel And More\"},\"image\":{\"@id\":\"https:\/\/tourtravelandmore.com\/es\/#\/schema\/logo\/image\/\"},\"sameAs\":[\"https:\/\/www.facebook.com\/tourtravelandmore\/\",\"https:\/\/x.com\/TourTravel_More\"]}]}<\/script>\n<!-- \/ Yoast SEO Premium plugin. -->","yoast_head_json":{"title":"Tour privado a Heidelberg desde Frankfurt | Tour Travel & More","description":"\u2192Descubre la maravillosa ciudad de Frankfurt durante este Tour Privado de Heidelberg desde Frankfurtr. Conocer\u00e1 la historia de la ciudad \u2705.","robots":{"index":"index","follow":"follow","max-snippet":"max-snippet:-1","max-image-preview":"max-image-preview:large","max-video-preview":"max-video-preview:-1"},"canonical":"https:\/\/tourtravelandmore.com\/es\/tours\/alemania-es\/frankfurt-es\/frankfurt-actividades-es\/tour-privado-a-heidelberg-desde-frankfurt\/","og_locale":"es_ES","og_type":"article","og_title":"Tour privado a Heidelberg desde Frankfurt","og_description":"\u2192Descubre la maravillosa ciudad de Frankfurt durante este Tour Privado de Heidelberg desde Frankfurtr. Conocer\u00e1 la historia de la ciudad \u2705.","og_url":"https:\/\/tourtravelandmore.com\/es\/tours\/alemania-es\/frankfurt-es\/frankfurt-actividades-es\/tour-privado-a-heidelberg-desde-frankfurt\/","og_site_name":"Tour Travel And More","article_publisher":"https:\/\/www.facebook.com\/tourtravelandmore\/","article_modified_time":"2023-05-19T14:51:15+00:00","og_image":[{"width":1920,"height":1080,"url":"https:\/\/tourtravelandmore.com\/wp-content\/uploads\/2022\/12\/castle-g899c9e937_1920.jpg","type":"image\/jpeg"}],"twitter_card":"summary_large_image","twitter_site":"@TourTravel_More","twitter_misc":{"Tiempo de lectura":"3 minutos"},"schema":{"@context":"https:\/\/schema.org","@graph":[{"@type":"WebPage","@id":"https:\/\/tourtravelandmore.com\/es\/tours\/alemania-es\/frankfurt-es\/frankfurt-actividades-es\/tour-privado-a-heidelberg-desde-frankfurt\/","url":"https:\/\/tourtravelandmore.com\/es\/tours\/alemania-es\/frankfurt-es\/frankfurt-actividades-es\/tour-privado-a-heidelberg-desde-frankfurt\/","name":"Tour privado a Heidelberg desde Frankfurt | Tour Travel & More","isPartOf":{"@id":"https:\/\/tourtravelandmore.com\/es\/#website"},"primaryImageOfPage":{"@id":"https:\/\/tourtravelandmore.com\/es\/tours\/alemania-es\/frankfurt-es\/frankfurt-actividades-es\/tour-privado-a-heidelberg-desde-frankfurt\/#primaryimage"},"image":{"@id":"https:\/\/tourtravelandmore.com\/es\/tours\/alemania-es\/frankfurt-es\/frankfurt-actividades-es\/tour-privado-a-heidelberg-desde-frankfurt\/#primaryimage"},"thumbnailUrl":"https:\/\/tourtravelandmore.com\/wp-content\/uploads\/2022\/12\/castle-g899c9e937_1920.jpg","datePublished":"2022-12-21T18:31:11+00:00","dateModified":"2023-05-19T14:51:15+00:00","description":"\u2192Descubre la maravillosa ciudad de Frankfurt durante este Tour Privado de Heidelberg desde Frankfurtr. Conocer\u00e1 la historia de la ciudad \u2705.","breadcrumb":{"@id":"https:\/\/tourtravelandmore.com\/es\/tours\/alemania-es\/frankfurt-es\/frankfurt-actividades-es\/tour-privado-a-heidelberg-desde-frankfurt\/#breadcrumb"},"inLanguage":"es","potentialAction":[{"@type":"ReadAction","target":["https:\/\/tourtravelandmore.com\/es\/tours\/alemania-es\/frankfurt-es\/frankfurt-actividades-es\/tour-privado-a-heidelberg-desde-frankfurt\/"]}]},{"@type":"ImageObject","inLanguage":"es","@id":"https:\/\/tourtravelandmore.com\/es\/tours\/alemania-es\/frankfurt-es\/frankfurt-actividades-es\/tour-privado-a-heidelberg-desde-frankfurt\/#primaryimage","url":"https:\/\/tourtravelandmore.com\/wp-content\/uploads\/2022\/12\/castle-g899c9e937_1920.jpg","contentUrl":"https:\/\/tourtravelandmore.com\/wp-content\/uploads\/2022\/12\/castle-g899c9e937_1920.jpg","width":1920,"height":1080},{"@type":"BreadcrumbList","@id":"https:\/\/tourtravelandmore.com\/es\/tours\/alemania-es\/frankfurt-es\/frankfurt-actividades-es\/tour-privado-a-heidelberg-desde-frankfurt\/#breadcrumb","itemListElement":[{"@type":"ListItem","position":1,"name":"Home","item":"https:\/\/tourtravelandmore.com\/es\/"},{"@type":"ListItem","position":2,"name":"Tours","item":"https:\/\/tourtravelandmore.com\/es\/tours\/"},{"@type":"ListItem","position":3,"name":"Tour privado a Heidelberg desde Frankfurt"}]},{"@type":"WebSite","@id":"https:\/\/tourtravelandmore.com\/es\/#website","url":"https:\/\/tourtravelandmore.com\/es\/","name":"Tour Travel And More","description":"Private sightseeing tours and luxury transfers in Spain","publisher":{"@id":"https:\/\/tourtravelandmore.com\/es\/#organization"},"potentialAction":[{"@type":"SearchAction","target":{"@type":"EntryPoint","urlTemplate":"https:\/\/tourtravelandmore.com\/es\/?s={search_term_string}"},"query-input":{"@type":"PropertyValueSpecification","valueRequired":true,"valueName":"search_term_string"}}],"inLanguage":"es"},{"@type":"Organization","@id":"https:\/\/tourtravelandmore.com\/es\/#organization","name":"Tour Travel And More","url":"https:\/\/tourtravelandmore.com\/es\/","logo":{"@type":"ImageObject","inLanguage":"es","@id":"https:\/\/tourtravelandmore.com\/es\/#\/schema\/logo\/image\/","url":"https:\/\/tourtravelandmore.com\/wp-content\/uploads\/2022\/12\/cropped-logo-cabecera-new.png","contentUrl":"https:\/\/tourtravelandmore.com\/wp-content\/uploads\/2022\/12\/cropped-logo-cabecera-new.png","width":430,"height":61,"caption":"Tour Travel And More"},"image":{"@id":"https:\/\/tourtravelandmore.com\/es\/#\/schema\/logo\/image\/"},"sameAs":["https:\/\/www.facebook.com\/tourtravelandmore\/","https:\/\/x.com\/TourTravel_More"]}]}},"_links":{"self":[{"href":"https:\/\/tourtravelandmore.com\/es\/wp-json\/wp\/v2\/product\/147462","targetHints":{"allow":["GET"]}}],"collection":[{"href":"https:\/\/tourtravelandmore.com\/es\/wp-json\/wp\/v2\/product"}],"about":[{"href":"https:\/\/tourtravelandmore.com\/es\/wp-json\/wp\/v2\/types\/product"}],"replies":[{"embeddable":true,"href":"https:\/\/tourtravelandmore.com\/es\/wp-json\/wp\/v2\/comments?post=147462"}],"wp:featuredmedia":[{"embeddable":true,"href":"https:\/\/tourtravelandmore.com\/es\/wp-json\/wp\/v2\/media\/147490"}],"wp:attachment":[{"href":"https:\/\/tourtravelandmore.com\/es\/wp-json\/wp\/v2\/media?parent=147462"}],"wp:term":[{"taxonomy":"product_brand","embeddable":true,"href":"https:\/\/tourtravelandmore.com\/es\/wp-json\/wp\/v2\/product_brand?post=147462"},{"taxonomy":"product_cat","embeddable":true,"href":"https:\/\/tourtravelandmore.com\/es\/wp-json\/wp\/v2\/product_cat?post=147462"},{"taxonomy":"product_tag","embeddable":true,"href":"https:\/\/tourtravelandmore.com\/es\/wp-json\/wp\/v2\/product_tag?post=147462"}],"curies":[{"name":"wp","href":"https:\/\/api.w.org\/{rel}","templated":true}]}}