{"id":147414,"date":"2022-12-21T17:14:33","date_gmt":"2022-12-21T16:14:36","guid":{"rendered":"https:\/\/tourtravelandmore.com\/?post_type=product&#038;p=147414"},"modified":"2023-02-03T16:28:13","modified_gmt":"2023-02-03T15:28:13","slug":"tour-privado-a-vinedos-valle-rhine-desde-frankfurt","status":"publish","type":"product","link":"https:\/\/tourtravelandmore.com\/es\/tours\/alemania-es\/frankfurt-es\/frankfurt-actividades-es\/tour-privado-a-vinedos-valle-rhine-desde-frankfurt\/","title":{"rendered":"Tour privado a vi\u00f1edos (Valle Rhine) desde Frankfurt"},"content":{"rendered":"<h2><strong>Descripci\u00f3n del Tour privado a vi\u00f1edos (Valle Rhine) desde Frankfurt<\/strong><\/h2>\n<p><span style=\"font-weight: 400;\">Descubra la gran ciudad de <\/span><b>Frankfurt<\/b><span style=\"font-weight: 400;\"> junto con un <\/span><b>conductor privado <\/b><span style=\"font-weight: 400;\">en este <\/span><b>Tour privado a vi\u00f1edos (Valle Rhine) desde Frankfurt.<\/b><\/p>\n<p><b>Frankfurt<\/b><span style=\"font-weight: 400;\"> es la quinta ciudad m\u00e1s grande de Alemania y est\u00e1 ubicada en el r\u00edo Main. Frankfurt es la capital financiera de Europa continental y el centro de transporte de Alemania.<\/span><\/p>\n<p><span style=\"font-weight: 400;\">Esc\u00e1pese de <\/span><b>Frankfurt <\/b><span style=\"font-weight: 400;\">por un d\u00eda y sum\u00e9rjase en las mejores regiones vin\u00edcolas de Alemania con esta lujosa excursi\u00f3n privada. Salga por la ma\u00f1ana de su alojamiento local y viaje con su gu\u00eda a lo largo del r\u00edo Rin. Disfrutar\u00e1 de una introducci\u00f3n a las variedades locales y a las tradiciones vin\u00edcolas.Con este tour privado por Frankfurt no solo podr\u00e1s visitar los lugares m\u00e1s incre\u00edbles, sino que tambi\u00e9n tomar\u00e1s maravillosas fotos de los lugares que m\u00e1s te gustaron.<\/span><\/p>\n<p><span style=\"font-weight: 400;\">Su conductor privado estar\u00e1 a su completa disposici\u00f3n durante el recorrido para que su experiencia sea \u00fanica. Conocen la ciudad como la palma de su mano.<\/span><\/p>\n<h2><b>Puntos de inter\u00e9s\u00a0<\/b><\/h2>\n<p><span style=\"font-weight: 400;\">Este tour privado comenzar\u00e1 en su lugar deseado en <\/span><b>Frankfurt<\/b><span style=\"font-weight: 400;\">. Su conductor lo recoger\u00e1n a la hora deseada para comenzar su experiencia.<\/span><\/p>\n<p><span style=\"font-weight: 400;\">A unos 45 minutos de <\/span><b>Frankfurt<\/b><span style=\"font-weight: 400;\">, descubriremos el rom\u00e1ntico valle del Rin, donde los reyes del riesling de <\/span><b>Rheingau <\/b><span style=\"font-weight: 400;\">se encuentran con las 1000 colinas de <\/span><b>Rheinhessen<\/b><span style=\"font-weight: 400;\">. Viajaremos a trav\u00e9s de peque\u00f1os pueblos hist\u00f3ricos a lo largo del r\u00edo <\/span><b>Rin <\/b><span style=\"font-weight: 400;\">en su descenso hacia <\/span><b>Ruedesheim<\/b><span style=\"font-weight: 400;\">. Muchos lugare\u00f1os la llaman la<\/span><b> Borgo\u00f1a del Norte.\u00a0<\/b><\/p>\n<p><span style=\"font-weight: 400;\">Por el camino, nos detendremos en vi\u00f1edos alemanes galardonados, hist\u00f3ricamente significativos y de gran calidad. Aqu\u00ed es donde los romanos plantaron sus vinos y los monjes benedictinos los perfeccionaron. Este recorrido tambi\u00e9n incluye paradas en bodegas independientes especializadas en blancos y tintos locales, catas privadas con los vinicultores, una tabla de quesos locales para que pueda sentarse y disfrutar de los vinos y las vistas a lo largo del camino.<\/span><\/p>\n<p><b>Frankfurt<\/b><span style=\"font-weight: 400;\"> es una ciudad donde encontrar\u00e1s rascacielos modernos e incre\u00edbles junto con su casco antiguo lleno de restaurantes y tiendas t\u00edpicas alemanas. Es una ciudad que realmente vale la pena visitar.<\/span><\/p>\n<p><span style=\"font-weight: 400;\">Como se detalla anteriormente, esta es una experiencia privada y personalizada. Nuestros expertos en viajes lo ayudar\u00e1n a organizar su recorrido privado por Frankfurt seg\u00fan sus gustos personales.<\/span><\/p>\n<p><span style=\"font-weight: 400;\">Tambi\u00e9n podemos organizar <\/span><a href=\"https:\/\/tourtravelandmore.com\/es\/tours\/alemania-es\/frankfurt-es\/frankfurt-actividades-es\/tour-privado-a-pie-por-frankfurt\/\"><span style=\"font-weight: 400;\">recorridos privados a pie<\/span><\/a><span style=\"font-weight: 400;\">, excursiones de un d\u00eda y traslados privados. P\u00f3ngase en contacto con nosotros para una experiencia privada personalizada en Frankfurt.<\/span><\/p>\n<p><span style=\"font-weight: 400;\">Esta es una experiencia hecha a medida. La hora de inicio, la duraci\u00f3n y el itinerario se adaptan completamente a sus deseos personales.<\/span><\/p>\n<p>Finalmente, al final del recorrido,<b> su conductor privado<\/b> lo llevar\u00e1 de regreso a su hotel o punto de partida.<\/p>\n","protected":false},"excerpt":{"rendered":"<p><span style=\"font-weight: 400;\">Descubra la gran ciudad de <\/span><b>Frankfurt<\/b><span style=\"font-weight: 400;\"> junto con un <\/span><b>conductor privado<\/b><span style=\"font-weight: 400;\">\u00a0en este <\/span><b>Tour privado a vi\u00f1edos (Valle Rhine) desde Frankfurt.<\/b><\/p>\n","protected":false},"featured_media":147460,"comment_status":"open","ping_status":"closed","template":"","meta":{"_acf_changed":false},"product_brand":[],"product_cat":[2650,2651,2652],"product_tag":[],"class_list":{"0":"post-147414","1":"product","2":"type-product","3":"status-publish","4":"has-post-thumbnail","6":"product_cat-frankfurt-es","7":"product_cat-frankfurt-actividades-es","8":"product_cat-frankfurt-tours-privados-es","10":"first","11":"instock","12":"shipping-taxable","13":"purchasable","14":"product-type-simple"},"acf":[],"yoast_head":"<!-- This site is optimized with the Yoast SEO Premium plugin v25.3.1 (Yoast SEO v25.3.1) - https:\/\/yoast.com\/wordpress\/plugins\/seo\/ -->\n<title>Tour privado a vi\u00f1edos (Valle Rhine) desde Frankfurt | Tour Travel &amp; More<\/title>\n<meta name=\"description\" content=\"\u2192Descubra la maravillosa ciudad de Fr\u00e1ncfort durante este Tour Privado por los Vi\u00f1edos. Conocer\u00e1s la historia de la ciudad y degustar\u00e1s el mejor vino \u2705.\" \/>\n<meta name=\"robots\" content=\"index, follow, max-snippet:-1, max-image-preview:large, max-video-preview:-1\" \/>\n<link rel=\"canonical\" href=\"https:\/\/tourtravelandmore.com\/es\/tours\/alemania-es\/frankfurt-es\/frankfurt-actividades-es\/tour-privado-a-vinedos-valle-rhine-desde-frankfurt\/\" \/>\n<meta property=\"og:locale\" content=\"es_ES\" \/>\n<meta property=\"og:type\" content=\"article\" \/>\n<meta property=\"og:title\" content=\"Tour privado a vi\u00f1edos (Valle Rhine) desde Frankfurt\" \/>\n<meta property=\"og:description\" content=\"\u2192Descubra la maravillosa ciudad de Fr\u00e1ncfort durante este Tour Privado por los Vi\u00f1edos. Conocer\u00e1s la historia de la ciudad y degustar\u00e1s el mejor vino \u2705.\" \/>\n<meta property=\"og:url\" content=\"https:\/\/tourtravelandmore.com\/es\/tours\/alemania-es\/frankfurt-es\/frankfurt-actividades-es\/tour-privado-a-vinedos-valle-rhine-desde-frankfurt\/\" \/>\n<meta property=\"og:site_name\" content=\"Tour Travel And More\" \/>\n<meta property=\"article:publisher\" content=\"https:\/\/www.facebook.com\/tourtravelandmore\/\" \/>\n<meta property=\"article:modified_time\" content=\"2023-02-03T15:28:13+00:00\" \/>\n<meta property=\"og:image\" content=\"https:\/\/tourtravelandmore.com\/wp-content\/uploads\/2022\/12\/pexels-pixabay-51947.jpg\" \/>\n\t<meta property=\"og:image:width\" content=\"2200\" \/>\n\t<meta property=\"og:image:height\" content=\"1467\" \/>\n\t<meta property=\"og:image:type\" content=\"image\/jpeg\" \/>\n<meta name=\"twitter:card\" content=\"summary_large_image\" \/>\n<meta name=\"twitter:site\" content=\"@TourTravel_More\" \/>\n<meta name=\"twitter:label1\" content=\"Tiempo de lectura\" \/>\n\t<meta name=\"twitter:data1\" content=\"2 minutos\" \/>\n<script type=\"application\/ld+json\" class=\"yoast-schema-graph\">{\"@context\":\"https:\/\/schema.org\",\"@graph\":[{\"@type\":\"WebPage\",\"@id\":\"https:\/\/tourtravelandmore.com\/es\/tours\/alemania-es\/frankfurt-es\/frankfurt-actividades-es\/tour-privado-a-vinedos-valle-rhine-desde-frankfurt\/\",\"url\":\"https:\/\/tourtravelandmore.com\/es\/tours\/alemania-es\/frankfurt-es\/frankfurt-actividades-es\/tour-privado-a-vinedos-valle-rhine-desde-frankfurt\/\",\"name\":\"Tour privado a vi\u00f1edos (Valle Rhine) desde Frankfurt | Tour Travel & More\",\"isPartOf\":{\"@id\":\"https:\/\/tourtravelandmore.com\/es\/#website\"},\"primaryImageOfPage\":{\"@id\":\"https:\/\/tourtravelandmore.com\/es\/tours\/alemania-es\/frankfurt-es\/frankfurt-actividades-es\/tour-privado-a-vinedos-valle-rhine-desde-frankfurt\/#primaryimage\"},\"image\":{\"@id\":\"https:\/\/tourtravelandmore.com\/es\/tours\/alemania-es\/frankfurt-es\/frankfurt-actividades-es\/tour-privado-a-vinedos-valle-rhine-desde-frankfurt\/#primaryimage\"},\"thumbnailUrl\":\"https:\/\/tourtravelandmore.com\/wp-content\/uploads\/2022\/12\/pexels-pixabay-51947.jpg\",\"datePublished\":\"2022-12-21T16:14:36+00:00\",\"dateModified\":\"2023-02-03T15:28:13+00:00\",\"description\":\"\u2192Descubra la maravillosa ciudad de Fr\u00e1ncfort durante este Tour Privado por los Vi\u00f1edos. Conocer\u00e1s la historia de la ciudad y degustar\u00e1s el mejor vino \u2705.\",\"breadcrumb\":{\"@id\":\"https:\/\/tourtravelandmore.com\/es\/tours\/alemania-es\/frankfurt-es\/frankfurt-actividades-es\/tour-privado-a-vinedos-valle-rhine-desde-frankfurt\/#breadcrumb\"},\"inLanguage\":\"es\",\"potentialAction\":[{\"@type\":\"ReadAction\",\"target\":[\"https:\/\/tourtravelandmore.com\/es\/tours\/alemania-es\/frankfurt-es\/frankfurt-actividades-es\/tour-privado-a-vinedos-valle-rhine-desde-frankfurt\/\"]}]},{\"@type\":\"ImageObject\",\"inLanguage\":\"es\",\"@id\":\"https:\/\/tourtravelandmore.com\/es\/tours\/alemania-es\/frankfurt-es\/frankfurt-actividades-es\/tour-privado-a-vinedos-valle-rhine-desde-frankfurt\/#primaryimage\",\"url\":\"https:\/\/tourtravelandmore.com\/wp-content\/uploads\/2022\/12\/pexels-pixabay-51947.jpg\",\"contentUrl\":\"https:\/\/tourtravelandmore.com\/wp-content\/uploads\/2022\/12\/pexels-pixabay-51947.jpg\",\"width\":2200,\"height\":1467},{\"@type\":\"BreadcrumbList\",\"@id\":\"https:\/\/tourtravelandmore.com\/es\/tours\/alemania-es\/frankfurt-es\/frankfurt-actividades-es\/tour-privado-a-vinedos-valle-rhine-desde-frankfurt\/#breadcrumb\",\"itemListElement\":[{\"@type\":\"ListItem\",\"position\":1,\"name\":\"Home\",\"item\":\"https:\/\/tourtravelandmore.com\/es\/\"},{\"@type\":\"ListItem\",\"position\":2,\"name\":\"Tours\",\"item\":\"https:\/\/tourtravelandmore.com\/es\/tours\/\"},{\"@type\":\"ListItem\",\"position\":3,\"name\":\"Tour privado a vi\u00f1edos (Valle Rhine) desde Frankfurt\"}]},{\"@type\":\"WebSite\",\"@id\":\"https:\/\/tourtravelandmore.com\/es\/#website\",\"url\":\"https:\/\/tourtravelandmore.com\/es\/\",\"name\":\"Tour Travel And More\",\"description\":\"Private sightseeing tours and luxury transfers in Spain\",\"publisher\":{\"@id\":\"https:\/\/tourtravelandmore.com\/es\/#organization\"},\"potentialAction\":[{\"@type\":\"SearchAction\",\"target\":{\"@type\":\"EntryPoint\",\"urlTemplate\":\"https:\/\/tourtravelandmore.com\/es\/?s={search_term_string}\"},\"query-input\":{\"@type\":\"PropertyValueSpecification\",\"valueRequired\":true,\"valueName\":\"search_term_string\"}}],\"inLanguage\":\"es\"},{\"@type\":\"Organization\",\"@id\":\"https:\/\/tourtravelandmore.com\/es\/#organization\",\"name\":\"Tour Travel And More\",\"url\":\"https:\/\/tourtravelandmore.com\/es\/\",\"logo\":{\"@type\":\"ImageObject\",\"inLanguage\":\"es\",\"@id\":\"https:\/\/tourtravelandmore.com\/es\/#\/schema\/logo\/image\/\",\"url\":\"https:\/\/tourtravelandmore.com\/wp-content\/uploads\/2022\/12\/cropped-logo-cabecera-new.png\",\"contentUrl\":\"https:\/\/tourtravelandmore.com\/wp-content\/uploads\/2022\/12\/cropped-logo-cabecera-new.png\",\"width\":430,\"height\":61,\"caption\":\"Tour Travel And More\"},\"image\":{\"@id\":\"https:\/\/tourtravelandmore.com\/es\/#\/schema\/logo\/image\/\"},\"sameAs\":[\"https:\/\/www.facebook.com\/tourtravelandmore\/\",\"https:\/\/x.com\/TourTravel_More\"]}]}<\/script>\n<!-- \/ Yoast SEO Premium plugin. -->","yoast_head_json":{"title":"Tour privado a vi\u00f1edos (Valle Rhine) desde Frankfurt | Tour Travel & More","description":"\u2192Descubra la maravillosa ciudad de Fr\u00e1ncfort durante este Tour Privado por los Vi\u00f1edos. Conocer\u00e1s la historia de la ciudad y degustar\u00e1s el mejor vino \u2705.","robots":{"index":"index","follow":"follow","max-snippet":"max-snippet:-1","max-image-preview":"max-image-preview:large","max-video-preview":"max-video-preview:-1"},"canonical":"https:\/\/tourtravelandmore.com\/es\/tours\/alemania-es\/frankfurt-es\/frankfurt-actividades-es\/tour-privado-a-vinedos-valle-rhine-desde-frankfurt\/","og_locale":"es_ES","og_type":"article","og_title":"Tour privado a vi\u00f1edos (Valle Rhine) desde Frankfurt","og_description":"\u2192Descubra la maravillosa ciudad de Fr\u00e1ncfort durante este Tour Privado por los Vi\u00f1edos. Conocer\u00e1s la historia de la ciudad y degustar\u00e1s el mejor vino \u2705.","og_url":"https:\/\/tourtravelandmore.com\/es\/tours\/alemania-es\/frankfurt-es\/frankfurt-actividades-es\/tour-privado-a-vinedos-valle-rhine-desde-frankfurt\/","og_site_name":"Tour Travel And More","article_publisher":"https:\/\/www.facebook.com\/tourtravelandmore\/","article_modified_time":"2023-02-03T15:28:13+00:00","og_image":[{"width":2200,"height":1467,"url":"https:\/\/tourtravelandmore.com\/wp-content\/uploads\/2022\/12\/pexels-pixabay-51947.jpg","type":"image\/jpeg"}],"twitter_card":"summary_large_image","twitter_site":"@TourTravel_More","twitter_misc":{"Tiempo de lectura":"2 minutos"},"schema":{"@context":"https:\/\/schema.org","@graph":[{"@type":"WebPage","@id":"https:\/\/tourtravelandmore.com\/es\/tours\/alemania-es\/frankfurt-es\/frankfurt-actividades-es\/tour-privado-a-vinedos-valle-rhine-desde-frankfurt\/","url":"https:\/\/tourtravelandmore.com\/es\/tours\/alemania-es\/frankfurt-es\/frankfurt-actividades-es\/tour-privado-a-vinedos-valle-rhine-desde-frankfurt\/","name":"Tour privado a vi\u00f1edos (Valle Rhine) desde Frankfurt | Tour Travel & More","isPartOf":{"@id":"https:\/\/tourtravelandmore.com\/es\/#website"},"primaryImageOfPage":{"@id":"https:\/\/tourtravelandmore.com\/es\/tours\/alemania-es\/frankfurt-es\/frankfurt-actividades-es\/tour-privado-a-vinedos-valle-rhine-desde-frankfurt\/#primaryimage"},"image":{"@id":"https:\/\/tourtravelandmore.com\/es\/tours\/alemania-es\/frankfurt-es\/frankfurt-actividades-es\/tour-privado-a-vinedos-valle-rhine-desde-frankfurt\/#primaryimage"},"thumbnailUrl":"https:\/\/tourtravelandmore.com\/wp-content\/uploads\/2022\/12\/pexels-pixabay-51947.jpg","datePublished":"2022-12-21T16:14:36+00:00","dateModified":"2023-02-03T15:28:13+00:00","description":"\u2192Descubra la maravillosa ciudad de Fr\u00e1ncfort durante este Tour Privado por los Vi\u00f1edos. Conocer\u00e1s la historia de la ciudad y degustar\u00e1s el mejor vino \u2705.","breadcrumb":{"@id":"https:\/\/tourtravelandmore.com\/es\/tours\/alemania-es\/frankfurt-es\/frankfurt-actividades-es\/tour-privado-a-vinedos-valle-rhine-desde-frankfurt\/#breadcrumb"},"inLanguage":"es","potentialAction":[{"@type":"ReadAction","target":["https:\/\/tourtravelandmore.com\/es\/tours\/alemania-es\/frankfurt-es\/frankfurt-actividades-es\/tour-privado-a-vinedos-valle-rhine-desde-frankfurt\/"]}]},{"@type":"ImageObject","inLanguage":"es","@id":"https:\/\/tourtravelandmore.com\/es\/tours\/alemania-es\/frankfurt-es\/frankfurt-actividades-es\/tour-privado-a-vinedos-valle-rhine-desde-frankfurt\/#primaryimage","url":"https:\/\/tourtravelandmore.com\/wp-content\/uploads\/2022\/12\/pexels-pixabay-51947.jpg","contentUrl":"https:\/\/tourtravelandmore.com\/wp-content\/uploads\/2022\/12\/pexels-pixabay-51947.jpg","width":2200,"height":1467},{"@type":"BreadcrumbList","@id":"https:\/\/tourtravelandmore.com\/es\/tours\/alemania-es\/frankfurt-es\/frankfurt-actividades-es\/tour-privado-a-vinedos-valle-rhine-desde-frankfurt\/#breadcrumb","itemListElement":[{"@type":"ListItem","position":1,"name":"Home","item":"https:\/\/tourtravelandmore.com\/es\/"},{"@type":"ListItem","position":2,"name":"Tours","item":"https:\/\/tourtravelandmore.com\/es\/tours\/"},{"@type":"ListItem","position":3,"name":"Tour privado a vi\u00f1edos (Valle Rhine) desde Frankfurt"}]},{"@type":"WebSite","@id":"https:\/\/tourtravelandmore.com\/es\/#website","url":"https:\/\/tourtravelandmore.com\/es\/","name":"Tour Travel And More","description":"Private sightseeing tours and luxury transfers in Spain","publisher":{"@id":"https:\/\/tourtravelandmore.com\/es\/#organization"},"potentialAction":[{"@type":"SearchAction","target":{"@type":"EntryPoint","urlTemplate":"https:\/\/tourtravelandmore.com\/es\/?s={search_term_string}"},"query-input":{"@type":"PropertyValueSpecification","valueRequired":true,"valueName":"search_term_string"}}],"inLanguage":"es"},{"@type":"Organization","@id":"https:\/\/tourtravelandmore.com\/es\/#organization","name":"Tour Travel And More","url":"https:\/\/tourtravelandmore.com\/es\/","logo":{"@type":"ImageObject","inLanguage":"es","@id":"https:\/\/tourtravelandmore.com\/es\/#\/schema\/logo\/image\/","url":"https:\/\/tourtravelandmore.com\/wp-content\/uploads\/2022\/12\/cropped-logo-cabecera-new.png","contentUrl":"https:\/\/tourtravelandmore.com\/wp-content\/uploads\/2022\/12\/cropped-logo-cabecera-new.png","width":430,"height":61,"caption":"Tour Travel And More"},"image":{"@id":"https:\/\/tourtravelandmore.com\/es\/#\/schema\/logo\/image\/"},"sameAs":["https:\/\/www.facebook.com\/tourtravelandmore\/","https:\/\/x.com\/TourTravel_More"]}]}},"_links":{"self":[{"href":"https:\/\/tourtravelandmore.com\/es\/wp-json\/wp\/v2\/product\/147414","targetHints":{"allow":["GET"]}}],"collection":[{"href":"https:\/\/tourtravelandmore.com\/es\/wp-json\/wp\/v2\/product"}],"about":[{"href":"https:\/\/tourtravelandmore.com\/es\/wp-json\/wp\/v2\/types\/product"}],"replies":[{"embeddable":true,"href":"https:\/\/tourtravelandmore.com\/es\/wp-json\/wp\/v2\/comments?post=147414"}],"wp:featuredmedia":[{"embeddable":true,"href":"https:\/\/tourtravelandmore.com\/es\/wp-json\/wp\/v2\/media\/147460"}],"wp:attachment":[{"href":"https:\/\/tourtravelandmore.com\/es\/wp-json\/wp\/v2\/media?parent=147414"}],"wp:term":[{"taxonomy":"product_brand","embeddable":true,"href":"https:\/\/tourtravelandmore.com\/es\/wp-json\/wp\/v2\/product_brand?post=147414"},{"taxonomy":"product_cat","embeddable":true,"href":"https:\/\/tourtravelandmore.com\/es\/wp-json\/wp\/v2\/product_cat?post=147414"},{"taxonomy":"product_tag","embeddable":true,"href":"https:\/\/tourtravelandmore.com\/es\/wp-json\/wp\/v2\/product_tag?post=147414"}],"curies":[{"name":"wp","href":"https:\/\/api.w.org\/{rel}","templated":true}]}}