{"id":145960,"date":"2022-12-02T18:08:20","date_gmt":"2022-12-02T17:08:21","guid":{"rendered":"https:\/\/tourtravelandmore.com\/?post_type=product&#038;p=145960"},"modified":"2023-01-16T16:13:56","modified_gmt":"2023-01-16T15:13:56","slug":"traslados-privados-de-alejandria-a-el-cairo","status":"publish","type":"product","link":"https:\/\/tourtravelandmore.com\/es\/tours\/egipto-es\/alejandria-es\/traslados-privados-de-alejandria-a-el-cairo\/","title":{"rendered":"Traslados Privados de Alejandr\u00eda a El Cairo"},"content":{"rendered":"<h2><strong>Descripci\u00f3n de Traslados Privados de Alejandr\u00eda a El Cairo<\/strong><\/h2>\n<p>Disfrute de una experiencia relajante en uno de nuestros <strong>veh\u00edculos privados<\/strong> con nuestros<span style=\"font-weight: 400;\">\u00a0<\/span><b>traslados privados de Alejandr\u00eda a El Cairo<\/b><span style=\"font-weight: 400;\">.<\/span> Experimente el modo m\u00e1s c\u00f3modo y r\u00e1pido de llegar a su destino final.<\/p>\n<p><span style=\"font-weight: 400;\">Tambi\u00e9n ofrecemos traslados en <\/span><span style=\"font-weight: 400;\"><b>Alejandr\u00eda <\/b>desde y hacia el <\/span><a href=\"https:\/\/www.cairo-airport.com\/en-us\/\"><span style=\"font-weight: 400;\">aeropuerto<\/span><\/a><span style=\"font-weight: 400;\">, como as\u00ed tambi\u00e9n traslados dentro de Egipto, <\/span><a href=\"https:\/\/tourtravelandmore.com\/es\/ciudad\/egipto-es\/cairo-es\/cairo-tours-privados-es\/\"><span style=\"font-weight: 400;\">excursiones privadas<\/span><\/a><span style=\"font-weight: 400;\"> e <\/span><a href=\"https:\/\/tourtravelandmore.com\/es\/ciudad\/egipto-es\/cairo-es\/cairo-rutas-es\/\"><span style=\"font-weight: 400;\">itinerarios privados<\/span><\/a><span style=\"font-weight: 400;\">.<\/span><\/p>\n<p><span style=\"font-weight: 400;\">En caso de solicitar un traslado de llegada, nuestro chofer le estar\u00e1 esperando con un cartel a su nombre en la terminal de arribos. Tambi\u00e9n disfruta de <\/span><b>traslados privados de Alejandr\u00eda a El Cairo <\/b><span style=\"font-weight: 400;\">desde su hotel o apartamento hacia cualquier restaurante en la ciudad.<\/span><\/p>\n<h2><strong>Puntos de inter\u00e9s en los Traslados Privados en El Cairo<\/strong><\/h2>\n<p><strong>El Cairo<\/strong>, la extensa capital de Egipto, se ubica en el r\u00edo Nilo. En su centro, se encuentra la plaza Tahrir. Tambi\u00e9n el vasto Museo Egipcio, un tesoro de antig\u00fcedades que incluye momias reales y artefactos ba\u00f1ados en oro del fara\u00f3n Tutankam\u00f3n. Cerca se encuentra Guiza, sitio de las ic\u00f3nicas pir\u00e1mides y la Gran Esfinge, que data del siglo XXVI a. C. En el frondoso distrito Zamalek de la isla Gezira, la Torre de El Cairo, de 187 m de altura, tiene vistas panor\u00e1micas de la ciudad.<\/p>\n<p><span style=\"font-weight: 400;\"><strong>Alejandr\u00eda<\/strong> es una ciudad portuaria mediterr\u00e1nea de Egipto. Durante el per\u00edodo helen\u00edstico, fue el hogar de un faro que se incluye entre las Siete maravillas del mundo antiguo, junto con una importante biblioteca. La Biblioteca de Alejandr\u00eda actual tiene forma de disco y es extremadamente moderna. La ciudad tambi\u00e9n tiene hitos grecorromanos, caf\u00e9s del mundo antiguo y playas. En la actualidad, la Ciudadela de Qaitbay del siglo XV en el paseo costero es un museo.\u00a0<\/span><\/p>\n<p>Ofrecemos servicio de traslado y ofrecemos un <strong>servicio personalizado y privado<\/strong> para todos los grupos. Todos nuestros veh\u00edculos son de alta gama.<\/p>\n<p>Todo lo que necesita hacer es contactarnos y organizaremos su traslado privado de la mejor manera posible.<\/p>\n<p>No limitamos la cantidad de equipaje. Pero le rogamos que informe con cu\u00e1ntos equipajes viajar\u00e1 solo por cuestiones de log\u00edstica. A veces puede ser necesario un veh\u00edculo m\u00e1s grande y se pueden aplicar tarifas adicionales.<\/p>\n<p>Si necesita un asiento para beb\u00e9 o un asiento para ni\u00f1os, p\u00f3ngase en contacto con nosotros antes de su vuelo o traslado privado para organizarlo correctamente.<\/p>\n","protected":false},"excerpt":{"rendered":"<p>Disfrute de una experiencia relajante en uno de nuestros <strong>veh\u00edculos privados<\/strong> con nuestros <span style=\"font-weight: 400;\">\u00a0<\/span><b>traslados privados de Alejandr\u00eda a <strong>El Cairo<\/strong><\/b><span style=\"font-weight: 400;\">. <\/span>\u00a0Experimente el modo m\u00e1s c\u00f3modo y veloz de llegar a su destino final.<\/p>\n","protected":false},"featured_media":144329,"comment_status":"open","ping_status":"closed","template":"","meta":{"_acf_changed":false},"product_brand":[],"product_cat":[3031,3952],"product_tag":[],"class_list":{"0":"post-145960","1":"product","2":"type-product","3":"status-publish","4":"has-post-thumbnail","6":"product_cat-egipto-es","7":"product_cat-alejandria-es","9":"first","10":"instock","11":"shipping-taxable","12":"purchasable","13":"product-type-simple"},"acf":[],"yoast_head":"<!-- This site is optimized with the Yoast SEO Premium plugin v25.3.1 (Yoast SEO v25.3.1) - https:\/\/yoast.com\/wordpress\/plugins\/seo\/ -->\n<title>Traslados Privados de Alejandr\u00eda a El Cairo | Tour Travel &amp; More<\/title>\n<meta name=\"description\" content=\"Le ofrecemos la forma m\u00e1s r\u00e1pida y sencilla de llegar a su destino final en Alejandr\u00eda. Traslados privados de Alejandr\u00eda a El Cairo \u2705.\" \/>\n<meta name=\"robots\" content=\"index, follow, max-snippet:-1, max-image-preview:large, max-video-preview:-1\" \/>\n<link rel=\"canonical\" href=\"https:\/\/tourtravelandmore.com\/es\/tours\/egipto-es\/alejandria-es\/traslados-privados-de-alejandria-a-el-cairo\/\" \/>\n<meta property=\"og:locale\" content=\"es_ES\" \/>\n<meta property=\"og:type\" content=\"article\" \/>\n<meta property=\"og:title\" content=\"Traslados Privados de Alejandr\u00eda a El Cairo\" \/>\n<meta property=\"og:description\" content=\"Le ofrecemos la forma m\u00e1s r\u00e1pida y sencilla de llegar a su destino final en Alejandr\u00eda. Traslados privados de Alejandr\u00eda a El Cairo \u2705.\" \/>\n<meta property=\"og:url\" content=\"https:\/\/tourtravelandmore.com\/es\/tours\/egipto-es\/alejandria-es\/traslados-privados-de-alejandria-a-el-cairo\/\" \/>\n<meta property=\"og:site_name\" content=\"Tour Travel And More\" \/>\n<meta property=\"article:publisher\" content=\"https:\/\/www.facebook.com\/tourtravelandmore\/\" \/>\n<meta property=\"article:modified_time\" content=\"2023-01-16T15:13:56+00:00\" \/>\n<meta property=\"og:image\" content=\"https:\/\/tourtravelandmore.com\/wp-content\/uploads\/2022\/11\/RT_V_dea56daf0d1646619b18dbf555170ff7.jpg\" \/>\n\t<meta property=\"og:image:width\" content=\"480\" \/>\n\t<meta property=\"og:image:height\" content=\"360\" \/>\n\t<meta property=\"og:image:type\" content=\"image\/jpeg\" \/>\n<meta name=\"twitter:card\" content=\"summary_large_image\" \/>\n<meta name=\"twitter:site\" content=\"@TourTravel_More\" \/>\n<meta name=\"twitter:label1\" content=\"Tiempo de lectura\" \/>\n\t<meta name=\"twitter:data1\" content=\"2 minutos\" \/>\n<script type=\"application\/ld+json\" class=\"yoast-schema-graph\">{\"@context\":\"https:\/\/schema.org\",\"@graph\":[{\"@type\":\"WebPage\",\"@id\":\"https:\/\/tourtravelandmore.com\/es\/tours\/egipto-es\/alejandria-es\/traslados-privados-de-alejandria-a-el-cairo\/\",\"url\":\"https:\/\/tourtravelandmore.com\/es\/tours\/egipto-es\/alejandria-es\/traslados-privados-de-alejandria-a-el-cairo\/\",\"name\":\"Traslados Privados de Alejandr\u00eda a El Cairo | Tour Travel & More\",\"isPartOf\":{\"@id\":\"https:\/\/tourtravelandmore.com\/es\/#website\"},\"primaryImageOfPage\":{\"@id\":\"https:\/\/tourtravelandmore.com\/es\/tours\/egipto-es\/alejandria-es\/traslados-privados-de-alejandria-a-el-cairo\/#primaryimage\"},\"image\":{\"@id\":\"https:\/\/tourtravelandmore.com\/es\/tours\/egipto-es\/alejandria-es\/traslados-privados-de-alejandria-a-el-cairo\/#primaryimage\"},\"thumbnailUrl\":\"https:\/\/tourtravelandmore.com\/wp-content\/uploads\/2022\/11\/RT_V_dea56daf0d1646619b18dbf555170ff7.jpg\",\"datePublished\":\"2022-12-02T17:08:21+00:00\",\"dateModified\":\"2023-01-16T15:13:56+00:00\",\"description\":\"Le ofrecemos la forma m\u00e1s r\u00e1pida y sencilla de llegar a su destino final en Alejandr\u00eda. Traslados privados de Alejandr\u00eda a El Cairo \u2705.\",\"breadcrumb\":{\"@id\":\"https:\/\/tourtravelandmore.com\/es\/tours\/egipto-es\/alejandria-es\/traslados-privados-de-alejandria-a-el-cairo\/#breadcrumb\"},\"inLanguage\":\"es\",\"potentialAction\":[{\"@type\":\"ReadAction\",\"target\":[\"https:\/\/tourtravelandmore.com\/es\/tours\/egipto-es\/alejandria-es\/traslados-privados-de-alejandria-a-el-cairo\/\"]}]},{\"@type\":\"ImageObject\",\"inLanguage\":\"es\",\"@id\":\"https:\/\/tourtravelandmore.com\/es\/tours\/egipto-es\/alejandria-es\/traslados-privados-de-alejandria-a-el-cairo\/#primaryimage\",\"url\":\"https:\/\/tourtravelandmore.com\/wp-content\/uploads\/2022\/11\/RT_V_dea56daf0d1646619b18dbf555170ff7.jpg\",\"contentUrl\":\"https:\/\/tourtravelandmore.com\/wp-content\/uploads\/2022\/11\/RT_V_dea56daf0d1646619b18dbf555170ff7.jpg\",\"width\":480,\"height\":360,\"caption\":\"Private Transfers from Alexandria to Cairo\"},{\"@type\":\"BreadcrumbList\",\"@id\":\"https:\/\/tourtravelandmore.com\/es\/tours\/egipto-es\/alejandria-es\/traslados-privados-de-alejandria-a-el-cairo\/#breadcrumb\",\"itemListElement\":[{\"@type\":\"ListItem\",\"position\":1,\"name\":\"Home\",\"item\":\"https:\/\/tourtravelandmore.com\/es\/\"},{\"@type\":\"ListItem\",\"position\":2,\"name\":\"Tours\",\"item\":\"https:\/\/tourtravelandmore.com\/es\/tours\/\"},{\"@type\":\"ListItem\",\"position\":3,\"name\":\"Traslados Privados de Alejandr\u00eda a El Cairo\"}]},{\"@type\":\"WebSite\",\"@id\":\"https:\/\/tourtravelandmore.com\/es\/#website\",\"url\":\"https:\/\/tourtravelandmore.com\/es\/\",\"name\":\"Tour Travel And More\",\"description\":\"Private sightseeing tours and luxury transfers in Spain\",\"publisher\":{\"@id\":\"https:\/\/tourtravelandmore.com\/es\/#organization\"},\"potentialAction\":[{\"@type\":\"SearchAction\",\"target\":{\"@type\":\"EntryPoint\",\"urlTemplate\":\"https:\/\/tourtravelandmore.com\/es\/?s={search_term_string}\"},\"query-input\":{\"@type\":\"PropertyValueSpecification\",\"valueRequired\":true,\"valueName\":\"search_term_string\"}}],\"inLanguage\":\"es\"},{\"@type\":\"Organization\",\"@id\":\"https:\/\/tourtravelandmore.com\/es\/#organization\",\"name\":\"Tour Travel And More\",\"url\":\"https:\/\/tourtravelandmore.com\/es\/\",\"logo\":{\"@type\":\"ImageObject\",\"inLanguage\":\"es\",\"@id\":\"https:\/\/tourtravelandmore.com\/es\/#\/schema\/logo\/image\/\",\"url\":\"https:\/\/tourtravelandmore.com\/wp-content\/uploads\/2022\/12\/cropped-logo-cabecera-new.png\",\"contentUrl\":\"https:\/\/tourtravelandmore.com\/wp-content\/uploads\/2022\/12\/cropped-logo-cabecera-new.png\",\"width\":430,\"height\":61,\"caption\":\"Tour Travel And More\"},\"image\":{\"@id\":\"https:\/\/tourtravelandmore.com\/es\/#\/schema\/logo\/image\/\"},\"sameAs\":[\"https:\/\/www.facebook.com\/tourtravelandmore\/\",\"https:\/\/x.com\/TourTravel_More\"]}]}<\/script>\n<!-- \/ Yoast SEO Premium plugin. -->","yoast_head_json":{"title":"Traslados Privados de Alejandr\u00eda a El Cairo | Tour Travel & More","description":"Le ofrecemos la forma m\u00e1s r\u00e1pida y sencilla de llegar a su destino final en Alejandr\u00eda. Traslados privados de Alejandr\u00eda a El Cairo \u2705.","robots":{"index":"index","follow":"follow","max-snippet":"max-snippet:-1","max-image-preview":"max-image-preview:large","max-video-preview":"max-video-preview:-1"},"canonical":"https:\/\/tourtravelandmore.com\/es\/tours\/egipto-es\/alejandria-es\/traslados-privados-de-alejandria-a-el-cairo\/","og_locale":"es_ES","og_type":"article","og_title":"Traslados Privados de Alejandr\u00eda a El Cairo","og_description":"Le ofrecemos la forma m\u00e1s r\u00e1pida y sencilla de llegar a su destino final en Alejandr\u00eda. Traslados privados de Alejandr\u00eda a El Cairo \u2705.","og_url":"https:\/\/tourtravelandmore.com\/es\/tours\/egipto-es\/alejandria-es\/traslados-privados-de-alejandria-a-el-cairo\/","og_site_name":"Tour Travel And More","article_publisher":"https:\/\/www.facebook.com\/tourtravelandmore\/","article_modified_time":"2023-01-16T15:13:56+00:00","og_image":[{"width":480,"height":360,"url":"https:\/\/tourtravelandmore.com\/wp-content\/uploads\/2022\/11\/RT_V_dea56daf0d1646619b18dbf555170ff7.jpg","type":"image\/jpeg"}],"twitter_card":"summary_large_image","twitter_site":"@TourTravel_More","twitter_misc":{"Tiempo de lectura":"2 minutos"},"schema":{"@context":"https:\/\/schema.org","@graph":[{"@type":"WebPage","@id":"https:\/\/tourtravelandmore.com\/es\/tours\/egipto-es\/alejandria-es\/traslados-privados-de-alejandria-a-el-cairo\/","url":"https:\/\/tourtravelandmore.com\/es\/tours\/egipto-es\/alejandria-es\/traslados-privados-de-alejandria-a-el-cairo\/","name":"Traslados Privados de Alejandr\u00eda a El Cairo | Tour Travel & More","isPartOf":{"@id":"https:\/\/tourtravelandmore.com\/es\/#website"},"primaryImageOfPage":{"@id":"https:\/\/tourtravelandmore.com\/es\/tours\/egipto-es\/alejandria-es\/traslados-privados-de-alejandria-a-el-cairo\/#primaryimage"},"image":{"@id":"https:\/\/tourtravelandmore.com\/es\/tours\/egipto-es\/alejandria-es\/traslados-privados-de-alejandria-a-el-cairo\/#primaryimage"},"thumbnailUrl":"https:\/\/tourtravelandmore.com\/wp-content\/uploads\/2022\/11\/RT_V_dea56daf0d1646619b18dbf555170ff7.jpg","datePublished":"2022-12-02T17:08:21+00:00","dateModified":"2023-01-16T15:13:56+00:00","description":"Le ofrecemos la forma m\u00e1s r\u00e1pida y sencilla de llegar a su destino final en Alejandr\u00eda. Traslados privados de Alejandr\u00eda a El Cairo \u2705.","breadcrumb":{"@id":"https:\/\/tourtravelandmore.com\/es\/tours\/egipto-es\/alejandria-es\/traslados-privados-de-alejandria-a-el-cairo\/#breadcrumb"},"inLanguage":"es","potentialAction":[{"@type":"ReadAction","target":["https:\/\/tourtravelandmore.com\/es\/tours\/egipto-es\/alejandria-es\/traslados-privados-de-alejandria-a-el-cairo\/"]}]},{"@type":"ImageObject","inLanguage":"es","@id":"https:\/\/tourtravelandmore.com\/es\/tours\/egipto-es\/alejandria-es\/traslados-privados-de-alejandria-a-el-cairo\/#primaryimage","url":"https:\/\/tourtravelandmore.com\/wp-content\/uploads\/2022\/11\/RT_V_dea56daf0d1646619b18dbf555170ff7.jpg","contentUrl":"https:\/\/tourtravelandmore.com\/wp-content\/uploads\/2022\/11\/RT_V_dea56daf0d1646619b18dbf555170ff7.jpg","width":480,"height":360,"caption":"Private Transfers from Alexandria to Cairo"},{"@type":"BreadcrumbList","@id":"https:\/\/tourtravelandmore.com\/es\/tours\/egipto-es\/alejandria-es\/traslados-privados-de-alejandria-a-el-cairo\/#breadcrumb","itemListElement":[{"@type":"ListItem","position":1,"name":"Home","item":"https:\/\/tourtravelandmore.com\/es\/"},{"@type":"ListItem","position":2,"name":"Tours","item":"https:\/\/tourtravelandmore.com\/es\/tours\/"},{"@type":"ListItem","position":3,"name":"Traslados Privados de Alejandr\u00eda a El Cairo"}]},{"@type":"WebSite","@id":"https:\/\/tourtravelandmore.com\/es\/#website","url":"https:\/\/tourtravelandmore.com\/es\/","name":"Tour Travel And More","description":"Private sightseeing tours and luxury transfers in Spain","publisher":{"@id":"https:\/\/tourtravelandmore.com\/es\/#organization"},"potentialAction":[{"@type":"SearchAction","target":{"@type":"EntryPoint","urlTemplate":"https:\/\/tourtravelandmore.com\/es\/?s={search_term_string}"},"query-input":{"@type":"PropertyValueSpecification","valueRequired":true,"valueName":"search_term_string"}}],"inLanguage":"es"},{"@type":"Organization","@id":"https:\/\/tourtravelandmore.com\/es\/#organization","name":"Tour Travel And More","url":"https:\/\/tourtravelandmore.com\/es\/","logo":{"@type":"ImageObject","inLanguage":"es","@id":"https:\/\/tourtravelandmore.com\/es\/#\/schema\/logo\/image\/","url":"https:\/\/tourtravelandmore.com\/wp-content\/uploads\/2022\/12\/cropped-logo-cabecera-new.png","contentUrl":"https:\/\/tourtravelandmore.com\/wp-content\/uploads\/2022\/12\/cropped-logo-cabecera-new.png","width":430,"height":61,"caption":"Tour Travel And More"},"image":{"@id":"https:\/\/tourtravelandmore.com\/es\/#\/schema\/logo\/image\/"},"sameAs":["https:\/\/www.facebook.com\/tourtravelandmore\/","https:\/\/x.com\/TourTravel_More"]}]}},"_links":{"self":[{"href":"https:\/\/tourtravelandmore.com\/es\/wp-json\/wp\/v2\/product\/145960","targetHints":{"allow":["GET"]}}],"collection":[{"href":"https:\/\/tourtravelandmore.com\/es\/wp-json\/wp\/v2\/product"}],"about":[{"href":"https:\/\/tourtravelandmore.com\/es\/wp-json\/wp\/v2\/types\/product"}],"replies":[{"embeddable":true,"href":"https:\/\/tourtravelandmore.com\/es\/wp-json\/wp\/v2\/comments?post=145960"}],"wp:featuredmedia":[{"embeddable":true,"href":"https:\/\/tourtravelandmore.com\/es\/wp-json\/wp\/v2\/media\/144329"}],"wp:attachment":[{"href":"https:\/\/tourtravelandmore.com\/es\/wp-json\/wp\/v2\/media?parent=145960"}],"wp:term":[{"taxonomy":"product_brand","embeddable":true,"href":"https:\/\/tourtravelandmore.com\/es\/wp-json\/wp\/v2\/product_brand?post=145960"},{"taxonomy":"product_cat","embeddable":true,"href":"https:\/\/tourtravelandmore.com\/es\/wp-json\/wp\/v2\/product_cat?post=145960"},{"taxonomy":"product_tag","embeddable":true,"href":"https:\/\/tourtravelandmore.com\/es\/wp-json\/wp\/v2\/product_tag?post=145960"}],"curies":[{"name":"wp","href":"https:\/\/api.w.org\/{rel}","templated":true}]}}