{"id":145813,"date":"2022-12-01T17:15:52","date_gmt":"2022-12-01T16:15:56","guid":{"rendered":"https:\/\/tourtravelandmore.com\/?post_type=product&#038;p=145813"},"modified":"2023-09-08T17:15:27","modified_gmt":"2023-09-08T15:15:27","slug":"tour-privado-de-alejandria","status":"publish","type":"product","link":"https:\/\/tourtravelandmore.com\/es\/tours\/egipto-es\/alejandria-es\/alejandria-tours-privados-es\/tour-privado-de-alejandria\/","title":{"rendered":"Tour privado de Alejandr\u00eda"},"content":{"rendered":"<h2 id=\"tw-target-text\" class=\"tw-data-text tw-text-large XcVN5d tw-ta\" dir=\"ltr\" data-placeholder=\"Traducci\u00f3n\"><span lang=\"es\">Descripci\u00f3n del Excursi\u00f3n privada a Alejandr\u00eda<\/span><\/h2>\n<p><span style=\"font-weight: 400;\">Fundada en el a\u00f1o <strong>331<\/strong> <strong>AC<\/strong> por <strong>Alejandro<\/strong> <strong>Magno<\/strong>, <strong>Alejandr\u00eda<\/strong> (<strong>Al<\/strong> <strong>Iskandariya<\/strong>) es hoy la segunda ciudad m\u00e1s grande de Egipto. Alberga una maravillosa historia, la cual podr\u00e1s aprender y disfrutar junto a tu gu\u00eda privado en un <strong>tour privado de Alejandr\u00eda.<\/strong><\/span><\/p>\n<p><span style=\"font-weight: 400;\">Su chofer y gu\u00eda privado le recoger\u00e1 a su horario deseado en su hotel. Prepararemos con antelaci\u00f3n todo para que usted pueda disfrutar al m\u00e1ximo su visita a la ciudad de Alejandro Magno.<\/span><\/p>\n<p><span style=\"font-weight: 400;\">El tour es completamente adaptable a sus deseos e intereses personales. Nuestros gu\u00edas y choferes est\u00e1n a su entera disposici\u00f3n. Coordinaremos las entradas del itinerario con antelaci\u00f3n. En caso de que visite Egipto por m\u00e1s d\u00edas puede ver nuestros <\/span><strong><a href=\"https:\/\/tourtravelandmore.com\/es\/ciudad\/egipto-es\/cairo-es\/cairo-rutas-es\/\">itinerarios privados<\/a>.<\/strong><\/p>\n<h2 id=\"tw-target-text\" class=\"tw-data-text tw-text-large XcVN5d tw-ta\" dir=\"ltr\" data-placeholder=\"Traducci\u00f3n\">Puntos de inter\u00e9s<\/h2>\n<p><span style=\"font-weight: 400;\">A pesar de que una gran parte del patrimonio hist\u00f3rico de <strong>Alejandr\u00eda<\/strong> se haya perdido por diversos motivos, hay mucho para ver y aprender en esta gran ciudad.<\/span><\/p>\n<p><span style=\"font-weight: 400;\">La primera parada de su tour privado de Alejandr\u00eda\u00a0ser\u00e1n las catacumbas de <strong>Kom<\/strong> <strong>El<\/strong> <strong>Shoqafa<\/strong>. Este sitio es considerado el cementerio romano m\u00e1s grande del mundo, teniendo 3 pisos. A continuaci\u00f3n visitar\u00e1 el <strong>Pilar<\/strong> <strong>de Pompeyo<\/strong>, la columna m\u00e1s grande que queda del antiguo <strong>Egipto<\/strong>.<\/span><\/p>\n<p><span style=\"font-weight: 400;\">Finalmente, visitar\u00e1 el anfiteatro romano, el cual alberg\u00f3 hasta 600 espectadores. El sector para la audiencia en el anfiteatro tiene un di\u00e1metro de <strong>33 metros y consiste en 13 filas.<\/strong><\/span><\/p>\n<p><span style=\"font-weight: 400;\">La siguiente parada ser\u00e1 la <strong>biblioteca de Alejandr\u00eda<\/strong>. Este magn\u00edfico centro cultural y cient\u00edfico es la biblioteca m\u00e1s grande del mundo, albergando diversas colecciones de literatura sobre civilizaciones, ciencias y artes que atraen a expertos de todo el mundo. A continuaci\u00f3n visitar\u00e1n <strong>la ciudadela de Qaitbay, edificada en las ruinas del antiguo faro.<\/strong><\/span><\/p>\n<p><span style=\"font-weight: 400;\">En la \u00faltima parte de su tour visitar\u00e1n <strong>la iglesia de San Marcos y la mezquita Abu El Abbas.<\/strong><\/span><\/p>\n","protected":false},"excerpt":{"rendered":"<p>Disfrute un <strong>tour privado de Alejandria <\/strong>\u00a0junto a un gu\u00eda local experto. Aprenda la historia de la ciudad de Alejandro Magno<\/p>\n","protected":false},"featured_media":145838,"comment_status":"open","ping_status":"closed","template":"","meta":{"_acf_changed":false},"product_brand":[],"product_cat":[3031,3952,3953],"product_tag":[],"class_list":{"0":"post-145813","1":"product","2":"type-product","3":"status-publish","4":"has-post-thumbnail","6":"product_cat-egipto-es","7":"product_cat-alejandria-es","8":"product_cat-alejandria-tours-privados-es","10":"first","11":"instock","12":"shipping-taxable","13":"purchasable","14":"product-type-simple"},"acf":[],"yoast_head":"<!-- This site is optimized with the Yoast SEO Premium plugin v25.3.1 (Yoast SEO v25.3.1) - https:\/\/yoast.com\/wordpress\/plugins\/seo\/ -->\n<title>Tour privado de d\u00eda completo de Alejandria con chofer y gu\u00eda oficial | TTM<\/title>\n<meta name=\"description\" content=\"Disfrute un tour privado de Alejandria junto a un gu\u00eda local experto. Aprenda la historia de la ciudad de Alejandro Magno \u2705\" \/>\n<meta name=\"robots\" content=\"index, follow, max-snippet:-1, max-image-preview:large, max-video-preview:-1\" \/>\n<link rel=\"canonical\" href=\"https:\/\/tourtravelandmore.com\/es\/tours\/egipto-es\/alejandria-es\/alejandria-tours-privados-es\/tour-privado-de-alejandria\/\" \/>\n<meta property=\"og:locale\" content=\"es_ES\" \/>\n<meta property=\"og:type\" content=\"article\" \/>\n<meta property=\"og:title\" content=\"Tour privado de Alejandr\u00eda\" \/>\n<meta property=\"og:description\" content=\"Disfrute un tour privado de Alejandria junto a un gu\u00eda local experto. Aprenda la historia de la ciudad de Alejandro Magno \u2705\" \/>\n<meta property=\"og:url\" content=\"https:\/\/tourtravelandmore.com\/es\/tours\/egipto-es\/alejandria-es\/alejandria-tours-privados-es\/tour-privado-de-alejandria\/\" \/>\n<meta property=\"og:site_name\" content=\"Tour Travel And More\" \/>\n<meta property=\"article:publisher\" content=\"https:\/\/www.facebook.com\/tourtravelandmore\/\" \/>\n<meta property=\"article:modified_time\" content=\"2023-09-08T15:15:27+00:00\" \/>\n<meta property=\"og:image\" content=\"https:\/\/tourtravelandmore.com\/wp-content\/uploads\/2022\/12\/pexels-hazem-omar-10632060-scaled.jpg\" \/>\n\t<meta property=\"og:image:width\" content=\"2560\" \/>\n\t<meta property=\"og:image:height\" content=\"1653\" \/>\n\t<meta property=\"og:image:type\" content=\"image\/jpeg\" \/>\n<meta name=\"twitter:card\" content=\"summary_large_image\" \/>\n<meta name=\"twitter:site\" content=\"@TourTravel_More\" \/>\n<meta name=\"twitter:label1\" content=\"Tiempo de lectura\" \/>\n\t<meta name=\"twitter:data1\" content=\"2 minutos\" \/>\n<script type=\"application\/ld+json\" class=\"yoast-schema-graph\">{\"@context\":\"https:\/\/schema.org\",\"@graph\":[{\"@type\":\"WebPage\",\"@id\":\"https:\/\/tourtravelandmore.com\/es\/tours\/egipto-es\/alejandria-es\/alejandria-tours-privados-es\/tour-privado-de-alejandria\/\",\"url\":\"https:\/\/tourtravelandmore.com\/es\/tours\/egipto-es\/alejandria-es\/alejandria-tours-privados-es\/tour-privado-de-alejandria\/\",\"name\":\"Tour privado de d\u00eda completo de Alejandria con chofer y gu\u00eda oficial | TTM\",\"isPartOf\":{\"@id\":\"https:\/\/tourtravelandmore.com\/es\/#website\"},\"primaryImageOfPage\":{\"@id\":\"https:\/\/tourtravelandmore.com\/es\/tours\/egipto-es\/alejandria-es\/alejandria-tours-privados-es\/tour-privado-de-alejandria\/#primaryimage\"},\"image\":{\"@id\":\"https:\/\/tourtravelandmore.com\/es\/tours\/egipto-es\/alejandria-es\/alejandria-tours-privados-es\/tour-privado-de-alejandria\/#primaryimage\"},\"thumbnailUrl\":\"https:\/\/tourtravelandmore.com\/wp-content\/uploads\/2022\/12\/pexels-hazem-omar-10632060-scaled.jpg\",\"datePublished\":\"2022-12-01T16:15:56+00:00\",\"dateModified\":\"2023-09-08T15:15:27+00:00\",\"description\":\"Disfrute un tour privado de Alejandria junto a un gu\u00eda local experto. Aprenda la historia de la ciudad de Alejandro Magno \u2705\",\"breadcrumb\":{\"@id\":\"https:\/\/tourtravelandmore.com\/es\/tours\/egipto-es\/alejandria-es\/alejandria-tours-privados-es\/tour-privado-de-alejandria\/#breadcrumb\"},\"inLanguage\":\"es\",\"potentialAction\":[{\"@type\":\"ReadAction\",\"target\":[\"https:\/\/tourtravelandmore.com\/es\/tours\/egipto-es\/alejandria-es\/alejandria-tours-privados-es\/tour-privado-de-alejandria\/\"]}]},{\"@type\":\"ImageObject\",\"inLanguage\":\"es\",\"@id\":\"https:\/\/tourtravelandmore.com\/es\/tours\/egipto-es\/alejandria-es\/alejandria-tours-privados-es\/tour-privado-de-alejandria\/#primaryimage\",\"url\":\"https:\/\/tourtravelandmore.com\/wp-content\/uploads\/2022\/12\/pexels-hazem-omar-10632060-scaled.jpg\",\"contentUrl\":\"https:\/\/tourtravelandmore.com\/wp-content\/uploads\/2022\/12\/pexels-hazem-omar-10632060-scaled.jpg\",\"width\":2560,\"height\":1653},{\"@type\":\"BreadcrumbList\",\"@id\":\"https:\/\/tourtravelandmore.com\/es\/tours\/egipto-es\/alejandria-es\/alejandria-tours-privados-es\/tour-privado-de-alejandria\/#breadcrumb\",\"itemListElement\":[{\"@type\":\"ListItem\",\"position\":1,\"name\":\"Home\",\"item\":\"https:\/\/tourtravelandmore.com\/es\/\"},{\"@type\":\"ListItem\",\"position\":2,\"name\":\"Tours\",\"item\":\"https:\/\/tourtravelandmore.com\/es\/tours\/\"},{\"@type\":\"ListItem\",\"position\":3,\"name\":\"Tour privado de Alejandr\u00eda\"}]},{\"@type\":\"WebSite\",\"@id\":\"https:\/\/tourtravelandmore.com\/es\/#website\",\"url\":\"https:\/\/tourtravelandmore.com\/es\/\",\"name\":\"Tour Travel And More\",\"description\":\"Private sightseeing tours and luxury transfers in Spain\",\"publisher\":{\"@id\":\"https:\/\/tourtravelandmore.com\/es\/#organization\"},\"potentialAction\":[{\"@type\":\"SearchAction\",\"target\":{\"@type\":\"EntryPoint\",\"urlTemplate\":\"https:\/\/tourtravelandmore.com\/es\/?s={search_term_string}\"},\"query-input\":{\"@type\":\"PropertyValueSpecification\",\"valueRequired\":true,\"valueName\":\"search_term_string\"}}],\"inLanguage\":\"es\"},{\"@type\":\"Organization\",\"@id\":\"https:\/\/tourtravelandmore.com\/es\/#organization\",\"name\":\"Tour Travel And More\",\"url\":\"https:\/\/tourtravelandmore.com\/es\/\",\"logo\":{\"@type\":\"ImageObject\",\"inLanguage\":\"es\",\"@id\":\"https:\/\/tourtravelandmore.com\/es\/#\/schema\/logo\/image\/\",\"url\":\"https:\/\/tourtravelandmore.com\/wp-content\/uploads\/2022\/12\/cropped-logo-cabecera-new.png\",\"contentUrl\":\"https:\/\/tourtravelandmore.com\/wp-content\/uploads\/2022\/12\/cropped-logo-cabecera-new.png\",\"width\":430,\"height\":61,\"caption\":\"Tour Travel And More\"},\"image\":{\"@id\":\"https:\/\/tourtravelandmore.com\/es\/#\/schema\/logo\/image\/\"},\"sameAs\":[\"https:\/\/www.facebook.com\/tourtravelandmore\/\",\"https:\/\/x.com\/TourTravel_More\"]}]}<\/script>\n<!-- \/ Yoast SEO Premium plugin. -->","yoast_head_json":{"title":"Tour privado de d\u00eda completo de Alejandria con chofer y gu\u00eda oficial | TTM","description":"Disfrute un tour privado de Alejandria junto a un gu\u00eda local experto. Aprenda la historia de la ciudad de Alejandro Magno \u2705","robots":{"index":"index","follow":"follow","max-snippet":"max-snippet:-1","max-image-preview":"max-image-preview:large","max-video-preview":"max-video-preview:-1"},"canonical":"https:\/\/tourtravelandmore.com\/es\/tours\/egipto-es\/alejandria-es\/alejandria-tours-privados-es\/tour-privado-de-alejandria\/","og_locale":"es_ES","og_type":"article","og_title":"Tour privado de Alejandr\u00eda","og_description":"Disfrute un tour privado de Alejandria junto a un gu\u00eda local experto. Aprenda la historia de la ciudad de Alejandro Magno \u2705","og_url":"https:\/\/tourtravelandmore.com\/es\/tours\/egipto-es\/alejandria-es\/alejandria-tours-privados-es\/tour-privado-de-alejandria\/","og_site_name":"Tour Travel And More","article_publisher":"https:\/\/www.facebook.com\/tourtravelandmore\/","article_modified_time":"2023-09-08T15:15:27+00:00","og_image":[{"width":2560,"height":1653,"url":"https:\/\/tourtravelandmore.com\/wp-content\/uploads\/2022\/12\/pexels-hazem-omar-10632060-scaled.jpg","type":"image\/jpeg"}],"twitter_card":"summary_large_image","twitter_site":"@TourTravel_More","twitter_misc":{"Tiempo de lectura":"2 minutos"},"schema":{"@context":"https:\/\/schema.org","@graph":[{"@type":"WebPage","@id":"https:\/\/tourtravelandmore.com\/es\/tours\/egipto-es\/alejandria-es\/alejandria-tours-privados-es\/tour-privado-de-alejandria\/","url":"https:\/\/tourtravelandmore.com\/es\/tours\/egipto-es\/alejandria-es\/alejandria-tours-privados-es\/tour-privado-de-alejandria\/","name":"Tour privado de d\u00eda completo de Alejandria con chofer y gu\u00eda oficial | TTM","isPartOf":{"@id":"https:\/\/tourtravelandmore.com\/es\/#website"},"primaryImageOfPage":{"@id":"https:\/\/tourtravelandmore.com\/es\/tours\/egipto-es\/alejandria-es\/alejandria-tours-privados-es\/tour-privado-de-alejandria\/#primaryimage"},"image":{"@id":"https:\/\/tourtravelandmore.com\/es\/tours\/egipto-es\/alejandria-es\/alejandria-tours-privados-es\/tour-privado-de-alejandria\/#primaryimage"},"thumbnailUrl":"https:\/\/tourtravelandmore.com\/wp-content\/uploads\/2022\/12\/pexels-hazem-omar-10632060-scaled.jpg","datePublished":"2022-12-01T16:15:56+00:00","dateModified":"2023-09-08T15:15:27+00:00","description":"Disfrute un tour privado de Alejandria junto a un gu\u00eda local experto. Aprenda la historia de la ciudad de Alejandro Magno \u2705","breadcrumb":{"@id":"https:\/\/tourtravelandmore.com\/es\/tours\/egipto-es\/alejandria-es\/alejandria-tours-privados-es\/tour-privado-de-alejandria\/#breadcrumb"},"inLanguage":"es","potentialAction":[{"@type":"ReadAction","target":["https:\/\/tourtravelandmore.com\/es\/tours\/egipto-es\/alejandria-es\/alejandria-tours-privados-es\/tour-privado-de-alejandria\/"]}]},{"@type":"ImageObject","inLanguage":"es","@id":"https:\/\/tourtravelandmore.com\/es\/tours\/egipto-es\/alejandria-es\/alejandria-tours-privados-es\/tour-privado-de-alejandria\/#primaryimage","url":"https:\/\/tourtravelandmore.com\/wp-content\/uploads\/2022\/12\/pexels-hazem-omar-10632060-scaled.jpg","contentUrl":"https:\/\/tourtravelandmore.com\/wp-content\/uploads\/2022\/12\/pexels-hazem-omar-10632060-scaled.jpg","width":2560,"height":1653},{"@type":"BreadcrumbList","@id":"https:\/\/tourtravelandmore.com\/es\/tours\/egipto-es\/alejandria-es\/alejandria-tours-privados-es\/tour-privado-de-alejandria\/#breadcrumb","itemListElement":[{"@type":"ListItem","position":1,"name":"Home","item":"https:\/\/tourtravelandmore.com\/es\/"},{"@type":"ListItem","position":2,"name":"Tours","item":"https:\/\/tourtravelandmore.com\/es\/tours\/"},{"@type":"ListItem","position":3,"name":"Tour privado de Alejandr\u00eda"}]},{"@type":"WebSite","@id":"https:\/\/tourtravelandmore.com\/es\/#website","url":"https:\/\/tourtravelandmore.com\/es\/","name":"Tour Travel And More","description":"Private sightseeing tours and luxury transfers in Spain","publisher":{"@id":"https:\/\/tourtravelandmore.com\/es\/#organization"},"potentialAction":[{"@type":"SearchAction","target":{"@type":"EntryPoint","urlTemplate":"https:\/\/tourtravelandmore.com\/es\/?s={search_term_string}"},"query-input":{"@type":"PropertyValueSpecification","valueRequired":true,"valueName":"search_term_string"}}],"inLanguage":"es"},{"@type":"Organization","@id":"https:\/\/tourtravelandmore.com\/es\/#organization","name":"Tour Travel And More","url":"https:\/\/tourtravelandmore.com\/es\/","logo":{"@type":"ImageObject","inLanguage":"es","@id":"https:\/\/tourtravelandmore.com\/es\/#\/schema\/logo\/image\/","url":"https:\/\/tourtravelandmore.com\/wp-content\/uploads\/2022\/12\/cropped-logo-cabecera-new.png","contentUrl":"https:\/\/tourtravelandmore.com\/wp-content\/uploads\/2022\/12\/cropped-logo-cabecera-new.png","width":430,"height":61,"caption":"Tour Travel And More"},"image":{"@id":"https:\/\/tourtravelandmore.com\/es\/#\/schema\/logo\/image\/"},"sameAs":["https:\/\/www.facebook.com\/tourtravelandmore\/","https:\/\/x.com\/TourTravel_More"]}]}},"_links":{"self":[{"href":"https:\/\/tourtravelandmore.com\/es\/wp-json\/wp\/v2\/product\/145813","targetHints":{"allow":["GET"]}}],"collection":[{"href":"https:\/\/tourtravelandmore.com\/es\/wp-json\/wp\/v2\/product"}],"about":[{"href":"https:\/\/tourtravelandmore.com\/es\/wp-json\/wp\/v2\/types\/product"}],"replies":[{"embeddable":true,"href":"https:\/\/tourtravelandmore.com\/es\/wp-json\/wp\/v2\/comments?post=145813"}],"wp:featuredmedia":[{"embeddable":true,"href":"https:\/\/tourtravelandmore.com\/es\/wp-json\/wp\/v2\/media\/145838"}],"wp:attachment":[{"href":"https:\/\/tourtravelandmore.com\/es\/wp-json\/wp\/v2\/media?parent=145813"}],"wp:term":[{"taxonomy":"product_brand","embeddable":true,"href":"https:\/\/tourtravelandmore.com\/es\/wp-json\/wp\/v2\/product_brand?post=145813"},{"taxonomy":"product_cat","embeddable":true,"href":"https:\/\/tourtravelandmore.com\/es\/wp-json\/wp\/v2\/product_cat?post=145813"},{"taxonomy":"product_tag","embeddable":true,"href":"https:\/\/tourtravelandmore.com\/es\/wp-json\/wp\/v2\/product_tag?post=145813"}],"curies":[{"name":"wp","href":"https:\/\/api.w.org\/{rel}","templated":true}]}}