{"id":145739,"date":"2022-11-30T16:46:28","date_gmt":"2022-11-30T15:46:29","guid":{"rendered":"https:\/\/tourtravelandmore.com\/?post_type=product&#038;p=145739"},"modified":"2022-12-23T20:57:32","modified_gmt":"2022-12-23T19:57:32","slug":"tour-privado-de-museos-en-luxor-museo-de-luxor-y-museo-de-la-momificacion","status":"publish","type":"product","link":"https:\/\/tourtravelandmore.com\/es\/tours\/egipto-es\/aswan-luxor-es\/tour-privado-de-museos-en-luxor-museo-de-luxor-y-museo-de-la-momificacion\/","title":{"rendered":"Tour privado de museos en Luxor: Museo de Luxor y Museo de la Momificaci\u00f3n"},"content":{"rendered":"<h2><b>Descripci\u00f3n de Tour privado de museos en Luxor: Museo de Luxor y Museo de la Momificaci\u00f3n<\/b><\/h2>\n<p><span style=\"font-weight: 400;\">Descubra uno de los principales monumentos del Antiguo Egipto en esta excursi\u00f3n guiada de un d\u00eda desde Luxor, junto a un gu\u00eda tur\u00edstico local con licencia y su conductor privado. Disfrute de nuestro <\/span><b>Tour privado de museos en Luxor: Museo de Luxor y Museo de la Momificaci\u00f3n.<\/b><span style=\"font-weight: 400;\"> Explorar\u00e1 varios hitos de una de las mayores civilizaciones que existieron en nuestro planeta.<\/span><\/p>\n<p><span style=\"font-weight: 400;\">Su chofer y gu\u00eda oficial privado le recoger\u00e1n en su sitio deseado en Luxor. A continuaci\u00f3n iniciar\u00e1n su excursi\u00f3n por esta hermosa ciudad.\u00a0<\/span><\/p>\n<p><span style=\"font-weight: 400;\">El tour es 100\u202f% ajustable a sus propios deseos e intereses. Nuestros gu\u00edas y choferes est\u00e1n a su entera disposici\u00f3n. Coordinaremos sus entradas con anticipaci\u00f3n. En caso de que visite Egipto por m\u00e1s d\u00edas, puede ver nuestros <\/span><a href=\"https:\/\/tourtravelandmore.com\/es\/ciudad\/egipto-es\/cairo-es\/cairo-rutas-es\/\"><span style=\"font-weight: 400;\">itinerarios privados<\/span><\/a><span style=\"font-weight: 400;\">.<\/span><\/p>\n<h2><b>Puntos de inter\u00e9s\u00a0<\/b><\/h2>\n<p><b>L\u00faxor <\/b><span style=\"font-weight: 400;\">es una ciudad de la orilla este del r\u00edo Nilo en el sur de Egipto. Se encuentra en el sitio de la antigua Tebas, la capital de los faraones en la c\u00faspide de su poder, durante los siglos XVI al XI a. C. La ciudad actual rodea dos monumentos antiguos enormes que sobreviven: el elegante templo de <\/span><b>L\u00faxor <\/b><span style=\"font-weight: 400;\">y el templo de Karnak, una milla al norte. Las tumbas reales del Valle de los Reyes y el Valle de las Reinas se encuentran en la orilla oeste del r\u00edo.<\/span><\/p>\n<p><span style=\"font-weight: 400;\">Visita los sitios m\u00e1s maravillosos de Egipto en un tour privado de Luxor. Recorreremos esta hermosa ciudad y un lugar tan hist\u00f3rico como lo es <\/span><b>el Templo de Karnak. <\/b><span style=\"font-weight: 400;\">All\u00ed su gu\u00eda oficial privado les ense\u00f1ar\u00e1 la historia y la cultura de esta ancestral civilizaci\u00f3n.<\/span><\/p>\n<p><span style=\"font-weight: 400;\">El Museo de Luxor se inaugur\u00f3 en 1975. La gama de artefactos expuestos es mucho m\u00e1s restringida que las principales colecciones del pa\u00eds en el Museo Egipcio de El Cairo; sin embargo, esto fue deliberado, ya que el museo se enorgullece de la calidad de las piezas que tiene, la forma despejada en que se exponen y la clara etiquetaci\u00f3n multiling\u00fce utilizada.<\/span><\/p>\n<p><span style=\"font-weight: 400;\">El Museo de la Momificaci\u00f3n es un museo arqueol\u00f3gico de Luxor, en el Alto Egipto. Est\u00e1 dedicado al arte del Antiguo Egipto. Inaugurado en 1997, su nombre hace referencia al tema central del museo, como no pod\u00eda ser de otra manera, en su interior se puede visitar una enorme colecci\u00f3n de momias de todo tipo que deslumbrar\u00e1n nuestro rostro, atrap\u00e1ndonos en cada ejemplar.<\/span><\/p>\n<p><span style=\"font-weight: 400;\">Al finalizar su tour privado de Luxor su chofer y gu\u00eda le llevar\u00e1n de vuelta a su hotel o sitio deseado en Luxor.<\/span><\/p>\n","protected":false},"excerpt":{"rendered":"<p><b>L\u00faxor <\/b><span style=\"font-weight: 400;\">es una ciudad de la orilla este del r\u00edo Nilo en el sur de Egipto. Se encuentra en el sitio de la antigua Tebas, la capital de los faraones en la c\u00faspide de su poder, durante los siglos XVI al XI a. C. La ciudad actual rodea dos monumentos antiguos enormes que sobreviven: el elegante templo de <\/span><b>L\u00faxor <\/b><span style=\"font-weight: 400;\">y el templo de Karnak, una milla al norte. Las tumbas reales del Valle de los Reyes y el Valle de las Reinas se encuentran en la orilla oeste del r\u00edo.<\/span><\/p>\n","protected":false},"featured_media":145758,"comment_status":"open","ping_status":"closed","template":"","meta":{"_acf_changed":false},"product_brand":[],"product_cat":[3031,3974],"product_tag":[],"class_list":{"0":"post-145739","1":"product","2":"type-product","3":"status-publish","4":"has-post-thumbnail","6":"product_cat-egipto-es","7":"product_cat-aswan-luxor-es","9":"first","10":"instock","11":"shipping-taxable","12":"purchasable","13":"product-type-simple"},"acf":[],"yoast_head":"<!-- This site is optimized with the Yoast SEO Premium plugin v25.3.1 (Yoast SEO v25.3.1) - https:\/\/yoast.com\/wordpress\/plugins\/seo\/ -->\n<title>Tour privado de museos en Luxor: Museo de Luxor y Museo de la Momificaci\u00f3n<\/title>\n<meta name=\"description\" content=\"Aproveche la oportunidad de ver el mejor templo de Luxor en este Tour Privado de Museos en Luxor: \u00a1Museo de Luxor y Museo de Momificaci\u00f3n! \u2705\" \/>\n<meta name=\"robots\" content=\"index, follow, max-snippet:-1, max-image-preview:large, max-video-preview:-1\" \/>\n<link rel=\"canonical\" href=\"https:\/\/tourtravelandmore.com\/es\/tours\/egipto-es\/aswan-luxor-es\/tour-privado-de-museos-en-luxor-museo-de-luxor-y-museo-de-la-momificacion\/\" \/>\n<meta property=\"og:locale\" content=\"es_ES\" \/>\n<meta property=\"og:type\" content=\"article\" \/>\n<meta property=\"og:title\" content=\"Tour privado de museos en Luxor: Museo de Luxor y Museo de la Momificaci\u00f3n\" \/>\n<meta property=\"og:description\" content=\"Aproveche la oportunidad de ver el mejor templo de Luxor en este Tour Privado de Museos en Luxor: \u00a1Museo de Luxor y Museo de Momificaci\u00f3n! \u2705\" \/>\n<meta property=\"og:url\" content=\"https:\/\/tourtravelandmore.com\/es\/tours\/egipto-es\/aswan-luxor-es\/tour-privado-de-museos-en-luxor-museo-de-luxor-y-museo-de-la-momificacion\/\" \/>\n<meta property=\"og:site_name\" content=\"Tour Travel And More\" \/>\n<meta property=\"article:publisher\" content=\"https:\/\/www.facebook.com\/tourtravelandmore\/\" \/>\n<meta property=\"article:modified_time\" content=\"2022-12-23T19:57:32+00:00\" \/>\n<meta property=\"og:image\" content=\"https:\/\/tourtravelandmore.com\/wp-content\/uploads\/2022\/11\/Luxor-Museum-1024x568-1.png\" \/>\n\t<meta property=\"og:image:width\" content=\"1024\" \/>\n\t<meta property=\"og:image:height\" content=\"568\" \/>\n\t<meta property=\"og:image:type\" content=\"image\/png\" \/>\n<meta name=\"twitter:card\" content=\"summary_large_image\" \/>\n<meta name=\"twitter:site\" content=\"@TourTravel_More\" \/>\n<meta name=\"twitter:label1\" content=\"Tiempo de lectura\" \/>\n\t<meta name=\"twitter:data1\" content=\"2 minutos\" \/>\n<script type=\"application\/ld+json\" class=\"yoast-schema-graph\">{\"@context\":\"https:\/\/schema.org\",\"@graph\":[{\"@type\":\"WebPage\",\"@id\":\"https:\/\/tourtravelandmore.com\/es\/tours\/egipto-es\/aswan-luxor-es\/tour-privado-de-museos-en-luxor-museo-de-luxor-y-museo-de-la-momificacion\/\",\"url\":\"https:\/\/tourtravelandmore.com\/es\/tours\/egipto-es\/aswan-luxor-es\/tour-privado-de-museos-en-luxor-museo-de-luxor-y-museo-de-la-momificacion\/\",\"name\":\"Tour privado de museos en Luxor: Museo de Luxor y Museo de la Momificaci\u00f3n\",\"isPartOf\":{\"@id\":\"https:\/\/tourtravelandmore.com\/es\/#website\"},\"primaryImageOfPage\":{\"@id\":\"https:\/\/tourtravelandmore.com\/es\/tours\/egipto-es\/aswan-luxor-es\/tour-privado-de-museos-en-luxor-museo-de-luxor-y-museo-de-la-momificacion\/#primaryimage\"},\"image\":{\"@id\":\"https:\/\/tourtravelandmore.com\/es\/tours\/egipto-es\/aswan-luxor-es\/tour-privado-de-museos-en-luxor-museo-de-luxor-y-museo-de-la-momificacion\/#primaryimage\"},\"thumbnailUrl\":\"https:\/\/tourtravelandmore.com\/wp-content\/uploads\/2022\/11\/Luxor-Museum-1024x568-1.png\",\"datePublished\":\"2022-11-30T15:46:29+00:00\",\"dateModified\":\"2022-12-23T19:57:32+00:00\",\"description\":\"Aproveche la oportunidad de ver el mejor templo de Luxor en este Tour Privado de Museos en Luxor: \u00a1Museo de Luxor y Museo de Momificaci\u00f3n! \u2705\",\"breadcrumb\":{\"@id\":\"https:\/\/tourtravelandmore.com\/es\/tours\/egipto-es\/aswan-luxor-es\/tour-privado-de-museos-en-luxor-museo-de-luxor-y-museo-de-la-momificacion\/#breadcrumb\"},\"inLanguage\":\"es\",\"potentialAction\":[{\"@type\":\"ReadAction\",\"target\":[\"https:\/\/tourtravelandmore.com\/es\/tours\/egipto-es\/aswan-luxor-es\/tour-privado-de-museos-en-luxor-museo-de-luxor-y-museo-de-la-momificacion\/\"]}]},{\"@type\":\"ImageObject\",\"inLanguage\":\"es\",\"@id\":\"https:\/\/tourtravelandmore.com\/es\/tours\/egipto-es\/aswan-luxor-es\/tour-privado-de-museos-en-luxor-museo-de-luxor-y-museo-de-la-momificacion\/#primaryimage\",\"url\":\"https:\/\/tourtravelandmore.com\/wp-content\/uploads\/2022\/11\/Luxor-Museum-1024x568-1.png\",\"contentUrl\":\"https:\/\/tourtravelandmore.com\/wp-content\/uploads\/2022\/11\/Luxor-Museum-1024x568-1.png\",\"width\":1024,\"height\":568},{\"@type\":\"BreadcrumbList\",\"@id\":\"https:\/\/tourtravelandmore.com\/es\/tours\/egipto-es\/aswan-luxor-es\/tour-privado-de-museos-en-luxor-museo-de-luxor-y-museo-de-la-momificacion\/#breadcrumb\",\"itemListElement\":[{\"@type\":\"ListItem\",\"position\":1,\"name\":\"Home\",\"item\":\"https:\/\/tourtravelandmore.com\/es\/\"},{\"@type\":\"ListItem\",\"position\":2,\"name\":\"Tours\",\"item\":\"https:\/\/tourtravelandmore.com\/es\/tours\/\"},{\"@type\":\"ListItem\",\"position\":3,\"name\":\"Tour privado de museos en Luxor: Museo de Luxor y Museo de la Momificaci\u00f3n\"}]},{\"@type\":\"WebSite\",\"@id\":\"https:\/\/tourtravelandmore.com\/es\/#website\",\"url\":\"https:\/\/tourtravelandmore.com\/es\/\",\"name\":\"Tour Travel And More\",\"description\":\"Private sightseeing tours and luxury transfers in Spain\",\"publisher\":{\"@id\":\"https:\/\/tourtravelandmore.com\/es\/#organization\"},\"potentialAction\":[{\"@type\":\"SearchAction\",\"target\":{\"@type\":\"EntryPoint\",\"urlTemplate\":\"https:\/\/tourtravelandmore.com\/es\/?s={search_term_string}\"},\"query-input\":{\"@type\":\"PropertyValueSpecification\",\"valueRequired\":true,\"valueName\":\"search_term_string\"}}],\"inLanguage\":\"es\"},{\"@type\":\"Organization\",\"@id\":\"https:\/\/tourtravelandmore.com\/es\/#organization\",\"name\":\"Tour Travel And More\",\"url\":\"https:\/\/tourtravelandmore.com\/es\/\",\"logo\":{\"@type\":\"ImageObject\",\"inLanguage\":\"es\",\"@id\":\"https:\/\/tourtravelandmore.com\/es\/#\/schema\/logo\/image\/\",\"url\":\"https:\/\/tourtravelandmore.com\/wp-content\/uploads\/2022\/12\/cropped-logo-cabecera-new.png\",\"contentUrl\":\"https:\/\/tourtravelandmore.com\/wp-content\/uploads\/2022\/12\/cropped-logo-cabecera-new.png\",\"width\":430,\"height\":61,\"caption\":\"Tour Travel And More\"},\"image\":{\"@id\":\"https:\/\/tourtravelandmore.com\/es\/#\/schema\/logo\/image\/\"},\"sameAs\":[\"https:\/\/www.facebook.com\/tourtravelandmore\/\",\"https:\/\/x.com\/TourTravel_More\"]}]}<\/script>\n<!-- \/ Yoast SEO Premium plugin. -->","yoast_head_json":{"title":"Tour privado de museos en Luxor: Museo de Luxor y Museo de la Momificaci\u00f3n","description":"Aproveche la oportunidad de ver el mejor templo de Luxor en este Tour Privado de Museos en Luxor: \u00a1Museo de Luxor y Museo de Momificaci\u00f3n! \u2705","robots":{"index":"index","follow":"follow","max-snippet":"max-snippet:-1","max-image-preview":"max-image-preview:large","max-video-preview":"max-video-preview:-1"},"canonical":"https:\/\/tourtravelandmore.com\/es\/tours\/egipto-es\/aswan-luxor-es\/tour-privado-de-museos-en-luxor-museo-de-luxor-y-museo-de-la-momificacion\/","og_locale":"es_ES","og_type":"article","og_title":"Tour privado de museos en Luxor: Museo de Luxor y Museo de la Momificaci\u00f3n","og_description":"Aproveche la oportunidad de ver el mejor templo de Luxor en este Tour Privado de Museos en Luxor: \u00a1Museo de Luxor y Museo de Momificaci\u00f3n! \u2705","og_url":"https:\/\/tourtravelandmore.com\/es\/tours\/egipto-es\/aswan-luxor-es\/tour-privado-de-museos-en-luxor-museo-de-luxor-y-museo-de-la-momificacion\/","og_site_name":"Tour Travel And More","article_publisher":"https:\/\/www.facebook.com\/tourtravelandmore\/","article_modified_time":"2022-12-23T19:57:32+00:00","og_image":[{"width":1024,"height":568,"url":"https:\/\/tourtravelandmore.com\/wp-content\/uploads\/2022\/11\/Luxor-Museum-1024x568-1.png","type":"image\/png"}],"twitter_card":"summary_large_image","twitter_site":"@TourTravel_More","twitter_misc":{"Tiempo de lectura":"2 minutos"},"schema":{"@context":"https:\/\/schema.org","@graph":[{"@type":"WebPage","@id":"https:\/\/tourtravelandmore.com\/es\/tours\/egipto-es\/aswan-luxor-es\/tour-privado-de-museos-en-luxor-museo-de-luxor-y-museo-de-la-momificacion\/","url":"https:\/\/tourtravelandmore.com\/es\/tours\/egipto-es\/aswan-luxor-es\/tour-privado-de-museos-en-luxor-museo-de-luxor-y-museo-de-la-momificacion\/","name":"Tour privado de museos en Luxor: Museo de Luxor y Museo de la Momificaci\u00f3n","isPartOf":{"@id":"https:\/\/tourtravelandmore.com\/es\/#website"},"primaryImageOfPage":{"@id":"https:\/\/tourtravelandmore.com\/es\/tours\/egipto-es\/aswan-luxor-es\/tour-privado-de-museos-en-luxor-museo-de-luxor-y-museo-de-la-momificacion\/#primaryimage"},"image":{"@id":"https:\/\/tourtravelandmore.com\/es\/tours\/egipto-es\/aswan-luxor-es\/tour-privado-de-museos-en-luxor-museo-de-luxor-y-museo-de-la-momificacion\/#primaryimage"},"thumbnailUrl":"https:\/\/tourtravelandmore.com\/wp-content\/uploads\/2022\/11\/Luxor-Museum-1024x568-1.png","datePublished":"2022-11-30T15:46:29+00:00","dateModified":"2022-12-23T19:57:32+00:00","description":"Aproveche la oportunidad de ver el mejor templo de Luxor en este Tour Privado de Museos en Luxor: \u00a1Museo de Luxor y Museo de Momificaci\u00f3n! \u2705","breadcrumb":{"@id":"https:\/\/tourtravelandmore.com\/es\/tours\/egipto-es\/aswan-luxor-es\/tour-privado-de-museos-en-luxor-museo-de-luxor-y-museo-de-la-momificacion\/#breadcrumb"},"inLanguage":"es","potentialAction":[{"@type":"ReadAction","target":["https:\/\/tourtravelandmore.com\/es\/tours\/egipto-es\/aswan-luxor-es\/tour-privado-de-museos-en-luxor-museo-de-luxor-y-museo-de-la-momificacion\/"]}]},{"@type":"ImageObject","inLanguage":"es","@id":"https:\/\/tourtravelandmore.com\/es\/tours\/egipto-es\/aswan-luxor-es\/tour-privado-de-museos-en-luxor-museo-de-luxor-y-museo-de-la-momificacion\/#primaryimage","url":"https:\/\/tourtravelandmore.com\/wp-content\/uploads\/2022\/11\/Luxor-Museum-1024x568-1.png","contentUrl":"https:\/\/tourtravelandmore.com\/wp-content\/uploads\/2022\/11\/Luxor-Museum-1024x568-1.png","width":1024,"height":568},{"@type":"BreadcrumbList","@id":"https:\/\/tourtravelandmore.com\/es\/tours\/egipto-es\/aswan-luxor-es\/tour-privado-de-museos-en-luxor-museo-de-luxor-y-museo-de-la-momificacion\/#breadcrumb","itemListElement":[{"@type":"ListItem","position":1,"name":"Home","item":"https:\/\/tourtravelandmore.com\/es\/"},{"@type":"ListItem","position":2,"name":"Tours","item":"https:\/\/tourtravelandmore.com\/es\/tours\/"},{"@type":"ListItem","position":3,"name":"Tour privado de museos en Luxor: Museo de Luxor y Museo de la Momificaci\u00f3n"}]},{"@type":"WebSite","@id":"https:\/\/tourtravelandmore.com\/es\/#website","url":"https:\/\/tourtravelandmore.com\/es\/","name":"Tour Travel And More","description":"Private sightseeing tours and luxury transfers in Spain","publisher":{"@id":"https:\/\/tourtravelandmore.com\/es\/#organization"},"potentialAction":[{"@type":"SearchAction","target":{"@type":"EntryPoint","urlTemplate":"https:\/\/tourtravelandmore.com\/es\/?s={search_term_string}"},"query-input":{"@type":"PropertyValueSpecification","valueRequired":true,"valueName":"search_term_string"}}],"inLanguage":"es"},{"@type":"Organization","@id":"https:\/\/tourtravelandmore.com\/es\/#organization","name":"Tour Travel And More","url":"https:\/\/tourtravelandmore.com\/es\/","logo":{"@type":"ImageObject","inLanguage":"es","@id":"https:\/\/tourtravelandmore.com\/es\/#\/schema\/logo\/image\/","url":"https:\/\/tourtravelandmore.com\/wp-content\/uploads\/2022\/12\/cropped-logo-cabecera-new.png","contentUrl":"https:\/\/tourtravelandmore.com\/wp-content\/uploads\/2022\/12\/cropped-logo-cabecera-new.png","width":430,"height":61,"caption":"Tour Travel And More"},"image":{"@id":"https:\/\/tourtravelandmore.com\/es\/#\/schema\/logo\/image\/"},"sameAs":["https:\/\/www.facebook.com\/tourtravelandmore\/","https:\/\/x.com\/TourTravel_More"]}]}},"_links":{"self":[{"href":"https:\/\/tourtravelandmore.com\/es\/wp-json\/wp\/v2\/product\/145739","targetHints":{"allow":["GET"]}}],"collection":[{"href":"https:\/\/tourtravelandmore.com\/es\/wp-json\/wp\/v2\/product"}],"about":[{"href":"https:\/\/tourtravelandmore.com\/es\/wp-json\/wp\/v2\/types\/product"}],"replies":[{"embeddable":true,"href":"https:\/\/tourtravelandmore.com\/es\/wp-json\/wp\/v2\/comments?post=145739"}],"wp:featuredmedia":[{"embeddable":true,"href":"https:\/\/tourtravelandmore.com\/es\/wp-json\/wp\/v2\/media\/145758"}],"wp:attachment":[{"href":"https:\/\/tourtravelandmore.com\/es\/wp-json\/wp\/v2\/media?parent=145739"}],"wp:term":[{"taxonomy":"product_brand","embeddable":true,"href":"https:\/\/tourtravelandmore.com\/es\/wp-json\/wp\/v2\/product_brand?post=145739"},{"taxonomy":"product_cat","embeddable":true,"href":"https:\/\/tourtravelandmore.com\/es\/wp-json\/wp\/v2\/product_cat?post=145739"},{"taxonomy":"product_tag","embeddable":true,"href":"https:\/\/tourtravelandmore.com\/es\/wp-json\/wp\/v2\/product_tag?post=145739"}],"curies":[{"name":"wp","href":"https:\/\/api.w.org\/{rel}","templated":true}]}}