{"id":145603,"date":"2022-11-29T21:15:14","date_gmt":"2022-11-29T20:15:15","guid":{"rendered":"https:\/\/tourtravelandmore.com\/?post_type=product&#038;p=145603"},"modified":"2022-11-29T21:50:20","modified_gmt":"2022-11-29T20:50:20","slug":"tour-privado-al-valle-de-los-nobles-medinet-habu-y-deir-el-medina","status":"publish","type":"product","link":"https:\/\/tourtravelandmore.com\/es\/tours\/egipto-es\/aswan-luxor-es\/tour-privado-al-valle-de-los-nobles-medinet-habu-y-deir-el-medina\/","title":{"rendered":"Tour privado al Valle de los Nobles, Medinet Habu y Deir el-Medina"},"content":{"rendered":"<h2><b>Descripci\u00f3n de Tour privado al Valle de los Nobles, Medinet Habu y Deir el-Medina<\/b><\/h2>\n<p><span style=\"font-weight: 400;\">Visite uno de los lugares m\u00e1s importantes del antiguo <\/span><b>Egipto <\/b><span style=\"font-weight: 400;\">en este<\/span><b> Tour privado al Valle de los Nobles, Medinet Habu y Deir el-Medina.<\/b><span style=\"font-weight: 400;\"> Con su propio gu\u00eda privado, visitar\u00e1 estos lugares hist\u00f3ricos de una de las civilizaciones m\u00e1s importantes de nuestra historia.\u00a0<\/span><\/p>\n<p><span style=\"font-weight: 400;\">Su chofer y gu\u00eda oficial privado le recoger\u00e1n en su sitio deseado en Luxor. A continuaci\u00f3n iniciar\u00e1n su excursi\u00f3n por esta hermosa ciudad.\u00a0<\/span><\/p>\n<p><span style=\"font-weight: 400;\">El tour es 100\u202f% ajustable a sus propios deseos e intereses. Nuestros gu\u00edas y choferes est\u00e1n a su entera disposici\u00f3n. Coordinaremos sus entradas con anticipaci\u00f3n. En caso de que visite Egipto por m\u00e1s d\u00edas, puede ver nuestros <\/span><a href=\"https:\/\/tourtravelandmore.com\/es\/ciudad\/egipto-es\/cairo-es\/cairo-rutas-es\/\"><span style=\"font-weight: 400;\">itinerarios privados<\/span><\/a><span style=\"font-weight: 400;\">.<\/span><\/p>\n<h2><strong>Puntos de inter\u00e9s\u00a0<\/strong><\/h2>\n<p><span style=\"font-weight: 400;\">A primera hora de la ma\u00f1ana, le recogeremos en su lugar de elecci\u00f3n y nos dirigiremos a la costa oeste de <\/span><b>Luxor<\/b><span style=\"font-weight: 400;\">, la necr\u00f3polis de la antigua <\/span><b>Tebas<\/b><span style=\"font-weight: 400;\">.<\/span><\/p>\n<p><span style=\"font-weight: 400;\">Nuestra primera parada ser\u00e1 el <\/span><b>Medinet Habu<\/b><span style=\"font-weight: 400;\">, donde se encuentra el templo mortuorio de <\/span><b>Rams\u00e9s III<\/b><span style=\"font-weight: 400;\">, uno de los monumentos religiosos m\u00e1s importantes de la ciudad. Su entrada, de 63 metros de ancho y 22 de alto, representa a los faraones castigando a los prisioneros.<\/span><\/p>\n<p><span style=\"font-weight: 400;\">El viaje contin\u00faa hacia e<\/span><b>l Valle de los Nobles<\/b><span style=\"font-weight: 400;\">, donde hay m\u00e1s de 500 tumbas de altos funcionarios del gobierno de <\/span><b>Teba<\/b><span style=\"font-weight: 400;\">. Entraremos en varias de estas tumbas y conoceremos sus decoraciones, mejor conservadas que las de las tumbas reales, menos interesantes para los saqueadores.<\/span><\/p>\n<p><span style=\"font-weight: 400;\">Nuestra \u00faltima parada es <\/span><b>Dayr Medina<\/b><span style=\"font-weight: 400;\">, un asentamiento egipcio fundado por Tutmosis I para albergar a trabajadores y artesanos del antiguo Egipto. Durante m\u00e1s de 450 a\u00f1os, este pueblo estuvo habitado por los constructores y decoradores de las tumbas reales. Todav\u00eda existen muchas pruebas arqueol\u00f3gicas, lo que lo convierte en uno de los asentamientos m\u00e1s estudiados de su \u00e9poca.<\/span><\/p>\n<p><span style=\"font-weight: 400;\">Al final de la visita, regrese a su hotel o lugar de elecci\u00f3n en <\/span><b>Luxor.<\/b><\/p>\n","protected":false},"excerpt":{"rendered":"<p><span style=\"font-weight: 400;\">Visite uno de los lugares m\u00e1s importantes del antiguo <\/span><b>Egipto <\/b><span style=\"font-weight: 400;\">en este<\/span><b> Tour privado al Valle de los Nobles, Medinet Habu y Deir el-Medina.<\/b><span style=\"font-weight: 400;\"> Con su propio gu\u00eda privado, visitar\u00e1 estos lugares hist\u00f3ricos de una de las civilizaciones m\u00e1s importantes de nuestra historia.\u00a0<\/span><\/p>\n","protected":false},"featured_media":145622,"comment_status":"open","ping_status":"closed","template":"","meta":{"_acf_changed":false},"product_brand":[],"product_cat":[3031,3974],"product_tag":[],"class_list":{"0":"post-145603","1":"product","2":"type-product","3":"status-publish","4":"has-post-thumbnail","6":"product_cat-egipto-es","7":"product_cat-aswan-luxor-es","9":"first","10":"instock","11":"shipping-taxable","12":"purchasable","13":"product-type-simple"},"acf":[],"yoast_head":"<!-- This site is optimized with the Yoast SEO Premium plugin v25.3.1 (Yoast SEO v25.3.1) - https:\/\/yoast.com\/wordpress\/plugins\/seo\/ -->\n<title>Tour privado al Valle de los Nobles, Medinet Habu y Deir el-Medina | TTM<\/title>\n<meta name=\"description\" content=\"Aproveche la oportunidad de ver los mejores templos de Luxor en este Tour Privado al Valle de los Nobles, Medinet Habu y Deir el-Medina\u2705.\" \/>\n<meta name=\"robots\" content=\"index, follow, max-snippet:-1, max-image-preview:large, max-video-preview:-1\" \/>\n<link rel=\"canonical\" href=\"https:\/\/tourtravelandmore.com\/es\/tours\/egipto-es\/aswan-luxor-es\/tour-privado-al-valle-de-los-nobles-medinet-habu-y-deir-el-medina\/\" \/>\n<meta property=\"og:locale\" content=\"es_ES\" \/>\n<meta property=\"og:type\" content=\"article\" \/>\n<meta property=\"og:title\" content=\"Tour privado al Valle de los Nobles, Medinet Habu y Deir el-Medina\" \/>\n<meta property=\"og:description\" content=\"Aproveche la oportunidad de ver los mejores templos de Luxor en este Tour Privado al Valle de los Nobles, Medinet Habu y Deir el-Medina\u2705.\" \/>\n<meta property=\"og:url\" content=\"https:\/\/tourtravelandmore.com\/es\/tours\/egipto-es\/aswan-luxor-es\/tour-privado-al-valle-de-los-nobles-medinet-habu-y-deir-el-medina\/\" \/>\n<meta property=\"og:site_name\" content=\"Tour Travel And More\" \/>\n<meta property=\"article:publisher\" content=\"https:\/\/www.facebook.com\/tourtravelandmore\/\" \/>\n<meta property=\"article:modified_time\" content=\"2022-11-29T20:50:20+00:00\" \/>\n<meta property=\"og:image\" content=\"https:\/\/tourtravelandmore.com\/wp-content\/uploads\/2022\/11\/templo-de-medinet-habu.jpg\" \/>\n\t<meta property=\"og:image:width\" content=\"1200\" \/>\n\t<meta property=\"og:image:height\" content=\"800\" \/>\n\t<meta property=\"og:image:type\" content=\"image\/jpeg\" \/>\n<meta name=\"twitter:card\" content=\"summary_large_image\" \/>\n<meta name=\"twitter:site\" content=\"@TourTravel_More\" \/>\n<meta name=\"twitter:label1\" content=\"Tiempo de lectura\" \/>\n\t<meta name=\"twitter:data1\" content=\"2 minutos\" \/>\n<script type=\"application\/ld+json\" class=\"yoast-schema-graph\">{\"@context\":\"https:\/\/schema.org\",\"@graph\":[{\"@type\":\"WebPage\",\"@id\":\"https:\/\/tourtravelandmore.com\/es\/tours\/egipto-es\/aswan-luxor-es\/tour-privado-al-valle-de-los-nobles-medinet-habu-y-deir-el-medina\/\",\"url\":\"https:\/\/tourtravelandmore.com\/es\/tours\/egipto-es\/aswan-luxor-es\/tour-privado-al-valle-de-los-nobles-medinet-habu-y-deir-el-medina\/\",\"name\":\"Tour privado al Valle de los Nobles, Medinet Habu y Deir el-Medina | TTM\",\"isPartOf\":{\"@id\":\"https:\/\/tourtravelandmore.com\/es\/#website\"},\"primaryImageOfPage\":{\"@id\":\"https:\/\/tourtravelandmore.com\/es\/tours\/egipto-es\/aswan-luxor-es\/tour-privado-al-valle-de-los-nobles-medinet-habu-y-deir-el-medina\/#primaryimage\"},\"image\":{\"@id\":\"https:\/\/tourtravelandmore.com\/es\/tours\/egipto-es\/aswan-luxor-es\/tour-privado-al-valle-de-los-nobles-medinet-habu-y-deir-el-medina\/#primaryimage\"},\"thumbnailUrl\":\"https:\/\/tourtravelandmore.com\/wp-content\/uploads\/2022\/11\/templo-de-medinet-habu.jpg\",\"datePublished\":\"2022-11-29T20:15:15+00:00\",\"dateModified\":\"2022-11-29T20:50:20+00:00\",\"description\":\"Aproveche la oportunidad de ver los mejores templos de Luxor en este Tour Privado al Valle de los Nobles, Medinet Habu y Deir el-Medina\u2705.\",\"breadcrumb\":{\"@id\":\"https:\/\/tourtravelandmore.com\/es\/tours\/egipto-es\/aswan-luxor-es\/tour-privado-al-valle-de-los-nobles-medinet-habu-y-deir-el-medina\/#breadcrumb\"},\"inLanguage\":\"es\",\"potentialAction\":[{\"@type\":\"ReadAction\",\"target\":[\"https:\/\/tourtravelandmore.com\/es\/tours\/egipto-es\/aswan-luxor-es\/tour-privado-al-valle-de-los-nobles-medinet-habu-y-deir-el-medina\/\"]}]},{\"@type\":\"ImageObject\",\"inLanguage\":\"es\",\"@id\":\"https:\/\/tourtravelandmore.com\/es\/tours\/egipto-es\/aswan-luxor-es\/tour-privado-al-valle-de-los-nobles-medinet-habu-y-deir-el-medina\/#primaryimage\",\"url\":\"https:\/\/tourtravelandmore.com\/wp-content\/uploads\/2022\/11\/templo-de-medinet-habu.jpg\",\"contentUrl\":\"https:\/\/tourtravelandmore.com\/wp-content\/uploads\/2022\/11\/templo-de-medinet-habu.jpg\",\"width\":1200,\"height\":800},{\"@type\":\"BreadcrumbList\",\"@id\":\"https:\/\/tourtravelandmore.com\/es\/tours\/egipto-es\/aswan-luxor-es\/tour-privado-al-valle-de-los-nobles-medinet-habu-y-deir-el-medina\/#breadcrumb\",\"itemListElement\":[{\"@type\":\"ListItem\",\"position\":1,\"name\":\"Home\",\"item\":\"https:\/\/tourtravelandmore.com\/es\/\"},{\"@type\":\"ListItem\",\"position\":2,\"name\":\"Tours\",\"item\":\"https:\/\/tourtravelandmore.com\/es\/tours\/\"},{\"@type\":\"ListItem\",\"position\":3,\"name\":\"Tour privado al Valle de los Nobles, Medinet Habu y Deir el-Medina\"}]},{\"@type\":\"WebSite\",\"@id\":\"https:\/\/tourtravelandmore.com\/es\/#website\",\"url\":\"https:\/\/tourtravelandmore.com\/es\/\",\"name\":\"Tour Travel And More\",\"description\":\"Private sightseeing tours and luxury transfers in Spain\",\"publisher\":{\"@id\":\"https:\/\/tourtravelandmore.com\/es\/#organization\"},\"potentialAction\":[{\"@type\":\"SearchAction\",\"target\":{\"@type\":\"EntryPoint\",\"urlTemplate\":\"https:\/\/tourtravelandmore.com\/es\/?s={search_term_string}\"},\"query-input\":{\"@type\":\"PropertyValueSpecification\",\"valueRequired\":true,\"valueName\":\"search_term_string\"}}],\"inLanguage\":\"es\"},{\"@type\":\"Organization\",\"@id\":\"https:\/\/tourtravelandmore.com\/es\/#organization\",\"name\":\"Tour Travel And More\",\"url\":\"https:\/\/tourtravelandmore.com\/es\/\",\"logo\":{\"@type\":\"ImageObject\",\"inLanguage\":\"es\",\"@id\":\"https:\/\/tourtravelandmore.com\/es\/#\/schema\/logo\/image\/\",\"url\":\"https:\/\/tourtravelandmore.com\/wp-content\/uploads\/2022\/12\/cropped-logo-cabecera-new.png\",\"contentUrl\":\"https:\/\/tourtravelandmore.com\/wp-content\/uploads\/2022\/12\/cropped-logo-cabecera-new.png\",\"width\":430,\"height\":61,\"caption\":\"Tour Travel And More\"},\"image\":{\"@id\":\"https:\/\/tourtravelandmore.com\/es\/#\/schema\/logo\/image\/\"},\"sameAs\":[\"https:\/\/www.facebook.com\/tourtravelandmore\/\",\"https:\/\/x.com\/TourTravel_More\"]}]}<\/script>\n<!-- \/ Yoast SEO Premium plugin. -->","yoast_head_json":{"title":"Tour privado al Valle de los Nobles, Medinet Habu y Deir el-Medina | TTM","description":"Aproveche la oportunidad de ver los mejores templos de Luxor en este Tour Privado al Valle de los Nobles, Medinet Habu y Deir el-Medina\u2705.","robots":{"index":"index","follow":"follow","max-snippet":"max-snippet:-1","max-image-preview":"max-image-preview:large","max-video-preview":"max-video-preview:-1"},"canonical":"https:\/\/tourtravelandmore.com\/es\/tours\/egipto-es\/aswan-luxor-es\/tour-privado-al-valle-de-los-nobles-medinet-habu-y-deir-el-medina\/","og_locale":"es_ES","og_type":"article","og_title":"Tour privado al Valle de los Nobles, Medinet Habu y Deir el-Medina","og_description":"Aproveche la oportunidad de ver los mejores templos de Luxor en este Tour Privado al Valle de los Nobles, Medinet Habu y Deir el-Medina\u2705.","og_url":"https:\/\/tourtravelandmore.com\/es\/tours\/egipto-es\/aswan-luxor-es\/tour-privado-al-valle-de-los-nobles-medinet-habu-y-deir-el-medina\/","og_site_name":"Tour Travel And More","article_publisher":"https:\/\/www.facebook.com\/tourtravelandmore\/","article_modified_time":"2022-11-29T20:50:20+00:00","og_image":[{"width":1200,"height":800,"url":"https:\/\/tourtravelandmore.com\/wp-content\/uploads\/2022\/11\/templo-de-medinet-habu.jpg","type":"image\/jpeg"}],"twitter_card":"summary_large_image","twitter_site":"@TourTravel_More","twitter_misc":{"Tiempo de lectura":"2 minutos"},"schema":{"@context":"https:\/\/schema.org","@graph":[{"@type":"WebPage","@id":"https:\/\/tourtravelandmore.com\/es\/tours\/egipto-es\/aswan-luxor-es\/tour-privado-al-valle-de-los-nobles-medinet-habu-y-deir-el-medina\/","url":"https:\/\/tourtravelandmore.com\/es\/tours\/egipto-es\/aswan-luxor-es\/tour-privado-al-valle-de-los-nobles-medinet-habu-y-deir-el-medina\/","name":"Tour privado al Valle de los Nobles, Medinet Habu y Deir el-Medina | TTM","isPartOf":{"@id":"https:\/\/tourtravelandmore.com\/es\/#website"},"primaryImageOfPage":{"@id":"https:\/\/tourtravelandmore.com\/es\/tours\/egipto-es\/aswan-luxor-es\/tour-privado-al-valle-de-los-nobles-medinet-habu-y-deir-el-medina\/#primaryimage"},"image":{"@id":"https:\/\/tourtravelandmore.com\/es\/tours\/egipto-es\/aswan-luxor-es\/tour-privado-al-valle-de-los-nobles-medinet-habu-y-deir-el-medina\/#primaryimage"},"thumbnailUrl":"https:\/\/tourtravelandmore.com\/wp-content\/uploads\/2022\/11\/templo-de-medinet-habu.jpg","datePublished":"2022-11-29T20:15:15+00:00","dateModified":"2022-11-29T20:50:20+00:00","description":"Aproveche la oportunidad de ver los mejores templos de Luxor en este Tour Privado al Valle de los Nobles, Medinet Habu y Deir el-Medina\u2705.","breadcrumb":{"@id":"https:\/\/tourtravelandmore.com\/es\/tours\/egipto-es\/aswan-luxor-es\/tour-privado-al-valle-de-los-nobles-medinet-habu-y-deir-el-medina\/#breadcrumb"},"inLanguage":"es","potentialAction":[{"@type":"ReadAction","target":["https:\/\/tourtravelandmore.com\/es\/tours\/egipto-es\/aswan-luxor-es\/tour-privado-al-valle-de-los-nobles-medinet-habu-y-deir-el-medina\/"]}]},{"@type":"ImageObject","inLanguage":"es","@id":"https:\/\/tourtravelandmore.com\/es\/tours\/egipto-es\/aswan-luxor-es\/tour-privado-al-valle-de-los-nobles-medinet-habu-y-deir-el-medina\/#primaryimage","url":"https:\/\/tourtravelandmore.com\/wp-content\/uploads\/2022\/11\/templo-de-medinet-habu.jpg","contentUrl":"https:\/\/tourtravelandmore.com\/wp-content\/uploads\/2022\/11\/templo-de-medinet-habu.jpg","width":1200,"height":800},{"@type":"BreadcrumbList","@id":"https:\/\/tourtravelandmore.com\/es\/tours\/egipto-es\/aswan-luxor-es\/tour-privado-al-valle-de-los-nobles-medinet-habu-y-deir-el-medina\/#breadcrumb","itemListElement":[{"@type":"ListItem","position":1,"name":"Home","item":"https:\/\/tourtravelandmore.com\/es\/"},{"@type":"ListItem","position":2,"name":"Tours","item":"https:\/\/tourtravelandmore.com\/es\/tours\/"},{"@type":"ListItem","position":3,"name":"Tour privado al Valle de los Nobles, Medinet Habu y Deir el-Medina"}]},{"@type":"WebSite","@id":"https:\/\/tourtravelandmore.com\/es\/#website","url":"https:\/\/tourtravelandmore.com\/es\/","name":"Tour Travel And More","description":"Private sightseeing tours and luxury transfers in Spain","publisher":{"@id":"https:\/\/tourtravelandmore.com\/es\/#organization"},"potentialAction":[{"@type":"SearchAction","target":{"@type":"EntryPoint","urlTemplate":"https:\/\/tourtravelandmore.com\/es\/?s={search_term_string}"},"query-input":{"@type":"PropertyValueSpecification","valueRequired":true,"valueName":"search_term_string"}}],"inLanguage":"es"},{"@type":"Organization","@id":"https:\/\/tourtravelandmore.com\/es\/#organization","name":"Tour Travel And More","url":"https:\/\/tourtravelandmore.com\/es\/","logo":{"@type":"ImageObject","inLanguage":"es","@id":"https:\/\/tourtravelandmore.com\/es\/#\/schema\/logo\/image\/","url":"https:\/\/tourtravelandmore.com\/wp-content\/uploads\/2022\/12\/cropped-logo-cabecera-new.png","contentUrl":"https:\/\/tourtravelandmore.com\/wp-content\/uploads\/2022\/12\/cropped-logo-cabecera-new.png","width":430,"height":61,"caption":"Tour Travel And More"},"image":{"@id":"https:\/\/tourtravelandmore.com\/es\/#\/schema\/logo\/image\/"},"sameAs":["https:\/\/www.facebook.com\/tourtravelandmore\/","https:\/\/x.com\/TourTravel_More"]}]}},"_links":{"self":[{"href":"https:\/\/tourtravelandmore.com\/es\/wp-json\/wp\/v2\/product\/145603","targetHints":{"allow":["GET"]}}],"collection":[{"href":"https:\/\/tourtravelandmore.com\/es\/wp-json\/wp\/v2\/product"}],"about":[{"href":"https:\/\/tourtravelandmore.com\/es\/wp-json\/wp\/v2\/types\/product"}],"replies":[{"embeddable":true,"href":"https:\/\/tourtravelandmore.com\/es\/wp-json\/wp\/v2\/comments?post=145603"}],"wp:featuredmedia":[{"embeddable":true,"href":"https:\/\/tourtravelandmore.com\/es\/wp-json\/wp\/v2\/media\/145622"}],"wp:attachment":[{"href":"https:\/\/tourtravelandmore.com\/es\/wp-json\/wp\/v2\/media?parent=145603"}],"wp:term":[{"taxonomy":"product_brand","embeddable":true,"href":"https:\/\/tourtravelandmore.com\/es\/wp-json\/wp\/v2\/product_brand?post=145603"},{"taxonomy":"product_cat","embeddable":true,"href":"https:\/\/tourtravelandmore.com\/es\/wp-json\/wp\/v2\/product_cat?post=145603"},{"taxonomy":"product_tag","embeddable":true,"href":"https:\/\/tourtravelandmore.com\/es\/wp-json\/wp\/v2\/product_tag?post=145603"}],"curies":[{"name":"wp","href":"https:\/\/api.w.org\/{rel}","templated":true}]}}