{"id":145562,"date":"2022-11-29T19:49:07","date_gmt":"2022-11-29T18:49:08","guid":{"rendered":"https:\/\/tourtravelandmore.com\/?post_type=product&#038;p=145562"},"modified":"2023-11-13T16:37:01","modified_gmt":"2023-11-13T15:37:01","slug":"tour-privado-al-valle-de-los-reyes-y-las-reinas-los-colosos-y-hatshepsut","status":"publish","type":"product","link":"https:\/\/tourtravelandmore.com\/es\/tours\/egipto-es\/aswan-luxor-es\/tour-privado-al-valle-de-los-reyes-y-las-reinas-los-colosos-y-hatshepsut\/","title":{"rendered":"Tour privado al Valle de los Reyes y las Reinas, los Colosos y Hatshepsut"},"content":{"rendered":"<h2><b>Descripci\u00f3n de Tour privado al Valle de los Reyes y las Reinas, los Colosos y Hatshepsut<\/b><\/h2>\n<p><span style=\"font-weight: 400;\">Visite los lugares del antiguo Egipto en esta excursi\u00f3n de un d\u00eda a Luxor, en Cisjordania. Con su propio gu\u00eda privado, visitar\u00e1 e<\/span><b>l Valle de los Reyes<\/b><span style=\"font-weight: 400;\"> y ver\u00e1 la tumba del rey <\/span><b>Tutankam\u00f3n<\/b><span style=\"font-weight: 400;\">, entre otras. A continuaci\u00f3n, dir\u00edjase al <\/span><b>Valle <\/b><span style=\"font-weight: 400;\">de las <\/span><b>Reinas <\/b><span style=\"font-weight: 400;\">para admirar el templo de la <\/span><b>reina Hatshepsut <\/b><span style=\"font-weight: 400;\">y aprender sobre la gobernante de tiempos pasados.\u00a0<\/span><\/p>\n<p><span style=\"font-weight: 400;\">Su chofer y gu\u00eda oficial privado le recoger\u00e1n en su sitio deseado en Luxor. A continuaci\u00f3n iniciar\u00e1n su excursi\u00f3n por esta hermosa ciudad.\u00a0<\/span><\/p>\n<p><span style=\"font-weight: 400;\">El tour es 100\u202f% ajustable a sus propios deseos e intereses. Nuestros gu\u00edas y choferes est\u00e1n a su entera disposici\u00f3n. Coordinaremos sus entradas con anticipaci\u00f3n. En caso de que visite Egipto por m\u00e1s d\u00edas, puede ver nuestros <\/span><a href=\"https:\/\/tourtravelandmore.com\/es\/ciudad\/egipto-es\/cairo-es\/cairo-rutas-es\/\"><span style=\"font-weight: 400;\">itinerarios privados<\/span><\/a><span style=\"font-weight: 400;\">.<\/span><\/p>\n<h2><strong>Puntos de inter\u00e9s\u00a0<\/strong><\/h2>\n<p><b>L\u00faxor <\/b><span style=\"font-weight: 400;\">es una ciudad de la orilla este del r\u00edo Nilo en el sur de Egipto. Se encuentra en el sitio de la antigua Tebas, la capital de los faraones en la c\u00faspide de su poder, durante los siglos XVI al XI a. C. La ciudad actual rodea dos monumentos antiguos enormes que sobreviven: el elegante templo de <\/span><b><a href=\"https:\/\/es.wikipedia.org\/wiki\/Luxor\">L\u00faxor<\/a> <\/b><span style=\"font-weight: 400;\">y el templo de Karnak, una milla al norte. Las tumbas reales del Valle de los Reyes y el Valle de las Reinas se encuentran en la orilla oeste del r\u00edo.<\/span><\/p>\n<p><span style=\"font-weight: 400;\">Primero, ser\u00e1s transportado a la Necr\u00f3polis de Tebas, el <\/span><b>Valle de los Reyes<\/b><span style=\"font-weight: 400;\"> en la Ribera Occidental de Luxor. Esta antigua necr\u00f3polis es una visita obligada para los viajeros de Luxor. All\u00ed visitar\u00e1s cuatro tumbas reales, incluyendo l<\/span><b>a Tumba de Rams\u00e9s, la Tumba de Horemheb, la Tumba de Merenptah y, por supuesto, la Tumba del rey Tut. <\/b><span style=\"font-weight: 400;\">La tumba de Tutankamon es la \u00fanica tumba en el Valle de los Reyes que se descubri\u00f3 casi intacta en 1922.<\/span><\/p>\n<p><span style=\"font-weight: 400;\">Despu\u00e9s de visitar las tumbas, se le trasladar\u00e1 al templo de la <\/span><b>reina Hatshepsut <\/b><span style=\"font-weight: 400;\">(Deir el Bahari), la \u00fanica <\/span><b>mujer <\/b><span style=\"font-weight: 400;\">que ha <\/span><b>gobernado Egipto <\/b><span style=\"font-weight: 400;\">como <\/span><b>fara\u00f3n<\/b><span style=\"font-weight: 400;\">. Esta reina era un antepasado del rey Tutankam\u00f3n y pertenec\u00eda a la misma dinast\u00eda. La historia de la reina Hatshepsut, la \u00fanica mujer que ha gobernado Egipto como fara\u00f3n.<\/span><\/p>\n<p><span style=\"font-weight: 400;\">Al finalizar su tour privado de Luxor su chofer y gu\u00eda le llevar\u00e1n de vuelta a su hotel o sitio deseado en Luxor.<\/span><\/p>\n","protected":false},"excerpt":{"rendered":"<p><span style=\"font-weight: 400;\">Visite los lugares del antiguo Egipto en esta excursi\u00f3n de un d\u00eda a Luxor, en Cisjordania. Con su propio gu\u00eda privado, visitar\u00e1 e<\/span><b>l Valle de los Reyes<\/b><span style=\"font-weight: 400;\"> y ver\u00e1 la tumba del rey <\/span><b>Tutankam\u00f3n<\/b><span style=\"font-weight: 400;\">, entre otras. A continuaci\u00f3n, dir\u00edjase al <\/span><b>Valle <\/b><span style=\"font-weight: 400;\">de las <\/span><b>Reinas <\/b><span style=\"font-weight: 400;\">para admirar el templo de la <\/span><b>reina Hatshepsut <\/b><span style=\"font-weight: 400;\">y aprender sobre la gobernante de tiempos pasados.\u00a0<\/span><\/p>\n","protected":false},"featured_media":145588,"comment_status":"open","ping_status":"closed","template":"","meta":{"_acf_changed":false},"product_brand":[],"product_cat":[3031,3974],"product_tag":[],"class_list":{"0":"post-145562","1":"product","2":"type-product","3":"status-publish","4":"has-post-thumbnail","6":"product_cat-egipto-es","7":"product_cat-aswan-luxor-es","9":"first","10":"instock","11":"shipping-taxable","12":"purchasable","13":"product-type-simple"},"acf":[],"yoast_head":"<!-- This site is optimized with the Yoast SEO Premium plugin v25.3.1 (Yoast SEO v25.3.1) - https:\/\/yoast.com\/wordpress\/plugins\/seo\/ -->\n<title>Tour privado al Valle de los Reyes y las Reinas, los Colosos y Hatshepsut | Ttm<\/title>\n<meta name=\"description\" content=\"Aprovecha la oportunidad de ver los mejores templos de Luxor en este Tour Privado al Valle de los Reyes y las Reinas, los Colosos y Hatshepsut \u2705.\" \/>\n<meta name=\"robots\" content=\"index, follow, max-snippet:-1, max-image-preview:large, max-video-preview:-1\" \/>\n<link rel=\"canonical\" href=\"https:\/\/tourtravelandmore.com\/es\/tours\/egipto-es\/aswan-luxor-es\/tour-privado-al-valle-de-los-reyes-y-las-reinas-los-colosos-y-hatshepsut\/\" \/>\n<meta property=\"og:locale\" content=\"es_ES\" \/>\n<meta property=\"og:type\" content=\"article\" \/>\n<meta property=\"og:title\" content=\"Tour privado al Valle de los Reyes y las Reinas, los Colosos y Hatshepsut\" \/>\n<meta property=\"og:description\" content=\"Aprovecha la oportunidad de ver los mejores templos de Luxor en este Tour Privado al Valle de los Reyes y las Reinas, los Colosos y Hatshepsut \u2705.\" \/>\n<meta property=\"og:url\" content=\"https:\/\/tourtravelandmore.com\/es\/tours\/egipto-es\/aswan-luxor-es\/tour-privado-al-valle-de-los-reyes-y-las-reinas-los-colosos-y-hatshepsut\/\" \/>\n<meta property=\"og:site_name\" content=\"Tour Travel And More\" \/>\n<meta property=\"article:publisher\" content=\"https:\/\/www.facebook.com\/tourtravelandmore\/\" \/>\n<meta property=\"article:modified_time\" content=\"2023-11-13T15:37:01+00:00\" \/>\n<meta property=\"og:image\" content=\"https:\/\/tourtravelandmore.com\/wp-content\/uploads\/2022\/11\/Valley-of-the-Kings1.jpg\" \/>\n\t<meta property=\"og:image:width\" content=\"1100\" \/>\n\t<meta property=\"og:image:height\" content=\"687\" \/>\n\t<meta property=\"og:image:type\" content=\"image\/jpeg\" \/>\n<meta name=\"twitter:card\" content=\"summary_large_image\" \/>\n<meta name=\"twitter:site\" content=\"@TourTravel_More\" \/>\n<meta name=\"twitter:label1\" content=\"Tiempo de lectura\" \/>\n\t<meta name=\"twitter:data1\" content=\"2 minutos\" \/>\n<script type=\"application\/ld+json\" class=\"yoast-schema-graph\">{\"@context\":\"https:\/\/schema.org\",\"@graph\":[{\"@type\":\"WebPage\",\"@id\":\"https:\/\/tourtravelandmore.com\/es\/tours\/egipto-es\/aswan-luxor-es\/tour-privado-al-valle-de-los-reyes-y-las-reinas-los-colosos-y-hatshepsut\/\",\"url\":\"https:\/\/tourtravelandmore.com\/es\/tours\/egipto-es\/aswan-luxor-es\/tour-privado-al-valle-de-los-reyes-y-las-reinas-los-colosos-y-hatshepsut\/\",\"name\":\"Tour privado al Valle de los Reyes y las Reinas, los Colosos y Hatshepsut | Ttm\",\"isPartOf\":{\"@id\":\"https:\/\/tourtravelandmore.com\/es\/#website\"},\"primaryImageOfPage\":{\"@id\":\"https:\/\/tourtravelandmore.com\/es\/tours\/egipto-es\/aswan-luxor-es\/tour-privado-al-valle-de-los-reyes-y-las-reinas-los-colosos-y-hatshepsut\/#primaryimage\"},\"image\":{\"@id\":\"https:\/\/tourtravelandmore.com\/es\/tours\/egipto-es\/aswan-luxor-es\/tour-privado-al-valle-de-los-reyes-y-las-reinas-los-colosos-y-hatshepsut\/#primaryimage\"},\"thumbnailUrl\":\"https:\/\/tourtravelandmore.com\/wp-content\/uploads\/2022\/11\/Valley-of-the-Kings1.jpg\",\"datePublished\":\"2022-11-29T18:49:08+00:00\",\"dateModified\":\"2023-11-13T15:37:01+00:00\",\"description\":\"Aprovecha la oportunidad de ver los mejores templos de Luxor en este Tour Privado al Valle de los Reyes y las Reinas, los Colosos y Hatshepsut \u2705.\",\"breadcrumb\":{\"@id\":\"https:\/\/tourtravelandmore.com\/es\/tours\/egipto-es\/aswan-luxor-es\/tour-privado-al-valle-de-los-reyes-y-las-reinas-los-colosos-y-hatshepsut\/#breadcrumb\"},\"inLanguage\":\"es\",\"potentialAction\":[{\"@type\":\"ReadAction\",\"target\":[\"https:\/\/tourtravelandmore.com\/es\/tours\/egipto-es\/aswan-luxor-es\/tour-privado-al-valle-de-los-reyes-y-las-reinas-los-colosos-y-hatshepsut\/\"]}]},{\"@type\":\"ImageObject\",\"inLanguage\":\"es\",\"@id\":\"https:\/\/tourtravelandmore.com\/es\/tours\/egipto-es\/aswan-luxor-es\/tour-privado-al-valle-de-los-reyes-y-las-reinas-los-colosos-y-hatshepsut\/#primaryimage\",\"url\":\"https:\/\/tourtravelandmore.com\/wp-content\/uploads\/2022\/11\/Valley-of-the-Kings1.jpg\",\"contentUrl\":\"https:\/\/tourtravelandmore.com\/wp-content\/uploads\/2022\/11\/Valley-of-the-Kings1.jpg\",\"width\":1100,\"height\":687},{\"@type\":\"BreadcrumbList\",\"@id\":\"https:\/\/tourtravelandmore.com\/es\/tours\/egipto-es\/aswan-luxor-es\/tour-privado-al-valle-de-los-reyes-y-las-reinas-los-colosos-y-hatshepsut\/#breadcrumb\",\"itemListElement\":[{\"@type\":\"ListItem\",\"position\":1,\"name\":\"Home\",\"item\":\"https:\/\/tourtravelandmore.com\/es\/\"},{\"@type\":\"ListItem\",\"position\":2,\"name\":\"Tours\",\"item\":\"https:\/\/tourtravelandmore.com\/es\/tours\/\"},{\"@type\":\"ListItem\",\"position\":3,\"name\":\"Tour privado al Valle de los Reyes y las Reinas, los Colosos y Hatshepsut\"}]},{\"@type\":\"WebSite\",\"@id\":\"https:\/\/tourtravelandmore.com\/es\/#website\",\"url\":\"https:\/\/tourtravelandmore.com\/es\/\",\"name\":\"Tour Travel And More\",\"description\":\"Private sightseeing tours and luxury transfers in Spain\",\"publisher\":{\"@id\":\"https:\/\/tourtravelandmore.com\/es\/#organization\"},\"potentialAction\":[{\"@type\":\"SearchAction\",\"target\":{\"@type\":\"EntryPoint\",\"urlTemplate\":\"https:\/\/tourtravelandmore.com\/es\/?s={search_term_string}\"},\"query-input\":{\"@type\":\"PropertyValueSpecification\",\"valueRequired\":true,\"valueName\":\"search_term_string\"}}],\"inLanguage\":\"es\"},{\"@type\":\"Organization\",\"@id\":\"https:\/\/tourtravelandmore.com\/es\/#organization\",\"name\":\"Tour Travel And More\",\"url\":\"https:\/\/tourtravelandmore.com\/es\/\",\"logo\":{\"@type\":\"ImageObject\",\"inLanguage\":\"es\",\"@id\":\"https:\/\/tourtravelandmore.com\/es\/#\/schema\/logo\/image\/\",\"url\":\"https:\/\/tourtravelandmore.com\/wp-content\/uploads\/2022\/12\/cropped-logo-cabecera-new.png\",\"contentUrl\":\"https:\/\/tourtravelandmore.com\/wp-content\/uploads\/2022\/12\/cropped-logo-cabecera-new.png\",\"width\":430,\"height\":61,\"caption\":\"Tour Travel And More\"},\"image\":{\"@id\":\"https:\/\/tourtravelandmore.com\/es\/#\/schema\/logo\/image\/\"},\"sameAs\":[\"https:\/\/www.facebook.com\/tourtravelandmore\/\",\"https:\/\/x.com\/TourTravel_More\"]}]}<\/script>\n<!-- \/ Yoast SEO Premium plugin. -->","yoast_head_json":{"title":"Tour privado al Valle de los Reyes y las Reinas, los Colosos y Hatshepsut | Ttm","description":"Aprovecha la oportunidad de ver los mejores templos de Luxor en este Tour Privado al Valle de los Reyes y las Reinas, los Colosos y Hatshepsut \u2705.","robots":{"index":"index","follow":"follow","max-snippet":"max-snippet:-1","max-image-preview":"max-image-preview:large","max-video-preview":"max-video-preview:-1"},"canonical":"https:\/\/tourtravelandmore.com\/es\/tours\/egipto-es\/aswan-luxor-es\/tour-privado-al-valle-de-los-reyes-y-las-reinas-los-colosos-y-hatshepsut\/","og_locale":"es_ES","og_type":"article","og_title":"Tour privado al Valle de los Reyes y las Reinas, los Colosos y Hatshepsut","og_description":"Aprovecha la oportunidad de ver los mejores templos de Luxor en este Tour Privado al Valle de los Reyes y las Reinas, los Colosos y Hatshepsut \u2705.","og_url":"https:\/\/tourtravelandmore.com\/es\/tours\/egipto-es\/aswan-luxor-es\/tour-privado-al-valle-de-los-reyes-y-las-reinas-los-colosos-y-hatshepsut\/","og_site_name":"Tour Travel And More","article_publisher":"https:\/\/www.facebook.com\/tourtravelandmore\/","article_modified_time":"2023-11-13T15:37:01+00:00","og_image":[{"width":1100,"height":687,"url":"https:\/\/tourtravelandmore.com\/wp-content\/uploads\/2022\/11\/Valley-of-the-Kings1.jpg","type":"image\/jpeg"}],"twitter_card":"summary_large_image","twitter_site":"@TourTravel_More","twitter_misc":{"Tiempo de lectura":"2 minutos"},"schema":{"@context":"https:\/\/schema.org","@graph":[{"@type":"WebPage","@id":"https:\/\/tourtravelandmore.com\/es\/tours\/egipto-es\/aswan-luxor-es\/tour-privado-al-valle-de-los-reyes-y-las-reinas-los-colosos-y-hatshepsut\/","url":"https:\/\/tourtravelandmore.com\/es\/tours\/egipto-es\/aswan-luxor-es\/tour-privado-al-valle-de-los-reyes-y-las-reinas-los-colosos-y-hatshepsut\/","name":"Tour privado al Valle de los Reyes y las Reinas, los Colosos y Hatshepsut | Ttm","isPartOf":{"@id":"https:\/\/tourtravelandmore.com\/es\/#website"},"primaryImageOfPage":{"@id":"https:\/\/tourtravelandmore.com\/es\/tours\/egipto-es\/aswan-luxor-es\/tour-privado-al-valle-de-los-reyes-y-las-reinas-los-colosos-y-hatshepsut\/#primaryimage"},"image":{"@id":"https:\/\/tourtravelandmore.com\/es\/tours\/egipto-es\/aswan-luxor-es\/tour-privado-al-valle-de-los-reyes-y-las-reinas-los-colosos-y-hatshepsut\/#primaryimage"},"thumbnailUrl":"https:\/\/tourtravelandmore.com\/wp-content\/uploads\/2022\/11\/Valley-of-the-Kings1.jpg","datePublished":"2022-11-29T18:49:08+00:00","dateModified":"2023-11-13T15:37:01+00:00","description":"Aprovecha la oportunidad de ver los mejores templos de Luxor en este Tour Privado al Valle de los Reyes y las Reinas, los Colosos y Hatshepsut \u2705.","breadcrumb":{"@id":"https:\/\/tourtravelandmore.com\/es\/tours\/egipto-es\/aswan-luxor-es\/tour-privado-al-valle-de-los-reyes-y-las-reinas-los-colosos-y-hatshepsut\/#breadcrumb"},"inLanguage":"es","potentialAction":[{"@type":"ReadAction","target":["https:\/\/tourtravelandmore.com\/es\/tours\/egipto-es\/aswan-luxor-es\/tour-privado-al-valle-de-los-reyes-y-las-reinas-los-colosos-y-hatshepsut\/"]}]},{"@type":"ImageObject","inLanguage":"es","@id":"https:\/\/tourtravelandmore.com\/es\/tours\/egipto-es\/aswan-luxor-es\/tour-privado-al-valle-de-los-reyes-y-las-reinas-los-colosos-y-hatshepsut\/#primaryimage","url":"https:\/\/tourtravelandmore.com\/wp-content\/uploads\/2022\/11\/Valley-of-the-Kings1.jpg","contentUrl":"https:\/\/tourtravelandmore.com\/wp-content\/uploads\/2022\/11\/Valley-of-the-Kings1.jpg","width":1100,"height":687},{"@type":"BreadcrumbList","@id":"https:\/\/tourtravelandmore.com\/es\/tours\/egipto-es\/aswan-luxor-es\/tour-privado-al-valle-de-los-reyes-y-las-reinas-los-colosos-y-hatshepsut\/#breadcrumb","itemListElement":[{"@type":"ListItem","position":1,"name":"Home","item":"https:\/\/tourtravelandmore.com\/es\/"},{"@type":"ListItem","position":2,"name":"Tours","item":"https:\/\/tourtravelandmore.com\/es\/tours\/"},{"@type":"ListItem","position":3,"name":"Tour privado al Valle de los Reyes y las Reinas, los Colosos y Hatshepsut"}]},{"@type":"WebSite","@id":"https:\/\/tourtravelandmore.com\/es\/#website","url":"https:\/\/tourtravelandmore.com\/es\/","name":"Tour Travel And More","description":"Private sightseeing tours and luxury transfers in Spain","publisher":{"@id":"https:\/\/tourtravelandmore.com\/es\/#organization"},"potentialAction":[{"@type":"SearchAction","target":{"@type":"EntryPoint","urlTemplate":"https:\/\/tourtravelandmore.com\/es\/?s={search_term_string}"},"query-input":{"@type":"PropertyValueSpecification","valueRequired":true,"valueName":"search_term_string"}}],"inLanguage":"es"},{"@type":"Organization","@id":"https:\/\/tourtravelandmore.com\/es\/#organization","name":"Tour Travel And More","url":"https:\/\/tourtravelandmore.com\/es\/","logo":{"@type":"ImageObject","inLanguage":"es","@id":"https:\/\/tourtravelandmore.com\/es\/#\/schema\/logo\/image\/","url":"https:\/\/tourtravelandmore.com\/wp-content\/uploads\/2022\/12\/cropped-logo-cabecera-new.png","contentUrl":"https:\/\/tourtravelandmore.com\/wp-content\/uploads\/2022\/12\/cropped-logo-cabecera-new.png","width":430,"height":61,"caption":"Tour Travel And More"},"image":{"@id":"https:\/\/tourtravelandmore.com\/es\/#\/schema\/logo\/image\/"},"sameAs":["https:\/\/www.facebook.com\/tourtravelandmore\/","https:\/\/x.com\/TourTravel_More"]}]}},"_links":{"self":[{"href":"https:\/\/tourtravelandmore.com\/es\/wp-json\/wp\/v2\/product\/145562","targetHints":{"allow":["GET"]}}],"collection":[{"href":"https:\/\/tourtravelandmore.com\/es\/wp-json\/wp\/v2\/product"}],"about":[{"href":"https:\/\/tourtravelandmore.com\/es\/wp-json\/wp\/v2\/types\/product"}],"replies":[{"embeddable":true,"href":"https:\/\/tourtravelandmore.com\/es\/wp-json\/wp\/v2\/comments?post=145562"}],"wp:featuredmedia":[{"embeddable":true,"href":"https:\/\/tourtravelandmore.com\/es\/wp-json\/wp\/v2\/media\/145588"}],"wp:attachment":[{"href":"https:\/\/tourtravelandmore.com\/es\/wp-json\/wp\/v2\/media?parent=145562"}],"wp:term":[{"taxonomy":"product_brand","embeddable":true,"href":"https:\/\/tourtravelandmore.com\/es\/wp-json\/wp\/v2\/product_brand?post=145562"},{"taxonomy":"product_cat","embeddable":true,"href":"https:\/\/tourtravelandmore.com\/es\/wp-json\/wp\/v2\/product_cat?post=145562"},{"taxonomy":"product_tag","embeddable":true,"href":"https:\/\/tourtravelandmore.com\/es\/wp-json\/wp\/v2\/product_tag?post=145562"}],"curies":[{"name":"wp","href":"https:\/\/api.w.org\/{rel}","templated":true}]}}