{"id":145457,"date":"2022-11-29T15:30:31","date_gmt":"2022-11-29T14:30:36","guid":{"rendered":"https:\/\/tourtravelandmore.com\/?post_type=product&#038;p=145457"},"modified":"2022-12-21T14:49:06","modified_gmt":"2022-12-21T13:49:06","slug":"paseo-privado-en-globo-sobre-luxor","status":"publish","type":"product","link":"https:\/\/tourtravelandmore.com\/es\/tours\/egipto-es\/aswan-luxor-es\/paseo-privado-en-globo-sobre-luxor\/","title":{"rendered":"Paseo privado en globo sobre Luxor"},"content":{"rendered":"<h2><b>Descripci\u00f3n de Paseo privado en globo sobre Luxor <\/b><\/h2>\n<p><span style=\"font-weight: 400;\">Descubra una de las principales ciudades del <strong>Antiguo<\/strong> <strong>Egipto<\/strong> en este Paseo privado en globo sobre Luxor. Disfrute de nuestro <\/span><b>Paseo privado en globo sobre Luxor<\/b><span style=\"font-weight: 400;\">. Explorar\u00e1 varios hitos de una de las mayores civilizaciones que existieron en <strong>nuestro<\/strong> <strong>planeta<\/strong> desde un <strong>punto<\/strong> de <strong>vista \u00fanico<\/strong>.<\/span><\/p>\n<p><span style=\"font-weight: 400;\">Su chofer privado le recoger\u00e1 en su sitio deseado en Luxor. A continuaci\u00f3n iniciar\u00e1n el recorrido hacia el lugar donde lo estar\u00e1n esperando los globos para su paseo privado.<\/span><\/p>\n<p><span style=\"font-weight: 400;\">El tour es 100\u202f% ajustable a sus propios deseos e intereses. Nuestros gu\u00edas y choferes est\u00e1n a su entera disposici\u00f3n. En caso de que visite Egipto por m\u00e1s d\u00edas, puede ver nuestros <\/span><a href=\"https:\/\/tourtravelandmore.com\/es\/ciudad\/egipto-es\/cairo-es\/cairo-rutas-es\/\"><span style=\"font-weight: 400;\">itinerarios privados<\/span><\/a><span style=\"font-weight: 400;\">.<\/span><\/p>\n<h2><strong>Puntos de inter\u00e9s en los Traslados Privados en Luxor<\/strong><\/h2>\n<p><b>L\u00faxor <\/b><span style=\"font-weight: 400;\">es una ciudad de la orilla este del r\u00edo Nilo en el sur de Egipto. Se encuentra en el sitio de la antigua Tebas, la capital de los faraones en la c\u00faspide de su poder, durante los siglos XVI al XI a. C. La ciudad actual rodea dos monumentos antiguos enormes que sobreviven: el elegante templo de <\/span><b><a href=\"https:\/\/es.wikipedia.org\/wiki\/Luxor\">L\u00faxor<\/a> <\/b><span style=\"font-weight: 400;\">y el templo de Karnak, una milla al norte. Las tumbas reales del Valle de los Reyes y el Valle de las Reinas se encuentran en la orilla oeste del r\u00edo.<\/span><\/p>\n<p><span style=\"font-weight: 400;\">Descubra el <strong>paisaje<\/strong> lunar de <strong>Luxor<\/strong> desde una nueva perspectiva al presenciar el amanecer desde un <strong>globo<\/strong> <strong>aerost\u00e1tico<\/strong>.\u00a0<\/span><\/p>\n<p><span style=\"font-weight: 400;\">Le recoger\u00e1n en su hotel justo antes del amanecer y se dirigir\u00e1 al punto de partida. Una vez concedido el permiso de vuelo, dir\u00edjase al lugar de despegue, donde podr\u00e1 tomar fotos cautivadoras y observar el proceso de inflado del globo.<\/span><\/p>\n<p><span style=\"font-weight: 400;\">Cuando todo est\u00e9 listo para el vuelo, salga del coraz\u00f3n de Luxor y marav\u00edllese con el espectacular paisaje mientras observa c\u00f3mo las chimeneas y las formaciones rocosas se reducen ante sus ojos.\u00a0<\/span><\/p>\n<p><span style=\"font-weight: 400;\">Su vuelo durar\u00e1 aproximadamente 2 horas.\u00a0 Finalice su experiencia con un c\u00f3modo traslado de vuelta a su hotel.<\/span><\/p>\n","protected":false},"excerpt":{"rendered":"<p><span style=\"font-weight: 400;\">Descubra una de las principales ciudades del <strong>Antiguo<\/strong> <strong>Egipto<\/strong> en este Paseo privado en globo sobre Luxor. Disfrute de nuestro <\/span><b>Paseo privado en globo sobre Luxor<\/b><span style=\"font-weight: 400;\">. Explorar\u00e1 varios hitos de una de las mayores civilizaciones que existieron en <strong>nuestro<\/strong> <strong>planeta<\/strong> desde un <strong>punto<\/strong> de <strong>vista \u00fanico<\/strong>.<\/span><\/p>\n","protected":false},"featured_media":145480,"comment_status":"open","ping_status":"closed","template":"","meta":{"_acf_changed":false},"product_brand":[],"product_cat":[3031,3974],"product_tag":[],"class_list":{"0":"post-145457","1":"product","2":"type-product","3":"status-publish","4":"has-post-thumbnail","6":"product_cat-egipto-es","7":"product_cat-aswan-luxor-es","9":"first","10":"instock","11":"shipping-taxable","12":"purchasable","13":"product-type-simple"},"acf":[],"yoast_head":"<!-- This site is optimized with the Yoast SEO Premium plugin v25.3.1 (Yoast SEO v25.3.1) - https:\/\/yoast.com\/wordpress\/plugins\/seo\/ -->\n<title>Paseo privado en globo sobre Luxor | Tour Travel &amp; More<\/title>\n<meta name=\"description\" content=\"Descubra el paisaje lunar de Luxor desde una nueva perspectiva al presenciar el amanecer desde un globo aerost\u00e1tico. Paseo privado en globo sobre Luxor. \u2705\" \/>\n<meta name=\"robots\" content=\"index, follow, max-snippet:-1, max-image-preview:large, max-video-preview:-1\" \/>\n<link rel=\"canonical\" href=\"https:\/\/tourtravelandmore.com\/es\/tours\/egipto-es\/aswan-luxor-es\/paseo-privado-en-globo-sobre-luxor\/\" \/>\n<meta property=\"og:locale\" content=\"es_ES\" \/>\n<meta property=\"og:type\" content=\"article\" \/>\n<meta property=\"og:title\" content=\"Paseo privado en globo sobre Luxor\" \/>\n<meta property=\"og:description\" content=\"Descubra el paisaje lunar de Luxor desde una nueva perspectiva al presenciar el amanecer desde un globo aerost\u00e1tico. Paseo privado en globo sobre Luxor. \u2705\" \/>\n<meta property=\"og:url\" content=\"https:\/\/tourtravelandmore.com\/es\/tours\/egipto-es\/aswan-luxor-es\/paseo-privado-en-globo-sobre-luxor\/\" \/>\n<meta property=\"og:site_name\" content=\"Tour Travel And More\" \/>\n<meta property=\"article:publisher\" content=\"https:\/\/www.facebook.com\/tourtravelandmore\/\" \/>\n<meta property=\"article:modified_time\" content=\"2022-12-21T13:49:06+00:00\" \/>\n<meta property=\"og:image\" content=\"https:\/\/tourtravelandmore.com\/wp-content\/uploads\/2022\/11\/pexels-pixabay-87744-scaled.jpg\" \/>\n\t<meta property=\"og:image:width\" content=\"2560\" \/>\n\t<meta property=\"og:image:height\" content=\"1920\" \/>\n\t<meta property=\"og:image:type\" content=\"image\/jpeg\" \/>\n<meta name=\"twitter:card\" content=\"summary_large_image\" \/>\n<meta name=\"twitter:site\" content=\"@TourTravel_More\" \/>\n<meta name=\"twitter:label1\" content=\"Tiempo de lectura\" \/>\n\t<meta name=\"twitter:data1\" content=\"2 minutos\" \/>\n<script type=\"application\/ld+json\" class=\"yoast-schema-graph\">{\"@context\":\"https:\/\/schema.org\",\"@graph\":[{\"@type\":\"WebPage\",\"@id\":\"https:\/\/tourtravelandmore.com\/es\/tours\/egipto-es\/aswan-luxor-es\/paseo-privado-en-globo-sobre-luxor\/\",\"url\":\"https:\/\/tourtravelandmore.com\/es\/tours\/egipto-es\/aswan-luxor-es\/paseo-privado-en-globo-sobre-luxor\/\",\"name\":\"Paseo privado en globo sobre Luxor | Tour Travel & More\",\"isPartOf\":{\"@id\":\"https:\/\/tourtravelandmore.com\/es\/#website\"},\"primaryImageOfPage\":{\"@id\":\"https:\/\/tourtravelandmore.com\/es\/tours\/egipto-es\/aswan-luxor-es\/paseo-privado-en-globo-sobre-luxor\/#primaryimage\"},\"image\":{\"@id\":\"https:\/\/tourtravelandmore.com\/es\/tours\/egipto-es\/aswan-luxor-es\/paseo-privado-en-globo-sobre-luxor\/#primaryimage\"},\"thumbnailUrl\":\"https:\/\/tourtravelandmore.com\/wp-content\/uploads\/2022\/11\/pexels-pixabay-87744-scaled.jpg\",\"datePublished\":\"2022-11-29T14:30:36+00:00\",\"dateModified\":\"2022-12-21T13:49:06+00:00\",\"description\":\"Descubra el paisaje lunar de Luxor desde una nueva perspectiva al presenciar el amanecer desde un globo aerost\u00e1tico. Paseo privado en globo sobre Luxor. \u2705\",\"breadcrumb\":{\"@id\":\"https:\/\/tourtravelandmore.com\/es\/tours\/egipto-es\/aswan-luxor-es\/paseo-privado-en-globo-sobre-luxor\/#breadcrumb\"},\"inLanguage\":\"es\",\"potentialAction\":[{\"@type\":\"ReadAction\",\"target\":[\"https:\/\/tourtravelandmore.com\/es\/tours\/egipto-es\/aswan-luxor-es\/paseo-privado-en-globo-sobre-luxor\/\"]}]},{\"@type\":\"ImageObject\",\"inLanguage\":\"es\",\"@id\":\"https:\/\/tourtravelandmore.com\/es\/tours\/egipto-es\/aswan-luxor-es\/paseo-privado-en-globo-sobre-luxor\/#primaryimage\",\"url\":\"https:\/\/tourtravelandmore.com\/wp-content\/uploads\/2022\/11\/pexels-pixabay-87744-scaled.jpg\",\"contentUrl\":\"https:\/\/tourtravelandmore.com\/wp-content\/uploads\/2022\/11\/pexels-pixabay-87744-scaled.jpg\",\"width\":2560,\"height\":1920},{\"@type\":\"BreadcrumbList\",\"@id\":\"https:\/\/tourtravelandmore.com\/es\/tours\/egipto-es\/aswan-luxor-es\/paseo-privado-en-globo-sobre-luxor\/#breadcrumb\",\"itemListElement\":[{\"@type\":\"ListItem\",\"position\":1,\"name\":\"Home\",\"item\":\"https:\/\/tourtravelandmore.com\/es\/\"},{\"@type\":\"ListItem\",\"position\":2,\"name\":\"Tours\",\"item\":\"https:\/\/tourtravelandmore.com\/es\/tours\/\"},{\"@type\":\"ListItem\",\"position\":3,\"name\":\"Paseo privado en globo sobre Luxor\"}]},{\"@type\":\"WebSite\",\"@id\":\"https:\/\/tourtravelandmore.com\/es\/#website\",\"url\":\"https:\/\/tourtravelandmore.com\/es\/\",\"name\":\"Tour Travel And More\",\"description\":\"Private sightseeing tours and luxury transfers in Spain\",\"publisher\":{\"@id\":\"https:\/\/tourtravelandmore.com\/es\/#organization\"},\"potentialAction\":[{\"@type\":\"SearchAction\",\"target\":{\"@type\":\"EntryPoint\",\"urlTemplate\":\"https:\/\/tourtravelandmore.com\/es\/?s={search_term_string}\"},\"query-input\":{\"@type\":\"PropertyValueSpecification\",\"valueRequired\":true,\"valueName\":\"search_term_string\"}}],\"inLanguage\":\"es\"},{\"@type\":\"Organization\",\"@id\":\"https:\/\/tourtravelandmore.com\/es\/#organization\",\"name\":\"Tour Travel And More\",\"url\":\"https:\/\/tourtravelandmore.com\/es\/\",\"logo\":{\"@type\":\"ImageObject\",\"inLanguage\":\"es\",\"@id\":\"https:\/\/tourtravelandmore.com\/es\/#\/schema\/logo\/image\/\",\"url\":\"https:\/\/tourtravelandmore.com\/wp-content\/uploads\/2022\/12\/cropped-logo-cabecera-new.png\",\"contentUrl\":\"https:\/\/tourtravelandmore.com\/wp-content\/uploads\/2022\/12\/cropped-logo-cabecera-new.png\",\"width\":430,\"height\":61,\"caption\":\"Tour Travel And More\"},\"image\":{\"@id\":\"https:\/\/tourtravelandmore.com\/es\/#\/schema\/logo\/image\/\"},\"sameAs\":[\"https:\/\/www.facebook.com\/tourtravelandmore\/\",\"https:\/\/x.com\/TourTravel_More\"]}]}<\/script>\n<!-- \/ Yoast SEO Premium plugin. -->","yoast_head_json":{"title":"Paseo privado en globo sobre Luxor | Tour Travel & More","description":"Descubra el paisaje lunar de Luxor desde una nueva perspectiva al presenciar el amanecer desde un globo aerost\u00e1tico. Paseo privado en globo sobre Luxor. \u2705","robots":{"index":"index","follow":"follow","max-snippet":"max-snippet:-1","max-image-preview":"max-image-preview:large","max-video-preview":"max-video-preview:-1"},"canonical":"https:\/\/tourtravelandmore.com\/es\/tours\/egipto-es\/aswan-luxor-es\/paseo-privado-en-globo-sobre-luxor\/","og_locale":"es_ES","og_type":"article","og_title":"Paseo privado en globo sobre Luxor","og_description":"Descubra el paisaje lunar de Luxor desde una nueva perspectiva al presenciar el amanecer desde un globo aerost\u00e1tico. Paseo privado en globo sobre Luxor. \u2705","og_url":"https:\/\/tourtravelandmore.com\/es\/tours\/egipto-es\/aswan-luxor-es\/paseo-privado-en-globo-sobre-luxor\/","og_site_name":"Tour Travel And More","article_publisher":"https:\/\/www.facebook.com\/tourtravelandmore\/","article_modified_time":"2022-12-21T13:49:06+00:00","og_image":[{"width":2560,"height":1920,"url":"https:\/\/tourtravelandmore.com\/wp-content\/uploads\/2022\/11\/pexels-pixabay-87744-scaled.jpg","type":"image\/jpeg"}],"twitter_card":"summary_large_image","twitter_site":"@TourTravel_More","twitter_misc":{"Tiempo de lectura":"2 minutos"},"schema":{"@context":"https:\/\/schema.org","@graph":[{"@type":"WebPage","@id":"https:\/\/tourtravelandmore.com\/es\/tours\/egipto-es\/aswan-luxor-es\/paseo-privado-en-globo-sobre-luxor\/","url":"https:\/\/tourtravelandmore.com\/es\/tours\/egipto-es\/aswan-luxor-es\/paseo-privado-en-globo-sobre-luxor\/","name":"Paseo privado en globo sobre Luxor | Tour Travel & More","isPartOf":{"@id":"https:\/\/tourtravelandmore.com\/es\/#website"},"primaryImageOfPage":{"@id":"https:\/\/tourtravelandmore.com\/es\/tours\/egipto-es\/aswan-luxor-es\/paseo-privado-en-globo-sobre-luxor\/#primaryimage"},"image":{"@id":"https:\/\/tourtravelandmore.com\/es\/tours\/egipto-es\/aswan-luxor-es\/paseo-privado-en-globo-sobre-luxor\/#primaryimage"},"thumbnailUrl":"https:\/\/tourtravelandmore.com\/wp-content\/uploads\/2022\/11\/pexels-pixabay-87744-scaled.jpg","datePublished":"2022-11-29T14:30:36+00:00","dateModified":"2022-12-21T13:49:06+00:00","description":"Descubra el paisaje lunar de Luxor desde una nueva perspectiva al presenciar el amanecer desde un globo aerost\u00e1tico. Paseo privado en globo sobre Luxor. \u2705","breadcrumb":{"@id":"https:\/\/tourtravelandmore.com\/es\/tours\/egipto-es\/aswan-luxor-es\/paseo-privado-en-globo-sobre-luxor\/#breadcrumb"},"inLanguage":"es","potentialAction":[{"@type":"ReadAction","target":["https:\/\/tourtravelandmore.com\/es\/tours\/egipto-es\/aswan-luxor-es\/paseo-privado-en-globo-sobre-luxor\/"]}]},{"@type":"ImageObject","inLanguage":"es","@id":"https:\/\/tourtravelandmore.com\/es\/tours\/egipto-es\/aswan-luxor-es\/paseo-privado-en-globo-sobre-luxor\/#primaryimage","url":"https:\/\/tourtravelandmore.com\/wp-content\/uploads\/2022\/11\/pexels-pixabay-87744-scaled.jpg","contentUrl":"https:\/\/tourtravelandmore.com\/wp-content\/uploads\/2022\/11\/pexels-pixabay-87744-scaled.jpg","width":2560,"height":1920},{"@type":"BreadcrumbList","@id":"https:\/\/tourtravelandmore.com\/es\/tours\/egipto-es\/aswan-luxor-es\/paseo-privado-en-globo-sobre-luxor\/#breadcrumb","itemListElement":[{"@type":"ListItem","position":1,"name":"Home","item":"https:\/\/tourtravelandmore.com\/es\/"},{"@type":"ListItem","position":2,"name":"Tours","item":"https:\/\/tourtravelandmore.com\/es\/tours\/"},{"@type":"ListItem","position":3,"name":"Paseo privado en globo sobre Luxor"}]},{"@type":"WebSite","@id":"https:\/\/tourtravelandmore.com\/es\/#website","url":"https:\/\/tourtravelandmore.com\/es\/","name":"Tour Travel And More","description":"Private sightseeing tours and luxury transfers in Spain","publisher":{"@id":"https:\/\/tourtravelandmore.com\/es\/#organization"},"potentialAction":[{"@type":"SearchAction","target":{"@type":"EntryPoint","urlTemplate":"https:\/\/tourtravelandmore.com\/es\/?s={search_term_string}"},"query-input":{"@type":"PropertyValueSpecification","valueRequired":true,"valueName":"search_term_string"}}],"inLanguage":"es"},{"@type":"Organization","@id":"https:\/\/tourtravelandmore.com\/es\/#organization","name":"Tour Travel And More","url":"https:\/\/tourtravelandmore.com\/es\/","logo":{"@type":"ImageObject","inLanguage":"es","@id":"https:\/\/tourtravelandmore.com\/es\/#\/schema\/logo\/image\/","url":"https:\/\/tourtravelandmore.com\/wp-content\/uploads\/2022\/12\/cropped-logo-cabecera-new.png","contentUrl":"https:\/\/tourtravelandmore.com\/wp-content\/uploads\/2022\/12\/cropped-logo-cabecera-new.png","width":430,"height":61,"caption":"Tour Travel And More"},"image":{"@id":"https:\/\/tourtravelandmore.com\/es\/#\/schema\/logo\/image\/"},"sameAs":["https:\/\/www.facebook.com\/tourtravelandmore\/","https:\/\/x.com\/TourTravel_More"]}]}},"_links":{"self":[{"href":"https:\/\/tourtravelandmore.com\/es\/wp-json\/wp\/v2\/product\/145457","targetHints":{"allow":["GET"]}}],"collection":[{"href":"https:\/\/tourtravelandmore.com\/es\/wp-json\/wp\/v2\/product"}],"about":[{"href":"https:\/\/tourtravelandmore.com\/es\/wp-json\/wp\/v2\/types\/product"}],"replies":[{"embeddable":true,"href":"https:\/\/tourtravelandmore.com\/es\/wp-json\/wp\/v2\/comments?post=145457"}],"wp:featuredmedia":[{"embeddable":true,"href":"https:\/\/tourtravelandmore.com\/es\/wp-json\/wp\/v2\/media\/145480"}],"wp:attachment":[{"href":"https:\/\/tourtravelandmore.com\/es\/wp-json\/wp\/v2\/media?parent=145457"}],"wp:term":[{"taxonomy":"product_brand","embeddable":true,"href":"https:\/\/tourtravelandmore.com\/es\/wp-json\/wp\/v2\/product_brand?post=145457"},{"taxonomy":"product_cat","embeddable":true,"href":"https:\/\/tourtravelandmore.com\/es\/wp-json\/wp\/v2\/product_cat?post=145457"},{"taxonomy":"product_tag","embeddable":true,"href":"https:\/\/tourtravelandmore.com\/es\/wp-json\/wp\/v2\/product_tag?post=145457"}],"curies":[{"name":"wp","href":"https:\/\/api.w.org\/{rel}","templated":true}]}}