{"id":145335,"date":"2022-11-28T18:56:01","date_gmt":"2022-11-28T17:56:07","guid":{"rendered":"https:\/\/tourtravelandmore.com\/?post_type=product&#038;p=145335"},"modified":"2022-12-21T14:20:38","modified_gmt":"2022-12-21T13:20:38","slug":"tour-privado-de-luxor","status":"publish","type":"product","link":"https:\/\/tourtravelandmore.com\/es\/tours\/egipto-es\/aswan-luxor-es\/tour-privado-de-luxor\/","title":{"rendered":"Tour privado de Luxor"},"content":{"rendered":"<h2><b>Descripci\u00f3n de Tour privado de Luxor<\/b><\/h2>\n<p><span style=\"font-weight: 400;\">Descubra uno de los principales monumentos del Antiguo Egipto en esta excursi\u00f3n guiada de un d\u00eda desde Luxor, junto a un gu\u00eda tur\u00edstico local con licencia y su conductor privado. Disfrute de nuestro <\/span><b>tour privado de Luxor<\/b><span style=\"font-weight: 400;\">. Explorar\u00e1 varios hitos de una de las mayores civilizaciones que existieron en nuestro planeta.<\/span><\/p>\n<p><span style=\"font-weight: 400;\">Su chofer y gu\u00eda oficial privado le recoger\u00e1n en su sitio deseado en Luxor. A continuaci\u00f3n iniciar\u00e1n su excursi\u00f3n por esta hermosa ciudad.\u00a0<\/span><\/p>\n<p><span style=\"font-weight: 400;\">El tour es 100\u202f% ajustable a sus propios deseos e intereses. Nuestros gu\u00edas y choferes est\u00e1n a su entera disposici\u00f3n. Coordinaremos sus entradas con anticipaci\u00f3n. En caso de que visite Egipto por m\u00e1s d\u00edas, puede ver nuestros <\/span><a href=\"https:\/\/tourtravelandmore.com\/es\/ciudad\/egipto-es\/cairo-es\/cairo-rutas-es\/\"><span style=\"font-weight: 400;\">itinerarios privados<\/span><\/a><span style=\"font-weight: 400;\">.<\/span><\/p>\n<h2><strong>Puntos de inter\u00e9s en los Traslados Privados en Luxor<\/strong><\/h2>\n<p><b>L\u00faxor <\/b><span style=\"font-weight: 400;\">es una ciudad de la orilla este del r\u00edo Nilo en el sur de Egipto. Se encuentra en el sitio de la antigua Tebas, la capital de los faraones en la c\u00faspide de su poder, durante los siglos XVI al XI a. C. La ciudad actual rodea dos monumentos antiguos enormes que sobreviven: el elegante templo de <\/span><b><a href=\"https:\/\/es.wikipedia.org\/wiki\/Luxor\">L\u00faxor<\/a> <\/b><span style=\"font-weight: 400;\">y el templo de Karnak, una milla al norte. Las tumbas reales del Valle de los Reyes y el Valle de las Reinas se encuentran en la orilla oeste del r\u00edo.<\/span><\/p>\n<p><span style=\"font-weight: 400;\">Visita los sitios m\u00e1s maravillosos de Egipto en un tour privado de Luxor. Recorreremos lugares hist\u00f3ricos tales como el <\/span><b>Valle de los Reyes, el Templo de Hatshepsut, el Templo de Karnak y el Templo de Luxor. <\/b><span style=\"font-weight: 400;\">All\u00ed su gu\u00eda oficial privado les ense\u00f1ara la historia y la cultura de esta ancestral civilizaci\u00f3n.<\/span><\/p>\n<p><span style=\"font-weight: 400;\">El <\/span><b>Templo de Karnak<\/b><span style=\"font-weight: 400;\"> es el templo m\u00e1s grande de Egipto y a\u00fan hoy en d\u00eda se siguen encontrando restos y sigue siendo reconstruido. El recinto en el que se encuentra tiene 2.400 metros de per\u00edmetro y est\u00e1 rodeado por una muralla de adobe de 8 metros de grosor.<\/span><\/p>\n<p><span style=\"font-weight: 400;\">El <\/span><b>Valle de los Reyes<\/b><span style=\"font-weight: 400;\"> es la necr\u00f3polis de Egipto donde se encuentran inhumados muchos de los faraones del Imperio Nuevo, a d\u00eda de hoy se han descubierto m\u00e1s de 60 tumbas talladas en las rocas. En la antig\u00fcedad el valle se denomin\u00f3 &#8220;Ta Iset Maat&#8221;, lo que significa &#8220;lugar de la verdad&#8221;.<\/span><\/p>\n<p><span style=\"font-weight: 400;\">Al finalizar su tour privado de Luxor su chofer y gu\u00eda le llevar\u00e1n de vuelta a su hotel o sitio deseado en <strong>Luxor<\/strong>.<\/span><\/p>\n","protected":false},"excerpt":{"rendered":"<p><span style=\"font-weight: 400;\">Descubra uno de los principales monumentos del Antiguo Egipto en esta excursi\u00f3n guiada de un d\u00eda desde Luxor, junto a un gu\u00eda tur\u00edstico local con licencia y su conductor privado. Disfrute de nuestro <\/span><b>tour privado de Luxor<\/b><span style=\"font-weight: 400;\">. Explorar\u00e1 varios hitos de una de las mayores civilizaciones que existieron en nuestro planeta.<\/span><\/p>\n","protected":false},"featured_media":145384,"comment_status":"open","ping_status":"closed","template":"","meta":{"_acf_changed":false},"product_brand":[],"product_cat":[3031,3974],"product_tag":[],"class_list":{"0":"post-145335","1":"product","2":"type-product","3":"status-publish","4":"has-post-thumbnail","6":"product_cat-egipto-es","7":"product_cat-aswan-luxor-es","9":"first","10":"instock","11":"shipping-taxable","12":"purchasable","13":"product-type-simple"},"acf":[],"yoast_head":"<!-- This site is optimized with the Yoast SEO Premium plugin v25.3.1 (Yoast SEO v25.3.1) - https:\/\/yoast.com\/wordpress\/plugins\/seo\/ -->\n<title>Tour privado de Luxor con gu\u00eda oficial privado | Tour Travel &amp; More<\/title>\n<meta name=\"description\" content=\"Aprovecha la oportunidad de conocer una de las mejores ciudades de Egipto en este Tour privado de Luxor junto a nuestro gu\u00eda profesional\u2705.\" \/>\n<meta name=\"robots\" content=\"index, follow, max-snippet:-1, max-image-preview:large, max-video-preview:-1\" \/>\n<link rel=\"canonical\" href=\"https:\/\/tourtravelandmore.com\/es\/tours\/egipto-es\/aswan-luxor-es\/tour-privado-de-luxor\/\" \/>\n<meta property=\"og:locale\" content=\"es_ES\" \/>\n<meta property=\"og:type\" content=\"article\" \/>\n<meta property=\"og:title\" content=\"Tour privado de Luxor\" \/>\n<meta property=\"og:description\" content=\"Aprovecha la oportunidad de conocer una de las mejores ciudades de Egipto en este Tour privado de Luxor junto a nuestro gu\u00eda profesional\u2705.\" \/>\n<meta property=\"og:url\" content=\"https:\/\/tourtravelandmore.com\/es\/tours\/egipto-es\/aswan-luxor-es\/tour-privado-de-luxor\/\" \/>\n<meta property=\"og:site_name\" content=\"Tour Travel And More\" \/>\n<meta property=\"article:publisher\" content=\"https:\/\/www.facebook.com\/tourtravelandmore\/\" \/>\n<meta property=\"article:modified_time\" content=\"2022-12-21T13:20:38+00:00\" \/>\n<meta property=\"og:image\" content=\"https:\/\/tourtravelandmore.com\/wp-content\/uploads\/2022\/11\/pexels-evee-sandoval-6324626-2-scaled.jpg\" \/>\n\t<meta property=\"og:image:width\" content=\"2560\" \/>\n\t<meta property=\"og:image:height\" content=\"1707\" \/>\n\t<meta property=\"og:image:type\" content=\"image\/jpeg\" \/>\n<meta name=\"twitter:card\" content=\"summary_large_image\" \/>\n<meta name=\"twitter:site\" content=\"@TourTravel_More\" \/>\n<meta name=\"twitter:label1\" content=\"Tiempo de lectura\" \/>\n\t<meta name=\"twitter:data1\" content=\"2 minutos\" \/>\n<script type=\"application\/ld+json\" class=\"yoast-schema-graph\">{\"@context\":\"https:\/\/schema.org\",\"@graph\":[{\"@type\":\"WebPage\",\"@id\":\"https:\/\/tourtravelandmore.com\/es\/tours\/egipto-es\/aswan-luxor-es\/tour-privado-de-luxor\/\",\"url\":\"https:\/\/tourtravelandmore.com\/es\/tours\/egipto-es\/aswan-luxor-es\/tour-privado-de-luxor\/\",\"name\":\"Tour privado de Luxor con gu\u00eda oficial privado | Tour Travel & More\",\"isPartOf\":{\"@id\":\"https:\/\/tourtravelandmore.com\/es\/#website\"},\"primaryImageOfPage\":{\"@id\":\"https:\/\/tourtravelandmore.com\/es\/tours\/egipto-es\/aswan-luxor-es\/tour-privado-de-luxor\/#primaryimage\"},\"image\":{\"@id\":\"https:\/\/tourtravelandmore.com\/es\/tours\/egipto-es\/aswan-luxor-es\/tour-privado-de-luxor\/#primaryimage\"},\"thumbnailUrl\":\"https:\/\/tourtravelandmore.com\/wp-content\/uploads\/2022\/11\/pexels-evee-sandoval-6324626-2-scaled.jpg\",\"datePublished\":\"2022-11-28T17:56:07+00:00\",\"dateModified\":\"2022-12-21T13:20:38+00:00\",\"description\":\"Aprovecha la oportunidad de conocer una de las mejores ciudades de Egipto en este Tour privado de Luxor junto a nuestro gu\u00eda profesional\u2705.\",\"breadcrumb\":{\"@id\":\"https:\/\/tourtravelandmore.com\/es\/tours\/egipto-es\/aswan-luxor-es\/tour-privado-de-luxor\/#breadcrumb\"},\"inLanguage\":\"es\",\"potentialAction\":[{\"@type\":\"ReadAction\",\"target\":[\"https:\/\/tourtravelandmore.com\/es\/tours\/egipto-es\/aswan-luxor-es\/tour-privado-de-luxor\/\"]}]},{\"@type\":\"ImageObject\",\"inLanguage\":\"es\",\"@id\":\"https:\/\/tourtravelandmore.com\/es\/tours\/egipto-es\/aswan-luxor-es\/tour-privado-de-luxor\/#primaryimage\",\"url\":\"https:\/\/tourtravelandmore.com\/wp-content\/uploads\/2022\/11\/pexels-evee-sandoval-6324626-2-scaled.jpg\",\"contentUrl\":\"https:\/\/tourtravelandmore.com\/wp-content\/uploads\/2022\/11\/pexels-evee-sandoval-6324626-2-scaled.jpg\",\"width\":2560,\"height\":1707},{\"@type\":\"BreadcrumbList\",\"@id\":\"https:\/\/tourtravelandmore.com\/es\/tours\/egipto-es\/aswan-luxor-es\/tour-privado-de-luxor\/#breadcrumb\",\"itemListElement\":[{\"@type\":\"ListItem\",\"position\":1,\"name\":\"Home\",\"item\":\"https:\/\/tourtravelandmore.com\/es\/\"},{\"@type\":\"ListItem\",\"position\":2,\"name\":\"Tours\",\"item\":\"https:\/\/tourtravelandmore.com\/es\/tours\/\"},{\"@type\":\"ListItem\",\"position\":3,\"name\":\"Tour privado de Luxor\"}]},{\"@type\":\"WebSite\",\"@id\":\"https:\/\/tourtravelandmore.com\/es\/#website\",\"url\":\"https:\/\/tourtravelandmore.com\/es\/\",\"name\":\"Tour Travel And More\",\"description\":\"Private sightseeing tours and luxury transfers in Spain\",\"publisher\":{\"@id\":\"https:\/\/tourtravelandmore.com\/es\/#organization\"},\"potentialAction\":[{\"@type\":\"SearchAction\",\"target\":{\"@type\":\"EntryPoint\",\"urlTemplate\":\"https:\/\/tourtravelandmore.com\/es\/?s={search_term_string}\"},\"query-input\":{\"@type\":\"PropertyValueSpecification\",\"valueRequired\":true,\"valueName\":\"search_term_string\"}}],\"inLanguage\":\"es\"},{\"@type\":\"Organization\",\"@id\":\"https:\/\/tourtravelandmore.com\/es\/#organization\",\"name\":\"Tour Travel And More\",\"url\":\"https:\/\/tourtravelandmore.com\/es\/\",\"logo\":{\"@type\":\"ImageObject\",\"inLanguage\":\"es\",\"@id\":\"https:\/\/tourtravelandmore.com\/es\/#\/schema\/logo\/image\/\",\"url\":\"https:\/\/tourtravelandmore.com\/wp-content\/uploads\/2022\/12\/cropped-logo-cabecera-new.png\",\"contentUrl\":\"https:\/\/tourtravelandmore.com\/wp-content\/uploads\/2022\/12\/cropped-logo-cabecera-new.png\",\"width\":430,\"height\":61,\"caption\":\"Tour Travel And More\"},\"image\":{\"@id\":\"https:\/\/tourtravelandmore.com\/es\/#\/schema\/logo\/image\/\"},\"sameAs\":[\"https:\/\/www.facebook.com\/tourtravelandmore\/\",\"https:\/\/x.com\/TourTravel_More\"]}]}<\/script>\n<!-- \/ Yoast SEO Premium plugin. -->","yoast_head_json":{"title":"Tour privado de Luxor con gu\u00eda oficial privado | Tour Travel & More","description":"Aprovecha la oportunidad de conocer una de las mejores ciudades de Egipto en este Tour privado de Luxor junto a nuestro gu\u00eda profesional\u2705.","robots":{"index":"index","follow":"follow","max-snippet":"max-snippet:-1","max-image-preview":"max-image-preview:large","max-video-preview":"max-video-preview:-1"},"canonical":"https:\/\/tourtravelandmore.com\/es\/tours\/egipto-es\/aswan-luxor-es\/tour-privado-de-luxor\/","og_locale":"es_ES","og_type":"article","og_title":"Tour privado de Luxor","og_description":"Aprovecha la oportunidad de conocer una de las mejores ciudades de Egipto en este Tour privado de Luxor junto a nuestro gu\u00eda profesional\u2705.","og_url":"https:\/\/tourtravelandmore.com\/es\/tours\/egipto-es\/aswan-luxor-es\/tour-privado-de-luxor\/","og_site_name":"Tour Travel And More","article_publisher":"https:\/\/www.facebook.com\/tourtravelandmore\/","article_modified_time":"2022-12-21T13:20:38+00:00","og_image":[{"width":2560,"height":1707,"url":"https:\/\/tourtravelandmore.com\/wp-content\/uploads\/2022\/11\/pexels-evee-sandoval-6324626-2-scaled.jpg","type":"image\/jpeg"}],"twitter_card":"summary_large_image","twitter_site":"@TourTravel_More","twitter_misc":{"Tiempo de lectura":"2 minutos"},"schema":{"@context":"https:\/\/schema.org","@graph":[{"@type":"WebPage","@id":"https:\/\/tourtravelandmore.com\/es\/tours\/egipto-es\/aswan-luxor-es\/tour-privado-de-luxor\/","url":"https:\/\/tourtravelandmore.com\/es\/tours\/egipto-es\/aswan-luxor-es\/tour-privado-de-luxor\/","name":"Tour privado de Luxor con gu\u00eda oficial privado | Tour Travel & More","isPartOf":{"@id":"https:\/\/tourtravelandmore.com\/es\/#website"},"primaryImageOfPage":{"@id":"https:\/\/tourtravelandmore.com\/es\/tours\/egipto-es\/aswan-luxor-es\/tour-privado-de-luxor\/#primaryimage"},"image":{"@id":"https:\/\/tourtravelandmore.com\/es\/tours\/egipto-es\/aswan-luxor-es\/tour-privado-de-luxor\/#primaryimage"},"thumbnailUrl":"https:\/\/tourtravelandmore.com\/wp-content\/uploads\/2022\/11\/pexels-evee-sandoval-6324626-2-scaled.jpg","datePublished":"2022-11-28T17:56:07+00:00","dateModified":"2022-12-21T13:20:38+00:00","description":"Aprovecha la oportunidad de conocer una de las mejores ciudades de Egipto en este Tour privado de Luxor junto a nuestro gu\u00eda profesional\u2705.","breadcrumb":{"@id":"https:\/\/tourtravelandmore.com\/es\/tours\/egipto-es\/aswan-luxor-es\/tour-privado-de-luxor\/#breadcrumb"},"inLanguage":"es","potentialAction":[{"@type":"ReadAction","target":["https:\/\/tourtravelandmore.com\/es\/tours\/egipto-es\/aswan-luxor-es\/tour-privado-de-luxor\/"]}]},{"@type":"ImageObject","inLanguage":"es","@id":"https:\/\/tourtravelandmore.com\/es\/tours\/egipto-es\/aswan-luxor-es\/tour-privado-de-luxor\/#primaryimage","url":"https:\/\/tourtravelandmore.com\/wp-content\/uploads\/2022\/11\/pexels-evee-sandoval-6324626-2-scaled.jpg","contentUrl":"https:\/\/tourtravelandmore.com\/wp-content\/uploads\/2022\/11\/pexels-evee-sandoval-6324626-2-scaled.jpg","width":2560,"height":1707},{"@type":"BreadcrumbList","@id":"https:\/\/tourtravelandmore.com\/es\/tours\/egipto-es\/aswan-luxor-es\/tour-privado-de-luxor\/#breadcrumb","itemListElement":[{"@type":"ListItem","position":1,"name":"Home","item":"https:\/\/tourtravelandmore.com\/es\/"},{"@type":"ListItem","position":2,"name":"Tours","item":"https:\/\/tourtravelandmore.com\/es\/tours\/"},{"@type":"ListItem","position":3,"name":"Tour privado de Luxor"}]},{"@type":"WebSite","@id":"https:\/\/tourtravelandmore.com\/es\/#website","url":"https:\/\/tourtravelandmore.com\/es\/","name":"Tour Travel And More","description":"Private sightseeing tours and luxury transfers in Spain","publisher":{"@id":"https:\/\/tourtravelandmore.com\/es\/#organization"},"potentialAction":[{"@type":"SearchAction","target":{"@type":"EntryPoint","urlTemplate":"https:\/\/tourtravelandmore.com\/es\/?s={search_term_string}"},"query-input":{"@type":"PropertyValueSpecification","valueRequired":true,"valueName":"search_term_string"}}],"inLanguage":"es"},{"@type":"Organization","@id":"https:\/\/tourtravelandmore.com\/es\/#organization","name":"Tour Travel And More","url":"https:\/\/tourtravelandmore.com\/es\/","logo":{"@type":"ImageObject","inLanguage":"es","@id":"https:\/\/tourtravelandmore.com\/es\/#\/schema\/logo\/image\/","url":"https:\/\/tourtravelandmore.com\/wp-content\/uploads\/2022\/12\/cropped-logo-cabecera-new.png","contentUrl":"https:\/\/tourtravelandmore.com\/wp-content\/uploads\/2022\/12\/cropped-logo-cabecera-new.png","width":430,"height":61,"caption":"Tour Travel And More"},"image":{"@id":"https:\/\/tourtravelandmore.com\/es\/#\/schema\/logo\/image\/"},"sameAs":["https:\/\/www.facebook.com\/tourtravelandmore\/","https:\/\/x.com\/TourTravel_More"]}]}},"_links":{"self":[{"href":"https:\/\/tourtravelandmore.com\/es\/wp-json\/wp\/v2\/product\/145335","targetHints":{"allow":["GET"]}}],"collection":[{"href":"https:\/\/tourtravelandmore.com\/es\/wp-json\/wp\/v2\/product"}],"about":[{"href":"https:\/\/tourtravelandmore.com\/es\/wp-json\/wp\/v2\/types\/product"}],"replies":[{"embeddable":true,"href":"https:\/\/tourtravelandmore.com\/es\/wp-json\/wp\/v2\/comments?post=145335"}],"wp:featuredmedia":[{"embeddable":true,"href":"https:\/\/tourtravelandmore.com\/es\/wp-json\/wp\/v2\/media\/145384"}],"wp:attachment":[{"href":"https:\/\/tourtravelandmore.com\/es\/wp-json\/wp\/v2\/media?parent=145335"}],"wp:term":[{"taxonomy":"product_brand","embeddable":true,"href":"https:\/\/tourtravelandmore.com\/es\/wp-json\/wp\/v2\/product_brand?post=145335"},{"taxonomy":"product_cat","embeddable":true,"href":"https:\/\/tourtravelandmore.com\/es\/wp-json\/wp\/v2\/product_cat?post=145335"},{"taxonomy":"product_tag","embeddable":true,"href":"https:\/\/tourtravelandmore.com\/es\/wp-json\/wp\/v2\/product_tag?post=145335"}],"curies":[{"name":"wp","href":"https:\/\/api.w.org\/{rel}","templated":true}]}}