{"id":144161,"date":"2022-11-18T14:53:08","date_gmt":"2022-11-18T13:53:11","guid":{"rendered":"https:\/\/tourtravelandmore.com\/?post_type=product&#038;p=144161"},"modified":"2022-11-22T19:26:44","modified_gmt":"2022-11-22T18:26:44","slug":"tour-privado-en-quad-por-las-piramides-de-giza","status":"publish","type":"product","link":"https:\/\/tourtravelandmore.com\/es\/tours\/egipto-es\/cairo-es\/cairo-actividades-es\/tour-privado-en-quad-por-las-piramides-de-giza\/","title":{"rendered":"Tour privado en quad por las Pir\u00e1mides de Giza"},"content":{"rendered":"<h2><b>Descripci\u00f3n del Tour privado en quad por las Pir\u00e1mides de Giza<\/b><\/h2>\n<p><span style=\"font-weight: 400;\">Explora lo m\u00e1s espectacular del <\/span><b>Antiguo Egipto<\/b><span style=\"font-weight: 400;\"> cerca de <\/span><b>El Cairo <\/b><span style=\"font-weight: 400;\">en un d\u00eda junto a un gu\u00eda oficial experto en un espectacular paseo en cuatri. En nuestro <\/span><b>Tour privado\u00a0 en quad por las pir\u00e1mides de Giza<\/b><span style=\"font-weight: 400;\"> visitar\u00e1 una de las siete maravillas del mundo y otros de los sitios m\u00e1s emblem\u00e1ticos de una de las civilizaciones m\u00e1s grandes que existieron en nuestro planeta.<\/span><\/p>\n<p><span style=\"font-weight: 400;\">Su chofer oficial privado le recoger\u00e1 en su hotel o sitio deseado en El Cairo. A continuaci\u00f3n ir\u00e1n a <\/span><b>Giza <\/b><span style=\"font-weight: 400;\">y visitar\u00e1n las <\/span><b>3 pir\u00e1mides y la Esfinge<\/b><span style=\"font-weight: 400;\">.\u00a0<\/span><\/p>\n<p><span style=\"font-weight: 400;\">El tour es 100\u202f% ajustable a sus propios deseos e intereses. Nuestros gu\u00edas y choferes est\u00e1n a su entera disposici\u00f3n. Coordinaremos su excursi\u00f3n con anticipaci\u00f3n. En caso de que visite <\/span><b>Egipto por m\u00e1s d\u00edas, puede ver nuestros <\/b><a href=\"https:\/\/tourtravelandmore.com\/es\/ciudad\/egipto-es\/cairo-es\/cairo-rutas-es\/\"><b>itinerarios privados<\/b><\/a><b>.<\/b><\/p>\n<h2><b>Puntos de inter\u00e9s<\/b><\/h2>\n<p><span style=\"font-weight: 400;\">Despu\u00e9s de que le recojan en su<strong> hotel o lugar de elecci\u00f3n de El Cairo,<\/strong> le trasladar\u00e1n a las <strong>pir\u00e1mides de Giza<\/strong>. Este es el punto de partida de su sencillo paseo en quad. Esta excursi\u00f3n es la forma m\u00e1s emocionante de descubrir <strong>las antiguas maravillas de Egipto<\/strong>. Los buggies, hechos a medida, son capaces de recorrer las dunas a velocidades superiores a los 80 km\/h, llev\u00e1ndolo a lugares que la mayor\u00eda de los turistas nunca llegan a ver. <strong>Recorrer el desierto es una experiencia emocionante que har\u00e1 que sus vacaciones en Egipto sean inolvidables.<\/strong><\/span><\/p>\n<p><span style=\"font-weight: 400;\">Saque fotos incre\u00edbles y vea las <strong>Grandes Pir\u00e1mides: Keops, Kefr\u00e9n y Mykerinos<\/strong>. Despu\u00e9s, visite el <strong>Templo<\/strong> <strong>del Valle<\/strong> y vea de cerca la <strong>Esfinge<\/strong>.<\/span><\/p>\n<p>Al final de su <strong>Tour Privado en Quad por las Pir\u00e1mides de Giza<\/strong>, su conductor y gu\u00eda le llevar\u00e1n de vuelta a su hotel en <strong>El Cairo<\/strong>. Podr\u00e1 cenar en uno de los muchos y magn\u00edficos restaurantes de la ciudad. <a href=\"https:\/\/es.wikipedia.org\/wiki\/El_Cairo\"><strong>El Cairo<\/strong><\/a> es conocido por la hospitalidad de sus gentes y su variada gastronom\u00eda. Le recomendaremos los mejores lugares de la ciudad.<\/p>\n","protected":false},"excerpt":{"rendered":"<p><span style=\"font-weight: 400;\">Explora lo m\u00e1s espectacular del <\/span><b>Antiguo Egipto<\/b><span style=\"font-weight: 400;\"> cerca de <\/span><b>El Cairo <\/b><span style=\"font-weight: 400;\">en un d\u00eda junto a un gu\u00eda oficial experto en un espectacular paseo en cuatri. En nuestro <\/span><b>Tour privado\u00a0 en quad por las pir\u00e1mides de Giza<\/b><span style=\"font-weight: 400;\"> visitar\u00e1 una de las siete maravillas del mundo y otros de los sitios m\u00e1s emblem\u00e1ticos de una de las civilizaciones m\u00e1s grandes que existieron en nuestro planeta.<\/span><\/p>\n","protected":false},"featured_media":144183,"comment_status":"open","ping_status":"closed","template":"","meta":{"_acf_changed":false},"product_brand":[],"product_cat":[3031,3040,3043,3049],"product_tag":[],"class_list":{"0":"post-144161","1":"product","2":"type-product","3":"status-publish","4":"has-post-thumbnail","6":"product_cat-egipto-es","7":"product_cat-cairo-es","8":"product_cat-cairo-actividades-es","9":"product_cat-cairo-tours-privados-es","11":"first","12":"instock","13":"shipping-taxable","14":"purchasable","15":"product-type-simple"},"acf":[],"yoast_head":"<!-- This site is optimized with the Yoast SEO Premium plugin v25.3.1 (Yoast SEO v25.3.1) - https:\/\/yoast.com\/wordpress\/plugins\/seo\/ -->\n<title>Tour privado en quad por las Pir\u00e1mides de Giza | Tour Travel &amp; More<\/title>\n<meta name=\"description\" content=\"Disfruta de nuestro Tour Privado en Quad por las Pir\u00e1mides de Guiza y conoce la historia de una de las ciudades m\u00e1s poderosas de la civilizaci\u00f3n humana \u2705.\" \/>\n<meta name=\"robots\" content=\"index, follow, max-snippet:-1, max-image-preview:large, max-video-preview:-1\" \/>\n<link rel=\"canonical\" href=\"https:\/\/tourtravelandmore.com\/es\/tours\/egipto-es\/cairo-es\/cairo-actividades-es\/tour-privado-en-quad-por-las-piramides-de-giza\/\" \/>\n<meta property=\"og:locale\" content=\"es_ES\" \/>\n<meta property=\"og:type\" content=\"article\" \/>\n<meta property=\"og:title\" content=\"Tour privado en quad por las Pir\u00e1mides de Giza\" \/>\n<meta property=\"og:description\" content=\"Disfruta de nuestro Tour Privado en Quad por las Pir\u00e1mides de Guiza y conoce la historia de una de las ciudades m\u00e1s poderosas de la civilizaci\u00f3n humana \u2705.\" \/>\n<meta property=\"og:url\" content=\"https:\/\/tourtravelandmore.com\/es\/tours\/egipto-es\/cairo-es\/cairo-actividades-es\/tour-privado-en-quad-por-las-piramides-de-giza\/\" \/>\n<meta property=\"og:site_name\" content=\"Tour Travel And More\" \/>\n<meta property=\"article:publisher\" content=\"https:\/\/www.facebook.com\/tourtravelandmore\/\" \/>\n<meta property=\"article:modified_time\" content=\"2022-11-22T18:26:44+00:00\" \/>\n<meta property=\"og:image\" content=\"https:\/\/tourtravelandmore.com\/wp-content\/uploads\/2022\/11\/pexels-tima-miroshnichenko-5976722-scaled.jpg\" \/>\n\t<meta property=\"og:image:width\" content=\"2560\" \/>\n\t<meta property=\"og:image:height\" content=\"1707\" \/>\n\t<meta property=\"og:image:type\" content=\"image\/jpeg\" \/>\n<meta name=\"twitter:card\" content=\"summary_large_image\" \/>\n<meta name=\"twitter:site\" content=\"@TourTravel_More\" \/>\n<meta name=\"twitter:label1\" content=\"Tiempo de lectura\" \/>\n\t<meta name=\"twitter:data1\" content=\"2 minutos\" \/>\n<script type=\"application\/ld+json\" class=\"yoast-schema-graph\">{\"@context\":\"https:\/\/schema.org\",\"@graph\":[{\"@type\":\"WebPage\",\"@id\":\"https:\/\/tourtravelandmore.com\/es\/tours\/egipto-es\/cairo-es\/cairo-actividades-es\/tour-privado-en-quad-por-las-piramides-de-giza\/\",\"url\":\"https:\/\/tourtravelandmore.com\/es\/tours\/egipto-es\/cairo-es\/cairo-actividades-es\/tour-privado-en-quad-por-las-piramides-de-giza\/\",\"name\":\"Tour privado en quad por las Pir\u00e1mides de Giza | Tour Travel & More\",\"isPartOf\":{\"@id\":\"https:\/\/tourtravelandmore.com\/es\/#website\"},\"primaryImageOfPage\":{\"@id\":\"https:\/\/tourtravelandmore.com\/es\/tours\/egipto-es\/cairo-es\/cairo-actividades-es\/tour-privado-en-quad-por-las-piramides-de-giza\/#primaryimage\"},\"image\":{\"@id\":\"https:\/\/tourtravelandmore.com\/es\/tours\/egipto-es\/cairo-es\/cairo-actividades-es\/tour-privado-en-quad-por-las-piramides-de-giza\/#primaryimage\"},\"thumbnailUrl\":\"https:\/\/tourtravelandmore.com\/wp-content\/uploads\/2022\/11\/pexels-tima-miroshnichenko-5976722-scaled.jpg\",\"datePublished\":\"2022-11-18T13:53:11+00:00\",\"dateModified\":\"2022-11-22T18:26:44+00:00\",\"description\":\"Disfruta de nuestro Tour Privado en Quad por las Pir\u00e1mides de Guiza y conoce la historia de una de las ciudades m\u00e1s poderosas de la civilizaci\u00f3n humana \u2705.\",\"breadcrumb\":{\"@id\":\"https:\/\/tourtravelandmore.com\/es\/tours\/egipto-es\/cairo-es\/cairo-actividades-es\/tour-privado-en-quad-por-las-piramides-de-giza\/#breadcrumb\"},\"inLanguage\":\"es\",\"potentialAction\":[{\"@type\":\"ReadAction\",\"target\":[\"https:\/\/tourtravelandmore.com\/es\/tours\/egipto-es\/cairo-es\/cairo-actividades-es\/tour-privado-en-quad-por-las-piramides-de-giza\/\"]}]},{\"@type\":\"ImageObject\",\"inLanguage\":\"es\",\"@id\":\"https:\/\/tourtravelandmore.com\/es\/tours\/egipto-es\/cairo-es\/cairo-actividades-es\/tour-privado-en-quad-por-las-piramides-de-giza\/#primaryimage\",\"url\":\"https:\/\/tourtravelandmore.com\/wp-content\/uploads\/2022\/11\/pexels-tima-miroshnichenko-5976722-scaled.jpg\",\"contentUrl\":\"https:\/\/tourtravelandmore.com\/wp-content\/uploads\/2022\/11\/pexels-tima-miroshnichenko-5976722-scaled.jpg\",\"width\":2560,\"height\":1707},{\"@type\":\"BreadcrumbList\",\"@id\":\"https:\/\/tourtravelandmore.com\/es\/tours\/egipto-es\/cairo-es\/cairo-actividades-es\/tour-privado-en-quad-por-las-piramides-de-giza\/#breadcrumb\",\"itemListElement\":[{\"@type\":\"ListItem\",\"position\":1,\"name\":\"Home\",\"item\":\"https:\/\/tourtravelandmore.com\/es\/\"},{\"@type\":\"ListItem\",\"position\":2,\"name\":\"Tours\",\"item\":\"https:\/\/tourtravelandmore.com\/es\/tours\/\"},{\"@type\":\"ListItem\",\"position\":3,\"name\":\"Tour privado en quad por las Pir\u00e1mides de Giza\"}]},{\"@type\":\"WebSite\",\"@id\":\"https:\/\/tourtravelandmore.com\/es\/#website\",\"url\":\"https:\/\/tourtravelandmore.com\/es\/\",\"name\":\"Tour Travel And More\",\"description\":\"Private sightseeing tours and luxury transfers in Spain\",\"publisher\":{\"@id\":\"https:\/\/tourtravelandmore.com\/es\/#organization\"},\"potentialAction\":[{\"@type\":\"SearchAction\",\"target\":{\"@type\":\"EntryPoint\",\"urlTemplate\":\"https:\/\/tourtravelandmore.com\/es\/?s={search_term_string}\"},\"query-input\":{\"@type\":\"PropertyValueSpecification\",\"valueRequired\":true,\"valueName\":\"search_term_string\"}}],\"inLanguage\":\"es\"},{\"@type\":\"Organization\",\"@id\":\"https:\/\/tourtravelandmore.com\/es\/#organization\",\"name\":\"Tour Travel And More\",\"url\":\"https:\/\/tourtravelandmore.com\/es\/\",\"logo\":{\"@type\":\"ImageObject\",\"inLanguage\":\"es\",\"@id\":\"https:\/\/tourtravelandmore.com\/es\/#\/schema\/logo\/image\/\",\"url\":\"https:\/\/tourtravelandmore.com\/wp-content\/uploads\/2022\/12\/cropped-logo-cabecera-new.png\",\"contentUrl\":\"https:\/\/tourtravelandmore.com\/wp-content\/uploads\/2022\/12\/cropped-logo-cabecera-new.png\",\"width\":430,\"height\":61,\"caption\":\"Tour Travel And More\"},\"image\":{\"@id\":\"https:\/\/tourtravelandmore.com\/es\/#\/schema\/logo\/image\/\"},\"sameAs\":[\"https:\/\/www.facebook.com\/tourtravelandmore\/\",\"https:\/\/x.com\/TourTravel_More\"]}]}<\/script>\n<!-- \/ Yoast SEO Premium plugin. -->","yoast_head_json":{"title":"Tour privado en quad por las Pir\u00e1mides de Giza | Tour Travel & More","description":"Disfruta de nuestro Tour Privado en Quad por las Pir\u00e1mides de Guiza y conoce la historia de una de las ciudades m\u00e1s poderosas de la civilizaci\u00f3n humana \u2705.","robots":{"index":"index","follow":"follow","max-snippet":"max-snippet:-1","max-image-preview":"max-image-preview:large","max-video-preview":"max-video-preview:-1"},"canonical":"https:\/\/tourtravelandmore.com\/es\/tours\/egipto-es\/cairo-es\/cairo-actividades-es\/tour-privado-en-quad-por-las-piramides-de-giza\/","og_locale":"es_ES","og_type":"article","og_title":"Tour privado en quad por las Pir\u00e1mides de Giza","og_description":"Disfruta de nuestro Tour Privado en Quad por las Pir\u00e1mides de Guiza y conoce la historia de una de las ciudades m\u00e1s poderosas de la civilizaci\u00f3n humana \u2705.","og_url":"https:\/\/tourtravelandmore.com\/es\/tours\/egipto-es\/cairo-es\/cairo-actividades-es\/tour-privado-en-quad-por-las-piramides-de-giza\/","og_site_name":"Tour Travel And More","article_publisher":"https:\/\/www.facebook.com\/tourtravelandmore\/","article_modified_time":"2022-11-22T18:26:44+00:00","og_image":[{"width":2560,"height":1707,"url":"https:\/\/tourtravelandmore.com\/wp-content\/uploads\/2022\/11\/pexels-tima-miroshnichenko-5976722-scaled.jpg","type":"image\/jpeg"}],"twitter_card":"summary_large_image","twitter_site":"@TourTravel_More","twitter_misc":{"Tiempo de lectura":"2 minutos"},"schema":{"@context":"https:\/\/schema.org","@graph":[{"@type":"WebPage","@id":"https:\/\/tourtravelandmore.com\/es\/tours\/egipto-es\/cairo-es\/cairo-actividades-es\/tour-privado-en-quad-por-las-piramides-de-giza\/","url":"https:\/\/tourtravelandmore.com\/es\/tours\/egipto-es\/cairo-es\/cairo-actividades-es\/tour-privado-en-quad-por-las-piramides-de-giza\/","name":"Tour privado en quad por las Pir\u00e1mides de Giza | Tour Travel & More","isPartOf":{"@id":"https:\/\/tourtravelandmore.com\/es\/#website"},"primaryImageOfPage":{"@id":"https:\/\/tourtravelandmore.com\/es\/tours\/egipto-es\/cairo-es\/cairo-actividades-es\/tour-privado-en-quad-por-las-piramides-de-giza\/#primaryimage"},"image":{"@id":"https:\/\/tourtravelandmore.com\/es\/tours\/egipto-es\/cairo-es\/cairo-actividades-es\/tour-privado-en-quad-por-las-piramides-de-giza\/#primaryimage"},"thumbnailUrl":"https:\/\/tourtravelandmore.com\/wp-content\/uploads\/2022\/11\/pexels-tima-miroshnichenko-5976722-scaled.jpg","datePublished":"2022-11-18T13:53:11+00:00","dateModified":"2022-11-22T18:26:44+00:00","description":"Disfruta de nuestro Tour Privado en Quad por las Pir\u00e1mides de Guiza y conoce la historia de una de las ciudades m\u00e1s poderosas de la civilizaci\u00f3n humana \u2705.","breadcrumb":{"@id":"https:\/\/tourtravelandmore.com\/es\/tours\/egipto-es\/cairo-es\/cairo-actividades-es\/tour-privado-en-quad-por-las-piramides-de-giza\/#breadcrumb"},"inLanguage":"es","potentialAction":[{"@type":"ReadAction","target":["https:\/\/tourtravelandmore.com\/es\/tours\/egipto-es\/cairo-es\/cairo-actividades-es\/tour-privado-en-quad-por-las-piramides-de-giza\/"]}]},{"@type":"ImageObject","inLanguage":"es","@id":"https:\/\/tourtravelandmore.com\/es\/tours\/egipto-es\/cairo-es\/cairo-actividades-es\/tour-privado-en-quad-por-las-piramides-de-giza\/#primaryimage","url":"https:\/\/tourtravelandmore.com\/wp-content\/uploads\/2022\/11\/pexels-tima-miroshnichenko-5976722-scaled.jpg","contentUrl":"https:\/\/tourtravelandmore.com\/wp-content\/uploads\/2022\/11\/pexels-tima-miroshnichenko-5976722-scaled.jpg","width":2560,"height":1707},{"@type":"BreadcrumbList","@id":"https:\/\/tourtravelandmore.com\/es\/tours\/egipto-es\/cairo-es\/cairo-actividades-es\/tour-privado-en-quad-por-las-piramides-de-giza\/#breadcrumb","itemListElement":[{"@type":"ListItem","position":1,"name":"Home","item":"https:\/\/tourtravelandmore.com\/es\/"},{"@type":"ListItem","position":2,"name":"Tours","item":"https:\/\/tourtravelandmore.com\/es\/tours\/"},{"@type":"ListItem","position":3,"name":"Tour privado en quad por las Pir\u00e1mides de Giza"}]},{"@type":"WebSite","@id":"https:\/\/tourtravelandmore.com\/es\/#website","url":"https:\/\/tourtravelandmore.com\/es\/","name":"Tour Travel And More","description":"Private sightseeing tours and luxury transfers in Spain","publisher":{"@id":"https:\/\/tourtravelandmore.com\/es\/#organization"},"potentialAction":[{"@type":"SearchAction","target":{"@type":"EntryPoint","urlTemplate":"https:\/\/tourtravelandmore.com\/es\/?s={search_term_string}"},"query-input":{"@type":"PropertyValueSpecification","valueRequired":true,"valueName":"search_term_string"}}],"inLanguage":"es"},{"@type":"Organization","@id":"https:\/\/tourtravelandmore.com\/es\/#organization","name":"Tour Travel And More","url":"https:\/\/tourtravelandmore.com\/es\/","logo":{"@type":"ImageObject","inLanguage":"es","@id":"https:\/\/tourtravelandmore.com\/es\/#\/schema\/logo\/image\/","url":"https:\/\/tourtravelandmore.com\/wp-content\/uploads\/2022\/12\/cropped-logo-cabecera-new.png","contentUrl":"https:\/\/tourtravelandmore.com\/wp-content\/uploads\/2022\/12\/cropped-logo-cabecera-new.png","width":430,"height":61,"caption":"Tour Travel And More"},"image":{"@id":"https:\/\/tourtravelandmore.com\/es\/#\/schema\/logo\/image\/"},"sameAs":["https:\/\/www.facebook.com\/tourtravelandmore\/","https:\/\/x.com\/TourTravel_More"]}]}},"_links":{"self":[{"href":"https:\/\/tourtravelandmore.com\/es\/wp-json\/wp\/v2\/product\/144161","targetHints":{"allow":["GET"]}}],"collection":[{"href":"https:\/\/tourtravelandmore.com\/es\/wp-json\/wp\/v2\/product"}],"about":[{"href":"https:\/\/tourtravelandmore.com\/es\/wp-json\/wp\/v2\/types\/product"}],"replies":[{"embeddable":true,"href":"https:\/\/tourtravelandmore.com\/es\/wp-json\/wp\/v2\/comments?post=144161"}],"wp:featuredmedia":[{"embeddable":true,"href":"https:\/\/tourtravelandmore.com\/es\/wp-json\/wp\/v2\/media\/144183"}],"wp:attachment":[{"href":"https:\/\/tourtravelandmore.com\/es\/wp-json\/wp\/v2\/media?parent=144161"}],"wp:term":[{"taxonomy":"product_brand","embeddable":true,"href":"https:\/\/tourtravelandmore.com\/es\/wp-json\/wp\/v2\/product_brand?post=144161"},{"taxonomy":"product_cat","embeddable":true,"href":"https:\/\/tourtravelandmore.com\/es\/wp-json\/wp\/v2\/product_cat?post=144161"},{"taxonomy":"product_tag","embeddable":true,"href":"https:\/\/tourtravelandmore.com\/es\/wp-json\/wp\/v2\/product_tag?post=144161"}],"curies":[{"name":"wp","href":"https:\/\/api.w.org\/{rel}","templated":true}]}}