{"id":143706,"date":"2022-11-14T22:12:34","date_gmt":"2022-11-14T21:12:35","guid":{"rendered":"https:\/\/tourtravelandmore.com\/?post_type=product&#038;p=143706"},"modified":"2024-02-28T17:21:41","modified_gmt":"2024-02-28T16:21:41","slug":"tour-privado-del-castillo-de-frederiksborg-desde-copenhague","status":"publish","type":"product","link":"https:\/\/tourtravelandmore.com\/es\/tours\/dinamarca\/copenhague-es\/copenhague-actividades-es\/tour-privado-del-castillo-de-frederiksborg-desde-copenhague\/","title":{"rendered":"Tour privado del Castillo de Frederiksborg desde Copenhague"},"content":{"rendered":"<h2 id=\"tw-target-text\" class=\"tw-data-text tw-text-large XcVN5d tw-ta\" dir=\"ltr\" data-placeholder=\"Traducci\u00f3n\"><span lang=\"es\">Descripci\u00f3n<\/span><\/h2>\n<p>La mejor manera de descubrir <a href=\"https:\/\/es.wikipedia.org\/wiki\/Castillo_de_Frederiksborg\"><strong>Frederiksborg<\/strong> <\/a>es realizando una visita privada y exclusiva a este hermoso castillo. Por eso, este exclusivo <strong>tour privado al castillo de Frederiksborg desde Copenhague<\/strong> es ideal para usted.<\/p>\n<p><strong>El Castillo de Frederiksborg<\/strong> es un complejo palaciego situado en Hiller\u00f8d, Dinamarca, construido sobre tres islotes de Slotss\u00f8, el &#8220;lago del castillo&#8221;, y unido a un gran jard\u00edn barroco. Construido por <strong>Hans van Steenwinkel<\/strong> como residencia real del rey <strong>Christian<\/strong> <strong>IV<\/strong> de <strong>Dinamarca<\/strong> entre <strong>1560<\/strong> y <strong>1630<\/strong>, en sustituci\u00f3n de un castillo m\u00e1s antiguo adquirido por <strong>Federico<\/strong> <strong>II<\/strong>, en cuyo honor se nombr\u00f3 el edificio, se convirti\u00f3 en el mayor castillo de <strong>estilo<\/strong> <strong>renacentista<\/strong> de <strong>Escandinavia<\/strong>.<\/p>\n<p>Una visita al <strong>castillo<\/strong> de <strong>Frederiksborg<\/strong> es la mejor manera de recorrer la historia de <strong>Dinamarca<\/strong>. El castillo m\u00e1s grande de Escandinavia es la sede del Museo Nacional de Historia y alberga verdaderos tesoros art\u00edsticos.<\/p>\n<p>Este tour es totalmente personalizable. Puede adaptar todos nuestros tours en <strong>Copenhague<\/strong> a sus propios intereses poni\u00e9ndose en contacto con nosotros.<\/p>\n<h2>Puntos emblem\u00e1ticos y de inter\u00e9s<\/h2>\n<p>Este tour comenzar\u00e1 en el punto de encuentro que usted elija. Si su hotel est\u00e1 situado en el centro, podemos empezar desde all\u00ed. Si no, podemos organizar una recogida privada en el punto de encuentro que usted elija.<\/p>\n<p>La imponente estructura del edificio le har\u00e1 comprender por qu\u00e9 es el mayor castillo de <strong>Escandinavia<\/strong>.<\/p>\n<p>Nuestra visita a <strong>Frederiksborg<\/strong>, considerada como el &#8220;<strong>Versalles<\/strong> <strong>dan\u00e9s<\/strong>&#8220;, comenzar\u00e1 en los jardines del castillo. Notar\u00e1 el estilo franc\u00e9s en los parterres y laberintos que decoran el parque. Tras disfrutar del aroma de las flores que decoran este hermoso lugar, entrar\u00e1 en el interior del castillo. All\u00ed se encuentra el Museo Nacional de Historia de Dinamarca.<\/p>\n<p>Tambi\u00e9n la <strong>colecci\u00f3n del museo<\/strong> alberga una destacada muestra de muebles y pinturas que le permitir\u00e1n conocer el gusto de los monarcas daneses por la decoraci\u00f3n. A continuaci\u00f3n, visitaremos la <strong>Galer\u00eda<\/strong> de <strong>M\u00e1rmol<\/strong>, repleta de esculturas, y la <strong>Sala<\/strong> de <strong>Audiencias<\/strong>. El recorrido contin\u00faa con una visita a la <strong>Capilla<\/strong> de <strong>Frederiksborg<\/strong>. En esta peque\u00f1a iglesia tambi\u00e9n encontrar\u00e1 uno de los \u00f3rganos en funcionamiento m\u00e1s antiguos de Europa.<\/p>\n<p>A continuaci\u00f3n, regresar\u00e1 a su veh\u00edculo privado, donde su conductor le estar\u00e1 esperando para llevarle de vuelta a su punto de recogida o al lugar que elija en Copenhague.<\/p>\n<p>En caso de que tenga algunos d\u00edas m\u00e1s en la ciudad danesa, puede consultar todos <strong><a href=\"https:\/\/tourtravelandmore.com\/city\/denmark\/copenhaguen-en\/\">nuestros tours privados de Copenhague aqu\u00ed.<\/a><\/strong><\/p>\n","protected":false},"excerpt":{"rendered":"<p>La mejor manera de descubrir <strong>Frederiksborg<\/strong> es realizando una visita privada y exclusiva a este hermoso castillo. \u00a1Por eso este exclusivo<strong> tour privado del castillo de Frederiksborg desde Copenhague<\/strong> es ideal para ti!<\/p>\n<p>&nbsp;<\/p>\n","protected":false},"featured_media":143751,"comment_status":"open","ping_status":"closed","template":"","meta":{"_acf_changed":false},"product_brand":[],"product_cat":[1648,1649,1654],"product_tag":[],"class_list":{"0":"post-143706","1":"product","2":"type-product","3":"status-publish","4":"has-post-thumbnail","6":"product_cat-dinamarca","7":"product_cat-copenhague-es","8":"product_cat-copenhague-actividades-es","10":"first","11":"instock","12":"shipping-taxable","13":"purchasable","14":"product-type-simple"},"acf":[],"yoast_head":"<!-- This site is optimized with the Yoast SEO Premium plugin v25.3.1 (Yoast SEO v25.3.1) - https:\/\/yoast.com\/wordpress\/plugins\/seo\/ -->\n<title>Tour privado del Castillo de Frederiksborg | Tour Travel &amp; More<\/title>\n<meta name=\"description\" content=\"Tour privado del Castillo de Frederiksborg. Explora los paisajes con esta excursi\u00f3n privada de d\u00eda completo con gu\u00eda y veh\u00edculo privado con ch\u00f3fer.\" \/>\n<meta name=\"robots\" content=\"index, follow, max-snippet:-1, max-image-preview:large, max-video-preview:-1\" \/>\n<link rel=\"canonical\" href=\"https:\/\/tourtravelandmore.com\/es\/tours\/dinamarca\/copenhague-es\/copenhague-actividades-es\/tour-privado-del-castillo-de-frederiksborg-desde-copenhague\/\" \/>\n<meta property=\"og:locale\" content=\"es_ES\" \/>\n<meta property=\"og:type\" content=\"article\" \/>\n<meta property=\"og:title\" content=\"Tour privado del Castillo de Frederiksborg desde Copenhague\" \/>\n<meta property=\"og:description\" content=\"Tour privado del Castillo de Frederiksborg. Explora los paisajes con esta excursi\u00f3n privada de d\u00eda completo con gu\u00eda y veh\u00edculo privado con ch\u00f3fer.\" \/>\n<meta property=\"og:url\" content=\"https:\/\/tourtravelandmore.com\/es\/tours\/dinamarca\/copenhague-es\/copenhague-actividades-es\/tour-privado-del-castillo-de-frederiksborg-desde-copenhague\/\" \/>\n<meta property=\"og:site_name\" content=\"Tour Travel And More\" \/>\n<meta property=\"article:publisher\" content=\"https:\/\/www.facebook.com\/tourtravelandmore\/\" \/>\n<meta property=\"article:modified_time\" content=\"2024-02-28T16:21:41+00:00\" \/>\n<meta property=\"og:image\" content=\"https:\/\/tourtravelandmore.com\/wp-content\/uploads\/2022\/11\/pexels-mads-terkelsen-8231533-scaled.jpg\" \/>\n\t<meta property=\"og:image:width\" content=\"2560\" \/>\n\t<meta property=\"og:image:height\" content=\"1707\" \/>\n\t<meta property=\"og:image:type\" content=\"image\/jpeg\" \/>\n<meta name=\"twitter:card\" content=\"summary_large_image\" \/>\n<meta name=\"twitter:site\" content=\"@TourTravel_More\" \/>\n<meta name=\"twitter:label1\" content=\"Tiempo de lectura\" \/>\n\t<meta name=\"twitter:data1\" content=\"2 minutos\" \/>\n<script type=\"application\/ld+json\" class=\"yoast-schema-graph\">{\"@context\":\"https:\/\/schema.org\",\"@graph\":[{\"@type\":\"WebPage\",\"@id\":\"https:\/\/tourtravelandmore.com\/es\/tours\/dinamarca\/copenhague-es\/copenhague-actividades-es\/tour-privado-del-castillo-de-frederiksborg-desde-copenhague\/\",\"url\":\"https:\/\/tourtravelandmore.com\/es\/tours\/dinamarca\/copenhague-es\/copenhague-actividades-es\/tour-privado-del-castillo-de-frederiksborg-desde-copenhague\/\",\"name\":\"Tour privado del Castillo de Frederiksborg | Tour Travel & More\",\"isPartOf\":{\"@id\":\"https:\/\/tourtravelandmore.com\/es\/#website\"},\"primaryImageOfPage\":{\"@id\":\"https:\/\/tourtravelandmore.com\/es\/tours\/dinamarca\/copenhague-es\/copenhague-actividades-es\/tour-privado-del-castillo-de-frederiksborg-desde-copenhague\/#primaryimage\"},\"image\":{\"@id\":\"https:\/\/tourtravelandmore.com\/es\/tours\/dinamarca\/copenhague-es\/copenhague-actividades-es\/tour-privado-del-castillo-de-frederiksborg-desde-copenhague\/#primaryimage\"},\"thumbnailUrl\":\"https:\/\/tourtravelandmore.com\/wp-content\/uploads\/2022\/11\/pexels-mads-terkelsen-8231533-scaled.jpg\",\"datePublished\":\"2022-11-14T21:12:35+00:00\",\"dateModified\":\"2024-02-28T16:21:41+00:00\",\"description\":\"Tour privado del Castillo de Frederiksborg. Explora los paisajes con esta excursi\u00f3n privada de d\u00eda completo con gu\u00eda y veh\u00edculo privado con ch\u00f3fer.\",\"breadcrumb\":{\"@id\":\"https:\/\/tourtravelandmore.com\/es\/tours\/dinamarca\/copenhague-es\/copenhague-actividades-es\/tour-privado-del-castillo-de-frederiksborg-desde-copenhague\/#breadcrumb\"},\"inLanguage\":\"es\",\"potentialAction\":[{\"@type\":\"ReadAction\",\"target\":[\"https:\/\/tourtravelandmore.com\/es\/tours\/dinamarca\/copenhague-es\/copenhague-actividades-es\/tour-privado-del-castillo-de-frederiksborg-desde-copenhague\/\"]}]},{\"@type\":\"ImageObject\",\"inLanguage\":\"es\",\"@id\":\"https:\/\/tourtravelandmore.com\/es\/tours\/dinamarca\/copenhague-es\/copenhague-actividades-es\/tour-privado-del-castillo-de-frederiksborg-desde-copenhague\/#primaryimage\",\"url\":\"https:\/\/tourtravelandmore.com\/wp-content\/uploads\/2022\/11\/pexels-mads-terkelsen-8231533-scaled.jpg\",\"contentUrl\":\"https:\/\/tourtravelandmore.com\/wp-content\/uploads\/2022\/11\/pexels-mads-terkelsen-8231533-scaled.jpg\",\"width\":2560,\"height\":1707},{\"@type\":\"BreadcrumbList\",\"@id\":\"https:\/\/tourtravelandmore.com\/es\/tours\/dinamarca\/copenhague-es\/copenhague-actividades-es\/tour-privado-del-castillo-de-frederiksborg-desde-copenhague\/#breadcrumb\",\"itemListElement\":[{\"@type\":\"ListItem\",\"position\":1,\"name\":\"Home\",\"item\":\"https:\/\/tourtravelandmore.com\/es\/\"},{\"@type\":\"ListItem\",\"position\":2,\"name\":\"Tours\",\"item\":\"https:\/\/tourtravelandmore.com\/es\/tours\/\"},{\"@type\":\"ListItem\",\"position\":3,\"name\":\"Tour privado del Castillo de Frederiksborg desde Copenhague\"}]},{\"@type\":\"WebSite\",\"@id\":\"https:\/\/tourtravelandmore.com\/es\/#website\",\"url\":\"https:\/\/tourtravelandmore.com\/es\/\",\"name\":\"Tour Travel And More\",\"description\":\"Private sightseeing tours and luxury transfers in Spain\",\"publisher\":{\"@id\":\"https:\/\/tourtravelandmore.com\/es\/#organization\"},\"potentialAction\":[{\"@type\":\"SearchAction\",\"target\":{\"@type\":\"EntryPoint\",\"urlTemplate\":\"https:\/\/tourtravelandmore.com\/es\/?s={search_term_string}\"},\"query-input\":{\"@type\":\"PropertyValueSpecification\",\"valueRequired\":true,\"valueName\":\"search_term_string\"}}],\"inLanguage\":\"es\"},{\"@type\":\"Organization\",\"@id\":\"https:\/\/tourtravelandmore.com\/es\/#organization\",\"name\":\"Tour Travel And More\",\"url\":\"https:\/\/tourtravelandmore.com\/es\/\",\"logo\":{\"@type\":\"ImageObject\",\"inLanguage\":\"es\",\"@id\":\"https:\/\/tourtravelandmore.com\/es\/#\/schema\/logo\/image\/\",\"url\":\"https:\/\/tourtravelandmore.com\/wp-content\/uploads\/2022\/12\/cropped-logo-cabecera-new.png\",\"contentUrl\":\"https:\/\/tourtravelandmore.com\/wp-content\/uploads\/2022\/12\/cropped-logo-cabecera-new.png\",\"width\":430,\"height\":61,\"caption\":\"Tour Travel And More\"},\"image\":{\"@id\":\"https:\/\/tourtravelandmore.com\/es\/#\/schema\/logo\/image\/\"},\"sameAs\":[\"https:\/\/www.facebook.com\/tourtravelandmore\/\",\"https:\/\/x.com\/TourTravel_More\"]}]}<\/script>\n<!-- \/ Yoast SEO Premium plugin. -->","yoast_head_json":{"title":"Tour privado del Castillo de Frederiksborg | Tour Travel & More","description":"Tour privado del Castillo de Frederiksborg. Explora los paisajes con esta excursi\u00f3n privada de d\u00eda completo con gu\u00eda y veh\u00edculo privado con ch\u00f3fer.","robots":{"index":"index","follow":"follow","max-snippet":"max-snippet:-1","max-image-preview":"max-image-preview:large","max-video-preview":"max-video-preview:-1"},"canonical":"https:\/\/tourtravelandmore.com\/es\/tours\/dinamarca\/copenhague-es\/copenhague-actividades-es\/tour-privado-del-castillo-de-frederiksborg-desde-copenhague\/","og_locale":"es_ES","og_type":"article","og_title":"Tour privado del Castillo de Frederiksborg desde Copenhague","og_description":"Tour privado del Castillo de Frederiksborg. Explora los paisajes con esta excursi\u00f3n privada de d\u00eda completo con gu\u00eda y veh\u00edculo privado con ch\u00f3fer.","og_url":"https:\/\/tourtravelandmore.com\/es\/tours\/dinamarca\/copenhague-es\/copenhague-actividades-es\/tour-privado-del-castillo-de-frederiksborg-desde-copenhague\/","og_site_name":"Tour Travel And More","article_publisher":"https:\/\/www.facebook.com\/tourtravelandmore\/","article_modified_time":"2024-02-28T16:21:41+00:00","og_image":[{"width":2560,"height":1707,"url":"https:\/\/tourtravelandmore.com\/wp-content\/uploads\/2022\/11\/pexels-mads-terkelsen-8231533-scaled.jpg","type":"image\/jpeg"}],"twitter_card":"summary_large_image","twitter_site":"@TourTravel_More","twitter_misc":{"Tiempo de lectura":"2 minutos"},"schema":{"@context":"https:\/\/schema.org","@graph":[{"@type":"WebPage","@id":"https:\/\/tourtravelandmore.com\/es\/tours\/dinamarca\/copenhague-es\/copenhague-actividades-es\/tour-privado-del-castillo-de-frederiksborg-desde-copenhague\/","url":"https:\/\/tourtravelandmore.com\/es\/tours\/dinamarca\/copenhague-es\/copenhague-actividades-es\/tour-privado-del-castillo-de-frederiksborg-desde-copenhague\/","name":"Tour privado del Castillo de Frederiksborg | Tour Travel & More","isPartOf":{"@id":"https:\/\/tourtravelandmore.com\/es\/#website"},"primaryImageOfPage":{"@id":"https:\/\/tourtravelandmore.com\/es\/tours\/dinamarca\/copenhague-es\/copenhague-actividades-es\/tour-privado-del-castillo-de-frederiksborg-desde-copenhague\/#primaryimage"},"image":{"@id":"https:\/\/tourtravelandmore.com\/es\/tours\/dinamarca\/copenhague-es\/copenhague-actividades-es\/tour-privado-del-castillo-de-frederiksborg-desde-copenhague\/#primaryimage"},"thumbnailUrl":"https:\/\/tourtravelandmore.com\/wp-content\/uploads\/2022\/11\/pexels-mads-terkelsen-8231533-scaled.jpg","datePublished":"2022-11-14T21:12:35+00:00","dateModified":"2024-02-28T16:21:41+00:00","description":"Tour privado del Castillo de Frederiksborg. Explora los paisajes con esta excursi\u00f3n privada de d\u00eda completo con gu\u00eda y veh\u00edculo privado con ch\u00f3fer.","breadcrumb":{"@id":"https:\/\/tourtravelandmore.com\/es\/tours\/dinamarca\/copenhague-es\/copenhague-actividades-es\/tour-privado-del-castillo-de-frederiksborg-desde-copenhague\/#breadcrumb"},"inLanguage":"es","potentialAction":[{"@type":"ReadAction","target":["https:\/\/tourtravelandmore.com\/es\/tours\/dinamarca\/copenhague-es\/copenhague-actividades-es\/tour-privado-del-castillo-de-frederiksborg-desde-copenhague\/"]}]},{"@type":"ImageObject","inLanguage":"es","@id":"https:\/\/tourtravelandmore.com\/es\/tours\/dinamarca\/copenhague-es\/copenhague-actividades-es\/tour-privado-del-castillo-de-frederiksborg-desde-copenhague\/#primaryimage","url":"https:\/\/tourtravelandmore.com\/wp-content\/uploads\/2022\/11\/pexels-mads-terkelsen-8231533-scaled.jpg","contentUrl":"https:\/\/tourtravelandmore.com\/wp-content\/uploads\/2022\/11\/pexels-mads-terkelsen-8231533-scaled.jpg","width":2560,"height":1707},{"@type":"BreadcrumbList","@id":"https:\/\/tourtravelandmore.com\/es\/tours\/dinamarca\/copenhague-es\/copenhague-actividades-es\/tour-privado-del-castillo-de-frederiksborg-desde-copenhague\/#breadcrumb","itemListElement":[{"@type":"ListItem","position":1,"name":"Home","item":"https:\/\/tourtravelandmore.com\/es\/"},{"@type":"ListItem","position":2,"name":"Tours","item":"https:\/\/tourtravelandmore.com\/es\/tours\/"},{"@type":"ListItem","position":3,"name":"Tour privado del Castillo de Frederiksborg desde Copenhague"}]},{"@type":"WebSite","@id":"https:\/\/tourtravelandmore.com\/es\/#website","url":"https:\/\/tourtravelandmore.com\/es\/","name":"Tour Travel And More","description":"Private sightseeing tours and luxury transfers in Spain","publisher":{"@id":"https:\/\/tourtravelandmore.com\/es\/#organization"},"potentialAction":[{"@type":"SearchAction","target":{"@type":"EntryPoint","urlTemplate":"https:\/\/tourtravelandmore.com\/es\/?s={search_term_string}"},"query-input":{"@type":"PropertyValueSpecification","valueRequired":true,"valueName":"search_term_string"}}],"inLanguage":"es"},{"@type":"Organization","@id":"https:\/\/tourtravelandmore.com\/es\/#organization","name":"Tour Travel And More","url":"https:\/\/tourtravelandmore.com\/es\/","logo":{"@type":"ImageObject","inLanguage":"es","@id":"https:\/\/tourtravelandmore.com\/es\/#\/schema\/logo\/image\/","url":"https:\/\/tourtravelandmore.com\/wp-content\/uploads\/2022\/12\/cropped-logo-cabecera-new.png","contentUrl":"https:\/\/tourtravelandmore.com\/wp-content\/uploads\/2022\/12\/cropped-logo-cabecera-new.png","width":430,"height":61,"caption":"Tour Travel And More"},"image":{"@id":"https:\/\/tourtravelandmore.com\/es\/#\/schema\/logo\/image\/"},"sameAs":["https:\/\/www.facebook.com\/tourtravelandmore\/","https:\/\/x.com\/TourTravel_More"]}]}},"_links":{"self":[{"href":"https:\/\/tourtravelandmore.com\/es\/wp-json\/wp\/v2\/product\/143706","targetHints":{"allow":["GET"]}}],"collection":[{"href":"https:\/\/tourtravelandmore.com\/es\/wp-json\/wp\/v2\/product"}],"about":[{"href":"https:\/\/tourtravelandmore.com\/es\/wp-json\/wp\/v2\/types\/product"}],"replies":[{"embeddable":true,"href":"https:\/\/tourtravelandmore.com\/es\/wp-json\/wp\/v2\/comments?post=143706"}],"wp:featuredmedia":[{"embeddable":true,"href":"https:\/\/tourtravelandmore.com\/es\/wp-json\/wp\/v2\/media\/143751"}],"wp:attachment":[{"href":"https:\/\/tourtravelandmore.com\/es\/wp-json\/wp\/v2\/media?parent=143706"}],"wp:term":[{"taxonomy":"product_brand","embeddable":true,"href":"https:\/\/tourtravelandmore.com\/es\/wp-json\/wp\/v2\/product_brand?post=143706"},{"taxonomy":"product_cat","embeddable":true,"href":"https:\/\/tourtravelandmore.com\/es\/wp-json\/wp\/v2\/product_cat?post=143706"},{"taxonomy":"product_tag","embeddable":true,"href":"https:\/\/tourtravelandmore.com\/es\/wp-json\/wp\/v2\/product_tag?post=143706"}],"curies":[{"name":"wp","href":"https:\/\/api.w.org\/{rel}","templated":true}]}}