{"id":143626,"date":"2022-11-14T17:33:24","date_gmt":"2022-11-14T16:33:26","guid":{"rendered":"https:\/\/tourtravelandmore.com\/?post_type=product&#038;p=143626"},"modified":"2024-02-28T17:00:27","modified_gmt":"2024-02-28T16:00:27","slug":"lo-mas-destacado-de-copenhague-tour-privado-en-bicicleta-de-25-horas","status":"publish","type":"product","link":"https:\/\/tourtravelandmore.com\/es\/tours\/dinamarca\/copenhague-es\/copenhague-actividades-es\/lo-mas-destacado-de-copenhague-tour-privado-en-bicicleta-de-25-horas\/","title":{"rendered":"Lo m\u00e1s destacado de Copenhague: Tour privado en bicicleta de 2,5 horas"},"content":{"rendered":"<h2 id=\"tw-target-text\" class=\"tw-data-text tw-text-large XcVN5d tw-ta\" dir=\"ltr\" data-placeholder=\"Traducci\u00f3n\">Descripci\u00f3n<\/h2>\n<p>Disfrute de este recorrido de <strong>lo m\u00e1s destacado de Copenhague: Tour privado en bicicleta de 2,5 horas en la ciudad de Copenhague.<\/strong> Disfrute de este magn\u00edfico tour con una bicicleta y un gu\u00eda oficial independiente.<\/p>\n<p>Entre los muchos lugares famosos que visitaremos, veremos el <strong>Palacio<\/strong> de <strong>Christiansborg<\/strong>, un palacio y edificio gubernamental; <strong>Helligaandskirken<\/strong> o la Iglesia del <strong>Esp\u00edritu<\/strong> <strong>Santo<\/strong>; la <strong>Biblioteca<\/strong> de la <strong>Universidad<\/strong> de <strong>Copenhague<\/strong>, la biblioteca m\u00e1s antigua de la ciudad; el popular barrio de ocio de <strong>Nyhavn<\/strong>; el Palacio de Charlottenborg, de estilo barroco holand\u00e9s, y muchos otros lugares de inter\u00e9s en este tour privado.<\/p>\n<p>Este es un tour de medio d\u00eda, su gu\u00eda tur\u00edstico privado y oficial estar\u00e1 a su entera disposici\u00f3n durante 2 horas y media. Si lo prefiere, tambi\u00e9n puede ver todos nuestros<strong><a href=\"https:\/\/tourtravelandmore.com\/es\/ciudad\/dinamarca\/copenhague-es\/\"> tours privados en Copenhague aqu\u00ed.<\/a><\/strong><\/p>\n<h2>Puntos emblem\u00e1ticos y de inter\u00e9s<\/h2>\n<p>Nuestro gu\u00eda tur\u00edstico privado le estar\u00e1 esperando en su punto de encuentro en un lugar c\u00e9ntrico de Copenhague. A continuaci\u00f3n, comenzaremos este recorrido por los puntos de inter\u00e9s de <strong>Copenhague: Tour privado en bicicleta de 2,5 horas.<\/strong><\/p>\n<p>Nuestra primera parada ser\u00e1 el Ayuntamiento, situado en el centro de la ciudad. En \u00e9l se encuentran el alcalde de la ciudad de <strong><a href=\"https:\/\/es.wikipedia.org\/wiki\/Copenhague\">Copenhague<\/a> <\/strong>y el consejo municipal.<\/p>\n<p>Empezaremos nuestro recorrido desde all\u00ed y continuaremos hacia los <strong>Jardines de Tivoli<\/strong>, el segundo parque de atracciones en funcionamiento m\u00e1s antiguo del mundo y el museo de arte <strong>Carlsberg<\/strong> <strong>Glyptotek<\/strong>.<\/p>\n<p>Entre los sitios que recorreremos, visitaremos<\/p>\n<ul>\n<li><strong>Ayuntamiento de la ciudad<\/strong><\/li>\n<li><strong>Jardines de Tivoli<\/strong><\/li>\n<li><strong>Ny Carlsberg Glyptotek<\/strong><\/li>\n<li><strong>Museo Nacional de Dinamarca<\/strong><\/li>\n<li><strong>Palacio de Christiansborg<\/strong><\/li>\n<li><strong>Fuente de la cig\u00fce\u00f1a<\/strong><\/li>\n<li><strong>Iglesia del Esp\u00edritu Santo<\/strong><\/li>\n<\/ul>\n<p>Este tour privado terminar\u00e1 en un punto de encuentro c\u00e9ntrico en <strong>Copenhague<\/strong>.<\/p>\n<p>Adem\u00e1s, nuestros expertos en viajes de Tour Travel &amp; More est\u00e1n a su disposici\u00f3n durante todo el proceso de reserva. No se pierda el resto de nuestros tours privados en Copenhague. Organizamos grandes experiencias en esta bella ciudad danesa.<\/p>\n","protected":false},"excerpt":{"rendered":"<p>Disfrute de esta visita a lo m\u00e1s destacado de <strong>Copenhague: Recorrido privado de 2,5 horas en bicicleta por la ciudad de Copenhague.<\/strong> Disfrute de este gran tour con una <strong>bicicleta<\/strong> y un gu\u00eda oficial independiente.<\/p>\n<p>&nbsp;<\/p>\n","protected":false},"featured_media":143645,"comment_status":"open","ping_status":"closed","template":"","meta":{"_acf_changed":false},"product_brand":[],"product_cat":[1648,1649,1654],"product_tag":[],"class_list":{"0":"post-143626","1":"product","2":"type-product","3":"status-publish","4":"has-post-thumbnail","6":"product_cat-dinamarca","7":"product_cat-copenhague-es","8":"product_cat-copenhague-actividades-es","10":"first","11":"instock","12":"shipping-taxable","13":"purchasable","14":"product-type-simple"},"acf":[],"yoast_head":"<!-- This site is optimized with the Yoast SEO Premium plugin v25.3.1 (Yoast SEO v25.3.1) - https:\/\/yoast.com\/wordpress\/plugins\/seo\/ -->\n<title>Lo m\u00e1s destacado de Copenhague: Recorrido privado en bicicleta de 2,5 horas | Tour Travel &amp; More<\/title>\n<meta name=\"description\" content=\"Lo m\u00e1s destacado de Copenhague: Recorrido privado en bicicleta de 2,5 horas. Explora los paisajes con esta excursi\u00f3n privada de d\u00eda completo con gu\u00eda privado\" \/>\n<meta name=\"robots\" content=\"index, follow, max-snippet:-1, max-image-preview:large, max-video-preview:-1\" \/>\n<link rel=\"canonical\" href=\"https:\/\/tourtravelandmore.com\/es\/tours\/dinamarca\/copenhague-es\/copenhague-actividades-es\/lo-mas-destacado-de-copenhague-tour-privado-en-bicicleta-de-25-horas\/\" \/>\n<meta property=\"og:locale\" content=\"es_ES\" \/>\n<meta property=\"og:type\" content=\"article\" \/>\n<meta property=\"og:title\" content=\"Lo m\u00e1s destacado de Copenhague: Tour privado en bicicleta de 2,5 horas\" \/>\n<meta property=\"og:description\" content=\"Lo m\u00e1s destacado de Copenhague: Recorrido privado en bicicleta de 2,5 horas. Explora los paisajes con esta excursi\u00f3n privada de d\u00eda completo con gu\u00eda privado\" \/>\n<meta property=\"og:url\" content=\"https:\/\/tourtravelandmore.com\/es\/tours\/dinamarca\/copenhague-es\/copenhague-actividades-es\/lo-mas-destacado-de-copenhague-tour-privado-en-bicicleta-de-25-horas\/\" \/>\n<meta property=\"og:site_name\" content=\"Tour Travel And More\" \/>\n<meta property=\"article:publisher\" content=\"https:\/\/www.facebook.com\/tourtravelandmore\/\" \/>\n<meta property=\"article:modified_time\" content=\"2024-02-28T16:00:27+00:00\" \/>\n<meta property=\"og:image\" content=\"https:\/\/tourtravelandmore.com\/wp-content\/uploads\/2022\/11\/pexels-maria-orlova-4947124-scaled.jpg\" \/>\n\t<meta property=\"og:image:width\" content=\"2560\" \/>\n\t<meta property=\"og:image:height\" content=\"1707\" \/>\n\t<meta property=\"og:image:type\" content=\"image\/jpeg\" \/>\n<meta name=\"twitter:card\" content=\"summary_large_image\" \/>\n<meta name=\"twitter:site\" content=\"@TourTravel_More\" \/>\n<meta name=\"twitter:label1\" content=\"Tiempo de lectura\" \/>\n\t<meta name=\"twitter:data1\" content=\"2 minutos\" \/>\n<script type=\"application\/ld+json\" class=\"yoast-schema-graph\">{\"@context\":\"https:\/\/schema.org\",\"@graph\":[{\"@type\":\"WebPage\",\"@id\":\"https:\/\/tourtravelandmore.com\/es\/tours\/dinamarca\/copenhague-es\/copenhague-actividades-es\/lo-mas-destacado-de-copenhague-tour-privado-en-bicicleta-de-25-horas\/\",\"url\":\"https:\/\/tourtravelandmore.com\/es\/tours\/dinamarca\/copenhague-es\/copenhague-actividades-es\/lo-mas-destacado-de-copenhague-tour-privado-en-bicicleta-de-25-horas\/\",\"name\":\"Lo m\u00e1s destacado de Copenhague: Recorrido privado en bicicleta de 2,5 horas | Tour Travel & More\",\"isPartOf\":{\"@id\":\"https:\/\/tourtravelandmore.com\/es\/#website\"},\"primaryImageOfPage\":{\"@id\":\"https:\/\/tourtravelandmore.com\/es\/tours\/dinamarca\/copenhague-es\/copenhague-actividades-es\/lo-mas-destacado-de-copenhague-tour-privado-en-bicicleta-de-25-horas\/#primaryimage\"},\"image\":{\"@id\":\"https:\/\/tourtravelandmore.com\/es\/tours\/dinamarca\/copenhague-es\/copenhague-actividades-es\/lo-mas-destacado-de-copenhague-tour-privado-en-bicicleta-de-25-horas\/#primaryimage\"},\"thumbnailUrl\":\"https:\/\/tourtravelandmore.com\/wp-content\/uploads\/2022\/11\/pexels-maria-orlova-4947124-scaled.jpg\",\"datePublished\":\"2022-11-14T16:33:26+00:00\",\"dateModified\":\"2024-02-28T16:00:27+00:00\",\"description\":\"Lo m\u00e1s destacado de Copenhague: Recorrido privado en bicicleta de 2,5 horas. Explora los paisajes con esta excursi\u00f3n privada de d\u00eda completo con gu\u00eda privado\",\"breadcrumb\":{\"@id\":\"https:\/\/tourtravelandmore.com\/es\/tours\/dinamarca\/copenhague-es\/copenhague-actividades-es\/lo-mas-destacado-de-copenhague-tour-privado-en-bicicleta-de-25-horas\/#breadcrumb\"},\"inLanguage\":\"es\",\"potentialAction\":[{\"@type\":\"ReadAction\",\"target\":[\"https:\/\/tourtravelandmore.com\/es\/tours\/dinamarca\/copenhague-es\/copenhague-actividades-es\/lo-mas-destacado-de-copenhague-tour-privado-en-bicicleta-de-25-horas\/\"]}]},{\"@type\":\"ImageObject\",\"inLanguage\":\"es\",\"@id\":\"https:\/\/tourtravelandmore.com\/es\/tours\/dinamarca\/copenhague-es\/copenhague-actividades-es\/lo-mas-destacado-de-copenhague-tour-privado-en-bicicleta-de-25-horas\/#primaryimage\",\"url\":\"https:\/\/tourtravelandmore.com\/wp-content\/uploads\/2022\/11\/pexels-maria-orlova-4947124-scaled.jpg\",\"contentUrl\":\"https:\/\/tourtravelandmore.com\/wp-content\/uploads\/2022\/11\/pexels-maria-orlova-4947124-scaled.jpg\",\"width\":2560,\"height\":1707},{\"@type\":\"BreadcrumbList\",\"@id\":\"https:\/\/tourtravelandmore.com\/es\/tours\/dinamarca\/copenhague-es\/copenhague-actividades-es\/lo-mas-destacado-de-copenhague-tour-privado-en-bicicleta-de-25-horas\/#breadcrumb\",\"itemListElement\":[{\"@type\":\"ListItem\",\"position\":1,\"name\":\"Home\",\"item\":\"https:\/\/tourtravelandmore.com\/es\/\"},{\"@type\":\"ListItem\",\"position\":2,\"name\":\"Tours\",\"item\":\"https:\/\/tourtravelandmore.com\/es\/tours\/\"},{\"@type\":\"ListItem\",\"position\":3,\"name\":\"Lo m\u00e1s destacado de Copenhague: Tour privado en bicicleta de 2,5 horas\"}]},{\"@type\":\"WebSite\",\"@id\":\"https:\/\/tourtravelandmore.com\/es\/#website\",\"url\":\"https:\/\/tourtravelandmore.com\/es\/\",\"name\":\"Tour Travel And More\",\"description\":\"Private sightseeing tours and luxury transfers in Spain\",\"publisher\":{\"@id\":\"https:\/\/tourtravelandmore.com\/es\/#organization\"},\"potentialAction\":[{\"@type\":\"SearchAction\",\"target\":{\"@type\":\"EntryPoint\",\"urlTemplate\":\"https:\/\/tourtravelandmore.com\/es\/?s={search_term_string}\"},\"query-input\":{\"@type\":\"PropertyValueSpecification\",\"valueRequired\":true,\"valueName\":\"search_term_string\"}}],\"inLanguage\":\"es\"},{\"@type\":\"Organization\",\"@id\":\"https:\/\/tourtravelandmore.com\/es\/#organization\",\"name\":\"Tour Travel And More\",\"url\":\"https:\/\/tourtravelandmore.com\/es\/\",\"logo\":{\"@type\":\"ImageObject\",\"inLanguage\":\"es\",\"@id\":\"https:\/\/tourtravelandmore.com\/es\/#\/schema\/logo\/image\/\",\"url\":\"https:\/\/tourtravelandmore.com\/wp-content\/uploads\/2022\/12\/cropped-logo-cabecera-new.png\",\"contentUrl\":\"https:\/\/tourtravelandmore.com\/wp-content\/uploads\/2022\/12\/cropped-logo-cabecera-new.png\",\"width\":430,\"height\":61,\"caption\":\"Tour Travel And More\"},\"image\":{\"@id\":\"https:\/\/tourtravelandmore.com\/es\/#\/schema\/logo\/image\/\"},\"sameAs\":[\"https:\/\/www.facebook.com\/tourtravelandmore\/\",\"https:\/\/x.com\/TourTravel_More\"]}]}<\/script>\n<!-- \/ Yoast SEO Premium plugin. -->","yoast_head_json":{"title":"Lo m\u00e1s destacado de Copenhague: Recorrido privado en bicicleta de 2,5 horas | Tour Travel & More","description":"Lo m\u00e1s destacado de Copenhague: Recorrido privado en bicicleta de 2,5 horas. Explora los paisajes con esta excursi\u00f3n privada de d\u00eda completo con gu\u00eda privado","robots":{"index":"index","follow":"follow","max-snippet":"max-snippet:-1","max-image-preview":"max-image-preview:large","max-video-preview":"max-video-preview:-1"},"canonical":"https:\/\/tourtravelandmore.com\/es\/tours\/dinamarca\/copenhague-es\/copenhague-actividades-es\/lo-mas-destacado-de-copenhague-tour-privado-en-bicicleta-de-25-horas\/","og_locale":"es_ES","og_type":"article","og_title":"Lo m\u00e1s destacado de Copenhague: Tour privado en bicicleta de 2,5 horas","og_description":"Lo m\u00e1s destacado de Copenhague: Recorrido privado en bicicleta de 2,5 horas. Explora los paisajes con esta excursi\u00f3n privada de d\u00eda completo con gu\u00eda privado","og_url":"https:\/\/tourtravelandmore.com\/es\/tours\/dinamarca\/copenhague-es\/copenhague-actividades-es\/lo-mas-destacado-de-copenhague-tour-privado-en-bicicleta-de-25-horas\/","og_site_name":"Tour Travel And More","article_publisher":"https:\/\/www.facebook.com\/tourtravelandmore\/","article_modified_time":"2024-02-28T16:00:27+00:00","og_image":[{"width":2560,"height":1707,"url":"https:\/\/tourtravelandmore.com\/wp-content\/uploads\/2022\/11\/pexels-maria-orlova-4947124-scaled.jpg","type":"image\/jpeg"}],"twitter_card":"summary_large_image","twitter_site":"@TourTravel_More","twitter_misc":{"Tiempo de lectura":"2 minutos"},"schema":{"@context":"https:\/\/schema.org","@graph":[{"@type":"WebPage","@id":"https:\/\/tourtravelandmore.com\/es\/tours\/dinamarca\/copenhague-es\/copenhague-actividades-es\/lo-mas-destacado-de-copenhague-tour-privado-en-bicicleta-de-25-horas\/","url":"https:\/\/tourtravelandmore.com\/es\/tours\/dinamarca\/copenhague-es\/copenhague-actividades-es\/lo-mas-destacado-de-copenhague-tour-privado-en-bicicleta-de-25-horas\/","name":"Lo m\u00e1s destacado de Copenhague: Recorrido privado en bicicleta de 2,5 horas | Tour Travel & More","isPartOf":{"@id":"https:\/\/tourtravelandmore.com\/es\/#website"},"primaryImageOfPage":{"@id":"https:\/\/tourtravelandmore.com\/es\/tours\/dinamarca\/copenhague-es\/copenhague-actividades-es\/lo-mas-destacado-de-copenhague-tour-privado-en-bicicleta-de-25-horas\/#primaryimage"},"image":{"@id":"https:\/\/tourtravelandmore.com\/es\/tours\/dinamarca\/copenhague-es\/copenhague-actividades-es\/lo-mas-destacado-de-copenhague-tour-privado-en-bicicleta-de-25-horas\/#primaryimage"},"thumbnailUrl":"https:\/\/tourtravelandmore.com\/wp-content\/uploads\/2022\/11\/pexels-maria-orlova-4947124-scaled.jpg","datePublished":"2022-11-14T16:33:26+00:00","dateModified":"2024-02-28T16:00:27+00:00","description":"Lo m\u00e1s destacado de Copenhague: Recorrido privado en bicicleta de 2,5 horas. Explora los paisajes con esta excursi\u00f3n privada de d\u00eda completo con gu\u00eda privado","breadcrumb":{"@id":"https:\/\/tourtravelandmore.com\/es\/tours\/dinamarca\/copenhague-es\/copenhague-actividades-es\/lo-mas-destacado-de-copenhague-tour-privado-en-bicicleta-de-25-horas\/#breadcrumb"},"inLanguage":"es","potentialAction":[{"@type":"ReadAction","target":["https:\/\/tourtravelandmore.com\/es\/tours\/dinamarca\/copenhague-es\/copenhague-actividades-es\/lo-mas-destacado-de-copenhague-tour-privado-en-bicicleta-de-25-horas\/"]}]},{"@type":"ImageObject","inLanguage":"es","@id":"https:\/\/tourtravelandmore.com\/es\/tours\/dinamarca\/copenhague-es\/copenhague-actividades-es\/lo-mas-destacado-de-copenhague-tour-privado-en-bicicleta-de-25-horas\/#primaryimage","url":"https:\/\/tourtravelandmore.com\/wp-content\/uploads\/2022\/11\/pexels-maria-orlova-4947124-scaled.jpg","contentUrl":"https:\/\/tourtravelandmore.com\/wp-content\/uploads\/2022\/11\/pexels-maria-orlova-4947124-scaled.jpg","width":2560,"height":1707},{"@type":"BreadcrumbList","@id":"https:\/\/tourtravelandmore.com\/es\/tours\/dinamarca\/copenhague-es\/copenhague-actividades-es\/lo-mas-destacado-de-copenhague-tour-privado-en-bicicleta-de-25-horas\/#breadcrumb","itemListElement":[{"@type":"ListItem","position":1,"name":"Home","item":"https:\/\/tourtravelandmore.com\/es\/"},{"@type":"ListItem","position":2,"name":"Tours","item":"https:\/\/tourtravelandmore.com\/es\/tours\/"},{"@type":"ListItem","position":3,"name":"Lo m\u00e1s destacado de Copenhague: Tour privado en bicicleta de 2,5 horas"}]},{"@type":"WebSite","@id":"https:\/\/tourtravelandmore.com\/es\/#website","url":"https:\/\/tourtravelandmore.com\/es\/","name":"Tour Travel And More","description":"Private sightseeing tours and luxury transfers in Spain","publisher":{"@id":"https:\/\/tourtravelandmore.com\/es\/#organization"},"potentialAction":[{"@type":"SearchAction","target":{"@type":"EntryPoint","urlTemplate":"https:\/\/tourtravelandmore.com\/es\/?s={search_term_string}"},"query-input":{"@type":"PropertyValueSpecification","valueRequired":true,"valueName":"search_term_string"}}],"inLanguage":"es"},{"@type":"Organization","@id":"https:\/\/tourtravelandmore.com\/es\/#organization","name":"Tour Travel And More","url":"https:\/\/tourtravelandmore.com\/es\/","logo":{"@type":"ImageObject","inLanguage":"es","@id":"https:\/\/tourtravelandmore.com\/es\/#\/schema\/logo\/image\/","url":"https:\/\/tourtravelandmore.com\/wp-content\/uploads\/2022\/12\/cropped-logo-cabecera-new.png","contentUrl":"https:\/\/tourtravelandmore.com\/wp-content\/uploads\/2022\/12\/cropped-logo-cabecera-new.png","width":430,"height":61,"caption":"Tour Travel And More"},"image":{"@id":"https:\/\/tourtravelandmore.com\/es\/#\/schema\/logo\/image\/"},"sameAs":["https:\/\/www.facebook.com\/tourtravelandmore\/","https:\/\/x.com\/TourTravel_More"]}]}},"_links":{"self":[{"href":"https:\/\/tourtravelandmore.com\/es\/wp-json\/wp\/v2\/product\/143626","targetHints":{"allow":["GET"]}}],"collection":[{"href":"https:\/\/tourtravelandmore.com\/es\/wp-json\/wp\/v2\/product"}],"about":[{"href":"https:\/\/tourtravelandmore.com\/es\/wp-json\/wp\/v2\/types\/product"}],"replies":[{"embeddable":true,"href":"https:\/\/tourtravelandmore.com\/es\/wp-json\/wp\/v2\/comments?post=143626"}],"wp:featuredmedia":[{"embeddable":true,"href":"https:\/\/tourtravelandmore.com\/es\/wp-json\/wp\/v2\/media\/143645"}],"wp:attachment":[{"href":"https:\/\/tourtravelandmore.com\/es\/wp-json\/wp\/v2\/media?parent=143626"}],"wp:term":[{"taxonomy":"product_brand","embeddable":true,"href":"https:\/\/tourtravelandmore.com\/es\/wp-json\/wp\/v2\/product_brand?post=143626"},{"taxonomy":"product_cat","embeddable":true,"href":"https:\/\/tourtravelandmore.com\/es\/wp-json\/wp\/v2\/product_cat?post=143626"},{"taxonomy":"product_tag","embeddable":true,"href":"https:\/\/tourtravelandmore.com\/es\/wp-json\/wp\/v2\/product_tag?post=143626"}],"curies":[{"name":"wp","href":"https:\/\/api.w.org\/{rel}","templated":true}]}}