{"id":143073,"date":"2022-11-08T14:03:27","date_gmt":"2022-11-08T13:03:33","guid":{"rendered":"https:\/\/tourtravelandmore.com\/?post_type=product&#038;p=143073"},"modified":"2024-03-04T15:45:53","modified_gmt":"2024-03-04T14:45:53","slug":"tour-privado-a-cork-desde-dublin","status":"publish","type":"product","link":"https:\/\/tourtravelandmore.com\/es\/tours\/irlanda-es\/dublin-es\/tour-privado-a-cork-desde-dublin\/","title":{"rendered":"Tour privado a Cork desde Dubl\u00edn"},"content":{"rendered":"<h2 id=\"tw-target-text\" class=\"tw-data-text tw-text-large XcVN5d tw-ta\" dir=\"ltr\" data-placeholder=\"Traducci\u00f3n\"><span lang=\"es\">Descripci\u00f3n del Tour privado a Cork desde Dubl\u00edn<\/span><\/h2>\n<p><span style=\"font-weight: 400;\">La mejor manera de descubrir Cork es realizando un recorrido por sus hermosas calles. Nuestro<\/span><b> gu\u00eda tur\u00edstico oficial privado<\/b><span style=\"font-weight: 400;\"> lo llevar\u00e1 en este exclusivo <\/span><b>Tour Privado por Cork desde Dubl\u00edn.<\/b><\/p>\n<p><b>Cork<\/b><span style=\"font-weight: 400;\">, justo en el interior de la costa suroeste de Irlanda, es una ciudad universitaria con su centro en una isla del r\u00edo Lee, conectada al mar por el puerto de Cork. La prisi\u00f3n de Cork de <\/span><b>1824,<\/b><span style=\"font-weight: 400;\"> con aspecto de castillo, alberg\u00f3 en su d\u00eda a prisioneros con destino a Australia, y sus exposiciones reflejan la historia del edificio. El campanario de la<\/span><b> Iglesia de Shandon<\/b><span style=\"font-weight: 400;\"> (oficialmente Iglesia de Santa Ana), del siglo XVIII, situado en una colina, es un s\u00edmbolo de la ciudad.<\/span><\/p>\n<p><span style=\"font-weight: 400;\">\u201cAgradablemente compacta, cordial y con un sentido del humor mordaz, <\/span><b>Cork <\/b><span style=\"font-weight: 400;\">hace las cosas a su manera, por lo que una escapada aqu\u00ed resultar\u00e1 totalmente \u00fanica. Disfruta de un concierto en una hermosa iglesia reconvertida, explora una espeluznante c\u00e1rcel del siglo XIX y ap\u00fantate a un vertiginoso recorrido repleto de sabores tradicionales en la meca gastron\u00f3mica del Mercado ingl\u00e9s.\u201d Seg\u00fan nos cuenta su <\/span><a href=\"https:\/\/www.ireland.com\/es-es\/destinations\/county\/cork\/cork-city\/\"><span style=\"font-weight: 400;\">sitio oficial<\/span><\/a><span style=\"font-weight: 400;\">.<\/span><\/p>\n<p><span style=\"font-weight: 400;\">Este tour es absolutamente personalizable. Puede adaptar todos nuestros tours en Dubl\u00edn a su propio inter\u00e9s con solo contactarnos. \u00a1Es por eso que este <\/span><b>Tour Privado por Cork desde Dubl\u00edn es perfecto para ti<\/b><span style=\"font-weight: 400;\">!<\/span><\/p>\n<h2>Puntos emblem\u00e1ticos y de inter\u00e9s en el Tour privado a Cork desde Dubl\u00edn<\/h2>\n<p><span style=\"font-weight: 400;\">Este tour comenzar\u00e1 desde un punto de encuentro que usted elija. Si su hotel tiene una ubicaci\u00f3n que a usted le gusta, podemos comenzar desde all\u00ed. De lo contrario, podemos organizar una recogida privada en un punto de encuentro de su elecci\u00f3n.<\/span><\/p>\n<p><span style=\"font-weight: 400;\">Nuestra primera parada ser\u00e1 en una de las fortalezas m\u00e1s imponentes de la<\/span><b> Isla Esmeralda: el castillo de Cahir.<\/b><span style=\"font-weight: 400;\"> Visitaremos su interior para conocer mejor la vida de los nobles irlandeses del siglo XII, que estaban en constante alerta ante una posible <\/span><b>invasi\u00f3n vikinga.<\/b><\/p>\n<p><span style=\"font-weight: 400;\">Continuamos nuestro recorrido en <\/span><b>Cork<\/b><span style=\"font-weight: 400;\">, la segunda ciudad m\u00e1s poblada de Irlanda. En su centro hist\u00f3rico, a orillas del<\/span><b> r\u00edo Lee<\/b><span style=\"font-weight: 400;\">, encontrar\u00e1 notables monumentos como la catedral de San Finbarr, cuyas agujas o torres son visibles desde casi cualquier punto de la ciudad.<\/span><\/p>\n<p><span style=\"font-weight: 400;\">Tendr\u00e1 tiempo libre en <\/span><b>Cork <\/b><span style=\"font-weight: 400;\">para pasear por su bulliciosa zona comercial y comer por su cuenta. Recomendamos una visita al<\/span><b> Mercado Ingl\u00e9s<\/b><span style=\"font-weight: 400;\">, cuyos puestos son tan famosos que hasta la Reina Isabel II de Inglaterra los ha visitado.<\/span><\/p>\n<p><span style=\"font-weight: 400;\">Por la tarde, volveremos a reunirnos en el centro de <\/span><b>Cork <\/b><span style=\"font-weight: 400;\">y nos dirigiremos a <\/span><b>Cashel Rock<\/b><span style=\"font-weight: 400;\">. La Roca de Cashel cuenta con una gran colecci\u00f3n de edificios medievales: una catedral, una torre, una capilla y un antiguo palacio, entre otros monumentos.<\/span><\/p>\n<p><span style=\"font-weight: 400;\">Finalmente, tras doce horas de recorrido, estaremos de vuelta en Dubl\u00edn.<\/span><\/p>\n<p><span style=\"font-weight: 400;\">Eche un vistazo a <\/span><strong><a href=\"https:\/\/tourtravelandmore.com\/es\/ciudad\/irlanda-es\/dublin-es\/\">nuestros tours privados en Dubl\u00edn y excursiones de un d\u00eda<\/a><\/strong><span style=\"font-weight: 400;\"> que ofrecemos en <\/span><b>Tour Travel &amp; More<\/b><b>.<\/b><\/p>\n","protected":false},"excerpt":{"rendered":"<p><span style=\"font-weight: 400;\">La mejor manera de descubrir <strong>Cork<\/strong> es realizando un recorrido por sus hermosas calles. Nuestro<\/span><b> gu\u00eda tur\u00edstico oficial privado<\/b><span style=\"font-weight: 400;\"> lo llevar\u00e1 en este exclusivo <\/span><b>Tour Privado por Howth y Malahide<\/b><span style=\"font-weight: 400;\">.<\/span><\/p>\n<p>&nbsp;<\/p>\n","protected":false},"featured_media":173434,"comment_status":"open","ping_status":"closed","template":"","meta":{"_acf_changed":false},"product_brand":[],"product_cat":[1607,1275,1276,1277],"product_tag":[],"class_list":{"0":"post-143073","1":"product","2":"type-product","3":"status-publish","4":"has-post-thumbnail","6":"product_cat-irlanda-es","7":"product_cat-dublin-es","8":"product_cat-dublin-actividades-es","9":"product_cat-dublin-rutas-turisticas-privadas-es","11":"first","12":"instock","13":"shipping-taxable","14":"purchasable","15":"product-type-simple"},"acf":[],"yoast_head":"<!-- This site is optimized with the Yoast SEO Premium plugin v25.3.1 (Yoast SEO v25.3.1) - https:\/\/yoast.com\/wordpress\/plugins\/seo\/ -->\n<title>\u27a1\ufe0f Tour privado a Cork desde Dubl\u00edn | Tour Travel &amp; More<\/title>\n<meta name=\"description\" content=\"Tour privado a Cork desde Dubl\u00edn. Explora los paisajes con esta excursi\u00f3n privada de d\u00eda completo con gu\u00eda y veh\u00edculo privado con ch\u00f3fer \u2705\" \/>\n<meta name=\"robots\" content=\"index, follow, max-snippet:-1, max-image-preview:large, max-video-preview:-1\" \/>\n<link rel=\"canonical\" href=\"https:\/\/tourtravelandmore.com\/es\/tours\/irlanda-es\/dublin-es\/tour-privado-a-cork-desde-dublin\/\" \/>\n<meta property=\"og:locale\" content=\"es_ES\" \/>\n<meta property=\"og:type\" content=\"article\" \/>\n<meta property=\"og:title\" content=\"Tour privado a Cork desde Dubl\u00edn\" \/>\n<meta property=\"og:description\" content=\"Tour privado a Cork desde Dubl\u00edn. Explora los paisajes con esta excursi\u00f3n privada de d\u00eda completo con gu\u00eda y veh\u00edculo privado con ch\u00f3fer \u2705\" \/>\n<meta property=\"og:url\" content=\"https:\/\/tourtravelandmore.com\/es\/tours\/irlanda-es\/dublin-es\/tour-privado-a-cork-desde-dublin\/\" \/>\n<meta property=\"og:site_name\" content=\"Tour Travel And More\" \/>\n<meta property=\"article:publisher\" content=\"https:\/\/www.facebook.com\/tourtravelandmore\/\" \/>\n<meta property=\"article:modified_time\" content=\"2024-03-04T14:45:53+00:00\" \/>\n<meta property=\"og:image\" content=\"https:\/\/tourtravelandmore.com\/wp-content\/uploads\/2022\/11\/ireland-gd57ea8804_1280.jpg\" \/>\n\t<meta property=\"og:image:width\" content=\"1280\" \/>\n\t<meta property=\"og:image:height\" content=\"855\" \/>\n\t<meta property=\"og:image:type\" content=\"image\/jpeg\" \/>\n<meta name=\"twitter:card\" content=\"summary_large_image\" \/>\n<meta name=\"twitter:site\" content=\"@TourTravel_More\" \/>\n<meta name=\"twitter:label1\" content=\"Tiempo de lectura\" \/>\n\t<meta name=\"twitter:data1\" content=\"2 minutos\" \/>\n<script type=\"application\/ld+json\" class=\"yoast-schema-graph\">{\"@context\":\"https:\/\/schema.org\",\"@graph\":[{\"@type\":\"WebPage\",\"@id\":\"https:\/\/tourtravelandmore.com\/es\/tours\/irlanda-es\/dublin-es\/tour-privado-a-cork-desde-dublin\/\",\"url\":\"https:\/\/tourtravelandmore.com\/es\/tours\/irlanda-es\/dublin-es\/tour-privado-a-cork-desde-dublin\/\",\"name\":\"\u27a1\ufe0f Tour privado a Cork desde Dubl\u00edn | Tour Travel & More\",\"isPartOf\":{\"@id\":\"https:\/\/tourtravelandmore.com\/es\/#website\"},\"primaryImageOfPage\":{\"@id\":\"https:\/\/tourtravelandmore.com\/es\/tours\/irlanda-es\/dublin-es\/tour-privado-a-cork-desde-dublin\/#primaryimage\"},\"image\":{\"@id\":\"https:\/\/tourtravelandmore.com\/es\/tours\/irlanda-es\/dublin-es\/tour-privado-a-cork-desde-dublin\/#primaryimage\"},\"thumbnailUrl\":\"https:\/\/tourtravelandmore.com\/wp-content\/uploads\/2022\/11\/678e8911f10e44ac82be216e913b4aa2.jpg\",\"datePublished\":\"2022-11-08T13:03:33+00:00\",\"dateModified\":\"2024-03-04T14:45:53+00:00\",\"description\":\"Tour privado a Cork desde Dubl\u00edn. Explora los paisajes con esta excursi\u00f3n privada de d\u00eda completo con gu\u00eda y veh\u00edculo privado con ch\u00f3fer \u2705\",\"breadcrumb\":{\"@id\":\"https:\/\/tourtravelandmore.com\/es\/tours\/irlanda-es\/dublin-es\/tour-privado-a-cork-desde-dublin\/#breadcrumb\"},\"inLanguage\":\"es\",\"potentialAction\":[{\"@type\":\"ReadAction\",\"target\":[\"https:\/\/tourtravelandmore.com\/es\/tours\/irlanda-es\/dublin-es\/tour-privado-a-cork-desde-dublin\/\"]}]},{\"@type\":\"ImageObject\",\"inLanguage\":\"es\",\"@id\":\"https:\/\/tourtravelandmore.com\/es\/tours\/irlanda-es\/dublin-es\/tour-privado-a-cork-desde-dublin\/#primaryimage\",\"url\":\"https:\/\/tourtravelandmore.com\/wp-content\/uploads\/2022\/11\/678e8911f10e44ac82be216e913b4aa2.jpg\",\"contentUrl\":\"https:\/\/tourtravelandmore.com\/wp-content\/uploads\/2022\/11\/678e8911f10e44ac82be216e913b4aa2.jpg\",\"width\":1366,\"height\":820},{\"@type\":\"BreadcrumbList\",\"@id\":\"https:\/\/tourtravelandmore.com\/es\/tours\/irlanda-es\/dublin-es\/tour-privado-a-cork-desde-dublin\/#breadcrumb\",\"itemListElement\":[{\"@type\":\"ListItem\",\"position\":1,\"name\":\"Home\",\"item\":\"https:\/\/tourtravelandmore.com\/es\/\"},{\"@type\":\"ListItem\",\"position\":2,\"name\":\"Tours\",\"item\":\"https:\/\/tourtravelandmore.com\/es\/tours\/\"},{\"@type\":\"ListItem\",\"position\":3,\"name\":\"Tour privado a Cork desde Dubl\u00edn\"}]},{\"@type\":\"WebSite\",\"@id\":\"https:\/\/tourtravelandmore.com\/es\/#website\",\"url\":\"https:\/\/tourtravelandmore.com\/es\/\",\"name\":\"Tour Travel And More\",\"description\":\"Private sightseeing tours and luxury transfers in Spain\",\"publisher\":{\"@id\":\"https:\/\/tourtravelandmore.com\/es\/#organization\"},\"potentialAction\":[{\"@type\":\"SearchAction\",\"target\":{\"@type\":\"EntryPoint\",\"urlTemplate\":\"https:\/\/tourtravelandmore.com\/es\/?s={search_term_string}\"},\"query-input\":{\"@type\":\"PropertyValueSpecification\",\"valueRequired\":true,\"valueName\":\"search_term_string\"}}],\"inLanguage\":\"es\"},{\"@type\":\"Organization\",\"@id\":\"https:\/\/tourtravelandmore.com\/es\/#organization\",\"name\":\"Tour Travel And More\",\"url\":\"https:\/\/tourtravelandmore.com\/es\/\",\"logo\":{\"@type\":\"ImageObject\",\"inLanguage\":\"es\",\"@id\":\"https:\/\/tourtravelandmore.com\/es\/#\/schema\/logo\/image\/\",\"url\":\"https:\/\/tourtravelandmore.com\/wp-content\/uploads\/2022\/12\/cropped-logo-cabecera-new.png\",\"contentUrl\":\"https:\/\/tourtravelandmore.com\/wp-content\/uploads\/2022\/12\/cropped-logo-cabecera-new.png\",\"width\":430,\"height\":61,\"caption\":\"Tour Travel And More\"},\"image\":{\"@id\":\"https:\/\/tourtravelandmore.com\/es\/#\/schema\/logo\/image\/\"},\"sameAs\":[\"https:\/\/www.facebook.com\/tourtravelandmore\/\",\"https:\/\/x.com\/TourTravel_More\"]}]}<\/script>\n<!-- \/ Yoast SEO Premium plugin. -->","yoast_head_json":{"title":"\u27a1\ufe0f Tour privado a Cork desde Dubl\u00edn | Tour Travel & More","description":"Tour privado a Cork desde Dubl\u00edn. Explora los paisajes con esta excursi\u00f3n privada de d\u00eda completo con gu\u00eda y veh\u00edculo privado con ch\u00f3fer \u2705","robots":{"index":"index","follow":"follow","max-snippet":"max-snippet:-1","max-image-preview":"max-image-preview:large","max-video-preview":"max-video-preview:-1"},"canonical":"https:\/\/tourtravelandmore.com\/es\/tours\/irlanda-es\/dublin-es\/tour-privado-a-cork-desde-dublin\/","og_locale":"es_ES","og_type":"article","og_title":"Tour privado a Cork desde Dubl\u00edn","og_description":"Tour privado a Cork desde Dubl\u00edn. Explora los paisajes con esta excursi\u00f3n privada de d\u00eda completo con gu\u00eda y veh\u00edculo privado con ch\u00f3fer \u2705","og_url":"https:\/\/tourtravelandmore.com\/es\/tours\/irlanda-es\/dublin-es\/tour-privado-a-cork-desde-dublin\/","og_site_name":"Tour Travel And More","article_publisher":"https:\/\/www.facebook.com\/tourtravelandmore\/","article_modified_time":"2024-03-04T14:45:53+00:00","og_image":[{"width":1280,"height":855,"url":"https:\/\/tourtravelandmore.com\/wp-content\/uploads\/2022\/11\/ireland-gd57ea8804_1280.jpg","type":"image\/jpeg"}],"twitter_card":"summary_large_image","twitter_site":"@TourTravel_More","twitter_misc":{"Tiempo de lectura":"2 minutos"},"schema":{"@context":"https:\/\/schema.org","@graph":[{"@type":"WebPage","@id":"https:\/\/tourtravelandmore.com\/es\/tours\/irlanda-es\/dublin-es\/tour-privado-a-cork-desde-dublin\/","url":"https:\/\/tourtravelandmore.com\/es\/tours\/irlanda-es\/dublin-es\/tour-privado-a-cork-desde-dublin\/","name":"\u27a1\ufe0f Tour privado a Cork desde Dubl\u00edn | Tour Travel & More","isPartOf":{"@id":"https:\/\/tourtravelandmore.com\/es\/#website"},"primaryImageOfPage":{"@id":"https:\/\/tourtravelandmore.com\/es\/tours\/irlanda-es\/dublin-es\/tour-privado-a-cork-desde-dublin\/#primaryimage"},"image":{"@id":"https:\/\/tourtravelandmore.com\/es\/tours\/irlanda-es\/dublin-es\/tour-privado-a-cork-desde-dublin\/#primaryimage"},"thumbnailUrl":"https:\/\/tourtravelandmore.com\/wp-content\/uploads\/2022\/11\/678e8911f10e44ac82be216e913b4aa2.jpg","datePublished":"2022-11-08T13:03:33+00:00","dateModified":"2024-03-04T14:45:53+00:00","description":"Tour privado a Cork desde Dubl\u00edn. Explora los paisajes con esta excursi\u00f3n privada de d\u00eda completo con gu\u00eda y veh\u00edculo privado con ch\u00f3fer \u2705","breadcrumb":{"@id":"https:\/\/tourtravelandmore.com\/es\/tours\/irlanda-es\/dublin-es\/tour-privado-a-cork-desde-dublin\/#breadcrumb"},"inLanguage":"es","potentialAction":[{"@type":"ReadAction","target":["https:\/\/tourtravelandmore.com\/es\/tours\/irlanda-es\/dublin-es\/tour-privado-a-cork-desde-dublin\/"]}]},{"@type":"ImageObject","inLanguage":"es","@id":"https:\/\/tourtravelandmore.com\/es\/tours\/irlanda-es\/dublin-es\/tour-privado-a-cork-desde-dublin\/#primaryimage","url":"https:\/\/tourtravelandmore.com\/wp-content\/uploads\/2022\/11\/678e8911f10e44ac82be216e913b4aa2.jpg","contentUrl":"https:\/\/tourtravelandmore.com\/wp-content\/uploads\/2022\/11\/678e8911f10e44ac82be216e913b4aa2.jpg","width":1366,"height":820},{"@type":"BreadcrumbList","@id":"https:\/\/tourtravelandmore.com\/es\/tours\/irlanda-es\/dublin-es\/tour-privado-a-cork-desde-dublin\/#breadcrumb","itemListElement":[{"@type":"ListItem","position":1,"name":"Home","item":"https:\/\/tourtravelandmore.com\/es\/"},{"@type":"ListItem","position":2,"name":"Tours","item":"https:\/\/tourtravelandmore.com\/es\/tours\/"},{"@type":"ListItem","position":3,"name":"Tour privado a Cork desde Dubl\u00edn"}]},{"@type":"WebSite","@id":"https:\/\/tourtravelandmore.com\/es\/#website","url":"https:\/\/tourtravelandmore.com\/es\/","name":"Tour Travel And More","description":"Private sightseeing tours and luxury transfers in Spain","publisher":{"@id":"https:\/\/tourtravelandmore.com\/es\/#organization"},"potentialAction":[{"@type":"SearchAction","target":{"@type":"EntryPoint","urlTemplate":"https:\/\/tourtravelandmore.com\/es\/?s={search_term_string}"},"query-input":{"@type":"PropertyValueSpecification","valueRequired":true,"valueName":"search_term_string"}}],"inLanguage":"es"},{"@type":"Organization","@id":"https:\/\/tourtravelandmore.com\/es\/#organization","name":"Tour Travel And More","url":"https:\/\/tourtravelandmore.com\/es\/","logo":{"@type":"ImageObject","inLanguage":"es","@id":"https:\/\/tourtravelandmore.com\/es\/#\/schema\/logo\/image\/","url":"https:\/\/tourtravelandmore.com\/wp-content\/uploads\/2022\/12\/cropped-logo-cabecera-new.png","contentUrl":"https:\/\/tourtravelandmore.com\/wp-content\/uploads\/2022\/12\/cropped-logo-cabecera-new.png","width":430,"height":61,"caption":"Tour Travel And More"},"image":{"@id":"https:\/\/tourtravelandmore.com\/es\/#\/schema\/logo\/image\/"},"sameAs":["https:\/\/www.facebook.com\/tourtravelandmore\/","https:\/\/x.com\/TourTravel_More"]}]}},"_links":{"self":[{"href":"https:\/\/tourtravelandmore.com\/es\/wp-json\/wp\/v2\/product\/143073","targetHints":{"allow":["GET"]}}],"collection":[{"href":"https:\/\/tourtravelandmore.com\/es\/wp-json\/wp\/v2\/product"}],"about":[{"href":"https:\/\/tourtravelandmore.com\/es\/wp-json\/wp\/v2\/types\/product"}],"replies":[{"embeddable":true,"href":"https:\/\/tourtravelandmore.com\/es\/wp-json\/wp\/v2\/comments?post=143073"}],"wp:featuredmedia":[{"embeddable":true,"href":"https:\/\/tourtravelandmore.com\/es\/wp-json\/wp\/v2\/media\/173434"}],"wp:attachment":[{"href":"https:\/\/tourtravelandmore.com\/es\/wp-json\/wp\/v2\/media?parent=143073"}],"wp:term":[{"taxonomy":"product_brand","embeddable":true,"href":"https:\/\/tourtravelandmore.com\/es\/wp-json\/wp\/v2\/product_brand?post=143073"},{"taxonomy":"product_cat","embeddable":true,"href":"https:\/\/tourtravelandmore.com\/es\/wp-json\/wp\/v2\/product_cat?post=143073"},{"taxonomy":"product_tag","embeddable":true,"href":"https:\/\/tourtravelandmore.com\/es\/wp-json\/wp\/v2\/product_tag?post=143073"}],"curies":[{"name":"wp","href":"https:\/\/api.w.org\/{rel}","templated":true}]}}