{"id":142578,"date":"2022-11-02T21:07:50","date_gmt":"2022-11-02T20:07:54","guid":{"rendered":"https:\/\/tourtravelandmore.com\/?post_type=product&#038;p=142578"},"modified":"2024-03-04T15:45:22","modified_gmt":"2024-03-04T14:45:22","slug":"tour-privado-por-kilkenny-desde-dublin","status":"publish","type":"product","link":"https:\/\/tourtravelandmore.com\/es\/tours\/irlanda-es\/dublin-es\/tour-privado-por-kilkenny-desde-dublin\/","title":{"rendered":"Tour Privado por Kilkenny desde Dubl\u00edn"},"content":{"rendered":"<h2 id=\"tw-target-text\" class=\"tw-data-text tw-text-large XcVN5d tw-ta\" dir=\"ltr\" data-placeholder=\"Traducci\u00f3n\"><span lang=\"es\">Descripci\u00f3n del Tour Privado por Kilkenny desde Dubl\u00edn<\/span><\/h2>\n<p><span style=\"font-weight: 400;\">La mejor manera de descubrir Kilkenny es realizando un recorrido por sus hermosas calles. Nuestro<\/span><b> gu\u00eda tur\u00edstico oficial privado<\/b><span style=\"font-weight: 400;\"> lo llevar\u00e1 en este exclusivo <\/span><b>Tour Privado por Kilkenny desde Dubl\u00edn.<\/b><\/p>\n<p><span style=\"font-weight: 400;\">Un <strong>castillo del siglo XII<\/strong>, una animada escena artesanal, pubs con una larga tradici\u00f3n, caminos adoquinados y callejuelas secretas, <\/span><b>Kilkenny <\/b><span style=\"font-weight: 400;\">combina a la perfecci\u00f3n el encanto de una ciudad peque\u00f1a con la actividad incesante de una ciudad grande.<\/span><\/p>\n<p><span style=\"font-weight: 400;\">Situada en el ancestral este de <\/span><b>Irlanda <\/b><span style=\"font-weight: 400;\">y a solamente 90 minutos de Dubl\u00edn, es un lugar lleno de personajes pintorescos, m\u00fasica incre\u00edble y un ambiente el\u00e9ctrico.<\/span><\/p>\n<p><span style=\"font-weight: 400;\">Durante el d\u00eda, puedes empaparte de la cultura con obras de teatro medievales, visitas a cervecer\u00edas y exposiciones de dise\u00f1o, pero por la noche, <strong>Kilkenny<\/strong> rebosa energ\u00eda con animadas sesiones de m\u00fasica tradicional, pubs hist\u00f3ricos y algunos de los mejores festivales de la isla.<\/span><\/p>\n<p><span style=\"font-weight: 400;\">Este tour es absolutamente personalizable. Puede adaptar todos nuestros tours en <a href=\"https:\/\/es.wikipedia.org\/wiki\/Dubl%C3%ADn\"><strong>Dubl\u00edn<\/strong> <\/a>a su propio inter\u00e9s con solo contactarnos. \u00a1Es por eso que este <\/span><b>Tour Privado por Kilkenny desde Dubl\u00edn es perfecto para ti<\/b><span style=\"font-weight: 400;\">!<\/span><\/p>\n<h2>Puntos emblem\u00e1ticos y de inter\u00e9s en el Tour Privado por Kilkenny desde Dubl\u00edn<\/h2>\n<p>Esta excursi\u00f3n comenzar\u00e1 en un punto de encuentro que usted puede elegir, en su hotel o lugar de elecci\u00f3n. Si no, podemos organizar una recogida privada en un punto de encuentro.<\/p>\n<p><span style=\"font-weight: 400;\">Como le hemos contado, nos encontraremos en el centro de <strong>Dubl\u00edn<\/strong> o el hotel que ustedes digan en dicha zona, desde donde saldremos en direcci\u00f3n a <strong>Kilkenny<\/strong>. Tras dos horas de trayecto con su chofer privado llegaremos a destino.<\/span><\/p>\n<p><span style=\"font-weight: 400;\">Puede ser un destino que suene conocido de alg\u00fan lugar, ya que Kilkenny es una marca de cerveza conocida a lo largo de todo el mundo, que da el nombre a esta ciudad, donde su f\u00e1brica es una de las atracciones tur\u00edsticas principales. Tiene una importancia muy grande ya que posee muchas leyendas urbanas, y marca un poco el estilo de vida de todos los habitantes de Kilkenny.<\/span><\/p>\n<p><span style=\"font-weight: 400;\">Seguido a esto nos iremos hacia el <strong>Castillo de Kilkenny<\/strong>, donde podremos recorrer las distintas salas de dicha fortaleza medieval, tambi\u00e9n escucharemos las historias que han sucedido dentro de sus murallas.\u00a0<\/span><\/p>\n<p><span style=\"font-weight: 400;\">Tambi\u00e9n contar\u00e1n con un tiempo libre en <strong>Kilkenny<\/strong> para recorrer, probar su riqu\u00edsima gastronom\u00eda.<\/span><\/p>\n<p><span style=\"font-weight: 400;\">Finalmente, tras siete horas de recorrido, estaremos de vuelta en Dubl\u00edn.<\/span><\/p>\n<p><span style=\"font-weight: 400;\">Eche un vistazo a <\/span><strong><a href=\"https:\/\/tourtravelandmore.com\/es\/ciudad\/irlanda-es\/dublin-es\/\">nuestros tours privados en Dubl\u00edn y excursiones de un d\u00eda<\/a><\/strong><span style=\"font-weight: 400;\"> que ofrecemos en <\/span><b>Tour Travel &amp; More<\/b><b>.<\/b><\/p>\n","protected":false},"excerpt":{"rendered":"<p>La mejor manera de descubrir <strong>Kilkenny<\/strong> es haciendo un recorrido por sus hermosas calles. Nuestro gu\u00eda oficial privado le llevar\u00e1 en este exclusivo <strong>Tour Privado de Kilkenny desde Dubl\u00edn.<\/strong><\/p>\n<p>&nbsp;<\/p>\n","protected":false},"featured_media":142600,"comment_status":"open","ping_status":"closed","template":"","meta":{"_acf_changed":false},"product_brand":[],"product_cat":[1607,1275,1276,1277],"product_tag":[],"class_list":{"0":"post-142578","1":"product","2":"type-product","3":"status-publish","4":"has-post-thumbnail","6":"product_cat-irlanda-es","7":"product_cat-dublin-es","8":"product_cat-dublin-actividades-es","9":"product_cat-dublin-rutas-turisticas-privadas-es","11":"first","12":"instock","13":"shipping-taxable","14":"purchasable","15":"product-type-simple"},"acf":[],"yoast_head":"<!-- This site is optimized with the Yoast SEO Premium plugin v25.3.1 (Yoast SEO v25.3.1) - https:\/\/yoast.com\/wordpress\/plugins\/seo\/ -->\n<title>\u27a1\ufe0f Tour privado de Kilkenny desde Dubl\u00edn | Tour Travel &amp; More<\/title>\n<meta name=\"description\" content=\"Tour privado de Kilkenny desde Dubl\u00edn. Explora los paisajes con esta excursi\u00f3n privada de un d\u00eda completo con gu\u00eda y veh\u00edculo privado con ch\u00f3fer \u2705\" \/>\n<meta name=\"robots\" content=\"index, follow, max-snippet:-1, max-image-preview:large, max-video-preview:-1\" \/>\n<link rel=\"canonical\" href=\"https:\/\/tourtravelandmore.com\/es\/tours\/irlanda-es\/dublin-es\/tour-privado-por-kilkenny-desde-dublin\/\" \/>\n<meta property=\"og:locale\" content=\"es_ES\" \/>\n<meta property=\"og:type\" content=\"article\" \/>\n<meta property=\"og:title\" content=\"Tour Privado por Kilkenny desde Dubl\u00edn\" \/>\n<meta property=\"og:description\" content=\"Tour privado de Kilkenny desde Dubl\u00edn. Explora los paisajes con esta excursi\u00f3n privada de un d\u00eda completo con gu\u00eda y veh\u00edculo privado con ch\u00f3fer \u2705\" \/>\n<meta property=\"og:url\" content=\"https:\/\/tourtravelandmore.com\/es\/tours\/irlanda-es\/dublin-es\/tour-privado-por-kilkenny-desde-dublin\/\" \/>\n<meta property=\"og:site_name\" content=\"Tour Travel And More\" \/>\n<meta property=\"article:publisher\" content=\"https:\/\/www.facebook.com\/tourtravelandmore\/\" \/>\n<meta property=\"article:modified_time\" content=\"2024-03-04T14:45:22+00:00\" \/>\n<meta property=\"og:image\" content=\"https:\/\/tourtravelandmore.com\/wp-content\/uploads\/2022\/11\/the-black-abbey-g341fecb34_1280.jpg\" \/>\n\t<meta property=\"og:image:width\" content=\"1280\" \/>\n\t<meta property=\"og:image:height\" content=\"853\" \/>\n\t<meta property=\"og:image:type\" content=\"image\/jpeg\" \/>\n<meta name=\"twitter:card\" content=\"summary_large_image\" \/>\n<meta name=\"twitter:site\" content=\"@TourTravel_More\" \/>\n<meta name=\"twitter:label1\" content=\"Tiempo de lectura\" \/>\n\t<meta name=\"twitter:data1\" content=\"2 minutos\" \/>\n<script type=\"application\/ld+json\" class=\"yoast-schema-graph\">{\"@context\":\"https:\/\/schema.org\",\"@graph\":[{\"@type\":\"WebPage\",\"@id\":\"https:\/\/tourtravelandmore.com\/es\/tours\/irlanda-es\/dublin-es\/tour-privado-por-kilkenny-desde-dublin\/\",\"url\":\"https:\/\/tourtravelandmore.com\/es\/tours\/irlanda-es\/dublin-es\/tour-privado-por-kilkenny-desde-dublin\/\",\"name\":\"\u27a1\ufe0f Tour privado de Kilkenny desde Dubl\u00edn | Tour Travel & More\",\"isPartOf\":{\"@id\":\"https:\/\/tourtravelandmore.com\/es\/#website\"},\"primaryImageOfPage\":{\"@id\":\"https:\/\/tourtravelandmore.com\/es\/tours\/irlanda-es\/dublin-es\/tour-privado-por-kilkenny-desde-dublin\/#primaryimage\"},\"image\":{\"@id\":\"https:\/\/tourtravelandmore.com\/es\/tours\/irlanda-es\/dublin-es\/tour-privado-por-kilkenny-desde-dublin\/#primaryimage\"},\"thumbnailUrl\":\"https:\/\/tourtravelandmore.com\/wp-content\/uploads\/2022\/11\/the-black-abbey-g341fecb34_1280.jpg\",\"datePublished\":\"2022-11-02T20:07:54+00:00\",\"dateModified\":\"2024-03-04T14:45:22+00:00\",\"description\":\"Tour privado de Kilkenny desde Dubl\u00edn. Explora los paisajes con esta excursi\u00f3n privada de un d\u00eda completo con gu\u00eda y veh\u00edculo privado con ch\u00f3fer \u2705\",\"breadcrumb\":{\"@id\":\"https:\/\/tourtravelandmore.com\/es\/tours\/irlanda-es\/dublin-es\/tour-privado-por-kilkenny-desde-dublin\/#breadcrumb\"},\"inLanguage\":\"es\",\"potentialAction\":[{\"@type\":\"ReadAction\",\"target\":[\"https:\/\/tourtravelandmore.com\/es\/tours\/irlanda-es\/dublin-es\/tour-privado-por-kilkenny-desde-dublin\/\"]}]},{\"@type\":\"ImageObject\",\"inLanguage\":\"es\",\"@id\":\"https:\/\/tourtravelandmore.com\/es\/tours\/irlanda-es\/dublin-es\/tour-privado-por-kilkenny-desde-dublin\/#primaryimage\",\"url\":\"https:\/\/tourtravelandmore.com\/wp-content\/uploads\/2022\/11\/the-black-abbey-g341fecb34_1280.jpg\",\"contentUrl\":\"https:\/\/tourtravelandmore.com\/wp-content\/uploads\/2022\/11\/the-black-abbey-g341fecb34_1280.jpg\",\"width\":1280,\"height\":853},{\"@type\":\"BreadcrumbList\",\"@id\":\"https:\/\/tourtravelandmore.com\/es\/tours\/irlanda-es\/dublin-es\/tour-privado-por-kilkenny-desde-dublin\/#breadcrumb\",\"itemListElement\":[{\"@type\":\"ListItem\",\"position\":1,\"name\":\"Home\",\"item\":\"https:\/\/tourtravelandmore.com\/es\/\"},{\"@type\":\"ListItem\",\"position\":2,\"name\":\"Tours\",\"item\":\"https:\/\/tourtravelandmore.com\/es\/tours\/\"},{\"@type\":\"ListItem\",\"position\":3,\"name\":\"Tour Privado por Kilkenny desde Dubl\u00edn\"}]},{\"@type\":\"WebSite\",\"@id\":\"https:\/\/tourtravelandmore.com\/es\/#website\",\"url\":\"https:\/\/tourtravelandmore.com\/es\/\",\"name\":\"Tour Travel And More\",\"description\":\"Private sightseeing tours and luxury transfers in Spain\",\"publisher\":{\"@id\":\"https:\/\/tourtravelandmore.com\/es\/#organization\"},\"potentialAction\":[{\"@type\":\"SearchAction\",\"target\":{\"@type\":\"EntryPoint\",\"urlTemplate\":\"https:\/\/tourtravelandmore.com\/es\/?s={search_term_string}\"},\"query-input\":{\"@type\":\"PropertyValueSpecification\",\"valueRequired\":true,\"valueName\":\"search_term_string\"}}],\"inLanguage\":\"es\"},{\"@type\":\"Organization\",\"@id\":\"https:\/\/tourtravelandmore.com\/es\/#organization\",\"name\":\"Tour Travel And More\",\"url\":\"https:\/\/tourtravelandmore.com\/es\/\",\"logo\":{\"@type\":\"ImageObject\",\"inLanguage\":\"es\",\"@id\":\"https:\/\/tourtravelandmore.com\/es\/#\/schema\/logo\/image\/\",\"url\":\"https:\/\/tourtravelandmore.com\/wp-content\/uploads\/2022\/12\/cropped-logo-cabecera-new.png\",\"contentUrl\":\"https:\/\/tourtravelandmore.com\/wp-content\/uploads\/2022\/12\/cropped-logo-cabecera-new.png\",\"width\":430,\"height\":61,\"caption\":\"Tour Travel And More\"},\"image\":{\"@id\":\"https:\/\/tourtravelandmore.com\/es\/#\/schema\/logo\/image\/\"},\"sameAs\":[\"https:\/\/www.facebook.com\/tourtravelandmore\/\",\"https:\/\/x.com\/TourTravel_More\"]}]}<\/script>\n<!-- \/ Yoast SEO Premium plugin. -->","yoast_head_json":{"title":"\u27a1\ufe0f Tour privado de Kilkenny desde Dubl\u00edn | Tour Travel & More","description":"Tour privado de Kilkenny desde Dubl\u00edn. Explora los paisajes con esta excursi\u00f3n privada de un d\u00eda completo con gu\u00eda y veh\u00edculo privado con ch\u00f3fer \u2705","robots":{"index":"index","follow":"follow","max-snippet":"max-snippet:-1","max-image-preview":"max-image-preview:large","max-video-preview":"max-video-preview:-1"},"canonical":"https:\/\/tourtravelandmore.com\/es\/tours\/irlanda-es\/dublin-es\/tour-privado-por-kilkenny-desde-dublin\/","og_locale":"es_ES","og_type":"article","og_title":"Tour Privado por Kilkenny desde Dubl\u00edn","og_description":"Tour privado de Kilkenny desde Dubl\u00edn. Explora los paisajes con esta excursi\u00f3n privada de un d\u00eda completo con gu\u00eda y veh\u00edculo privado con ch\u00f3fer \u2705","og_url":"https:\/\/tourtravelandmore.com\/es\/tours\/irlanda-es\/dublin-es\/tour-privado-por-kilkenny-desde-dublin\/","og_site_name":"Tour Travel And More","article_publisher":"https:\/\/www.facebook.com\/tourtravelandmore\/","article_modified_time":"2024-03-04T14:45:22+00:00","og_image":[{"width":1280,"height":853,"url":"https:\/\/tourtravelandmore.com\/wp-content\/uploads\/2022\/11\/the-black-abbey-g341fecb34_1280.jpg","type":"image\/jpeg"}],"twitter_card":"summary_large_image","twitter_site":"@TourTravel_More","twitter_misc":{"Tiempo de lectura":"2 minutos"},"schema":{"@context":"https:\/\/schema.org","@graph":[{"@type":"WebPage","@id":"https:\/\/tourtravelandmore.com\/es\/tours\/irlanda-es\/dublin-es\/tour-privado-por-kilkenny-desde-dublin\/","url":"https:\/\/tourtravelandmore.com\/es\/tours\/irlanda-es\/dublin-es\/tour-privado-por-kilkenny-desde-dublin\/","name":"\u27a1\ufe0f Tour privado de Kilkenny desde Dubl\u00edn | Tour Travel & More","isPartOf":{"@id":"https:\/\/tourtravelandmore.com\/es\/#website"},"primaryImageOfPage":{"@id":"https:\/\/tourtravelandmore.com\/es\/tours\/irlanda-es\/dublin-es\/tour-privado-por-kilkenny-desde-dublin\/#primaryimage"},"image":{"@id":"https:\/\/tourtravelandmore.com\/es\/tours\/irlanda-es\/dublin-es\/tour-privado-por-kilkenny-desde-dublin\/#primaryimage"},"thumbnailUrl":"https:\/\/tourtravelandmore.com\/wp-content\/uploads\/2022\/11\/the-black-abbey-g341fecb34_1280.jpg","datePublished":"2022-11-02T20:07:54+00:00","dateModified":"2024-03-04T14:45:22+00:00","description":"Tour privado de Kilkenny desde Dubl\u00edn. Explora los paisajes con esta excursi\u00f3n privada de un d\u00eda completo con gu\u00eda y veh\u00edculo privado con ch\u00f3fer \u2705","breadcrumb":{"@id":"https:\/\/tourtravelandmore.com\/es\/tours\/irlanda-es\/dublin-es\/tour-privado-por-kilkenny-desde-dublin\/#breadcrumb"},"inLanguage":"es","potentialAction":[{"@type":"ReadAction","target":["https:\/\/tourtravelandmore.com\/es\/tours\/irlanda-es\/dublin-es\/tour-privado-por-kilkenny-desde-dublin\/"]}]},{"@type":"ImageObject","inLanguage":"es","@id":"https:\/\/tourtravelandmore.com\/es\/tours\/irlanda-es\/dublin-es\/tour-privado-por-kilkenny-desde-dublin\/#primaryimage","url":"https:\/\/tourtravelandmore.com\/wp-content\/uploads\/2022\/11\/the-black-abbey-g341fecb34_1280.jpg","contentUrl":"https:\/\/tourtravelandmore.com\/wp-content\/uploads\/2022\/11\/the-black-abbey-g341fecb34_1280.jpg","width":1280,"height":853},{"@type":"BreadcrumbList","@id":"https:\/\/tourtravelandmore.com\/es\/tours\/irlanda-es\/dublin-es\/tour-privado-por-kilkenny-desde-dublin\/#breadcrumb","itemListElement":[{"@type":"ListItem","position":1,"name":"Home","item":"https:\/\/tourtravelandmore.com\/es\/"},{"@type":"ListItem","position":2,"name":"Tours","item":"https:\/\/tourtravelandmore.com\/es\/tours\/"},{"@type":"ListItem","position":3,"name":"Tour Privado por Kilkenny desde Dubl\u00edn"}]},{"@type":"WebSite","@id":"https:\/\/tourtravelandmore.com\/es\/#website","url":"https:\/\/tourtravelandmore.com\/es\/","name":"Tour Travel And More","description":"Private sightseeing tours and luxury transfers in Spain","publisher":{"@id":"https:\/\/tourtravelandmore.com\/es\/#organization"},"potentialAction":[{"@type":"SearchAction","target":{"@type":"EntryPoint","urlTemplate":"https:\/\/tourtravelandmore.com\/es\/?s={search_term_string}"},"query-input":{"@type":"PropertyValueSpecification","valueRequired":true,"valueName":"search_term_string"}}],"inLanguage":"es"},{"@type":"Organization","@id":"https:\/\/tourtravelandmore.com\/es\/#organization","name":"Tour Travel And More","url":"https:\/\/tourtravelandmore.com\/es\/","logo":{"@type":"ImageObject","inLanguage":"es","@id":"https:\/\/tourtravelandmore.com\/es\/#\/schema\/logo\/image\/","url":"https:\/\/tourtravelandmore.com\/wp-content\/uploads\/2022\/12\/cropped-logo-cabecera-new.png","contentUrl":"https:\/\/tourtravelandmore.com\/wp-content\/uploads\/2022\/12\/cropped-logo-cabecera-new.png","width":430,"height":61,"caption":"Tour Travel And More"},"image":{"@id":"https:\/\/tourtravelandmore.com\/es\/#\/schema\/logo\/image\/"},"sameAs":["https:\/\/www.facebook.com\/tourtravelandmore\/","https:\/\/x.com\/TourTravel_More"]}]}},"_links":{"self":[{"href":"https:\/\/tourtravelandmore.com\/es\/wp-json\/wp\/v2\/product\/142578","targetHints":{"allow":["GET"]}}],"collection":[{"href":"https:\/\/tourtravelandmore.com\/es\/wp-json\/wp\/v2\/product"}],"about":[{"href":"https:\/\/tourtravelandmore.com\/es\/wp-json\/wp\/v2\/types\/product"}],"replies":[{"embeddable":true,"href":"https:\/\/tourtravelandmore.com\/es\/wp-json\/wp\/v2\/comments?post=142578"}],"wp:featuredmedia":[{"embeddable":true,"href":"https:\/\/tourtravelandmore.com\/es\/wp-json\/wp\/v2\/media\/142600"}],"wp:attachment":[{"href":"https:\/\/tourtravelandmore.com\/es\/wp-json\/wp\/v2\/media?parent=142578"}],"wp:term":[{"taxonomy":"product_brand","embeddable":true,"href":"https:\/\/tourtravelandmore.com\/es\/wp-json\/wp\/v2\/product_brand?post=142578"},{"taxonomy":"product_cat","embeddable":true,"href":"https:\/\/tourtravelandmore.com\/es\/wp-json\/wp\/v2\/product_cat?post=142578"},{"taxonomy":"product_tag","embeddable":true,"href":"https:\/\/tourtravelandmore.com\/es\/wp-json\/wp\/v2\/product_tag?post=142578"}],"curies":[{"name":"wp","href":"https:\/\/api.w.org\/{rel}","templated":true}]}}