{"id":142450,"date":"2022-11-01T21:58:43","date_gmt":"2022-11-01T20:58:47","guid":{"rendered":"https:\/\/tourtravelandmore.com\/?post_type=product&#038;p=142450"},"modified":"2024-03-04T15:44:50","modified_gmt":"2024-03-04T14:44:50","slug":"excursion-privada-a-howth-y-malahide-desde-dublin","status":"publish","type":"product","link":"https:\/\/tourtravelandmore.com\/es\/tours\/irlanda-es\/dublin-es\/excursion-privada-a-howth-y-malahide-desde-dublin\/","title":{"rendered":"Excursi\u00f3n privada a  Howth y Malahide desde Dubl\u00edn"},"content":{"rendered":"<h2 id=\"tw-target-text\" class=\"tw-data-text tw-text-large XcVN5d tw-ta\" dir=\"ltr\" data-placeholder=\"Traducci\u00f3n\"><span lang=\"es\">Descripci\u00f3n de la Excursi\u00f3n privada a Howth y Malahide desde Dubl\u00edn<\/span><\/h2>\n<p><span style=\"font-weight: 400;\">La mejor manera de descubrir Howth y Malahide es realizando un recorrido por sus hermosas calles. Nuestro<\/span><b> gu\u00eda tur\u00edstico oficial privado<\/b><span style=\"font-weight: 400;\"> lo llevar\u00e1 en este exclusivo <\/span><b>Tour Privado por Howth y Malahide<\/b><span style=\"font-weight: 400;\">.<\/span><\/p>\n<p><b>Howth y Malahide<\/b><span style=\"font-weight: 400;\"> son dos pueblecitos pesqueros muy cercanos a Dubl\u00edn. Ambos son destinos pintorescos, un para\u00edso para senderistas y un sue\u00f1o para amantes del pescado.<\/span><\/p>\n<p><b>Howth <\/b><span style=\"font-weight: 400;\">es un n\u00facleo de poblaci\u00f3n en el Condado administrativo de Fingal, Condado de Dubl\u00edn, Rep\u00fablica de Irlanda. Originalmente, era un pueblo pesquero situado en lo que hoy es el cabo de Howth y que otrora fue una isla en la bah\u00eda de Dubl\u00edn, cerca de las poblaciones de Sutton y Portmarnock.<\/span><\/p>\n<p><b>Malahide <\/b><span style=\"font-weight: 400;\">es una villa suburbana pintoresca de la ciudad de <\/span><b>Dubl\u00edn, <\/b><span style=\"font-weight: 400;\">ubicada en Condado de Fingal, Irlanda. El pueblo est\u00e1 situado a 16 kil\u00f3metros al norte de la ciudad de Dubl\u00edn, en la l\u00ednea del tren a Belfast. Se ubica entre Swords y Portmarnock. Est\u00e1 situado en un estuario, al lado opuesto de lo que es Donabate.<\/span><\/p>\n<p><span style=\"font-weight: 400;\">Este tour es absolutamente personalizable. Puede adaptar todos nuestros tours en Dubl\u00edn a su propio inter\u00e9s con solo contactarnos. \u00a1Es por eso que este <\/span><b>Tour Privado por Howth y Malahi es perfecto para ti<\/b><span style=\"font-weight: 400;\">!<\/span><\/p>\n<h2>Puntos emblem\u00e1ticos y de inter\u00e9s en la Excursi\u00f3n privada a Howth y Malahide desde Dubl\u00edn<\/h2>\n<p><span style=\"font-weight: 400;\">Este tour comenzar\u00e1 desde un punto de encuentro ubicado en el centro de la ciudad. Si su hotel tiene una ubicaci\u00f3n c\u00e9ntrica, podemos comenzar desde all\u00ed. De lo contrario, podemos organizar una recogida privada en un punto de encuentro c\u00e9ntrico.<\/span><\/p>\n<p><span style=\"font-weight: 400;\">A la hora indicada tomaremos la carretera hacia el norte y haremos una breve parada fotogr\u00e1fica para admirar los exteriores del <\/span><b>Casino Marino<\/b><span style=\"font-weight: 400;\">, una joya arquitect\u00f3nica que la mayor\u00eda de los viajeros no llegan a conocer.<\/span><\/p>\n<p><span style=\"font-weight: 400;\">Una vez en <\/span><b>Malahide <\/b><span style=\"font-weight: 400;\">nos detendremos en su <\/span><b>castillo<\/b><span style=\"font-weight: 400;\">, probablemente el lugar m\u00e1s conocido de esta poblaci\u00f3n. El<\/span><span style=\"font-weight: 400;\"> castillo perteneci\u00f3 a la familia Talbot desde 1185 hasta 1976, un total de 791 a\u00f1os, con solamente la excepci\u00f3n del periodo de Oliver Cromwell, entre 1649 y 1660. Su gu\u00ed oficial privado estar\u00e1 acompa\u00f1andolos haciendo de esta experiencia algo inolvidable.\u00a0<\/span><\/p>\n<p><span style=\"font-weight: 400;\">Luego, continuando el viaje bordearemos la costa, donde pasaremos por Portmarnock, y llegaremos a la pen\u00ednsula de Howth. Sus diversas especies de aves en v\u00edas de extinci\u00f3n hace que esta sea una zona protegida.<\/span><\/p>\n<p><span style=\"font-weight: 400;\">Ya en Howth aprovecharemos las hermosas vistas que nos ofrecen los acantilados de la zona donde es posible ver hasta la bah\u00eda de Dubl\u00edn.<\/span><\/p>\n<p><span style=\"font-weight: 400;\">El pueblo de Howth es un lugar muy de moda para los dublineses y muchos acuden a \u00e9l para comer el fin de semana. Los barcos de pesca reci\u00e9n llegados atracan junto a los cientos de focas que pueblan el puerto. Tendremos tiempo libre para almorzar y degustar el pescado fresco que traen los barcos.<\/span><\/p>\n<p><span style=\"font-weight: 400;\">Finalmente, tras ocho horas de recorrido, estaremos de vuelta en Dubl\u00edn.<\/span><\/p>\n<p><span style=\"font-weight: 400;\">Eche un vistazo a <\/span><strong><a href=\"https:\/\/tourtravelandmore.com\/es\/ciudad\/irlanda-es\/dublin-es\/\">nuestros tours privados en Dubl\u00edn y excursiones de un d\u00eda<\/a><\/strong><span style=\"font-weight: 400;\"> que ofrecemos en <\/span><b>Tour Travel &amp; More<\/b><b>.<\/b><\/p>\n","protected":false},"excerpt":{"rendered":"<p><span style=\"font-weight: 400;\">La mejor manera de descubrir Howth y Malahide es realizando un recorrido por sus hermosas calles. Nuestro<\/span><b> gu\u00eda tur\u00edstico oficial privado<\/b><span style=\"font-weight: 400;\"> lo llevar\u00e1 en este exclusivo <\/span><b>Tour Privado por Howth y Malahide<\/b><span style=\"font-weight: 400;\">.<\/span><\/p>\n<p>&nbsp;<\/p>\n","protected":false},"featured_media":142478,"comment_status":"open","ping_status":"closed","template":"","meta":{"_acf_changed":false},"product_brand":[],"product_cat":[1607,1275,1276,1277],"product_tag":[],"class_list":{"0":"post-142450","1":"product","2":"type-product","3":"status-publish","4":"has-post-thumbnail","6":"product_cat-irlanda-es","7":"product_cat-dublin-es","8":"product_cat-dublin-actividades-es","9":"product_cat-dublin-rutas-turisticas-privadas-es","11":"first","12":"instock","13":"shipping-taxable","14":"purchasable","15":"product-type-simple"},"acf":[],"yoast_head":"<!-- This site is optimized with the Yoast SEO Premium plugin v25.3.1 (Yoast SEO v25.3.1) - https:\/\/yoast.com\/wordpress\/plugins\/seo\/ -->\n<title>\u27a1\ufe0f Excursi\u00f3n privada a Howth y Malahide desde Dubl\u00edn | Tour Travel &amp; More<\/title>\n<meta name=\"description\" content=\"Excursi\u00f3n privada a Howth y Malahide. Explora los paisajes con esta excursi\u00f3n privada de d\u00eda completo con gu\u00eda y veh\u00edculo privado con ch\u00f3fer \u2705\" \/>\n<meta name=\"robots\" content=\"index, follow, max-snippet:-1, max-image-preview:large, max-video-preview:-1\" \/>\n<link rel=\"canonical\" href=\"https:\/\/tourtravelandmore.com\/es\/tours\/irlanda-es\/dublin-es\/excursion-privada-a-howth-y-malahide-desde-dublin\/\" \/>\n<meta property=\"og:locale\" content=\"es_ES\" \/>\n<meta property=\"og:type\" content=\"article\" \/>\n<meta property=\"og:title\" content=\"Excursi\u00f3n privada a Howth y Malahide desde Dubl\u00edn\" \/>\n<meta property=\"og:description\" content=\"Excursi\u00f3n privada a Howth y Malahide. Explora los paisajes con esta excursi\u00f3n privada de d\u00eda completo con gu\u00eda y veh\u00edculo privado con ch\u00f3fer \u2705\" \/>\n<meta property=\"og:url\" content=\"https:\/\/tourtravelandmore.com\/es\/tours\/irlanda-es\/dublin-es\/excursion-privada-a-howth-y-malahide-desde-dublin\/\" \/>\n<meta property=\"og:site_name\" content=\"Tour Travel And More\" \/>\n<meta property=\"article:publisher\" content=\"https:\/\/www.facebook.com\/tourtravelandmore\/\" \/>\n<meta property=\"article:modified_time\" content=\"2024-03-04T14:44:50+00:00\" \/>\n<meta property=\"og:image\" content=\"https:\/\/tourtravelandmore.com\/wp-content\/uploads\/2022\/11\/ireland-gd57ea8804_1280.jpg\" \/>\n\t<meta property=\"og:image:width\" content=\"1280\" \/>\n\t<meta property=\"og:image:height\" content=\"855\" \/>\n\t<meta property=\"og:image:type\" content=\"image\/jpeg\" \/>\n<meta name=\"twitter:card\" content=\"summary_large_image\" \/>\n<meta name=\"twitter:site\" content=\"@TourTravel_More\" \/>\n<meta name=\"twitter:label1\" content=\"Tiempo de lectura\" \/>\n\t<meta name=\"twitter:data1\" content=\"2 minutos\" \/>\n<script type=\"application\/ld+json\" class=\"yoast-schema-graph\">{\"@context\":\"https:\/\/schema.org\",\"@graph\":[{\"@type\":\"WebPage\",\"@id\":\"https:\/\/tourtravelandmore.com\/es\/tours\/irlanda-es\/dublin-es\/excursion-privada-a-howth-y-malahide-desde-dublin\/\",\"url\":\"https:\/\/tourtravelandmore.com\/es\/tours\/irlanda-es\/dublin-es\/excursion-privada-a-howth-y-malahide-desde-dublin\/\",\"name\":\"\u27a1\ufe0f Excursi\u00f3n privada a Howth y Malahide desde Dubl\u00edn | Tour Travel & More\",\"isPartOf\":{\"@id\":\"https:\/\/tourtravelandmore.com\/es\/#website\"},\"primaryImageOfPage\":{\"@id\":\"https:\/\/tourtravelandmore.com\/es\/tours\/irlanda-es\/dublin-es\/excursion-privada-a-howth-y-malahide-desde-dublin\/#primaryimage\"},\"image\":{\"@id\":\"https:\/\/tourtravelandmore.com\/es\/tours\/irlanda-es\/dublin-es\/excursion-privada-a-howth-y-malahide-desde-dublin\/#primaryimage\"},\"thumbnailUrl\":\"https:\/\/tourtravelandmore.com\/wp-content\/uploads\/2022\/11\/ireland-gd57ea8804_1280.jpg\",\"datePublished\":\"2022-11-01T20:58:47+00:00\",\"dateModified\":\"2024-03-04T14:44:50+00:00\",\"description\":\"Excursi\u00f3n privada a Howth y Malahide. Explora los paisajes con esta excursi\u00f3n privada de d\u00eda completo con gu\u00eda y veh\u00edculo privado con ch\u00f3fer \u2705\",\"breadcrumb\":{\"@id\":\"https:\/\/tourtravelandmore.com\/es\/tours\/irlanda-es\/dublin-es\/excursion-privada-a-howth-y-malahide-desde-dublin\/#breadcrumb\"},\"inLanguage\":\"es\",\"potentialAction\":[{\"@type\":\"ReadAction\",\"target\":[\"https:\/\/tourtravelandmore.com\/es\/tours\/irlanda-es\/dublin-es\/excursion-privada-a-howth-y-malahide-desde-dublin\/\"]}]},{\"@type\":\"ImageObject\",\"inLanguage\":\"es\",\"@id\":\"https:\/\/tourtravelandmore.com\/es\/tours\/irlanda-es\/dublin-es\/excursion-privada-a-howth-y-malahide-desde-dublin\/#primaryimage\",\"url\":\"https:\/\/tourtravelandmore.com\/wp-content\/uploads\/2022\/11\/ireland-gd57ea8804_1280.jpg\",\"contentUrl\":\"https:\/\/tourtravelandmore.com\/wp-content\/uploads\/2022\/11\/ireland-gd57ea8804_1280.jpg\",\"width\":1280,\"height\":855},{\"@type\":\"BreadcrumbList\",\"@id\":\"https:\/\/tourtravelandmore.com\/es\/tours\/irlanda-es\/dublin-es\/excursion-privada-a-howth-y-malahide-desde-dublin\/#breadcrumb\",\"itemListElement\":[{\"@type\":\"ListItem\",\"position\":1,\"name\":\"Home\",\"item\":\"https:\/\/tourtravelandmore.com\/es\/\"},{\"@type\":\"ListItem\",\"position\":2,\"name\":\"Tours\",\"item\":\"https:\/\/tourtravelandmore.com\/es\/tours\/\"},{\"@type\":\"ListItem\",\"position\":3,\"name\":\"Excursi\u00f3n privada a Howth y Malahide desde Dubl\u00edn\"}]},{\"@type\":\"WebSite\",\"@id\":\"https:\/\/tourtravelandmore.com\/es\/#website\",\"url\":\"https:\/\/tourtravelandmore.com\/es\/\",\"name\":\"Tour Travel And More\",\"description\":\"Private sightseeing tours and luxury transfers in Spain\",\"publisher\":{\"@id\":\"https:\/\/tourtravelandmore.com\/es\/#organization\"},\"potentialAction\":[{\"@type\":\"SearchAction\",\"target\":{\"@type\":\"EntryPoint\",\"urlTemplate\":\"https:\/\/tourtravelandmore.com\/es\/?s={search_term_string}\"},\"query-input\":{\"@type\":\"PropertyValueSpecification\",\"valueRequired\":true,\"valueName\":\"search_term_string\"}}],\"inLanguage\":\"es\"},{\"@type\":\"Organization\",\"@id\":\"https:\/\/tourtravelandmore.com\/es\/#organization\",\"name\":\"Tour Travel And More\",\"url\":\"https:\/\/tourtravelandmore.com\/es\/\",\"logo\":{\"@type\":\"ImageObject\",\"inLanguage\":\"es\",\"@id\":\"https:\/\/tourtravelandmore.com\/es\/#\/schema\/logo\/image\/\",\"url\":\"https:\/\/tourtravelandmore.com\/wp-content\/uploads\/2022\/12\/cropped-logo-cabecera-new.png\",\"contentUrl\":\"https:\/\/tourtravelandmore.com\/wp-content\/uploads\/2022\/12\/cropped-logo-cabecera-new.png\",\"width\":430,\"height\":61,\"caption\":\"Tour Travel And More\"},\"image\":{\"@id\":\"https:\/\/tourtravelandmore.com\/es\/#\/schema\/logo\/image\/\"},\"sameAs\":[\"https:\/\/www.facebook.com\/tourtravelandmore\/\",\"https:\/\/x.com\/TourTravel_More\"]}]}<\/script>\n<!-- \/ Yoast SEO Premium plugin. -->","yoast_head_json":{"title":"\u27a1\ufe0f Excursi\u00f3n privada a Howth y Malahide desde Dubl\u00edn | Tour Travel & More","description":"Excursi\u00f3n privada a Howth y Malahide. Explora los paisajes con esta excursi\u00f3n privada de d\u00eda completo con gu\u00eda y veh\u00edculo privado con ch\u00f3fer \u2705","robots":{"index":"index","follow":"follow","max-snippet":"max-snippet:-1","max-image-preview":"max-image-preview:large","max-video-preview":"max-video-preview:-1"},"canonical":"https:\/\/tourtravelandmore.com\/es\/tours\/irlanda-es\/dublin-es\/excursion-privada-a-howth-y-malahide-desde-dublin\/","og_locale":"es_ES","og_type":"article","og_title":"Excursi\u00f3n privada a Howth y Malahide desde Dubl\u00edn","og_description":"Excursi\u00f3n privada a Howth y Malahide. Explora los paisajes con esta excursi\u00f3n privada de d\u00eda completo con gu\u00eda y veh\u00edculo privado con ch\u00f3fer \u2705","og_url":"https:\/\/tourtravelandmore.com\/es\/tours\/irlanda-es\/dublin-es\/excursion-privada-a-howth-y-malahide-desde-dublin\/","og_site_name":"Tour Travel And More","article_publisher":"https:\/\/www.facebook.com\/tourtravelandmore\/","article_modified_time":"2024-03-04T14:44:50+00:00","og_image":[{"width":1280,"height":855,"url":"https:\/\/tourtravelandmore.com\/wp-content\/uploads\/2022\/11\/ireland-gd57ea8804_1280.jpg","type":"image\/jpeg"}],"twitter_card":"summary_large_image","twitter_site":"@TourTravel_More","twitter_misc":{"Tiempo de lectura":"2 minutos"},"schema":{"@context":"https:\/\/schema.org","@graph":[{"@type":"WebPage","@id":"https:\/\/tourtravelandmore.com\/es\/tours\/irlanda-es\/dublin-es\/excursion-privada-a-howth-y-malahide-desde-dublin\/","url":"https:\/\/tourtravelandmore.com\/es\/tours\/irlanda-es\/dublin-es\/excursion-privada-a-howth-y-malahide-desde-dublin\/","name":"\u27a1\ufe0f Excursi\u00f3n privada a Howth y Malahide desde Dubl\u00edn | Tour Travel & More","isPartOf":{"@id":"https:\/\/tourtravelandmore.com\/es\/#website"},"primaryImageOfPage":{"@id":"https:\/\/tourtravelandmore.com\/es\/tours\/irlanda-es\/dublin-es\/excursion-privada-a-howth-y-malahide-desde-dublin\/#primaryimage"},"image":{"@id":"https:\/\/tourtravelandmore.com\/es\/tours\/irlanda-es\/dublin-es\/excursion-privada-a-howth-y-malahide-desde-dublin\/#primaryimage"},"thumbnailUrl":"https:\/\/tourtravelandmore.com\/wp-content\/uploads\/2022\/11\/ireland-gd57ea8804_1280.jpg","datePublished":"2022-11-01T20:58:47+00:00","dateModified":"2024-03-04T14:44:50+00:00","description":"Excursi\u00f3n privada a Howth y Malahide. Explora los paisajes con esta excursi\u00f3n privada de d\u00eda completo con gu\u00eda y veh\u00edculo privado con ch\u00f3fer \u2705","breadcrumb":{"@id":"https:\/\/tourtravelandmore.com\/es\/tours\/irlanda-es\/dublin-es\/excursion-privada-a-howth-y-malahide-desde-dublin\/#breadcrumb"},"inLanguage":"es","potentialAction":[{"@type":"ReadAction","target":["https:\/\/tourtravelandmore.com\/es\/tours\/irlanda-es\/dublin-es\/excursion-privada-a-howth-y-malahide-desde-dublin\/"]}]},{"@type":"ImageObject","inLanguage":"es","@id":"https:\/\/tourtravelandmore.com\/es\/tours\/irlanda-es\/dublin-es\/excursion-privada-a-howth-y-malahide-desde-dublin\/#primaryimage","url":"https:\/\/tourtravelandmore.com\/wp-content\/uploads\/2022\/11\/ireland-gd57ea8804_1280.jpg","contentUrl":"https:\/\/tourtravelandmore.com\/wp-content\/uploads\/2022\/11\/ireland-gd57ea8804_1280.jpg","width":1280,"height":855},{"@type":"BreadcrumbList","@id":"https:\/\/tourtravelandmore.com\/es\/tours\/irlanda-es\/dublin-es\/excursion-privada-a-howth-y-malahide-desde-dublin\/#breadcrumb","itemListElement":[{"@type":"ListItem","position":1,"name":"Home","item":"https:\/\/tourtravelandmore.com\/es\/"},{"@type":"ListItem","position":2,"name":"Tours","item":"https:\/\/tourtravelandmore.com\/es\/tours\/"},{"@type":"ListItem","position":3,"name":"Excursi\u00f3n privada a Howth y Malahide desde Dubl\u00edn"}]},{"@type":"WebSite","@id":"https:\/\/tourtravelandmore.com\/es\/#website","url":"https:\/\/tourtravelandmore.com\/es\/","name":"Tour Travel And More","description":"Private sightseeing tours and luxury transfers in Spain","publisher":{"@id":"https:\/\/tourtravelandmore.com\/es\/#organization"},"potentialAction":[{"@type":"SearchAction","target":{"@type":"EntryPoint","urlTemplate":"https:\/\/tourtravelandmore.com\/es\/?s={search_term_string}"},"query-input":{"@type":"PropertyValueSpecification","valueRequired":true,"valueName":"search_term_string"}}],"inLanguage":"es"},{"@type":"Organization","@id":"https:\/\/tourtravelandmore.com\/es\/#organization","name":"Tour Travel And More","url":"https:\/\/tourtravelandmore.com\/es\/","logo":{"@type":"ImageObject","inLanguage":"es","@id":"https:\/\/tourtravelandmore.com\/es\/#\/schema\/logo\/image\/","url":"https:\/\/tourtravelandmore.com\/wp-content\/uploads\/2022\/12\/cropped-logo-cabecera-new.png","contentUrl":"https:\/\/tourtravelandmore.com\/wp-content\/uploads\/2022\/12\/cropped-logo-cabecera-new.png","width":430,"height":61,"caption":"Tour Travel And More"},"image":{"@id":"https:\/\/tourtravelandmore.com\/es\/#\/schema\/logo\/image\/"},"sameAs":["https:\/\/www.facebook.com\/tourtravelandmore\/","https:\/\/x.com\/TourTravel_More"]}]}},"_links":{"self":[{"href":"https:\/\/tourtravelandmore.com\/es\/wp-json\/wp\/v2\/product\/142450","targetHints":{"allow":["GET"]}}],"collection":[{"href":"https:\/\/tourtravelandmore.com\/es\/wp-json\/wp\/v2\/product"}],"about":[{"href":"https:\/\/tourtravelandmore.com\/es\/wp-json\/wp\/v2\/types\/product"}],"replies":[{"embeddable":true,"href":"https:\/\/tourtravelandmore.com\/es\/wp-json\/wp\/v2\/comments?post=142450"}],"wp:featuredmedia":[{"embeddable":true,"href":"https:\/\/tourtravelandmore.com\/es\/wp-json\/wp\/v2\/media\/142478"}],"wp:attachment":[{"href":"https:\/\/tourtravelandmore.com\/es\/wp-json\/wp\/v2\/media?parent=142450"}],"wp:term":[{"taxonomy":"product_brand","embeddable":true,"href":"https:\/\/tourtravelandmore.com\/es\/wp-json\/wp\/v2\/product_brand?post=142450"},{"taxonomy":"product_cat","embeddable":true,"href":"https:\/\/tourtravelandmore.com\/es\/wp-json\/wp\/v2\/product_cat?post=142450"},{"taxonomy":"product_tag","embeddable":true,"href":"https:\/\/tourtravelandmore.com\/es\/wp-json\/wp\/v2\/product_tag?post=142450"}],"curies":[{"name":"wp","href":"https:\/\/api.w.org\/{rel}","templated":true}]}}