{"id":141899,"date":"2022-10-25T21:55:36","date_gmt":"2022-10-25T19:55:39","guid":{"rendered":"https:\/\/tourtravelandmore.com\/?post_type=product&#038;p=141899"},"modified":"2022-11-07T14:59:26","modified_gmt":"2022-11-07T13:59:26","slug":"tour-privado-gastronomico-a-pie-por-palermo","status":"publish","type":"product","link":"https:\/\/tourtravelandmore.com\/es\/tours\/italia-es\/palermo-es\/tour-privado-gastronomico-a-pie-por-palermo\/","title":{"rendered":"Tour Privado gastron\u00f3mico a pie por Palermo"},"content":{"rendered":"<h2><b>Descripci\u00f3n del Tour Privado gastron\u00f3mico a pie por Palermo<\/b><\/h2>\n<p><span style=\"font-weight: 400;\">Disfrute de la gran arquitectura y los maravillosos lugares de Palermo durante este <\/span><b>tour privado gastron\u00f3mico a pie por Palermo<\/b><span style=\"font-weight: 400;\"> con su propio<\/span><b> gu\u00eda tur\u00edstico oficial privado<\/b><span style=\"font-weight: 400;\">.<\/span><\/p>\n<p><span style=\"font-weight: 400;\">Su gu\u00eda lo estar\u00e1 esperando en su hotel ubicado en el centro o en un punto de encuentro fijo en el centro de la ciudad.<\/span><\/p>\n<p><b>Palermo<\/b><span style=\"font-weight: 400;\"> es conocida como la capital tur\u00edstica y econ\u00f3mica de la regi\u00f3n de Sicilia. Fue fundada por los fenicios y luego conquistada por los griegos. La ciudad tuvo su mejor momento bajo la dominaci\u00f3n \u00e1rabe (siglos IX al XI d.C.). M\u00e1s tarde, los normandos conquistaron la ciudad y destruyeron muchas de las mezquitas y palacios.<\/span><\/p>\n<p><span style=\"font-weight: 400;\">La ciudad de Palermo tiene un clima hermoso todo el a\u00f1o y cuenta con una oferta gastron\u00f3mica impactante, por eso es el lugar perfecto para tus vacaciones.<\/span><\/p>\n<p><span style=\"font-weight: 400;\">\u00bfQu\u00e9 mejor que combinar esta hermosa ciudad junto a un delicioso <strong>paseo gastron\u00f3mico?<\/strong> En dicho paseo probar\u00edan tres peque\u00f1os primeros platos m\u00e1s dos guarniciones, junto a un vaso de vino tinto siciliano y un granizado o postre t\u00edpicode la zona. Los primeros platos son peque\u00f1as raciones de platos lugare\u00f1os: pasta con anchoas, pasta a la Norma, anelletti al horno, guarniciones: alb\u00f3ndigas de sardinas, caponata. Y de postre: granizado o cannolo.<\/span><\/p>\n<p><span style=\"font-weight: 400;\">Tambi\u00e9n podemos ofrecerte la posibilidad de incluir un veh\u00edculo privado de lujo para tu experiencia. Por favor, eche un vistazo a nuestro <\/span><strong><a href=\"https:\/\/tourtravelandmore.com\/es\/tours\/italia-es\/palermo-es\/tour-privado-por-palermo-con-chofer-y-guia\/\">tour privado por Palermo<\/a>.<\/strong><\/p>\n<h2><strong>Puntos de inter\u00e9s<\/strong><\/h2>\n<p><strong>Palermo<\/strong> es conocida como la ciudad de los placeres por sus hermosas mezquitas, palacios y jardines.\u00a0La ciudad ha sido el hogar de muchas culturas diferentes durante toda su historia.<\/p>\n<p>En primer lugar, se encontrar\u00e1 con su gu\u00eda tur\u00edstico oficial privado en un punto de encuentro central a la hora deseada por usted. Como se trata de un tour privado, puede personalizar su experiencia como desee.<\/p>\n<p>Durante este tour privado a pie por Palermo conocer\u00e1s los sitios m\u00e1s emblem\u00e1ticos de la ciudad. Entre otros monumentos y lugares de inter\u00e9s que puede conocer durante este tour privado por Palermo:<\/p>\n<ul>\n<li><strong>Quattro Canti<\/strong><\/li>\n<li><strong>Mercado Hist\u00f3rico de Palermo<\/strong><\/li>\n<li><strong>Teatro Massimo<\/strong><\/li>\n<li><strong>Iglesia &#8220;Santa Maria dell\u2019Ammiraglio Martorana&#8221;<\/strong><\/li>\n<li><strong>Palacio Normando<\/strong><\/li>\n<li><a href=\"http:\/\/www.cattedrale.palermo.it\">Duomo (Catedral de Palermo)<\/a><\/li>\n<li><strong>San Giovanni degli Eremiti<\/strong><\/li>\n<li><strong>Iglesia de Santa Maria dell\u2019Ammiraglio Martorana<\/strong><\/li>\n<li><strong>\u00a1Y mucho m\u00e1s!<\/strong><\/li>\n<\/ul>\n<p>Si est\u00e1s interesado en visitar alg\u00fan monumento o museo de la ciudad, no dudes en contactarte con nosotros. Podemos gestionar entradas sin colas a cualquier sitio de Palermo.<\/p>\n<p>Finalmente, su gu\u00eda privado lo dejar\u00e1 en un punto c\u00e9ntrico de Palermo. Este tour privado tiene una duraci\u00f3n de 4 horas desde el momento de la recogida hasta el momento de devoluci\u00f3n. La duraci\u00f3n del recorrido se puede ajustar a sus propios intereses y gustos.<\/p>\n","protected":false},"excerpt":{"rendered":"<p>No pierda la oportunidad de disfrutar y conocer la hermosa ciudad de <b>Palermo<\/b>\u00a0junto a un gu\u00eda oficial privado en su idioma deseado. Disfrute de los monumentos y zonas m\u00e1s emblem\u00e1ticas de la capital de Sicilia. Conozca lugares como el <strong>Duomo de Palermo<\/strong>, <strong>Teatro Massimo<\/strong>, <strong>Palacio Normando<\/strong> y mucho m\u00e1s!<\/p>\n","protected":false},"featured_media":141915,"comment_status":"open","ping_status":"closed","template":"","meta":{"_acf_changed":false},"product_brand":[],"product_cat":[699,705,729],"product_tag":[],"class_list":{"0":"post-141899","1":"product","2":"type-product","3":"status-publish","4":"has-post-thumbnail","6":"product_cat-palermo-es","7":"product_cat-palermo-actividades-es","8":"product_cat-palermo-tours-privados-pie-es","10":"first","11":"instock","12":"shipping-taxable","13":"purchasable","14":"product-type-simple"},"acf":[],"yoast_head":"<!-- This site is optimized with the Yoast SEO Premium plugin v25.3.1 (Yoast SEO v25.3.1) - https:\/\/yoast.com\/wordpress\/plugins\/seo\/ -->\n<title>Tour Privado gastron\u00f3mico a pie por Palermo con gu\u00eda oficial privado | TTM<\/title>\n<meta name=\"description\" content=\"Admira los lugares y monumentos m\u00e1s bellos con estePrivate Gastronomic Walking Tour de Palermo acompa\u00f1ado por un gu\u00eda tur\u00edstico local privado \u2705.\" \/>\n<meta name=\"robots\" content=\"index, follow, max-snippet:-1, max-image-preview:large, max-video-preview:-1\" \/>\n<link rel=\"canonical\" href=\"https:\/\/tourtravelandmore.com\/es\/tours\/italia-es\/palermo-es\/tour-privado-gastronomico-a-pie-por-palermo\/\" \/>\n<meta property=\"og:locale\" content=\"es_ES\" \/>\n<meta property=\"og:type\" content=\"article\" \/>\n<meta property=\"og:title\" content=\"Tour Privado gastron\u00f3mico a pie por Palermo\" \/>\n<meta property=\"og:description\" content=\"Admira los lugares y monumentos m\u00e1s bellos con estePrivate Gastronomic Walking Tour de Palermo acompa\u00f1ado por un gu\u00eda tur\u00edstico local privado \u2705.\" \/>\n<meta property=\"og:url\" content=\"https:\/\/tourtravelandmore.com\/es\/tours\/italia-es\/palermo-es\/tour-privado-gastronomico-a-pie-por-palermo\/\" \/>\n<meta property=\"og:site_name\" content=\"Tour Travel And More\" \/>\n<meta property=\"article:publisher\" content=\"https:\/\/www.facebook.com\/tourtravelandmore\/\" \/>\n<meta property=\"article:modified_time\" content=\"2022-11-07T13:59:26+00:00\" \/>\n<meta property=\"og:image\" content=\"https:\/\/tourtravelandmore.com\/wp-content\/uploads\/2022\/10\/palermo-gca24297f8_1920.jpg\" \/>\n\t<meta property=\"og:image:width\" content=\"1920\" \/>\n\t<meta property=\"og:image:height\" content=\"1280\" \/>\n\t<meta property=\"og:image:type\" content=\"image\/jpeg\" \/>\n<meta name=\"twitter:card\" content=\"summary_large_image\" \/>\n<meta name=\"twitter:site\" content=\"@TourTravel_More\" \/>\n<meta name=\"twitter:label1\" content=\"Tiempo de lectura\" \/>\n\t<meta name=\"twitter:data1\" content=\"2 minutos\" \/>\n<script type=\"application\/ld+json\" class=\"yoast-schema-graph\">{\"@context\":\"https:\/\/schema.org\",\"@graph\":[{\"@type\":\"WebPage\",\"@id\":\"https:\/\/tourtravelandmore.com\/es\/tours\/italia-es\/palermo-es\/tour-privado-gastronomico-a-pie-por-palermo\/\",\"url\":\"https:\/\/tourtravelandmore.com\/es\/tours\/italia-es\/palermo-es\/tour-privado-gastronomico-a-pie-por-palermo\/\",\"name\":\"Tour Privado gastron\u00f3mico a pie por Palermo con gu\u00eda oficial privado | TTM\",\"isPartOf\":{\"@id\":\"https:\/\/tourtravelandmore.com\/es\/#website\"},\"primaryImageOfPage\":{\"@id\":\"https:\/\/tourtravelandmore.com\/es\/tours\/italia-es\/palermo-es\/tour-privado-gastronomico-a-pie-por-palermo\/#primaryimage\"},\"image\":{\"@id\":\"https:\/\/tourtravelandmore.com\/es\/tours\/italia-es\/palermo-es\/tour-privado-gastronomico-a-pie-por-palermo\/#primaryimage\"},\"thumbnailUrl\":\"https:\/\/tourtravelandmore.com\/wp-content\/uploads\/2022\/10\/palermo-gca24297f8_1920.jpg\",\"datePublished\":\"2022-10-25T19:55:39+00:00\",\"dateModified\":\"2022-11-07T13:59:26+00:00\",\"description\":\"Admira los lugares y monumentos m\u00e1s bellos con estePrivate Gastronomic Walking Tour de Palermo acompa\u00f1ado por un gu\u00eda tur\u00edstico local privado \u2705.\",\"breadcrumb\":{\"@id\":\"https:\/\/tourtravelandmore.com\/es\/tours\/italia-es\/palermo-es\/tour-privado-gastronomico-a-pie-por-palermo\/#breadcrumb\"},\"inLanguage\":\"es\",\"potentialAction\":[{\"@type\":\"ReadAction\",\"target\":[\"https:\/\/tourtravelandmore.com\/es\/tours\/italia-es\/palermo-es\/tour-privado-gastronomico-a-pie-por-palermo\/\"]}]},{\"@type\":\"ImageObject\",\"inLanguage\":\"es\",\"@id\":\"https:\/\/tourtravelandmore.com\/es\/tours\/italia-es\/palermo-es\/tour-privado-gastronomico-a-pie-por-palermo\/#primaryimage\",\"url\":\"https:\/\/tourtravelandmore.com\/wp-content\/uploads\/2022\/10\/palermo-gca24297f8_1920.jpg\",\"contentUrl\":\"https:\/\/tourtravelandmore.com\/wp-content\/uploads\/2022\/10\/palermo-gca24297f8_1920.jpg\",\"width\":1920,\"height\":1280},{\"@type\":\"BreadcrumbList\",\"@id\":\"https:\/\/tourtravelandmore.com\/es\/tours\/italia-es\/palermo-es\/tour-privado-gastronomico-a-pie-por-palermo\/#breadcrumb\",\"itemListElement\":[{\"@type\":\"ListItem\",\"position\":1,\"name\":\"Home\",\"item\":\"https:\/\/tourtravelandmore.com\/es\/\"},{\"@type\":\"ListItem\",\"position\":2,\"name\":\"Tours\",\"item\":\"https:\/\/tourtravelandmore.com\/es\/tours\/\"},{\"@type\":\"ListItem\",\"position\":3,\"name\":\"Tour Privado gastron\u00f3mico a pie por Palermo\"}]},{\"@type\":\"WebSite\",\"@id\":\"https:\/\/tourtravelandmore.com\/es\/#website\",\"url\":\"https:\/\/tourtravelandmore.com\/es\/\",\"name\":\"Tour Travel And More\",\"description\":\"Private sightseeing tours and luxury transfers in Spain\",\"publisher\":{\"@id\":\"https:\/\/tourtravelandmore.com\/es\/#organization\"},\"potentialAction\":[{\"@type\":\"SearchAction\",\"target\":{\"@type\":\"EntryPoint\",\"urlTemplate\":\"https:\/\/tourtravelandmore.com\/es\/?s={search_term_string}\"},\"query-input\":{\"@type\":\"PropertyValueSpecification\",\"valueRequired\":true,\"valueName\":\"search_term_string\"}}],\"inLanguage\":\"es\"},{\"@type\":\"Organization\",\"@id\":\"https:\/\/tourtravelandmore.com\/es\/#organization\",\"name\":\"Tour Travel And More\",\"url\":\"https:\/\/tourtravelandmore.com\/es\/\",\"logo\":{\"@type\":\"ImageObject\",\"inLanguage\":\"es\",\"@id\":\"https:\/\/tourtravelandmore.com\/es\/#\/schema\/logo\/image\/\",\"url\":\"https:\/\/tourtravelandmore.com\/wp-content\/uploads\/2022\/12\/cropped-logo-cabecera-new.png\",\"contentUrl\":\"https:\/\/tourtravelandmore.com\/wp-content\/uploads\/2022\/12\/cropped-logo-cabecera-new.png\",\"width\":430,\"height\":61,\"caption\":\"Tour Travel And More\"},\"image\":{\"@id\":\"https:\/\/tourtravelandmore.com\/es\/#\/schema\/logo\/image\/\"},\"sameAs\":[\"https:\/\/www.facebook.com\/tourtravelandmore\/\",\"https:\/\/x.com\/TourTravel_More\"]}]}<\/script>\n<!-- \/ Yoast SEO Premium plugin. -->","yoast_head_json":{"title":"Tour Privado gastron\u00f3mico a pie por Palermo con gu\u00eda oficial privado | TTM","description":"Admira los lugares y monumentos m\u00e1s bellos con estePrivate Gastronomic Walking Tour de Palermo acompa\u00f1ado por un gu\u00eda tur\u00edstico local privado \u2705.","robots":{"index":"index","follow":"follow","max-snippet":"max-snippet:-1","max-image-preview":"max-image-preview:large","max-video-preview":"max-video-preview:-1"},"canonical":"https:\/\/tourtravelandmore.com\/es\/tours\/italia-es\/palermo-es\/tour-privado-gastronomico-a-pie-por-palermo\/","og_locale":"es_ES","og_type":"article","og_title":"Tour Privado gastron\u00f3mico a pie por Palermo","og_description":"Admira los lugares y monumentos m\u00e1s bellos con estePrivate Gastronomic Walking Tour de Palermo acompa\u00f1ado por un gu\u00eda tur\u00edstico local privado \u2705.","og_url":"https:\/\/tourtravelandmore.com\/es\/tours\/italia-es\/palermo-es\/tour-privado-gastronomico-a-pie-por-palermo\/","og_site_name":"Tour Travel And More","article_publisher":"https:\/\/www.facebook.com\/tourtravelandmore\/","article_modified_time":"2022-11-07T13:59:26+00:00","og_image":[{"width":1920,"height":1280,"url":"https:\/\/tourtravelandmore.com\/wp-content\/uploads\/2022\/10\/palermo-gca24297f8_1920.jpg","type":"image\/jpeg"}],"twitter_card":"summary_large_image","twitter_site":"@TourTravel_More","twitter_misc":{"Tiempo de lectura":"2 minutos"},"schema":{"@context":"https:\/\/schema.org","@graph":[{"@type":"WebPage","@id":"https:\/\/tourtravelandmore.com\/es\/tours\/italia-es\/palermo-es\/tour-privado-gastronomico-a-pie-por-palermo\/","url":"https:\/\/tourtravelandmore.com\/es\/tours\/italia-es\/palermo-es\/tour-privado-gastronomico-a-pie-por-palermo\/","name":"Tour Privado gastron\u00f3mico a pie por Palermo con gu\u00eda oficial privado | TTM","isPartOf":{"@id":"https:\/\/tourtravelandmore.com\/es\/#website"},"primaryImageOfPage":{"@id":"https:\/\/tourtravelandmore.com\/es\/tours\/italia-es\/palermo-es\/tour-privado-gastronomico-a-pie-por-palermo\/#primaryimage"},"image":{"@id":"https:\/\/tourtravelandmore.com\/es\/tours\/italia-es\/palermo-es\/tour-privado-gastronomico-a-pie-por-palermo\/#primaryimage"},"thumbnailUrl":"https:\/\/tourtravelandmore.com\/wp-content\/uploads\/2022\/10\/palermo-gca24297f8_1920.jpg","datePublished":"2022-10-25T19:55:39+00:00","dateModified":"2022-11-07T13:59:26+00:00","description":"Admira los lugares y monumentos m\u00e1s bellos con estePrivate Gastronomic Walking Tour de Palermo acompa\u00f1ado por un gu\u00eda tur\u00edstico local privado \u2705.","breadcrumb":{"@id":"https:\/\/tourtravelandmore.com\/es\/tours\/italia-es\/palermo-es\/tour-privado-gastronomico-a-pie-por-palermo\/#breadcrumb"},"inLanguage":"es","potentialAction":[{"@type":"ReadAction","target":["https:\/\/tourtravelandmore.com\/es\/tours\/italia-es\/palermo-es\/tour-privado-gastronomico-a-pie-por-palermo\/"]}]},{"@type":"ImageObject","inLanguage":"es","@id":"https:\/\/tourtravelandmore.com\/es\/tours\/italia-es\/palermo-es\/tour-privado-gastronomico-a-pie-por-palermo\/#primaryimage","url":"https:\/\/tourtravelandmore.com\/wp-content\/uploads\/2022\/10\/palermo-gca24297f8_1920.jpg","contentUrl":"https:\/\/tourtravelandmore.com\/wp-content\/uploads\/2022\/10\/palermo-gca24297f8_1920.jpg","width":1920,"height":1280},{"@type":"BreadcrumbList","@id":"https:\/\/tourtravelandmore.com\/es\/tours\/italia-es\/palermo-es\/tour-privado-gastronomico-a-pie-por-palermo\/#breadcrumb","itemListElement":[{"@type":"ListItem","position":1,"name":"Home","item":"https:\/\/tourtravelandmore.com\/es\/"},{"@type":"ListItem","position":2,"name":"Tours","item":"https:\/\/tourtravelandmore.com\/es\/tours\/"},{"@type":"ListItem","position":3,"name":"Tour Privado gastron\u00f3mico a pie por Palermo"}]},{"@type":"WebSite","@id":"https:\/\/tourtravelandmore.com\/es\/#website","url":"https:\/\/tourtravelandmore.com\/es\/","name":"Tour Travel And More","description":"Private sightseeing tours and luxury transfers in Spain","publisher":{"@id":"https:\/\/tourtravelandmore.com\/es\/#organization"},"potentialAction":[{"@type":"SearchAction","target":{"@type":"EntryPoint","urlTemplate":"https:\/\/tourtravelandmore.com\/es\/?s={search_term_string}"},"query-input":{"@type":"PropertyValueSpecification","valueRequired":true,"valueName":"search_term_string"}}],"inLanguage":"es"},{"@type":"Organization","@id":"https:\/\/tourtravelandmore.com\/es\/#organization","name":"Tour Travel And More","url":"https:\/\/tourtravelandmore.com\/es\/","logo":{"@type":"ImageObject","inLanguage":"es","@id":"https:\/\/tourtravelandmore.com\/es\/#\/schema\/logo\/image\/","url":"https:\/\/tourtravelandmore.com\/wp-content\/uploads\/2022\/12\/cropped-logo-cabecera-new.png","contentUrl":"https:\/\/tourtravelandmore.com\/wp-content\/uploads\/2022\/12\/cropped-logo-cabecera-new.png","width":430,"height":61,"caption":"Tour Travel And More"},"image":{"@id":"https:\/\/tourtravelandmore.com\/es\/#\/schema\/logo\/image\/"},"sameAs":["https:\/\/www.facebook.com\/tourtravelandmore\/","https:\/\/x.com\/TourTravel_More"]}]}},"_links":{"self":[{"href":"https:\/\/tourtravelandmore.com\/es\/wp-json\/wp\/v2\/product\/141899","targetHints":{"allow":["GET"]}}],"collection":[{"href":"https:\/\/tourtravelandmore.com\/es\/wp-json\/wp\/v2\/product"}],"about":[{"href":"https:\/\/tourtravelandmore.com\/es\/wp-json\/wp\/v2\/types\/product"}],"replies":[{"embeddable":true,"href":"https:\/\/tourtravelandmore.com\/es\/wp-json\/wp\/v2\/comments?post=141899"}],"wp:featuredmedia":[{"embeddable":true,"href":"https:\/\/tourtravelandmore.com\/es\/wp-json\/wp\/v2\/media\/141915"}],"wp:attachment":[{"href":"https:\/\/tourtravelandmore.com\/es\/wp-json\/wp\/v2\/media?parent=141899"}],"wp:term":[{"taxonomy":"product_brand","embeddable":true,"href":"https:\/\/tourtravelandmore.com\/es\/wp-json\/wp\/v2\/product_brand?post=141899"},{"taxonomy":"product_cat","embeddable":true,"href":"https:\/\/tourtravelandmore.com\/es\/wp-json\/wp\/v2\/product_cat?post=141899"},{"taxonomy":"product_tag","embeddable":true,"href":"https:\/\/tourtravelandmore.com\/es\/wp-json\/wp\/v2\/product_tag?post=141899"}],"curies":[{"name":"wp","href":"https:\/\/api.w.org\/{rel}","templated":true}]}}