{"id":141754,"date":"2022-10-25T03:51:40","date_gmt":"2022-10-25T01:51:41","guid":{"rendered":"https:\/\/tourtravelandmore.com\/?post_type=product&#038;p=141754"},"modified":"2022-10-25T03:58:41","modified_gmt":"2022-10-25T01:58:41","slug":"excursion-privada-a-albi-y-cordes-sur-ciel-desde-toulouse","status":"publish","type":"product","link":"https:\/\/tourtravelandmore.com\/es\/tours\/francia\/toulouse-sp\/toulouse-tours-privados-es\/excursion-privada-a-albi-y-cordes-sur-ciel-desde-toulouse\/","title":{"rendered":"Excursi\u00f3n privada a Albi y Cordes-sur-Ciel desde Toulouse"},"content":{"rendered":"<h2><b>Descripci\u00f3n de la Excursi\u00f3n privada a Albi y Cordes-sur-Ciel desde Toulouse<\/b><\/h2>\n<p><span style=\"font-weight: 400;\">El recorrido comienza en Toulouse y lo lleva a las dos ciudades medievales de Albi y Cordes-sur-Ciel.<\/span><\/p>\n<p><span style=\"font-weight: 400;\">El tour es para aquellos que quieren disfrutar de una experiencia privada y personalizada con un gu\u00eda experto. Este tour es perfecto para aquellos que quieren visitar Toulouse, pero no tienen mucho tiempo. La Excursi\u00f3n privada a Albi y Cordes-sur-Ciel desde Toulouse ofrece un recorrido privado de 8 horas que incluye una experiencia completa y personalizada con un gu\u00eda experto.<\/span><\/p>\n<p><span style=\"font-weight: 400;\">Recuerde que el tour privado se adapta a sus necesidades, es decir, si requiere de un auto m\u00e1s grande, o m\u00e1s horas de los tours, o incluso visitar algunos puntos de inter\u00e9s en espec\u00edfico, no dude en hac\u00e9rnoslo saber y estaremos felices de hacerlo realidad.<\/span><\/p>\n<h2><b>Puntos de inter\u00e9s en la Excursi\u00f3n privada a Albi y Cordes-sur-Ciel desde Toulouse<\/b><\/h2>\n<p><span style=\"font-weight: 400;\">Su experiencia privada comenzar\u00e1 encontr\u00e1ndose con su chofer y gu\u00eda privado en su lugar de alojamiento o sitio de su elecci\u00f3n en Toulouse, donde una vez reunidos comenzar\u00e1 la aventura.<\/span><\/p>\n<p><span style=\"font-weight: 400;\">Durante este trayecto visitaremos puntos de much\u00edsimo inter\u00e9s y riqueza, historia como lo son:<\/span><\/p>\n<h3><b>Santa Cecilia, la catedral de ladrillo m\u00e1s grande del mundo<\/b><\/h3>\n<p><span style=\"font-weight: 400;\">Santa Cecilia es famosa porque es la catedral de ladrillo m\u00e1s grande del mundo. Fue construido en el siglo XVI y ha estado en pie durante m\u00e1s de 500 a\u00f1os.<\/span><\/p>\n<p><span style=\"font-weight: 400;\">La raz\u00f3n por la que Santa Cecilia es famosa es porque es la catedral de ladrillo m\u00e1s grande del mundo. Fue construido en el siglo XVI y ha estado en pie durante m\u00e1s de 500 a\u00f1os.<\/span><\/p>\n<h3><b>Palacio de la Berbie<\/b><\/h3>\n<p><span style=\"font-weight: 400;\">El Palacio Berbie es el palacio m\u00e1s grande del mundo. Fue construido por el rey Abdul Aziz Al Saud para ser utilizado como residencia de verano para su familia.<\/span><\/p>\n<p><span style=\"font-weight: 400;\">Tiene m\u00e1s de 1.000 habitaciones y ocupa una superficie de unas 20 hect\u00e1reas.<\/span><\/p>\n<h3><b>Museo de Toulose-Lautrec<\/b><\/h3>\n<p><span style=\"font-weight: 400;\">El Museo Toulouse-Lautrec se encuentra en Albi, Francia, y es uno de los museos m\u00e1s populares del pa\u00eds. Fue fundado en 1991 y est\u00e1 dedicado a la obra de Henri de Toulouse-Lautrec.<\/span><\/p>\n<p><span style=\"font-weight: 400;\">El museo cuenta con una colecci\u00f3n de m\u00e1s de 1000 pinturas, dibujos, litograf\u00edas y carteles de Henri de Toulouse-Lautrec. Tambi\u00e9n cuenta con una extensa colecci\u00f3n de fotograf\u00edas de sus amigos, socios y familiares.<\/span><\/p>\n<h3><b>Cordes-sur-Ciel<\/b><\/h3>\n<p><span style=\"font-weight: 400;\">Cordes-sur-Ciel es un municipio del departamento de Aude, en el sur de Francia. El pueblo siempre ha sido famoso por su iglesia, que fue construida durante la Edad Media. Tambi\u00e9n es conocida por sus quesos y vinos.<\/span><\/p>\n<p><span style=\"font-weight: 400;\">La ciudad de Cordes-sur-Ciel est\u00e1 situada al pie de la Montagne Noire ya orillas del r\u00edo Aude. El antiguo pueblo est\u00e1 ubicado a una altitud de 266 metros (876 pies).<\/span><\/p>\n<h3><b>Porte des Ormeaux<\/b><\/h3>\n<p><span style=\"font-weight: 400;\">El Porte des Ormeaux es una ciudad francesa que tiene fama por su famosa playa y su puerto. El puerto es el segundo m\u00e1s grande de Francia y el cuarto m\u00e1s grande del mundo, despu\u00e9s de los puertos de Rotterdam, Shanghai y Singapur.<\/span><\/p>\n<p><span style=\"font-weight: 400;\">Como puede observar, ese tour privado es una experiencia simplemente sensacional, llena de lugares de inter\u00e9s y rica historia y riqueza, adem\u00e1s que con nosotros disfrutara de una experiencia completamente personalizable y privada.<\/span><\/p>\n<p><a href=\"https:\/\/tourtravelandmore.com\/es\/ciudad\/francia\/toulouse-sp\/\"><span style=\"font-weight: 400;\">Si desea conocer m\u00e1s de Toulouse y sus alrededores no dude en echarle un vistazo a nuestros tours.<\/span><\/a><\/p>\n","protected":false},"excerpt":{"rendered":"<p><b>\u00a0<\/b><span style=\"font-weight: 400;\">Este tour privado a Albi y Cordes-sur-Ciel desde Toulouse es una manera perfecta de explorar la parte sur de Francia. El tour incluye veh\u00edculo privado y gu\u00eda.<\/span><\/p>\n","protected":false},"featured_media":141773,"comment_status":"open","ping_status":"closed","template":"","meta":{"_acf_changed":false},"product_brand":[],"product_cat":[1592,3629,3936],"product_tag":[],"class_list":{"0":"post-141754","1":"product","2":"type-product","3":"status-publish","4":"has-post-thumbnail","6":"product_cat-francia","7":"product_cat-toulouse-sp","8":"product_cat-toulouse-tours-privados-es","10":"first","11":"instock","12":"shipping-taxable","13":"purchasable","14":"product-type-simple"},"acf":[],"yoast_head":"<!-- This site is optimized with the Yoast SEO Premium plugin v25.3.1 (Yoast SEO v25.3.1) - https:\/\/yoast.com\/wordpress\/plugins\/seo\/ -->\n<title>\u27a1\ufe0f Excursi\u00f3n privada a Albi y Cordes-sur-Ciel desde Toulouse | Tour Travel &amp; More<\/title>\n<meta name=\"description\" content=\"Reserva ya este tour privado a Albi y Cordes-sur-Ciel, ser\u00e1 una experiencia inimaginable si visita Toulouse.\" \/>\n<meta name=\"robots\" content=\"index, follow, max-snippet:-1, max-image-preview:large, max-video-preview:-1\" \/>\n<link rel=\"canonical\" href=\"https:\/\/tourtravelandmore.com\/es\/tours\/francia\/toulouse-sp\/toulouse-tours-privados-es\/excursion-privada-a-albi-y-cordes-sur-ciel-desde-toulouse\/\" \/>\n<meta property=\"og:locale\" content=\"es_ES\" \/>\n<meta property=\"og:type\" content=\"article\" \/>\n<meta property=\"og:title\" content=\"Excursi\u00f3n privada a Albi y Cordes-sur-Ciel desde Toulouse\" \/>\n<meta property=\"og:description\" content=\"Reserva ya este tour privado a Albi y Cordes-sur-Ciel, ser\u00e1 una experiencia inimaginable si visita Toulouse.\" \/>\n<meta property=\"og:url\" content=\"https:\/\/tourtravelandmore.com\/es\/tours\/francia\/toulouse-sp\/toulouse-tours-privados-es\/excursion-privada-a-albi-y-cordes-sur-ciel-desde-toulouse\/\" \/>\n<meta property=\"og:site_name\" content=\"Tour Travel And More\" \/>\n<meta property=\"article:publisher\" content=\"https:\/\/www.facebook.com\/tourtravelandmore\/\" \/>\n<meta property=\"article:modified_time\" content=\"2022-10-25T01:58:41+00:00\" \/>\n<meta property=\"og:image\" content=\"https:\/\/tourtravelandmore.com\/wp-content\/uploads\/2022\/10\/image1-3.jpg\" \/>\n\t<meta property=\"og:image:width\" content=\"900\" \/>\n\t<meta property=\"og:image:height\" content=\"750\" \/>\n\t<meta property=\"og:image:type\" content=\"image\/jpeg\" \/>\n<meta name=\"twitter:card\" content=\"summary_large_image\" \/>\n<meta name=\"twitter:site\" content=\"@TourTravel_More\" \/>\n<meta name=\"twitter:label1\" content=\"Tiempo de lectura\" \/>\n\t<meta name=\"twitter:data1\" content=\"2 minutos\" \/>\n<script type=\"application\/ld+json\" class=\"yoast-schema-graph\">{\"@context\":\"https:\/\/schema.org\",\"@graph\":[{\"@type\":\"WebPage\",\"@id\":\"https:\/\/tourtravelandmore.com\/es\/tours\/francia\/toulouse-sp\/toulouse-tours-privados-es\/excursion-privada-a-albi-y-cordes-sur-ciel-desde-toulouse\/\",\"url\":\"https:\/\/tourtravelandmore.com\/es\/tours\/francia\/toulouse-sp\/toulouse-tours-privados-es\/excursion-privada-a-albi-y-cordes-sur-ciel-desde-toulouse\/\",\"name\":\"\u27a1\ufe0f Excursi\u00f3n privada a Albi y Cordes-sur-Ciel desde Toulouse | Tour Travel & More\",\"isPartOf\":{\"@id\":\"https:\/\/tourtravelandmore.com\/es\/#website\"},\"primaryImageOfPage\":{\"@id\":\"https:\/\/tourtravelandmore.com\/es\/tours\/francia\/toulouse-sp\/toulouse-tours-privados-es\/excursion-privada-a-albi-y-cordes-sur-ciel-desde-toulouse\/#primaryimage\"},\"image\":{\"@id\":\"https:\/\/tourtravelandmore.com\/es\/tours\/francia\/toulouse-sp\/toulouse-tours-privados-es\/excursion-privada-a-albi-y-cordes-sur-ciel-desde-toulouse\/#primaryimage\"},\"thumbnailUrl\":\"https:\/\/tourtravelandmore.com\/wp-content\/uploads\/2022\/10\/image1-3.jpg\",\"datePublished\":\"2022-10-25T01:51:41+00:00\",\"dateModified\":\"2022-10-25T01:58:41+00:00\",\"description\":\"Reserva ya este tour privado a Albi y Cordes-sur-Ciel, ser\u00e1 una experiencia inimaginable si visita Toulouse.\",\"breadcrumb\":{\"@id\":\"https:\/\/tourtravelandmore.com\/es\/tours\/francia\/toulouse-sp\/toulouse-tours-privados-es\/excursion-privada-a-albi-y-cordes-sur-ciel-desde-toulouse\/#breadcrumb\"},\"inLanguage\":\"es\",\"potentialAction\":[{\"@type\":\"ReadAction\",\"target\":[\"https:\/\/tourtravelandmore.com\/es\/tours\/francia\/toulouse-sp\/toulouse-tours-privados-es\/excursion-privada-a-albi-y-cordes-sur-ciel-desde-toulouse\/\"]}]},{\"@type\":\"ImageObject\",\"inLanguage\":\"es\",\"@id\":\"https:\/\/tourtravelandmore.com\/es\/tours\/francia\/toulouse-sp\/toulouse-tours-privados-es\/excursion-privada-a-albi-y-cordes-sur-ciel-desde-toulouse\/#primaryimage\",\"url\":\"https:\/\/tourtravelandmore.com\/wp-content\/uploads\/2022\/10\/image1-3.jpg\",\"contentUrl\":\"https:\/\/tourtravelandmore.com\/wp-content\/uploads\/2022\/10\/image1-3.jpg\",\"width\":900,\"height\":750},{\"@type\":\"BreadcrumbList\",\"@id\":\"https:\/\/tourtravelandmore.com\/es\/tours\/francia\/toulouse-sp\/toulouse-tours-privados-es\/excursion-privada-a-albi-y-cordes-sur-ciel-desde-toulouse\/#breadcrumb\",\"itemListElement\":[{\"@type\":\"ListItem\",\"position\":1,\"name\":\"Home\",\"item\":\"https:\/\/tourtravelandmore.com\/es\/\"},{\"@type\":\"ListItem\",\"position\":2,\"name\":\"Tours\",\"item\":\"https:\/\/tourtravelandmore.com\/es\/tours\/\"},{\"@type\":\"ListItem\",\"position\":3,\"name\":\"Excursi\u00f3n privada a Albi y Cordes-sur-Ciel desde Toulouse\"}]},{\"@type\":\"WebSite\",\"@id\":\"https:\/\/tourtravelandmore.com\/es\/#website\",\"url\":\"https:\/\/tourtravelandmore.com\/es\/\",\"name\":\"Tour Travel And More\",\"description\":\"Private sightseeing tours and luxury transfers in Spain\",\"publisher\":{\"@id\":\"https:\/\/tourtravelandmore.com\/es\/#organization\"},\"potentialAction\":[{\"@type\":\"SearchAction\",\"target\":{\"@type\":\"EntryPoint\",\"urlTemplate\":\"https:\/\/tourtravelandmore.com\/es\/?s={search_term_string}\"},\"query-input\":{\"@type\":\"PropertyValueSpecification\",\"valueRequired\":true,\"valueName\":\"search_term_string\"}}],\"inLanguage\":\"es\"},{\"@type\":\"Organization\",\"@id\":\"https:\/\/tourtravelandmore.com\/es\/#organization\",\"name\":\"Tour Travel And More\",\"url\":\"https:\/\/tourtravelandmore.com\/es\/\",\"logo\":{\"@type\":\"ImageObject\",\"inLanguage\":\"es\",\"@id\":\"https:\/\/tourtravelandmore.com\/es\/#\/schema\/logo\/image\/\",\"url\":\"https:\/\/tourtravelandmore.com\/wp-content\/uploads\/2022\/12\/cropped-logo-cabecera-new.png\",\"contentUrl\":\"https:\/\/tourtravelandmore.com\/wp-content\/uploads\/2022\/12\/cropped-logo-cabecera-new.png\",\"width\":430,\"height\":61,\"caption\":\"Tour Travel And More\"},\"image\":{\"@id\":\"https:\/\/tourtravelandmore.com\/es\/#\/schema\/logo\/image\/\"},\"sameAs\":[\"https:\/\/www.facebook.com\/tourtravelandmore\/\",\"https:\/\/x.com\/TourTravel_More\"]}]}<\/script>\n<!-- \/ Yoast SEO Premium plugin. -->","yoast_head_json":{"title":"\u27a1\ufe0f Excursi\u00f3n privada a Albi y Cordes-sur-Ciel desde Toulouse | Tour Travel & More","description":"Reserva ya este tour privado a Albi y Cordes-sur-Ciel, ser\u00e1 una experiencia inimaginable si visita Toulouse.","robots":{"index":"index","follow":"follow","max-snippet":"max-snippet:-1","max-image-preview":"max-image-preview:large","max-video-preview":"max-video-preview:-1"},"canonical":"https:\/\/tourtravelandmore.com\/es\/tours\/francia\/toulouse-sp\/toulouse-tours-privados-es\/excursion-privada-a-albi-y-cordes-sur-ciel-desde-toulouse\/","og_locale":"es_ES","og_type":"article","og_title":"Excursi\u00f3n privada a Albi y Cordes-sur-Ciel desde Toulouse","og_description":"Reserva ya este tour privado a Albi y Cordes-sur-Ciel, ser\u00e1 una experiencia inimaginable si visita Toulouse.","og_url":"https:\/\/tourtravelandmore.com\/es\/tours\/francia\/toulouse-sp\/toulouse-tours-privados-es\/excursion-privada-a-albi-y-cordes-sur-ciel-desde-toulouse\/","og_site_name":"Tour Travel And More","article_publisher":"https:\/\/www.facebook.com\/tourtravelandmore\/","article_modified_time":"2022-10-25T01:58:41+00:00","og_image":[{"width":900,"height":750,"url":"https:\/\/tourtravelandmore.com\/wp-content\/uploads\/2022\/10\/image1-3.jpg","type":"image\/jpeg"}],"twitter_card":"summary_large_image","twitter_site":"@TourTravel_More","twitter_misc":{"Tiempo de lectura":"2 minutos"},"schema":{"@context":"https:\/\/schema.org","@graph":[{"@type":"WebPage","@id":"https:\/\/tourtravelandmore.com\/es\/tours\/francia\/toulouse-sp\/toulouse-tours-privados-es\/excursion-privada-a-albi-y-cordes-sur-ciel-desde-toulouse\/","url":"https:\/\/tourtravelandmore.com\/es\/tours\/francia\/toulouse-sp\/toulouse-tours-privados-es\/excursion-privada-a-albi-y-cordes-sur-ciel-desde-toulouse\/","name":"\u27a1\ufe0f Excursi\u00f3n privada a Albi y Cordes-sur-Ciel desde Toulouse | Tour Travel & More","isPartOf":{"@id":"https:\/\/tourtravelandmore.com\/es\/#website"},"primaryImageOfPage":{"@id":"https:\/\/tourtravelandmore.com\/es\/tours\/francia\/toulouse-sp\/toulouse-tours-privados-es\/excursion-privada-a-albi-y-cordes-sur-ciel-desde-toulouse\/#primaryimage"},"image":{"@id":"https:\/\/tourtravelandmore.com\/es\/tours\/francia\/toulouse-sp\/toulouse-tours-privados-es\/excursion-privada-a-albi-y-cordes-sur-ciel-desde-toulouse\/#primaryimage"},"thumbnailUrl":"https:\/\/tourtravelandmore.com\/wp-content\/uploads\/2022\/10\/image1-3.jpg","datePublished":"2022-10-25T01:51:41+00:00","dateModified":"2022-10-25T01:58:41+00:00","description":"Reserva ya este tour privado a Albi y Cordes-sur-Ciel, ser\u00e1 una experiencia inimaginable si visita Toulouse.","breadcrumb":{"@id":"https:\/\/tourtravelandmore.com\/es\/tours\/francia\/toulouse-sp\/toulouse-tours-privados-es\/excursion-privada-a-albi-y-cordes-sur-ciel-desde-toulouse\/#breadcrumb"},"inLanguage":"es","potentialAction":[{"@type":"ReadAction","target":["https:\/\/tourtravelandmore.com\/es\/tours\/francia\/toulouse-sp\/toulouse-tours-privados-es\/excursion-privada-a-albi-y-cordes-sur-ciel-desde-toulouse\/"]}]},{"@type":"ImageObject","inLanguage":"es","@id":"https:\/\/tourtravelandmore.com\/es\/tours\/francia\/toulouse-sp\/toulouse-tours-privados-es\/excursion-privada-a-albi-y-cordes-sur-ciel-desde-toulouse\/#primaryimage","url":"https:\/\/tourtravelandmore.com\/wp-content\/uploads\/2022\/10\/image1-3.jpg","contentUrl":"https:\/\/tourtravelandmore.com\/wp-content\/uploads\/2022\/10\/image1-3.jpg","width":900,"height":750},{"@type":"BreadcrumbList","@id":"https:\/\/tourtravelandmore.com\/es\/tours\/francia\/toulouse-sp\/toulouse-tours-privados-es\/excursion-privada-a-albi-y-cordes-sur-ciel-desde-toulouse\/#breadcrumb","itemListElement":[{"@type":"ListItem","position":1,"name":"Home","item":"https:\/\/tourtravelandmore.com\/es\/"},{"@type":"ListItem","position":2,"name":"Tours","item":"https:\/\/tourtravelandmore.com\/es\/tours\/"},{"@type":"ListItem","position":3,"name":"Excursi\u00f3n privada a Albi y Cordes-sur-Ciel desde Toulouse"}]},{"@type":"WebSite","@id":"https:\/\/tourtravelandmore.com\/es\/#website","url":"https:\/\/tourtravelandmore.com\/es\/","name":"Tour Travel And More","description":"Private sightseeing tours and luxury transfers in Spain","publisher":{"@id":"https:\/\/tourtravelandmore.com\/es\/#organization"},"potentialAction":[{"@type":"SearchAction","target":{"@type":"EntryPoint","urlTemplate":"https:\/\/tourtravelandmore.com\/es\/?s={search_term_string}"},"query-input":{"@type":"PropertyValueSpecification","valueRequired":true,"valueName":"search_term_string"}}],"inLanguage":"es"},{"@type":"Organization","@id":"https:\/\/tourtravelandmore.com\/es\/#organization","name":"Tour Travel And More","url":"https:\/\/tourtravelandmore.com\/es\/","logo":{"@type":"ImageObject","inLanguage":"es","@id":"https:\/\/tourtravelandmore.com\/es\/#\/schema\/logo\/image\/","url":"https:\/\/tourtravelandmore.com\/wp-content\/uploads\/2022\/12\/cropped-logo-cabecera-new.png","contentUrl":"https:\/\/tourtravelandmore.com\/wp-content\/uploads\/2022\/12\/cropped-logo-cabecera-new.png","width":430,"height":61,"caption":"Tour Travel And More"},"image":{"@id":"https:\/\/tourtravelandmore.com\/es\/#\/schema\/logo\/image\/"},"sameAs":["https:\/\/www.facebook.com\/tourtravelandmore\/","https:\/\/x.com\/TourTravel_More"]}]}},"_links":{"self":[{"href":"https:\/\/tourtravelandmore.com\/es\/wp-json\/wp\/v2\/product\/141754","targetHints":{"allow":["GET"]}}],"collection":[{"href":"https:\/\/tourtravelandmore.com\/es\/wp-json\/wp\/v2\/product"}],"about":[{"href":"https:\/\/tourtravelandmore.com\/es\/wp-json\/wp\/v2\/types\/product"}],"replies":[{"embeddable":true,"href":"https:\/\/tourtravelandmore.com\/es\/wp-json\/wp\/v2\/comments?post=141754"}],"wp:featuredmedia":[{"embeddable":true,"href":"https:\/\/tourtravelandmore.com\/es\/wp-json\/wp\/v2\/media\/141773"}],"wp:attachment":[{"href":"https:\/\/tourtravelandmore.com\/es\/wp-json\/wp\/v2\/media?parent=141754"}],"wp:term":[{"taxonomy":"product_brand","embeddable":true,"href":"https:\/\/tourtravelandmore.com\/es\/wp-json\/wp\/v2\/product_brand?post=141754"},{"taxonomy":"product_cat","embeddable":true,"href":"https:\/\/tourtravelandmore.com\/es\/wp-json\/wp\/v2\/product_cat?post=141754"},{"taxonomy":"product_tag","embeddable":true,"href":"https:\/\/tourtravelandmore.com\/es\/wp-json\/wp\/v2\/product_tag?post=141754"}],"curies":[{"name":"wp","href":"https:\/\/api.w.org\/{rel}","templated":true}]}}