{"id":141723,"date":"2022-10-25T03:40:33","date_gmt":"2022-10-25T01:40:34","guid":{"rendered":"https:\/\/tourtravelandmore.com\/?post_type=product&#038;p=141723"},"modified":"2022-10-25T03:47:16","modified_gmt":"2022-10-25T01:47:16","slug":"tour-privado-a-lourdes-desde-toulouse","status":"publish","type":"product","link":"https:\/\/tourtravelandmore.com\/es\/tours\/francia\/toulouse-sp\/toulouse-tours-privados-es\/tour-privado-a-lourdes-desde-toulouse\/","title":{"rendered":"Tour privado a Lourdes desde Toulouse"},"content":{"rendered":"<h2><b>Descripci\u00f3n del Tour privado a Lourdes desde Toulouse<\/b><\/h2>\n<p><span style=\"font-weight: 400;\">Los tours privados a Lourdes desde Toulouse son una excelente manera de ver el famoso sitio de peregrinaci\u00f3n y obtener una experiencia m\u00e1s personal. Los tours privados tienen una duraci\u00f3n de 8 horas y te llevar\u00e1n por los puntos de inter\u00e9s m\u00e1s relevantes de tu viaje.<\/span><\/p>\n<p><span style=\"font-weight: 400;\">El recorrido incluye un chofer y un gu\u00eda que estar\u00e1n contigo durante las 8 horas completas de tu visita. Te acompa\u00f1ar\u00e1n en un veh\u00edculo privado que ha sido especialmente dise\u00f1ado para ser c\u00f3modo y espacioso. Puede viajar c\u00f3modamente mientras visita algunos de los sitios m\u00e1s importantes de Lourdes.<\/span><\/p>\n<p><span style=\"font-weight: 400;\">Recuerde que todos nuestros tours privados son completamente personalizables y se pueden ajustar a sus necesidades, ya sea que quiera m\u00e1s horas, o visitar m\u00e1s puntos de inter\u00e9s, sea cual sea su necesidad la podemos hacer realidad.<\/span><\/p>\n<h2><b>Puntos de inter\u00e9s del Tour privado a Lourdes desde Toulouse<\/b><\/h2>\n<p><span style=\"font-weight: 400;\">Esta experiencia privada comenzar\u00e1 reuni\u00e9ndose con su chofer y gu\u00eda privado en Toulouse, en su lugar de hospedaje o punto de su elecci\u00f3n en Toulouse<\/span><\/p>\n<p><span style=\"font-weight: 400;\">El recorrido cubre muchos puntos de inter\u00e9s en el \u00e1rea, incluida la Bas\u00edlica de Lourdes, la Gruta Massabielle y el Santuario de Nuestra Se\u00f1ora de Lourdes.<\/span><\/p>\n<p><span style=\"font-weight: 400;\">A continuaci\u00f3n describiremos los puntos de inter\u00e9s m\u00e1s importantes:<\/span><\/p>\n<h3><b>R\u00edo Gave de Pau<\/b><\/h3>\n<p><span style=\"font-weight: 400;\">El r\u00edo Gave de Pau en Lourdes es famoso porque es el lugar donde Santa Bernardita Soubirous vio a la Virgen Mar\u00eda el 18 de febrero de 1858.<\/span><\/p>\n<p><span style=\"font-weight: 400;\">Santa Bernardita Soubirous era una ni\u00f1a campesina de 14 a\u00f1os que viv\u00eda en Lourdes, Francia. El 18 de febrero de 1858, fue con su hermana y vecina a recoger le\u00f1a de la gruta de Massabielle como hab\u00eda hecho muchas veces antes. Mientras se acercaba a la cueva, escuch\u00f3 un sonido como &#8220;una r\u00e1faga de viento&#8221;. Cuando levant\u00f3 la vista, vio lo que m\u00e1s tarde describir\u00eda como &#8220;una jovencita peque\u00f1a&#8221; vestida de blanco y con una faja azul que cubr\u00eda su cabeza y ca\u00eda sobre sus pies.<\/span><\/p>\n<h3><b>Ciudad Religiosa<\/b><\/h3>\n<p><span style=\"font-weight: 400;\">La ciudad de Lourdes es una ciudad religiosa situada en el sur de Francia. Es famoso porque tiene un santuario que se cree que es milagroso. El santuario ha sido visitado por millones de personas desde 1858, cuando fue descubierto por primera vez.<\/span><\/p>\n<h3><b>Explanada del Rosario<\/b><\/h3>\n<p><span style=\"font-weight: 400;\">La Explanada del Rosario de Lourdes es famosa porque es all\u00ed donde se apareci\u00f3 Nuestra Se\u00f1ora de Lourdes a Santa Bernardita. Tambi\u00e9n es el lugar donde Santa Bernardita recibi\u00f3 su primera comuni\u00f3n.<\/span><\/p>\n<p><span style=\"font-weight: 400;\">La Explanada del Rosario en Lourdes es un lugar de peregrinaci\u00f3n desde 1858, cuando Nuestra Se\u00f1ora se apareci\u00f3 a Santa Bernardita y le dio el agua de manantial milagrosa que se usar\u00eda para curar a muchas personas.<\/span><\/p>\n<p><span style=\"font-weight: 400;\">Esta explanada ocupa un lugar importante en la historia, ya que fue aqu\u00ed donde Nuestra Se\u00f1ora de Lourdes se apareci\u00f3 a Santa Bernardita por primera vez el 11 de febrero de 1858.<\/span><\/p>\n<h3><b>Neo-bizantina de Nuestra Se\u00f1ora<\/b><\/h3>\n<p><span style=\"font-weight: 400;\">La estatua neobizantina de Nuestra Se\u00f1ora de Lourdes es famosa por la curaci\u00f3n milagrosa, se encuentra en la Gruta de Massabielle, que es donde tuvo lugar la aparici\u00f3n. La estatua fue esculpida por Louis-Ernest Barrias y se complet\u00f3 en 1876.<\/span><\/p>\n<h3><b>Bas\u00edlica subterr\u00e1nea de San P\u00edo X<\/b><\/h3>\n<p><span style=\"font-weight: 400;\">La bas\u00edlica subterr\u00e1nea de San P\u00edo X en Lourdes es famosa por ser el lugar de peregrinaci\u00f3n m\u00e1s grande de Francia. La catedral est\u00e1 construida como un santuario en honor a la Virgen Mar\u00eda y ha sido visitada por millones de peregrinos durante el siglo pasado.<\/span><\/p>\n<p><span style=\"font-weight: 400;\">La bas\u00edlica se construy\u00f3 en un lugar donde, seg\u00fan la tradici\u00f3n, tuvo lugar una aparici\u00f3n de la Virgen Mar\u00eda el 11 de febrero de 1858.<\/span><\/p>\n<h3><b>Centro de peregrinaci\u00f3n Espace Sainte-Bernadette<\/b><\/h3>\n<p><span style=\"font-weight: 400;\">El centro de peregrinaci\u00f3n Espace Sainte-Bernadette es un lugar donde la gente puede ir a orar por los enfermos y por la paz, est\u00e1 ubicado en las afueras de Lourdes, Francia. Fue construido en 1989 y alberga muchos objetos religiosos diferentes, como esculturas, pinturas, mosaicos y vidrieras. Este lugar est\u00e1 abierto a todos los que deseen visitarlo, pero hay algunas reglas que deben seguirse: los visitantes no pueden usar faldas cortas o pantalones cortos; tampoco pueden fumar ni beber alcohol en las instalaciones.<\/span><\/p>\n<h3><b>Camino de la Cruz<\/b><\/h3>\n<p><span style=\"font-weight: 400;\">Lourdes es una ciudad en el sur de Francia que es famosa por el V\u00eda Crucis, que los peregrinos recorren para honrar a Jesucristo. El V\u00eda Crucis de Lourdes ha sido un importante lugar de peregrinaci\u00f3n desde 1858. Atrae a millones de visitantes cada a\u00f1o.<\/span><\/p>\n<p><span style=\"font-weight: 400;\">La caracter\u00edstica m\u00e1s notable del V\u00eda Crucis es una serie de 14 estaciones o &#8220;paradas&#8221; a lo largo de la ruta. La primera estaci\u00f3n est\u00e1 ubicada en Notre-Dame de Lourdes, y cada estaci\u00f3n subsiguiente conduce a otra iglesia o capilla con una estatua que representa un momento de la historia de la Pasi\u00f3n de Jes\u00fas.<\/span><\/p>\n<p><span style=\"font-weight: 400;\">Como puede ver este tour privado abraza diferentes puntos de inter\u00e9s, Lourdes una hermosa ciudad en Francia llena de historia y religi\u00f3n reconocida a nivel mundial, no dude en conocer m\u00e1s de Toulouse con nuestros <\/span><a href=\"https:\/\/tourtravelandmore.com\/es\/ciudad\/francia\/toulouse-sp\/\"><span style=\"font-weight: 400;\">tours privados en este destino franc\u00e9s, ser\u00e1 una experiencia inimaginable.<\/span><\/a><\/p>\n","protected":false},"excerpt":{"rendered":"<p><span style=\"font-weight: 400;\">El <strong>tour privado a Lourdes desde Toulouse<\/strong> es perfecto para aquellos que buscan una experiencia completamente adaptada a sus necesidades. Este recorrido lo llevar\u00e1 all\u00ed con estilo, con su propio chofer y un gu\u00eda privado que le mostrar\u00e1 todos los sitios de inter\u00e9s.<\/span><\/p>\n","protected":false},"featured_media":141748,"comment_status":"open","ping_status":"closed","template":"","meta":{"_acf_changed":false},"product_brand":[],"product_cat":[1592,3629,3936],"product_tag":[],"class_list":{"0":"post-141723","1":"product","2":"type-product","3":"status-publish","4":"has-post-thumbnail","6":"product_cat-francia","7":"product_cat-toulouse-sp","8":"product_cat-toulouse-tours-privados-es","10":"first","11":"instock","12":"shipping-taxable","13":"purchasable","14":"product-type-simple"},"acf":[],"yoast_head":"<!-- This site is optimized with the Yoast SEO Premium plugin v25.3.1 (Yoast SEO v25.3.1) - https:\/\/yoast.com\/wordpress\/plugins\/seo\/ -->\n<title>\u27a1\ufe0f Tour Privado a Lourdes desde Toulouse | Tour Travel &amp; More<\/title>\n<meta name=\"description\" content=\"Reserve ya este tour privado a Lourdes desde Toulouse, ser\u00e1 una experiencia inimaginable que no puede perderse \u2705\" \/>\n<meta name=\"robots\" content=\"index, follow, max-snippet:-1, max-image-preview:large, max-video-preview:-1\" \/>\n<link rel=\"canonical\" href=\"https:\/\/tourtravelandmore.com\/es\/tours\/francia\/toulouse-sp\/toulouse-tours-privados-es\/tour-privado-a-lourdes-desde-toulouse\/\" \/>\n<meta property=\"og:locale\" content=\"es_ES\" \/>\n<meta property=\"og:type\" content=\"article\" \/>\n<meta property=\"og:title\" content=\"Tour privado a Lourdes desde Toulouse\" \/>\n<meta property=\"og:description\" content=\"Reserve ya este tour privado a Lourdes desde Toulouse, ser\u00e1 una experiencia inimaginable que no puede perderse \u2705\" \/>\n<meta property=\"og:url\" content=\"https:\/\/tourtravelandmore.com\/es\/tours\/francia\/toulouse-sp\/toulouse-tours-privados-es\/tour-privado-a-lourdes-desde-toulouse\/\" \/>\n<meta property=\"og:site_name\" content=\"Tour Travel And More\" \/>\n<meta property=\"article:publisher\" content=\"https:\/\/www.facebook.com\/tourtravelandmore\/\" \/>\n<meta property=\"article:modified_time\" content=\"2022-10-25T01:47:16+00:00\" \/>\n<meta property=\"og:image\" content=\"https:\/\/tourtravelandmore.com\/wp-content\/uploads\/2022\/10\/image3-2.jpg\" \/>\n\t<meta property=\"og:image:width\" content=\"900\" \/>\n\t<meta property=\"og:image:height\" content=\"750\" \/>\n\t<meta property=\"og:image:type\" content=\"image\/jpeg\" \/>\n<meta name=\"twitter:card\" content=\"summary_large_image\" \/>\n<meta name=\"twitter:site\" content=\"@TourTravel_More\" \/>\n<meta name=\"twitter:label1\" content=\"Tiempo de lectura\" \/>\n\t<meta name=\"twitter:data1\" content=\"2 minutos\" \/>\n<script type=\"application\/ld+json\" class=\"yoast-schema-graph\">{\"@context\":\"https:\/\/schema.org\",\"@graph\":[{\"@type\":\"WebPage\",\"@id\":\"https:\/\/tourtravelandmore.com\/es\/tours\/francia\/toulouse-sp\/toulouse-tours-privados-es\/tour-privado-a-lourdes-desde-toulouse\/\",\"url\":\"https:\/\/tourtravelandmore.com\/es\/tours\/francia\/toulouse-sp\/toulouse-tours-privados-es\/tour-privado-a-lourdes-desde-toulouse\/\",\"name\":\"\u27a1\ufe0f Tour Privado a Lourdes desde Toulouse | Tour Travel & More\",\"isPartOf\":{\"@id\":\"https:\/\/tourtravelandmore.com\/es\/#website\"},\"primaryImageOfPage\":{\"@id\":\"https:\/\/tourtravelandmore.com\/es\/tours\/francia\/toulouse-sp\/toulouse-tours-privados-es\/tour-privado-a-lourdes-desde-toulouse\/#primaryimage\"},\"image\":{\"@id\":\"https:\/\/tourtravelandmore.com\/es\/tours\/francia\/toulouse-sp\/toulouse-tours-privados-es\/tour-privado-a-lourdes-desde-toulouse\/#primaryimage\"},\"thumbnailUrl\":\"https:\/\/tourtravelandmore.com\/wp-content\/uploads\/2022\/10\/image3-2.jpg\",\"datePublished\":\"2022-10-25T01:40:34+00:00\",\"dateModified\":\"2022-10-25T01:47:16+00:00\",\"description\":\"Reserve ya este tour privado a Lourdes desde Toulouse, ser\u00e1 una experiencia inimaginable que no puede perderse \u2705\",\"breadcrumb\":{\"@id\":\"https:\/\/tourtravelandmore.com\/es\/tours\/francia\/toulouse-sp\/toulouse-tours-privados-es\/tour-privado-a-lourdes-desde-toulouse\/#breadcrumb\"},\"inLanguage\":\"es\",\"potentialAction\":[{\"@type\":\"ReadAction\",\"target\":[\"https:\/\/tourtravelandmore.com\/es\/tours\/francia\/toulouse-sp\/toulouse-tours-privados-es\/tour-privado-a-lourdes-desde-toulouse\/\"]}]},{\"@type\":\"ImageObject\",\"inLanguage\":\"es\",\"@id\":\"https:\/\/tourtravelandmore.com\/es\/tours\/francia\/toulouse-sp\/toulouse-tours-privados-es\/tour-privado-a-lourdes-desde-toulouse\/#primaryimage\",\"url\":\"https:\/\/tourtravelandmore.com\/wp-content\/uploads\/2022\/10\/image3-2.jpg\",\"contentUrl\":\"https:\/\/tourtravelandmore.com\/wp-content\/uploads\/2022\/10\/image3-2.jpg\",\"width\":900,\"height\":750},{\"@type\":\"BreadcrumbList\",\"@id\":\"https:\/\/tourtravelandmore.com\/es\/tours\/francia\/toulouse-sp\/toulouse-tours-privados-es\/tour-privado-a-lourdes-desde-toulouse\/#breadcrumb\",\"itemListElement\":[{\"@type\":\"ListItem\",\"position\":1,\"name\":\"Home\",\"item\":\"https:\/\/tourtravelandmore.com\/es\/\"},{\"@type\":\"ListItem\",\"position\":2,\"name\":\"Tours\",\"item\":\"https:\/\/tourtravelandmore.com\/es\/tours\/\"},{\"@type\":\"ListItem\",\"position\":3,\"name\":\"Tour privado a Lourdes desde Toulouse\"}]},{\"@type\":\"WebSite\",\"@id\":\"https:\/\/tourtravelandmore.com\/es\/#website\",\"url\":\"https:\/\/tourtravelandmore.com\/es\/\",\"name\":\"Tour Travel And More\",\"description\":\"Private sightseeing tours and luxury transfers in Spain\",\"publisher\":{\"@id\":\"https:\/\/tourtravelandmore.com\/es\/#organization\"},\"potentialAction\":[{\"@type\":\"SearchAction\",\"target\":{\"@type\":\"EntryPoint\",\"urlTemplate\":\"https:\/\/tourtravelandmore.com\/es\/?s={search_term_string}\"},\"query-input\":{\"@type\":\"PropertyValueSpecification\",\"valueRequired\":true,\"valueName\":\"search_term_string\"}}],\"inLanguage\":\"es\"},{\"@type\":\"Organization\",\"@id\":\"https:\/\/tourtravelandmore.com\/es\/#organization\",\"name\":\"Tour Travel And More\",\"url\":\"https:\/\/tourtravelandmore.com\/es\/\",\"logo\":{\"@type\":\"ImageObject\",\"inLanguage\":\"es\",\"@id\":\"https:\/\/tourtravelandmore.com\/es\/#\/schema\/logo\/image\/\",\"url\":\"https:\/\/tourtravelandmore.com\/wp-content\/uploads\/2022\/12\/cropped-logo-cabecera-new.png\",\"contentUrl\":\"https:\/\/tourtravelandmore.com\/wp-content\/uploads\/2022\/12\/cropped-logo-cabecera-new.png\",\"width\":430,\"height\":61,\"caption\":\"Tour Travel And More\"},\"image\":{\"@id\":\"https:\/\/tourtravelandmore.com\/es\/#\/schema\/logo\/image\/\"},\"sameAs\":[\"https:\/\/www.facebook.com\/tourtravelandmore\/\",\"https:\/\/x.com\/TourTravel_More\"]}]}<\/script>\n<!-- \/ Yoast SEO Premium plugin. -->","yoast_head_json":{"title":"\u27a1\ufe0f Tour Privado a Lourdes desde Toulouse | Tour Travel & More","description":"Reserve ya este tour privado a Lourdes desde Toulouse, ser\u00e1 una experiencia inimaginable que no puede perderse \u2705","robots":{"index":"index","follow":"follow","max-snippet":"max-snippet:-1","max-image-preview":"max-image-preview:large","max-video-preview":"max-video-preview:-1"},"canonical":"https:\/\/tourtravelandmore.com\/es\/tours\/francia\/toulouse-sp\/toulouse-tours-privados-es\/tour-privado-a-lourdes-desde-toulouse\/","og_locale":"es_ES","og_type":"article","og_title":"Tour privado a Lourdes desde Toulouse","og_description":"Reserve ya este tour privado a Lourdes desde Toulouse, ser\u00e1 una experiencia inimaginable que no puede perderse \u2705","og_url":"https:\/\/tourtravelandmore.com\/es\/tours\/francia\/toulouse-sp\/toulouse-tours-privados-es\/tour-privado-a-lourdes-desde-toulouse\/","og_site_name":"Tour Travel And More","article_publisher":"https:\/\/www.facebook.com\/tourtravelandmore\/","article_modified_time":"2022-10-25T01:47:16+00:00","og_image":[{"width":900,"height":750,"url":"https:\/\/tourtravelandmore.com\/wp-content\/uploads\/2022\/10\/image3-2.jpg","type":"image\/jpeg"}],"twitter_card":"summary_large_image","twitter_site":"@TourTravel_More","twitter_misc":{"Tiempo de lectura":"2 minutos"},"schema":{"@context":"https:\/\/schema.org","@graph":[{"@type":"WebPage","@id":"https:\/\/tourtravelandmore.com\/es\/tours\/francia\/toulouse-sp\/toulouse-tours-privados-es\/tour-privado-a-lourdes-desde-toulouse\/","url":"https:\/\/tourtravelandmore.com\/es\/tours\/francia\/toulouse-sp\/toulouse-tours-privados-es\/tour-privado-a-lourdes-desde-toulouse\/","name":"\u27a1\ufe0f Tour Privado a Lourdes desde Toulouse | Tour Travel & More","isPartOf":{"@id":"https:\/\/tourtravelandmore.com\/es\/#website"},"primaryImageOfPage":{"@id":"https:\/\/tourtravelandmore.com\/es\/tours\/francia\/toulouse-sp\/toulouse-tours-privados-es\/tour-privado-a-lourdes-desde-toulouse\/#primaryimage"},"image":{"@id":"https:\/\/tourtravelandmore.com\/es\/tours\/francia\/toulouse-sp\/toulouse-tours-privados-es\/tour-privado-a-lourdes-desde-toulouse\/#primaryimage"},"thumbnailUrl":"https:\/\/tourtravelandmore.com\/wp-content\/uploads\/2022\/10\/image3-2.jpg","datePublished":"2022-10-25T01:40:34+00:00","dateModified":"2022-10-25T01:47:16+00:00","description":"Reserve ya este tour privado a Lourdes desde Toulouse, ser\u00e1 una experiencia inimaginable que no puede perderse \u2705","breadcrumb":{"@id":"https:\/\/tourtravelandmore.com\/es\/tours\/francia\/toulouse-sp\/toulouse-tours-privados-es\/tour-privado-a-lourdes-desde-toulouse\/#breadcrumb"},"inLanguage":"es","potentialAction":[{"@type":"ReadAction","target":["https:\/\/tourtravelandmore.com\/es\/tours\/francia\/toulouse-sp\/toulouse-tours-privados-es\/tour-privado-a-lourdes-desde-toulouse\/"]}]},{"@type":"ImageObject","inLanguage":"es","@id":"https:\/\/tourtravelandmore.com\/es\/tours\/francia\/toulouse-sp\/toulouse-tours-privados-es\/tour-privado-a-lourdes-desde-toulouse\/#primaryimage","url":"https:\/\/tourtravelandmore.com\/wp-content\/uploads\/2022\/10\/image3-2.jpg","contentUrl":"https:\/\/tourtravelandmore.com\/wp-content\/uploads\/2022\/10\/image3-2.jpg","width":900,"height":750},{"@type":"BreadcrumbList","@id":"https:\/\/tourtravelandmore.com\/es\/tours\/francia\/toulouse-sp\/toulouse-tours-privados-es\/tour-privado-a-lourdes-desde-toulouse\/#breadcrumb","itemListElement":[{"@type":"ListItem","position":1,"name":"Home","item":"https:\/\/tourtravelandmore.com\/es\/"},{"@type":"ListItem","position":2,"name":"Tours","item":"https:\/\/tourtravelandmore.com\/es\/tours\/"},{"@type":"ListItem","position":3,"name":"Tour privado a Lourdes desde Toulouse"}]},{"@type":"WebSite","@id":"https:\/\/tourtravelandmore.com\/es\/#website","url":"https:\/\/tourtravelandmore.com\/es\/","name":"Tour Travel And More","description":"Private sightseeing tours and luxury transfers in Spain","publisher":{"@id":"https:\/\/tourtravelandmore.com\/es\/#organization"},"potentialAction":[{"@type":"SearchAction","target":{"@type":"EntryPoint","urlTemplate":"https:\/\/tourtravelandmore.com\/es\/?s={search_term_string}"},"query-input":{"@type":"PropertyValueSpecification","valueRequired":true,"valueName":"search_term_string"}}],"inLanguage":"es"},{"@type":"Organization","@id":"https:\/\/tourtravelandmore.com\/es\/#organization","name":"Tour Travel And More","url":"https:\/\/tourtravelandmore.com\/es\/","logo":{"@type":"ImageObject","inLanguage":"es","@id":"https:\/\/tourtravelandmore.com\/es\/#\/schema\/logo\/image\/","url":"https:\/\/tourtravelandmore.com\/wp-content\/uploads\/2022\/12\/cropped-logo-cabecera-new.png","contentUrl":"https:\/\/tourtravelandmore.com\/wp-content\/uploads\/2022\/12\/cropped-logo-cabecera-new.png","width":430,"height":61,"caption":"Tour Travel And More"},"image":{"@id":"https:\/\/tourtravelandmore.com\/es\/#\/schema\/logo\/image\/"},"sameAs":["https:\/\/www.facebook.com\/tourtravelandmore\/","https:\/\/x.com\/TourTravel_More"]}]}},"_links":{"self":[{"href":"https:\/\/tourtravelandmore.com\/es\/wp-json\/wp\/v2\/product\/141723","targetHints":{"allow":["GET"]}}],"collection":[{"href":"https:\/\/tourtravelandmore.com\/es\/wp-json\/wp\/v2\/product"}],"about":[{"href":"https:\/\/tourtravelandmore.com\/es\/wp-json\/wp\/v2\/types\/product"}],"replies":[{"embeddable":true,"href":"https:\/\/tourtravelandmore.com\/es\/wp-json\/wp\/v2\/comments?post=141723"}],"wp:featuredmedia":[{"embeddable":true,"href":"https:\/\/tourtravelandmore.com\/es\/wp-json\/wp\/v2\/media\/141748"}],"wp:attachment":[{"href":"https:\/\/tourtravelandmore.com\/es\/wp-json\/wp\/v2\/media?parent=141723"}],"wp:term":[{"taxonomy":"product_brand","embeddable":true,"href":"https:\/\/tourtravelandmore.com\/es\/wp-json\/wp\/v2\/product_brand?post=141723"},{"taxonomy":"product_cat","embeddable":true,"href":"https:\/\/tourtravelandmore.com\/es\/wp-json\/wp\/v2\/product_cat?post=141723"},{"taxonomy":"product_tag","embeddable":true,"href":"https:\/\/tourtravelandmore.com\/es\/wp-json\/wp\/v2\/product_tag?post=141723"}],"curies":[{"name":"wp","href":"https:\/\/api.w.org\/{rel}","templated":true}]}}