{"id":141696,"date":"2022-10-25T03:07:54","date_gmt":"2022-10-25T01:07:55","guid":{"rendered":"https:\/\/tourtravelandmore.com\/?post_type=product&#038;p=141696"},"modified":"2022-10-25T03:26:50","modified_gmt":"2022-10-25T01:26:50","slug":"traslado-privado-toulouse","status":"publish","type":"product","link":"https:\/\/tourtravelandmore.com\/es\/tours\/francia\/toulouse-sp\/traslado-privado-toulouse\/","title":{"rendered":"Traslado privado Toulouse"},"content":{"rendered":"<h2><b>Descripci\u00f3n del traslado privado en Toulouse<\/b><\/h2>\n<p><span style=\"font-weight: 400;\">Haga un viaje sin preocupaciones en nuestro lujoso veh\u00edculo, ll\u00e1menos para un traslado privado y listo.<\/span><\/p>\n<p><span style=\"font-weight: 400;\">Ofrecemos una amplia gama de traslados desde\/hacia Toulouse. Ofrecemos traslados privados desde\/hacia todos los aeropuertos o estaciones de tren en Toulouse. Tambi\u00e9n ofrecemos traslados a otras ciudades de Francia y la puesta a disposici\u00f3n de un coche privado con conductor en todo Toulouse y sus alrededores.<\/span><\/p>\n<p><span style=\"font-weight: 400;\">Si reserva un traslado de llegada, nuestro conductor lo estar\u00e1 esperando en la terminal de llegadas con un cartel con su nombre. Durante los arribos nuestros choferes monitorean el horario de aterrizaje del vuelo, por lo que no tendr\u00e1 que preocuparse en caso de demoras en su vuelo.<\/span><\/p>\n<h2><b>Puntos de intereses en el traslado privado Toulouse<\/b><\/h2>\n<p><span style=\"font-weight: 400;\">Toulouse es un destino tur\u00edstico muy importante en Francia, con un pasado culturalmente rico y variado. Adem\u00e1s de esto, ofrece cocina de alta calidad, moda y oportunidades de lujo. Toulouse es una ciudad hist\u00f3rica con muchos atractivos para todos sus visitantes.<\/span><\/p>\n<p><span style=\"font-weight: 400;\">Durante los traslados privados en Toulouse, no tenemos un l\u00edmite en la cantidad de equipaje que puede llevar con usted. Si no est\u00e1 seguro de si su equipaje puede exceder nuestra capacidad, lo mejor es que se comunique con nosotros antes y nos informe de sus necesidades espec\u00edficas. Todos nuestros traslados son llevados a cabo en veh\u00edculos privados de lujo.<\/span><\/p>\n<p><span style=\"font-weight: 400;\">Puede solicitar un asiento para beb\u00e9s o ni\u00f1os en cualquier momento antes de su viaje y nos encargaremos de que se hagan los arreglos para usted.<\/span><\/p>\n<p><span style=\"font-weight: 400;\">Si le gustar\u00eda conocer m\u00e1s de Toulouse y sus puntos de inter\u00e9s, le recomendamos que revise nuestro<\/span> <a href=\"https:\/\/tourtravelandmore.com\/es\/ciudad\/francia\/toulouse-sp\/\"><span style=\"font-weight: 400;\">listado de tours privados en Toulouse.<\/span><\/a><\/p>\n","protected":false},"excerpt":{"rendered":"<p><span style=\"font-weight: 400;\">Toulouse es una ciudad hermosa y ofrece muchas oportunidades para los viajeros. Ya sea que est\u00e9 buscando un <strong>traslado privado<\/strong>, un recorrido o simplemente quiera disfrutar del viaje, hay muchas opciones.<\/span><\/p>\n","protected":false},"featured_media":118457,"comment_status":"open","ping_status":"closed","template":"","meta":{"_acf_changed":false},"product_brand":[],"product_cat":[1592,3629],"product_tag":[],"class_list":{"0":"post-141696","1":"product","2":"type-product","3":"status-publish","4":"has-post-thumbnail","6":"product_cat-francia","7":"product_cat-toulouse-sp","9":"first","10":"instock","11":"shipping-taxable","12":"purchasable","13":"product-type-simple"},"acf":[],"yoast_head":"<!-- This site is optimized with the Yoast SEO Premium plugin v25.3.1 (Yoast SEO v25.3.1) - https:\/\/yoast.com\/wordpress\/plugins\/seo\/ -->\n<title>\u27a1\ufe0f Traslado Privado Toulouse | Tour Travel &amp; More<\/title>\n<meta name=\"description\" content=\"Reserva ya este traslado privado en Toulouse desde y hacia cualquier sitio. Ser\u00e1 una experiencia de lujo y sumamente c\u00f3moda \u2705\" \/>\n<meta name=\"robots\" content=\"index, follow, max-snippet:-1, max-image-preview:large, max-video-preview:-1\" \/>\n<link rel=\"canonical\" href=\"https:\/\/tourtravelandmore.com\/es\/tours\/francia\/toulouse-sp\/traslado-privado-toulouse\/\" \/>\n<meta property=\"og:locale\" content=\"es_ES\" \/>\n<meta property=\"og:type\" content=\"article\" \/>\n<meta property=\"og:title\" content=\"Traslado privado Toulouse\" \/>\n<meta property=\"og:description\" content=\"Reserva ya este traslado privado en Toulouse desde y hacia cualquier sitio. Ser\u00e1 una experiencia de lujo y sumamente c\u00f3moda \u2705\" \/>\n<meta property=\"og:url\" content=\"https:\/\/tourtravelandmore.com\/es\/tours\/francia\/toulouse-sp\/traslado-privado-toulouse\/\" \/>\n<meta property=\"og:site_name\" content=\"Tour Travel And More\" \/>\n<meta property=\"article:publisher\" content=\"https:\/\/www.facebook.com\/tourtravelandmore\/\" \/>\n<meta property=\"article:modified_time\" content=\"2022-10-25T01:26:50+00:00\" \/>\n<meta property=\"og:image\" content=\"https:\/\/tourtravelandmore.com\/wp-content\/uploads\/2022\/01\/mercedes.jpg\" \/>\n\t<meta property=\"og:image:width\" content=\"2400\" \/>\n\t<meta property=\"og:image:height\" content=\"1600\" \/>\n\t<meta property=\"og:image:type\" content=\"image\/jpeg\" \/>\n<meta name=\"twitter:card\" content=\"summary_large_image\" \/>\n<meta name=\"twitter:site\" content=\"@TourTravel_More\" \/>\n<meta name=\"twitter:label1\" content=\"Tiempo de lectura\" \/>\n\t<meta name=\"twitter:data1\" content=\"2 minutos\" \/>\n<script type=\"application\/ld+json\" class=\"yoast-schema-graph\">{\"@context\":\"https:\/\/schema.org\",\"@graph\":[{\"@type\":\"WebPage\",\"@id\":\"https:\/\/tourtravelandmore.com\/es\/tours\/francia\/toulouse-sp\/traslado-privado-toulouse\/\",\"url\":\"https:\/\/tourtravelandmore.com\/es\/tours\/francia\/toulouse-sp\/traslado-privado-toulouse\/\",\"name\":\"\u27a1\ufe0f Traslado Privado Toulouse | Tour Travel & More\",\"isPartOf\":{\"@id\":\"https:\/\/tourtravelandmore.com\/es\/#website\"},\"primaryImageOfPage\":{\"@id\":\"https:\/\/tourtravelandmore.com\/es\/tours\/francia\/toulouse-sp\/traslado-privado-toulouse\/#primaryimage\"},\"image\":{\"@id\":\"https:\/\/tourtravelandmore.com\/es\/tours\/francia\/toulouse-sp\/traslado-privado-toulouse\/#primaryimage\"},\"thumbnailUrl\":\"https:\/\/tourtravelandmore.com\/wp-content\/uploads\/2022\/01\/mercedes.jpg\",\"datePublished\":\"2022-10-25T01:07:55+00:00\",\"dateModified\":\"2022-10-25T01:26:50+00:00\",\"description\":\"Reserva ya este traslado privado en Toulouse desde y hacia cualquier sitio. Ser\u00e1 una experiencia de lujo y sumamente c\u00f3moda \u2705\",\"breadcrumb\":{\"@id\":\"https:\/\/tourtravelandmore.com\/es\/tours\/francia\/toulouse-sp\/traslado-privado-toulouse\/#breadcrumb\"},\"inLanguage\":\"es\",\"potentialAction\":[{\"@type\":\"ReadAction\",\"target\":[\"https:\/\/tourtravelandmore.com\/es\/tours\/francia\/toulouse-sp\/traslado-privado-toulouse\/\"]}]},{\"@type\":\"ImageObject\",\"inLanguage\":\"es\",\"@id\":\"https:\/\/tourtravelandmore.com\/es\/tours\/francia\/toulouse-sp\/traslado-privado-toulouse\/#primaryimage\",\"url\":\"https:\/\/tourtravelandmore.com\/wp-content\/uploads\/2022\/01\/mercedes.jpg\",\"contentUrl\":\"https:\/\/tourtravelandmore.com\/wp-content\/uploads\/2022\/01\/mercedes.jpg\",\"width\":2400,\"height\":1600},{\"@type\":\"BreadcrumbList\",\"@id\":\"https:\/\/tourtravelandmore.com\/es\/tours\/francia\/toulouse-sp\/traslado-privado-toulouse\/#breadcrumb\",\"itemListElement\":[{\"@type\":\"ListItem\",\"position\":1,\"name\":\"Home\",\"item\":\"https:\/\/tourtravelandmore.com\/es\/\"},{\"@type\":\"ListItem\",\"position\":2,\"name\":\"Tours\",\"item\":\"https:\/\/tourtravelandmore.com\/es\/tours\/\"},{\"@type\":\"ListItem\",\"position\":3,\"name\":\"Traslado privado Toulouse\"}]},{\"@type\":\"WebSite\",\"@id\":\"https:\/\/tourtravelandmore.com\/es\/#website\",\"url\":\"https:\/\/tourtravelandmore.com\/es\/\",\"name\":\"Tour Travel And More\",\"description\":\"Private sightseeing tours and luxury transfers in Spain\",\"publisher\":{\"@id\":\"https:\/\/tourtravelandmore.com\/es\/#organization\"},\"potentialAction\":[{\"@type\":\"SearchAction\",\"target\":{\"@type\":\"EntryPoint\",\"urlTemplate\":\"https:\/\/tourtravelandmore.com\/es\/?s={search_term_string}\"},\"query-input\":{\"@type\":\"PropertyValueSpecification\",\"valueRequired\":true,\"valueName\":\"search_term_string\"}}],\"inLanguage\":\"es\"},{\"@type\":\"Organization\",\"@id\":\"https:\/\/tourtravelandmore.com\/es\/#organization\",\"name\":\"Tour Travel And More\",\"url\":\"https:\/\/tourtravelandmore.com\/es\/\",\"logo\":{\"@type\":\"ImageObject\",\"inLanguage\":\"es\",\"@id\":\"https:\/\/tourtravelandmore.com\/es\/#\/schema\/logo\/image\/\",\"url\":\"https:\/\/tourtravelandmore.com\/wp-content\/uploads\/2022\/12\/cropped-logo-cabecera-new.png\",\"contentUrl\":\"https:\/\/tourtravelandmore.com\/wp-content\/uploads\/2022\/12\/cropped-logo-cabecera-new.png\",\"width\":430,\"height\":61,\"caption\":\"Tour Travel And More\"},\"image\":{\"@id\":\"https:\/\/tourtravelandmore.com\/es\/#\/schema\/logo\/image\/\"},\"sameAs\":[\"https:\/\/www.facebook.com\/tourtravelandmore\/\",\"https:\/\/x.com\/TourTravel_More\"]}]}<\/script>\n<!-- \/ Yoast SEO Premium plugin. -->","yoast_head_json":{"title":"\u27a1\ufe0f Traslado Privado Toulouse | Tour Travel & More","description":"Reserva ya este traslado privado en Toulouse desde y hacia cualquier sitio. Ser\u00e1 una experiencia de lujo y sumamente c\u00f3moda \u2705","robots":{"index":"index","follow":"follow","max-snippet":"max-snippet:-1","max-image-preview":"max-image-preview:large","max-video-preview":"max-video-preview:-1"},"canonical":"https:\/\/tourtravelandmore.com\/es\/tours\/francia\/toulouse-sp\/traslado-privado-toulouse\/","og_locale":"es_ES","og_type":"article","og_title":"Traslado privado Toulouse","og_description":"Reserva ya este traslado privado en Toulouse desde y hacia cualquier sitio. Ser\u00e1 una experiencia de lujo y sumamente c\u00f3moda \u2705","og_url":"https:\/\/tourtravelandmore.com\/es\/tours\/francia\/toulouse-sp\/traslado-privado-toulouse\/","og_site_name":"Tour Travel And More","article_publisher":"https:\/\/www.facebook.com\/tourtravelandmore\/","article_modified_time":"2022-10-25T01:26:50+00:00","og_image":[{"width":2400,"height":1600,"url":"https:\/\/tourtravelandmore.com\/wp-content\/uploads\/2022\/01\/mercedes.jpg","type":"image\/jpeg"}],"twitter_card":"summary_large_image","twitter_site":"@TourTravel_More","twitter_misc":{"Tiempo de lectura":"2 minutos"},"schema":{"@context":"https:\/\/schema.org","@graph":[{"@type":"WebPage","@id":"https:\/\/tourtravelandmore.com\/es\/tours\/francia\/toulouse-sp\/traslado-privado-toulouse\/","url":"https:\/\/tourtravelandmore.com\/es\/tours\/francia\/toulouse-sp\/traslado-privado-toulouse\/","name":"\u27a1\ufe0f Traslado Privado Toulouse | Tour Travel & More","isPartOf":{"@id":"https:\/\/tourtravelandmore.com\/es\/#website"},"primaryImageOfPage":{"@id":"https:\/\/tourtravelandmore.com\/es\/tours\/francia\/toulouse-sp\/traslado-privado-toulouse\/#primaryimage"},"image":{"@id":"https:\/\/tourtravelandmore.com\/es\/tours\/francia\/toulouse-sp\/traslado-privado-toulouse\/#primaryimage"},"thumbnailUrl":"https:\/\/tourtravelandmore.com\/wp-content\/uploads\/2022\/01\/mercedes.jpg","datePublished":"2022-10-25T01:07:55+00:00","dateModified":"2022-10-25T01:26:50+00:00","description":"Reserva ya este traslado privado en Toulouse desde y hacia cualquier sitio. Ser\u00e1 una experiencia de lujo y sumamente c\u00f3moda \u2705","breadcrumb":{"@id":"https:\/\/tourtravelandmore.com\/es\/tours\/francia\/toulouse-sp\/traslado-privado-toulouse\/#breadcrumb"},"inLanguage":"es","potentialAction":[{"@type":"ReadAction","target":["https:\/\/tourtravelandmore.com\/es\/tours\/francia\/toulouse-sp\/traslado-privado-toulouse\/"]}]},{"@type":"ImageObject","inLanguage":"es","@id":"https:\/\/tourtravelandmore.com\/es\/tours\/francia\/toulouse-sp\/traslado-privado-toulouse\/#primaryimage","url":"https:\/\/tourtravelandmore.com\/wp-content\/uploads\/2022\/01\/mercedes.jpg","contentUrl":"https:\/\/tourtravelandmore.com\/wp-content\/uploads\/2022\/01\/mercedes.jpg","width":2400,"height":1600},{"@type":"BreadcrumbList","@id":"https:\/\/tourtravelandmore.com\/es\/tours\/francia\/toulouse-sp\/traslado-privado-toulouse\/#breadcrumb","itemListElement":[{"@type":"ListItem","position":1,"name":"Home","item":"https:\/\/tourtravelandmore.com\/es\/"},{"@type":"ListItem","position":2,"name":"Tours","item":"https:\/\/tourtravelandmore.com\/es\/tours\/"},{"@type":"ListItem","position":3,"name":"Traslado privado Toulouse"}]},{"@type":"WebSite","@id":"https:\/\/tourtravelandmore.com\/es\/#website","url":"https:\/\/tourtravelandmore.com\/es\/","name":"Tour Travel And More","description":"Private sightseeing tours and luxury transfers in Spain","publisher":{"@id":"https:\/\/tourtravelandmore.com\/es\/#organization"},"potentialAction":[{"@type":"SearchAction","target":{"@type":"EntryPoint","urlTemplate":"https:\/\/tourtravelandmore.com\/es\/?s={search_term_string}"},"query-input":{"@type":"PropertyValueSpecification","valueRequired":true,"valueName":"search_term_string"}}],"inLanguage":"es"},{"@type":"Organization","@id":"https:\/\/tourtravelandmore.com\/es\/#organization","name":"Tour Travel And More","url":"https:\/\/tourtravelandmore.com\/es\/","logo":{"@type":"ImageObject","inLanguage":"es","@id":"https:\/\/tourtravelandmore.com\/es\/#\/schema\/logo\/image\/","url":"https:\/\/tourtravelandmore.com\/wp-content\/uploads\/2022\/12\/cropped-logo-cabecera-new.png","contentUrl":"https:\/\/tourtravelandmore.com\/wp-content\/uploads\/2022\/12\/cropped-logo-cabecera-new.png","width":430,"height":61,"caption":"Tour Travel And More"},"image":{"@id":"https:\/\/tourtravelandmore.com\/es\/#\/schema\/logo\/image\/"},"sameAs":["https:\/\/www.facebook.com\/tourtravelandmore\/","https:\/\/x.com\/TourTravel_More"]}]}},"_links":{"self":[{"href":"https:\/\/tourtravelandmore.com\/es\/wp-json\/wp\/v2\/product\/141696","targetHints":{"allow":["GET"]}}],"collection":[{"href":"https:\/\/tourtravelandmore.com\/es\/wp-json\/wp\/v2\/product"}],"about":[{"href":"https:\/\/tourtravelandmore.com\/es\/wp-json\/wp\/v2\/types\/product"}],"replies":[{"embeddable":true,"href":"https:\/\/tourtravelandmore.com\/es\/wp-json\/wp\/v2\/comments?post=141696"}],"wp:featuredmedia":[{"embeddable":true,"href":"https:\/\/tourtravelandmore.com\/es\/wp-json\/wp\/v2\/media\/118457"}],"wp:attachment":[{"href":"https:\/\/tourtravelandmore.com\/es\/wp-json\/wp\/v2\/media?parent=141696"}],"wp:term":[{"taxonomy":"product_brand","embeddable":true,"href":"https:\/\/tourtravelandmore.com\/es\/wp-json\/wp\/v2\/product_brand?post=141696"},{"taxonomy":"product_cat","embeddable":true,"href":"https:\/\/tourtravelandmore.com\/es\/wp-json\/wp\/v2\/product_cat?post=141696"},{"taxonomy":"product_tag","embeddable":true,"href":"https:\/\/tourtravelandmore.com\/es\/wp-json\/wp\/v2\/product_tag?post=141696"}],"curies":[{"name":"wp","href":"https:\/\/api.w.org\/{rel}","templated":true}]}}