{"id":141666,"date":"2022-10-25T02:39:43","date_gmt":"2022-10-25T00:39:46","guid":{"rendered":"https:\/\/tourtravelandmore.com\/?post_type=product&#038;p=141666"},"modified":"2022-10-25T02:56:07","modified_gmt":"2022-10-25T00:56:07","slug":"tour-privado-a-carcassone-desde-toulouse","status":"publish","type":"product","link":"https:\/\/tourtravelandmore.com\/es\/tours\/francia\/toulouse-sp\/toulouse-tours-privados-es\/tour-privado-a-carcassone-desde-toulouse\/","title":{"rendered":"Tour privado a Carcassone desde Toulouse"},"content":{"rendered":"<h2><b>Descripci\u00f3n del Tour privado a Carcassone desde Toulouse\u00a0<\/b><\/h2>\n<p><span style=\"font-weight: 400;\">La Carcassonne es una ciudad medieval en el r\u00edo Aude en Languedoc. Es famosa por su Cit\u00e9 de Carcassonne, una fortaleza medieval y una de las m\u00e1s grandes de Europa.<\/span><\/p>\n<p><span style=\"font-weight: 400;\">Este tour privado lo llevar\u00e1 a los sitios m\u00e1s pintorescos e hist\u00f3ricos de Carcassonne. El recorrido de 8 horas incluye un veh\u00edculo privado y un gu\u00eda para que lo lleve, para que pueda disfrutar de su tiempo sin preocuparse por conducir o navegar.<\/span><\/p>\n<p><span style=\"font-weight: 400;\">Recuerde que este tour privado es completamente personalizable, si necesita m\u00e1s tiempo o quiere conocer m\u00e1s lugares de inter\u00e9s p\u00f3ngase en contacto con nuestros para hacer sus deseos realidad.<\/span><\/p>\n<p><span style=\"font-weight: 400;\">El recorrido privado comienza reuni\u00e9ndose con su conductor y veh\u00edculo privado de lujo en su sitio de hospedaje o punto de su elecci\u00f3n en Toulouse, una vez reunidos comenzar\u00e1 la aventura para visitar Carcassone, sitio imperdible si visita Toulouse.<\/span><\/p>\n<h2><b>Puntos de inter\u00e9s el Tour privado a Carcassone desde Toulouse\u00a0<\/b><\/h2>\n<p><span style=\"font-weight: 400;\">La mejor manera de ver la hermosa regi\u00f3n de Languedoc-Roussillon es tomando un tour privado. Tour Travel &amp; More le ofrece una oportunidad \u00fanica de conocer todos los puntos imperdibles de Carcassonne. Su gu\u00eda privado le mostrar\u00e1 y explicar\u00e1 la historia de cada uno de los sitios de inter\u00e9s que identifican este hermoso destino, aqu\u00ed le enlistamos los puntos que visitaremos en esta aventura completamente privada:<\/span><\/p>\n<h3><b>Ciudadela de Carcasona<\/b><\/h3>\n<p><span style=\"font-weight: 400;\">La Ciudadela de Carcassonne fue construida en el siglo XII y se ha usado para una variedad de prop\u00f3sitos, incluso como prisi\u00f3n. La ciudadela es m\u00e1s famosa por ser una prisi\u00f3n y es donde muchas personas fueron encarceladas durante la Segunda Guerra Mundial.<\/span><\/p>\n<h3><b>Porte Narbonaise<\/b><\/h3>\n<p><span style=\"font-weight: 400;\">La Porte Narbonaise es una puerta de la ciudad que fue construida por los romanos a finales del siglo III. Se encuentra en Cascassona, un pueblo en Languedoc-Roussillon, Francia.<\/span><\/p>\n<p><span style=\"font-weight: 400;\">Esta puerta fue construida para defender la ciudad de los invasores y sigue en pie como s\u00edmbolo de poder y autoridad.<\/span><\/p>\n<h3><b>Castillo de Carcasona (no incluye entradas)<\/b><\/h3>\n<p><span style=\"font-weight: 400;\">El Castillo de Carcassonne es uno de los castillos m\u00e1s famosos de Francia. Es una fortaleza medieval situada en la cima de una colina con vistas al r\u00edo Aude.<\/span><\/p>\n<p><span style=\"font-weight: 400;\">El castillo fue construido en el siglo XI por el conde Roger I, vasallo de Guillermo III, duque de Aquitania. El castillo fue sitiado por el rey Luis VII y su hijo, el rey Felipe II, en 1173 y luego capturado por el rey Pedro II de Arag\u00f3n en 1213. El castillo ha sido sitiado muchas veces a lo largo de los siglos y nunca ha sido tomado, es famoso por su belleza y su historia, adem\u00e1s de ser una de las fortalezas medievales m\u00e1s importantes de Europa.<\/span><\/p>\n<h3><b>Murallas de Carcasona<\/b><\/h3>\n<p><span style=\"font-weight: 400;\">Las murallas de Carcasona son famosas por sus fortificaciones medievales. Est\u00e1n clasificados entre los monumentos medievales m\u00e1s importantes de Francia.<\/span><\/p>\n<p><span style=\"font-weight: 400;\">La primera muralla de la ciudad fue construida por los romanos en el siglo III, mientras que la segunda fue construida por los visigodos en el a\u00f1o 584. La muralla actual data del siglo XIII y es producto de una larga evoluci\u00f3n.<\/span><\/p>\n<h3><b>Castillo Condal de Carcasona<\/b><\/h3>\n<p><span style=\"font-weight: 400;\">El Castillo Condal de Carcassonne es un castillo muy conocido en el sur de Francia. Fue construido en 885 por el conde de Tolosa, Raimundo IV, y su esposa, Guilla de Barcelona.<\/span><\/p>\n<p><span style=\"font-weight: 400;\">El castillo ha sido asediado muchas veces desde su construcci\u00f3n. El asedio m\u00e1s famoso fue de 1209 a 1211 cuando Sim\u00f3n de Montfort asedi\u00f3 el castillo y lo conquist\u00f3.<\/span><\/p>\n<h3><b>bas\u00edlica de Sainte-Nazaire<\/b><\/h3>\n<p><span style=\"font-weight: 400;\">La Bas\u00edlica de Sainte-Nazaire es una bas\u00edlica cat\u00f3lica romana en Nantes, Francia. Es uno de los hitos m\u00e1s reconocibles de la ciudad.<\/span><\/p>\n<p><span style=\"font-weight: 400;\">La bas\u00edlica fue construida entre 1826 y 1843 como iglesia para la Congregaci\u00f3n de la Santa Cruz, una orden religiosa dedicada a la ense\u00f1anza y al trabajo caritativo. El arquitecto fue Pierre-Louis Moreau, quien tambi\u00e9n dise\u00f1\u00f3 la iglesia de Versalles.<\/span><\/p>\n<p><span style=\"font-weight: 400;\">Su construcci\u00f3n fue posible gracias a las donaciones de familias locales adineradas, como los Courbets y Rochechouarts.<\/span><\/p>\n<h3><b>Porte Narbonnaise<\/b><\/h3>\n<p><span style=\"font-weight: 400;\">La ciudad medieval de Porte Narbonnaise es famosa por ser el lugar de la Batalla de Agincourt, que tuvo lugar el 25 de octubre de 1415. Esta batalla fue una victoria inglesa decisiva en la Guerra de los Cien A\u00f1os, y es una de las batallas m\u00e1s famosas de todos historia.<\/span><\/p>\n<p><span style=\"font-weight: 400;\">Porte Narbonnaise es una peque\u00f1a ciudad situada en el sur de Francia, cerca de Toulouse. Es importante porque es donde Enrique V, rey de Inglaterra, derrot\u00f3 a Carlos VI, rey de Francia el 25 de octubre de 1415.<\/span><\/p>\n<h3><b>Porte de l\u2019Aude<\/b><\/h3>\n<p><span style=\"font-weight: 400;\">La Porte de l&#8217;Aude es famosa porque fue un paso hist\u00f3rico importante en la historia de Francia. Fue construido en 1211 por el rey Felipe II de Francia.<\/span><\/p>\n<p><span style=\"font-weight: 400;\">Como puede observar este tour es una experiencia imperdible, donde conocer\u00e1 sitios hist\u00f3ricos y art\u00edsticos que han marcado un antes y un despu\u00e9s en la historia de Francia, no se lo puede perder.<\/span><\/p>\n<p><span style=\"font-weight: 400;\">Si desea conocer m\u00e1s sobre Toulouse y sus alrededores, no dude en revisar nuestro listado de <\/span><a href=\"https:\/\/tourtravelandmore.com\/es\/ciudad\/francia\/toulouse-sp\/\"><span style=\"font-weight: 400;\">tours en una de las ciudades m\u00e1s hermosas de Francia.<\/span><\/a><\/p>\n","protected":false},"excerpt":{"rendered":"<p><span style=\"font-weight: 400;\"><strong>Un tour privado a Carcassonne desde Toulouse le brindar\u00e1 una experiencia inolvidable<\/strong>. Le acompa\u00f1ar\u00e1 un veh\u00edculo privado y un gu\u00eda que te llevar\u00e1 por la ciudad, explic\u00e1ndote su historia y mostr\u00e1ndote algunos de sus rincones m\u00e1s bonitos.\u00a0<\/span><\/p>\n","protected":false},"featured_media":141688,"comment_status":"open","ping_status":"closed","template":"","meta":{"_acf_changed":false},"product_brand":[],"product_cat":[1592,3629,3936],"product_tag":[],"class_list":{"0":"post-141666","1":"product","2":"type-product","3":"status-publish","4":"has-post-thumbnail","6":"product_cat-francia","7":"product_cat-toulouse-sp","8":"product_cat-toulouse-tours-privados-es","10":"first","11":"instock","12":"shipping-taxable","13":"purchasable","14":"product-type-simple"},"acf":[],"yoast_head":"<!-- This site is optimized with the Yoast SEO Premium plugin v25.3.1 (Yoast SEO v25.3.1) - https:\/\/yoast.com\/wordpress\/plugins\/seo\/ -->\n<title>\u27a1\ufe0f Tour privado a Carcassone desde Toulouse | Tour Travel and More<\/title>\n<meta name=\"description\" content=\"Carcassonne es una ciudad medieval amurallada en el sur de Francia. Es una de las ciudades fortificadas mejor conservadas de Europa y es famosa por su historia y su bello entorno, reserve este tour privado ya \u2705\" \/>\n<meta name=\"robots\" content=\"index, follow, max-snippet:-1, max-image-preview:large, max-video-preview:-1\" \/>\n<link rel=\"canonical\" href=\"https:\/\/tourtravelandmore.com\/es\/tours\/francia\/toulouse-sp\/toulouse-tours-privados-es\/tour-privado-a-carcassone-desde-toulouse\/\" \/>\n<meta property=\"og:locale\" content=\"es_ES\" \/>\n<meta property=\"og:type\" content=\"article\" \/>\n<meta property=\"og:title\" content=\"Tour privado a Carcassone desde Toulouse\" \/>\n<meta property=\"og:description\" content=\"Carcassonne es una ciudad medieval amurallada en el sur de Francia. Es una de las ciudades fortificadas mejor conservadas de Europa y es famosa por su historia y su bello entorno, reserve este tour privado ya \u2705\" \/>\n<meta property=\"og:url\" content=\"https:\/\/tourtravelandmore.com\/es\/tours\/francia\/toulouse-sp\/toulouse-tours-privados-es\/tour-privado-a-carcassone-desde-toulouse\/\" \/>\n<meta property=\"og:site_name\" content=\"Tour Travel And More\" \/>\n<meta property=\"article:publisher\" content=\"https:\/\/www.facebook.com\/tourtravelandmore\/\" \/>\n<meta property=\"article:modified_time\" content=\"2022-10-25T00:56:07+00:00\" \/>\n<meta property=\"og:image\" content=\"https:\/\/tourtravelandmore.com\/wp-content\/uploads\/2022\/10\/image2.jpg\" \/>\n\t<meta property=\"og:image:width\" content=\"900\" \/>\n\t<meta property=\"og:image:height\" content=\"750\" \/>\n\t<meta property=\"og:image:type\" content=\"image\/jpeg\" \/>\n<meta name=\"twitter:card\" content=\"summary_large_image\" \/>\n<meta name=\"twitter:site\" content=\"@TourTravel_More\" \/>\n<meta name=\"twitter:label1\" content=\"Tiempo de lectura\" \/>\n\t<meta name=\"twitter:data1\" content=\"2 minutos\" \/>\n<script type=\"application\/ld+json\" class=\"yoast-schema-graph\">{\"@context\":\"https:\/\/schema.org\",\"@graph\":[{\"@type\":\"WebPage\",\"@id\":\"https:\/\/tourtravelandmore.com\/es\/tours\/francia\/toulouse-sp\/toulouse-tours-privados-es\/tour-privado-a-carcassone-desde-toulouse\/\",\"url\":\"https:\/\/tourtravelandmore.com\/es\/tours\/francia\/toulouse-sp\/toulouse-tours-privados-es\/tour-privado-a-carcassone-desde-toulouse\/\",\"name\":\"\u27a1\ufe0f Tour privado a Carcassone desde Toulouse | Tour Travel and More\",\"isPartOf\":{\"@id\":\"https:\/\/tourtravelandmore.com\/es\/#website\"},\"primaryImageOfPage\":{\"@id\":\"https:\/\/tourtravelandmore.com\/es\/tours\/francia\/toulouse-sp\/toulouse-tours-privados-es\/tour-privado-a-carcassone-desde-toulouse\/#primaryimage\"},\"image\":{\"@id\":\"https:\/\/tourtravelandmore.com\/es\/tours\/francia\/toulouse-sp\/toulouse-tours-privados-es\/tour-privado-a-carcassone-desde-toulouse\/#primaryimage\"},\"thumbnailUrl\":\"https:\/\/tourtravelandmore.com\/wp-content\/uploads\/2022\/10\/image2.jpg\",\"datePublished\":\"2022-10-25T00:39:46+00:00\",\"dateModified\":\"2022-10-25T00:56:07+00:00\",\"description\":\"Carcassonne es una ciudad medieval amurallada en el sur de Francia. Es una de las ciudades fortificadas mejor conservadas de Europa y es famosa por su historia y su bello entorno, reserve este tour privado ya \u2705\",\"breadcrumb\":{\"@id\":\"https:\/\/tourtravelandmore.com\/es\/tours\/francia\/toulouse-sp\/toulouse-tours-privados-es\/tour-privado-a-carcassone-desde-toulouse\/#breadcrumb\"},\"inLanguage\":\"es\",\"potentialAction\":[{\"@type\":\"ReadAction\",\"target\":[\"https:\/\/tourtravelandmore.com\/es\/tours\/francia\/toulouse-sp\/toulouse-tours-privados-es\/tour-privado-a-carcassone-desde-toulouse\/\"]}]},{\"@type\":\"ImageObject\",\"inLanguage\":\"es\",\"@id\":\"https:\/\/tourtravelandmore.com\/es\/tours\/francia\/toulouse-sp\/toulouse-tours-privados-es\/tour-privado-a-carcassone-desde-toulouse\/#primaryimage\",\"url\":\"https:\/\/tourtravelandmore.com\/wp-content\/uploads\/2022\/10\/image2.jpg\",\"contentUrl\":\"https:\/\/tourtravelandmore.com\/wp-content\/uploads\/2022\/10\/image2.jpg\",\"width\":900,\"height\":750},{\"@type\":\"BreadcrumbList\",\"@id\":\"https:\/\/tourtravelandmore.com\/es\/tours\/francia\/toulouse-sp\/toulouse-tours-privados-es\/tour-privado-a-carcassone-desde-toulouse\/#breadcrumb\",\"itemListElement\":[{\"@type\":\"ListItem\",\"position\":1,\"name\":\"Home\",\"item\":\"https:\/\/tourtravelandmore.com\/es\/\"},{\"@type\":\"ListItem\",\"position\":2,\"name\":\"Tours\",\"item\":\"https:\/\/tourtravelandmore.com\/es\/tours\/\"},{\"@type\":\"ListItem\",\"position\":3,\"name\":\"Tour privado a Carcassone desde Toulouse\"}]},{\"@type\":\"WebSite\",\"@id\":\"https:\/\/tourtravelandmore.com\/es\/#website\",\"url\":\"https:\/\/tourtravelandmore.com\/es\/\",\"name\":\"Tour Travel And More\",\"description\":\"Private sightseeing tours and luxury transfers in Spain\",\"publisher\":{\"@id\":\"https:\/\/tourtravelandmore.com\/es\/#organization\"},\"potentialAction\":[{\"@type\":\"SearchAction\",\"target\":{\"@type\":\"EntryPoint\",\"urlTemplate\":\"https:\/\/tourtravelandmore.com\/es\/?s={search_term_string}\"},\"query-input\":{\"@type\":\"PropertyValueSpecification\",\"valueRequired\":true,\"valueName\":\"search_term_string\"}}],\"inLanguage\":\"es\"},{\"@type\":\"Organization\",\"@id\":\"https:\/\/tourtravelandmore.com\/es\/#organization\",\"name\":\"Tour Travel And More\",\"url\":\"https:\/\/tourtravelandmore.com\/es\/\",\"logo\":{\"@type\":\"ImageObject\",\"inLanguage\":\"es\",\"@id\":\"https:\/\/tourtravelandmore.com\/es\/#\/schema\/logo\/image\/\",\"url\":\"https:\/\/tourtravelandmore.com\/wp-content\/uploads\/2022\/12\/cropped-logo-cabecera-new.png\",\"contentUrl\":\"https:\/\/tourtravelandmore.com\/wp-content\/uploads\/2022\/12\/cropped-logo-cabecera-new.png\",\"width\":430,\"height\":61,\"caption\":\"Tour Travel And More\"},\"image\":{\"@id\":\"https:\/\/tourtravelandmore.com\/es\/#\/schema\/logo\/image\/\"},\"sameAs\":[\"https:\/\/www.facebook.com\/tourtravelandmore\/\",\"https:\/\/x.com\/TourTravel_More\"]}]}<\/script>\n<!-- \/ Yoast SEO Premium plugin. -->","yoast_head_json":{"title":"\u27a1\ufe0f Tour privado a Carcassone desde Toulouse | Tour Travel and More","description":"Carcassonne es una ciudad medieval amurallada en el sur de Francia. Es una de las ciudades fortificadas mejor conservadas de Europa y es famosa por su historia y su bello entorno, reserve este tour privado ya \u2705","robots":{"index":"index","follow":"follow","max-snippet":"max-snippet:-1","max-image-preview":"max-image-preview:large","max-video-preview":"max-video-preview:-1"},"canonical":"https:\/\/tourtravelandmore.com\/es\/tours\/francia\/toulouse-sp\/toulouse-tours-privados-es\/tour-privado-a-carcassone-desde-toulouse\/","og_locale":"es_ES","og_type":"article","og_title":"Tour privado a Carcassone desde Toulouse","og_description":"Carcassonne es una ciudad medieval amurallada en el sur de Francia. Es una de las ciudades fortificadas mejor conservadas de Europa y es famosa por su historia y su bello entorno, reserve este tour privado ya \u2705","og_url":"https:\/\/tourtravelandmore.com\/es\/tours\/francia\/toulouse-sp\/toulouse-tours-privados-es\/tour-privado-a-carcassone-desde-toulouse\/","og_site_name":"Tour Travel And More","article_publisher":"https:\/\/www.facebook.com\/tourtravelandmore\/","article_modified_time":"2022-10-25T00:56:07+00:00","og_image":[{"width":900,"height":750,"url":"https:\/\/tourtravelandmore.com\/wp-content\/uploads\/2022\/10\/image2.jpg","type":"image\/jpeg"}],"twitter_card":"summary_large_image","twitter_site":"@TourTravel_More","twitter_misc":{"Tiempo de lectura":"2 minutos"},"schema":{"@context":"https:\/\/schema.org","@graph":[{"@type":"WebPage","@id":"https:\/\/tourtravelandmore.com\/es\/tours\/francia\/toulouse-sp\/toulouse-tours-privados-es\/tour-privado-a-carcassone-desde-toulouse\/","url":"https:\/\/tourtravelandmore.com\/es\/tours\/francia\/toulouse-sp\/toulouse-tours-privados-es\/tour-privado-a-carcassone-desde-toulouse\/","name":"\u27a1\ufe0f Tour privado a Carcassone desde Toulouse | Tour Travel and More","isPartOf":{"@id":"https:\/\/tourtravelandmore.com\/es\/#website"},"primaryImageOfPage":{"@id":"https:\/\/tourtravelandmore.com\/es\/tours\/francia\/toulouse-sp\/toulouse-tours-privados-es\/tour-privado-a-carcassone-desde-toulouse\/#primaryimage"},"image":{"@id":"https:\/\/tourtravelandmore.com\/es\/tours\/francia\/toulouse-sp\/toulouse-tours-privados-es\/tour-privado-a-carcassone-desde-toulouse\/#primaryimage"},"thumbnailUrl":"https:\/\/tourtravelandmore.com\/wp-content\/uploads\/2022\/10\/image2.jpg","datePublished":"2022-10-25T00:39:46+00:00","dateModified":"2022-10-25T00:56:07+00:00","description":"Carcassonne es una ciudad medieval amurallada en el sur de Francia. Es una de las ciudades fortificadas mejor conservadas de Europa y es famosa por su historia y su bello entorno, reserve este tour privado ya \u2705","breadcrumb":{"@id":"https:\/\/tourtravelandmore.com\/es\/tours\/francia\/toulouse-sp\/toulouse-tours-privados-es\/tour-privado-a-carcassone-desde-toulouse\/#breadcrumb"},"inLanguage":"es","potentialAction":[{"@type":"ReadAction","target":["https:\/\/tourtravelandmore.com\/es\/tours\/francia\/toulouse-sp\/toulouse-tours-privados-es\/tour-privado-a-carcassone-desde-toulouse\/"]}]},{"@type":"ImageObject","inLanguage":"es","@id":"https:\/\/tourtravelandmore.com\/es\/tours\/francia\/toulouse-sp\/toulouse-tours-privados-es\/tour-privado-a-carcassone-desde-toulouse\/#primaryimage","url":"https:\/\/tourtravelandmore.com\/wp-content\/uploads\/2022\/10\/image2.jpg","contentUrl":"https:\/\/tourtravelandmore.com\/wp-content\/uploads\/2022\/10\/image2.jpg","width":900,"height":750},{"@type":"BreadcrumbList","@id":"https:\/\/tourtravelandmore.com\/es\/tours\/francia\/toulouse-sp\/toulouse-tours-privados-es\/tour-privado-a-carcassone-desde-toulouse\/#breadcrumb","itemListElement":[{"@type":"ListItem","position":1,"name":"Home","item":"https:\/\/tourtravelandmore.com\/es\/"},{"@type":"ListItem","position":2,"name":"Tours","item":"https:\/\/tourtravelandmore.com\/es\/tours\/"},{"@type":"ListItem","position":3,"name":"Tour privado a Carcassone desde Toulouse"}]},{"@type":"WebSite","@id":"https:\/\/tourtravelandmore.com\/es\/#website","url":"https:\/\/tourtravelandmore.com\/es\/","name":"Tour Travel And More","description":"Private sightseeing tours and luxury transfers in Spain","publisher":{"@id":"https:\/\/tourtravelandmore.com\/es\/#organization"},"potentialAction":[{"@type":"SearchAction","target":{"@type":"EntryPoint","urlTemplate":"https:\/\/tourtravelandmore.com\/es\/?s={search_term_string}"},"query-input":{"@type":"PropertyValueSpecification","valueRequired":true,"valueName":"search_term_string"}}],"inLanguage":"es"},{"@type":"Organization","@id":"https:\/\/tourtravelandmore.com\/es\/#organization","name":"Tour Travel And More","url":"https:\/\/tourtravelandmore.com\/es\/","logo":{"@type":"ImageObject","inLanguage":"es","@id":"https:\/\/tourtravelandmore.com\/es\/#\/schema\/logo\/image\/","url":"https:\/\/tourtravelandmore.com\/wp-content\/uploads\/2022\/12\/cropped-logo-cabecera-new.png","contentUrl":"https:\/\/tourtravelandmore.com\/wp-content\/uploads\/2022\/12\/cropped-logo-cabecera-new.png","width":430,"height":61,"caption":"Tour Travel And More"},"image":{"@id":"https:\/\/tourtravelandmore.com\/es\/#\/schema\/logo\/image\/"},"sameAs":["https:\/\/www.facebook.com\/tourtravelandmore\/","https:\/\/x.com\/TourTravel_More"]}]}},"_links":{"self":[{"href":"https:\/\/tourtravelandmore.com\/es\/wp-json\/wp\/v2\/product\/141666","targetHints":{"allow":["GET"]}}],"collection":[{"href":"https:\/\/tourtravelandmore.com\/es\/wp-json\/wp\/v2\/product"}],"about":[{"href":"https:\/\/tourtravelandmore.com\/es\/wp-json\/wp\/v2\/types\/product"}],"replies":[{"embeddable":true,"href":"https:\/\/tourtravelandmore.com\/es\/wp-json\/wp\/v2\/comments?post=141666"}],"wp:featuredmedia":[{"embeddable":true,"href":"https:\/\/tourtravelandmore.com\/es\/wp-json\/wp\/v2\/media\/141688"}],"wp:attachment":[{"href":"https:\/\/tourtravelandmore.com\/es\/wp-json\/wp\/v2\/media?parent=141666"}],"wp:term":[{"taxonomy":"product_brand","embeddable":true,"href":"https:\/\/tourtravelandmore.com\/es\/wp-json\/wp\/v2\/product_brand?post=141666"},{"taxonomy":"product_cat","embeddable":true,"href":"https:\/\/tourtravelandmore.com\/es\/wp-json\/wp\/v2\/product_cat?post=141666"},{"taxonomy":"product_tag","embeddable":true,"href":"https:\/\/tourtravelandmore.com\/es\/wp-json\/wp\/v2\/product_tag?post=141666"}],"curies":[{"name":"wp","href":"https:\/\/api.w.org\/{rel}","templated":true}]}}