{"id":141318,"date":"2022-10-21T20:12:02","date_gmt":"2022-10-21T18:12:03","guid":{"rendered":"https:\/\/tourtravelandmore.com\/?post_type=product&#038;p=141318"},"modified":"2023-02-08T15:05:30","modified_gmt":"2023-02-08T14:05:30","slug":"tour-privado-a-taormina-desde-palermo","status":"publish","type":"product","link":"https:\/\/tourtravelandmore.com\/es\/tours\/italia-es\/palermo-es\/tour-privado-a-taormina-desde-palermo\/","title":{"rendered":"Tour Privado a Taormina desde Palermo"},"content":{"rendered":"<h2><b>Descripci\u00f3n del Tour Privado a Taormina desde Palermo<\/b><\/h2>\n<p><span style=\"font-weight: 400;\">Disfrute de este <\/span><b>tour privado a Taormina<\/b><b> desde Palermo<\/b><span style=\"font-weight: 400;\">. P<\/span><span style=\"font-weight: 400;\">odr\u00e1 ver <strong>Taormina<\/strong>, que es una ciudad sobre un cerro en la costa este de Sicilia. Tambi\u00e9n conocer\u00e1 <strong>Etna<\/strong>, un volc\u00e1n activo en la costa este de Sicilia, en el territorio de la <strong>Ciudad metropolitana de Catania<\/strong>.<\/span><\/p>\n<p><span style=\"font-weight: 400;\">La ciudad de <\/span><b>Taormina<\/b> <span style=\"font-weight: 400;\">se encuentra cerca del monte Etna, un volc\u00e1n activo con senderos que llegan a su cima. La ciudad es conocida por el Teatro Antico di Taormina, un antiguo teatro grecorromano que a\u00fan funciona.\u00a0<\/span><\/p>\n<p><span style=\"font-weight: 400;\">Cerca del teatro, los acantilados descienden hasta el mar y forman caletas con playas de arena. Una estrecha extensi\u00f3n de arena se conecta con <strong>Isola Bella<\/strong>, una peque\u00f1a isla y reserva natural.<\/span><\/p>\n<p><span style=\"font-weight: 400;\">Desde Tour Tavel &amp; More ofrecemos un servicio \u00fanico donde tendr\u00e1n un <\/span><b>veh\u00edculo privado de lujo con conductor por 12 horas<\/b><span style=\"font-weight: 400;\">. Tambi\u00e9n tendr\u00e1 un <\/span><b>gu\u00eda tur\u00edstico oficial privado<\/b><span style=\"font-weight: 400;\"> por 2 horas en Taormina disponible para usted.<\/span><\/p>\n<p><span style=\"font-weight: 400;\">Este es un tour de d\u00eda completo, su conductor privado y estar\u00e1 a su total disposici\u00f3n durante 12 horas. En caso de que lo prefiera, tambi\u00e9n puede realizar cualquier otro de todos los <a href=\"https:\/\/tourtravelandmore.com\/city\/italy\/palermo-private-tours-en\/\">tours privados de Palermo.<\/a><\/span><\/p>\n<h2><strong>Puntos de inter\u00e9s<\/strong><\/h2>\n<p><span style=\"font-weight: 400;\">En primer lugar, se encontrar\u00e1 con su conductor privado y su gu\u00eda tur\u00edstico oficial en <strong>su hotel o lugar de elecci\u00f3n en Palermo<\/strong>. La hora de inicio del tour la determinar\u00e1 usted.<\/span><\/p>\n<p><span style=\"font-weight: 400;\">Durante este<\/span><b> tour privado por Taormina<\/b><span style=\"font-weight: 400;\"> conocer\u00e1s los sitios m\u00e1s emblem\u00e1ticos de est\u00e1s localidades.\u00a0<\/span><\/p>\n<p><span style=\"font-weight: 400;\">El <strong>Etna<\/strong> es un volc\u00e1n activo en la costa este de Sicilia, en el territorio de la <strong>Ciudad metropolitana de Catania<\/strong>, Italia. Tiene alrededor de <strong>3357 metros de altura<\/strong>, aunque esta var\u00eda debido a las constantes erupciones.\u00a0<\/span><\/p>\n<p><span style=\"font-weight: 400;\">Es el <strong>volc\u00e1n activo con mayor altura de la placa Euroasi\u00e1tica<\/strong>, el primero en referencia a la Europa geogr\u00e1fica y la monta\u00f1a m\u00e1s alta de<strong> Italia al sur de los Alpes<\/strong>. El Etna cubre un \u00e1rea de 1190 km\u00b2, con una circunferencia basal de 140 kil\u00f3metros.<\/span><\/p>\n<p>El volc\u00e1n Etna aparece como la atracci\u00f3n principal de este tour, pero no podemos dejar de lado la belleza de <strong>Taormina<\/strong>, donde podr\u00e1n ver lugares como:<\/p>\n<ul>\n<li><strong>Decoraci\u00f3n en las calles de Taormina.<\/strong><\/li>\n<li><strong>Don Corleone.<\/strong><\/li>\n<li><strong>Callejuelas de Taormina.<\/strong><\/li>\n<li><strong>Piazza Duomo y Cattedrale di San Nicol\u00f2 di Bari.<\/strong><\/li>\n<li><strong>Fontana di Piazza Duomo.<\/strong><\/li>\n<li><strong>Piazza IX di Aprile.<\/strong><\/li>\n<li><strong>El volc\u00e1n Etna de fondo en el Teatro Antico de Taormina.<\/strong><\/li>\n<li><strong>Escenario del Teatro Antico de Taormina.<\/strong><\/li>\n<\/ul>\n<p><span style=\"font-weight: 400;\">Su conductor privado estar\u00e1 a su total disposici\u00f3n durante el recorrido de <strong>12 horas<\/strong>. En cambio, el gu\u00eda los acompa\u00f1ar\u00e1 en Etna y Taormina por un total de <strong>2\u00a0horas<\/strong>. Podr\u00e1s visitar todos los rincones de esta incre\u00edble ciudad italiana.<\/span><\/p>\n<p><span style=\"font-weight: 400;\">Finalmente, su conductor y gu\u00eda privado lo dejar\u00e1n en su <strong>hotel o punto de partida en Palermo.<\/strong><\/span><\/p>\n","protected":false},"excerpt":{"rendered":"<p><span style=\"font-weight: 400;\">Disfrute de este <\/span><b>tour privado a Taormina<\/b><b> desde Palermo<\/b><span style=\"font-weight: 400;\">. P<\/span><span style=\"font-weight: 400;\">odr\u00e1 ver <strong>Taormina<\/strong>, que es una ciudad sobre un cerro en la costa este de Sicilia. Tambi\u00e9n conocer\u00e1 <strong>Etna<\/strong>, un volc\u00e1n activo en la costa este de Sicilia, en el territorio de la <strong>Ciudad metropolitana de Catania<\/strong>.<\/span><\/p>\n","protected":false},"featured_media":141340,"comment_status":"open","ping_status":"closed","template":"","meta":{"_acf_changed":false},"product_brand":[],"product_cat":[699,705,717,711,862],"product_tag":[],"class_list":{"0":"post-141318","1":"product","2":"type-product","3":"status-publish","4":"has-post-thumbnail","6":"product_cat-palermo-es","7":"product_cat-palermo-actividades-es","8":"product_cat-palermo-rutas-turisticas-privadas-es","9":"product_cat-palermo-excursiones-es","10":"product_cat-palermo-excursiones-privadas-cruceros-es","12":"first","13":"instock","14":"shipping-taxable","15":"purchasable","16":"product-type-simple"},"acf":[],"yoast_head":"<!-- This site is optimized with the Yoast SEO Premium plugin v25.3.1 (Yoast SEO v25.3.1) - https:\/\/yoast.com\/wordpress\/plugins\/seo\/ -->\n<title>Tour Privado a Taormina desde Palermo | TTM<\/title>\n<meta name=\"description\" content=\"Admira los lugares y monumentos m\u00e1s bellos con este Tour Privado a Taormina desde Palermo. \u00a1Aprovecha la oportunidad con TourTravel&amp;More!\" \/>\n<meta name=\"robots\" content=\"index, follow, max-snippet:-1, max-image-preview:large, max-video-preview:-1\" \/>\n<link rel=\"canonical\" href=\"https:\/\/tourtravelandmore.com\/es\/tours\/italia-es\/palermo-es\/tour-privado-a-taormina-desde-palermo\/\" \/>\n<meta property=\"og:locale\" content=\"es_ES\" \/>\n<meta property=\"og:type\" content=\"article\" \/>\n<meta property=\"og:title\" content=\"Tour Privado a Taormina desde Palermo\" \/>\n<meta property=\"og:description\" content=\"Admira los lugares y monumentos m\u00e1s bellos con este Tour Privado a Taormina desde Palermo. \u00a1Aprovecha la oportunidad con TourTravel&amp;More!\" \/>\n<meta property=\"og:url\" content=\"https:\/\/tourtravelandmore.com\/es\/tours\/italia-es\/palermo-es\/tour-privado-a-taormina-desde-palermo\/\" \/>\n<meta property=\"og:site_name\" content=\"Tour Travel And More\" \/>\n<meta property=\"article:publisher\" content=\"https:\/\/www.facebook.com\/tourtravelandmore\/\" \/>\n<meta property=\"article:modified_time\" content=\"2023-02-08T14:05:30+00:00\" \/>\n<meta property=\"og:image\" content=\"https:\/\/tourtravelandmore.com\/wp-content\/uploads\/2022\/10\/pexels-alexandra-holbea-5469523-scaled.jpg\" \/>\n\t<meta property=\"og:image:width\" content=\"2560\" \/>\n\t<meta property=\"og:image:height\" content=\"1707\" \/>\n\t<meta property=\"og:image:type\" content=\"image\/jpeg\" \/>\n<meta name=\"twitter:card\" content=\"summary_large_image\" \/>\n<meta name=\"twitter:site\" content=\"@TourTravel_More\" \/>\n<meta name=\"twitter:label1\" content=\"Tiempo de lectura\" \/>\n\t<meta name=\"twitter:data1\" content=\"2 minutos\" \/>\n<script type=\"application\/ld+json\" class=\"yoast-schema-graph\">{\"@context\":\"https:\/\/schema.org\",\"@graph\":[{\"@type\":\"WebPage\",\"@id\":\"https:\/\/tourtravelandmore.com\/es\/tours\/italia-es\/palermo-es\/tour-privado-a-taormina-desde-palermo\/\",\"url\":\"https:\/\/tourtravelandmore.com\/es\/tours\/italia-es\/palermo-es\/tour-privado-a-taormina-desde-palermo\/\",\"name\":\"Tour Privado a Taormina desde Palermo | TTM\",\"isPartOf\":{\"@id\":\"https:\/\/tourtravelandmore.com\/es\/#website\"},\"primaryImageOfPage\":{\"@id\":\"https:\/\/tourtravelandmore.com\/es\/tours\/italia-es\/palermo-es\/tour-privado-a-taormina-desde-palermo\/#primaryimage\"},\"image\":{\"@id\":\"https:\/\/tourtravelandmore.com\/es\/tours\/italia-es\/palermo-es\/tour-privado-a-taormina-desde-palermo\/#primaryimage\"},\"thumbnailUrl\":\"https:\/\/tourtravelandmore.com\/wp-content\/uploads\/2022\/10\/pexels-alexandra-holbea-5469523-scaled.jpg\",\"datePublished\":\"2022-10-21T18:12:03+00:00\",\"dateModified\":\"2023-02-08T14:05:30+00:00\",\"description\":\"Admira los lugares y monumentos m\u00e1s bellos con este Tour Privado a Taormina desde Palermo. \u00a1Aprovecha la oportunidad con TourTravel&More!\",\"breadcrumb\":{\"@id\":\"https:\/\/tourtravelandmore.com\/es\/tours\/italia-es\/palermo-es\/tour-privado-a-taormina-desde-palermo\/#breadcrumb\"},\"inLanguage\":\"es\",\"potentialAction\":[{\"@type\":\"ReadAction\",\"target\":[\"https:\/\/tourtravelandmore.com\/es\/tours\/italia-es\/palermo-es\/tour-privado-a-taormina-desde-palermo\/\"]}]},{\"@type\":\"ImageObject\",\"inLanguage\":\"es\",\"@id\":\"https:\/\/tourtravelandmore.com\/es\/tours\/italia-es\/palermo-es\/tour-privado-a-taormina-desde-palermo\/#primaryimage\",\"url\":\"https:\/\/tourtravelandmore.com\/wp-content\/uploads\/2022\/10\/pexels-alexandra-holbea-5469523-scaled.jpg\",\"contentUrl\":\"https:\/\/tourtravelandmore.com\/wp-content\/uploads\/2022\/10\/pexels-alexandra-holbea-5469523-scaled.jpg\",\"width\":2560,\"height\":1707},{\"@type\":\"BreadcrumbList\",\"@id\":\"https:\/\/tourtravelandmore.com\/es\/tours\/italia-es\/palermo-es\/tour-privado-a-taormina-desde-palermo\/#breadcrumb\",\"itemListElement\":[{\"@type\":\"ListItem\",\"position\":1,\"name\":\"Home\",\"item\":\"https:\/\/tourtravelandmore.com\/es\/\"},{\"@type\":\"ListItem\",\"position\":2,\"name\":\"Tours\",\"item\":\"https:\/\/tourtravelandmore.com\/es\/tours\/\"},{\"@type\":\"ListItem\",\"position\":3,\"name\":\"Tour Privado a Taormina desde Palermo\"}]},{\"@type\":\"WebSite\",\"@id\":\"https:\/\/tourtravelandmore.com\/es\/#website\",\"url\":\"https:\/\/tourtravelandmore.com\/es\/\",\"name\":\"Tour Travel And More\",\"description\":\"Private sightseeing tours and luxury transfers in Spain\",\"publisher\":{\"@id\":\"https:\/\/tourtravelandmore.com\/es\/#organization\"},\"potentialAction\":[{\"@type\":\"SearchAction\",\"target\":{\"@type\":\"EntryPoint\",\"urlTemplate\":\"https:\/\/tourtravelandmore.com\/es\/?s={search_term_string}\"},\"query-input\":{\"@type\":\"PropertyValueSpecification\",\"valueRequired\":true,\"valueName\":\"search_term_string\"}}],\"inLanguage\":\"es\"},{\"@type\":\"Organization\",\"@id\":\"https:\/\/tourtravelandmore.com\/es\/#organization\",\"name\":\"Tour Travel And More\",\"url\":\"https:\/\/tourtravelandmore.com\/es\/\",\"logo\":{\"@type\":\"ImageObject\",\"inLanguage\":\"es\",\"@id\":\"https:\/\/tourtravelandmore.com\/es\/#\/schema\/logo\/image\/\",\"url\":\"https:\/\/tourtravelandmore.com\/wp-content\/uploads\/2022\/12\/cropped-logo-cabecera-new.png\",\"contentUrl\":\"https:\/\/tourtravelandmore.com\/wp-content\/uploads\/2022\/12\/cropped-logo-cabecera-new.png\",\"width\":430,\"height\":61,\"caption\":\"Tour Travel And More\"},\"image\":{\"@id\":\"https:\/\/tourtravelandmore.com\/es\/#\/schema\/logo\/image\/\"},\"sameAs\":[\"https:\/\/www.facebook.com\/tourtravelandmore\/\",\"https:\/\/x.com\/TourTravel_More\"]}]}<\/script>\n<!-- \/ Yoast SEO Premium plugin. -->","yoast_head_json":{"title":"Tour Privado a Taormina desde Palermo | TTM","description":"Admira los lugares y monumentos m\u00e1s bellos con este Tour Privado a Taormina desde Palermo. \u00a1Aprovecha la oportunidad con TourTravel&More!","robots":{"index":"index","follow":"follow","max-snippet":"max-snippet:-1","max-image-preview":"max-image-preview:large","max-video-preview":"max-video-preview:-1"},"canonical":"https:\/\/tourtravelandmore.com\/es\/tours\/italia-es\/palermo-es\/tour-privado-a-taormina-desde-palermo\/","og_locale":"es_ES","og_type":"article","og_title":"Tour Privado a Taormina desde Palermo","og_description":"Admira los lugares y monumentos m\u00e1s bellos con este Tour Privado a Taormina desde Palermo. \u00a1Aprovecha la oportunidad con TourTravel&More!","og_url":"https:\/\/tourtravelandmore.com\/es\/tours\/italia-es\/palermo-es\/tour-privado-a-taormina-desde-palermo\/","og_site_name":"Tour Travel And More","article_publisher":"https:\/\/www.facebook.com\/tourtravelandmore\/","article_modified_time":"2023-02-08T14:05:30+00:00","og_image":[{"width":2560,"height":1707,"url":"https:\/\/tourtravelandmore.com\/wp-content\/uploads\/2022\/10\/pexels-alexandra-holbea-5469523-scaled.jpg","type":"image\/jpeg"}],"twitter_card":"summary_large_image","twitter_site":"@TourTravel_More","twitter_misc":{"Tiempo de lectura":"2 minutos"},"schema":{"@context":"https:\/\/schema.org","@graph":[{"@type":"WebPage","@id":"https:\/\/tourtravelandmore.com\/es\/tours\/italia-es\/palermo-es\/tour-privado-a-taormina-desde-palermo\/","url":"https:\/\/tourtravelandmore.com\/es\/tours\/italia-es\/palermo-es\/tour-privado-a-taormina-desde-palermo\/","name":"Tour Privado a Taormina desde Palermo | TTM","isPartOf":{"@id":"https:\/\/tourtravelandmore.com\/es\/#website"},"primaryImageOfPage":{"@id":"https:\/\/tourtravelandmore.com\/es\/tours\/italia-es\/palermo-es\/tour-privado-a-taormina-desde-palermo\/#primaryimage"},"image":{"@id":"https:\/\/tourtravelandmore.com\/es\/tours\/italia-es\/palermo-es\/tour-privado-a-taormina-desde-palermo\/#primaryimage"},"thumbnailUrl":"https:\/\/tourtravelandmore.com\/wp-content\/uploads\/2022\/10\/pexels-alexandra-holbea-5469523-scaled.jpg","datePublished":"2022-10-21T18:12:03+00:00","dateModified":"2023-02-08T14:05:30+00:00","description":"Admira los lugares y monumentos m\u00e1s bellos con este Tour Privado a Taormina desde Palermo. \u00a1Aprovecha la oportunidad con TourTravel&More!","breadcrumb":{"@id":"https:\/\/tourtravelandmore.com\/es\/tours\/italia-es\/palermo-es\/tour-privado-a-taormina-desde-palermo\/#breadcrumb"},"inLanguage":"es","potentialAction":[{"@type":"ReadAction","target":["https:\/\/tourtravelandmore.com\/es\/tours\/italia-es\/palermo-es\/tour-privado-a-taormina-desde-palermo\/"]}]},{"@type":"ImageObject","inLanguage":"es","@id":"https:\/\/tourtravelandmore.com\/es\/tours\/italia-es\/palermo-es\/tour-privado-a-taormina-desde-palermo\/#primaryimage","url":"https:\/\/tourtravelandmore.com\/wp-content\/uploads\/2022\/10\/pexels-alexandra-holbea-5469523-scaled.jpg","contentUrl":"https:\/\/tourtravelandmore.com\/wp-content\/uploads\/2022\/10\/pexels-alexandra-holbea-5469523-scaled.jpg","width":2560,"height":1707},{"@type":"BreadcrumbList","@id":"https:\/\/tourtravelandmore.com\/es\/tours\/italia-es\/palermo-es\/tour-privado-a-taormina-desde-palermo\/#breadcrumb","itemListElement":[{"@type":"ListItem","position":1,"name":"Home","item":"https:\/\/tourtravelandmore.com\/es\/"},{"@type":"ListItem","position":2,"name":"Tours","item":"https:\/\/tourtravelandmore.com\/es\/tours\/"},{"@type":"ListItem","position":3,"name":"Tour Privado a Taormina desde Palermo"}]},{"@type":"WebSite","@id":"https:\/\/tourtravelandmore.com\/es\/#website","url":"https:\/\/tourtravelandmore.com\/es\/","name":"Tour Travel And More","description":"Private sightseeing tours and luxury transfers in Spain","publisher":{"@id":"https:\/\/tourtravelandmore.com\/es\/#organization"},"potentialAction":[{"@type":"SearchAction","target":{"@type":"EntryPoint","urlTemplate":"https:\/\/tourtravelandmore.com\/es\/?s={search_term_string}"},"query-input":{"@type":"PropertyValueSpecification","valueRequired":true,"valueName":"search_term_string"}}],"inLanguage":"es"},{"@type":"Organization","@id":"https:\/\/tourtravelandmore.com\/es\/#organization","name":"Tour Travel And More","url":"https:\/\/tourtravelandmore.com\/es\/","logo":{"@type":"ImageObject","inLanguage":"es","@id":"https:\/\/tourtravelandmore.com\/es\/#\/schema\/logo\/image\/","url":"https:\/\/tourtravelandmore.com\/wp-content\/uploads\/2022\/12\/cropped-logo-cabecera-new.png","contentUrl":"https:\/\/tourtravelandmore.com\/wp-content\/uploads\/2022\/12\/cropped-logo-cabecera-new.png","width":430,"height":61,"caption":"Tour Travel And More"},"image":{"@id":"https:\/\/tourtravelandmore.com\/es\/#\/schema\/logo\/image\/"},"sameAs":["https:\/\/www.facebook.com\/tourtravelandmore\/","https:\/\/x.com\/TourTravel_More"]}]}},"_links":{"self":[{"href":"https:\/\/tourtravelandmore.com\/es\/wp-json\/wp\/v2\/product\/141318","targetHints":{"allow":["GET"]}}],"collection":[{"href":"https:\/\/tourtravelandmore.com\/es\/wp-json\/wp\/v2\/product"}],"about":[{"href":"https:\/\/tourtravelandmore.com\/es\/wp-json\/wp\/v2\/types\/product"}],"replies":[{"embeddable":true,"href":"https:\/\/tourtravelandmore.com\/es\/wp-json\/wp\/v2\/comments?post=141318"}],"wp:featuredmedia":[{"embeddable":true,"href":"https:\/\/tourtravelandmore.com\/es\/wp-json\/wp\/v2\/media\/141340"}],"wp:attachment":[{"href":"https:\/\/tourtravelandmore.com\/es\/wp-json\/wp\/v2\/media?parent=141318"}],"wp:term":[{"taxonomy":"product_brand","embeddable":true,"href":"https:\/\/tourtravelandmore.com\/es\/wp-json\/wp\/v2\/product_brand?post=141318"},{"taxonomy":"product_cat","embeddable":true,"href":"https:\/\/tourtravelandmore.com\/es\/wp-json\/wp\/v2\/product_cat?post=141318"},{"taxonomy":"product_tag","embeddable":true,"href":"https:\/\/tourtravelandmore.com\/es\/wp-json\/wp\/v2\/product_tag?post=141318"}],"curies":[{"name":"wp","href":"https:\/\/api.w.org\/{rel}","templated":true}]}}