{"id":141262,"date":"2022-10-21T16:06:51","date_gmt":"2022-10-21T14:06:48","guid":{"rendered":"https:\/\/tourtravelandmore.com\/?post_type=product&#038;p=141262"},"modified":"2022-11-07T15:41:43","modified_gmt":"2022-11-07T14:41:43","slug":"traslado-desde-palermo-a-catania-con-parada-en-el-valle-de-los-templos-de-agrigento","status":"publish","type":"product","link":"https:\/\/tourtravelandmore.com\/es\/tours\/italia-es\/palermo-es\/traslado-desde-palermo-a-catania-con-parada-en-el-valle-de-los-templos-de-agrigento\/","title":{"rendered":"Traslado desde Palermo a Catania con parada en el Valle de los Templos de Agrigento"},"content":{"rendered":"<h2><b>Descripci\u00f3n del <\/b><b>Traslado desde Palermo a Catania con parada en el Valle de los Templos de Agrigento<\/b><\/h2>\n<p>Disfrute de una experiencia relajante en uno de nuestros veh\u00edculos privados de lujo con nuestros <strong>Traslado desde Palermo a Catania con parada en el Valle de los Templos de Agrigento<\/strong>. Le ofrecemos la forma m\u00e1s r\u00e1pida y f\u00e1cil de llegar a su destino final.<\/p>\n<p>Tendr\u00e1 su propio <\/span><b>gu\u00eda tur\u00edstico oficial privado<\/b> en Agrigento durante 2 horas. Que lo ayudar\u00e1 a conocer esta hermosa ciudad, y tendr\u00e1n entradas\u00a0 Adem\u00e1s, estar\u00e1 c\u00f3modamente en su <\/span><b>veh\u00edculo privado de lujo con chofer de habla inglesa<\/b><span style=\"font-weight: 400;\">.<\/span><\/p>\n<p><b>Agrigento\/Valle de los Templos<\/b><span style=\"font-weight: 400;\"> es el sitio arqueol\u00f3gico m\u00e1s fascinante de Sicilia. Es una de las zonas de ruinas griegas mejor conservadas del mundo y la mayor demostraci\u00f3n de la civilizaci\u00f3n griega en el \u00e1rea mediterr\u00e1nea. Debido a su gran valor e importancia, las ruinas hab\u00edan sido declaradas <\/span><b>Patrimonio de la Humanidad por la UNESCO<\/b><span style=\"font-weight: 400;\">, catalogado como <\/span><b>El<a href=\"https:\/\/es.wikipedia.org\/wiki\/Valle_de_los_Templos\"> Valle de los Templos<\/a><\/b><span style=\"font-weight: 400;\">.<\/span><\/p>\n<p><span style=\"font-weight: 400;\">Durante este tour privado a Agrigento y al Valle de los Templos, podr\u00e1 admirar la arquitectura de este hist\u00f3rico sitio.<\/span><\/p>\n<p><b>Disponemos de una gran variedad de tours y traslados desde Palermo, eche un vistazo a <\/b><a href=\"https:\/\/tourtravelandmore.com\/es\/ciudad\/italia-es\/palermo-es\/\"><b>nuestra lista de tours privados en Palermo<\/b><\/a><b>.<\/b><\/p>\n<h2><b>Puntos de inter\u00e9s en el Traslado Privado<\/b><\/h2>\n<p>Ofrecemos servicio de traslado y ofrecemos un servicio personalizado y privado para todos los grupos. Todos nuestros veh\u00edculos son de alta gama.<\/p>\n<p>Todo lo que necesita hacer es contactarnos y organizaremos su transferencia de la mejor manera posible.<\/p>\n<p><span style=\"font-weight: 400;\">Una vez que haya hecho la reserva, recibir\u00e1 un correo de confirmaci\u00f3n. Luego necesitaremos la informaci\u00f3n de su vuelo, la hora de llegada y la compa\u00f1\u00eda a\u00e9rea, o la informaci\u00f3n de su crucero. Entre <strong>48 y 24 horas antes de su hora de llegada<\/strong>, necesitaremos una confirmaci\u00f3n de todos estos detalles para que su servicio de traslado sea perfecto.<\/span><\/p>\n<p><b>Adem\u00e1s del transporte, ofrecemos un servicio con parada en Agrigento, Valle de los Templos, <\/b><span style=\"font-weight: 400;\">Esta ciudad contiene muchos sitios arqueol\u00f3gicos y museos. Desde aqu\u00ed, tambi\u00e9n podr\u00e1s admirar las impresionantes vistas que ofrece esta ciudad.<\/span><\/p>\n<p><span style=\"font-weight: 400;\">Esta es una experiencia perfecta para aquellos que aman la historia, la arquitectura y est\u00e1n dispuestos a aprender mucho sobre ella.<\/span><\/p>\n<p><span style=\"font-weight: 400;\">El <\/span><b>Valle de los Templos<\/b><span style=\"font-weight: 400;\"> es uno de los parques arqueol\u00f3gicos m\u00e1s extensos de la <\/span><b>civilizaci\u00f3n griega<\/b><span style=\"font-weight: 400;\">. Fue incluido en la lista del <\/span><b>Patrimonio Mundial de Italia en 1997<\/b><span style=\"font-weight: 400;\"> y es, como es l\u00f3gico, uno de los m\u00e1s famosos de la regi\u00f3n.<\/span><\/p>\n<p>No limitamos la cantidad de equipaje. Pero<strong> le rogamos que informe con cu\u00e1ntos equipajes viajar\u00e1<\/strong> solo por cuestiones de log\u00edstica. A veces puede ser necesario un veh\u00edculo m\u00e1s grande y se pueden aplicar tarifas adicionales.<\/p>\n<p>Si necesita un asiento para beb\u00e9 o un asiento para ni\u00f1os, p\u00f3ngase en contacto con nosotros antes de su vuelo o crucero para organizarlo correctamente.<\/p>\n","protected":false},"excerpt":{"rendered":"<p>Disfrute de una experiencia relajante en uno de nuestros <strong>veh\u00edculos privados de lujo<\/strong> con nuestro <strong>Traslado de Palermo a Catania con parada en el Valle de los Templos de Agrigento<\/strong>. Le ofrecemos la forma m\u00e1s<strong> r\u00e1pida y f\u00e1cil<\/strong> de llegar a su destino final.<\/p>\n","protected":false},"featured_media":141283,"comment_status":"open","ping_status":"closed","template":"","meta":{"_acf_changed":false},"product_brand":[],"product_cat":[699,723],"product_tag":[],"class_list":{"0":"post-141262","1":"product","2":"type-product","3":"status-publish","4":"has-post-thumbnail","6":"product_cat-palermo-es","7":"product_cat-palermo-traslados-es","9":"first","10":"instock","11":"shipping-taxable","12":"purchasable","13":"product-type-simple"},"acf":[],"yoast_head":"<!-- This site is optimized with the Yoast SEO Premium plugin v25.3.1 (Yoast SEO v25.3.1) - https:\/\/yoast.com\/wordpress\/plugins\/seo\/ -->\n<title>Traslado desde Palermo a Catania parando en Valle de los Templos | TTM<\/title>\n<meta name=\"description\" content=\"Traslado desde Palermo a Catania con parada en el Valle de los Templos de Agrigento. Disfruta de este viaje con TourTravel&amp;More \u2705\" \/>\n<meta name=\"robots\" content=\"index, follow, max-snippet:-1, max-image-preview:large, max-video-preview:-1\" \/>\n<link rel=\"canonical\" href=\"https:\/\/tourtravelandmore.com\/es\/tours\/italia-es\/palermo-es\/traslado-desde-palermo-a-catania-con-parada-en-el-valle-de-los-templos-de-agrigento\/\" \/>\n<meta property=\"og:locale\" content=\"es_ES\" \/>\n<meta property=\"og:type\" content=\"article\" \/>\n<meta property=\"og:title\" content=\"Traslado desde Palermo a Catania con parada en el Valle de los Templos de Agrigento\" \/>\n<meta property=\"og:description\" content=\"Traslado desde Palermo a Catania con parada en el Valle de los Templos de Agrigento. Disfruta de este viaje con TourTravel&amp;More \u2705\" \/>\n<meta property=\"og:url\" content=\"https:\/\/tourtravelandmore.com\/es\/tours\/italia-es\/palermo-es\/traslado-desde-palermo-a-catania-con-parada-en-el-valle-de-los-templos-de-agrigento\/\" \/>\n<meta property=\"og:site_name\" content=\"Tour Travel And More\" \/>\n<meta property=\"article:publisher\" content=\"https:\/\/www.facebook.com\/tourtravelandmore\/\" \/>\n<meta property=\"article:modified_time\" content=\"2022-11-07T14:41:43+00:00\" \/>\n<meta property=\"og:image\" content=\"https:\/\/tourtravelandmore.com\/wp-content\/uploads\/2022\/10\/pexels-jose-barbosa-10765309-scaled.jpg\" \/>\n\t<meta property=\"og:image:width\" content=\"2560\" \/>\n\t<meta property=\"og:image:height\" content=\"1738\" \/>\n\t<meta property=\"og:image:type\" content=\"image\/jpeg\" \/>\n<meta name=\"twitter:card\" content=\"summary_large_image\" \/>\n<meta name=\"twitter:site\" content=\"@TourTravel_More\" \/>\n<meta name=\"twitter:label1\" content=\"Tiempo de lectura\" \/>\n\t<meta name=\"twitter:data1\" content=\"3 minutos\" \/>\n<script type=\"application\/ld+json\" class=\"yoast-schema-graph\">{\"@context\":\"https:\/\/schema.org\",\"@graph\":[{\"@type\":\"WebPage\",\"@id\":\"https:\/\/tourtravelandmore.com\/es\/tours\/italia-es\/palermo-es\/traslado-desde-palermo-a-catania-con-parada-en-el-valle-de-los-templos-de-agrigento\/\",\"url\":\"https:\/\/tourtravelandmore.com\/es\/tours\/italia-es\/palermo-es\/traslado-desde-palermo-a-catania-con-parada-en-el-valle-de-los-templos-de-agrigento\/\",\"name\":\"Traslado desde Palermo a Catania parando en Valle de los Templos | TTM\",\"isPartOf\":{\"@id\":\"https:\/\/tourtravelandmore.com\/es\/#website\"},\"primaryImageOfPage\":{\"@id\":\"https:\/\/tourtravelandmore.com\/es\/tours\/italia-es\/palermo-es\/traslado-desde-palermo-a-catania-con-parada-en-el-valle-de-los-templos-de-agrigento\/#primaryimage\"},\"image\":{\"@id\":\"https:\/\/tourtravelandmore.com\/es\/tours\/italia-es\/palermo-es\/traslado-desde-palermo-a-catania-con-parada-en-el-valle-de-los-templos-de-agrigento\/#primaryimage\"},\"thumbnailUrl\":\"https:\/\/tourtravelandmore.com\/wp-content\/uploads\/2022\/10\/pexels-jose-barbosa-10765309-scaled.jpg\",\"datePublished\":\"2022-10-21T14:06:48+00:00\",\"dateModified\":\"2022-11-07T14:41:43+00:00\",\"description\":\"Traslado desde Palermo a Catania con parada en el Valle de los Templos de Agrigento. Disfruta de este viaje con TourTravel&More \u2705\",\"breadcrumb\":{\"@id\":\"https:\/\/tourtravelandmore.com\/es\/tours\/italia-es\/palermo-es\/traslado-desde-palermo-a-catania-con-parada-en-el-valle-de-los-templos-de-agrigento\/#breadcrumb\"},\"inLanguage\":\"es\",\"potentialAction\":[{\"@type\":\"ReadAction\",\"target\":[\"https:\/\/tourtravelandmore.com\/es\/tours\/italia-es\/palermo-es\/traslado-desde-palermo-a-catania-con-parada-en-el-valle-de-los-templos-de-agrigento\/\"]}]},{\"@type\":\"ImageObject\",\"inLanguage\":\"es\",\"@id\":\"https:\/\/tourtravelandmore.com\/es\/tours\/italia-es\/palermo-es\/traslado-desde-palermo-a-catania-con-parada-en-el-valle-de-los-templos-de-agrigento\/#primaryimage\",\"url\":\"https:\/\/tourtravelandmore.com\/wp-content\/uploads\/2022\/10\/pexels-jose-barbosa-10765309-scaled.jpg\",\"contentUrl\":\"https:\/\/tourtravelandmore.com\/wp-content\/uploads\/2022\/10\/pexels-jose-barbosa-10765309-scaled.jpg\",\"width\":2560,\"height\":1738},{\"@type\":\"BreadcrumbList\",\"@id\":\"https:\/\/tourtravelandmore.com\/es\/tours\/italia-es\/palermo-es\/traslado-desde-palermo-a-catania-con-parada-en-el-valle-de-los-templos-de-agrigento\/#breadcrumb\",\"itemListElement\":[{\"@type\":\"ListItem\",\"position\":1,\"name\":\"Home\",\"item\":\"https:\/\/tourtravelandmore.com\/es\/\"},{\"@type\":\"ListItem\",\"position\":2,\"name\":\"Tours\",\"item\":\"https:\/\/tourtravelandmore.com\/es\/tours\/\"},{\"@type\":\"ListItem\",\"position\":3,\"name\":\"Traslado desde Palermo a Catania con parada en el Valle de los Templos de Agrigento\"}]},{\"@type\":\"WebSite\",\"@id\":\"https:\/\/tourtravelandmore.com\/es\/#website\",\"url\":\"https:\/\/tourtravelandmore.com\/es\/\",\"name\":\"Tour Travel And More\",\"description\":\"Private sightseeing tours and luxury transfers in Spain\",\"publisher\":{\"@id\":\"https:\/\/tourtravelandmore.com\/es\/#organization\"},\"potentialAction\":[{\"@type\":\"SearchAction\",\"target\":{\"@type\":\"EntryPoint\",\"urlTemplate\":\"https:\/\/tourtravelandmore.com\/es\/?s={search_term_string}\"},\"query-input\":{\"@type\":\"PropertyValueSpecification\",\"valueRequired\":true,\"valueName\":\"search_term_string\"}}],\"inLanguage\":\"es\"},{\"@type\":\"Organization\",\"@id\":\"https:\/\/tourtravelandmore.com\/es\/#organization\",\"name\":\"Tour Travel And More\",\"url\":\"https:\/\/tourtravelandmore.com\/es\/\",\"logo\":{\"@type\":\"ImageObject\",\"inLanguage\":\"es\",\"@id\":\"https:\/\/tourtravelandmore.com\/es\/#\/schema\/logo\/image\/\",\"url\":\"https:\/\/tourtravelandmore.com\/wp-content\/uploads\/2022\/12\/cropped-logo-cabecera-new.png\",\"contentUrl\":\"https:\/\/tourtravelandmore.com\/wp-content\/uploads\/2022\/12\/cropped-logo-cabecera-new.png\",\"width\":430,\"height\":61,\"caption\":\"Tour Travel And More\"},\"image\":{\"@id\":\"https:\/\/tourtravelandmore.com\/es\/#\/schema\/logo\/image\/\"},\"sameAs\":[\"https:\/\/www.facebook.com\/tourtravelandmore\/\",\"https:\/\/x.com\/TourTravel_More\"]}]}<\/script>\n<!-- \/ Yoast SEO Premium plugin. -->","yoast_head_json":{"title":"Traslado desde Palermo a Catania parando en Valle de los Templos | TTM","description":"Traslado desde Palermo a Catania con parada en el Valle de los Templos de Agrigento. Disfruta de este viaje con TourTravel&More \u2705","robots":{"index":"index","follow":"follow","max-snippet":"max-snippet:-1","max-image-preview":"max-image-preview:large","max-video-preview":"max-video-preview:-1"},"canonical":"https:\/\/tourtravelandmore.com\/es\/tours\/italia-es\/palermo-es\/traslado-desde-palermo-a-catania-con-parada-en-el-valle-de-los-templos-de-agrigento\/","og_locale":"es_ES","og_type":"article","og_title":"Traslado desde Palermo a Catania con parada en el Valle de los Templos de Agrigento","og_description":"Traslado desde Palermo a Catania con parada en el Valle de los Templos de Agrigento. Disfruta de este viaje con TourTravel&More \u2705","og_url":"https:\/\/tourtravelandmore.com\/es\/tours\/italia-es\/palermo-es\/traslado-desde-palermo-a-catania-con-parada-en-el-valle-de-los-templos-de-agrigento\/","og_site_name":"Tour Travel And More","article_publisher":"https:\/\/www.facebook.com\/tourtravelandmore\/","article_modified_time":"2022-11-07T14:41:43+00:00","og_image":[{"width":2560,"height":1738,"url":"https:\/\/tourtravelandmore.com\/wp-content\/uploads\/2022\/10\/pexels-jose-barbosa-10765309-scaled.jpg","type":"image\/jpeg"}],"twitter_card":"summary_large_image","twitter_site":"@TourTravel_More","twitter_misc":{"Tiempo de lectura":"3 minutos"},"schema":{"@context":"https:\/\/schema.org","@graph":[{"@type":"WebPage","@id":"https:\/\/tourtravelandmore.com\/es\/tours\/italia-es\/palermo-es\/traslado-desde-palermo-a-catania-con-parada-en-el-valle-de-los-templos-de-agrigento\/","url":"https:\/\/tourtravelandmore.com\/es\/tours\/italia-es\/palermo-es\/traslado-desde-palermo-a-catania-con-parada-en-el-valle-de-los-templos-de-agrigento\/","name":"Traslado desde Palermo a Catania parando en Valle de los Templos | TTM","isPartOf":{"@id":"https:\/\/tourtravelandmore.com\/es\/#website"},"primaryImageOfPage":{"@id":"https:\/\/tourtravelandmore.com\/es\/tours\/italia-es\/palermo-es\/traslado-desde-palermo-a-catania-con-parada-en-el-valle-de-los-templos-de-agrigento\/#primaryimage"},"image":{"@id":"https:\/\/tourtravelandmore.com\/es\/tours\/italia-es\/palermo-es\/traslado-desde-palermo-a-catania-con-parada-en-el-valle-de-los-templos-de-agrigento\/#primaryimage"},"thumbnailUrl":"https:\/\/tourtravelandmore.com\/wp-content\/uploads\/2022\/10\/pexels-jose-barbosa-10765309-scaled.jpg","datePublished":"2022-10-21T14:06:48+00:00","dateModified":"2022-11-07T14:41:43+00:00","description":"Traslado desde Palermo a Catania con parada en el Valle de los Templos de Agrigento. Disfruta de este viaje con TourTravel&More \u2705","breadcrumb":{"@id":"https:\/\/tourtravelandmore.com\/es\/tours\/italia-es\/palermo-es\/traslado-desde-palermo-a-catania-con-parada-en-el-valle-de-los-templos-de-agrigento\/#breadcrumb"},"inLanguage":"es","potentialAction":[{"@type":"ReadAction","target":["https:\/\/tourtravelandmore.com\/es\/tours\/italia-es\/palermo-es\/traslado-desde-palermo-a-catania-con-parada-en-el-valle-de-los-templos-de-agrigento\/"]}]},{"@type":"ImageObject","inLanguage":"es","@id":"https:\/\/tourtravelandmore.com\/es\/tours\/italia-es\/palermo-es\/traslado-desde-palermo-a-catania-con-parada-en-el-valle-de-los-templos-de-agrigento\/#primaryimage","url":"https:\/\/tourtravelandmore.com\/wp-content\/uploads\/2022\/10\/pexels-jose-barbosa-10765309-scaled.jpg","contentUrl":"https:\/\/tourtravelandmore.com\/wp-content\/uploads\/2022\/10\/pexels-jose-barbosa-10765309-scaled.jpg","width":2560,"height":1738},{"@type":"BreadcrumbList","@id":"https:\/\/tourtravelandmore.com\/es\/tours\/italia-es\/palermo-es\/traslado-desde-palermo-a-catania-con-parada-en-el-valle-de-los-templos-de-agrigento\/#breadcrumb","itemListElement":[{"@type":"ListItem","position":1,"name":"Home","item":"https:\/\/tourtravelandmore.com\/es\/"},{"@type":"ListItem","position":2,"name":"Tours","item":"https:\/\/tourtravelandmore.com\/es\/tours\/"},{"@type":"ListItem","position":3,"name":"Traslado desde Palermo a Catania con parada en el Valle de los Templos de Agrigento"}]},{"@type":"WebSite","@id":"https:\/\/tourtravelandmore.com\/es\/#website","url":"https:\/\/tourtravelandmore.com\/es\/","name":"Tour Travel And More","description":"Private sightseeing tours and luxury transfers in Spain","publisher":{"@id":"https:\/\/tourtravelandmore.com\/es\/#organization"},"potentialAction":[{"@type":"SearchAction","target":{"@type":"EntryPoint","urlTemplate":"https:\/\/tourtravelandmore.com\/es\/?s={search_term_string}"},"query-input":{"@type":"PropertyValueSpecification","valueRequired":true,"valueName":"search_term_string"}}],"inLanguage":"es"},{"@type":"Organization","@id":"https:\/\/tourtravelandmore.com\/es\/#organization","name":"Tour Travel And More","url":"https:\/\/tourtravelandmore.com\/es\/","logo":{"@type":"ImageObject","inLanguage":"es","@id":"https:\/\/tourtravelandmore.com\/es\/#\/schema\/logo\/image\/","url":"https:\/\/tourtravelandmore.com\/wp-content\/uploads\/2022\/12\/cropped-logo-cabecera-new.png","contentUrl":"https:\/\/tourtravelandmore.com\/wp-content\/uploads\/2022\/12\/cropped-logo-cabecera-new.png","width":430,"height":61,"caption":"Tour Travel And More"},"image":{"@id":"https:\/\/tourtravelandmore.com\/es\/#\/schema\/logo\/image\/"},"sameAs":["https:\/\/www.facebook.com\/tourtravelandmore\/","https:\/\/x.com\/TourTravel_More"]}]}},"_links":{"self":[{"href":"https:\/\/tourtravelandmore.com\/es\/wp-json\/wp\/v2\/product\/141262","targetHints":{"allow":["GET"]}}],"collection":[{"href":"https:\/\/tourtravelandmore.com\/es\/wp-json\/wp\/v2\/product"}],"about":[{"href":"https:\/\/tourtravelandmore.com\/es\/wp-json\/wp\/v2\/types\/product"}],"replies":[{"embeddable":true,"href":"https:\/\/tourtravelandmore.com\/es\/wp-json\/wp\/v2\/comments?post=141262"}],"wp:featuredmedia":[{"embeddable":true,"href":"https:\/\/tourtravelandmore.com\/es\/wp-json\/wp\/v2\/media\/141283"}],"wp:attachment":[{"href":"https:\/\/tourtravelandmore.com\/es\/wp-json\/wp\/v2\/media?parent=141262"}],"wp:term":[{"taxonomy":"product_brand","embeddable":true,"href":"https:\/\/tourtravelandmore.com\/es\/wp-json\/wp\/v2\/product_brand?post=141262"},{"taxonomy":"product_cat","embeddable":true,"href":"https:\/\/tourtravelandmore.com\/es\/wp-json\/wp\/v2\/product_cat?post=141262"},{"taxonomy":"product_tag","embeddable":true,"href":"https:\/\/tourtravelandmore.com\/es\/wp-json\/wp\/v2\/product_tag?post=141262"}],"curies":[{"name":"wp","href":"https:\/\/api.w.org\/{rel}","templated":true}]}}