{"id":141216,"date":"2022-10-20T19:36:44","date_gmt":"2022-10-20T17:36:45","guid":{"rendered":"https:\/\/tourtravelandmore.com\/?post_type=product&#038;p=141216"},"modified":"2022-11-07T14:47:16","modified_gmt":"2022-11-07T13:47:16","slug":"tour-privado-por-palermo-monreale-y-cefalu-desde-palermo","status":"publish","type":"product","link":"https:\/\/tourtravelandmore.com\/es\/tours\/italia-es\/palermo-es\/tour-privado-por-palermo-monreale-y-cefalu-desde-palermo\/","title":{"rendered":"Tour Privado por Palermo, Monreale y Cefal\u00fa desde Palermo"},"content":{"rendered":"<h2><b>Descripci\u00f3n del Tour privado de Palermo, Monreale y Cefal\u00fa desde Palermo<\/b><\/h2>\n<p><b>Palermo, Monreale y Cefal\u00fa<\/b><span style=\"font-weight: 400;\"> son unas de las ciudades m\u00e1s bellas de Sicilia e incluso de Italia. Disfrute de este <\/span><b>Tour privado de Palermo, Monreale y Cefal\u00fa desde Palermo<\/b><span style=\"font-weight: 400;\"> c\u00f3modo en un <\/span><b>veh\u00edculo privado de lujo con conductor<\/b><span style=\"font-weight: 400;\"> y <\/span><b>gu\u00eda tur\u00edstico oficial<\/b><span style=\"font-weight: 400;\">.<\/span><\/p>\n<p><strong>Palermo<\/strong> es conocida como la capital tur\u00edstica y econ\u00f3mica de la regi\u00f3n de Sicilia. Fue fundada por los fenicios y posteriormente conquistada por los griegos. La ciudad tuvo su mejor momento bajo la dominaci\u00f3n \u00e1rabe (siglos IX al XI d.C.). M\u00e1s tarde, los normandos conquistaron la ciudad y destruyeron muchas de las mezquitas y palacios.<\/p>\n<p>La ciudad de Palermo tiene un clima hermoso todo el a\u00f1o y cuenta con una oferta gastron\u00f3mica deslumbrante, por eso es el lugar perfecto para tus vacaciones.<\/p>\n<p><b>Monreale<\/b><span style=\"font-weight: 400;\"> es un municipio italiano de la provincia de Palermo. Esta encantadora ciudad es una de las m\u00e1s visitadas de toda Sicilia. Es el lugar perfecto para relajarse y tambi\u00e9n para disfrutar de la maravillosa naturaleza y arquitectura que caracteriza a esta ciudad.<\/span><\/p>\n<p><b>Cefal\u00fa <\/b><span style=\"font-weight: 400;\">es una antigua y peque\u00f1a ciudad situada tambi\u00e9n en la provincia de Palermo. Esta ciudad tambi\u00e9n es conocida como &#8220;ciudadela normanda&#8221; debido a la dominaci\u00f3n normanda que sufri\u00f3 durante varios a\u00f1os.<\/span><\/p>\n<p>En caso de que lo prefiera, tambi\u00e9n podemos ofrecerle la posibilidad de visitar Palermo con un gu\u00eda tur\u00edstico local. Eche un vistazo a <a href=\"https:\/\/tourtravelandmore.com\/es\/tours\/italia-es\/palermo-es\/tour-privado-a-pie-3-horas-de-palermo\/\">nuestro tour privado a pie por Palermo<\/a>.<\/p>\n<h2><strong>Puntos de inter\u00e9s<\/strong><\/h2>\n<p><span style=\"font-weight: 400;\">La ciudad de <strong>Palermo<\/strong> ha sido hogar de muchas culturas diferentes durante toda su historia, es por eso que es una ciudad alucinante que vale la pena conocer.<\/span><\/p>\n<p><span style=\"font-weight: 400;\">En primer lugar, se encontrar\u00e1 con su conductor privado y su gu\u00eda tur\u00edstico oficial en su hotel o lugar de elecci\u00f3n en Palermo. La hora de inicio del tour la determinar\u00e1 usted.<\/span><\/p>\n<p><span style=\"font-weight: 400;\">Durante este tour conocer\u00e1s los sitios m\u00e1s emblem\u00e1ticos de la ciudad. Entre otros monumentos y lugares de inter\u00e9s que puede conocer durante este tour privado por Palermo, Monreale y Cefal\u00fa:<\/span><\/p>\n<ul>\n<li><b>Quattro Canti<\/b><\/li>\n<li><b>Mercado Hist\u00f3rico de Palermo<\/b><\/li>\n<li aria-level=\"1\"><a href=\"https:\/\/www.teatromassimo.it\/\"><b>Teatro Massimo<\/b><\/a><\/li>\n<\/ul>\n<ul>\n<li style=\"font-weight: 400;\" aria-level=\"1\"><b>Iglesia \u00abSanta Maria dell\u2019Ammiraglio Martorana\u00bb<\/b><\/li>\n<li style=\"font-weight: 400;\" aria-level=\"1\"><b>Palacio normando<\/b><\/li>\n<li style=\"font-weight: 400;\" aria-level=\"1\"><b>Duomo (Catedral de Palermo)<\/b><\/li>\n<li style=\"font-weight: 400;\" aria-level=\"1\"><b>San Giovanni degli Eremiti<\/b><\/li>\n<li style=\"font-weight: 400;\" aria-level=\"1\"><b>Iglesia de Santa Maria dell\u2019Ammiraglio Martorana<\/b><\/li>\n<\/ul>\n<p><span style=\"font-weight: 400;\">Luego de este hermoso recorrido por Palermo, su conductor privado y su gu\u00eda oficial le llevar\u00e1n a <\/span><b>Monreale<\/b><span style=\"font-weight: 400;\">.<\/span><\/p>\n<p><span style=\"font-weight: 400;\">Esta ciudad alberga una de las catedrales m\u00e1s espectaculares del mundo. Esta catedral data del siglo XII y es uno de los mejores ejemplos de arquitectura normanda. La<\/span><a href=\"https:\/\/www.tiqets.com\/en\/cathedral-of-monreale-tickets-l146726\/\"> <span style=\"font-weight: 400;\">catedral<\/span><\/a><span style=\"font-weight: 400;\"> tiene, en su interior, la mayor concentraci\u00f3n de escenas de mosaico del mundo. La entrada al Duomo est\u00e1 incluida en el precio de este tour.<\/span><\/p>\n<ul>\n<li aria-level=\"1\"><b>Duomo di Monreale.\u00a0<\/b><\/li>\n<li aria-level=\"1\"><b>Benedictine Cloister.\u00a0<\/b><\/li>\n<li aria-level=\"1\"><b>Le Absidi.\u00a0<\/b><\/li>\n<li aria-level=\"1\"><b>Piazza Vittorio Emanuele.\u00a0<\/b><\/li>\n<li aria-level=\"1\"><b>Fontana del Tritone.\u00a0<\/b><\/li>\n<li aria-level=\"1\"><b>Museo Diocesano di Monreale.\u00a0<\/b><\/li>\n<li aria-level=\"1\"><b>AcquaPark Monreale.<\/b><\/li>\n<li aria-level=\"1\"><b>Ciambr&#8217;Art.\u00a0<\/b><\/li>\n<\/ul>\n<p><span style=\"font-weight: 400;\">Despu\u00e9s de <strong>Monreale<\/strong>, su conductor y gu\u00eda privados le llevar\u00e1n a la hermosa ciudad costera de <\/span><b>Cefal\u00fa<\/b><span style=\"font-weight: 400;\">. Esta ciudad costera medieval tambi\u00e9n alberga una maravillosa <strong>catedral normanda<\/strong>, construida por el rey Roger II en 1131. Durante su visita a Cefal\u00fa podr\u00e1 descubrir la Catedral, su claustro y el centro medieval de la ciudad.<\/span><\/p>\n<p><span style=\"font-weight: 400;\">Si est\u00e1 interesado en visitar alg\u00fan monumento o museo de la ciudad, no dude en contactar con nosotros. Podemos gestionar entradas sin colas a cualquier sitio de Palermo.<\/span><\/p>\n<p><span style=\"font-weight: 400;\">Su conductor y gu\u00eda privados estar\u00e1n a su total disposici\u00f3n durante el recorrido de 4 horas. Podr\u00e1s visitar todos los rincones de esta incre\u00edble ciudad italiana.<\/span><\/p>\n<p><span style=\"font-weight: 400;\">Finalmente, su conductor y gu\u00eda privado lo dejar\u00e1n en su hotel o punto de partida en Palermo.<\/span><\/p>\n","protected":false},"excerpt":{"rendered":"<p>La ciudad de Palermo es la capital de la regi\u00f3n de Sicilia y tiene mucho que ofrecer. Podr\u00e1 admirar todos los imprescindibles de esta ciudad \u00fanica junto con su conductor privado y gu\u00eda tur\u00edstico oficial. Visite lugares como el <strong>Duomo<\/strong>, <strong>Quattro Canti<\/strong> y el <strong>mercado hist\u00f3rico de Palermo<\/strong>.<\/p>\n","protected":false},"featured_media":141310,"comment_status":"open","ping_status":"closed","template":"","meta":{"_acf_changed":false},"product_brand":[],"product_cat":[699,705,717,711,862],"product_tag":[],"class_list":{"0":"post-141216","1":"product","2":"type-product","3":"status-publish","4":"has-post-thumbnail","6":"product_cat-palermo-es","7":"product_cat-palermo-actividades-es","8":"product_cat-palermo-rutas-turisticas-privadas-es","9":"product_cat-palermo-excursiones-es","10":"product_cat-palermo-excursiones-privadas-cruceros-es","12":"first","13":"instock","14":"shipping-taxable","15":"purchasable","16":"product-type-simple"},"acf":[],"yoast_head":"<!-- This site is optimized with the Yoast SEO Premium plugin v25.3.1 (Yoast SEO v25.3.1) - https:\/\/yoast.com\/wordpress\/plugins\/seo\/ -->\n<title>Tour Privado por Palermo, Monreale y Cefal\u00fa desde Palermo | TTM<\/title>\n<meta name=\"description\" content=\"Admira los lugares y monumentos m\u00e1s bellos con este Tour Privado de Palermo, Monreale y Cefal\u00f9 desde Palermo. TourTravel&amp;More\" \/>\n<meta name=\"robots\" content=\"index, follow, max-snippet:-1, max-image-preview:large, max-video-preview:-1\" \/>\n<link rel=\"canonical\" href=\"https:\/\/tourtravelandmore.com\/es\/tours\/italia-es\/palermo-es\/tour-privado-por-palermo-monreale-y-cefalu-desde-palermo\/\" \/>\n<meta property=\"og:locale\" content=\"es_ES\" \/>\n<meta property=\"og:type\" content=\"article\" \/>\n<meta property=\"og:title\" content=\"Tour Privado por Palermo, Monreale y Cefal\u00fa desde Palermo\" \/>\n<meta property=\"og:description\" content=\"Admira los lugares y monumentos m\u00e1s bellos con este Tour Privado de Palermo, Monreale y Cefal\u00f9 desde Palermo. TourTravel&amp;More\" \/>\n<meta property=\"og:url\" content=\"https:\/\/tourtravelandmore.com\/es\/tours\/italia-es\/palermo-es\/tour-privado-por-palermo-monreale-y-cefalu-desde-palermo\/\" \/>\n<meta property=\"og:site_name\" content=\"Tour Travel And More\" \/>\n<meta property=\"article:publisher\" content=\"https:\/\/www.facebook.com\/tourtravelandmore\/\" \/>\n<meta property=\"article:modified_time\" content=\"2022-11-07T13:47:16+00:00\" \/>\n<meta property=\"og:image\" content=\"https:\/\/tourtravelandmore.com\/wp-content\/uploads\/2022\/10\/pexels-artem-lysenko-4783647-scaled.jpg\" \/>\n\t<meta property=\"og:image:width\" content=\"2560\" \/>\n\t<meta property=\"og:image:height\" content=\"1707\" \/>\n\t<meta property=\"og:image:type\" content=\"image\/jpeg\" \/>\n<meta name=\"twitter:card\" content=\"summary_large_image\" \/>\n<meta name=\"twitter:site\" content=\"@TourTravel_More\" \/>\n<meta name=\"twitter:label1\" content=\"Tiempo de lectura\" \/>\n\t<meta name=\"twitter:data1\" content=\"3 minutos\" \/>\n<script type=\"application\/ld+json\" class=\"yoast-schema-graph\">{\"@context\":\"https:\/\/schema.org\",\"@graph\":[{\"@type\":\"WebPage\",\"@id\":\"https:\/\/tourtravelandmore.com\/es\/tours\/italia-es\/palermo-es\/tour-privado-por-palermo-monreale-y-cefalu-desde-palermo\/\",\"url\":\"https:\/\/tourtravelandmore.com\/es\/tours\/italia-es\/palermo-es\/tour-privado-por-palermo-monreale-y-cefalu-desde-palermo\/\",\"name\":\"Tour Privado por Palermo, Monreale y Cefal\u00fa desde Palermo | TTM\",\"isPartOf\":{\"@id\":\"https:\/\/tourtravelandmore.com\/es\/#website\"},\"primaryImageOfPage\":{\"@id\":\"https:\/\/tourtravelandmore.com\/es\/tours\/italia-es\/palermo-es\/tour-privado-por-palermo-monreale-y-cefalu-desde-palermo\/#primaryimage\"},\"image\":{\"@id\":\"https:\/\/tourtravelandmore.com\/es\/tours\/italia-es\/palermo-es\/tour-privado-por-palermo-monreale-y-cefalu-desde-palermo\/#primaryimage\"},\"thumbnailUrl\":\"https:\/\/tourtravelandmore.com\/wp-content\/uploads\/2022\/10\/pexels-artem-lysenko-4783647-scaled.jpg\",\"datePublished\":\"2022-10-20T17:36:45+00:00\",\"dateModified\":\"2022-11-07T13:47:16+00:00\",\"description\":\"Admira los lugares y monumentos m\u00e1s bellos con este Tour Privado de Palermo, Monreale y Cefal\u00f9 desde Palermo. TourTravel&More\",\"breadcrumb\":{\"@id\":\"https:\/\/tourtravelandmore.com\/es\/tours\/italia-es\/palermo-es\/tour-privado-por-palermo-monreale-y-cefalu-desde-palermo\/#breadcrumb\"},\"inLanguage\":\"es\",\"potentialAction\":[{\"@type\":\"ReadAction\",\"target\":[\"https:\/\/tourtravelandmore.com\/es\/tours\/italia-es\/palermo-es\/tour-privado-por-palermo-monreale-y-cefalu-desde-palermo\/\"]}]},{\"@type\":\"ImageObject\",\"inLanguage\":\"es\",\"@id\":\"https:\/\/tourtravelandmore.com\/es\/tours\/italia-es\/palermo-es\/tour-privado-por-palermo-monreale-y-cefalu-desde-palermo\/#primaryimage\",\"url\":\"https:\/\/tourtravelandmore.com\/wp-content\/uploads\/2022\/10\/pexels-artem-lysenko-4783647-scaled.jpg\",\"contentUrl\":\"https:\/\/tourtravelandmore.com\/wp-content\/uploads\/2022\/10\/pexels-artem-lysenko-4783647-scaled.jpg\",\"width\":2560,\"height\":1707},{\"@type\":\"BreadcrumbList\",\"@id\":\"https:\/\/tourtravelandmore.com\/es\/tours\/italia-es\/palermo-es\/tour-privado-por-palermo-monreale-y-cefalu-desde-palermo\/#breadcrumb\",\"itemListElement\":[{\"@type\":\"ListItem\",\"position\":1,\"name\":\"Home\",\"item\":\"https:\/\/tourtravelandmore.com\/es\/\"},{\"@type\":\"ListItem\",\"position\":2,\"name\":\"Tours\",\"item\":\"https:\/\/tourtravelandmore.com\/es\/tours\/\"},{\"@type\":\"ListItem\",\"position\":3,\"name\":\"Tour Privado por Palermo, Monreale y Cefal\u00fa desde Palermo\"}]},{\"@type\":\"WebSite\",\"@id\":\"https:\/\/tourtravelandmore.com\/es\/#website\",\"url\":\"https:\/\/tourtravelandmore.com\/es\/\",\"name\":\"Tour Travel And More\",\"description\":\"Private sightseeing tours and luxury transfers in Spain\",\"publisher\":{\"@id\":\"https:\/\/tourtravelandmore.com\/es\/#organization\"},\"potentialAction\":[{\"@type\":\"SearchAction\",\"target\":{\"@type\":\"EntryPoint\",\"urlTemplate\":\"https:\/\/tourtravelandmore.com\/es\/?s={search_term_string}\"},\"query-input\":{\"@type\":\"PropertyValueSpecification\",\"valueRequired\":true,\"valueName\":\"search_term_string\"}}],\"inLanguage\":\"es\"},{\"@type\":\"Organization\",\"@id\":\"https:\/\/tourtravelandmore.com\/es\/#organization\",\"name\":\"Tour Travel And More\",\"url\":\"https:\/\/tourtravelandmore.com\/es\/\",\"logo\":{\"@type\":\"ImageObject\",\"inLanguage\":\"es\",\"@id\":\"https:\/\/tourtravelandmore.com\/es\/#\/schema\/logo\/image\/\",\"url\":\"https:\/\/tourtravelandmore.com\/wp-content\/uploads\/2022\/12\/cropped-logo-cabecera-new.png\",\"contentUrl\":\"https:\/\/tourtravelandmore.com\/wp-content\/uploads\/2022\/12\/cropped-logo-cabecera-new.png\",\"width\":430,\"height\":61,\"caption\":\"Tour Travel And More\"},\"image\":{\"@id\":\"https:\/\/tourtravelandmore.com\/es\/#\/schema\/logo\/image\/\"},\"sameAs\":[\"https:\/\/www.facebook.com\/tourtravelandmore\/\",\"https:\/\/x.com\/TourTravel_More\"]}]}<\/script>\n<!-- \/ Yoast SEO Premium plugin. -->","yoast_head_json":{"title":"Tour Privado por Palermo, Monreale y Cefal\u00fa desde Palermo | TTM","description":"Admira los lugares y monumentos m\u00e1s bellos con este Tour Privado de Palermo, Monreale y Cefal\u00f9 desde Palermo. TourTravel&More","robots":{"index":"index","follow":"follow","max-snippet":"max-snippet:-1","max-image-preview":"max-image-preview:large","max-video-preview":"max-video-preview:-1"},"canonical":"https:\/\/tourtravelandmore.com\/es\/tours\/italia-es\/palermo-es\/tour-privado-por-palermo-monreale-y-cefalu-desde-palermo\/","og_locale":"es_ES","og_type":"article","og_title":"Tour Privado por Palermo, Monreale y Cefal\u00fa desde Palermo","og_description":"Admira los lugares y monumentos m\u00e1s bellos con este Tour Privado de Palermo, Monreale y Cefal\u00f9 desde Palermo. TourTravel&More","og_url":"https:\/\/tourtravelandmore.com\/es\/tours\/italia-es\/palermo-es\/tour-privado-por-palermo-monreale-y-cefalu-desde-palermo\/","og_site_name":"Tour Travel And More","article_publisher":"https:\/\/www.facebook.com\/tourtravelandmore\/","article_modified_time":"2022-11-07T13:47:16+00:00","og_image":[{"width":2560,"height":1707,"url":"https:\/\/tourtravelandmore.com\/wp-content\/uploads\/2022\/10\/pexels-artem-lysenko-4783647-scaled.jpg","type":"image\/jpeg"}],"twitter_card":"summary_large_image","twitter_site":"@TourTravel_More","twitter_misc":{"Tiempo de lectura":"3 minutos"},"schema":{"@context":"https:\/\/schema.org","@graph":[{"@type":"WebPage","@id":"https:\/\/tourtravelandmore.com\/es\/tours\/italia-es\/palermo-es\/tour-privado-por-palermo-monreale-y-cefalu-desde-palermo\/","url":"https:\/\/tourtravelandmore.com\/es\/tours\/italia-es\/palermo-es\/tour-privado-por-palermo-monreale-y-cefalu-desde-palermo\/","name":"Tour Privado por Palermo, Monreale y Cefal\u00fa desde Palermo | TTM","isPartOf":{"@id":"https:\/\/tourtravelandmore.com\/es\/#website"},"primaryImageOfPage":{"@id":"https:\/\/tourtravelandmore.com\/es\/tours\/italia-es\/palermo-es\/tour-privado-por-palermo-monreale-y-cefalu-desde-palermo\/#primaryimage"},"image":{"@id":"https:\/\/tourtravelandmore.com\/es\/tours\/italia-es\/palermo-es\/tour-privado-por-palermo-monreale-y-cefalu-desde-palermo\/#primaryimage"},"thumbnailUrl":"https:\/\/tourtravelandmore.com\/wp-content\/uploads\/2022\/10\/pexels-artem-lysenko-4783647-scaled.jpg","datePublished":"2022-10-20T17:36:45+00:00","dateModified":"2022-11-07T13:47:16+00:00","description":"Admira los lugares y monumentos m\u00e1s bellos con este Tour Privado de Palermo, Monreale y Cefal\u00f9 desde Palermo. TourTravel&More","breadcrumb":{"@id":"https:\/\/tourtravelandmore.com\/es\/tours\/italia-es\/palermo-es\/tour-privado-por-palermo-monreale-y-cefalu-desde-palermo\/#breadcrumb"},"inLanguage":"es","potentialAction":[{"@type":"ReadAction","target":["https:\/\/tourtravelandmore.com\/es\/tours\/italia-es\/palermo-es\/tour-privado-por-palermo-monreale-y-cefalu-desde-palermo\/"]}]},{"@type":"ImageObject","inLanguage":"es","@id":"https:\/\/tourtravelandmore.com\/es\/tours\/italia-es\/palermo-es\/tour-privado-por-palermo-monreale-y-cefalu-desde-palermo\/#primaryimage","url":"https:\/\/tourtravelandmore.com\/wp-content\/uploads\/2022\/10\/pexels-artem-lysenko-4783647-scaled.jpg","contentUrl":"https:\/\/tourtravelandmore.com\/wp-content\/uploads\/2022\/10\/pexels-artem-lysenko-4783647-scaled.jpg","width":2560,"height":1707},{"@type":"BreadcrumbList","@id":"https:\/\/tourtravelandmore.com\/es\/tours\/italia-es\/palermo-es\/tour-privado-por-palermo-monreale-y-cefalu-desde-palermo\/#breadcrumb","itemListElement":[{"@type":"ListItem","position":1,"name":"Home","item":"https:\/\/tourtravelandmore.com\/es\/"},{"@type":"ListItem","position":2,"name":"Tours","item":"https:\/\/tourtravelandmore.com\/es\/tours\/"},{"@type":"ListItem","position":3,"name":"Tour Privado por Palermo, Monreale y Cefal\u00fa desde Palermo"}]},{"@type":"WebSite","@id":"https:\/\/tourtravelandmore.com\/es\/#website","url":"https:\/\/tourtravelandmore.com\/es\/","name":"Tour Travel And More","description":"Private sightseeing tours and luxury transfers in Spain","publisher":{"@id":"https:\/\/tourtravelandmore.com\/es\/#organization"},"potentialAction":[{"@type":"SearchAction","target":{"@type":"EntryPoint","urlTemplate":"https:\/\/tourtravelandmore.com\/es\/?s={search_term_string}"},"query-input":{"@type":"PropertyValueSpecification","valueRequired":true,"valueName":"search_term_string"}}],"inLanguage":"es"},{"@type":"Organization","@id":"https:\/\/tourtravelandmore.com\/es\/#organization","name":"Tour Travel And More","url":"https:\/\/tourtravelandmore.com\/es\/","logo":{"@type":"ImageObject","inLanguage":"es","@id":"https:\/\/tourtravelandmore.com\/es\/#\/schema\/logo\/image\/","url":"https:\/\/tourtravelandmore.com\/wp-content\/uploads\/2022\/12\/cropped-logo-cabecera-new.png","contentUrl":"https:\/\/tourtravelandmore.com\/wp-content\/uploads\/2022\/12\/cropped-logo-cabecera-new.png","width":430,"height":61,"caption":"Tour Travel And More"},"image":{"@id":"https:\/\/tourtravelandmore.com\/es\/#\/schema\/logo\/image\/"},"sameAs":["https:\/\/www.facebook.com\/tourtravelandmore\/","https:\/\/x.com\/TourTravel_More"]}]}},"_links":{"self":[{"href":"https:\/\/tourtravelandmore.com\/es\/wp-json\/wp\/v2\/product\/141216","targetHints":{"allow":["GET"]}}],"collection":[{"href":"https:\/\/tourtravelandmore.com\/es\/wp-json\/wp\/v2\/product"}],"about":[{"href":"https:\/\/tourtravelandmore.com\/es\/wp-json\/wp\/v2\/types\/product"}],"replies":[{"embeddable":true,"href":"https:\/\/tourtravelandmore.com\/es\/wp-json\/wp\/v2\/comments?post=141216"}],"wp:featuredmedia":[{"embeddable":true,"href":"https:\/\/tourtravelandmore.com\/es\/wp-json\/wp\/v2\/media\/141310"}],"wp:attachment":[{"href":"https:\/\/tourtravelandmore.com\/es\/wp-json\/wp\/v2\/media?parent=141216"}],"wp:term":[{"taxonomy":"product_brand","embeddable":true,"href":"https:\/\/tourtravelandmore.com\/es\/wp-json\/wp\/v2\/product_brand?post=141216"},{"taxonomy":"product_cat","embeddable":true,"href":"https:\/\/tourtravelandmore.com\/es\/wp-json\/wp\/v2\/product_cat?post=141216"},{"taxonomy":"product_tag","embeddable":true,"href":"https:\/\/tourtravelandmore.com\/es\/wp-json\/wp\/v2\/product_tag?post=141216"}],"curies":[{"name":"wp","href":"https:\/\/api.w.org\/{rel}","templated":true}]}}