{"id":141148,"date":"2022-10-20T15:31:09","date_gmt":"2022-10-20T13:31:05","guid":{"rendered":"https:\/\/tourtravelandmore.com\/?post_type=product&#038;p=141148"},"modified":"2022-11-07T14:37:46","modified_gmt":"2022-11-07T13:37:46","slug":"tour-privado-a-segesta-erice-trapani-y-las-salinas-desde-palermo","status":"publish","type":"product","link":"https:\/\/tourtravelandmore.com\/es\/tours\/italia-es\/palermo-es\/tour-privado-a-segesta-erice-trapani-y-las-salinas-desde-palermo\/","title":{"rendered":"Tour privado Segesta, Erice, Trapani y las salinas desde Palermo"},"content":{"rendered":"<h2><strong>Descripci\u00f3n del Tour privado a Segesta, Erice, Trapani y las salinas desde Palermo<\/strong><\/h2>\n<p><span style=\"font-weight: 400;\">Disfrute de este <\/span><b>tour privado a Segesta, Erice, Trapani y las salinas desde Palermo<\/b><span style=\"font-weight: 400;\">\u00a0desde el lugar que elija en Palermo. Conocer\u00e1 el Templo de Segesta y la ciudad medieval de Erice c\u00f3modamente en su <\/span><b>veh\u00edculo privado de lujo con conductor<\/b><span style=\"font-weight: 400;\">. Tambi\u00e9n tendr\u00e1 un <\/span><b>gu\u00eda tur\u00edstico oficial privado<\/b><span style=\"font-weight: 400;\"> disponible para todo el recorrido.<\/span><\/p>\n<p><b>Trapani<\/b><span style=\"font-weight: 400;\"> es una ciudad del oeste de <\/span><b>Sicilia<\/b> <span style=\"font-weight: 400;\">con una costa en forma de media luna. En el extremo occidental se encuentra la torre de vigilancia de Ligny, del siglo XVII, que ofrece vistas hasta las islas Egadas. Tambi\u00e9n alberga el Museo di Preistoria e del Mare, donde se exponen piezas arqueol\u00f3gicas. Al norte del puerto, la iglesia del Purgatorio cuenta con esculturas de madera que se llevan en procesi\u00f3n por la ciudad durante la Processione dei Misteri en Semana Santa.<\/span><\/p>\n<p><strong>Erice<\/strong> es una ciudad ubicada en la provincia de Trapani en Sicilia. Un dato interesante es que se encuentra en una monta\u00f1a hom\u00f3nima, en el monte San Giuliano. Desde esta ciudad podr\u00e1 admirar las impresionantes vistas de Trapani y las islas Egadi.<\/p>\n<p>Por otro lado, tenemos a <strong>Segesta<\/strong>, una hermosa ciudad de Sicilia ubicada en el noroeste de la isla. El icono de esta ciudad es el <a href=\"https:\/\/es.wikipedia.org\/wiki\/Segesta_(Sicilia)\">Templo de Segesta<\/a> construido en una cima en las afueras de la antigua Segesta.<\/p>\n<p>Este es un tour de d\u00eda completo, su conductor privado y gu\u00eda tur\u00edstico oficial estar\u00e1n a su total disposici\u00f3n durante 8 horas. En caso de que lo prefiera, tambi\u00e9n puede realizar este tour privado a Erice y Segesta solo con un conductor privado.<\/p>\n<h2><strong>Puntos de inter\u00e9s<\/strong><\/h2>\n<p>Su conductor privado y gu\u00eda tur\u00edstico oficial lo recoger\u00e1n en el lugar que elija en Palermo. Como se trata de un tour privado, usted determinar\u00e1 la hora de inicio.<\/p>\n<p>En primer lugar, lo llevar\u00e1n por la costa norte, pasar\u00e1n por el <strong>golfo de Castellamare<\/strong> y llegar\u00e1n a <strong>Segesta<\/strong>. Una vez all\u00ed, se encontrar\u00e1 con el maravilloso <strong>Templo Griego<\/strong>, que est\u00e1 rodeado por un paisaje maravilloso. Este templo griego fue construido a finales del siglo V a. C. y, seg\u00fan la leyenda, tiene origen troyano. El ticket de entrada al Templo est\u00e1 incluido en el precio del tour.<\/p>\n<p>En segundo lugar, su conductor y gu\u00eda privados lo llevar\u00e1n a <strong>Erice<\/strong>. Ubicada a 2400 pies sobre el nivel del mar, esta hermosa ciudad medieval con calles adoquinadas es muy atractiva. Conocer\u00e1s esta ciudad e ir\u00e1s al jard\u00edn p\u00fablico que se encuentra junto a las ruinas de un castillo normando. Desde aqu\u00ed podr\u00e1 disfrutar de una impresionante vista panor\u00e1mica.<\/p>\n<p><span style=\"font-weight: 400;\">Luego recorreremos la localidad de <strong>Trapani<\/strong>, donde podremos ver lugares como:<\/span><\/p>\n<ul>\n<li aria-level=\"1\"><b>Torre Ligny en la punta de Trapani.<\/b><\/li>\n<\/ul>\n<ul>\n<li aria-level=\"1\"><b>Museo Regional Agostino Pepoli.<\/b><\/li>\n<\/ul>\n<ul>\n<li aria-level=\"1\"><b>La Bas\u00edlica de San Lorenzo.<\/b><\/li>\n<\/ul>\n<ul>\n<li aria-level=\"1\"><b>Iglesia de las almas en el purgatorio.<\/b><\/li>\n<\/ul>\n<ul>\n<li aria-level=\"1\"><b>Museo de Arte Contempor\u00e1neo.<\/b><\/li>\n<\/ul>\n<ul>\n<li aria-level=\"1\"><b>Fuente de Saturno<\/b><\/li>\n<\/ul>\n<ul>\n<li aria-level=\"1\"><b>La Torre del Reloj Gemelo.<\/b><\/li>\n<\/ul>\n<p>Durante este tour privado tambi\u00e9n har\u00e1s una parada para almorzar. Su gu\u00eda privado puede recomendarle un lindo restaurante para usted y su grupo.<\/p>\n<p>Finalmente, su conductor y gu\u00eda lo llevar\u00e1n de regreso a su punto de partida en Palermo. Disfrutar\u00e1 de una experiencia de d\u00eda completo en la incre\u00edble isla de Sicilia.<\/p>\n<p>Tambi\u00e9n tenemos diferentes opciones de tours de d\u00eda completo desde Palermo, por favor eche un vistazo a <strong><a href=\"https:\/\/tourtravelandmore.com\/es\/tours\/italia-es\/palermo-es\/tour-privado-a-monreale-cefalu-y-castelbuono-desde-palermo\/\">nuestro tour privado a Monreale y Cefal\u00fa<\/a>.<\/strong><\/p>\n","protected":false},"excerpt":{"rendered":"<p>Acomp\u00e1\u00f1enos en esta <strong>excursi\u00f3n completamente privada a Erice y Segesta<\/strong> desde el puerto de cruceros, hotel o lugar de elecci\u00f3n en Palermo. Descubra, junto a su conductor privado y gu\u00eda tur\u00edstico oficial, el fabuloso <strong>Templo Griego de Segesta<\/strong> y <strong>Erice<\/strong>, una hermosa ciudad medieval ubicada a 2400 pies sobre el nivel del mar.<\/p>\n","protected":false},"featured_media":141171,"comment_status":"open","ping_status":"closed","template":"","meta":{"_acf_changed":false},"product_brand":[],"product_cat":[699,705,717,862],"product_tag":[],"class_list":{"0":"post-141148","1":"product","2":"type-product","3":"status-publish","4":"has-post-thumbnail","6":"product_cat-palermo-es","7":"product_cat-palermo-actividades-es","8":"product_cat-palermo-rutas-turisticas-privadas-es","9":"product_cat-palermo-excursiones-privadas-cruceros-es","11":"first","12":"instock","13":"shipping-taxable","14":"purchasable","15":"product-type-simple"},"acf":[],"yoast_head":"<!-- This site is optimized with the Yoast SEO Premium plugin v25.3.1 (Yoast SEO v25.3.1) - https:\/\/yoast.com\/wordpress\/plugins\/seo\/ -->\n<title>Tour privado a Segesta, Erice, Trapani y las salinas desde Palermo| TTM<\/title>\n<meta name=\"description\" content=\"Descubra los lugares m\u00e1s bellos de Sicilia. Haz esta excursi\u00f3n privada a las salinas de Segesta, Erice y Trapani desde Palermo.\" \/>\n<meta name=\"robots\" content=\"index, follow, max-snippet:-1, max-image-preview:large, max-video-preview:-1\" \/>\n<link rel=\"canonical\" href=\"https:\/\/tourtravelandmore.com\/es\/tours\/italia-es\/palermo-es\/tour-privado-a-segesta-erice-trapani-y-las-salinas-desde-palermo\/\" \/>\n<meta property=\"og:locale\" content=\"es_ES\" \/>\n<meta property=\"og:type\" content=\"article\" \/>\n<meta property=\"og:title\" content=\"Tour privado Segesta, Erice, Trapani y las salinas desde Palermo\" \/>\n<meta property=\"og:description\" content=\"Descubra los lugares m\u00e1s bellos de Sicilia. Haz esta excursi\u00f3n privada a las salinas de Segesta, Erice y Trapani desde Palermo.\" \/>\n<meta property=\"og:url\" content=\"https:\/\/tourtravelandmore.com\/es\/tours\/italia-es\/palermo-es\/tour-privado-a-segesta-erice-trapani-y-las-salinas-desde-palermo\/\" \/>\n<meta property=\"og:site_name\" content=\"Tour Travel And More\" \/>\n<meta property=\"article:publisher\" content=\"https:\/\/www.facebook.com\/tourtravelandmore\/\" \/>\n<meta property=\"article:modified_time\" content=\"2022-11-07T13:37:46+00:00\" \/>\n<meta property=\"og:image\" content=\"https:\/\/tourtravelandmore.com\/wp-content\/uploads\/2022\/10\/c848f1f0-da49-48ab-aae5-4ba4482a02a6-castello-erice-scaled.jpg\" \/>\n\t<meta property=\"og:image:width\" content=\"2560\" \/>\n\t<meta property=\"og:image:height\" content=\"1706\" \/>\n\t<meta property=\"og:image:type\" content=\"image\/jpeg\" \/>\n<meta name=\"twitter:card\" content=\"summary_large_image\" \/>\n<meta name=\"twitter:site\" content=\"@TourTravel_More\" \/>\n<meta name=\"twitter:label1\" content=\"Tiempo de lectura\" \/>\n\t<meta name=\"twitter:data1\" content=\"3 minutos\" \/>\n<script type=\"application\/ld+json\" class=\"yoast-schema-graph\">{\"@context\":\"https:\/\/schema.org\",\"@graph\":[{\"@type\":\"WebPage\",\"@id\":\"https:\/\/tourtravelandmore.com\/es\/tours\/italia-es\/palermo-es\/tour-privado-a-segesta-erice-trapani-y-las-salinas-desde-palermo\/\",\"url\":\"https:\/\/tourtravelandmore.com\/es\/tours\/italia-es\/palermo-es\/tour-privado-a-segesta-erice-trapani-y-las-salinas-desde-palermo\/\",\"name\":\"Tour privado a Segesta, Erice, Trapani y las salinas desde Palermo| TTM\",\"isPartOf\":{\"@id\":\"https:\/\/tourtravelandmore.com\/es\/#website\"},\"primaryImageOfPage\":{\"@id\":\"https:\/\/tourtravelandmore.com\/es\/tours\/italia-es\/palermo-es\/tour-privado-a-segesta-erice-trapani-y-las-salinas-desde-palermo\/#primaryimage\"},\"image\":{\"@id\":\"https:\/\/tourtravelandmore.com\/es\/tours\/italia-es\/palermo-es\/tour-privado-a-segesta-erice-trapani-y-las-salinas-desde-palermo\/#primaryimage\"},\"thumbnailUrl\":\"https:\/\/tourtravelandmore.com\/wp-content\/uploads\/2022\/10\/c848f1f0-da49-48ab-aae5-4ba4482a02a6-castello-erice-scaled.jpg\",\"datePublished\":\"2022-10-20T13:31:05+00:00\",\"dateModified\":\"2022-11-07T13:37:46+00:00\",\"description\":\"Descubra los lugares m\u00e1s bellos de Sicilia. Haz esta excursi\u00f3n privada a las salinas de Segesta, Erice y Trapani desde Palermo.\",\"breadcrumb\":{\"@id\":\"https:\/\/tourtravelandmore.com\/es\/tours\/italia-es\/palermo-es\/tour-privado-a-segesta-erice-trapani-y-las-salinas-desde-palermo\/#breadcrumb\"},\"inLanguage\":\"es\",\"potentialAction\":[{\"@type\":\"ReadAction\",\"target\":[\"https:\/\/tourtravelandmore.com\/es\/tours\/italia-es\/palermo-es\/tour-privado-a-segesta-erice-trapani-y-las-salinas-desde-palermo\/\"]}]},{\"@type\":\"ImageObject\",\"inLanguage\":\"es\",\"@id\":\"https:\/\/tourtravelandmore.com\/es\/tours\/italia-es\/palermo-es\/tour-privado-a-segesta-erice-trapani-y-las-salinas-desde-palermo\/#primaryimage\",\"url\":\"https:\/\/tourtravelandmore.com\/wp-content\/uploads\/2022\/10\/c848f1f0-da49-48ab-aae5-4ba4482a02a6-castello-erice-scaled.jpg\",\"contentUrl\":\"https:\/\/tourtravelandmore.com\/wp-content\/uploads\/2022\/10\/c848f1f0-da49-48ab-aae5-4ba4482a02a6-castello-erice-scaled.jpg\",\"width\":2560,\"height\":1706},{\"@type\":\"BreadcrumbList\",\"@id\":\"https:\/\/tourtravelandmore.com\/es\/tours\/italia-es\/palermo-es\/tour-privado-a-segesta-erice-trapani-y-las-salinas-desde-palermo\/#breadcrumb\",\"itemListElement\":[{\"@type\":\"ListItem\",\"position\":1,\"name\":\"Home\",\"item\":\"https:\/\/tourtravelandmore.com\/es\/\"},{\"@type\":\"ListItem\",\"position\":2,\"name\":\"Tours\",\"item\":\"https:\/\/tourtravelandmore.com\/es\/tours\/\"},{\"@type\":\"ListItem\",\"position\":3,\"name\":\"Tour privado Segesta, Erice, Trapani y las salinas desde Palermo\"}]},{\"@type\":\"WebSite\",\"@id\":\"https:\/\/tourtravelandmore.com\/es\/#website\",\"url\":\"https:\/\/tourtravelandmore.com\/es\/\",\"name\":\"Tour Travel And More\",\"description\":\"Private sightseeing tours and luxury transfers in Spain\",\"publisher\":{\"@id\":\"https:\/\/tourtravelandmore.com\/es\/#organization\"},\"potentialAction\":[{\"@type\":\"SearchAction\",\"target\":{\"@type\":\"EntryPoint\",\"urlTemplate\":\"https:\/\/tourtravelandmore.com\/es\/?s={search_term_string}\"},\"query-input\":{\"@type\":\"PropertyValueSpecification\",\"valueRequired\":true,\"valueName\":\"search_term_string\"}}],\"inLanguage\":\"es\"},{\"@type\":\"Organization\",\"@id\":\"https:\/\/tourtravelandmore.com\/es\/#organization\",\"name\":\"Tour Travel And More\",\"url\":\"https:\/\/tourtravelandmore.com\/es\/\",\"logo\":{\"@type\":\"ImageObject\",\"inLanguage\":\"es\",\"@id\":\"https:\/\/tourtravelandmore.com\/es\/#\/schema\/logo\/image\/\",\"url\":\"https:\/\/tourtravelandmore.com\/wp-content\/uploads\/2022\/12\/cropped-logo-cabecera-new.png\",\"contentUrl\":\"https:\/\/tourtravelandmore.com\/wp-content\/uploads\/2022\/12\/cropped-logo-cabecera-new.png\",\"width\":430,\"height\":61,\"caption\":\"Tour Travel And More\"},\"image\":{\"@id\":\"https:\/\/tourtravelandmore.com\/es\/#\/schema\/logo\/image\/\"},\"sameAs\":[\"https:\/\/www.facebook.com\/tourtravelandmore\/\",\"https:\/\/x.com\/TourTravel_More\"]}]}<\/script>\n<!-- \/ Yoast SEO Premium plugin. -->","yoast_head_json":{"title":"Tour privado a Segesta, Erice, Trapani y las salinas desde Palermo| TTM","description":"Descubra los lugares m\u00e1s bellos de Sicilia. Haz esta excursi\u00f3n privada a las salinas de Segesta, Erice y Trapani desde Palermo.","robots":{"index":"index","follow":"follow","max-snippet":"max-snippet:-1","max-image-preview":"max-image-preview:large","max-video-preview":"max-video-preview:-1"},"canonical":"https:\/\/tourtravelandmore.com\/es\/tours\/italia-es\/palermo-es\/tour-privado-a-segesta-erice-trapani-y-las-salinas-desde-palermo\/","og_locale":"es_ES","og_type":"article","og_title":"Tour privado Segesta, Erice, Trapani y las salinas desde Palermo","og_description":"Descubra los lugares m\u00e1s bellos de Sicilia. Haz esta excursi\u00f3n privada a las salinas de Segesta, Erice y Trapani desde Palermo.","og_url":"https:\/\/tourtravelandmore.com\/es\/tours\/italia-es\/palermo-es\/tour-privado-a-segesta-erice-trapani-y-las-salinas-desde-palermo\/","og_site_name":"Tour Travel And More","article_publisher":"https:\/\/www.facebook.com\/tourtravelandmore\/","article_modified_time":"2022-11-07T13:37:46+00:00","og_image":[{"width":2560,"height":1706,"url":"https:\/\/tourtravelandmore.com\/wp-content\/uploads\/2022\/10\/c848f1f0-da49-48ab-aae5-4ba4482a02a6-castello-erice-scaled.jpg","type":"image\/jpeg"}],"twitter_card":"summary_large_image","twitter_site":"@TourTravel_More","twitter_misc":{"Tiempo de lectura":"3 minutos"},"schema":{"@context":"https:\/\/schema.org","@graph":[{"@type":"WebPage","@id":"https:\/\/tourtravelandmore.com\/es\/tours\/italia-es\/palermo-es\/tour-privado-a-segesta-erice-trapani-y-las-salinas-desde-palermo\/","url":"https:\/\/tourtravelandmore.com\/es\/tours\/italia-es\/palermo-es\/tour-privado-a-segesta-erice-trapani-y-las-salinas-desde-palermo\/","name":"Tour privado a Segesta, Erice, Trapani y las salinas desde Palermo| TTM","isPartOf":{"@id":"https:\/\/tourtravelandmore.com\/es\/#website"},"primaryImageOfPage":{"@id":"https:\/\/tourtravelandmore.com\/es\/tours\/italia-es\/palermo-es\/tour-privado-a-segesta-erice-trapani-y-las-salinas-desde-palermo\/#primaryimage"},"image":{"@id":"https:\/\/tourtravelandmore.com\/es\/tours\/italia-es\/palermo-es\/tour-privado-a-segesta-erice-trapani-y-las-salinas-desde-palermo\/#primaryimage"},"thumbnailUrl":"https:\/\/tourtravelandmore.com\/wp-content\/uploads\/2022\/10\/c848f1f0-da49-48ab-aae5-4ba4482a02a6-castello-erice-scaled.jpg","datePublished":"2022-10-20T13:31:05+00:00","dateModified":"2022-11-07T13:37:46+00:00","description":"Descubra los lugares m\u00e1s bellos de Sicilia. Haz esta excursi\u00f3n privada a las salinas de Segesta, Erice y Trapani desde Palermo.","breadcrumb":{"@id":"https:\/\/tourtravelandmore.com\/es\/tours\/italia-es\/palermo-es\/tour-privado-a-segesta-erice-trapani-y-las-salinas-desde-palermo\/#breadcrumb"},"inLanguage":"es","potentialAction":[{"@type":"ReadAction","target":["https:\/\/tourtravelandmore.com\/es\/tours\/italia-es\/palermo-es\/tour-privado-a-segesta-erice-trapani-y-las-salinas-desde-palermo\/"]}]},{"@type":"ImageObject","inLanguage":"es","@id":"https:\/\/tourtravelandmore.com\/es\/tours\/italia-es\/palermo-es\/tour-privado-a-segesta-erice-trapani-y-las-salinas-desde-palermo\/#primaryimage","url":"https:\/\/tourtravelandmore.com\/wp-content\/uploads\/2022\/10\/c848f1f0-da49-48ab-aae5-4ba4482a02a6-castello-erice-scaled.jpg","contentUrl":"https:\/\/tourtravelandmore.com\/wp-content\/uploads\/2022\/10\/c848f1f0-da49-48ab-aae5-4ba4482a02a6-castello-erice-scaled.jpg","width":2560,"height":1706},{"@type":"BreadcrumbList","@id":"https:\/\/tourtravelandmore.com\/es\/tours\/italia-es\/palermo-es\/tour-privado-a-segesta-erice-trapani-y-las-salinas-desde-palermo\/#breadcrumb","itemListElement":[{"@type":"ListItem","position":1,"name":"Home","item":"https:\/\/tourtravelandmore.com\/es\/"},{"@type":"ListItem","position":2,"name":"Tours","item":"https:\/\/tourtravelandmore.com\/es\/tours\/"},{"@type":"ListItem","position":3,"name":"Tour privado Segesta, Erice, Trapani y las salinas desde Palermo"}]},{"@type":"WebSite","@id":"https:\/\/tourtravelandmore.com\/es\/#website","url":"https:\/\/tourtravelandmore.com\/es\/","name":"Tour Travel And More","description":"Private sightseeing tours and luxury transfers in Spain","publisher":{"@id":"https:\/\/tourtravelandmore.com\/es\/#organization"},"potentialAction":[{"@type":"SearchAction","target":{"@type":"EntryPoint","urlTemplate":"https:\/\/tourtravelandmore.com\/es\/?s={search_term_string}"},"query-input":{"@type":"PropertyValueSpecification","valueRequired":true,"valueName":"search_term_string"}}],"inLanguage":"es"},{"@type":"Organization","@id":"https:\/\/tourtravelandmore.com\/es\/#organization","name":"Tour Travel And More","url":"https:\/\/tourtravelandmore.com\/es\/","logo":{"@type":"ImageObject","inLanguage":"es","@id":"https:\/\/tourtravelandmore.com\/es\/#\/schema\/logo\/image\/","url":"https:\/\/tourtravelandmore.com\/wp-content\/uploads\/2022\/12\/cropped-logo-cabecera-new.png","contentUrl":"https:\/\/tourtravelandmore.com\/wp-content\/uploads\/2022\/12\/cropped-logo-cabecera-new.png","width":430,"height":61,"caption":"Tour Travel And More"},"image":{"@id":"https:\/\/tourtravelandmore.com\/es\/#\/schema\/logo\/image\/"},"sameAs":["https:\/\/www.facebook.com\/tourtravelandmore\/","https:\/\/x.com\/TourTravel_More"]}]}},"_links":{"self":[{"href":"https:\/\/tourtravelandmore.com\/es\/wp-json\/wp\/v2\/product\/141148","targetHints":{"allow":["GET"]}}],"collection":[{"href":"https:\/\/tourtravelandmore.com\/es\/wp-json\/wp\/v2\/product"}],"about":[{"href":"https:\/\/tourtravelandmore.com\/es\/wp-json\/wp\/v2\/types\/product"}],"replies":[{"embeddable":true,"href":"https:\/\/tourtravelandmore.com\/es\/wp-json\/wp\/v2\/comments?post=141148"}],"wp:featuredmedia":[{"embeddable":true,"href":"https:\/\/tourtravelandmore.com\/es\/wp-json\/wp\/v2\/media\/141171"}],"wp:attachment":[{"href":"https:\/\/tourtravelandmore.com\/es\/wp-json\/wp\/v2\/media?parent=141148"}],"wp:term":[{"taxonomy":"product_brand","embeddable":true,"href":"https:\/\/tourtravelandmore.com\/es\/wp-json\/wp\/v2\/product_brand?post=141148"},{"taxonomy":"product_cat","embeddable":true,"href":"https:\/\/tourtravelandmore.com\/es\/wp-json\/wp\/v2\/product_cat?post=141148"},{"taxonomy":"product_tag","embeddable":true,"href":"https:\/\/tourtravelandmore.com\/es\/wp-json\/wp\/v2\/product_tag?post=141148"}],"curies":[{"name":"wp","href":"https:\/\/api.w.org\/{rel}","templated":true}]}}