{"id":140504,"date":"2022-10-14T15:01:32","date_gmt":"2022-10-14T13:01:33","guid":{"rendered":"https:\/\/tourtravelandmore.com\/?post_type=product&#038;p=140504"},"modified":"2024-02-27T15:43:57","modified_gmt":"2024-02-27T14:43:57","slug":"excursion-privada-a-vejer-y-medina-sidonia-desde-cadiz","status":"publish","type":"product","link":"https:\/\/tourtravelandmore.com\/es\/tours\/espana-es\/cadiz-es\/excursion-privada-a-vejer-y-medina-sidonia-desde-cadiz\/","title":{"rendered":"Excursi\u00f3n privada a Vejer y Medina Sidonia desde C\u00e1diz"},"content":{"rendered":"<h2><b>Descripci\u00f3n de la Excursi\u00f3n\u00a0privada a Vejer y Medina Sidonia desde C\u00e1diz<\/b><\/h2>\n<p><span style=\"font-weight: 400;\">T\u00f3mese un d\u00eda libre para visitar el encanto de las calles encaladas de Vejer de la Frontera.<\/span> <span style=\"font-weight: 400;\">Esta <strong>Excursi\u00f3n Privada a Vejer y Medina Sidonia desde C\u00e1diz<\/strong> es una gran experiencia para conocer esta zona tan hermosa de Espa\u00f1a. Hay mucho que ver.<\/span><\/p>\n<p><a href=\"https:\/\/es.wikipedia.org\/wiki\/Vejer_de_la_Frontera\"><b>Vejer de la Frontera<\/b><\/a><span style=\"font-weight: 400;\"> es un municipio espa\u00f1ol de la provincia de C\u00e1diz. El centro de la ciudad est\u00e1 situado en una colina de 200 metros de altura a orillas del r\u00edo Barbate y a 8 kil\u00f3metros de la costa.<\/span><\/p>\n<p><span style=\"font-weight: 400;\"><strong>Medina Sidonia<\/strong> es un municipio y ciudad espa\u00f1ola de la provincia de <strong>C\u00e1diz<\/strong>, en la comunidad aut\u00f3noma de Andaluc\u00eda. Pertenece a la comarca de La Janda, de la que es capital. Tiene una poblaci\u00f3n de 11.813 habitantes.<\/span><\/p>\n<p><span style=\"font-weight: 400;\">Este tour privado comenzar\u00e1 desde su hotel o el puerto de C\u00e1diz. Con sus expertos en viajes, vamos a organizar la experiencia de conocer Vejer de la frontera y Medina Sidonia.<\/span><\/p>\n<p><span style=\"font-weight: 400;\">Su ch\u00f3fer privado y su gu\u00eda tur\u00edstico independiente le recoger\u00e1n y nos dirigiremos hacia esta excursi\u00f3n Privada a Vejer y Medina Sidonia desde C\u00e1diz. Tambi\u00e9n tendr\u00e1 tiempo para comer algo y as\u00ed conocer la gastronom\u00eda del lugar. A continuaci\u00f3n, saldremos y nos dirigiremos de nuevo hacia C\u00e1diz.<\/span><\/p>\n<p><span style=\"font-weight: 400;\">La duraci\u00f3n de excursi\u00f3n Privada a Vejer y Medina Sidonia desde C\u00e1diz es de <strong>6 horas<\/strong>. Es completamente privado, pueden escoger la hora y lugar de recogida.<\/span><\/p>\n<h2>Puntos de inter\u00e9s de e<b>xcursi\u00f3n privada a Vejer y Medina Sidonia desde C\u00e1diz<\/b>:<\/h2>\n<p><span style=\"font-weight: 400;\">Desde <strong>Tour Travel &amp; More<\/strong> ofrecemos un servicio donde a la hora seleccionada, le recogeremos desde su hotel o lugar de elecci\u00f3n en C\u00e1diz.\u00a0<\/span><\/p>\n<p><span style=\"font-weight: 400;\">30 minutos de recorrido nos separan de esta localidad gaditana tan linda donde nos esperar\u00e1n sus calles de pasado \u00e1rabes para recorrerlas y pasear en esta hermosa localidad.<\/span><\/p>\n<p><span style=\"font-weight: 400;\">Tambi\u00e9n podremos ver lugares como\u00a0<\/span><\/p>\n<ul>\n<li style=\"font-weight: 400;\" aria-level=\"1\"><span style=\"font-weight: 400;\">El Balc\u00f3n m\u00e1s bonito a la Bah\u00eda de C\u00e1diz.<\/span><\/li>\n<li style=\"font-weight: 400;\" aria-level=\"1\"><span style=\"font-weight: 400;\">Las murallas musulmanas y las puertas de <\/span><b>Medina Sidonia<\/b><span style=\"font-weight: 400;\">.<\/span><\/li>\n<li style=\"font-weight: 400;\" aria-level=\"1\"><span style=\"font-weight: 400;\">La Iglesia de Santa Mar\u00eda la Mayor.<\/span><\/li>\n<li style=\"font-weight: 400;\" aria-level=\"1\"><span style=\"font-weight: 400;\">El Castillo de <\/span><b>Medina Sidonia<\/b><span style=\"font-weight: 400;\">.<\/span><\/li>\n<li style=\"font-weight: 400;\" aria-level=\"1\"><span style=\"font-weight: 400;\">Callejear por el centro de <\/span><b>Medina Sidonia<\/b><span style=\"font-weight: 400;\">.<\/span><\/li>\n<li style=\"font-weight: 400;\" aria-level=\"1\"><span style=\"font-weight: 400;\">La Plaza de Espa\u00f1a de <\/span><b>Medina Sidonia<\/b><span style=\"font-weight: 400;\">.<\/span><\/li>\n<\/ul>\n<p><span style=\"font-weight: 400;\">Luego seguiremos nuestra <strong>excursi\u00f3n Privada a Vejer y Medina Sidonia desde C\u00e1diz para Vejer de la Frontera<\/strong>, siempre acompa\u00f1ados por nuestro gu\u00eda tur\u00edstico privado oficial.<\/span><\/p>\n<p><span style=\"font-weight: 400;\">Dentro de este pueblo tan pintoresco, que est\u00e1 dentro de la lista de los municipios m\u00e1s bellos de Espa\u00f1a, podremos disfrutar de lugares como:\u00a0<\/span><\/p>\n<ul>\n<li style=\"font-weight: 400;\" aria-level=\"1\"><strong>La Plaza de Espa\u00f1a.\u00a0<\/strong><\/li>\n<li style=\"font-weight: 400;\" aria-level=\"1\"><strong>La Cobijada y su mirador.\u00a0<\/strong><\/li>\n<li style=\"font-weight: 400;\" aria-level=\"1\"><strong>La Juder\u00eda y El Arco de las Monjas.<\/strong><\/li>\n<li style=\"font-weight: 400;\" aria-level=\"1\"><strong>El Castillo de Vejer de la Frontera.\u00a0<\/strong><\/li>\n<li style=\"font-weight: 400;\" aria-level=\"1\"><strong>Convento de las Concepcionistas.\u00a0<\/strong><\/li>\n<li style=\"font-weight: 400;\" aria-level=\"1\"><strong>Iglesia de El Divino Salvador.\u00a0<\/strong><\/li>\n<li style=\"font-weight: 400;\" aria-level=\"1\"><strong>Muralla medieval.\u00a0<\/strong><\/li>\n<li style=\"font-weight: 400;\" aria-level=\"1\"><strong>Mercado de San Francisco.<\/strong><\/li>\n<\/ul>\n<p>Cruzaremos la ornamental Plaza de Espa\u00f1a de camino a las Murallas de Vejer, vestigio de las antiguas disputas entre los territorios andaluces y los reinos cristianos. Tras conocer c\u00f3mo se libraban estas batallas medievales, volveremos al autob\u00fas.<\/p>\n<p><span style=\"font-weight: 400;\">Si dispone de m\u00e1s d\u00edas en la ciudad de C\u00e1diz, puede consultar <\/span><a href=\"https:\/\/tourtravelandmore.com\/es\/ciudad\/espana-es\/cadiz-es\/\"><b>aqu\u00ed<\/b><\/a><span style=\"font-weight: 400;\"> el resto de nuestros tour privados.<\/span><\/p>\n","protected":false},"excerpt":{"rendered":"<p>Disfrute de esta <strong>Excursi\u00f3n Privada a Vejer y Medina Sidonia desde C\u00e1diz<\/strong>, junto a su gu\u00eda privado y su veh\u00edculo con conductor.<\/p>\n","protected":false},"featured_media":140520,"comment_status":"open","ping_status":"closed","template":"","meta":{"_acf_changed":false},"product_brand":[],"product_cat":[70,71,73,72,521],"product_tag":[],"class_list":{"0":"post-140504","1":"product","2":"type-product","3":"status-publish","4":"has-post-thumbnail","6":"product_cat-cadiz-es","7":"product_cat-cadiz-actividades-es","8":"product_cat-cadiz-rutas-turisticas-privadas-es","9":"product_cat-cadiz-excursiones-es","10":"product_cat-cadiz-excursiones-privadas-cruceros-es","12":"first","13":"instock","14":"shipping-taxable","15":"purchasable","16":"product-type-simple"},"acf":[],"yoast_head":"<!-- This site is optimized with the Yoast SEO Premium plugin v25.3.1 (Yoast SEO v25.3.1) - https:\/\/yoast.com\/wordpress\/plugins\/seo\/ -->\n<title>\u27a1\ufe0f Excursi\u00f3n Privada a Vejer y Medina Sidonia desde C\u00e1diz | TourTravel&amp;More<\/title>\n<meta name=\"description\" content=\"Disfrute de esta Excursi\u00f3n Privada a Vejer y Medina Sidonia desde C\u00e1diz junto a su gu\u00eda privado y su veh\u00edculo con conductor \u2705\" \/>\n<meta name=\"robots\" content=\"index, follow, max-snippet:-1, max-image-preview:large, max-video-preview:-1\" \/>\n<link rel=\"canonical\" href=\"https:\/\/tourtravelandmore.com\/es\/tours\/espana-es\/cadiz-es\/excursion-privada-a-vejer-y-medina-sidonia-desde-cadiz\/\" \/>\n<meta property=\"og:locale\" content=\"es_ES\" \/>\n<meta property=\"og:type\" content=\"article\" \/>\n<meta property=\"og:title\" content=\"Excursi\u00f3n privada a Vejer y Medina Sidonia desde C\u00e1diz\" \/>\n<meta property=\"og:description\" content=\"Disfrute de esta Excursi\u00f3n Privada a Vejer y Medina Sidonia desde C\u00e1diz junto a su gu\u00eda privado y su veh\u00edculo con conductor \u2705\" \/>\n<meta property=\"og:url\" content=\"https:\/\/tourtravelandmore.com\/es\/tours\/espana-es\/cadiz-es\/excursion-privada-a-vejer-y-medina-sidonia-desde-cadiz\/\" \/>\n<meta property=\"og:site_name\" content=\"Tour Travel And More\" \/>\n<meta property=\"article:publisher\" content=\"https:\/\/www.facebook.com\/tourtravelandmore\/\" \/>\n<meta property=\"article:modified_time\" content=\"2024-02-27T14:43:57+00:00\" \/>\n<meta property=\"og:image\" content=\"https:\/\/tourtravelandmore.com\/wp-content\/uploads\/2022\/10\/Feature-image-Vejer-de-la-frontera-best-virws-Explore-la-Tierra-Cadiz-min-e1608645551118.jpg\" \/>\n\t<meta property=\"og:image:width\" content=\"1785\" \/>\n\t<meta property=\"og:image:height\" content=\"910\" \/>\n\t<meta property=\"og:image:type\" content=\"image\/jpeg\" \/>\n<meta name=\"twitter:card\" content=\"summary_large_image\" \/>\n<meta name=\"twitter:site\" content=\"@TourTravel_More\" \/>\n<meta name=\"twitter:label1\" content=\"Tiempo de lectura\" \/>\n\t<meta name=\"twitter:data1\" content=\"3 minutos\" \/>\n<script type=\"application\/ld+json\" class=\"yoast-schema-graph\">{\"@context\":\"https:\/\/schema.org\",\"@graph\":[{\"@type\":\"WebPage\",\"@id\":\"https:\/\/tourtravelandmore.com\/es\/tours\/espana-es\/cadiz-es\/excursion-privada-a-vejer-y-medina-sidonia-desde-cadiz\/\",\"url\":\"https:\/\/tourtravelandmore.com\/es\/tours\/espana-es\/cadiz-es\/excursion-privada-a-vejer-y-medina-sidonia-desde-cadiz\/\",\"name\":\"\u27a1\ufe0f Excursi\u00f3n Privada a Vejer y Medina Sidonia desde C\u00e1diz | TourTravel&More\",\"isPartOf\":{\"@id\":\"https:\/\/tourtravelandmore.com\/es\/#website\"},\"primaryImageOfPage\":{\"@id\":\"https:\/\/tourtravelandmore.com\/es\/tours\/espana-es\/cadiz-es\/excursion-privada-a-vejer-y-medina-sidonia-desde-cadiz\/#primaryimage\"},\"image\":{\"@id\":\"https:\/\/tourtravelandmore.com\/es\/tours\/espana-es\/cadiz-es\/excursion-privada-a-vejer-y-medina-sidonia-desde-cadiz\/#primaryimage\"},\"thumbnailUrl\":\"https:\/\/tourtravelandmore.com\/wp-content\/uploads\/2022\/10\/Feature-image-Vejer-de-la-frontera-best-virws-Explore-la-Tierra-Cadiz-min-e1608645551118.jpg\",\"datePublished\":\"2022-10-14T13:01:33+00:00\",\"dateModified\":\"2024-02-27T14:43:57+00:00\",\"description\":\"Disfrute de esta Excursi\u00f3n Privada a Vejer y Medina Sidonia desde C\u00e1diz junto a su gu\u00eda privado y su veh\u00edculo con conductor \u2705\",\"breadcrumb\":{\"@id\":\"https:\/\/tourtravelandmore.com\/es\/tours\/espana-es\/cadiz-es\/excursion-privada-a-vejer-y-medina-sidonia-desde-cadiz\/#breadcrumb\"},\"inLanguage\":\"es\",\"potentialAction\":[{\"@type\":\"ReadAction\",\"target\":[\"https:\/\/tourtravelandmore.com\/es\/tours\/espana-es\/cadiz-es\/excursion-privada-a-vejer-y-medina-sidonia-desde-cadiz\/\"]}]},{\"@type\":\"ImageObject\",\"inLanguage\":\"es\",\"@id\":\"https:\/\/tourtravelandmore.com\/es\/tours\/espana-es\/cadiz-es\/excursion-privada-a-vejer-y-medina-sidonia-desde-cadiz\/#primaryimage\",\"url\":\"https:\/\/tourtravelandmore.com\/wp-content\/uploads\/2022\/10\/Feature-image-Vejer-de-la-frontera-best-virws-Explore-la-Tierra-Cadiz-min-e1608645551118.jpg\",\"contentUrl\":\"https:\/\/tourtravelandmore.com\/wp-content\/uploads\/2022\/10\/Feature-image-Vejer-de-la-frontera-best-virws-Explore-la-Tierra-Cadiz-min-e1608645551118.jpg\",\"width\":1785,\"height\":910},{\"@type\":\"BreadcrumbList\",\"@id\":\"https:\/\/tourtravelandmore.com\/es\/tours\/espana-es\/cadiz-es\/excursion-privada-a-vejer-y-medina-sidonia-desde-cadiz\/#breadcrumb\",\"itemListElement\":[{\"@type\":\"ListItem\",\"position\":1,\"name\":\"Home\",\"item\":\"https:\/\/tourtravelandmore.com\/es\/\"},{\"@type\":\"ListItem\",\"position\":2,\"name\":\"Tours\",\"item\":\"https:\/\/tourtravelandmore.com\/es\/tours\/\"},{\"@type\":\"ListItem\",\"position\":3,\"name\":\"Excursi\u00f3n privada a Vejer y Medina Sidonia desde C\u00e1diz\"}]},{\"@type\":\"WebSite\",\"@id\":\"https:\/\/tourtravelandmore.com\/es\/#website\",\"url\":\"https:\/\/tourtravelandmore.com\/es\/\",\"name\":\"Tour Travel And More\",\"description\":\"Private sightseeing tours and luxury transfers in Spain\",\"publisher\":{\"@id\":\"https:\/\/tourtravelandmore.com\/es\/#organization\"},\"potentialAction\":[{\"@type\":\"SearchAction\",\"target\":{\"@type\":\"EntryPoint\",\"urlTemplate\":\"https:\/\/tourtravelandmore.com\/es\/?s={search_term_string}\"},\"query-input\":{\"@type\":\"PropertyValueSpecification\",\"valueRequired\":true,\"valueName\":\"search_term_string\"}}],\"inLanguage\":\"es\"},{\"@type\":\"Organization\",\"@id\":\"https:\/\/tourtravelandmore.com\/es\/#organization\",\"name\":\"Tour Travel And More\",\"url\":\"https:\/\/tourtravelandmore.com\/es\/\",\"logo\":{\"@type\":\"ImageObject\",\"inLanguage\":\"es\",\"@id\":\"https:\/\/tourtravelandmore.com\/es\/#\/schema\/logo\/image\/\",\"url\":\"https:\/\/tourtravelandmore.com\/wp-content\/uploads\/2022\/12\/cropped-logo-cabecera-new.png\",\"contentUrl\":\"https:\/\/tourtravelandmore.com\/wp-content\/uploads\/2022\/12\/cropped-logo-cabecera-new.png\",\"width\":430,\"height\":61,\"caption\":\"Tour Travel And More\"},\"image\":{\"@id\":\"https:\/\/tourtravelandmore.com\/es\/#\/schema\/logo\/image\/\"},\"sameAs\":[\"https:\/\/www.facebook.com\/tourtravelandmore\/\",\"https:\/\/x.com\/TourTravel_More\"]}]}<\/script>\n<!-- \/ Yoast SEO Premium plugin. -->","yoast_head_json":{"title":"\u27a1\ufe0f Excursi\u00f3n Privada a Vejer y Medina Sidonia desde C\u00e1diz | TourTravel&More","description":"Disfrute de esta Excursi\u00f3n Privada a Vejer y Medina Sidonia desde C\u00e1diz junto a su gu\u00eda privado y su veh\u00edculo con conductor \u2705","robots":{"index":"index","follow":"follow","max-snippet":"max-snippet:-1","max-image-preview":"max-image-preview:large","max-video-preview":"max-video-preview:-1"},"canonical":"https:\/\/tourtravelandmore.com\/es\/tours\/espana-es\/cadiz-es\/excursion-privada-a-vejer-y-medina-sidonia-desde-cadiz\/","og_locale":"es_ES","og_type":"article","og_title":"Excursi\u00f3n privada a Vejer y Medina Sidonia desde C\u00e1diz","og_description":"Disfrute de esta Excursi\u00f3n Privada a Vejer y Medina Sidonia desde C\u00e1diz junto a su gu\u00eda privado y su veh\u00edculo con conductor \u2705","og_url":"https:\/\/tourtravelandmore.com\/es\/tours\/espana-es\/cadiz-es\/excursion-privada-a-vejer-y-medina-sidonia-desde-cadiz\/","og_site_name":"Tour Travel And More","article_publisher":"https:\/\/www.facebook.com\/tourtravelandmore\/","article_modified_time":"2024-02-27T14:43:57+00:00","og_image":[{"width":1785,"height":910,"url":"https:\/\/tourtravelandmore.com\/wp-content\/uploads\/2022\/10\/Feature-image-Vejer-de-la-frontera-best-virws-Explore-la-Tierra-Cadiz-min-e1608645551118.jpg","type":"image\/jpeg"}],"twitter_card":"summary_large_image","twitter_site":"@TourTravel_More","twitter_misc":{"Tiempo de lectura":"3 minutos"},"schema":{"@context":"https:\/\/schema.org","@graph":[{"@type":"WebPage","@id":"https:\/\/tourtravelandmore.com\/es\/tours\/espana-es\/cadiz-es\/excursion-privada-a-vejer-y-medina-sidonia-desde-cadiz\/","url":"https:\/\/tourtravelandmore.com\/es\/tours\/espana-es\/cadiz-es\/excursion-privada-a-vejer-y-medina-sidonia-desde-cadiz\/","name":"\u27a1\ufe0f Excursi\u00f3n Privada a Vejer y Medina Sidonia desde C\u00e1diz | TourTravel&More","isPartOf":{"@id":"https:\/\/tourtravelandmore.com\/es\/#website"},"primaryImageOfPage":{"@id":"https:\/\/tourtravelandmore.com\/es\/tours\/espana-es\/cadiz-es\/excursion-privada-a-vejer-y-medina-sidonia-desde-cadiz\/#primaryimage"},"image":{"@id":"https:\/\/tourtravelandmore.com\/es\/tours\/espana-es\/cadiz-es\/excursion-privada-a-vejer-y-medina-sidonia-desde-cadiz\/#primaryimage"},"thumbnailUrl":"https:\/\/tourtravelandmore.com\/wp-content\/uploads\/2022\/10\/Feature-image-Vejer-de-la-frontera-best-virws-Explore-la-Tierra-Cadiz-min-e1608645551118.jpg","datePublished":"2022-10-14T13:01:33+00:00","dateModified":"2024-02-27T14:43:57+00:00","description":"Disfrute de esta Excursi\u00f3n Privada a Vejer y Medina Sidonia desde C\u00e1diz junto a su gu\u00eda privado y su veh\u00edculo con conductor \u2705","breadcrumb":{"@id":"https:\/\/tourtravelandmore.com\/es\/tours\/espana-es\/cadiz-es\/excursion-privada-a-vejer-y-medina-sidonia-desde-cadiz\/#breadcrumb"},"inLanguage":"es","potentialAction":[{"@type":"ReadAction","target":["https:\/\/tourtravelandmore.com\/es\/tours\/espana-es\/cadiz-es\/excursion-privada-a-vejer-y-medina-sidonia-desde-cadiz\/"]}]},{"@type":"ImageObject","inLanguage":"es","@id":"https:\/\/tourtravelandmore.com\/es\/tours\/espana-es\/cadiz-es\/excursion-privada-a-vejer-y-medina-sidonia-desde-cadiz\/#primaryimage","url":"https:\/\/tourtravelandmore.com\/wp-content\/uploads\/2022\/10\/Feature-image-Vejer-de-la-frontera-best-virws-Explore-la-Tierra-Cadiz-min-e1608645551118.jpg","contentUrl":"https:\/\/tourtravelandmore.com\/wp-content\/uploads\/2022\/10\/Feature-image-Vejer-de-la-frontera-best-virws-Explore-la-Tierra-Cadiz-min-e1608645551118.jpg","width":1785,"height":910},{"@type":"BreadcrumbList","@id":"https:\/\/tourtravelandmore.com\/es\/tours\/espana-es\/cadiz-es\/excursion-privada-a-vejer-y-medina-sidonia-desde-cadiz\/#breadcrumb","itemListElement":[{"@type":"ListItem","position":1,"name":"Home","item":"https:\/\/tourtravelandmore.com\/es\/"},{"@type":"ListItem","position":2,"name":"Tours","item":"https:\/\/tourtravelandmore.com\/es\/tours\/"},{"@type":"ListItem","position":3,"name":"Excursi\u00f3n privada a Vejer y Medina Sidonia desde C\u00e1diz"}]},{"@type":"WebSite","@id":"https:\/\/tourtravelandmore.com\/es\/#website","url":"https:\/\/tourtravelandmore.com\/es\/","name":"Tour Travel And More","description":"Private sightseeing tours and luxury transfers in Spain","publisher":{"@id":"https:\/\/tourtravelandmore.com\/es\/#organization"},"potentialAction":[{"@type":"SearchAction","target":{"@type":"EntryPoint","urlTemplate":"https:\/\/tourtravelandmore.com\/es\/?s={search_term_string}"},"query-input":{"@type":"PropertyValueSpecification","valueRequired":true,"valueName":"search_term_string"}}],"inLanguage":"es"},{"@type":"Organization","@id":"https:\/\/tourtravelandmore.com\/es\/#organization","name":"Tour Travel And More","url":"https:\/\/tourtravelandmore.com\/es\/","logo":{"@type":"ImageObject","inLanguage":"es","@id":"https:\/\/tourtravelandmore.com\/es\/#\/schema\/logo\/image\/","url":"https:\/\/tourtravelandmore.com\/wp-content\/uploads\/2022\/12\/cropped-logo-cabecera-new.png","contentUrl":"https:\/\/tourtravelandmore.com\/wp-content\/uploads\/2022\/12\/cropped-logo-cabecera-new.png","width":430,"height":61,"caption":"Tour Travel And More"},"image":{"@id":"https:\/\/tourtravelandmore.com\/es\/#\/schema\/logo\/image\/"},"sameAs":["https:\/\/www.facebook.com\/tourtravelandmore\/","https:\/\/x.com\/TourTravel_More"]}]}},"_links":{"self":[{"href":"https:\/\/tourtravelandmore.com\/es\/wp-json\/wp\/v2\/product\/140504","targetHints":{"allow":["GET"]}}],"collection":[{"href":"https:\/\/tourtravelandmore.com\/es\/wp-json\/wp\/v2\/product"}],"about":[{"href":"https:\/\/tourtravelandmore.com\/es\/wp-json\/wp\/v2\/types\/product"}],"replies":[{"embeddable":true,"href":"https:\/\/tourtravelandmore.com\/es\/wp-json\/wp\/v2\/comments?post=140504"}],"wp:featuredmedia":[{"embeddable":true,"href":"https:\/\/tourtravelandmore.com\/es\/wp-json\/wp\/v2\/media\/140520"}],"wp:attachment":[{"href":"https:\/\/tourtravelandmore.com\/es\/wp-json\/wp\/v2\/media?parent=140504"}],"wp:term":[{"taxonomy":"product_brand","embeddable":true,"href":"https:\/\/tourtravelandmore.com\/es\/wp-json\/wp\/v2\/product_brand?post=140504"},{"taxonomy":"product_cat","embeddable":true,"href":"https:\/\/tourtravelandmore.com\/es\/wp-json\/wp\/v2\/product_cat?post=140504"},{"taxonomy":"product_tag","embeddable":true,"href":"https:\/\/tourtravelandmore.com\/es\/wp-json\/wp\/v2\/product_tag?post=140504"}],"curies":[{"name":"wp","href":"https:\/\/api.w.org\/{rel}","templated":true}]}}