{"id":140326,"date":"2022-10-13T15:58:40","date_gmt":"2022-10-13T13:58:45","guid":{"rendered":"https:\/\/tourtravelandmore.com\/?post_type=product&#038;p=140326"},"modified":"2024-02-28T16:09:05","modified_gmt":"2024-02-28T15:09:05","slug":"excursion-privada-a-tarifa-zahara-de-los-atunes-y-baelo-claudia-dese-cadiz","status":"publish","type":"product","link":"https:\/\/tourtravelandmore.com\/es\/tours\/espana-es\/cadiz-es\/excursion-privada-a-tarifa-zahara-de-los-atunes-y-baelo-claudia-dese-cadiz\/","title":{"rendered":"Excursi\u00f3n privada a Tarifa, Zahara de los Atunes y Baelo Claudia dese C\u00e1diz"},"content":{"rendered":"<h2><strong>Descripci\u00f3n\u00a0<\/strong><\/h2>\n<p>T\u00f3mese un d\u00eda libre para visitar la Costa del At\u00fan. Esta Excursi\u00f3n Privada a <strong>Tarifa, Zahara de los Atunes y Baelo Claudia<\/strong> es una gran experiencia para conocer esta hermosa zona mar\u00edtima de Espa\u00f1a. Hay mucho que ver.<\/p>\n<p><strong><a href=\"https:\/\/es.wikipedia.org\/wiki\/Tarifa\">Tarifa<\/a><\/strong> es la ciudad m\u00e1s cercana al continente africano en territorio espa\u00f1ol, a tan solo 14 kil\u00f3metros de las tierras africanas. Es el punto donde se unen las aguas del Mediterr\u00e1neo y del Atl\u00e1ntico, con sus hermosas playas y su sol radiante le dar\u00e1n la oportunidad de disfrutar de un excelente d\u00eda de paseo.<\/p>\n<p>Esta excursi\u00f3n privada partir\u00e1 de su hotel o del puerto de C\u00e1diz. Con sus expertos en viajes, organizaremos entonces la experiencia de conocer Tarifa, Zahara de los Atunes y Baelo Claudia.<\/p>\n<p>Su conductor privado y su gu\u00eda tur\u00edstico independiente le recoger\u00e1n y nos dirigiremos a esta excursi\u00f3n. A continuaci\u00f3n tendr\u00e1 tiempo para comer algo y conocer la gastronom\u00eda local. Despu\u00e9s, saldremos y nos dirigiremos de vuelta a C\u00e1diz.<\/p>\n<p>La duraci\u00f3n de la Excursi\u00f3n Privada a Tarifa, Zahara de los atunes y Baelo Claudia es de <strong>10 horas<\/strong>. Es totalmente privada, puedes elegir la hora y el lugar de recogida.<\/p>\n<h2>Puntos de Inter\u00e9s de la Excursi\u00f3n Privada a Tarifa, Zahara de los Atunes y Baelo Claudia desde C\u00e1diz<\/h2>\n<p>Desde Tour Travel &amp; More le ofrecemos un servicio en el que, a la hora seleccionada, le recogeremos en su Hotel o lugar elegido de C\u00e1diz.<\/p>\n<p>Comenzaremos el recorrido en el <strong>enclave romano<\/strong> de Baelo Claudia, que se encuentra junto a la playa de Bolonia.<\/p>\n<p>Baelo Claudia pudo tener algunas funciones como centro administrativo, pero la pesca y la industria de la salaz\u00f3n son las principales fuentes de riqueza. El emperador romano Claudio le concedi\u00f3 la categor\u00eda de municipium (municipio romano).<\/p>\n<p>Adem\u00e1s, continuaremos esta <strong>Excursi\u00f3n Privada a Tarifa Zahara de los Atunes y Baelo Claudia<\/strong> dirigi\u00e9ndonos a Tarifa, la ciudad m\u00e1s meridional de Europa Occidental. Haremos un recorrido a pie por el casco antiguo de esta ciudad situada a orillas del Estrecho de Gibraltar. Dentro de esta hermosa ciudad encontraremos diferentes puntos hist\u00f3ricos como:<\/p>\n<ul>\n<li><strong>Puerta de Jerez.<\/strong><\/li>\n<li><strong>Casco Antiguo e Iglesia de San Mateo.<\/strong><\/li>\n<li><strong>Murallas Medievales.<\/strong><\/li>\n<li><strong>Castillo de Guzm\u00e1n el Bueno.<\/strong><\/li>\n<li><strong>Mirador de \u00c1frica (y el Puerto de Tarifa).<\/strong><\/li>\n<li><strong>Castillo de Santa Catalina.<\/strong><\/li>\n<li><strong>Islas de las Palomas y punto de encuentro entre el mar Mediterr\u00e1neo y el Oeste.<\/strong><\/li>\n<\/ul>\n<p>A lo largo del recorrido, pararemos a comer en un lugar t\u00edpico de la zona, para disfrutar de su gastronom\u00eda mar\u00edtima. Muy recomendable los deliciosos platos de at\u00fan fresco.<\/p>\n<p>Zahara de los Atunes es una entidad local aut\u00f3noma perteneciente al municipio espa\u00f1ol de Barbate, C\u00e1diz, Andaluc\u00eda. Seg\u00fan las estimaciones oficiales obtenidas del censo, la poblaci\u00f3n de Zahara era de 1379 habitantes.<\/p>\n<p>Un peque\u00f1o pueblo con espl\u00e9ndidas puestas de sol har\u00e1 que el colof\u00f3n de esta Excursi\u00f3n Privada a Tarifa, Zahara de los Atunes y Baelo Claudia sea inolvidable.<\/p>\n<p>Si dispone de m\u00e1s d\u00edas en la ciudad de C\u00e1diz, puede consultar aqu\u00ed el resto de nuestras excursiones privadas.<\/p>\n","protected":false},"excerpt":{"rendered":"<p>T\u00f3mese un d\u00eda libre para visitar la Costa del At\u00fan. Esta Excursi\u00f3n Privada a Tarifa, Zahara de los Atunes y Baelo Claudia es una gran experiencia para conocer esta hermosa zona mar\u00edtima de Espa\u00f1a. Hay mucho que ver.<\/p>\n","protected":false},"featured_media":140354,"comment_status":"open","ping_status":"closed","template":"","meta":{"_acf_changed":false},"product_brand":[],"product_cat":[70,71,73,72,521],"product_tag":[],"class_list":{"0":"post-140326","1":"product","2":"type-product","3":"status-publish","4":"has-post-thumbnail","6":"product_cat-cadiz-es","7":"product_cat-cadiz-actividades-es","8":"product_cat-cadiz-rutas-turisticas-privadas-es","9":"product_cat-cadiz-excursiones-es","10":"product_cat-cadiz-excursiones-privadas-cruceros-es","12":"first","13":"instock","14":"shipping-taxable","15":"purchasable","16":"product-type-simple"},"acf":[],"yoast_head":"<!-- This site is optimized with the Yoast SEO Premium plugin v25.3.1 (Yoast SEO v25.3.1) - https:\/\/yoast.com\/wordpress\/plugins\/seo\/ -->\n<title>\u27a1\ufe0f Excursi\u00f3n privada a Tarifa, Zahara de los Atunes y Baelo Claudia | Tour Travel &amp; More<\/title>\n<meta name=\"description\" content=\"Excursi\u00f3n Privada a Tarifa, Zahara de los Atunes y Baelo Claudia desde C\u00e1diz, \u00a1Pasa el mejor rato con nosotros! \u2705\" \/>\n<meta name=\"robots\" content=\"index, follow, max-snippet:-1, max-image-preview:large, max-video-preview:-1\" \/>\n<link rel=\"canonical\" href=\"https:\/\/tourtravelandmore.com\/es\/tours\/espana-es\/cadiz-es\/excursion-privada-a-tarifa-zahara-de-los-atunes-y-baelo-claudia-dese-cadiz\/\" \/>\n<meta property=\"og:locale\" content=\"es_ES\" \/>\n<meta property=\"og:type\" content=\"article\" \/>\n<meta property=\"og:title\" content=\"Excursi\u00f3n privada a Tarifa, Zahara de los Atunes y Baelo Claudia dese C\u00e1diz\" \/>\n<meta property=\"og:description\" content=\"Excursi\u00f3n Privada a Tarifa, Zahara de los Atunes y Baelo Claudia desde C\u00e1diz, \u00a1Pasa el mejor rato con nosotros! \u2705\" \/>\n<meta property=\"og:url\" content=\"https:\/\/tourtravelandmore.com\/es\/tours\/espana-es\/cadiz-es\/excursion-privada-a-tarifa-zahara-de-los-atunes-y-baelo-claudia-dese-cadiz\/\" \/>\n<meta property=\"og:site_name\" content=\"Tour Travel And More\" \/>\n<meta property=\"article:publisher\" content=\"https:\/\/www.facebook.com\/tourtravelandmore\/\" \/>\n<meta property=\"article:modified_time\" content=\"2024-02-28T15:09:05+00:00\" \/>\n<meta property=\"og:image\" content=\"https:\/\/tourtravelandmore.com\/wp-content\/uploads\/2022\/10\/Casco-antiguo-Tarifa-Andalucia.jpg\" \/>\n\t<meta property=\"og:image:width\" content=\"1098\" \/>\n\t<meta property=\"og:image:height\" content=\"733\" \/>\n\t<meta property=\"og:image:type\" content=\"image\/jpeg\" \/>\n<meta name=\"twitter:card\" content=\"summary_large_image\" \/>\n<meta name=\"twitter:site\" content=\"@TourTravel_More\" \/>\n<meta name=\"twitter:label1\" content=\"Tiempo de lectura\" \/>\n\t<meta name=\"twitter:data1\" content=\"3 minutos\" \/>\n<script type=\"application\/ld+json\" class=\"yoast-schema-graph\">{\"@context\":\"https:\/\/schema.org\",\"@graph\":[{\"@type\":\"WebPage\",\"@id\":\"https:\/\/tourtravelandmore.com\/es\/tours\/espana-es\/cadiz-es\/excursion-privada-a-tarifa-zahara-de-los-atunes-y-baelo-claudia-dese-cadiz\/\",\"url\":\"https:\/\/tourtravelandmore.com\/es\/tours\/espana-es\/cadiz-es\/excursion-privada-a-tarifa-zahara-de-los-atunes-y-baelo-claudia-dese-cadiz\/\",\"name\":\"\u27a1\ufe0f Excursi\u00f3n privada a Tarifa, Zahara de los Atunes y Baelo Claudia | Tour Travel & More\",\"isPartOf\":{\"@id\":\"https:\/\/tourtravelandmore.com\/es\/#website\"},\"primaryImageOfPage\":{\"@id\":\"https:\/\/tourtravelandmore.com\/es\/tours\/espana-es\/cadiz-es\/excursion-privada-a-tarifa-zahara-de-los-atunes-y-baelo-claudia-dese-cadiz\/#primaryimage\"},\"image\":{\"@id\":\"https:\/\/tourtravelandmore.com\/es\/tours\/espana-es\/cadiz-es\/excursion-privada-a-tarifa-zahara-de-los-atunes-y-baelo-claudia-dese-cadiz\/#primaryimage\"},\"thumbnailUrl\":\"https:\/\/tourtravelandmore.com\/wp-content\/uploads\/2022\/10\/Casco-antiguo-Tarifa-Andalucia.jpg\",\"datePublished\":\"2022-10-13T13:58:45+00:00\",\"dateModified\":\"2024-02-28T15:09:05+00:00\",\"description\":\"Excursi\u00f3n Privada a Tarifa, Zahara de los Atunes y Baelo Claudia desde C\u00e1diz, \u00a1Pasa el mejor rato con nosotros! \u2705\",\"breadcrumb\":{\"@id\":\"https:\/\/tourtravelandmore.com\/es\/tours\/espana-es\/cadiz-es\/excursion-privada-a-tarifa-zahara-de-los-atunes-y-baelo-claudia-dese-cadiz\/#breadcrumb\"},\"inLanguage\":\"es\",\"potentialAction\":[{\"@type\":\"ReadAction\",\"target\":[\"https:\/\/tourtravelandmore.com\/es\/tours\/espana-es\/cadiz-es\/excursion-privada-a-tarifa-zahara-de-los-atunes-y-baelo-claudia-dese-cadiz\/\"]}]},{\"@type\":\"ImageObject\",\"inLanguage\":\"es\",\"@id\":\"https:\/\/tourtravelandmore.com\/es\/tours\/espana-es\/cadiz-es\/excursion-privada-a-tarifa-zahara-de-los-atunes-y-baelo-claudia-dese-cadiz\/#primaryimage\",\"url\":\"https:\/\/tourtravelandmore.com\/wp-content\/uploads\/2022\/10\/Casco-antiguo-Tarifa-Andalucia.jpg\",\"contentUrl\":\"https:\/\/tourtravelandmore.com\/wp-content\/uploads\/2022\/10\/Casco-antiguo-Tarifa-Andalucia.jpg\",\"width\":1098,\"height\":733},{\"@type\":\"BreadcrumbList\",\"@id\":\"https:\/\/tourtravelandmore.com\/es\/tours\/espana-es\/cadiz-es\/excursion-privada-a-tarifa-zahara-de-los-atunes-y-baelo-claudia-dese-cadiz\/#breadcrumb\",\"itemListElement\":[{\"@type\":\"ListItem\",\"position\":1,\"name\":\"Home\",\"item\":\"https:\/\/tourtravelandmore.com\/es\/\"},{\"@type\":\"ListItem\",\"position\":2,\"name\":\"Tours\",\"item\":\"https:\/\/tourtravelandmore.com\/es\/tours\/\"},{\"@type\":\"ListItem\",\"position\":3,\"name\":\"Excursi\u00f3n privada a Tarifa, Zahara de los Atunes y Baelo Claudia dese C\u00e1diz\"}]},{\"@type\":\"WebSite\",\"@id\":\"https:\/\/tourtravelandmore.com\/es\/#website\",\"url\":\"https:\/\/tourtravelandmore.com\/es\/\",\"name\":\"Tour Travel And More\",\"description\":\"Private sightseeing tours and luxury transfers in Spain\",\"publisher\":{\"@id\":\"https:\/\/tourtravelandmore.com\/es\/#organization\"},\"potentialAction\":[{\"@type\":\"SearchAction\",\"target\":{\"@type\":\"EntryPoint\",\"urlTemplate\":\"https:\/\/tourtravelandmore.com\/es\/?s={search_term_string}\"},\"query-input\":{\"@type\":\"PropertyValueSpecification\",\"valueRequired\":true,\"valueName\":\"search_term_string\"}}],\"inLanguage\":\"es\"},{\"@type\":\"Organization\",\"@id\":\"https:\/\/tourtravelandmore.com\/es\/#organization\",\"name\":\"Tour Travel And More\",\"url\":\"https:\/\/tourtravelandmore.com\/es\/\",\"logo\":{\"@type\":\"ImageObject\",\"inLanguage\":\"es\",\"@id\":\"https:\/\/tourtravelandmore.com\/es\/#\/schema\/logo\/image\/\",\"url\":\"https:\/\/tourtravelandmore.com\/wp-content\/uploads\/2022\/12\/cropped-logo-cabecera-new.png\",\"contentUrl\":\"https:\/\/tourtravelandmore.com\/wp-content\/uploads\/2022\/12\/cropped-logo-cabecera-new.png\",\"width\":430,\"height\":61,\"caption\":\"Tour Travel And More\"},\"image\":{\"@id\":\"https:\/\/tourtravelandmore.com\/es\/#\/schema\/logo\/image\/\"},\"sameAs\":[\"https:\/\/www.facebook.com\/tourtravelandmore\/\",\"https:\/\/x.com\/TourTravel_More\"]}]}<\/script>\n<!-- \/ Yoast SEO Premium plugin. -->","yoast_head_json":{"title":"\u27a1\ufe0f Excursi\u00f3n privada a Tarifa, Zahara de los Atunes y Baelo Claudia | Tour Travel & More","description":"Excursi\u00f3n Privada a Tarifa, Zahara de los Atunes y Baelo Claudia desde C\u00e1diz, \u00a1Pasa el mejor rato con nosotros! \u2705","robots":{"index":"index","follow":"follow","max-snippet":"max-snippet:-1","max-image-preview":"max-image-preview:large","max-video-preview":"max-video-preview:-1"},"canonical":"https:\/\/tourtravelandmore.com\/es\/tours\/espana-es\/cadiz-es\/excursion-privada-a-tarifa-zahara-de-los-atunes-y-baelo-claudia-dese-cadiz\/","og_locale":"es_ES","og_type":"article","og_title":"Excursi\u00f3n privada a Tarifa, Zahara de los Atunes y Baelo Claudia dese C\u00e1diz","og_description":"Excursi\u00f3n Privada a Tarifa, Zahara de los Atunes y Baelo Claudia desde C\u00e1diz, \u00a1Pasa el mejor rato con nosotros! \u2705","og_url":"https:\/\/tourtravelandmore.com\/es\/tours\/espana-es\/cadiz-es\/excursion-privada-a-tarifa-zahara-de-los-atunes-y-baelo-claudia-dese-cadiz\/","og_site_name":"Tour Travel And More","article_publisher":"https:\/\/www.facebook.com\/tourtravelandmore\/","article_modified_time":"2024-02-28T15:09:05+00:00","og_image":[{"width":1098,"height":733,"url":"https:\/\/tourtravelandmore.com\/wp-content\/uploads\/2022\/10\/Casco-antiguo-Tarifa-Andalucia.jpg","type":"image\/jpeg"}],"twitter_card":"summary_large_image","twitter_site":"@TourTravel_More","twitter_misc":{"Tiempo de lectura":"3 minutos"},"schema":{"@context":"https:\/\/schema.org","@graph":[{"@type":"WebPage","@id":"https:\/\/tourtravelandmore.com\/es\/tours\/espana-es\/cadiz-es\/excursion-privada-a-tarifa-zahara-de-los-atunes-y-baelo-claudia-dese-cadiz\/","url":"https:\/\/tourtravelandmore.com\/es\/tours\/espana-es\/cadiz-es\/excursion-privada-a-tarifa-zahara-de-los-atunes-y-baelo-claudia-dese-cadiz\/","name":"\u27a1\ufe0f Excursi\u00f3n privada a Tarifa, Zahara de los Atunes y Baelo Claudia | Tour Travel & More","isPartOf":{"@id":"https:\/\/tourtravelandmore.com\/es\/#website"},"primaryImageOfPage":{"@id":"https:\/\/tourtravelandmore.com\/es\/tours\/espana-es\/cadiz-es\/excursion-privada-a-tarifa-zahara-de-los-atunes-y-baelo-claudia-dese-cadiz\/#primaryimage"},"image":{"@id":"https:\/\/tourtravelandmore.com\/es\/tours\/espana-es\/cadiz-es\/excursion-privada-a-tarifa-zahara-de-los-atunes-y-baelo-claudia-dese-cadiz\/#primaryimage"},"thumbnailUrl":"https:\/\/tourtravelandmore.com\/wp-content\/uploads\/2022\/10\/Casco-antiguo-Tarifa-Andalucia.jpg","datePublished":"2022-10-13T13:58:45+00:00","dateModified":"2024-02-28T15:09:05+00:00","description":"Excursi\u00f3n Privada a Tarifa, Zahara de los Atunes y Baelo Claudia desde C\u00e1diz, \u00a1Pasa el mejor rato con nosotros! \u2705","breadcrumb":{"@id":"https:\/\/tourtravelandmore.com\/es\/tours\/espana-es\/cadiz-es\/excursion-privada-a-tarifa-zahara-de-los-atunes-y-baelo-claudia-dese-cadiz\/#breadcrumb"},"inLanguage":"es","potentialAction":[{"@type":"ReadAction","target":["https:\/\/tourtravelandmore.com\/es\/tours\/espana-es\/cadiz-es\/excursion-privada-a-tarifa-zahara-de-los-atunes-y-baelo-claudia-dese-cadiz\/"]}]},{"@type":"ImageObject","inLanguage":"es","@id":"https:\/\/tourtravelandmore.com\/es\/tours\/espana-es\/cadiz-es\/excursion-privada-a-tarifa-zahara-de-los-atunes-y-baelo-claudia-dese-cadiz\/#primaryimage","url":"https:\/\/tourtravelandmore.com\/wp-content\/uploads\/2022\/10\/Casco-antiguo-Tarifa-Andalucia.jpg","contentUrl":"https:\/\/tourtravelandmore.com\/wp-content\/uploads\/2022\/10\/Casco-antiguo-Tarifa-Andalucia.jpg","width":1098,"height":733},{"@type":"BreadcrumbList","@id":"https:\/\/tourtravelandmore.com\/es\/tours\/espana-es\/cadiz-es\/excursion-privada-a-tarifa-zahara-de-los-atunes-y-baelo-claudia-dese-cadiz\/#breadcrumb","itemListElement":[{"@type":"ListItem","position":1,"name":"Home","item":"https:\/\/tourtravelandmore.com\/es\/"},{"@type":"ListItem","position":2,"name":"Tours","item":"https:\/\/tourtravelandmore.com\/es\/tours\/"},{"@type":"ListItem","position":3,"name":"Excursi\u00f3n privada a Tarifa, Zahara de los Atunes y Baelo Claudia dese C\u00e1diz"}]},{"@type":"WebSite","@id":"https:\/\/tourtravelandmore.com\/es\/#website","url":"https:\/\/tourtravelandmore.com\/es\/","name":"Tour Travel And More","description":"Private sightseeing tours and luxury transfers in Spain","publisher":{"@id":"https:\/\/tourtravelandmore.com\/es\/#organization"},"potentialAction":[{"@type":"SearchAction","target":{"@type":"EntryPoint","urlTemplate":"https:\/\/tourtravelandmore.com\/es\/?s={search_term_string}"},"query-input":{"@type":"PropertyValueSpecification","valueRequired":true,"valueName":"search_term_string"}}],"inLanguage":"es"},{"@type":"Organization","@id":"https:\/\/tourtravelandmore.com\/es\/#organization","name":"Tour Travel And More","url":"https:\/\/tourtravelandmore.com\/es\/","logo":{"@type":"ImageObject","inLanguage":"es","@id":"https:\/\/tourtravelandmore.com\/es\/#\/schema\/logo\/image\/","url":"https:\/\/tourtravelandmore.com\/wp-content\/uploads\/2022\/12\/cropped-logo-cabecera-new.png","contentUrl":"https:\/\/tourtravelandmore.com\/wp-content\/uploads\/2022\/12\/cropped-logo-cabecera-new.png","width":430,"height":61,"caption":"Tour Travel And More"},"image":{"@id":"https:\/\/tourtravelandmore.com\/es\/#\/schema\/logo\/image\/"},"sameAs":["https:\/\/www.facebook.com\/tourtravelandmore\/","https:\/\/x.com\/TourTravel_More"]}]}},"_links":{"self":[{"href":"https:\/\/tourtravelandmore.com\/es\/wp-json\/wp\/v2\/product\/140326","targetHints":{"allow":["GET"]}}],"collection":[{"href":"https:\/\/tourtravelandmore.com\/es\/wp-json\/wp\/v2\/product"}],"about":[{"href":"https:\/\/tourtravelandmore.com\/es\/wp-json\/wp\/v2\/types\/product"}],"replies":[{"embeddable":true,"href":"https:\/\/tourtravelandmore.com\/es\/wp-json\/wp\/v2\/comments?post=140326"}],"wp:featuredmedia":[{"embeddable":true,"href":"https:\/\/tourtravelandmore.com\/es\/wp-json\/wp\/v2\/media\/140354"}],"wp:attachment":[{"href":"https:\/\/tourtravelandmore.com\/es\/wp-json\/wp\/v2\/media?parent=140326"}],"wp:term":[{"taxonomy":"product_brand","embeddable":true,"href":"https:\/\/tourtravelandmore.com\/es\/wp-json\/wp\/v2\/product_brand?post=140326"},{"taxonomy":"product_cat","embeddable":true,"href":"https:\/\/tourtravelandmore.com\/es\/wp-json\/wp\/v2\/product_cat?post=140326"},{"taxonomy":"product_tag","embeddable":true,"href":"https:\/\/tourtravelandmore.com\/es\/wp-json\/wp\/v2\/product_tag?post=140326"}],"curies":[{"name":"wp","href":"https:\/\/api.w.org\/{rel}","templated":true}]}}