{"id":139199,"date":"2022-10-04T14:30:58","date_gmt":"2022-10-04T12:30:59","guid":{"rendered":"https:\/\/tourtravelandmore.com\/?post_type=product&#038;p=139199"},"modified":"2024-02-27T20:33:42","modified_gmt":"2024-02-27T19:33:42","slug":"tour-privado-cadiz-y-pueblos-blancos-desde-cadiz","status":"publish","type":"product","link":"https:\/\/tourtravelandmore.com\/es\/tours\/espana-es\/cadiz-es\/tour-privado-cadiz-y-pueblos-blancos-desde-cadiz\/","title":{"rendered":"Tour Privado de C\u00e1diz y Pueblos Blancos desde C\u00e1diz"},"content":{"rendered":"<h2><strong>Descripci\u00f3n del Tour Privado C\u00e1diz y Pueblos Blancos desde C\u00e1diz<\/strong><\/h2>\n<p>T\u00f3mese un d\u00eda libre para visitar los Pueblos Blancos y C\u00e1diz. Esta Excursi\u00f3n Privada a los Pueblos Blancos y C\u00e1diz desde C\u00e1diz es una gran experiencia para conocer dos de los pueblos blancos de Andaluc\u00eda. Hay mucho que ver.<\/p>\n<p>C\u00e1diz es una de las ciudades m\u00e1s antiguas y bellas de Europa, que adem\u00e1s acoge uno de los carnavales m\u00e1s populares, divertidos y llamativos de Espa\u00f1a. Los viajeros no s\u00f3lo acuden a esta ciudad atra\u00eddos por su carnaval, sino tambi\u00e9n por su ambiente y sus magn\u00edficos rincones que le enamorar\u00e1n.<\/p>\n<p>Tambi\u00e9n nos centraremos en dos Pueblos Blancos: Ubrique, Grazalema, Vejer y Medina Sidonia. Son unos de los pueblos blancos m\u00e1s bonitos de Andaluc\u00eda. Visitar\u00e1 dos de ellos.<\/p>\n<p>Esta excursi\u00f3n privada comenzar\u00e1 desde su hotel o crucero en C\u00e1diz. Con sus expertos en viajes, vamos a organizar la experiencia de conocer 2 de los pueblos blancos de Andaluc\u00eda.<\/p>\n<p>Su ch\u00f3fer privado y un gu\u00eda tur\u00edstico independiente le recoger\u00e1n y nos dirigiremos hacia los pueblos blancos. Tendr\u00e1 tiempo para comer algo. A continuaci\u00f3n, partiremos de vuelta hacia C\u00e1diz.<\/p>\n<h2>Punto de inter\u00e9s de <b>Tour Privado, C\u00e1diz y Pueblos Blancos desde Cadiz:<\/b><\/h2>\n<p>Emb\u00e1rquese en un viaje excepcional por los encantadores pueblos blancos y la fascinante ciudad de C\u00e1diz con nuestra exclusiva excursi\u00f3n privada de 8 horas. Con la flexibilidad de elegir dos de los cuatro pintorescos pueblos blancos: Ubrique, Grazalema, Vejer y Medina Sidonia, este viaje promete una experiencia inolvidable.<\/p>\n<p>El conductor y el gu\u00eda le recoger\u00e1n en su alojamiento de C\u00e1diz en un c\u00f3modo veh\u00edculo con aire acondicionado. Disfrute de la libertad de elegir dos de los pueblos blancos mencionados para explorar su encanto \u00fanico, su arquitectura tradicional y sus impresionantes paisajes.<\/p>\n<p>A continuaci\u00f3n, continuaremos nuestra excursi\u00f3n privada a los pueblos blancos desde C\u00e1diz, siempre acompa\u00f1ados por nuestro gu\u00eda oficial privado.<\/p>\n<p>Sum\u00e9rjase en la rica historia y vibrante cultura de la ciudad de C\u00e1diz, explorando sus encantadoras calles, plazas y monumentos hist\u00f3ricos.<\/p>\n<p>Este itinerario le ofrece la libertad de explorar dos de los magn\u00edficos pueblos blancos de la regi\u00f3n, junto con la rica historia y belleza de la ciudad de C\u00e1diz, todo ello con la comodidad y atenci\u00f3n personal de nuestros expertos gu\u00edas y conductores &#8211; \u00a1estamos deseando mostrarle lo mejor de esta hermosa regi\u00f3n de Espa\u00f1a!<\/p>\n<p>Podr\u00e1 personalizar este tour y tomar impresionantes fotograf\u00edas siempre que lo desee. Este es un tour completamente personalizado y \u00fanico para usted y su grupo. El tour tiene una duraci\u00f3n de 9 horas desde el momento de la recogida hasta el momento de la devoluci\u00f3n.<\/p>\n<p>Recuerde que es posible organizar la recogida en su hotel, apartamento o puerto de C\u00e1diz.<\/p>\n<p><span style=\"font-weight: 400;\">Si dispone de m\u00e1s d\u00edas en la ciudad de C\u00e1diz, puede consultar <\/span><a href=\"https:\/\/tourtravelandmore.com\/es\/ciudad\/espana-es\/cadiz-es\/\"><b>aqu\u00ed<\/b><\/a><span style=\"font-weight: 400;\"> el resto de nuestros tours privados.<\/span><\/p>\n","protected":false},"excerpt":{"rendered":"<p>Tour privado de los Pueblos Blancos de C\u00e1diz desde C\u00e1diz. Disfrute de los monumentos y lugares m\u00e1s importantes de Andaluc\u00eda. Gran y \u00fanica experiencia de los Pueblos Blancos en Andaluc\u00eda.<\/p>\n","protected":false},"featured_media":139233,"comment_status":"open","ping_status":"closed","template":"","meta":{"_acf_changed":false},"product_brand":[],"product_cat":[70,71,73,72,521],"product_tag":[],"class_list":{"0":"post-139199","1":"product","2":"type-product","3":"status-publish","4":"has-post-thumbnail","6":"product_cat-cadiz-es","7":"product_cat-cadiz-actividades-es","8":"product_cat-cadiz-rutas-turisticas-privadas-es","9":"product_cat-cadiz-excursiones-es","10":"product_cat-cadiz-excursiones-privadas-cruceros-es","12":"first","13":"instock","14":"shipping-taxable","15":"purchasable","16":"product-type-simple"},"acf":[],"yoast_head":"<!-- This site is optimized with the Yoast SEO Premium plugin v25.3.1 (Yoast SEO v25.3.1) - https:\/\/yoast.com\/wordpress\/plugins\/seo\/ -->\n<title>\u27a1\ufe0f Private Cadiz and White Villages Tour from Cadiz | Tour Travel &amp; More<\/title>\n<meta name=\"description\" content=\"Tour privado de los Pueblos Blancos de C\u00e1diz desde C\u00e1diz. Disfrute de los monumentos y lugares m\u00e1s importantes de Andaluc\u00eda \u2705\" \/>\n<meta name=\"robots\" content=\"index, follow, max-snippet:-1, max-image-preview:large, max-video-preview:-1\" \/>\n<link rel=\"canonical\" href=\"https:\/\/tourtravelandmore.com\/es\/tours\/espana-es\/cadiz-es\/tour-privado-cadiz-y-pueblos-blancos-desde-cadiz\/\" \/>\n<meta property=\"og:locale\" content=\"es_ES\" \/>\n<meta property=\"og:type\" content=\"article\" \/>\n<meta property=\"og:title\" content=\"Tour Privado de C\u00e1diz y Pueblos Blancos desde C\u00e1diz\" \/>\n<meta property=\"og:description\" content=\"Tour privado de los Pueblos Blancos de C\u00e1diz desde C\u00e1diz. Disfrute de los monumentos y lugares m\u00e1s importantes de Andaluc\u00eda \u2705\" \/>\n<meta property=\"og:url\" content=\"https:\/\/tourtravelandmore.com\/es\/tours\/espana-es\/cadiz-es\/tour-privado-cadiz-y-pueblos-blancos-desde-cadiz\/\" \/>\n<meta property=\"og:site_name\" content=\"Tour Travel And More\" \/>\n<meta property=\"article:publisher\" content=\"https:\/\/www.facebook.com\/tourtravelandmore\/\" \/>\n<meta property=\"article:modified_time\" content=\"2024-02-27T19:33:42+00:00\" \/>\n<meta property=\"og:image\" content=\"https:\/\/tourtravelandmore.com\/wp-content\/uploads\/2022\/10\/p-grazalema-scaled.jpg\" \/>\n\t<meta property=\"og:image:width\" content=\"2560\" \/>\n\t<meta property=\"og:image:height\" content=\"1440\" \/>\n\t<meta property=\"og:image:type\" content=\"image\/jpeg\" \/>\n<meta name=\"twitter:card\" content=\"summary_large_image\" \/>\n<meta name=\"twitter:site\" content=\"@TourTravel_More\" \/>\n<meta name=\"twitter:label1\" content=\"Tiempo de lectura\" \/>\n\t<meta name=\"twitter:data1\" content=\"3 minutos\" \/>\n<script type=\"application\/ld+json\" class=\"yoast-schema-graph\">{\"@context\":\"https:\/\/schema.org\",\"@graph\":[{\"@type\":\"WebPage\",\"@id\":\"https:\/\/tourtravelandmore.com\/es\/tours\/espana-es\/cadiz-es\/tour-privado-cadiz-y-pueblos-blancos-desde-cadiz\/\",\"url\":\"https:\/\/tourtravelandmore.com\/es\/tours\/espana-es\/cadiz-es\/tour-privado-cadiz-y-pueblos-blancos-desde-cadiz\/\",\"name\":\"\u27a1\ufe0f Private Cadiz and White Villages Tour from Cadiz | Tour Travel & More\",\"isPartOf\":{\"@id\":\"https:\/\/tourtravelandmore.com\/es\/#website\"},\"primaryImageOfPage\":{\"@id\":\"https:\/\/tourtravelandmore.com\/es\/tours\/espana-es\/cadiz-es\/tour-privado-cadiz-y-pueblos-blancos-desde-cadiz\/#primaryimage\"},\"image\":{\"@id\":\"https:\/\/tourtravelandmore.com\/es\/tours\/espana-es\/cadiz-es\/tour-privado-cadiz-y-pueblos-blancos-desde-cadiz\/#primaryimage\"},\"thumbnailUrl\":\"https:\/\/tourtravelandmore.com\/wp-content\/uploads\/2022\/10\/p-grazalema-scaled.jpg\",\"datePublished\":\"2022-10-04T12:30:59+00:00\",\"dateModified\":\"2024-02-27T19:33:42+00:00\",\"description\":\"Tour privado de los Pueblos Blancos de C\u00e1diz desde C\u00e1diz. Disfrute de los monumentos y lugares m\u00e1s importantes de Andaluc\u00eda \u2705\",\"breadcrumb\":{\"@id\":\"https:\/\/tourtravelandmore.com\/es\/tours\/espana-es\/cadiz-es\/tour-privado-cadiz-y-pueblos-blancos-desde-cadiz\/#breadcrumb\"},\"inLanguage\":\"es\",\"potentialAction\":[{\"@type\":\"ReadAction\",\"target\":[\"https:\/\/tourtravelandmore.com\/es\/tours\/espana-es\/cadiz-es\/tour-privado-cadiz-y-pueblos-blancos-desde-cadiz\/\"]}]},{\"@type\":\"ImageObject\",\"inLanguage\":\"es\",\"@id\":\"https:\/\/tourtravelandmore.com\/es\/tours\/espana-es\/cadiz-es\/tour-privado-cadiz-y-pueblos-blancos-desde-cadiz\/#primaryimage\",\"url\":\"https:\/\/tourtravelandmore.com\/wp-content\/uploads\/2022\/10\/p-grazalema-scaled.jpg\",\"contentUrl\":\"https:\/\/tourtravelandmore.com\/wp-content\/uploads\/2022\/10\/p-grazalema-scaled.jpg\",\"width\":2560,\"height\":1440},{\"@type\":\"BreadcrumbList\",\"@id\":\"https:\/\/tourtravelandmore.com\/es\/tours\/espana-es\/cadiz-es\/tour-privado-cadiz-y-pueblos-blancos-desde-cadiz\/#breadcrumb\",\"itemListElement\":[{\"@type\":\"ListItem\",\"position\":1,\"name\":\"Home\",\"item\":\"https:\/\/tourtravelandmore.com\/es\/\"},{\"@type\":\"ListItem\",\"position\":2,\"name\":\"Tours\",\"item\":\"https:\/\/tourtravelandmore.com\/es\/tours\/\"},{\"@type\":\"ListItem\",\"position\":3,\"name\":\"Tour Privado de C\u00e1diz y Pueblos Blancos desde C\u00e1diz\"}]},{\"@type\":\"WebSite\",\"@id\":\"https:\/\/tourtravelandmore.com\/es\/#website\",\"url\":\"https:\/\/tourtravelandmore.com\/es\/\",\"name\":\"Tour Travel And More\",\"description\":\"Private sightseeing tours and luxury transfers in Spain\",\"publisher\":{\"@id\":\"https:\/\/tourtravelandmore.com\/es\/#organization\"},\"potentialAction\":[{\"@type\":\"SearchAction\",\"target\":{\"@type\":\"EntryPoint\",\"urlTemplate\":\"https:\/\/tourtravelandmore.com\/es\/?s={search_term_string}\"},\"query-input\":{\"@type\":\"PropertyValueSpecification\",\"valueRequired\":true,\"valueName\":\"search_term_string\"}}],\"inLanguage\":\"es\"},{\"@type\":\"Organization\",\"@id\":\"https:\/\/tourtravelandmore.com\/es\/#organization\",\"name\":\"Tour Travel And More\",\"url\":\"https:\/\/tourtravelandmore.com\/es\/\",\"logo\":{\"@type\":\"ImageObject\",\"inLanguage\":\"es\",\"@id\":\"https:\/\/tourtravelandmore.com\/es\/#\/schema\/logo\/image\/\",\"url\":\"https:\/\/tourtravelandmore.com\/wp-content\/uploads\/2022\/12\/cropped-logo-cabecera-new.png\",\"contentUrl\":\"https:\/\/tourtravelandmore.com\/wp-content\/uploads\/2022\/12\/cropped-logo-cabecera-new.png\",\"width\":430,\"height\":61,\"caption\":\"Tour Travel And More\"},\"image\":{\"@id\":\"https:\/\/tourtravelandmore.com\/es\/#\/schema\/logo\/image\/\"},\"sameAs\":[\"https:\/\/www.facebook.com\/tourtravelandmore\/\",\"https:\/\/x.com\/TourTravel_More\"]}]}<\/script>\n<!-- \/ Yoast SEO Premium plugin. -->","yoast_head_json":{"title":"\u27a1\ufe0f Private Cadiz and White Villages Tour from Cadiz | Tour Travel & More","description":"Tour privado de los Pueblos Blancos de C\u00e1diz desde C\u00e1diz. Disfrute de los monumentos y lugares m\u00e1s importantes de Andaluc\u00eda \u2705","robots":{"index":"index","follow":"follow","max-snippet":"max-snippet:-1","max-image-preview":"max-image-preview:large","max-video-preview":"max-video-preview:-1"},"canonical":"https:\/\/tourtravelandmore.com\/es\/tours\/espana-es\/cadiz-es\/tour-privado-cadiz-y-pueblos-blancos-desde-cadiz\/","og_locale":"es_ES","og_type":"article","og_title":"Tour Privado de C\u00e1diz y Pueblos Blancos desde C\u00e1diz","og_description":"Tour privado de los Pueblos Blancos de C\u00e1diz desde C\u00e1diz. Disfrute de los monumentos y lugares m\u00e1s importantes de Andaluc\u00eda \u2705","og_url":"https:\/\/tourtravelandmore.com\/es\/tours\/espana-es\/cadiz-es\/tour-privado-cadiz-y-pueblos-blancos-desde-cadiz\/","og_site_name":"Tour Travel And More","article_publisher":"https:\/\/www.facebook.com\/tourtravelandmore\/","article_modified_time":"2024-02-27T19:33:42+00:00","og_image":[{"width":2560,"height":1440,"url":"https:\/\/tourtravelandmore.com\/wp-content\/uploads\/2022\/10\/p-grazalema-scaled.jpg","type":"image\/jpeg"}],"twitter_card":"summary_large_image","twitter_site":"@TourTravel_More","twitter_misc":{"Tiempo de lectura":"3 minutos"},"schema":{"@context":"https:\/\/schema.org","@graph":[{"@type":"WebPage","@id":"https:\/\/tourtravelandmore.com\/es\/tours\/espana-es\/cadiz-es\/tour-privado-cadiz-y-pueblos-blancos-desde-cadiz\/","url":"https:\/\/tourtravelandmore.com\/es\/tours\/espana-es\/cadiz-es\/tour-privado-cadiz-y-pueblos-blancos-desde-cadiz\/","name":"\u27a1\ufe0f Private Cadiz and White Villages Tour from Cadiz | Tour Travel & More","isPartOf":{"@id":"https:\/\/tourtravelandmore.com\/es\/#website"},"primaryImageOfPage":{"@id":"https:\/\/tourtravelandmore.com\/es\/tours\/espana-es\/cadiz-es\/tour-privado-cadiz-y-pueblos-blancos-desde-cadiz\/#primaryimage"},"image":{"@id":"https:\/\/tourtravelandmore.com\/es\/tours\/espana-es\/cadiz-es\/tour-privado-cadiz-y-pueblos-blancos-desde-cadiz\/#primaryimage"},"thumbnailUrl":"https:\/\/tourtravelandmore.com\/wp-content\/uploads\/2022\/10\/p-grazalema-scaled.jpg","datePublished":"2022-10-04T12:30:59+00:00","dateModified":"2024-02-27T19:33:42+00:00","description":"Tour privado de los Pueblos Blancos de C\u00e1diz desde C\u00e1diz. Disfrute de los monumentos y lugares m\u00e1s importantes de Andaluc\u00eda \u2705","breadcrumb":{"@id":"https:\/\/tourtravelandmore.com\/es\/tours\/espana-es\/cadiz-es\/tour-privado-cadiz-y-pueblos-blancos-desde-cadiz\/#breadcrumb"},"inLanguage":"es","potentialAction":[{"@type":"ReadAction","target":["https:\/\/tourtravelandmore.com\/es\/tours\/espana-es\/cadiz-es\/tour-privado-cadiz-y-pueblos-blancos-desde-cadiz\/"]}]},{"@type":"ImageObject","inLanguage":"es","@id":"https:\/\/tourtravelandmore.com\/es\/tours\/espana-es\/cadiz-es\/tour-privado-cadiz-y-pueblos-blancos-desde-cadiz\/#primaryimage","url":"https:\/\/tourtravelandmore.com\/wp-content\/uploads\/2022\/10\/p-grazalema-scaled.jpg","contentUrl":"https:\/\/tourtravelandmore.com\/wp-content\/uploads\/2022\/10\/p-grazalema-scaled.jpg","width":2560,"height":1440},{"@type":"BreadcrumbList","@id":"https:\/\/tourtravelandmore.com\/es\/tours\/espana-es\/cadiz-es\/tour-privado-cadiz-y-pueblos-blancos-desde-cadiz\/#breadcrumb","itemListElement":[{"@type":"ListItem","position":1,"name":"Home","item":"https:\/\/tourtravelandmore.com\/es\/"},{"@type":"ListItem","position":2,"name":"Tours","item":"https:\/\/tourtravelandmore.com\/es\/tours\/"},{"@type":"ListItem","position":3,"name":"Tour Privado de C\u00e1diz y Pueblos Blancos desde C\u00e1diz"}]},{"@type":"WebSite","@id":"https:\/\/tourtravelandmore.com\/es\/#website","url":"https:\/\/tourtravelandmore.com\/es\/","name":"Tour Travel And More","description":"Private sightseeing tours and luxury transfers in Spain","publisher":{"@id":"https:\/\/tourtravelandmore.com\/es\/#organization"},"potentialAction":[{"@type":"SearchAction","target":{"@type":"EntryPoint","urlTemplate":"https:\/\/tourtravelandmore.com\/es\/?s={search_term_string}"},"query-input":{"@type":"PropertyValueSpecification","valueRequired":true,"valueName":"search_term_string"}}],"inLanguage":"es"},{"@type":"Organization","@id":"https:\/\/tourtravelandmore.com\/es\/#organization","name":"Tour Travel And More","url":"https:\/\/tourtravelandmore.com\/es\/","logo":{"@type":"ImageObject","inLanguage":"es","@id":"https:\/\/tourtravelandmore.com\/es\/#\/schema\/logo\/image\/","url":"https:\/\/tourtravelandmore.com\/wp-content\/uploads\/2022\/12\/cropped-logo-cabecera-new.png","contentUrl":"https:\/\/tourtravelandmore.com\/wp-content\/uploads\/2022\/12\/cropped-logo-cabecera-new.png","width":430,"height":61,"caption":"Tour Travel And More"},"image":{"@id":"https:\/\/tourtravelandmore.com\/es\/#\/schema\/logo\/image\/"},"sameAs":["https:\/\/www.facebook.com\/tourtravelandmore\/","https:\/\/x.com\/TourTravel_More"]}]}},"_links":{"self":[{"href":"https:\/\/tourtravelandmore.com\/es\/wp-json\/wp\/v2\/product\/139199","targetHints":{"allow":["GET"]}}],"collection":[{"href":"https:\/\/tourtravelandmore.com\/es\/wp-json\/wp\/v2\/product"}],"about":[{"href":"https:\/\/tourtravelandmore.com\/es\/wp-json\/wp\/v2\/types\/product"}],"replies":[{"embeddable":true,"href":"https:\/\/tourtravelandmore.com\/es\/wp-json\/wp\/v2\/comments?post=139199"}],"wp:featuredmedia":[{"embeddable":true,"href":"https:\/\/tourtravelandmore.com\/es\/wp-json\/wp\/v2\/media\/139233"}],"wp:attachment":[{"href":"https:\/\/tourtravelandmore.com\/es\/wp-json\/wp\/v2\/media?parent=139199"}],"wp:term":[{"taxonomy":"product_brand","embeddable":true,"href":"https:\/\/tourtravelandmore.com\/es\/wp-json\/wp\/v2\/product_brand?post=139199"},{"taxonomy":"product_cat","embeddable":true,"href":"https:\/\/tourtravelandmore.com\/es\/wp-json\/wp\/v2\/product_cat?post=139199"},{"taxonomy":"product_tag","embeddable":true,"href":"https:\/\/tourtravelandmore.com\/es\/wp-json\/wp\/v2\/product_tag?post=139199"}],"curies":[{"name":"wp","href":"https:\/\/api.w.org\/{rel}","templated":true}]}}