{"id":139099,"date":"2022-10-03T16:10:02","date_gmt":"2022-10-03T14:10:03","guid":{"rendered":"https:\/\/tourtravelandmore.com\/?post_type=product&#038;p=139099"},"modified":"2024-02-27T13:56:16","modified_gmt":"2024-02-27T12:56:16","slug":"tour-privado-jerez-de-la-frontera-y-cadiz-desde-cadiz","status":"publish","type":"product","link":"https:\/\/tourtravelandmore.com\/es\/tours\/espana-es\/cadiz-es\/tour-privado-jerez-de-la-frontera-y-cadiz-desde-cadiz\/","title":{"rendered":"Tour Privado a Jer\u00e9z de la Frontera y C\u00e1diz desde C\u00e1diz"},"content":{"rendered":"<h2><b>Descripci\u00f3n del Tour Privado Jer\u00e9z de la Frontera y C\u00e1diz desde C\u00e1diz<\/b><\/h2>\n<p><span style=\"font-weight: 400;\">Disfrute de este <strong>tour privado por Jer\u00e9z de la Frontera desde C\u00e1diz<\/strong>, con gu\u00eda oficial privado y veh\u00edculo con chofer. Descubre los rincones m\u00e1s bonitos de esta hermosa localidad.<\/span><\/p>\n<p><span style=\"font-weight: 400;\">La duraci\u00f3n del tour de <a href=\"https:\/\/www.jerez.es\/\">Jer\u00e9z de la Frontera<\/a> y C\u00e1diz desde C\u00e1diz es de 6 horas. Es completamente privado, pueden escoger la hora y lugar de recogida.<\/span><\/p>\n<p><b>Jerez de la Frontera<\/b><span style=\"font-weight: 400;\"> es mundialmente conocido por el<\/span><b> vino<\/b><span style=\"font-weight: 400;\">, el <\/span><b>flamenco<\/b><span style=\"font-weight: 400;\"> y los <\/span><b>caballos<\/b><span style=\"font-weight: 400;\">. Te invitamos a hacer un tour por las entra\u00f1as de esta ciudad para conocerla mejor, \u00a1es diversi\u00f3n asegurada!\u00a0<\/span><\/p>\n<p><span style=\"font-weight: 400;\"><strong>C\u00e1diz<\/strong> es una de las ciudades m\u00e1s antiguas y bellas de Europa, en la que adem\u00e1s se celebra uno de los m\u00e1s populares, divertidos y llamativos carnavales de Espa\u00f1a. Los viajeros no solo llegan a esta ciudad atra\u00edda por su carnaval, sino tambi\u00e9n su ambiente y sus magn\u00edficos rincones capaces de enamorar a cualquiera.<\/span><\/p>\n<p><span style=\"font-weight: 400;\">Desde <strong>Tour Travel &amp; More<\/strong> ofrecemos un servicio completamente privado, tambi\u00e9n podr\u00e1n escoger la hora y lugar de recogida.<\/span><\/p>\n<h2>Puntos de inter\u00e9s de Tour Privado Jerez\u00a0de la Frontera y C\u00e1diz desde C\u00e1diz:<\/h2>\n<p><span style=\"font-weight: 400;\">Desde Tour Travel &amp; More ofrecemos un servicio donde a la hora seleccionada, le recogeremos desde su hotel o lugar de elecci\u00f3n.\u00a0<\/span><\/p>\n<h3>Jerez de la frontera<\/h3>\n<p><span style=\"font-weight: 400;\">Nuestra primera parada ser\u00e1 el\u00a0<\/span><b>Alc\u00e1zar\u00a0de Jerez de Frontera, uno de los puntos m\u00e1s bellos de Espa\u00f1a. El Alc\u00e1zar de Jerez de la Frontera <\/b><span style=\"font-weight: 400;\">es un conjunto de edificaciones fortificadas de origen almohade que probablemente fueron construidas en el <\/span><b>siglo XII<\/b><span style=\"font-weight: 400;\">, siendo el edificio almohade m\u00e1s antiguo de la pen\u00ednsula ib\u00e9rica, al que posteriormente se a\u00f1adieron edificaciones barrocas palaciegas, y que es uno de los principales monumentos de la ciudad; Se encuentra en el \u00e1ngulo suroeste de la muralla que rodeaba a la ciudad, junto a la Alameda Vieja.<\/span><\/p>\n<p><span style=\"font-weight: 400;\">Luego de un hermoso recorrido por las calles de Jerez, iremos a la Catedral de Jerez de la Frontera.<\/span> <span style=\"font-weight: 400;\">La catedral de la Di\u00f3cesis de Asidonia-Jerez es una construcci\u00f3n del siglo XVII que a\u00fana los estilos g\u00f3tico, barroco y neocl\u00e1sico.<\/span><\/p>\n<p><span style=\"font-weight: 400;\">Continuaremos nuestro tour privado hasta llegar a la <\/span><b>Cartuja de Jerez de la Frontera, que <\/b><span style=\"font-weight: 400;\">se encuentra al sur de la ciudad. Es el conjunto monumental de mayor valor art\u00edstico de la provincia de C\u00e1diz, en Andaluc\u00eda. Su estilo arquitect\u00f3nico inicial se corresponde con el g\u00f3tico tard\u00edo y data del siglo XV<\/span><\/p>\n<p><span style=\"font-weight: 400;\">A lo largo del tour, pararemos para comer en un lugar t\u00edpico de la zona, para disfrutar de su Gastronom\u00eda.<\/span><\/p>\n<h3>C\u00e1diz<\/h3>\n<p><span style=\"font-weight: 400;\">Empezaremos por conocer el <\/span><b>Paseo Mar\u00edtimo de la ciudad, <\/b><span style=\"font-weight: 400;\">es el lugar m\u00e1s importante y bonito de la ciudad. Guarda una gran semejanza con el malec\u00f3n de La Habana.<\/span><\/p>\n<p><span style=\"font-weight: 400;\">A continuaci\u00f3n nos dirigiremos hacia el centro de la ciudad, para conocer la Plaza<\/span><b> San Juan de Dios o Plaza del ayuntamiento. <\/b><span style=\"font-weight: 400;\">En ella destacan interesantes edificios como la iglesia de <\/span><b>San Juan de Dios, la Casa de los Pazos Miranda y el Ayuntamiento<\/b><span style=\"font-weight: 400;\"> resultado de dos etapas; la primera y principal neocl\u00e1sica, iniciada en 1799 por el arquitecto <\/span><i><span style=\"font-weight: 400;\">Torcuato Benjumeda<\/span><\/i><span style=\"font-weight: 400;\">, y la segunda correspondiente al per\u00edodo isabelino, obra de <\/span><i><span style=\"font-weight: 400;\">Garc\u00eda \u00c1lamo<\/span><\/i><span style=\"font-weight: 400;\">.<\/span><\/p>\n<p><span style=\"font-weight: 400;\">Continuaremos nuestro tour por el <\/span><b>Barrio del P\u00f3pulo<\/b><span style=\"font-weight: 400;\">, el m\u00e1s antiguo de la ciudad y conoceremos los tres arcos de entrada <\/span><span style=\"font-weight: 400;\">(<\/span><b>Arco de la Rosa<\/b><span style=\"font-weight: 400;\">, <\/span><b>Arco del P\u00f3pulo<\/b><span style=\"font-weight: 400;\">, <\/span><b>Arco de los Blancos)<\/b><\/p>\n<p><span style=\"font-weight: 400;\">Seguiremos hacia el <\/span><b>Mercado central<\/b><span style=\"font-weight: 400;\">, se trata de un mercado que acoge una multitud de puestos, entre los que destacan sobre todo los de pescados y mariscos frescos. Uno de los rincones m\u00e1s importantes y peculiares que ver en C\u00e1diz.<\/span><\/p>\n<p><span style=\"font-weight: 400;\">A lo largo del tour, pararemos para comer en un lugar t\u00edpico de la zona, para disfrutar de su Gastronom\u00eda.<\/span><\/p>\n<p><span style=\"font-weight: 400;\">Si dispone de m\u00e1s d\u00edas en la ciudad de C\u00e1diz, puede consultar <\/span><a href=\"https:\/\/tourtravelandmore.com\/es\/ciudad\/espana-es\/cadiz-es\/\"><b>aqu\u00ed<\/b><\/a><span style=\"font-weight: 400;\"> el resto de nuestros tours privados.<\/span><\/p>\n","protected":false},"excerpt":{"rendered":"<p>Disfrute de este Tour Privado a Jerez de la Frontera y C\u00e1diz de C\u00e1diz, junto a su gu\u00eda privado y su veh\u00edculo con conductor.<\/p>\n","protected":false},"featured_media":139121,"comment_status":"open","ping_status":"closed","template":"","meta":{"_acf_changed":false},"product_brand":[],"product_cat":[70,71,73,72,521],"product_tag":[],"class_list":{"0":"post-139099","1":"product","2":"type-product","3":"status-publish","4":"has-post-thumbnail","6":"product_cat-cadiz-es","7":"product_cat-cadiz-actividades-es","8":"product_cat-cadiz-rutas-turisticas-privadas-es","9":"product_cat-cadiz-excursiones-es","10":"product_cat-cadiz-excursiones-privadas-cruceros-es","12":"first","13":"instock","14":"shipping-taxable","15":"purchasable","16":"product-type-simple"},"acf":[],"yoast_head":"<!-- This site is optimized with the Yoast SEO Premium plugin v25.3.1 (Yoast SEO v25.3.1) - https:\/\/yoast.com\/wordpress\/plugins\/seo\/ -->\n<title>\u27a1\ufe0f Tour Privado Jer\u00e9z de la Frontera y C\u00e1diz desde C\u00e1diz | Tour Travel &amp; More<\/title>\n<meta name=\"description\" content=\"Disfrute de este Tour Privado a Jer\u00e9z de la Frontera y C\u00e1diz desde C\u00e1diz, junto a su gu\u00eda privado y su veh\u00edculo con conductor \u2705\" \/>\n<meta name=\"robots\" content=\"index, follow, max-snippet:-1, max-image-preview:large, max-video-preview:-1\" \/>\n<link rel=\"canonical\" href=\"https:\/\/tourtravelandmore.com\/es\/tours\/espana-es\/cadiz-es\/tour-privado-jerez-de-la-frontera-y-cadiz-desde-cadiz\/\" \/>\n<meta property=\"og:locale\" content=\"es_ES\" \/>\n<meta property=\"og:type\" content=\"article\" \/>\n<meta property=\"og:title\" content=\"Tour Privado a Jer\u00e9z de la Frontera y C\u00e1diz desde C\u00e1diz\" \/>\n<meta property=\"og:description\" content=\"Disfrute de este Tour Privado a Jer\u00e9z de la Frontera y C\u00e1diz desde C\u00e1diz, junto a su gu\u00eda privado y su veh\u00edculo con conductor \u2705\" \/>\n<meta property=\"og:url\" content=\"https:\/\/tourtravelandmore.com\/es\/tours\/espana-es\/cadiz-es\/tour-privado-jerez-de-la-frontera-y-cadiz-desde-cadiz\/\" \/>\n<meta property=\"og:site_name\" content=\"Tour Travel And More\" \/>\n<meta property=\"article:publisher\" content=\"https:\/\/www.facebook.com\/tourtravelandmore\/\" \/>\n<meta property=\"article:modified_time\" content=\"2024-02-27T12:56:16+00:00\" \/>\n<meta property=\"og:image\" content=\"https:\/\/tourtravelandmore.com\/wp-content\/uploads\/2022\/10\/pexels-jordi-gamundi-domenech-8397316-scaled.jpg\" \/>\n\t<meta property=\"og:image:width\" content=\"2560\" \/>\n\t<meta property=\"og:image:height\" content=\"1702\" \/>\n\t<meta property=\"og:image:type\" content=\"image\/jpeg\" \/>\n<meta name=\"twitter:card\" content=\"summary_large_image\" \/>\n<meta name=\"twitter:site\" content=\"@TourTravel_More\" \/>\n<meta name=\"twitter:label1\" content=\"Tiempo de lectura\" \/>\n\t<meta name=\"twitter:data1\" content=\"3 minutos\" \/>\n<script type=\"application\/ld+json\" class=\"yoast-schema-graph\">{\"@context\":\"https:\/\/schema.org\",\"@graph\":[{\"@type\":\"WebPage\",\"@id\":\"https:\/\/tourtravelandmore.com\/es\/tours\/espana-es\/cadiz-es\/tour-privado-jerez-de-la-frontera-y-cadiz-desde-cadiz\/\",\"url\":\"https:\/\/tourtravelandmore.com\/es\/tours\/espana-es\/cadiz-es\/tour-privado-jerez-de-la-frontera-y-cadiz-desde-cadiz\/\",\"name\":\"\u27a1\ufe0f Tour Privado Jer\u00e9z de la Frontera y C\u00e1diz desde C\u00e1diz | Tour Travel & More\",\"isPartOf\":{\"@id\":\"https:\/\/tourtravelandmore.com\/es\/#website\"},\"primaryImageOfPage\":{\"@id\":\"https:\/\/tourtravelandmore.com\/es\/tours\/espana-es\/cadiz-es\/tour-privado-jerez-de-la-frontera-y-cadiz-desde-cadiz\/#primaryimage\"},\"image\":{\"@id\":\"https:\/\/tourtravelandmore.com\/es\/tours\/espana-es\/cadiz-es\/tour-privado-jerez-de-la-frontera-y-cadiz-desde-cadiz\/#primaryimage\"},\"thumbnailUrl\":\"https:\/\/tourtravelandmore.com\/wp-content\/uploads\/2022\/10\/pexels-jordi-gamundi-domenech-8397316-scaled.jpg\",\"datePublished\":\"2022-10-03T14:10:03+00:00\",\"dateModified\":\"2024-02-27T12:56:16+00:00\",\"description\":\"Disfrute de este Tour Privado a Jer\u00e9z de la Frontera y C\u00e1diz desde C\u00e1diz, junto a su gu\u00eda privado y su veh\u00edculo con conductor \u2705\",\"breadcrumb\":{\"@id\":\"https:\/\/tourtravelandmore.com\/es\/tours\/espana-es\/cadiz-es\/tour-privado-jerez-de-la-frontera-y-cadiz-desde-cadiz\/#breadcrumb\"},\"inLanguage\":\"es\",\"potentialAction\":[{\"@type\":\"ReadAction\",\"target\":[\"https:\/\/tourtravelandmore.com\/es\/tours\/espana-es\/cadiz-es\/tour-privado-jerez-de-la-frontera-y-cadiz-desde-cadiz\/\"]}]},{\"@type\":\"ImageObject\",\"inLanguage\":\"es\",\"@id\":\"https:\/\/tourtravelandmore.com\/es\/tours\/espana-es\/cadiz-es\/tour-privado-jerez-de-la-frontera-y-cadiz-desde-cadiz\/#primaryimage\",\"url\":\"https:\/\/tourtravelandmore.com\/wp-content\/uploads\/2022\/10\/pexels-jordi-gamundi-domenech-8397316-scaled.jpg\",\"contentUrl\":\"https:\/\/tourtravelandmore.com\/wp-content\/uploads\/2022\/10\/pexels-jordi-gamundi-domenech-8397316-scaled.jpg\",\"width\":2560,\"height\":1702},{\"@type\":\"BreadcrumbList\",\"@id\":\"https:\/\/tourtravelandmore.com\/es\/tours\/espana-es\/cadiz-es\/tour-privado-jerez-de-la-frontera-y-cadiz-desde-cadiz\/#breadcrumb\",\"itemListElement\":[{\"@type\":\"ListItem\",\"position\":1,\"name\":\"Home\",\"item\":\"https:\/\/tourtravelandmore.com\/es\/\"},{\"@type\":\"ListItem\",\"position\":2,\"name\":\"Tours\",\"item\":\"https:\/\/tourtravelandmore.com\/es\/tours\/\"},{\"@type\":\"ListItem\",\"position\":3,\"name\":\"Tour Privado a Jer\u00e9z de la Frontera y C\u00e1diz desde C\u00e1diz\"}]},{\"@type\":\"WebSite\",\"@id\":\"https:\/\/tourtravelandmore.com\/es\/#website\",\"url\":\"https:\/\/tourtravelandmore.com\/es\/\",\"name\":\"Tour Travel And More\",\"description\":\"Private sightseeing tours and luxury transfers in Spain\",\"publisher\":{\"@id\":\"https:\/\/tourtravelandmore.com\/es\/#organization\"},\"potentialAction\":[{\"@type\":\"SearchAction\",\"target\":{\"@type\":\"EntryPoint\",\"urlTemplate\":\"https:\/\/tourtravelandmore.com\/es\/?s={search_term_string}\"},\"query-input\":{\"@type\":\"PropertyValueSpecification\",\"valueRequired\":true,\"valueName\":\"search_term_string\"}}],\"inLanguage\":\"es\"},{\"@type\":\"Organization\",\"@id\":\"https:\/\/tourtravelandmore.com\/es\/#organization\",\"name\":\"Tour Travel And More\",\"url\":\"https:\/\/tourtravelandmore.com\/es\/\",\"logo\":{\"@type\":\"ImageObject\",\"inLanguage\":\"es\",\"@id\":\"https:\/\/tourtravelandmore.com\/es\/#\/schema\/logo\/image\/\",\"url\":\"https:\/\/tourtravelandmore.com\/wp-content\/uploads\/2022\/12\/cropped-logo-cabecera-new.png\",\"contentUrl\":\"https:\/\/tourtravelandmore.com\/wp-content\/uploads\/2022\/12\/cropped-logo-cabecera-new.png\",\"width\":430,\"height\":61,\"caption\":\"Tour Travel And More\"},\"image\":{\"@id\":\"https:\/\/tourtravelandmore.com\/es\/#\/schema\/logo\/image\/\"},\"sameAs\":[\"https:\/\/www.facebook.com\/tourtravelandmore\/\",\"https:\/\/x.com\/TourTravel_More\"]}]}<\/script>\n<!-- \/ Yoast SEO Premium plugin. -->","yoast_head_json":{"title":"\u27a1\ufe0f Tour Privado Jer\u00e9z de la Frontera y C\u00e1diz desde C\u00e1diz | Tour Travel & More","description":"Disfrute de este Tour Privado a Jer\u00e9z de la Frontera y C\u00e1diz desde C\u00e1diz, junto a su gu\u00eda privado y su veh\u00edculo con conductor \u2705","robots":{"index":"index","follow":"follow","max-snippet":"max-snippet:-1","max-image-preview":"max-image-preview:large","max-video-preview":"max-video-preview:-1"},"canonical":"https:\/\/tourtravelandmore.com\/es\/tours\/espana-es\/cadiz-es\/tour-privado-jerez-de-la-frontera-y-cadiz-desde-cadiz\/","og_locale":"es_ES","og_type":"article","og_title":"Tour Privado a Jer\u00e9z de la Frontera y C\u00e1diz desde C\u00e1diz","og_description":"Disfrute de este Tour Privado a Jer\u00e9z de la Frontera y C\u00e1diz desde C\u00e1diz, junto a su gu\u00eda privado y su veh\u00edculo con conductor \u2705","og_url":"https:\/\/tourtravelandmore.com\/es\/tours\/espana-es\/cadiz-es\/tour-privado-jerez-de-la-frontera-y-cadiz-desde-cadiz\/","og_site_name":"Tour Travel And More","article_publisher":"https:\/\/www.facebook.com\/tourtravelandmore\/","article_modified_time":"2024-02-27T12:56:16+00:00","og_image":[{"width":2560,"height":1702,"url":"https:\/\/tourtravelandmore.com\/wp-content\/uploads\/2022\/10\/pexels-jordi-gamundi-domenech-8397316-scaled.jpg","type":"image\/jpeg"}],"twitter_card":"summary_large_image","twitter_site":"@TourTravel_More","twitter_misc":{"Tiempo de lectura":"3 minutos"},"schema":{"@context":"https:\/\/schema.org","@graph":[{"@type":"WebPage","@id":"https:\/\/tourtravelandmore.com\/es\/tours\/espana-es\/cadiz-es\/tour-privado-jerez-de-la-frontera-y-cadiz-desde-cadiz\/","url":"https:\/\/tourtravelandmore.com\/es\/tours\/espana-es\/cadiz-es\/tour-privado-jerez-de-la-frontera-y-cadiz-desde-cadiz\/","name":"\u27a1\ufe0f Tour Privado Jer\u00e9z de la Frontera y C\u00e1diz desde C\u00e1diz | Tour Travel & More","isPartOf":{"@id":"https:\/\/tourtravelandmore.com\/es\/#website"},"primaryImageOfPage":{"@id":"https:\/\/tourtravelandmore.com\/es\/tours\/espana-es\/cadiz-es\/tour-privado-jerez-de-la-frontera-y-cadiz-desde-cadiz\/#primaryimage"},"image":{"@id":"https:\/\/tourtravelandmore.com\/es\/tours\/espana-es\/cadiz-es\/tour-privado-jerez-de-la-frontera-y-cadiz-desde-cadiz\/#primaryimage"},"thumbnailUrl":"https:\/\/tourtravelandmore.com\/wp-content\/uploads\/2022\/10\/pexels-jordi-gamundi-domenech-8397316-scaled.jpg","datePublished":"2022-10-03T14:10:03+00:00","dateModified":"2024-02-27T12:56:16+00:00","description":"Disfrute de este Tour Privado a Jer\u00e9z de la Frontera y C\u00e1diz desde C\u00e1diz, junto a su gu\u00eda privado y su veh\u00edculo con conductor \u2705","breadcrumb":{"@id":"https:\/\/tourtravelandmore.com\/es\/tours\/espana-es\/cadiz-es\/tour-privado-jerez-de-la-frontera-y-cadiz-desde-cadiz\/#breadcrumb"},"inLanguage":"es","potentialAction":[{"@type":"ReadAction","target":["https:\/\/tourtravelandmore.com\/es\/tours\/espana-es\/cadiz-es\/tour-privado-jerez-de-la-frontera-y-cadiz-desde-cadiz\/"]}]},{"@type":"ImageObject","inLanguage":"es","@id":"https:\/\/tourtravelandmore.com\/es\/tours\/espana-es\/cadiz-es\/tour-privado-jerez-de-la-frontera-y-cadiz-desde-cadiz\/#primaryimage","url":"https:\/\/tourtravelandmore.com\/wp-content\/uploads\/2022\/10\/pexels-jordi-gamundi-domenech-8397316-scaled.jpg","contentUrl":"https:\/\/tourtravelandmore.com\/wp-content\/uploads\/2022\/10\/pexels-jordi-gamundi-domenech-8397316-scaled.jpg","width":2560,"height":1702},{"@type":"BreadcrumbList","@id":"https:\/\/tourtravelandmore.com\/es\/tours\/espana-es\/cadiz-es\/tour-privado-jerez-de-la-frontera-y-cadiz-desde-cadiz\/#breadcrumb","itemListElement":[{"@type":"ListItem","position":1,"name":"Home","item":"https:\/\/tourtravelandmore.com\/es\/"},{"@type":"ListItem","position":2,"name":"Tours","item":"https:\/\/tourtravelandmore.com\/es\/tours\/"},{"@type":"ListItem","position":3,"name":"Tour Privado a Jer\u00e9z de la Frontera y C\u00e1diz desde C\u00e1diz"}]},{"@type":"WebSite","@id":"https:\/\/tourtravelandmore.com\/es\/#website","url":"https:\/\/tourtravelandmore.com\/es\/","name":"Tour Travel And More","description":"Private sightseeing tours and luxury transfers in Spain","publisher":{"@id":"https:\/\/tourtravelandmore.com\/es\/#organization"},"potentialAction":[{"@type":"SearchAction","target":{"@type":"EntryPoint","urlTemplate":"https:\/\/tourtravelandmore.com\/es\/?s={search_term_string}"},"query-input":{"@type":"PropertyValueSpecification","valueRequired":true,"valueName":"search_term_string"}}],"inLanguage":"es"},{"@type":"Organization","@id":"https:\/\/tourtravelandmore.com\/es\/#organization","name":"Tour Travel And More","url":"https:\/\/tourtravelandmore.com\/es\/","logo":{"@type":"ImageObject","inLanguage":"es","@id":"https:\/\/tourtravelandmore.com\/es\/#\/schema\/logo\/image\/","url":"https:\/\/tourtravelandmore.com\/wp-content\/uploads\/2022\/12\/cropped-logo-cabecera-new.png","contentUrl":"https:\/\/tourtravelandmore.com\/wp-content\/uploads\/2022\/12\/cropped-logo-cabecera-new.png","width":430,"height":61,"caption":"Tour Travel And More"},"image":{"@id":"https:\/\/tourtravelandmore.com\/es\/#\/schema\/logo\/image\/"},"sameAs":["https:\/\/www.facebook.com\/tourtravelandmore\/","https:\/\/x.com\/TourTravel_More"]}]}},"_links":{"self":[{"href":"https:\/\/tourtravelandmore.com\/es\/wp-json\/wp\/v2\/product\/139099","targetHints":{"allow":["GET"]}}],"collection":[{"href":"https:\/\/tourtravelandmore.com\/es\/wp-json\/wp\/v2\/product"}],"about":[{"href":"https:\/\/tourtravelandmore.com\/es\/wp-json\/wp\/v2\/types\/product"}],"replies":[{"embeddable":true,"href":"https:\/\/tourtravelandmore.com\/es\/wp-json\/wp\/v2\/comments?post=139099"}],"wp:featuredmedia":[{"embeddable":true,"href":"https:\/\/tourtravelandmore.com\/es\/wp-json\/wp\/v2\/media\/139121"}],"wp:attachment":[{"href":"https:\/\/tourtravelandmore.com\/es\/wp-json\/wp\/v2\/media?parent=139099"}],"wp:term":[{"taxonomy":"product_brand","embeddable":true,"href":"https:\/\/tourtravelandmore.com\/es\/wp-json\/wp\/v2\/product_brand?post=139099"},{"taxonomy":"product_cat","embeddable":true,"href":"https:\/\/tourtravelandmore.com\/es\/wp-json\/wp\/v2\/product_cat?post=139099"},{"taxonomy":"product_tag","embeddable":true,"href":"https:\/\/tourtravelandmore.com\/es\/wp-json\/wp\/v2\/product_tag?post=139099"}],"curies":[{"name":"wp","href":"https:\/\/api.w.org\/{rel}","templated":true}]}}