{"id":138768,"date":"2022-09-30T14:40:27","date_gmt":"2022-09-30T12:40:29","guid":{"rendered":"https:\/\/tourtravelandmore.com\/?post_type=product&#038;p=138768"},"modified":"2024-02-27T15:29:05","modified_gmt":"2024-02-27T14:29:05","slug":"tour-privado-a-ronda-y-setenil-de-las-bodegas-desde-cadiz","status":"publish","type":"product","link":"https:\/\/tourtravelandmore.com\/es\/tours\/espana-es\/cadiz-es\/tour-privado-a-ronda-y-setenil-de-las-bodegas-desde-cadiz\/","title":{"rendered":"Tour privado a Ronda y Setenil de las Bodegas desde C\u00e1diz"},"content":{"rendered":"<h2><b>Descripci\u00f3n del Tour privado a Ronda y Setenil de las Bodegas desde C\u00e1diz<\/b><\/h2>\n<p><span style=\"font-weight: 400;\">Disfrute de este<\/span><b> tour privado a Ronda y Setenil de las Bodegas desde C\u00e1diz<\/b><span style=\"font-weight: 400;\">, junto a su gu\u00eda privado y su veh\u00edculo con conductor.<\/span><\/p>\n<p><span style=\"font-weight: 400;\">El conductor privado os recoger\u00e1 desde su hotel en C\u00e1diz y nuestro gu\u00eda oficial privado os esperar\u00e1 en Ronda para hacer un recorrido de 4 horas. Una vez finalicemos el tour disfrutar\u00e1n de tiempo libre para comer y pasear.<\/span><\/p>\n<p><span style=\"font-weight: 400;\">Si est\u00e1 en otra localidad de Andaluc\u00eda, tambi\u00e9n podemos recogerlos desde cualquier ciudad, ya que operamos en toda Andaluc\u00eda.<\/span><\/p>\n<p><span style=\"font-weight: 400;\">La duraci\u00f3n total del tour Ronda desde C\u00e1diz son 10 horas.<\/span><\/p>\n<p><span style=\"font-weight: 400;\">Desde Tour Travel &amp; More ofrecemos un servicio completamente privado, tambi\u00e9n podr\u00e1n escoger la hora y lugar de recogida.<\/span><\/p>\n<h2>Puntos de inter\u00e9s de <b>tour privado a Ronda y Se<\/b><b>tenil de las Bodegas desde C\u00e1diz<\/b>:<\/h2>\n<p><strong>Setenil de las Bodegas<\/strong> es un municipio espa\u00f1ol de la provincia de C\u00e1diz, Andaluc\u00eda. Su trama urbana est\u00e1 declarada Conjunto Hist\u00f3rico, cuyo centro est\u00e1 encajado en el desfiladero que forma el r\u00edo Trejo a su paso por la localidad.<\/p>\n<p>Durante su visita privada, podr\u00e1 ver, entre otros monumentos, los siguientes<\/p>\n<ul>\n<li><strong>Calle Cuevas del Sol.<\/strong><\/li>\n<li><strong>Calle Cuevas de la Sombra.<\/strong><\/li>\n<li><strong>Mirador del Carmen.<\/strong><\/li>\n<li><strong>Plaza de Andaluc\u00eda.<\/strong><\/li>\n<li><strong>Mirador del Liz\u00f3n.<\/strong><\/li>\n<li><strong>Iglesia de Nuestra Se\u00f1ora de la Encarnaci\u00f3n.<\/strong><\/li>\n<\/ul>\n<p><span style=\"font-weight: 400;\">Ubicada en medio de la colina del Tajo, <strong>Ronda<\/strong> fue construida en el Siglo 1 AC por el emperador romano Julio Cesar, luego conquistada por los moros en el Siglo 8 DC.<\/span><\/p>\n<p><span style=\"font-weight: 400;\">Hoy en d\u00eda es la tercera ciudad m\u00e1s visitada de Andaluc\u00eda. Disfrutar\u00e1n de conocer esta magn\u00edfica ciudad junto a un gu\u00eda oficial privado, quien estar\u00e1 a su disposici\u00f3n por 4 horas en Ronda.<\/span><\/p>\n<p><span style=\"font-weight: 400;\">Durante el Siglo XVII fue construido un puente que une la antigua ciudad \u00e1rabe con la nueva ciudad de Ronda. Durante vuestro tour privado, podr\u00e9is ver entre otros monumentos, los siguientes:<\/span><\/p>\n<ul>\n<li style=\"font-weight: 400;\" aria-level=\"1\"><span style=\"font-weight: 400;\">Tres puentes de Ronda: <\/span><b>Puente Romano, Puente Viejo y Puente Nuevo<\/b><\/li>\n<li style=\"font-weight: 400;\" aria-level=\"1\"><span style=\"font-weight: 400;\">Ayuntamiento<\/span><\/li>\n<li style=\"font-weight: 400;\" aria-level=\"1\"><b>La Plaza de Toros<\/b><span style=\"font-weight: 400;\"> (Ronda es reconocida como la ciudad moderna en materia de corrida de toros. Entrada a la plaza de toros incluida en el precio del tour)<\/span><\/li>\n<li style=\"font-weight: 400;\" aria-level=\"1\"><b>Ruinas de Acinipo<\/b><span style=\"font-weight: 400;\"> (ubicadas a tan solo 20 km de Ronda, era el sitio de mayor producci\u00f3n de vino del imperio romano, el vino producido all\u00ed era exportado a Roma)<\/span><\/li>\n<li style=\"font-weight: 400;\" aria-level=\"1\"><b>Casa Don Bosco<\/b><span style=\"font-weight: 400;\"> (casa modernista construida a comienzos del siglo XX, con detalles \u00e1rabes y regionales de cer\u00e1mica, desde donde se puede disfrutar una vista panor\u00e1mica fascinante. Entrada incluida en el precio del tour)<\/span><\/li>\n<li style=\"font-weight: 400;\" aria-level=\"1\"><b>Ba\u00f1os \u00c1rabes<\/b><\/li>\n<li style=\"font-weight: 400;\" aria-level=\"1\"><b>\u00a1Mucho m\u00e1s!<\/b><\/li>\n<\/ul>\n<p><span style=\"font-weight: 400;\">Podr\u00e9is disfrutar de Ronda en todo su esplendor y conocer\u00e9is lo m\u00e1s emblem\u00e1tico de la ciudad.<\/span><\/p>\n<p><span style=\"font-weight: 400;\">Pod\u00e9is consultar nuestro listado de <a href=\"https:\/\/tourtravelandmore.com\/city\/spain\/cadiz-en\/\">tours privados de C\u00e1diz<\/a> para realizar m\u00e1s tours desde C\u00e1diz si dispone de tiempo.<\/span><\/p>\n","protected":false},"excerpt":{"rendered":"<p>Disfrute de este Tour Privado a Ronda y Setenil de las Bodegas desde C\u00e1diz, junto a su gu\u00eda privado y su veh\u00edculo con conductor.<\/p>\n","protected":false},"featured_media":138784,"comment_status":"open","ping_status":"closed","template":"","meta":{"_acf_changed":false},"product_brand":[],"product_cat":[70,71,73,72,521],"product_tag":[],"class_list":{"0":"post-138768","1":"product","2":"type-product","3":"status-publish","4":"has-post-thumbnail","6":"product_cat-cadiz-es","7":"product_cat-cadiz-actividades-es","8":"product_cat-cadiz-rutas-turisticas-privadas-es","9":"product_cat-cadiz-excursiones-es","10":"product_cat-cadiz-excursiones-privadas-cruceros-es","12":"first","13":"instock","14":"shipping-taxable","15":"purchasable","16":"product-type-simple"},"acf":[],"yoast_head":"<!-- This site is optimized with the Yoast SEO Premium plugin v25.3.1 (Yoast SEO v25.3.1) - https:\/\/yoast.com\/wordpress\/plugins\/seo\/ -->\n<title>\u27a1\ufe0f Tour privado a Ronda y Setenil de las Bodegas desde C\u00e1diz | Tour Travel &amp; More<\/title>\n<meta name=\"description\" content=\"Disfrute de este Tour Privado a Ronda y Setenil de las Bodegas desde C\u00e1diz, junto a su gu\u00eda privado y su veh\u00edculo con conductor \u2705\" \/>\n<meta name=\"robots\" content=\"index, follow, max-snippet:-1, max-image-preview:large, max-video-preview:-1\" \/>\n<link rel=\"canonical\" href=\"https:\/\/tourtravelandmore.com\/es\/tours\/espana-es\/cadiz-es\/tour-privado-a-ronda-y-setenil-de-las-bodegas-desde-cadiz\/\" \/>\n<meta property=\"og:locale\" content=\"es_ES\" \/>\n<meta property=\"og:type\" content=\"article\" \/>\n<meta property=\"og:title\" content=\"Tour privado a Ronda y Setenil de las Bodegas desde C\u00e1diz\" \/>\n<meta property=\"og:description\" content=\"Disfrute de este Tour Privado a Ronda y Setenil de las Bodegas desde C\u00e1diz, junto a su gu\u00eda privado y su veh\u00edculo con conductor \u2705\" \/>\n<meta property=\"og:url\" content=\"https:\/\/tourtravelandmore.com\/es\/tours\/espana-es\/cadiz-es\/tour-privado-a-ronda-y-setenil-de-las-bodegas-desde-cadiz\/\" \/>\n<meta property=\"og:site_name\" content=\"Tour Travel And More\" \/>\n<meta property=\"article:publisher\" content=\"https:\/\/www.facebook.com\/tourtravelandmore\/\" \/>\n<meta property=\"article:modified_time\" content=\"2024-02-27T14:29:05+00:00\" \/>\n<meta property=\"og:image\" content=\"https:\/\/tourtravelandmore.com\/wp-content\/uploads\/2022\/09\/pexels-javier-gonzalez-11825615-scaled.jpg\" \/>\n\t<meta property=\"og:image:width\" content=\"2560\" \/>\n\t<meta property=\"og:image:height\" content=\"1707\" \/>\n\t<meta property=\"og:image:type\" content=\"image\/jpeg\" \/>\n<meta name=\"twitter:card\" content=\"summary_large_image\" \/>\n<meta name=\"twitter:site\" content=\"@TourTravel_More\" \/>\n<meta name=\"twitter:label1\" content=\"Tiempo de lectura\" \/>\n\t<meta name=\"twitter:data1\" content=\"2 minutos\" \/>\n<script type=\"application\/ld+json\" class=\"yoast-schema-graph\">{\"@context\":\"https:\/\/schema.org\",\"@graph\":[{\"@type\":\"WebPage\",\"@id\":\"https:\/\/tourtravelandmore.com\/es\/tours\/espana-es\/cadiz-es\/tour-privado-a-ronda-y-setenil-de-las-bodegas-desde-cadiz\/\",\"url\":\"https:\/\/tourtravelandmore.com\/es\/tours\/espana-es\/cadiz-es\/tour-privado-a-ronda-y-setenil-de-las-bodegas-desde-cadiz\/\",\"name\":\"\u27a1\ufe0f Tour privado a Ronda y Setenil de las Bodegas desde C\u00e1diz | Tour Travel & More\",\"isPartOf\":{\"@id\":\"https:\/\/tourtravelandmore.com\/es\/#website\"},\"primaryImageOfPage\":{\"@id\":\"https:\/\/tourtravelandmore.com\/es\/tours\/espana-es\/cadiz-es\/tour-privado-a-ronda-y-setenil-de-las-bodegas-desde-cadiz\/#primaryimage\"},\"image\":{\"@id\":\"https:\/\/tourtravelandmore.com\/es\/tours\/espana-es\/cadiz-es\/tour-privado-a-ronda-y-setenil-de-las-bodegas-desde-cadiz\/#primaryimage\"},\"thumbnailUrl\":\"https:\/\/tourtravelandmore.com\/wp-content\/uploads\/2022\/09\/pexels-javier-gonzalez-11825615-scaled.jpg\",\"datePublished\":\"2022-09-30T12:40:29+00:00\",\"dateModified\":\"2024-02-27T14:29:05+00:00\",\"description\":\"Disfrute de este Tour Privado a Ronda y Setenil de las Bodegas desde C\u00e1diz, junto a su gu\u00eda privado y su veh\u00edculo con conductor \u2705\",\"breadcrumb\":{\"@id\":\"https:\/\/tourtravelandmore.com\/es\/tours\/espana-es\/cadiz-es\/tour-privado-a-ronda-y-setenil-de-las-bodegas-desde-cadiz\/#breadcrumb\"},\"inLanguage\":\"es\",\"potentialAction\":[{\"@type\":\"ReadAction\",\"target\":[\"https:\/\/tourtravelandmore.com\/es\/tours\/espana-es\/cadiz-es\/tour-privado-a-ronda-y-setenil-de-las-bodegas-desde-cadiz\/\"]}]},{\"@type\":\"ImageObject\",\"inLanguage\":\"es\",\"@id\":\"https:\/\/tourtravelandmore.com\/es\/tours\/espana-es\/cadiz-es\/tour-privado-a-ronda-y-setenil-de-las-bodegas-desde-cadiz\/#primaryimage\",\"url\":\"https:\/\/tourtravelandmore.com\/wp-content\/uploads\/2022\/09\/pexels-javier-gonzalez-11825615-scaled.jpg\",\"contentUrl\":\"https:\/\/tourtravelandmore.com\/wp-content\/uploads\/2022\/09\/pexels-javier-gonzalez-11825615-scaled.jpg\",\"width\":2560,\"height\":1707,\"caption\":\"Tour privado a Ronda y Setenil de las Bodegas desde M\u00e1laga\"},{\"@type\":\"BreadcrumbList\",\"@id\":\"https:\/\/tourtravelandmore.com\/es\/tours\/espana-es\/cadiz-es\/tour-privado-a-ronda-y-setenil-de-las-bodegas-desde-cadiz\/#breadcrumb\",\"itemListElement\":[{\"@type\":\"ListItem\",\"position\":1,\"name\":\"Home\",\"item\":\"https:\/\/tourtravelandmore.com\/es\/\"},{\"@type\":\"ListItem\",\"position\":2,\"name\":\"Tours\",\"item\":\"https:\/\/tourtravelandmore.com\/es\/tours\/\"},{\"@type\":\"ListItem\",\"position\":3,\"name\":\"Tour privado a Ronda y Setenil de las Bodegas desde C\u00e1diz\"}]},{\"@type\":\"WebSite\",\"@id\":\"https:\/\/tourtravelandmore.com\/es\/#website\",\"url\":\"https:\/\/tourtravelandmore.com\/es\/\",\"name\":\"Tour Travel And More\",\"description\":\"Private sightseeing tours and luxury transfers in Spain\",\"publisher\":{\"@id\":\"https:\/\/tourtravelandmore.com\/es\/#organization\"},\"potentialAction\":[{\"@type\":\"SearchAction\",\"target\":{\"@type\":\"EntryPoint\",\"urlTemplate\":\"https:\/\/tourtravelandmore.com\/es\/?s={search_term_string}\"},\"query-input\":{\"@type\":\"PropertyValueSpecification\",\"valueRequired\":true,\"valueName\":\"search_term_string\"}}],\"inLanguage\":\"es\"},{\"@type\":\"Organization\",\"@id\":\"https:\/\/tourtravelandmore.com\/es\/#organization\",\"name\":\"Tour Travel And More\",\"url\":\"https:\/\/tourtravelandmore.com\/es\/\",\"logo\":{\"@type\":\"ImageObject\",\"inLanguage\":\"es\",\"@id\":\"https:\/\/tourtravelandmore.com\/es\/#\/schema\/logo\/image\/\",\"url\":\"https:\/\/tourtravelandmore.com\/wp-content\/uploads\/2022\/12\/cropped-logo-cabecera-new.png\",\"contentUrl\":\"https:\/\/tourtravelandmore.com\/wp-content\/uploads\/2022\/12\/cropped-logo-cabecera-new.png\",\"width\":430,\"height\":61,\"caption\":\"Tour Travel And More\"},\"image\":{\"@id\":\"https:\/\/tourtravelandmore.com\/es\/#\/schema\/logo\/image\/\"},\"sameAs\":[\"https:\/\/www.facebook.com\/tourtravelandmore\/\",\"https:\/\/x.com\/TourTravel_More\"]}]}<\/script>\n<!-- \/ Yoast SEO Premium plugin. -->","yoast_head_json":{"title":"\u27a1\ufe0f Tour privado a Ronda y Setenil de las Bodegas desde C\u00e1diz | Tour Travel & More","description":"Disfrute de este Tour Privado a Ronda y Setenil de las Bodegas desde C\u00e1diz, junto a su gu\u00eda privado y su veh\u00edculo con conductor \u2705","robots":{"index":"index","follow":"follow","max-snippet":"max-snippet:-1","max-image-preview":"max-image-preview:large","max-video-preview":"max-video-preview:-1"},"canonical":"https:\/\/tourtravelandmore.com\/es\/tours\/espana-es\/cadiz-es\/tour-privado-a-ronda-y-setenil-de-las-bodegas-desde-cadiz\/","og_locale":"es_ES","og_type":"article","og_title":"Tour privado a Ronda y Setenil de las Bodegas desde C\u00e1diz","og_description":"Disfrute de este Tour Privado a Ronda y Setenil de las Bodegas desde C\u00e1diz, junto a su gu\u00eda privado y su veh\u00edculo con conductor \u2705","og_url":"https:\/\/tourtravelandmore.com\/es\/tours\/espana-es\/cadiz-es\/tour-privado-a-ronda-y-setenil-de-las-bodegas-desde-cadiz\/","og_site_name":"Tour Travel And More","article_publisher":"https:\/\/www.facebook.com\/tourtravelandmore\/","article_modified_time":"2024-02-27T14:29:05+00:00","og_image":[{"width":2560,"height":1707,"url":"https:\/\/tourtravelandmore.com\/wp-content\/uploads\/2022\/09\/pexels-javier-gonzalez-11825615-scaled.jpg","type":"image\/jpeg"}],"twitter_card":"summary_large_image","twitter_site":"@TourTravel_More","twitter_misc":{"Tiempo de lectura":"2 minutos"},"schema":{"@context":"https:\/\/schema.org","@graph":[{"@type":"WebPage","@id":"https:\/\/tourtravelandmore.com\/es\/tours\/espana-es\/cadiz-es\/tour-privado-a-ronda-y-setenil-de-las-bodegas-desde-cadiz\/","url":"https:\/\/tourtravelandmore.com\/es\/tours\/espana-es\/cadiz-es\/tour-privado-a-ronda-y-setenil-de-las-bodegas-desde-cadiz\/","name":"\u27a1\ufe0f Tour privado a Ronda y Setenil de las Bodegas desde C\u00e1diz | Tour Travel & More","isPartOf":{"@id":"https:\/\/tourtravelandmore.com\/es\/#website"},"primaryImageOfPage":{"@id":"https:\/\/tourtravelandmore.com\/es\/tours\/espana-es\/cadiz-es\/tour-privado-a-ronda-y-setenil-de-las-bodegas-desde-cadiz\/#primaryimage"},"image":{"@id":"https:\/\/tourtravelandmore.com\/es\/tours\/espana-es\/cadiz-es\/tour-privado-a-ronda-y-setenil-de-las-bodegas-desde-cadiz\/#primaryimage"},"thumbnailUrl":"https:\/\/tourtravelandmore.com\/wp-content\/uploads\/2022\/09\/pexels-javier-gonzalez-11825615-scaled.jpg","datePublished":"2022-09-30T12:40:29+00:00","dateModified":"2024-02-27T14:29:05+00:00","description":"Disfrute de este Tour Privado a Ronda y Setenil de las Bodegas desde C\u00e1diz, junto a su gu\u00eda privado y su veh\u00edculo con conductor \u2705","breadcrumb":{"@id":"https:\/\/tourtravelandmore.com\/es\/tours\/espana-es\/cadiz-es\/tour-privado-a-ronda-y-setenil-de-las-bodegas-desde-cadiz\/#breadcrumb"},"inLanguage":"es","potentialAction":[{"@type":"ReadAction","target":["https:\/\/tourtravelandmore.com\/es\/tours\/espana-es\/cadiz-es\/tour-privado-a-ronda-y-setenil-de-las-bodegas-desde-cadiz\/"]}]},{"@type":"ImageObject","inLanguage":"es","@id":"https:\/\/tourtravelandmore.com\/es\/tours\/espana-es\/cadiz-es\/tour-privado-a-ronda-y-setenil-de-las-bodegas-desde-cadiz\/#primaryimage","url":"https:\/\/tourtravelandmore.com\/wp-content\/uploads\/2022\/09\/pexels-javier-gonzalez-11825615-scaled.jpg","contentUrl":"https:\/\/tourtravelandmore.com\/wp-content\/uploads\/2022\/09\/pexels-javier-gonzalez-11825615-scaled.jpg","width":2560,"height":1707,"caption":"Tour privado a Ronda y Setenil de las Bodegas desde M\u00e1laga"},{"@type":"BreadcrumbList","@id":"https:\/\/tourtravelandmore.com\/es\/tours\/espana-es\/cadiz-es\/tour-privado-a-ronda-y-setenil-de-las-bodegas-desde-cadiz\/#breadcrumb","itemListElement":[{"@type":"ListItem","position":1,"name":"Home","item":"https:\/\/tourtravelandmore.com\/es\/"},{"@type":"ListItem","position":2,"name":"Tours","item":"https:\/\/tourtravelandmore.com\/es\/tours\/"},{"@type":"ListItem","position":3,"name":"Tour privado a Ronda y Setenil de las Bodegas desde C\u00e1diz"}]},{"@type":"WebSite","@id":"https:\/\/tourtravelandmore.com\/es\/#website","url":"https:\/\/tourtravelandmore.com\/es\/","name":"Tour Travel And More","description":"Private sightseeing tours and luxury transfers in Spain","publisher":{"@id":"https:\/\/tourtravelandmore.com\/es\/#organization"},"potentialAction":[{"@type":"SearchAction","target":{"@type":"EntryPoint","urlTemplate":"https:\/\/tourtravelandmore.com\/es\/?s={search_term_string}"},"query-input":{"@type":"PropertyValueSpecification","valueRequired":true,"valueName":"search_term_string"}}],"inLanguage":"es"},{"@type":"Organization","@id":"https:\/\/tourtravelandmore.com\/es\/#organization","name":"Tour Travel And More","url":"https:\/\/tourtravelandmore.com\/es\/","logo":{"@type":"ImageObject","inLanguage":"es","@id":"https:\/\/tourtravelandmore.com\/es\/#\/schema\/logo\/image\/","url":"https:\/\/tourtravelandmore.com\/wp-content\/uploads\/2022\/12\/cropped-logo-cabecera-new.png","contentUrl":"https:\/\/tourtravelandmore.com\/wp-content\/uploads\/2022\/12\/cropped-logo-cabecera-new.png","width":430,"height":61,"caption":"Tour Travel And More"},"image":{"@id":"https:\/\/tourtravelandmore.com\/es\/#\/schema\/logo\/image\/"},"sameAs":["https:\/\/www.facebook.com\/tourtravelandmore\/","https:\/\/x.com\/TourTravel_More"]}]}},"_links":{"self":[{"href":"https:\/\/tourtravelandmore.com\/es\/wp-json\/wp\/v2\/product\/138768","targetHints":{"allow":["GET"]}}],"collection":[{"href":"https:\/\/tourtravelandmore.com\/es\/wp-json\/wp\/v2\/product"}],"about":[{"href":"https:\/\/tourtravelandmore.com\/es\/wp-json\/wp\/v2\/types\/product"}],"replies":[{"embeddable":true,"href":"https:\/\/tourtravelandmore.com\/es\/wp-json\/wp\/v2\/comments?post=138768"}],"wp:featuredmedia":[{"embeddable":true,"href":"https:\/\/tourtravelandmore.com\/es\/wp-json\/wp\/v2\/media\/138784"}],"wp:attachment":[{"href":"https:\/\/tourtravelandmore.com\/es\/wp-json\/wp\/v2\/media?parent=138768"}],"wp:term":[{"taxonomy":"product_brand","embeddable":true,"href":"https:\/\/tourtravelandmore.com\/es\/wp-json\/wp\/v2\/product_brand?post=138768"},{"taxonomy":"product_cat","embeddable":true,"href":"https:\/\/tourtravelandmore.com\/es\/wp-json\/wp\/v2\/product_cat?post=138768"},{"taxonomy":"product_tag","embeddable":true,"href":"https:\/\/tourtravelandmore.com\/es\/wp-json\/wp\/v2\/product_tag?post=138768"}],"curies":[{"name":"wp","href":"https:\/\/api.w.org\/{rel}","templated":true}]}}