{"id":138461,"date":"2022-09-27T17:30:38","date_gmt":"2022-09-27T15:30:39","guid":{"rendered":"https:\/\/tourtravelandmore.com\/?post_type=product&#038;p=138461"},"modified":"2024-02-27T20:30:56","modified_gmt":"2024-02-27T19:30:56","slug":"tour-privado-de-gibraltar-desde-cadiz","status":"publish","type":"product","link":"https:\/\/tourtravelandmore.com\/es\/tours\/espana-es\/cadiz-es\/tour-privado-de-gibraltar-desde-cadiz\/","title":{"rendered":"Tour Privado de Gibraltar desde Cadiz"},"content":{"rendered":"<h2>Descripci\u00f3n<\/h2>\n<p>El Tour a Gibraltar desde C\u00e1diz es con gu\u00eda y veh\u00edculo privado, le permitir\u00e1 conocer una ciudad y una colonia brit\u00e1nica a pocos kil\u00f3metros de Espa\u00f1a.<\/p>\n<p>Si est\u00e1s en otra ciudad de Andaluc\u00eda, aqu\u00ed encontrar\u00e1s todos los tours por Espa\u00f1a para ir donde quieras.<br \/>\nEsta peque\u00f1a ciudad brit\u00e1nica se encuentra dentro de la Pen\u00ednsula Ib\u00e9rica, si est\u00e1 en C\u00e1diz merece la pena planificar una visita a la ciudad.<\/p>\n<p>Su situaci\u00f3n estrat\u00e9gica a las puertas del Mediterr\u00e1neo, su famoso pe\u00f1\u00f3n, su gobierno brit\u00e1nico, su idioma conocido como llanito (mezcla de ingl\u00e9s y espa\u00f1ol) y su arquitectura brit\u00e1nica en plena Andaluc\u00eda, hacen de Gibraltar un lugar \u00fanico.<\/p>\n<p>Habr\u00e1 un traslado desde el hotel de su elecci\u00f3n en C\u00e1diz hasta la frontera en Gibraltar, al otro lado le recoger\u00e1 un conductor\/gu\u00eda para realizar una visita guiada de una hora y media por la parte alta del Pe\u00f1\u00f3n. Al final de la excursi\u00f3n, el conductor le dejar\u00e1 en el centro de Gibraltar y podr\u00e1 ver el hermoso centro de la ciudad de Gibraltar. En la frontera, su conductor le estar\u00e1 esperando para trasladarle de vuelta al hotel de su elecci\u00f3n en C\u00e1diz.<\/p>\n<p>Nuestros veh\u00edculos no pueden entrar en la ciudad de Gibraltar, ya que son pa\u00edses diferentes. Nuestro conductor nos esperar\u00e1 en un parking autorizado y desde all\u00ed tomaremos un autob\u00fas que nos dejar\u00e1 en el centro de la ciudad en 10 minutos para recorrer las principales calles y la ciudad con nuestro gu\u00eda oficial privado.<\/p>\n<p>El tour tiene una duraci\u00f3n de 10 horas y es totalmente privado. Desde Tour Travel &amp; More ofrecemos un servicio donde usted puede elegir la hora y el lugar de inicio.<\/p>\n<h2>Puntos de inter\u00e9s<\/h2>\n<p>Su conductor privado le recoger\u00e1 en su hotel o lugar de elecci\u00f3n en C\u00e1diz y le llevar\u00e1 hacia la frontera de Gibraltar. Le dejar\u00e1 en el lado espa\u00f1ol y tendr\u00e1 que cruzar la frontera a pie. Una vez en el lado gibraltare\u00f1o, se reunir\u00e1 con su conductor\/gu\u00eda privado para realizar un recorrido de 1 hora y 30 minutos por la parte alta del Pe\u00f1\u00f3n.<\/p>\n<p>Nada m\u00e1s cruzar la frontera tendr\u00e1 la sensaci\u00f3n de estar en una peque\u00f1a ciudad londinense con sus t\u00edpicos buzones de correos, autobuses y cabinas telef\u00f3nicas.<\/p>\n<p>Desde el centro veremos el Pe\u00f1\u00f3n de Gibraltar, antiguamente conocido como una de las Columnas de H\u00e9rcules, s\u00edmbolo que a\u00fan aparece a ambos lados del escudo espa\u00f1ol. En la antig\u00fcedad, las Columnas de H\u00e9rcules eran conocidas como el fin del mundo. En los \u00faltimos siglos, la roca ha sido bien conocida por su importante posici\u00f3n estrat\u00e9gica.<\/p>\n<p>Al final de la excursi\u00f3n, su conductor\/gu\u00eda le dejar\u00e1 en el centro de Gibraltar para que pueda ver el hermoso centro de la ciudad, pasear, comer algo y hacer algunas compras.<\/p>\n<p>Despu\u00e9s, coger\u00e1 el transporte p\u00fablico hasta la frontera (en caso de que lo prefiera, podemos organizar un traslado privado hasta la frontera) y la cruzar\u00e1 a pie. Justo al otro lado, su conductor privado le estar\u00e1 esperando para llevarle de vuelta a su hotel en C\u00e1diz.<\/p>\n<p>Este es un Tour Privado de C\u00e1diz a Gibraltar completamente personalizado y \u00fanico para usted y su grupo.<\/p>\n<p><span style=\"font-weight: 400;\">Si desea organizar otro tour privado desde C\u00e1diz, puede consultar el listado de<a href=\"https:\/\/tourtravelandmore.com\/city\/spain\/cadiz-en\/\"> tours privados de C\u00e1diz.<\/a><\/span><\/p>\n","protected":false},"excerpt":{"rendered":"<p>Disfrute de este tour privado y personalizable de Gibraltar desde Cadiz. Durante este tour privado con su gu\u00eda oficial privado y su veh\u00edculo de lujo con chofer, disfrute de los monumentos y zonas m\u00e1s emblem\u00e1ticas de Gibraltar y Punta de Europa en lo alto del Pe\u00f1on de Gibraltar.<\/p>\n","protected":false},"featured_media":1061,"comment_status":"open","ping_status":"closed","template":"","meta":{"_acf_changed":false},"product_brand":[],"product_cat":[70,71,73,72,521],"product_tag":[],"class_list":{"0":"post-138461","1":"product","2":"type-product","3":"status-publish","4":"has-post-thumbnail","6":"product_cat-cadiz-es","7":"product_cat-cadiz-actividades-es","8":"product_cat-cadiz-rutas-turisticas-privadas-es","9":"product_cat-cadiz-excursiones-es","10":"product_cat-cadiz-excursiones-privadas-cruceros-es","12":"first","13":"instock","14":"shipping-taxable","15":"purchasable","16":"product-type-simple"},"acf":[],"yoast_head":"<!-- This site is optimized with the Yoast SEO Premium plugin v25.3.1 (Yoast SEO v25.3.1) - https:\/\/yoast.com\/wordpress\/plugins\/seo\/ -->\n<title>\u27a1\ufe0f Tour a Gibraltar desde Cadiz | Tour Travel &amp; More<\/title>\n<meta name=\"description\" content=\"Gracias a este tour a Gibraltar desde Cadiz, conoceras una ciudad \u00fanica y las fabulosas vistas del Pe\u00f1on. Gracias a este tour privado con guia y vehiculo \u2705\" \/>\n<meta name=\"robots\" content=\"index, follow, max-snippet:-1, max-image-preview:large, max-video-preview:-1\" \/>\n<link rel=\"canonical\" href=\"https:\/\/tourtravelandmore.com\/es\/tours\/espana-es\/cadiz-es\/tour-privado-de-gibraltar-desde-cadiz\/\" \/>\n<meta property=\"og:locale\" content=\"es_ES\" \/>\n<meta property=\"og:type\" content=\"article\" \/>\n<meta property=\"og:title\" content=\"Tour Privado de Gibraltar desde Cadiz\" \/>\n<meta property=\"og:description\" content=\"Gracias a este tour a Gibraltar desde Cadiz, conoceras una ciudad \u00fanica y las fabulosas vistas del Pe\u00f1on. Gracias a este tour privado con guia y vehiculo \u2705\" \/>\n<meta property=\"og:url\" content=\"https:\/\/tourtravelandmore.com\/es\/tours\/espana-es\/cadiz-es\/tour-privado-de-gibraltar-desde-cadiz\/\" \/>\n<meta property=\"og:site_name\" content=\"Tour Travel And More\" \/>\n<meta property=\"article:publisher\" content=\"https:\/\/www.facebook.com\/tourtravelandmore\/\" \/>\n<meta property=\"article:modified_time\" content=\"2024-02-27T19:30:56+00:00\" \/>\n<meta property=\"og:image\" content=\"https:\/\/tourtravelandmore.com\/wp-content\/uploads\/2016\/05\/portada86.jpg\" \/>\n\t<meta property=\"og:image:width\" content=\"1605\" \/>\n\t<meta property=\"og:image:height\" content=\"642\" \/>\n\t<meta property=\"og:image:type\" content=\"image\/jpeg\" \/>\n<meta name=\"twitter:card\" content=\"summary_large_image\" \/>\n<meta name=\"twitter:site\" content=\"@TourTravel_More\" \/>\n<meta name=\"twitter:label1\" content=\"Tiempo de lectura\" \/>\n\t<meta name=\"twitter:data1\" content=\"3 minutos\" \/>\n<script type=\"application\/ld+json\" class=\"yoast-schema-graph\">{\"@context\":\"https:\/\/schema.org\",\"@graph\":[{\"@type\":\"WebPage\",\"@id\":\"https:\/\/tourtravelandmore.com\/es\/tours\/espana-es\/cadiz-es\/tour-privado-de-gibraltar-desde-cadiz\/\",\"url\":\"https:\/\/tourtravelandmore.com\/es\/tours\/espana-es\/cadiz-es\/tour-privado-de-gibraltar-desde-cadiz\/\",\"name\":\"\u27a1\ufe0f Tour a Gibraltar desde Cadiz | Tour Travel & More\",\"isPartOf\":{\"@id\":\"https:\/\/tourtravelandmore.com\/es\/#website\"},\"primaryImageOfPage\":{\"@id\":\"https:\/\/tourtravelandmore.com\/es\/tours\/espana-es\/cadiz-es\/tour-privado-de-gibraltar-desde-cadiz\/#primaryimage\"},\"image\":{\"@id\":\"https:\/\/tourtravelandmore.com\/es\/tours\/espana-es\/cadiz-es\/tour-privado-de-gibraltar-desde-cadiz\/#primaryimage\"},\"thumbnailUrl\":\"https:\/\/tourtravelandmore.com\/wp-content\/uploads\/2016\/05\/portada86.jpg\",\"datePublished\":\"2022-09-27T15:30:39+00:00\",\"dateModified\":\"2024-02-27T19:30:56+00:00\",\"description\":\"Gracias a este tour a Gibraltar desde Cadiz, conoceras una ciudad \u00fanica y las fabulosas vistas del Pe\u00f1on. Gracias a este tour privado con guia y vehiculo \u2705\",\"breadcrumb\":{\"@id\":\"https:\/\/tourtravelandmore.com\/es\/tours\/espana-es\/cadiz-es\/tour-privado-de-gibraltar-desde-cadiz\/#breadcrumb\"},\"inLanguage\":\"es\",\"potentialAction\":[{\"@type\":\"ReadAction\",\"target\":[\"https:\/\/tourtravelandmore.com\/es\/tours\/espana-es\/cadiz-es\/tour-privado-de-gibraltar-desde-cadiz\/\"]}]},{\"@type\":\"ImageObject\",\"inLanguage\":\"es\",\"@id\":\"https:\/\/tourtravelandmore.com\/es\/tours\/espana-es\/cadiz-es\/tour-privado-de-gibraltar-desde-cadiz\/#primaryimage\",\"url\":\"https:\/\/tourtravelandmore.com\/wp-content\/uploads\/2016\/05\/portada86.jpg\",\"contentUrl\":\"https:\/\/tourtravelandmore.com\/wp-content\/uploads\/2016\/05\/portada86.jpg\",\"width\":1605,\"height\":642},{\"@type\":\"BreadcrumbList\",\"@id\":\"https:\/\/tourtravelandmore.com\/es\/tours\/espana-es\/cadiz-es\/tour-privado-de-gibraltar-desde-cadiz\/#breadcrumb\",\"itemListElement\":[{\"@type\":\"ListItem\",\"position\":1,\"name\":\"Home\",\"item\":\"https:\/\/tourtravelandmore.com\/es\/\"},{\"@type\":\"ListItem\",\"position\":2,\"name\":\"Tours\",\"item\":\"https:\/\/tourtravelandmore.com\/es\/tours\/\"},{\"@type\":\"ListItem\",\"position\":3,\"name\":\"Tour Privado de Gibraltar desde Cadiz\"}]},{\"@type\":\"WebSite\",\"@id\":\"https:\/\/tourtravelandmore.com\/es\/#website\",\"url\":\"https:\/\/tourtravelandmore.com\/es\/\",\"name\":\"Tour Travel And More\",\"description\":\"Private sightseeing tours and luxury transfers in Spain\",\"publisher\":{\"@id\":\"https:\/\/tourtravelandmore.com\/es\/#organization\"},\"potentialAction\":[{\"@type\":\"SearchAction\",\"target\":{\"@type\":\"EntryPoint\",\"urlTemplate\":\"https:\/\/tourtravelandmore.com\/es\/?s={search_term_string}\"},\"query-input\":{\"@type\":\"PropertyValueSpecification\",\"valueRequired\":true,\"valueName\":\"search_term_string\"}}],\"inLanguage\":\"es\"},{\"@type\":\"Organization\",\"@id\":\"https:\/\/tourtravelandmore.com\/es\/#organization\",\"name\":\"Tour Travel And More\",\"url\":\"https:\/\/tourtravelandmore.com\/es\/\",\"logo\":{\"@type\":\"ImageObject\",\"inLanguage\":\"es\",\"@id\":\"https:\/\/tourtravelandmore.com\/es\/#\/schema\/logo\/image\/\",\"url\":\"https:\/\/tourtravelandmore.com\/wp-content\/uploads\/2022\/12\/cropped-logo-cabecera-new.png\",\"contentUrl\":\"https:\/\/tourtravelandmore.com\/wp-content\/uploads\/2022\/12\/cropped-logo-cabecera-new.png\",\"width\":430,\"height\":61,\"caption\":\"Tour Travel And More\"},\"image\":{\"@id\":\"https:\/\/tourtravelandmore.com\/es\/#\/schema\/logo\/image\/\"},\"sameAs\":[\"https:\/\/www.facebook.com\/tourtravelandmore\/\",\"https:\/\/x.com\/TourTravel_More\"]}]}<\/script>\n<!-- \/ Yoast SEO Premium plugin. -->","yoast_head_json":{"title":"\u27a1\ufe0f Tour a Gibraltar desde Cadiz | Tour Travel & More","description":"Gracias a este tour a Gibraltar desde Cadiz, conoceras una ciudad \u00fanica y las fabulosas vistas del Pe\u00f1on. Gracias a este tour privado con guia y vehiculo \u2705","robots":{"index":"index","follow":"follow","max-snippet":"max-snippet:-1","max-image-preview":"max-image-preview:large","max-video-preview":"max-video-preview:-1"},"canonical":"https:\/\/tourtravelandmore.com\/es\/tours\/espana-es\/cadiz-es\/tour-privado-de-gibraltar-desde-cadiz\/","og_locale":"es_ES","og_type":"article","og_title":"Tour Privado de Gibraltar desde Cadiz","og_description":"Gracias a este tour a Gibraltar desde Cadiz, conoceras una ciudad \u00fanica y las fabulosas vistas del Pe\u00f1on. Gracias a este tour privado con guia y vehiculo \u2705","og_url":"https:\/\/tourtravelandmore.com\/es\/tours\/espana-es\/cadiz-es\/tour-privado-de-gibraltar-desde-cadiz\/","og_site_name":"Tour Travel And More","article_publisher":"https:\/\/www.facebook.com\/tourtravelandmore\/","article_modified_time":"2024-02-27T19:30:56+00:00","og_image":[{"width":1605,"height":642,"url":"https:\/\/tourtravelandmore.com\/wp-content\/uploads\/2016\/05\/portada86.jpg","type":"image\/jpeg"}],"twitter_card":"summary_large_image","twitter_site":"@TourTravel_More","twitter_misc":{"Tiempo de lectura":"3 minutos"},"schema":{"@context":"https:\/\/schema.org","@graph":[{"@type":"WebPage","@id":"https:\/\/tourtravelandmore.com\/es\/tours\/espana-es\/cadiz-es\/tour-privado-de-gibraltar-desde-cadiz\/","url":"https:\/\/tourtravelandmore.com\/es\/tours\/espana-es\/cadiz-es\/tour-privado-de-gibraltar-desde-cadiz\/","name":"\u27a1\ufe0f Tour a Gibraltar desde Cadiz | Tour Travel & More","isPartOf":{"@id":"https:\/\/tourtravelandmore.com\/es\/#website"},"primaryImageOfPage":{"@id":"https:\/\/tourtravelandmore.com\/es\/tours\/espana-es\/cadiz-es\/tour-privado-de-gibraltar-desde-cadiz\/#primaryimage"},"image":{"@id":"https:\/\/tourtravelandmore.com\/es\/tours\/espana-es\/cadiz-es\/tour-privado-de-gibraltar-desde-cadiz\/#primaryimage"},"thumbnailUrl":"https:\/\/tourtravelandmore.com\/wp-content\/uploads\/2016\/05\/portada86.jpg","datePublished":"2022-09-27T15:30:39+00:00","dateModified":"2024-02-27T19:30:56+00:00","description":"Gracias a este tour a Gibraltar desde Cadiz, conoceras una ciudad \u00fanica y las fabulosas vistas del Pe\u00f1on. Gracias a este tour privado con guia y vehiculo \u2705","breadcrumb":{"@id":"https:\/\/tourtravelandmore.com\/es\/tours\/espana-es\/cadiz-es\/tour-privado-de-gibraltar-desde-cadiz\/#breadcrumb"},"inLanguage":"es","potentialAction":[{"@type":"ReadAction","target":["https:\/\/tourtravelandmore.com\/es\/tours\/espana-es\/cadiz-es\/tour-privado-de-gibraltar-desde-cadiz\/"]}]},{"@type":"ImageObject","inLanguage":"es","@id":"https:\/\/tourtravelandmore.com\/es\/tours\/espana-es\/cadiz-es\/tour-privado-de-gibraltar-desde-cadiz\/#primaryimage","url":"https:\/\/tourtravelandmore.com\/wp-content\/uploads\/2016\/05\/portada86.jpg","contentUrl":"https:\/\/tourtravelandmore.com\/wp-content\/uploads\/2016\/05\/portada86.jpg","width":1605,"height":642},{"@type":"BreadcrumbList","@id":"https:\/\/tourtravelandmore.com\/es\/tours\/espana-es\/cadiz-es\/tour-privado-de-gibraltar-desde-cadiz\/#breadcrumb","itemListElement":[{"@type":"ListItem","position":1,"name":"Home","item":"https:\/\/tourtravelandmore.com\/es\/"},{"@type":"ListItem","position":2,"name":"Tours","item":"https:\/\/tourtravelandmore.com\/es\/tours\/"},{"@type":"ListItem","position":3,"name":"Tour Privado de Gibraltar desde Cadiz"}]},{"@type":"WebSite","@id":"https:\/\/tourtravelandmore.com\/es\/#website","url":"https:\/\/tourtravelandmore.com\/es\/","name":"Tour Travel And More","description":"Private sightseeing tours and luxury transfers in Spain","publisher":{"@id":"https:\/\/tourtravelandmore.com\/es\/#organization"},"potentialAction":[{"@type":"SearchAction","target":{"@type":"EntryPoint","urlTemplate":"https:\/\/tourtravelandmore.com\/es\/?s={search_term_string}"},"query-input":{"@type":"PropertyValueSpecification","valueRequired":true,"valueName":"search_term_string"}}],"inLanguage":"es"},{"@type":"Organization","@id":"https:\/\/tourtravelandmore.com\/es\/#organization","name":"Tour Travel And More","url":"https:\/\/tourtravelandmore.com\/es\/","logo":{"@type":"ImageObject","inLanguage":"es","@id":"https:\/\/tourtravelandmore.com\/es\/#\/schema\/logo\/image\/","url":"https:\/\/tourtravelandmore.com\/wp-content\/uploads\/2022\/12\/cropped-logo-cabecera-new.png","contentUrl":"https:\/\/tourtravelandmore.com\/wp-content\/uploads\/2022\/12\/cropped-logo-cabecera-new.png","width":430,"height":61,"caption":"Tour Travel And More"},"image":{"@id":"https:\/\/tourtravelandmore.com\/es\/#\/schema\/logo\/image\/"},"sameAs":["https:\/\/www.facebook.com\/tourtravelandmore\/","https:\/\/x.com\/TourTravel_More"]}]}},"_links":{"self":[{"href":"https:\/\/tourtravelandmore.com\/es\/wp-json\/wp\/v2\/product\/138461","targetHints":{"allow":["GET"]}}],"collection":[{"href":"https:\/\/tourtravelandmore.com\/es\/wp-json\/wp\/v2\/product"}],"about":[{"href":"https:\/\/tourtravelandmore.com\/es\/wp-json\/wp\/v2\/types\/product"}],"replies":[{"embeddable":true,"href":"https:\/\/tourtravelandmore.com\/es\/wp-json\/wp\/v2\/comments?post=138461"}],"wp:featuredmedia":[{"embeddable":true,"href":"https:\/\/tourtravelandmore.com\/es\/wp-json\/wp\/v2\/media\/1061"}],"wp:attachment":[{"href":"https:\/\/tourtravelandmore.com\/es\/wp-json\/wp\/v2\/media?parent=138461"}],"wp:term":[{"taxonomy":"product_brand","embeddable":true,"href":"https:\/\/tourtravelandmore.com\/es\/wp-json\/wp\/v2\/product_brand?post=138461"},{"taxonomy":"product_cat","embeddable":true,"href":"https:\/\/tourtravelandmore.com\/es\/wp-json\/wp\/v2\/product_cat?post=138461"},{"taxonomy":"product_tag","embeddable":true,"href":"https:\/\/tourtravelandmore.com\/es\/wp-json\/wp\/v2\/product_tag?post=138461"}],"curies":[{"name":"wp","href":"https:\/\/api.w.org\/{rel}","templated":true}]}}